{"id":212121,"date":"2022-09-21T00:00:00","date_gmt":"2022-09-20T22:00:00","guid":{"rendered":"http:\/\/guerssen.hl1097.dinaserver.com\/product\/percussioni-in-crescendo\/"},"modified":"2024-03-01T14:08:51","modified_gmt":"2024-03-01T13:08:51","slug":"percussioni-in-crescendo","status":"publish","type":"product","link":"https:\/\/wpguerssen-test.odoo.rgbconsulting.com\/es\/producto\/percussioni-in-crescendo\/","title":{"rendered":"Percussioni in Crescendo"},"content":{"rendered":"<p>Lanzado originalmente en 1971 como LR18 en el sello Leo Records.<br \/>Giuliano Sorgini es uno de los compositores italianos m\u00e1s misteriosos: casi nada se sabe sobre su vida, a pesar de que su nombre est\u00e1 vinculado a docenas de lanzamientos, muchos de los cuales se consideran muy relevantes en el campo de la m\u00fasica de libreria. \u00abPercussioni in Crescendo\u00bb es un disco realmente variado y mel\u00f3dico, suspendido entre el jazz-rock y el lounge, la bossa nova y el funk, con alg\u00fan que otro teclado minimalista que evoca atm\u00f3sferas ex\u00f3ticas.<\/p>\n","protected":false},"excerpt":{"rendered":"<p>Lanzado originalmente en 1971 como LR18 en el sello Leo Records.<br \/>Giuliano Sorgini es uno de los compositores italianos m\u00e1s misteriosos: casi nada se sabe sobre<a class=\"read\" href=\"https:\/\/wpguerssen-test.odoo.rgbconsulting.com\/es\/producto\/percussioni-in-crescendo\/\"> (...)<\/a>","protected":false},"featured_media":215365,"template":"","meta":{"_acf_changed":false},"product_brand":[],"product_cat":[21641],"product_tag":[],"class_list":{"0":"post-212121","1":"product","2":"type-product","3":"status-publish","4":"has-post-thumbnail","6":"product_cat-soundtracks-es","7":"pa_artist-sorgini-giuliano-es","8":"pa_format-lp-es","9":"pa_gender-soundtracks","10":"pa_label-vinyl-magic","11":"pa_location-europe-es","12":"pa_other-filters-vinyl-only-es","14":"first","15":"instock","16":"taxable","17":"shipping-taxable","18":"purchasable","19":"product-type-simple"},"acf":[],"yoast_head":"<!-- This site is optimized with the Yoast SEO plugin v24.9 - https:\/\/yoast.com\/wordpress\/plugins\/seo\/ -->\n<title>SORGINI, Giuliano - Percussioni in Crescendo -  (LP) | Guerssen<\/title>\n<meta name=\"description\" content=\"Originally released in 1971 as LR18 on Leo Records label.Giuliano Sorgini is one of the most mysterious Italian composers: almost nothing is known about his life, despite his name being linked to dozens of releases, many of which regarded as highly relevant in the library music field. &quot;Percussioni in Crescendo&quot; is a really varied and melodic record, suspended between jazz-rock and lounge, bossa nova and funk, with occasional minimal keyboards evoking exotic atmospheres.\" \/>\n<meta name=\"robots\" content=\"index, follow, max-snippet:-1, max-image-preview:large, max-video-preview:-1\" \/>\n<link rel=\"canonical\" href=\"https:\/\/wpguerssen-test.odoo.rgbconsulting.com\/es\/producto\/percussioni-in-crescendo\/\" \/>\n<meta property=\"og:locale\" content=\"es_ES\" \/>\n<meta property=\"og:type\" content=\"article\" \/>\n<meta property=\"og:title\" content=\"SORGINI, Giuliano - Percussioni in Crescendo -  (LP) | Guerssen\" \/>\n<meta property=\"og:description\" content=\"Originally released in 1971 as LR18 on Leo Records label.Giuliano Sorgini is one of the most mysterious Italian composers: almost nothing is known about his life, despite his name being linked to dozens of releases, many of which regarded as highly relevant in the library music field. &quot;Percussioni in Crescendo&quot; is a really varied and melodic record, suspended between jazz-rock and lounge, bossa nova and funk, with occasional minimal keyboards evoking exotic atmospheres.\" \/>\n<meta property=\"og:url\" content=\"https:\/\/wpguerssen-test.odoo.rgbconsulting.com\/es\/producto\/percussioni-in-crescendo\/\" \/>\n<meta property=\"og:site_name\" content=\"Guerssen records\" \/>\n<meta property=\"article:modified_time\" content=\"2024-03-01T13:08:51+00:00\" \/>\n<meta property=\"og:image\" content=\"https:\/\/wpguerssen-test.odoo.rgbconsulting.com\/wp-content\/uploads\/2022\/07\/41359.jpg\" \/>\n\t<meta property=\"og:image:width\" content=\"478\" \/>\n\t<meta property=\"og:image:height\" content=\"478\" \/>\n\t<meta property=\"og:image:type\" content=\"image\/jpeg\" \/>\n<meta name=\"twitter:card\" content=\"summary_large_image\" \/>\n<meta name=\"twitter:title\" content=\"SORGINI, Giuliano - Percussioni in Crescendo -  (LP) | Guerssen\" \/>\n<script type=\"application\/ld+json\" class=\"yoast-schema-graph\">{\"@context\":\"https:\/\/schema.org\",\"@graph\":[{\"@type\":\"WebPage\",\"@id\":\"https:\/\/wpguerssen-test.odoo.rgbconsulting.com\/es\/producto\/percussioni-in-crescendo\/\",\"url\":\"https:\/\/wpguerssen-test.odoo.rgbconsulting.com\/es\/producto\/percussioni-in-crescendo\/\",\"name\":\"SORGINI, Giuliano - Percussioni in Crescendo - (LP) | Guerssen\",\"isPartOf\":{\"@id\":\"https:\/\/wpguerssen-test.odoo.rgbconsulting.com\/es\/#website\"},\"primaryImageOfPage\":{\"@id\":\"https:\/\/wpguerssen-test.odoo.rgbconsulting.com\/es\/producto\/percussioni-in-crescendo\/#primaryimage\"},\"image\":{\"@id\":\"https:\/\/wpguerssen-test.odoo.rgbconsulting.com\/es\/producto\/percussioni-in-crescendo\/#primaryimage\"},\"thumbnailUrl\":\"https:\/\/wpguerssen-test.odoo.rgbconsulting.com\/wp-content\/uploads\/2022\/07\/41359.jpg\",\"datePublished\":\"2022-09-20T22:00:00+00:00\",\"dateModified\":\"2024-03-01T13:08:51+00:00\",\"description\":\"Originally released in 1971 as LR18 on Leo Records label.Giuliano Sorgini is one of the most mysterious Italian composers: almost nothing is known about his life, despite his name being linked to dozens of releases, many of which regarded as highly relevant in the library music field. \\\"Percussioni in Crescendo\\\" is a really varied and melodic record, suspended between jazz-rock and lounge, bossa nova and funk, with occasional minimal keyboards evoking exotic atmospheres.\",\"breadcrumb\":{\"@id\":\"https:\/\/wpguerssen-test.odoo.rgbconsulting.com\/es\/producto\/percussioni-in-crescendo\/#breadcrumb\"},\"inLanguage\":\"es\",\"potentialAction\":[{\"@type\":\"ReadAction\",\"target\":[\"https:\/\/wpguerssen-test.odoo.rgbconsulting.com\/es\/producto\/percussioni-in-crescendo\/\"]}]},{\"@type\":\"ImageObject\",\"inLanguage\":\"es\",\"@id\":\"https:\/\/wpguerssen-test.odoo.rgbconsulting.com\/es\/producto\/percussioni-in-crescendo\/#primaryimage\",\"url\":\"https:\/\/wpguerssen-test.odoo.rgbconsulting.com\/wp-content\/uploads\/2022\/07\/41359.jpg\",\"contentUrl\":\"https:\/\/wpguerssen-test.odoo.rgbconsulting.com\/wp-content\/uploads\/2022\/07\/41359.jpg\",\"width\":478,\"height\":478,\"caption\":\"Giuliano - Percussioni in Crescendo - VINYL MAGIC (LP) | Guerssen\"},{\"@type\":\"BreadcrumbList\",\"@id\":\"https:\/\/wpguerssen-test.odoo.rgbconsulting.com\/es\/producto\/percussioni-in-crescendo\/#breadcrumb\",\"itemListElement\":[{\"@type\":\"ListItem\",\"position\":1,\"name\":\"Inicio\",\"item\":\"https:\/\/wpguerssen-test.odoo.rgbconsulting.com\/es\/\"},{\"@type\":\"ListItem\",\"position\":2,\"name\":\"Shop\",\"item\":\"https:\/\/wpguerssen-test.odoo.rgbconsulting.com\/shop\/\"},{\"@type\":\"ListItem\",\"position\":3,\"name\":\"Percussioni in Crescendo\"}]},{\"@type\":\"WebSite\",\"@id\":\"https:\/\/wpguerssen-test.odoo.rgbconsulting.com\/es\/#website\",\"url\":\"https:\/\/wpguerssen-test.odoo.rgbconsulting.com\/es\/\",\"name\":\"Guerssen records\",\"description\":\"psychedelia - progressive - folk - garage \",\"publisher\":{\"@id\":\"https:\/\/wpguerssen-test.odoo.rgbconsulting.com\/es\/#organization\"},\"potentialAction\":[{\"@type\":\"SearchAction\",\"target\":{\"@type\":\"EntryPoint\",\"urlTemplate\":\"https:\/\/wpguerssen-test.odoo.rgbconsulting.com\/es\/?s={search_term_string}\"},\"query-input\":{\"@type\":\"PropertyValueSpecification\",\"valueRequired\":true,\"valueName\":\"search_term_string\"}}],\"inLanguage\":\"es\"},{\"@type\":\"Organization\",\"@id\":\"https:\/\/wpguerssen-test.odoo.rgbconsulting.com\/es\/#organization\",\"name\":\"Guerssen records\",\"url\":\"https:\/\/wpguerssen-test.odoo.rgbconsulting.com\/es\/\",\"logo\":{\"@type\":\"ImageObject\",\"inLanguage\":\"es\",\"@id\":\"https:\/\/wpguerssen-test.odoo.rgbconsulting.com\/es\/#\/schema\/logo\/image\/\",\"url\":\"https:\/\/wpguerssen-test.odoo.rgbconsulting.com\/wp-content\/uploads\/2022\/04\/Logo_Guerssen_trans_100.png\",\"contentUrl\":\"https:\/\/wpguerssen-test.odoo.rgbconsulting.com\/wp-content\/uploads\/2022\/04\/Logo_Guerssen_trans_100.png\",\"width\":122,\"height\":100,\"caption\":\"Guerssen records\"},\"image\":{\"@id\":\"https:\/\/wpguerssen-test.odoo.rgbconsulting.com\/es\/#\/schema\/logo\/image\/\"}}]}<\/script>\n<!-- \/ Yoast SEO plugin. -->","yoast_head_json":{"title":"SORGINI, Giuliano - Percussioni in Crescendo -  (LP) | Guerssen","description":"Originally released in 1971 as LR18 on Leo Records label.Giuliano Sorgini is one of the most mysterious Italian composers: almost nothing is known about his life, despite his name being linked to dozens of releases, many of which regarded as highly relevant in the library music field. \"Percussioni in Crescendo\" is a really varied and melodic record, suspended between jazz-rock and lounge, bossa nova and funk, with occasional minimal keyboards evoking exotic atmospheres.","robots":{"index":"index","follow":"follow","max-snippet":"max-snippet:-1","max-image-preview":"max-image-preview:large","max-video-preview":"max-video-preview:-1"},"canonical":"https:\/\/wpguerssen-test.odoo.rgbconsulting.com\/es\/producto\/percussioni-in-crescendo\/","og_locale":"es_ES","og_type":"article","og_title":"SORGINI, Giuliano - Percussioni in Crescendo -  (LP) | Guerssen","og_description":"Originally released in 1971 as LR18 on Leo Records label.Giuliano Sorgini is one of the most mysterious Italian composers: almost nothing is known about his life, despite his name being linked to dozens of releases, many of which regarded as highly relevant in the library music field. \"Percussioni in Crescendo\" is a really varied and melodic record, suspended between jazz-rock and lounge, bossa nova and funk, with occasional minimal keyboards evoking exotic atmospheres.","og_url":"https:\/\/wpguerssen-test.odoo.rgbconsulting.com\/es\/producto\/percussioni-in-crescendo\/","og_site_name":"Guerssen records","article_modified_time":"2024-03-01T13:08:51+00:00","og_image":[{"width":478,"height":478,"url":"https:\/\/wpguerssen-test.odoo.rgbconsulting.com\/wp-content\/uploads\/2022\/07\/41359.jpg","type":"image\/jpeg"}],"twitter_card":"summary_large_image","twitter_title":"SORGINI, Giuliano - Percussioni in Crescendo -  (LP) | Guerssen","schema":{"@context":"https:\/\/schema.org","@graph":[{"@type":"WebPage","@id":"https:\/\/wpguerssen-test.odoo.rgbconsulting.com\/es\/producto\/percussioni-in-crescendo\/","url":"https:\/\/wpguerssen-test.odoo.rgbconsulting.com\/es\/producto\/percussioni-in-crescendo\/","name":"SORGINI, Giuliano - Percussioni in Crescendo - (LP) | Guerssen","isPartOf":{"@id":"https:\/\/wpguerssen-test.odoo.rgbconsulting.com\/es\/#website"},"primaryImageOfPage":{"@id":"https:\/\/wpguerssen-test.odoo.rgbconsulting.com\/es\/producto\/percussioni-in-crescendo\/#primaryimage"},"image":{"@id":"https:\/\/wpguerssen-test.odoo.rgbconsulting.com\/es\/producto\/percussioni-in-crescendo\/#primaryimage"},"thumbnailUrl":"https:\/\/wpguerssen-test.odoo.rgbconsulting.com\/wp-content\/uploads\/2022\/07\/41359.jpg","datePublished":"2022-09-20T22:00:00+00:00","dateModified":"2024-03-01T13:08:51+00:00","description":"Originally released in 1971 as LR18 on Leo Records label.Giuliano Sorgini is one of the most mysterious Italian composers: almost nothing is known about his life, despite his name being linked to dozens of releases, many of which regarded as highly relevant in the library music field. \"Percussioni in Crescendo\" is a really varied and melodic record, suspended between jazz-rock and lounge, bossa nova and funk, with occasional minimal keyboards evoking exotic atmospheres.","breadcrumb":{"@id":"https:\/\/wpguerssen-test.odoo.rgbconsulting.com\/es\/producto\/percussioni-in-crescendo\/#breadcrumb"},"inLanguage":"es","potentialAction":[{"@type":"ReadAction","target":["https:\/\/wpguerssen-test.odoo.rgbconsulting.com\/es\/producto\/percussioni-in-crescendo\/"]}]},{"@type":"ImageObject","inLanguage":"es","@id":"https:\/\/wpguerssen-test.odoo.rgbconsulting.com\/es\/producto\/percussioni-in-crescendo\/#primaryimage","url":"https:\/\/wpguerssen-test.odoo.rgbconsulting.com\/wp-content\/uploads\/2022\/07\/41359.jpg","contentUrl":"https:\/\/wpguerssen-test.odoo.rgbconsulting.com\/wp-content\/uploads\/2022\/07\/41359.jpg","width":478,"height":478,"caption":"Giuliano - Percussioni in Crescendo - VINYL MAGIC (LP) | Guerssen"},{"@type":"BreadcrumbList","@id":"https:\/\/wpguerssen-test.odoo.rgbconsulting.com\/es\/producto\/percussioni-in-crescendo\/#breadcrumb","itemListElement":[{"@type":"ListItem","position":1,"name":"Inicio","item":"https:\/\/wpguerssen-test.odoo.rgbconsulting.com\/es\/"},{"@type":"ListItem","position":2,"name":"Shop","item":"https:\/\/wpguerssen-test.odoo.rgbconsulting.com\/shop\/"},{"@type":"ListItem","position":3,"name":"Percussioni in Crescendo"}]},{"@type":"WebSite","@id":"https:\/\/wpguerssen-test.odoo.rgbconsulting.com\/es\/#website","url":"https:\/\/wpguerssen-test.odoo.rgbconsulting.com\/es\/","name":"Guerssen records","description":"psychedelia - progressive - folk - garage ","publisher":{"@id":"https:\/\/wpguerssen-test.odoo.rgbconsulting.com\/es\/#organization"},"potentialAction":[{"@type":"SearchAction","target":{"@type":"EntryPoint","urlTemplate":"https:\/\/wpguerssen-test.odoo.rgbconsulting.com\/es\/?s={search_term_string}"},"query-input":{"@type":"PropertyValueSpecification","valueRequired":true,"valueName":"search_term_string"}}],"inLanguage":"es"},{"@type":"Organization","@id":"https:\/\/wpguerssen-test.odoo.rgbconsulting.com\/es\/#organization","name":"Guerssen records","url":"https:\/\/wpguerssen-test.odoo.rgbconsulting.com\/es\/","logo":{"@type":"ImageObject","inLanguage":"es","@id":"https:\/\/wpguerssen-test.odoo.rgbconsulting.com\/es\/#\/schema\/logo\/image\/","url":"https:\/\/wpguerssen-test.odoo.rgbconsulting.com\/wp-content\/uploads\/2022\/04\/Logo_Guerssen_trans_100.png","contentUrl":"https:\/\/wpguerssen-test.odoo.rgbconsulting.com\/wp-content\/uploads\/2022\/04\/Logo_Guerssen_trans_100.png","width":122,"height":100,"caption":"Guerssen records"},"image":{"@id":"https:\/\/wpguerssen-test.odoo.rgbconsulting.com\/es\/#\/schema\/logo\/image\/"}}]}},"_links":{"self":[{"href":"https:\/\/wpguerssen-test.odoo.rgbconsulting.com\/es\/wp-json\/wp\/v2\/product\/212121","targetHints":{"allow":["GET"]}}],"collection":[{"href":"https:\/\/wpguerssen-test.odoo.rgbconsulting.com\/es\/wp-json\/wp\/v2\/product"}],"about":[{"href":"https:\/\/wpguerssen-test.odoo.rgbconsulting.com\/es\/wp-json\/wp\/v2\/types\/product"}],"wp:featuredmedia":[{"embeddable":true,"href":"https:\/\/wpguerssen-test.odoo.rgbconsulting.com\/es\/wp-json\/wp\/v2\/media\/215365"}],"wp:attachment":[{"href":"https:\/\/wpguerssen-test.odoo.rgbconsulting.com\/es\/wp-json\/wp\/v2\/media?parent=212121"}],"wp:term":[{"taxonomy":"product_brand","embeddable":true,"href":"https:\/\/wpguerssen-test.odoo.rgbconsulting.com\/es\/wp-json\/wp\/v2\/product_brand?post=212121"},{"taxonomy":"product_cat","embeddable":true,"href":"https:\/\/wpguerssen-test.odoo.rgbconsulting.com\/es\/wp-json\/wp\/v2\/product_cat?post=212121"},{"taxonomy":"product_tag","embeddable":true,"href":"https:\/\/wpguerssen-test.odoo.rgbconsulting.com\/es\/wp-json\/wp\/v2\/product_tag?post=212121"}],"curies":[{"name":"wp","href":"https:\/\/api.w.org\/{rel}","templated":true}]}}