{"id":212126,"date":"2025-02-19T00:00:00","date_gmt":"2025-02-18T23:00:00","guid":{"rendered":"http:\/\/guerssen.hl1097.dinaserver.com\/product\/scolopendra-transparent\/"},"modified":"2025-04-02T16:49:13","modified_gmt":"2025-04-02T14:49:13","slug":"scolopendra-transparent","status":"publish","type":"product","link":"https:\/\/wpguerssen-test.odoo.rgbconsulting.com\/es\/producto\/scolopendra-transparent\/","title":{"rendered":"Scolopendra (Transparent)"},"content":{"rendered":"<p>Tr\u00edo turin\u00e9s formado en 1970 por el teclista Alluminio (de ah\u00ed el nombre de la banda) y el baterista Ostorero con varios guitarristas, s\u00f3lo dur\u00f3 un par de a\u00f1os y su \u00fanico disco, Scolopendra, sali\u00f3 cuando ya se hab\u00edan separado.<br \/>El disco est\u00e1 muy bien hecho, principalmente a base de \u00f3rgano Hammond y otros teclados, con buenas partes instrumentales con una segunda parte sobresaliente. \u00a1Imprescindible para los amantes del progresivo italiano!<br \/>Por fin en portada plegable fiel a la versi\u00f3n original.<br \/>180gr. Edici\u00f3n en vinilo transparente.<\/p>\n","protected":false},"excerpt":{"rendered":"<p>Tr\u00edo turin\u00e9s formado en 1970 por el teclista Alluminio (de ah\u00ed el nombre de la banda) y el baterista Ostorero con varios guitarristas, s\u00f3lo dur\u00f3 un par de a\u00f1os<a class=\"read\" href=\"https:\/\/wpguerssen-test.odoo.rgbconsulting.com\/es\/producto\/scolopendra-transparent\/\"> (...)<\/a>","protected":false},"featured_media":213347,"template":"","meta":{"_acf_changed":false},"product_brand":[],"product_cat":[21639,23215],"product_tag":[29140],"class_list":{"0":"post-212126","1":"product","2":"type-product","3":"status-publish","4":"has-post-thumbnail","6":"product_cat-psychedelic60s-70s-es","7":"product_cat-progressive60s-70s-es","8":"product_tag-color-vinyl-es","9":"pa_artist-alluminogeni-gli","10":"pa_format-lp-es","11":"pa_gender-psychedelic60s-70s-progressive60s-70s","12":"pa_label-vinyl-magic","13":"pa_location-europe-es","14":"pa_other-filters-vinyl-only-es","16":"first","17":"instock","18":"taxable","19":"shipping-taxable","20":"purchasable","21":"product-type-simple"},"acf":[],"yoast_head":"<!-- This site is optimized with the Yoast SEO plugin v24.9 - https:\/\/yoast.com\/wordpress\/plugins\/seo\/ -->\n<title>ALLUMINOGENI, Gli - Scolopendra (Transparent) -  (LP) | Guerssen<\/title>\n<meta name=\"description\" content=\"A trio from Turin, formed in 1970 by keyboard player Alluminio (hence the name of the band) and drummer Ostorero with various guitarists, they only lasted for a couple of years and their only album, Scolopendra, was issued when they had already split.The album is very well made, mainly based on Hammond organ and other keyboards, with good instrumental parts with an outstanding second part. A must-have for lovers of Italian prog!Finally in gatefold sleeve faithful to the original version.180gr. clear transparent vinyl edition.\" \/>\n<meta name=\"robots\" content=\"index, follow, max-snippet:-1, max-image-preview:large, max-video-preview:-1\" \/>\n<link rel=\"canonical\" href=\"https:\/\/wpguerssen-test.odoo.rgbconsulting.com\/es\/producto\/scolopendra-transparent\/\" \/>\n<meta property=\"og:locale\" content=\"es_ES\" \/>\n<meta property=\"og:type\" content=\"article\" \/>\n<meta property=\"og:title\" content=\"ALLUMINOGENI, Gli - Scolopendra (Transparent) -  (LP) | Guerssen\" \/>\n<meta property=\"og:description\" content=\"A trio from Turin, formed in 1970 by keyboard player Alluminio (hence the name of the band) and drummer Ostorero with various guitarists, they only lasted for a couple of years and their only album, Scolopendra, was issued when they had already split.The album is very well made, mainly based on Hammond organ and other keyboards, with good instrumental parts with an outstanding second part. A must-have for lovers of Italian prog!Finally in gatefold sleeve faithful to the original version.180gr. clear transparent vinyl edition.\" \/>\n<meta property=\"og:url\" content=\"https:\/\/wpguerssen-test.odoo.rgbconsulting.com\/es\/producto\/scolopendra-transparent\/\" \/>\n<meta property=\"og:site_name\" content=\"Guerssen records\" \/>\n<meta property=\"article:modified_time\" content=\"2025-04-02T14:49:13+00:00\" \/>\n<meta property=\"og:image\" content=\"https:\/\/wpguerssen-test.odoo.rgbconsulting.com\/wp-content\/uploads\/2022\/06\/41364.jpg\" \/>\n\t<meta property=\"og:image:width\" content=\"189\" \/>\n\t<meta property=\"og:image:height\" content=\"189\" \/>\n\t<meta property=\"og:image:type\" content=\"image\/jpeg\" \/>\n<meta name=\"twitter:card\" content=\"summary_large_image\" \/>\n<meta name=\"twitter:title\" content=\"ALLUMINOGENI, Gli - Scolopendra (Transparent) -  (LP) | Guerssen\" \/>\n<script type=\"application\/ld+json\" class=\"yoast-schema-graph\">{\"@context\":\"https:\/\/schema.org\",\"@graph\":[{\"@type\":\"WebPage\",\"@id\":\"https:\/\/wpguerssen-test.odoo.rgbconsulting.com\/es\/producto\/scolopendra-transparent\/\",\"url\":\"https:\/\/wpguerssen-test.odoo.rgbconsulting.com\/es\/producto\/scolopendra-transparent\/\",\"name\":\"ALLUMINOGENI, Gli - Scolopendra (Transparent) - (LP) | Guerssen\",\"isPartOf\":{\"@id\":\"https:\/\/wpguerssen-test.odoo.rgbconsulting.com\/es\/#website\"},\"primaryImageOfPage\":{\"@id\":\"https:\/\/wpguerssen-test.odoo.rgbconsulting.com\/es\/producto\/scolopendra-transparent\/#primaryimage\"},\"image\":{\"@id\":\"https:\/\/wpguerssen-test.odoo.rgbconsulting.com\/es\/producto\/scolopendra-transparent\/#primaryimage\"},\"thumbnailUrl\":\"https:\/\/wpguerssen-test.odoo.rgbconsulting.com\/wp-content\/uploads\/2022\/06\/41364.jpg\",\"datePublished\":\"2025-02-18T23:00:00+00:00\",\"dateModified\":\"2025-04-02T14:49:13+00:00\",\"description\":\"A trio from Turin, formed in 1970 by keyboard player Alluminio (hence the name of the band) and drummer Ostorero with various guitarists, they only lasted for a couple of years and their only album, Scolopendra, was issued when they had already split.The album is very well made, mainly based on Hammond organ and other keyboards, with good instrumental parts with an outstanding second part. A must-have for lovers of Italian prog!Finally in gatefold sleeve faithful to the original version.180gr. clear transparent vinyl edition.\",\"breadcrumb\":{\"@id\":\"https:\/\/wpguerssen-test.odoo.rgbconsulting.com\/es\/producto\/scolopendra-transparent\/#breadcrumb\"},\"inLanguage\":\"es\",\"potentialAction\":[{\"@type\":\"ReadAction\",\"target\":[\"https:\/\/wpguerssen-test.odoo.rgbconsulting.com\/es\/producto\/scolopendra-transparent\/\"]}]},{\"@type\":\"ImageObject\",\"inLanguage\":\"es\",\"@id\":\"https:\/\/wpguerssen-test.odoo.rgbconsulting.com\/es\/producto\/scolopendra-transparent\/#primaryimage\",\"url\":\"https:\/\/wpguerssen-test.odoo.rgbconsulting.com\/wp-content\/uploads\/2022\/06\/41364.jpg\",\"contentUrl\":\"https:\/\/wpguerssen-test.odoo.rgbconsulting.com\/wp-content\/uploads\/2022\/06\/41364.jpg\",\"width\":189,\"height\":189,\"caption\":\"Gli - Scolopendra (Transparent) - VINYL MAGIC (LP) | Guerssen\"},{\"@type\":\"BreadcrumbList\",\"@id\":\"https:\/\/wpguerssen-test.odoo.rgbconsulting.com\/es\/producto\/scolopendra-transparent\/#breadcrumb\",\"itemListElement\":[{\"@type\":\"ListItem\",\"position\":1,\"name\":\"Inicio\",\"item\":\"https:\/\/wpguerssen-test.odoo.rgbconsulting.com\/es\/\"},{\"@type\":\"ListItem\",\"position\":2,\"name\":\"Shop\",\"item\":\"https:\/\/wpguerssen-test.odoo.rgbconsulting.com\/shop\/\"},{\"@type\":\"ListItem\",\"position\":3,\"name\":\"Scolopendra (Transparent)\"}]},{\"@type\":\"WebSite\",\"@id\":\"https:\/\/wpguerssen-test.odoo.rgbconsulting.com\/es\/#website\",\"url\":\"https:\/\/wpguerssen-test.odoo.rgbconsulting.com\/es\/\",\"name\":\"Guerssen records\",\"description\":\"psychedelia - progressive - folk - garage \",\"publisher\":{\"@id\":\"https:\/\/wpguerssen-test.odoo.rgbconsulting.com\/es\/#organization\"},\"potentialAction\":[{\"@type\":\"SearchAction\",\"target\":{\"@type\":\"EntryPoint\",\"urlTemplate\":\"https:\/\/wpguerssen-test.odoo.rgbconsulting.com\/es\/?s={search_term_string}\"},\"query-input\":{\"@type\":\"PropertyValueSpecification\",\"valueRequired\":true,\"valueName\":\"search_term_string\"}}],\"inLanguage\":\"es\"},{\"@type\":\"Organization\",\"@id\":\"https:\/\/wpguerssen-test.odoo.rgbconsulting.com\/es\/#organization\",\"name\":\"Guerssen records\",\"url\":\"https:\/\/wpguerssen-test.odoo.rgbconsulting.com\/es\/\",\"logo\":{\"@type\":\"ImageObject\",\"inLanguage\":\"es\",\"@id\":\"https:\/\/wpguerssen-test.odoo.rgbconsulting.com\/es\/#\/schema\/logo\/image\/\",\"url\":\"https:\/\/wpguerssen-test.odoo.rgbconsulting.com\/wp-content\/uploads\/2022\/04\/Logo_Guerssen_trans_100.png\",\"contentUrl\":\"https:\/\/wpguerssen-test.odoo.rgbconsulting.com\/wp-content\/uploads\/2022\/04\/Logo_Guerssen_trans_100.png\",\"width\":122,\"height\":100,\"caption\":\"Guerssen records\"},\"image\":{\"@id\":\"https:\/\/wpguerssen-test.odoo.rgbconsulting.com\/es\/#\/schema\/logo\/image\/\"}}]}<\/script>\n<!-- \/ Yoast SEO plugin. -->","yoast_head_json":{"title":"ALLUMINOGENI, Gli - Scolopendra (Transparent) -  (LP) | Guerssen","description":"A trio from Turin, formed in 1970 by keyboard player Alluminio (hence the name of the band) and drummer Ostorero with various guitarists, they only lasted for a couple of years and their only album, Scolopendra, was issued when they had already split.The album is very well made, mainly based on Hammond organ and other keyboards, with good instrumental parts with an outstanding second part. A must-have for lovers of Italian prog!Finally in gatefold sleeve faithful to the original version.180gr. clear transparent vinyl edition.","robots":{"index":"index","follow":"follow","max-snippet":"max-snippet:-1","max-image-preview":"max-image-preview:large","max-video-preview":"max-video-preview:-1"},"canonical":"https:\/\/wpguerssen-test.odoo.rgbconsulting.com\/es\/producto\/scolopendra-transparent\/","og_locale":"es_ES","og_type":"article","og_title":"ALLUMINOGENI, Gli - Scolopendra (Transparent) -  (LP) | Guerssen","og_description":"A trio from Turin, formed in 1970 by keyboard player Alluminio (hence the name of the band) and drummer Ostorero with various guitarists, they only lasted for a couple of years and their only album, Scolopendra, was issued when they had already split.The album is very well made, mainly based on Hammond organ and other keyboards, with good instrumental parts with an outstanding second part. A must-have for lovers of Italian prog!Finally in gatefold sleeve faithful to the original version.180gr. clear transparent vinyl edition.","og_url":"https:\/\/wpguerssen-test.odoo.rgbconsulting.com\/es\/producto\/scolopendra-transparent\/","og_site_name":"Guerssen records","article_modified_time":"2025-04-02T14:49:13+00:00","og_image":[{"width":189,"height":189,"url":"https:\/\/wpguerssen-test.odoo.rgbconsulting.com\/wp-content\/uploads\/2022\/06\/41364.jpg","type":"image\/jpeg"}],"twitter_card":"summary_large_image","twitter_title":"ALLUMINOGENI, Gli - Scolopendra (Transparent) -  (LP) | Guerssen","schema":{"@context":"https:\/\/schema.org","@graph":[{"@type":"WebPage","@id":"https:\/\/wpguerssen-test.odoo.rgbconsulting.com\/es\/producto\/scolopendra-transparent\/","url":"https:\/\/wpguerssen-test.odoo.rgbconsulting.com\/es\/producto\/scolopendra-transparent\/","name":"ALLUMINOGENI, Gli - Scolopendra (Transparent) - (LP) | Guerssen","isPartOf":{"@id":"https:\/\/wpguerssen-test.odoo.rgbconsulting.com\/es\/#website"},"primaryImageOfPage":{"@id":"https:\/\/wpguerssen-test.odoo.rgbconsulting.com\/es\/producto\/scolopendra-transparent\/#primaryimage"},"image":{"@id":"https:\/\/wpguerssen-test.odoo.rgbconsulting.com\/es\/producto\/scolopendra-transparent\/#primaryimage"},"thumbnailUrl":"https:\/\/wpguerssen-test.odoo.rgbconsulting.com\/wp-content\/uploads\/2022\/06\/41364.jpg","datePublished":"2025-02-18T23:00:00+00:00","dateModified":"2025-04-02T14:49:13+00:00","description":"A trio from Turin, formed in 1970 by keyboard player Alluminio (hence the name of the band) and drummer Ostorero with various guitarists, they only lasted for a couple of years and their only album, Scolopendra, was issued when they had already split.The album is very well made, mainly based on Hammond organ and other keyboards, with good instrumental parts with an outstanding second part. A must-have for lovers of Italian prog!Finally in gatefold sleeve faithful to the original version.180gr. clear transparent vinyl edition.","breadcrumb":{"@id":"https:\/\/wpguerssen-test.odoo.rgbconsulting.com\/es\/producto\/scolopendra-transparent\/#breadcrumb"},"inLanguage":"es","potentialAction":[{"@type":"ReadAction","target":["https:\/\/wpguerssen-test.odoo.rgbconsulting.com\/es\/producto\/scolopendra-transparent\/"]}]},{"@type":"ImageObject","inLanguage":"es","@id":"https:\/\/wpguerssen-test.odoo.rgbconsulting.com\/es\/producto\/scolopendra-transparent\/#primaryimage","url":"https:\/\/wpguerssen-test.odoo.rgbconsulting.com\/wp-content\/uploads\/2022\/06\/41364.jpg","contentUrl":"https:\/\/wpguerssen-test.odoo.rgbconsulting.com\/wp-content\/uploads\/2022\/06\/41364.jpg","width":189,"height":189,"caption":"Gli - Scolopendra (Transparent) - VINYL MAGIC (LP) | Guerssen"},{"@type":"BreadcrumbList","@id":"https:\/\/wpguerssen-test.odoo.rgbconsulting.com\/es\/producto\/scolopendra-transparent\/#breadcrumb","itemListElement":[{"@type":"ListItem","position":1,"name":"Inicio","item":"https:\/\/wpguerssen-test.odoo.rgbconsulting.com\/es\/"},{"@type":"ListItem","position":2,"name":"Shop","item":"https:\/\/wpguerssen-test.odoo.rgbconsulting.com\/shop\/"},{"@type":"ListItem","position":3,"name":"Scolopendra (Transparent)"}]},{"@type":"WebSite","@id":"https:\/\/wpguerssen-test.odoo.rgbconsulting.com\/es\/#website","url":"https:\/\/wpguerssen-test.odoo.rgbconsulting.com\/es\/","name":"Guerssen records","description":"psychedelia - progressive - folk - garage ","publisher":{"@id":"https:\/\/wpguerssen-test.odoo.rgbconsulting.com\/es\/#organization"},"potentialAction":[{"@type":"SearchAction","target":{"@type":"EntryPoint","urlTemplate":"https:\/\/wpguerssen-test.odoo.rgbconsulting.com\/es\/?s={search_term_string}"},"query-input":{"@type":"PropertyValueSpecification","valueRequired":true,"valueName":"search_term_string"}}],"inLanguage":"es"},{"@type":"Organization","@id":"https:\/\/wpguerssen-test.odoo.rgbconsulting.com\/es\/#organization","name":"Guerssen records","url":"https:\/\/wpguerssen-test.odoo.rgbconsulting.com\/es\/","logo":{"@type":"ImageObject","inLanguage":"es","@id":"https:\/\/wpguerssen-test.odoo.rgbconsulting.com\/es\/#\/schema\/logo\/image\/","url":"https:\/\/wpguerssen-test.odoo.rgbconsulting.com\/wp-content\/uploads\/2022\/04\/Logo_Guerssen_trans_100.png","contentUrl":"https:\/\/wpguerssen-test.odoo.rgbconsulting.com\/wp-content\/uploads\/2022\/04\/Logo_Guerssen_trans_100.png","width":122,"height":100,"caption":"Guerssen records"},"image":{"@id":"https:\/\/wpguerssen-test.odoo.rgbconsulting.com\/es\/#\/schema\/logo\/image\/"}}]}},"_links":{"self":[{"href":"https:\/\/wpguerssen-test.odoo.rgbconsulting.com\/es\/wp-json\/wp\/v2\/product\/212126","targetHints":{"allow":["GET"]}}],"collection":[{"href":"https:\/\/wpguerssen-test.odoo.rgbconsulting.com\/es\/wp-json\/wp\/v2\/product"}],"about":[{"href":"https:\/\/wpguerssen-test.odoo.rgbconsulting.com\/es\/wp-json\/wp\/v2\/types\/product"}],"wp:featuredmedia":[{"embeddable":true,"href":"https:\/\/wpguerssen-test.odoo.rgbconsulting.com\/es\/wp-json\/wp\/v2\/media\/213347"}],"wp:attachment":[{"href":"https:\/\/wpguerssen-test.odoo.rgbconsulting.com\/es\/wp-json\/wp\/v2\/media?parent=212126"}],"wp:term":[{"taxonomy":"product_brand","embeddable":true,"href":"https:\/\/wpguerssen-test.odoo.rgbconsulting.com\/es\/wp-json\/wp\/v2\/product_brand?post=212126"},{"taxonomy":"product_cat","embeddable":true,"href":"https:\/\/wpguerssen-test.odoo.rgbconsulting.com\/es\/wp-json\/wp\/v2\/product_cat?post=212126"},{"taxonomy":"product_tag","embeddable":true,"href":"https:\/\/wpguerssen-test.odoo.rgbconsulting.com\/es\/wp-json\/wp\/v2\/product_tag?post=212126"}],"curies":[{"name":"wp","href":"https:\/\/api.w.org\/{rel}","templated":true}]}}