{"id":213276,"date":"2022-07-14T00:00:00","date_gmt":"2022-07-13T22:00:00","guid":{"rendered":"http:\/\/guerssen.hl1097.dinaserver.com\/product\/supernova-colored-2lp\/"},"modified":"2025-01-09T15:12:02","modified_gmt":"2025-01-09T14:12:02","slug":"supernova-colored-2lp","status":"publish","type":"product","link":"https:\/\/wpguerssen-test.odoo.rgbconsulting.com\/es\/producto\/supernova-colored-2lp\/","title":{"rendered":"Supernova (Colored 2LP)"},"content":{"rendered":"<p>CRISTIAN de MORET: FUTURE FLAMENCO FUNK <\/p>\n<p> Pero.. \u00bfquien diablos \u00e9s Cristian de Moret? Pasi\u00f3n, groove, ensayo, sentimiento, funk, bucle, deseo, error, lisergia, digitalismo, andalucia, estroboscopia, calor, fritura, tac\u00f3n, atm\u00f3sfera. Las palabras no se ordenar\u00e1n solas. La m\u00fasica tampoco. Una vez superado el siglo XX, todos esperabamos este momento. El instante en que de entre las raices del flamenco surgieran brotes de nuevas especies diferentes a todo. Una nueva tradici\u00f3n. Nuevas texturas, sabores y colores. Nuevas formas de entender la creatividad. Sin equiparalo a fen\u00f3menos coet\u00e1neos porque creariamos un problema coyuntural y est\u00e9tico. Sin el desequilibrio conceptual del arte picaresco, tambi\u00e9n muy contemporaneo y espa\u00f1ol. <\/p>\n<p> Rompiendo el frasco de las esencias para que el flamenco empape la tecnolog\u00eda y la habilidad de un virtuoso multinstrumentista. El nuevo paradigma. Un humano en solitario ya es capaz de recrear la escena completa y eso dispara el riesgo y la creatividad. Basta escuchar este disco. Supernova es un paso hacia el futuro del flamenco. Nuestra apuesta por prensarlo en vinilo es solo el af\u00e1n por preservar este legado a futuras generaciones. Una nueva piedra angular para un nuevo mundo flamenco donde ortodoxia y heterodoxia emprenden caminos nuevos enlazados por corrientes sint\u00e9ticas de fluidos digitales. La respuesta a la pregunta inicial. Cristian es un descubrimiento, no causa indiferencia. Este es su primer paso cuando ya va por el segundo. El futuro est\u00e1 en sus manos, manos, que lo siga retorciendo por favor.<\/p>\n","protected":false},"excerpt":{"rendered":"<p>CRISTIAN de MORET: FUTURE FLAMENCO FUNK <\/p>\n<p>\u00a0<\/p>\n<p> Pero.. \u00bfquien diablos \u00e9s Cristian de Moret? Pasi\u00f3n, groove, ensayo, sentimiento, funk, bucle, deseo,<a class=\"read\" href=\"https:\/\/wpguerssen-test.odoo.rgbconsulting.com\/es\/producto\/supernova-colored-2lp\/\"> (...)<\/a>","protected":false},"featured_media":214459,"template":"","meta":{"_acf_changed":false},"product_brand":[],"product_cat":[23219,23268],"product_tag":[29140],"class_list":{"0":"post-213276","1":"product","2":"type-product","3":"status-publish","4":"has-post-thumbnail","6":"product_cat-funk-es","7":"product_cat-flamenco-rock-rumba-es","8":"product_tag-color-vinyl-es","9":"pa_artist-de-moret-cristian","10":"pa_format-2lp-es","11":"pa_gender-flamenco-rock-rumba-funk","12":"pa_label-gutifunk","13":"pa_location-spain-es","14":"pa_other-filters-vinyl-only-es","16":"first","17":"instock","18":"taxable","19":"shipping-taxable","20":"purchasable","21":"product-type-simple"},"acf":[],"yoast_head":"<!-- This site is optimized with the Yoast SEO plugin v24.9 - https:\/\/yoast.com\/wordpress\/plugins\/seo\/ -->\n<title>DE MORET, Cristian - Supernova (Colored 2LP) -  (2LP) | Guerssen<\/title>\n<meta name=\"description\" content=\"CRISTIAN de MORET: FUTURE FLAMENCO FUNK #nl# But... who the hell is Cristian de Moret? Passion, groove, rehearsal, feeling, funk, loop, desire, error, lysergy, digitalism, Andalusia, stroboscopy, heat, frying, heel, atmosphere. The words will not order themselves. Neither does the music. Once the 20th century was over, we all waited for this moment. The moment in which shoots of new species different from everything emerged from the roots of flamenco. A new tradition. New textures, flavors and colors. #nl# New ways of understanding creativity. Without equating it to contemporary phenomena because we would create a conjectural and aesthetic problem. Without the conceptual imbalance of picaresque art, also very contemporary and Spanish. Breaking the bottle of essences so that flamenco imbues the technology and skill of a virtuoso multi-instrumentalist. The new paradigm. A single human is already capable of recreating the entire scene and that triggers risk and creativity. Just listen to this album. Supernova is a step towards the future of flamenco. #nl# Our commitment to pressing it on vinyl is just the desire to preserve this legacy for future generations. A new cornerstone for a new flamenco world where orthodoxy and heterodoxy take new paths linked by synthetic currents of digital fluids. The answer to the initial question. Cristian is a discovery, he does not cause indifference. This is the first step for him when he is already on the second. The future is in his hands, keeps twisting it please.\" \/>\n<meta name=\"robots\" content=\"index, follow, max-snippet:-1, max-image-preview:large, max-video-preview:-1\" \/>\n<link rel=\"canonical\" href=\"https:\/\/wpguerssen-test.odoo.rgbconsulting.com\/es\/producto\/supernova-colored-2lp\/\" \/>\n<meta property=\"og:locale\" content=\"es_ES\" \/>\n<meta property=\"og:type\" content=\"article\" \/>\n<meta property=\"og:title\" content=\"DE MORET, Cristian - Supernova (Colored 2LP) -  (2LP) | Guerssen\" \/>\n<meta property=\"og:description\" content=\"CRISTIAN de MORET: FUTURE FLAMENCO FUNK #nl# But... who the hell is Cristian de Moret? Passion, groove, rehearsal, feeling, funk, loop, desire, error, lysergy, digitalism, Andalusia, stroboscopy, heat, frying, heel, atmosphere. The words will not order themselves. Neither does the music. Once the 20th century was over, we all waited for this moment. The moment in which shoots of new species different from everything emerged from the roots of flamenco. A new tradition. New textures, flavors and colors. #nl# New ways of understanding creativity. Without equating it to contemporary phenomena because we would create a conjectural and aesthetic problem. Without the conceptual imbalance of picaresque art, also very contemporary and Spanish. Breaking the bottle of essences so that flamenco imbues the technology and skill of a virtuoso multi-instrumentalist. The new paradigm. A single human is already capable of recreating the entire scene and that triggers risk and creativity. Just listen to this album. Supernova is a step towards the future of flamenco. #nl# Our commitment to pressing it on vinyl is just the desire to preserve this legacy for future generations. A new cornerstone for a new flamenco world where orthodoxy and heterodoxy take new paths linked by synthetic currents of digital fluids. The answer to the initial question. Cristian is a discovery, he does not cause indifference. This is the first step for him when he is already on the second. The future is in his hands, keeps twisting it please.\" \/>\n<meta property=\"og:url\" content=\"https:\/\/wpguerssen-test.odoo.rgbconsulting.com\/es\/producto\/supernova-colored-2lp\/\" \/>\n<meta property=\"og:site_name\" content=\"Guerssen records\" \/>\n<meta property=\"article:modified_time\" content=\"2025-01-09T14:12:02+00:00\" \/>\n<meta property=\"og:image\" content=\"https:\/\/wpguerssen-test.odoo.rgbconsulting.com\/wp-content\/uploads\/2022\/07\/41383.jpg\" \/>\n\t<meta property=\"og:image:width\" content=\"1200\" \/>\n\t<meta property=\"og:image:height\" content=\"1200\" \/>\n\t<meta property=\"og:image:type\" content=\"image\/jpeg\" \/>\n<meta name=\"twitter:card\" content=\"summary_large_image\" \/>\n<meta name=\"twitter:title\" content=\"DE MORET, Cristian - Supernova (Colored 2LP) -  (2LP) | Guerssen\" \/>\n<meta name=\"twitter:label1\" content=\"Tiempo de lectura\" \/>\n\t<meta name=\"twitter:data1\" content=\"1 minuto\" \/>\n<script type=\"application\/ld+json\" class=\"yoast-schema-graph\">{\"@context\":\"https:\/\/schema.org\",\"@graph\":[{\"@type\":\"WebPage\",\"@id\":\"https:\/\/wpguerssen-test.odoo.rgbconsulting.com\/es\/producto\/supernova-colored-2lp\/\",\"url\":\"https:\/\/wpguerssen-test.odoo.rgbconsulting.com\/es\/producto\/supernova-colored-2lp\/\",\"name\":\"DE MORET, Cristian - Supernova (Colored 2LP) - (2LP) | Guerssen\",\"isPartOf\":{\"@id\":\"https:\/\/wpguerssen-test.odoo.rgbconsulting.com\/es\/#website\"},\"primaryImageOfPage\":{\"@id\":\"https:\/\/wpguerssen-test.odoo.rgbconsulting.com\/es\/producto\/supernova-colored-2lp\/#primaryimage\"},\"image\":{\"@id\":\"https:\/\/wpguerssen-test.odoo.rgbconsulting.com\/es\/producto\/supernova-colored-2lp\/#primaryimage\"},\"thumbnailUrl\":\"https:\/\/wpguerssen-test.odoo.rgbconsulting.com\/wp-content\/uploads\/2022\/07\/41383.jpg\",\"datePublished\":\"2022-07-13T22:00:00+00:00\",\"dateModified\":\"2025-01-09T14:12:02+00:00\",\"description\":\"CRISTIAN de MORET: FUTURE FLAMENCO FUNK #nl# But... who the hell is Cristian de Moret? Passion, groove, rehearsal, feeling, funk, loop, desire, error, lysergy, digitalism, Andalusia, stroboscopy, heat, frying, heel, atmosphere. The words will not order themselves. Neither does the music. Once the 20th century was over, we all waited for this moment. The moment in which shoots of new species different from everything emerged from the roots of flamenco. A new tradition. New textures, flavors and colors. #nl# New ways of understanding creativity. Without equating it to contemporary phenomena because we would create a conjectural and aesthetic problem. Without the conceptual imbalance of picaresque art, also very contemporary and Spanish. Breaking the bottle of essences so that flamenco imbues the technology and skill of a virtuoso multi-instrumentalist. The new paradigm. A single human is already capable of recreating the entire scene and that triggers risk and creativity. Just listen to this album. Supernova is a step towards the future of flamenco. #nl# Our commitment to pressing it on vinyl is just the desire to preserve this legacy for future generations. A new cornerstone for a new flamenco world where orthodoxy and heterodoxy take new paths linked by synthetic currents of digital fluids. The answer to the initial question. Cristian is a discovery, he does not cause indifference. This is the first step for him when he is already on the second. The future is in his hands, keeps twisting it please.\",\"breadcrumb\":{\"@id\":\"https:\/\/wpguerssen-test.odoo.rgbconsulting.com\/es\/producto\/supernova-colored-2lp\/#breadcrumb\"},\"inLanguage\":\"es\",\"potentialAction\":[{\"@type\":\"ReadAction\",\"target\":[\"https:\/\/wpguerssen-test.odoo.rgbconsulting.com\/es\/producto\/supernova-colored-2lp\/\"]}]},{\"@type\":\"ImageObject\",\"inLanguage\":\"es\",\"@id\":\"https:\/\/wpguerssen-test.odoo.rgbconsulting.com\/es\/producto\/supernova-colored-2lp\/#primaryimage\",\"url\":\"https:\/\/wpguerssen-test.odoo.rgbconsulting.com\/wp-content\/uploads\/2022\/07\/41383.jpg\",\"contentUrl\":\"https:\/\/wpguerssen-test.odoo.rgbconsulting.com\/wp-content\/uploads\/2022\/07\/41383.jpg\",\"width\":1200,\"height\":1200,\"caption\":\"Cristian - Supernova (Colored 2LP) - GUTIFUNK (2LP) | Guerssen\"},{\"@type\":\"BreadcrumbList\",\"@id\":\"https:\/\/wpguerssen-test.odoo.rgbconsulting.com\/es\/producto\/supernova-colored-2lp\/#breadcrumb\",\"itemListElement\":[{\"@type\":\"ListItem\",\"position\":1,\"name\":\"Inicio\",\"item\":\"https:\/\/wpguerssen-test.odoo.rgbconsulting.com\/es\/\"},{\"@type\":\"ListItem\",\"position\":2,\"name\":\"Shop\",\"item\":\"https:\/\/wpguerssen-test.odoo.rgbconsulting.com\/shop\/\"},{\"@type\":\"ListItem\",\"position\":3,\"name\":\"Supernova (Colored 2LP)\"}]},{\"@type\":\"WebSite\",\"@id\":\"https:\/\/wpguerssen-test.odoo.rgbconsulting.com\/es\/#website\",\"url\":\"https:\/\/wpguerssen-test.odoo.rgbconsulting.com\/es\/\",\"name\":\"Guerssen records\",\"description\":\"psychedelia - progressive - folk - garage \",\"publisher\":{\"@id\":\"https:\/\/wpguerssen-test.odoo.rgbconsulting.com\/es\/#organization\"},\"potentialAction\":[{\"@type\":\"SearchAction\",\"target\":{\"@type\":\"EntryPoint\",\"urlTemplate\":\"https:\/\/wpguerssen-test.odoo.rgbconsulting.com\/es\/?s={search_term_string}\"},\"query-input\":{\"@type\":\"PropertyValueSpecification\",\"valueRequired\":true,\"valueName\":\"search_term_string\"}}],\"inLanguage\":\"es\"},{\"@type\":\"Organization\",\"@id\":\"https:\/\/wpguerssen-test.odoo.rgbconsulting.com\/es\/#organization\",\"name\":\"Guerssen records\",\"url\":\"https:\/\/wpguerssen-test.odoo.rgbconsulting.com\/es\/\",\"logo\":{\"@type\":\"ImageObject\",\"inLanguage\":\"es\",\"@id\":\"https:\/\/wpguerssen-test.odoo.rgbconsulting.com\/es\/#\/schema\/logo\/image\/\",\"url\":\"https:\/\/wpguerssen-test.odoo.rgbconsulting.com\/wp-content\/uploads\/2022\/04\/Logo_Guerssen_trans_100.png\",\"contentUrl\":\"https:\/\/wpguerssen-test.odoo.rgbconsulting.com\/wp-content\/uploads\/2022\/04\/Logo_Guerssen_trans_100.png\",\"width\":122,\"height\":100,\"caption\":\"Guerssen records\"},\"image\":{\"@id\":\"https:\/\/wpguerssen-test.odoo.rgbconsulting.com\/es\/#\/schema\/logo\/image\/\"}}]}<\/script>\n<!-- \/ Yoast SEO plugin. -->","yoast_head_json":{"title":"DE MORET, Cristian - Supernova (Colored 2LP) -  (2LP) | Guerssen","description":"CRISTIAN de MORET: FUTURE FLAMENCO FUNK #nl# But... who the hell is Cristian de Moret? Passion, groove, rehearsal, feeling, funk, loop, desire, error, lysergy, digitalism, Andalusia, stroboscopy, heat, frying, heel, atmosphere. The words will not order themselves. Neither does the music. Once the 20th century was over, we all waited for this moment. The moment in which shoots of new species different from everything emerged from the roots of flamenco. A new tradition. New textures, flavors and colors. #nl# New ways of understanding creativity. Without equating it to contemporary phenomena because we would create a conjectural and aesthetic problem. Without the conceptual imbalance of picaresque art, also very contemporary and Spanish. Breaking the bottle of essences so that flamenco imbues the technology and skill of a virtuoso multi-instrumentalist. The new paradigm. A single human is already capable of recreating the entire scene and that triggers risk and creativity. Just listen to this album. Supernova is a step towards the future of flamenco. #nl# Our commitment to pressing it on vinyl is just the desire to preserve this legacy for future generations. A new cornerstone for a new flamenco world where orthodoxy and heterodoxy take new paths linked by synthetic currents of digital fluids. The answer to the initial question. Cristian is a discovery, he does not cause indifference. This is the first step for him when he is already on the second. The future is in his hands, keeps twisting it please.","robots":{"index":"index","follow":"follow","max-snippet":"max-snippet:-1","max-image-preview":"max-image-preview:large","max-video-preview":"max-video-preview:-1"},"canonical":"https:\/\/wpguerssen-test.odoo.rgbconsulting.com\/es\/producto\/supernova-colored-2lp\/","og_locale":"es_ES","og_type":"article","og_title":"DE MORET, Cristian - Supernova (Colored 2LP) -  (2LP) | Guerssen","og_description":"CRISTIAN de MORET: FUTURE FLAMENCO FUNK #nl# But... who the hell is Cristian de Moret? Passion, groove, rehearsal, feeling, funk, loop, desire, error, lysergy, digitalism, Andalusia, stroboscopy, heat, frying, heel, atmosphere. The words will not order themselves. Neither does the music. Once the 20th century was over, we all waited for this moment. The moment in which shoots of new species different from everything emerged from the roots of flamenco. A new tradition. New textures, flavors and colors. #nl# New ways of understanding creativity. Without equating it to contemporary phenomena because we would create a conjectural and aesthetic problem. Without the conceptual imbalance of picaresque art, also very contemporary and Spanish. Breaking the bottle of essences so that flamenco imbues the technology and skill of a virtuoso multi-instrumentalist. The new paradigm. A single human is already capable of recreating the entire scene and that triggers risk and creativity. Just listen to this album. Supernova is a step towards the future of flamenco. #nl# Our commitment to pressing it on vinyl is just the desire to preserve this legacy for future generations. A new cornerstone for a new flamenco world where orthodoxy and heterodoxy take new paths linked by synthetic currents of digital fluids. The answer to the initial question. Cristian is a discovery, he does not cause indifference. This is the first step for him when he is already on the second. The future is in his hands, keeps twisting it please.","og_url":"https:\/\/wpguerssen-test.odoo.rgbconsulting.com\/es\/producto\/supernova-colored-2lp\/","og_site_name":"Guerssen records","article_modified_time":"2025-01-09T14:12:02+00:00","og_image":[{"width":1200,"height":1200,"url":"https:\/\/wpguerssen-test.odoo.rgbconsulting.com\/wp-content\/uploads\/2022\/07\/41383.jpg","type":"image\/jpeg"}],"twitter_card":"summary_large_image","twitter_title":"DE MORET, Cristian - Supernova (Colored 2LP) -  (2LP) | Guerssen","twitter_misc":{"Tiempo de lectura":"1 minuto"},"schema":{"@context":"https:\/\/schema.org","@graph":[{"@type":"WebPage","@id":"https:\/\/wpguerssen-test.odoo.rgbconsulting.com\/es\/producto\/supernova-colored-2lp\/","url":"https:\/\/wpguerssen-test.odoo.rgbconsulting.com\/es\/producto\/supernova-colored-2lp\/","name":"DE MORET, Cristian - Supernova (Colored 2LP) - (2LP) | Guerssen","isPartOf":{"@id":"https:\/\/wpguerssen-test.odoo.rgbconsulting.com\/es\/#website"},"primaryImageOfPage":{"@id":"https:\/\/wpguerssen-test.odoo.rgbconsulting.com\/es\/producto\/supernova-colored-2lp\/#primaryimage"},"image":{"@id":"https:\/\/wpguerssen-test.odoo.rgbconsulting.com\/es\/producto\/supernova-colored-2lp\/#primaryimage"},"thumbnailUrl":"https:\/\/wpguerssen-test.odoo.rgbconsulting.com\/wp-content\/uploads\/2022\/07\/41383.jpg","datePublished":"2022-07-13T22:00:00+00:00","dateModified":"2025-01-09T14:12:02+00:00","description":"CRISTIAN de MORET: FUTURE FLAMENCO FUNK #nl# But... who the hell is Cristian de Moret? Passion, groove, rehearsal, feeling, funk, loop, desire, error, lysergy, digitalism, Andalusia, stroboscopy, heat, frying, heel, atmosphere. The words will not order themselves. Neither does the music. Once the 20th century was over, we all waited for this moment. The moment in which shoots of new species different from everything emerged from the roots of flamenco. A new tradition. New textures, flavors and colors. #nl# New ways of understanding creativity. Without equating it to contemporary phenomena because we would create a conjectural and aesthetic problem. Without the conceptual imbalance of picaresque art, also very contemporary and Spanish. Breaking the bottle of essences so that flamenco imbues the technology and skill of a virtuoso multi-instrumentalist. The new paradigm. A single human is already capable of recreating the entire scene and that triggers risk and creativity. Just listen to this album. Supernova is a step towards the future of flamenco. #nl# Our commitment to pressing it on vinyl is just the desire to preserve this legacy for future generations. A new cornerstone for a new flamenco world where orthodoxy and heterodoxy take new paths linked by synthetic currents of digital fluids. The answer to the initial question. Cristian is a discovery, he does not cause indifference. This is the first step for him when he is already on the second. The future is in his hands, keeps twisting it please.","breadcrumb":{"@id":"https:\/\/wpguerssen-test.odoo.rgbconsulting.com\/es\/producto\/supernova-colored-2lp\/#breadcrumb"},"inLanguage":"es","potentialAction":[{"@type":"ReadAction","target":["https:\/\/wpguerssen-test.odoo.rgbconsulting.com\/es\/producto\/supernova-colored-2lp\/"]}]},{"@type":"ImageObject","inLanguage":"es","@id":"https:\/\/wpguerssen-test.odoo.rgbconsulting.com\/es\/producto\/supernova-colored-2lp\/#primaryimage","url":"https:\/\/wpguerssen-test.odoo.rgbconsulting.com\/wp-content\/uploads\/2022\/07\/41383.jpg","contentUrl":"https:\/\/wpguerssen-test.odoo.rgbconsulting.com\/wp-content\/uploads\/2022\/07\/41383.jpg","width":1200,"height":1200,"caption":"Cristian - Supernova (Colored 2LP) - GUTIFUNK (2LP) | Guerssen"},{"@type":"BreadcrumbList","@id":"https:\/\/wpguerssen-test.odoo.rgbconsulting.com\/es\/producto\/supernova-colored-2lp\/#breadcrumb","itemListElement":[{"@type":"ListItem","position":1,"name":"Inicio","item":"https:\/\/wpguerssen-test.odoo.rgbconsulting.com\/es\/"},{"@type":"ListItem","position":2,"name":"Shop","item":"https:\/\/wpguerssen-test.odoo.rgbconsulting.com\/shop\/"},{"@type":"ListItem","position":3,"name":"Supernova (Colored 2LP)"}]},{"@type":"WebSite","@id":"https:\/\/wpguerssen-test.odoo.rgbconsulting.com\/es\/#website","url":"https:\/\/wpguerssen-test.odoo.rgbconsulting.com\/es\/","name":"Guerssen records","description":"psychedelia - progressive - folk - garage ","publisher":{"@id":"https:\/\/wpguerssen-test.odoo.rgbconsulting.com\/es\/#organization"},"potentialAction":[{"@type":"SearchAction","target":{"@type":"EntryPoint","urlTemplate":"https:\/\/wpguerssen-test.odoo.rgbconsulting.com\/es\/?s={search_term_string}"},"query-input":{"@type":"PropertyValueSpecification","valueRequired":true,"valueName":"search_term_string"}}],"inLanguage":"es"},{"@type":"Organization","@id":"https:\/\/wpguerssen-test.odoo.rgbconsulting.com\/es\/#organization","name":"Guerssen records","url":"https:\/\/wpguerssen-test.odoo.rgbconsulting.com\/es\/","logo":{"@type":"ImageObject","inLanguage":"es","@id":"https:\/\/wpguerssen-test.odoo.rgbconsulting.com\/es\/#\/schema\/logo\/image\/","url":"https:\/\/wpguerssen-test.odoo.rgbconsulting.com\/wp-content\/uploads\/2022\/04\/Logo_Guerssen_trans_100.png","contentUrl":"https:\/\/wpguerssen-test.odoo.rgbconsulting.com\/wp-content\/uploads\/2022\/04\/Logo_Guerssen_trans_100.png","width":122,"height":100,"caption":"Guerssen records"},"image":{"@id":"https:\/\/wpguerssen-test.odoo.rgbconsulting.com\/es\/#\/schema\/logo\/image\/"}}]}},"_links":{"self":[{"href":"https:\/\/wpguerssen-test.odoo.rgbconsulting.com\/es\/wp-json\/wp\/v2\/product\/213276","targetHints":{"allow":["GET"]}}],"collection":[{"href":"https:\/\/wpguerssen-test.odoo.rgbconsulting.com\/es\/wp-json\/wp\/v2\/product"}],"about":[{"href":"https:\/\/wpguerssen-test.odoo.rgbconsulting.com\/es\/wp-json\/wp\/v2\/types\/product"}],"wp:featuredmedia":[{"embeddable":true,"href":"https:\/\/wpguerssen-test.odoo.rgbconsulting.com\/es\/wp-json\/wp\/v2\/media\/214459"}],"wp:attachment":[{"href":"https:\/\/wpguerssen-test.odoo.rgbconsulting.com\/es\/wp-json\/wp\/v2\/media?parent=213276"}],"wp:term":[{"taxonomy":"product_brand","embeddable":true,"href":"https:\/\/wpguerssen-test.odoo.rgbconsulting.com\/es\/wp-json\/wp\/v2\/product_brand?post=213276"},{"taxonomy":"product_cat","embeddable":true,"href":"https:\/\/wpguerssen-test.odoo.rgbconsulting.com\/es\/wp-json\/wp\/v2\/product_cat?post=213276"},{"taxonomy":"product_tag","embeddable":true,"href":"https:\/\/wpguerssen-test.odoo.rgbconsulting.com\/es\/wp-json\/wp\/v2\/product_tag?post=213276"}],"curies":[{"name":"wp","href":"https:\/\/api.w.org\/{rel}","templated":true}]}}