{"id":213577,"date":"2022-07-14T00:00:00","date_gmt":"2022-07-13T22:00:00","guid":{"rendered":"https:\/\/wpguerssen-test.odoo.rgbconsulting.com\/product\/disco-music\/"},"modified":"2025-04-29T13:32:26","modified_gmt":"2025-04-29T11:32:26","slug":"disco-music","status":"publish","type":"product","link":"https:\/\/wpguerssen-test.odoo.rgbconsulting.com\/es\/producto\/disco-music\/","title":{"rendered":"Disco Music"},"content":{"rendered":"<p>Compuesto por el legendario guitarrista de m\u00fasica de librer\u00eda y miembro fundador de I Gres, Silvano Chimenti, \u00abDisco Music\u00bb es un lanzamiento esencial del cat\u00e1logo de Usignolo y probablemente uno de los t\u00edtulos m\u00e1s buscados de la serie. Este \u00e1lbum muestra una amplia gama de estilos combinados magistralmente por Chimenti, desde los \u00e9xitos disco-funky \u00abHappy California\u00bb y \u00abAutostrade Americane\u00bb que dan paso a las vibraciones m\u00e1s dram\u00e1ticas y llenas de suspenso de \u00abSociety Problem\u00bb y \u00abTragedy\u00bb, terminando con las vibraciones rockeras de \u00abIndian Summer\u00bb y las atm\u00f3sferas apacibles de canciones m\u00e1s suaves y relajadas como \u00abLady Primavera\u00bb y \u00abChiara\u00bb. Uno de los \u00e1lbumes de m\u00fasica de librer\u00eda m\u00e1s completos de su era. \u00abDisco Music\u00bb finalmente est\u00e1 disponible en vinilo  despu\u00e9s de mucho tiempo como una edici\u00f3n limitada a 500 copias.<\/p>\n","protected":false},"excerpt":{"rendered":"<p>Compuesto por el legendario guitarrista de m\u00fasica de librer\u00eda y miembro fundador de I Gres, Silvano Chimenti, \u00abDisco Music\u00bb es un lanzamiento esencial del cat\u00e1logo<a class=\"read\" href=\"https:\/\/wpguerssen-test.odoo.rgbconsulting.com\/es\/producto\/disco-music\/\"> (...)<\/a>","protected":false},"featured_media":214665,"template":"","meta":{"_acf_changed":false},"product_brand":[],"product_cat":[24508,23265],"product_tag":[24190],"class_list":{"0":"post-213577","1":"product","2":"type-product","3":"status-publish","4":"has-post-thumbnail","6":"product_cat-uncategorized","7":"product_cat-disco-cosmic-italo-es","8":"product_tag-sales-es","9":"pa_artist-chimenti-silvano","10":"pa_format-lp-es","11":"pa_gender-disco-cosmic-italo","12":"pa_label-holy-basil","13":"pa_location-europe-es","14":"pa_other-filters-vinyl-only-es","16":"first","17":"instock","18":"taxable","19":"shipping-taxable","20":"purchasable","21":"product-type-simple"},"acf":[],"yoast_head":"<!-- This site is optimized with the Yoast SEO plugin v24.9 - https:\/\/yoast.com\/wordpress\/plugins\/seo\/ -->\n<title>CHIMENTI, Silvano - Disco Music -  (LP) | Guerssen<\/title>\n<meta name=\"description\" content=\"Composed by legendary library guitarist and founding member of I Gres, Silvano Chimenti, and accompanied by his orchestra, &quot;Disco Music&quot; is an essential release of the Usignolo catalog and probably one of the most sought after titles of the series. This album displays a broad range of styles masterfully blended together by Chimenti, going from disco-funky bangers &quot;Happy California&quot; and &quot;Autostrade Americane&quot; that lead way to the more dramatic and suspenseful vibes of &quot;Society Problem&quot; and &quot;Tragedy&quot;, finishing off with the rock vibes of &quot;Indian Summer&quot; and the mellow atmospheres of softer, lounge-like songs such as &quot;Lady Primavera&quot; and &quot;Chiara&quot;. One of the most complete and well-rounded library albums of its era, &quot;Disco Music&quot; is finally available on vinyl once again after a very long time as a limited edition pressing of 500 copies.\" \/>\n<meta name=\"robots\" content=\"index, follow, max-snippet:-1, max-image-preview:large, max-video-preview:-1\" \/>\n<link rel=\"canonical\" href=\"https:\/\/wpguerssen-test.odoo.rgbconsulting.com\/es\/producto\/disco-music\/\" \/>\n<meta property=\"og:locale\" content=\"es_ES\" \/>\n<meta property=\"og:type\" content=\"article\" \/>\n<meta property=\"og:title\" content=\"CHIMENTI, Silvano - Disco Music -  (LP) | Guerssen\" \/>\n<meta property=\"og:description\" content=\"Composed by legendary library guitarist and founding member of I Gres, Silvano Chimenti, and accompanied by his orchestra, &quot;Disco Music&quot; is an essential release of the Usignolo catalog and probably one of the most sought after titles of the series. This album displays a broad range of styles masterfully blended together by Chimenti, going from disco-funky bangers &quot;Happy California&quot; and &quot;Autostrade Americane&quot; that lead way to the more dramatic and suspenseful vibes of &quot;Society Problem&quot; and &quot;Tragedy&quot;, finishing off with the rock vibes of &quot;Indian Summer&quot; and the mellow atmospheres of softer, lounge-like songs such as &quot;Lady Primavera&quot; and &quot;Chiara&quot;. One of the most complete and well-rounded library albums of its era, &quot;Disco Music&quot; is finally available on vinyl once again after a very long time as a limited edition pressing of 500 copies.\" \/>\n<meta property=\"og:url\" content=\"https:\/\/wpguerssen-test.odoo.rgbconsulting.com\/es\/producto\/disco-music\/\" \/>\n<meta property=\"og:site_name\" content=\"Guerssen records\" \/>\n<meta property=\"article:modified_time\" content=\"2025-04-29T11:32:26+00:00\" \/>\n<meta property=\"og:image\" content=\"https:\/\/wpguerssen-test.odoo.rgbconsulting.com\/wp-content\/uploads\/2022\/07\/41417.jpg\" \/>\n\t<meta property=\"og:image:width\" content=\"1200\" \/>\n\t<meta property=\"og:image:height\" content=\"1200\" \/>\n\t<meta property=\"og:image:type\" content=\"image\/jpeg\" \/>\n<meta name=\"twitter:card\" content=\"summary_large_image\" \/>\n<meta name=\"twitter:title\" content=\"CHIMENTI, Silvano - Disco Music -  (LP) | Guerssen\" \/>\n<meta name=\"twitter:label1\" content=\"Tiempo de lectura\" \/>\n\t<meta name=\"twitter:data1\" content=\"1 minuto\" \/>\n<script type=\"application\/ld+json\" class=\"yoast-schema-graph\">{\"@context\":\"https:\/\/schema.org\",\"@graph\":[{\"@type\":\"WebPage\",\"@id\":\"https:\/\/wpguerssen-test.odoo.rgbconsulting.com\/es\/producto\/disco-music\/\",\"url\":\"https:\/\/wpguerssen-test.odoo.rgbconsulting.com\/es\/producto\/disco-music\/\",\"name\":\"CHIMENTI, Silvano - Disco Music - (LP) | Guerssen\",\"isPartOf\":{\"@id\":\"https:\/\/wpguerssen-test.odoo.rgbconsulting.com\/es\/#website\"},\"primaryImageOfPage\":{\"@id\":\"https:\/\/wpguerssen-test.odoo.rgbconsulting.com\/es\/producto\/disco-music\/#primaryimage\"},\"image\":{\"@id\":\"https:\/\/wpguerssen-test.odoo.rgbconsulting.com\/es\/producto\/disco-music\/#primaryimage\"},\"thumbnailUrl\":\"https:\/\/wpguerssen-test.odoo.rgbconsulting.com\/wp-content\/uploads\/2022\/07\/41417.jpg\",\"datePublished\":\"2022-07-13T22:00:00+00:00\",\"dateModified\":\"2025-04-29T11:32:26+00:00\",\"description\":\"Composed by legendary library guitarist and founding member of I Gres, Silvano Chimenti, and accompanied by his orchestra, \\\"Disco Music\\\" is an essential release of the Usignolo catalog and probably one of the most sought after titles of the series. This album displays a broad range of styles masterfully blended together by Chimenti, going from disco-funky bangers \\\"Happy California\\\" and \\\"Autostrade Americane\\\" that lead way to the more dramatic and suspenseful vibes of \\\"Society Problem\\\" and \\\"Tragedy\\\", finishing off with the rock vibes of \\\"Indian Summer\\\" and the mellow atmospheres of softer, lounge-like songs such as \\\"Lady Primavera\\\" and \\\"Chiara\\\". One of the most complete and well-rounded library albums of its era, \\\"Disco Music\\\" is finally available on vinyl once again after a very long time as a limited edition pressing of 500 copies.\",\"breadcrumb\":{\"@id\":\"https:\/\/wpguerssen-test.odoo.rgbconsulting.com\/es\/producto\/disco-music\/#breadcrumb\"},\"inLanguage\":\"es\",\"potentialAction\":[{\"@type\":\"ReadAction\",\"target\":[\"https:\/\/wpguerssen-test.odoo.rgbconsulting.com\/es\/producto\/disco-music\/\"]}]},{\"@type\":\"ImageObject\",\"inLanguage\":\"es\",\"@id\":\"https:\/\/wpguerssen-test.odoo.rgbconsulting.com\/es\/producto\/disco-music\/#primaryimage\",\"url\":\"https:\/\/wpguerssen-test.odoo.rgbconsulting.com\/wp-content\/uploads\/2022\/07\/41417.jpg\",\"contentUrl\":\"https:\/\/wpguerssen-test.odoo.rgbconsulting.com\/wp-content\/uploads\/2022\/07\/41417.jpg\",\"width\":1200,\"height\":1200,\"caption\":\"Silvano - Disco Music - HOLY BASIL (LP) | Guerssen\"},{\"@type\":\"BreadcrumbList\",\"@id\":\"https:\/\/wpguerssen-test.odoo.rgbconsulting.com\/es\/producto\/disco-music\/#breadcrumb\",\"itemListElement\":[{\"@type\":\"ListItem\",\"position\":1,\"name\":\"Inicio\",\"item\":\"https:\/\/wpguerssen-test.odoo.rgbconsulting.com\/es\/\"},{\"@type\":\"ListItem\",\"position\":2,\"name\":\"Shop\",\"item\":\"https:\/\/wpguerssen-test.odoo.rgbconsulting.com\/shop\/\"},{\"@type\":\"ListItem\",\"position\":3,\"name\":\"Disco Music\"}]},{\"@type\":\"WebSite\",\"@id\":\"https:\/\/wpguerssen-test.odoo.rgbconsulting.com\/es\/#website\",\"url\":\"https:\/\/wpguerssen-test.odoo.rgbconsulting.com\/es\/\",\"name\":\"Guerssen records\",\"description\":\"psychedelia - progressive - folk - garage \",\"publisher\":{\"@id\":\"https:\/\/wpguerssen-test.odoo.rgbconsulting.com\/es\/#organization\"},\"potentialAction\":[{\"@type\":\"SearchAction\",\"target\":{\"@type\":\"EntryPoint\",\"urlTemplate\":\"https:\/\/wpguerssen-test.odoo.rgbconsulting.com\/es\/?s={search_term_string}\"},\"query-input\":{\"@type\":\"PropertyValueSpecification\",\"valueRequired\":true,\"valueName\":\"search_term_string\"}}],\"inLanguage\":\"es\"},{\"@type\":\"Organization\",\"@id\":\"https:\/\/wpguerssen-test.odoo.rgbconsulting.com\/es\/#organization\",\"name\":\"Guerssen records\",\"url\":\"https:\/\/wpguerssen-test.odoo.rgbconsulting.com\/es\/\",\"logo\":{\"@type\":\"ImageObject\",\"inLanguage\":\"es\",\"@id\":\"https:\/\/wpguerssen-test.odoo.rgbconsulting.com\/es\/#\/schema\/logo\/image\/\",\"url\":\"https:\/\/wpguerssen-test.odoo.rgbconsulting.com\/wp-content\/uploads\/2022\/04\/Logo_Guerssen_trans_100.png\",\"contentUrl\":\"https:\/\/wpguerssen-test.odoo.rgbconsulting.com\/wp-content\/uploads\/2022\/04\/Logo_Guerssen_trans_100.png\",\"width\":122,\"height\":100,\"caption\":\"Guerssen records\"},\"image\":{\"@id\":\"https:\/\/wpguerssen-test.odoo.rgbconsulting.com\/es\/#\/schema\/logo\/image\/\"}}]}<\/script>\n<!-- \/ Yoast SEO plugin. -->","yoast_head_json":{"title":"CHIMENTI, Silvano - Disco Music -  (LP) | Guerssen","description":"Composed by legendary library guitarist and founding member of I Gres, Silvano Chimenti, and accompanied by his orchestra, \"Disco Music\" is an essential release of the Usignolo catalog and probably one of the most sought after titles of the series. This album displays a broad range of styles masterfully blended together by Chimenti, going from disco-funky bangers \"Happy California\" and \"Autostrade Americane\" that lead way to the more dramatic and suspenseful vibes of \"Society Problem\" and \"Tragedy\", finishing off with the rock vibes of \"Indian Summer\" and the mellow atmospheres of softer, lounge-like songs such as \"Lady Primavera\" and \"Chiara\". One of the most complete and well-rounded library albums of its era, \"Disco Music\" is finally available on vinyl once again after a very long time as a limited edition pressing of 500 copies.","robots":{"index":"index","follow":"follow","max-snippet":"max-snippet:-1","max-image-preview":"max-image-preview:large","max-video-preview":"max-video-preview:-1"},"canonical":"https:\/\/wpguerssen-test.odoo.rgbconsulting.com\/es\/producto\/disco-music\/","og_locale":"es_ES","og_type":"article","og_title":"CHIMENTI, Silvano - Disco Music -  (LP) | Guerssen","og_description":"Composed by legendary library guitarist and founding member of I Gres, Silvano Chimenti, and accompanied by his orchestra, \"Disco Music\" is an essential release of the Usignolo catalog and probably one of the most sought after titles of the series. This album displays a broad range of styles masterfully blended together by Chimenti, going from disco-funky bangers \"Happy California\" and \"Autostrade Americane\" that lead way to the more dramatic and suspenseful vibes of \"Society Problem\" and \"Tragedy\", finishing off with the rock vibes of \"Indian Summer\" and the mellow atmospheres of softer, lounge-like songs such as \"Lady Primavera\" and \"Chiara\". One of the most complete and well-rounded library albums of its era, \"Disco Music\" is finally available on vinyl once again after a very long time as a limited edition pressing of 500 copies.","og_url":"https:\/\/wpguerssen-test.odoo.rgbconsulting.com\/es\/producto\/disco-music\/","og_site_name":"Guerssen records","article_modified_time":"2025-04-29T11:32:26+00:00","og_image":[{"width":1200,"height":1200,"url":"https:\/\/wpguerssen-test.odoo.rgbconsulting.com\/wp-content\/uploads\/2022\/07\/41417.jpg","type":"image\/jpeg"}],"twitter_card":"summary_large_image","twitter_title":"CHIMENTI, Silvano - Disco Music -  (LP) | Guerssen","twitter_misc":{"Tiempo de lectura":"1 minuto"},"schema":{"@context":"https:\/\/schema.org","@graph":[{"@type":"WebPage","@id":"https:\/\/wpguerssen-test.odoo.rgbconsulting.com\/es\/producto\/disco-music\/","url":"https:\/\/wpguerssen-test.odoo.rgbconsulting.com\/es\/producto\/disco-music\/","name":"CHIMENTI, Silvano - Disco Music - (LP) | Guerssen","isPartOf":{"@id":"https:\/\/wpguerssen-test.odoo.rgbconsulting.com\/es\/#website"},"primaryImageOfPage":{"@id":"https:\/\/wpguerssen-test.odoo.rgbconsulting.com\/es\/producto\/disco-music\/#primaryimage"},"image":{"@id":"https:\/\/wpguerssen-test.odoo.rgbconsulting.com\/es\/producto\/disco-music\/#primaryimage"},"thumbnailUrl":"https:\/\/wpguerssen-test.odoo.rgbconsulting.com\/wp-content\/uploads\/2022\/07\/41417.jpg","datePublished":"2022-07-13T22:00:00+00:00","dateModified":"2025-04-29T11:32:26+00:00","description":"Composed by legendary library guitarist and founding member of I Gres, Silvano Chimenti, and accompanied by his orchestra, \"Disco Music\" is an essential release of the Usignolo catalog and probably one of the most sought after titles of the series. This album displays a broad range of styles masterfully blended together by Chimenti, going from disco-funky bangers \"Happy California\" and \"Autostrade Americane\" that lead way to the more dramatic and suspenseful vibes of \"Society Problem\" and \"Tragedy\", finishing off with the rock vibes of \"Indian Summer\" and the mellow atmospheres of softer, lounge-like songs such as \"Lady Primavera\" and \"Chiara\". One of the most complete and well-rounded library albums of its era, \"Disco Music\" is finally available on vinyl once again after a very long time as a limited edition pressing of 500 copies.","breadcrumb":{"@id":"https:\/\/wpguerssen-test.odoo.rgbconsulting.com\/es\/producto\/disco-music\/#breadcrumb"},"inLanguage":"es","potentialAction":[{"@type":"ReadAction","target":["https:\/\/wpguerssen-test.odoo.rgbconsulting.com\/es\/producto\/disco-music\/"]}]},{"@type":"ImageObject","inLanguage":"es","@id":"https:\/\/wpguerssen-test.odoo.rgbconsulting.com\/es\/producto\/disco-music\/#primaryimage","url":"https:\/\/wpguerssen-test.odoo.rgbconsulting.com\/wp-content\/uploads\/2022\/07\/41417.jpg","contentUrl":"https:\/\/wpguerssen-test.odoo.rgbconsulting.com\/wp-content\/uploads\/2022\/07\/41417.jpg","width":1200,"height":1200,"caption":"Silvano - Disco Music - HOLY BASIL (LP) | Guerssen"},{"@type":"BreadcrumbList","@id":"https:\/\/wpguerssen-test.odoo.rgbconsulting.com\/es\/producto\/disco-music\/#breadcrumb","itemListElement":[{"@type":"ListItem","position":1,"name":"Inicio","item":"https:\/\/wpguerssen-test.odoo.rgbconsulting.com\/es\/"},{"@type":"ListItem","position":2,"name":"Shop","item":"https:\/\/wpguerssen-test.odoo.rgbconsulting.com\/shop\/"},{"@type":"ListItem","position":3,"name":"Disco Music"}]},{"@type":"WebSite","@id":"https:\/\/wpguerssen-test.odoo.rgbconsulting.com\/es\/#website","url":"https:\/\/wpguerssen-test.odoo.rgbconsulting.com\/es\/","name":"Guerssen records","description":"psychedelia - progressive - folk - garage ","publisher":{"@id":"https:\/\/wpguerssen-test.odoo.rgbconsulting.com\/es\/#organization"},"potentialAction":[{"@type":"SearchAction","target":{"@type":"EntryPoint","urlTemplate":"https:\/\/wpguerssen-test.odoo.rgbconsulting.com\/es\/?s={search_term_string}"},"query-input":{"@type":"PropertyValueSpecification","valueRequired":true,"valueName":"search_term_string"}}],"inLanguage":"es"},{"@type":"Organization","@id":"https:\/\/wpguerssen-test.odoo.rgbconsulting.com\/es\/#organization","name":"Guerssen records","url":"https:\/\/wpguerssen-test.odoo.rgbconsulting.com\/es\/","logo":{"@type":"ImageObject","inLanguage":"es","@id":"https:\/\/wpguerssen-test.odoo.rgbconsulting.com\/es\/#\/schema\/logo\/image\/","url":"https:\/\/wpguerssen-test.odoo.rgbconsulting.com\/wp-content\/uploads\/2022\/04\/Logo_Guerssen_trans_100.png","contentUrl":"https:\/\/wpguerssen-test.odoo.rgbconsulting.com\/wp-content\/uploads\/2022\/04\/Logo_Guerssen_trans_100.png","width":122,"height":100,"caption":"Guerssen records"},"image":{"@id":"https:\/\/wpguerssen-test.odoo.rgbconsulting.com\/es\/#\/schema\/logo\/image\/"}}]}},"_links":{"self":[{"href":"https:\/\/wpguerssen-test.odoo.rgbconsulting.com\/es\/wp-json\/wp\/v2\/product\/213577","targetHints":{"allow":["GET"]}}],"collection":[{"href":"https:\/\/wpguerssen-test.odoo.rgbconsulting.com\/es\/wp-json\/wp\/v2\/product"}],"about":[{"href":"https:\/\/wpguerssen-test.odoo.rgbconsulting.com\/es\/wp-json\/wp\/v2\/types\/product"}],"wp:featuredmedia":[{"embeddable":true,"href":"https:\/\/wpguerssen-test.odoo.rgbconsulting.com\/es\/wp-json\/wp\/v2\/media\/214665"}],"wp:attachment":[{"href":"https:\/\/wpguerssen-test.odoo.rgbconsulting.com\/es\/wp-json\/wp\/v2\/media?parent=213577"}],"wp:term":[{"taxonomy":"product_brand","embeddable":true,"href":"https:\/\/wpguerssen-test.odoo.rgbconsulting.com\/es\/wp-json\/wp\/v2\/product_brand?post=213577"},{"taxonomy":"product_cat","embeddable":true,"href":"https:\/\/wpguerssen-test.odoo.rgbconsulting.com\/es\/wp-json\/wp\/v2\/product_cat?post=213577"},{"taxonomy":"product_tag","embeddable":true,"href":"https:\/\/wpguerssen-test.odoo.rgbconsulting.com\/es\/wp-json\/wp\/v2\/product_tag?post=213577"}],"curies":[{"name":"wp","href":"https:\/\/api.w.org\/{rel}","templated":true}]}}