{"id":213622,"date":"2025-02-28T00:00:00","date_gmt":"2025-02-27T23:00:00","guid":{"rendered":"https:\/\/wpguerssen-test.odoo.rgbconsulting.com\/product\/willow-tree-broken-man-just-a-dream\/"},"modified":"2025-04-22T15:51:50","modified_gmt":"2025-04-22T13:51:50","slug":"willow-tree-broken-man-just-a-dream","status":"publish","type":"product","link":"https:\/\/wpguerssen-test.odoo.rgbconsulting.com\/es\/producto\/willow-tree-broken-man-just-a-dream\/","title":{"rendered":"Willow Tree \/ Broken Man \/ Just a Dream"},"content":{"rendered":"<p>Peanut Rubble era un tr\u00edo de Buckinhamshire, un \u00e1rea rural a unas pocas millas al noroeste de Londres. Estas grabaciones de Radio Luxembourg Studios se realizaron en 1968, siendo una muestra temprana de la m\u00fasica heavy brit\u00e1nica un a\u00f1o antes de que Led Zeppelin lanzara su primer \u00e1lbum.<br \/>Sol\u00edan tocar en circuitos universitarios, bases a\u00e9reas y clubes juveniles con amplificadores Marshall de 100w , siendo demasiado ruidosos para algunos de esos clubes. Apoyaron a bandas como Status Quo, The Pretty Things, Arthur Brown o Pink Floyd.<br \/>El sencillo contiene tres canciones remasterizadas de ruidoso heavy blues y ahora se edita por primera vez. Incluye un insert con la historia de la banda.<\/p>\n","protected":false},"excerpt":{"rendered":"<p>Peanut Rubble era un tr\u00edo de Buckinhamshire, un \u00e1rea rural a unas pocas millas al noroeste de Londres. Estas grabaciones de Radio Luxembourg Studios se realizaron<a class=\"read\" href=\"https:\/\/wpguerssen-test.odoo.rgbconsulting.com\/es\/producto\/willow-tree-broken-man-just-a-dream\/\"> (...)<\/a>","protected":false},"featured_media":215411,"template":"","meta":{"_acf_changed":false},"product_brand":[],"product_cat":[21639,23262],"product_tag":[24185],"class_list":{"0":"post-213622","1":"product","2":"type-product","3":"status-publish","4":"has-post-thumbnail","6":"product_cat-psychedelic60s-70s-es","7":"product_cat-blues-blues-rock-es","8":"product_tag-de-nuevo-en-existencia","9":"pa_artist-peanut-rubble","10":"pa_format-7-es","11":"pa_gender-blues-blues-rock-psychedelic60s-70s","12":"pa_label-yunque-records","13":"pa_location-uk-ireland-es","14":"pa_other-filters-vinyl-only-es","16":"first","17":"instock","18":"taxable","19":"shipping-taxable","20":"purchasable","21":"product-type-simple"},"acf":[],"yoast_head":"<!-- This site is optimized with the Yoast SEO plugin v24.9 - https:\/\/yoast.com\/wordpress\/plugins\/seo\/ -->\n<title>PEANUT RUBBLE - Willow Tree \/ Broken Man \/ Just a Dream -  (7&quot;) | Guerssen<\/title>\n<meta name=\"description\" content=\"Peanut Rubble was a power trio from Buckinhamshire, a rural area a few miles northwest of London. This Radio Luxembourg Studios recordings were made back in 1968, being an early sample of british heavy music one year before Led Zeppelin released their first album.They used to play in college\/university circuit, airbases and youth clubs with 100w Marshall stacks, being too loud for some of those clubs. They supported bands such as Status Quo, The Pretty Things, Arthur Brown or Pink Floyd.The single contains three remastered songs of pure loud heavy blues, with a smooth drum playing and a thick fuzzy sound, being now released for the first time. It includes an insert with the story of the band.\" \/>\n<meta name=\"robots\" content=\"index, follow, max-snippet:-1, max-image-preview:large, max-video-preview:-1\" \/>\n<link rel=\"canonical\" href=\"https:\/\/wpguerssen-test.odoo.rgbconsulting.com\/es\/producto\/willow-tree-broken-man-just-a-dream\/\" \/>\n<meta property=\"og:locale\" content=\"es_ES\" \/>\n<meta property=\"og:type\" content=\"article\" \/>\n<meta property=\"og:title\" content=\"PEANUT RUBBLE - Willow Tree \/ Broken Man \/ Just a Dream -  (7&quot;) | Guerssen\" \/>\n<meta property=\"og:description\" content=\"Peanut Rubble was a power trio from Buckinhamshire, a rural area a few miles northwest of London. This Radio Luxembourg Studios recordings were made back in 1968, being an early sample of british heavy music one year before Led Zeppelin released their first album.They used to play in college\/university circuit, airbases and youth clubs with 100w Marshall stacks, being too loud for some of those clubs. They supported bands such as Status Quo, The Pretty Things, Arthur Brown or Pink Floyd.The single contains three remastered songs of pure loud heavy blues, with a smooth drum playing and a thick fuzzy sound, being now released for the first time. It includes an insert with the story of the band.\" \/>\n<meta property=\"og:url\" content=\"https:\/\/wpguerssen-test.odoo.rgbconsulting.com\/es\/producto\/willow-tree-broken-man-just-a-dream\/\" \/>\n<meta property=\"og:site_name\" content=\"Guerssen records\" \/>\n<meta property=\"article:modified_time\" content=\"2025-04-22T13:51:50+00:00\" \/>\n<meta property=\"og:image\" content=\"https:\/\/wpguerssen-test.odoo.rgbconsulting.com\/wp-content\/uploads\/2022\/07\/41429.jpg\" \/>\n\t<meta property=\"og:image:width\" content=\"450\" \/>\n\t<meta property=\"og:image:height\" content=\"452\" \/>\n\t<meta property=\"og:image:type\" content=\"image\/jpeg\" \/>\n<meta name=\"twitter:card\" content=\"summary_large_image\" \/>\n<meta name=\"twitter:title\" content=\"PEANUT RUBBLE - Willow Tree \/ Broken Man \/ Just a Dream -  (7&quot;) | Guerssen\" \/>\n<meta name=\"twitter:label1\" content=\"Tiempo de lectura\" \/>\n\t<meta name=\"twitter:data1\" content=\"1 minuto\" \/>\n<script type=\"application\/ld+json\" class=\"yoast-schema-graph\">{\"@context\":\"https:\/\/schema.org\",\"@graph\":[{\"@type\":\"WebPage\",\"@id\":\"https:\/\/wpguerssen-test.odoo.rgbconsulting.com\/es\/producto\/willow-tree-broken-man-just-a-dream\/\",\"url\":\"https:\/\/wpguerssen-test.odoo.rgbconsulting.com\/es\/producto\/willow-tree-broken-man-just-a-dream\/\",\"name\":\"PEANUT RUBBLE - Willow Tree \/ Broken Man \/ Just a Dream - (7\\\") | Guerssen\",\"isPartOf\":{\"@id\":\"https:\/\/wpguerssen-test.odoo.rgbconsulting.com\/es\/#website\"},\"primaryImageOfPage\":{\"@id\":\"https:\/\/wpguerssen-test.odoo.rgbconsulting.com\/es\/producto\/willow-tree-broken-man-just-a-dream\/#primaryimage\"},\"image\":{\"@id\":\"https:\/\/wpguerssen-test.odoo.rgbconsulting.com\/es\/producto\/willow-tree-broken-man-just-a-dream\/#primaryimage\"},\"thumbnailUrl\":\"https:\/\/wpguerssen-test.odoo.rgbconsulting.com\/wp-content\/uploads\/2022\/07\/41429.jpg\",\"datePublished\":\"2025-02-27T23:00:00+00:00\",\"dateModified\":\"2025-04-22T13:51:50+00:00\",\"description\":\"Peanut Rubble was a power trio from Buckinhamshire, a rural area a few miles northwest of London. This Radio Luxembourg Studios recordings were made back in 1968, being an early sample of british heavy music one year before Led Zeppelin released their first album.They used to play in college\/university circuit, airbases and youth clubs with 100w Marshall stacks, being too loud for some of those clubs. They supported bands such as Status Quo, The Pretty Things, Arthur Brown or Pink Floyd.The single contains three remastered songs of pure loud heavy blues, with a smooth drum playing and a thick fuzzy sound, being now released for the first time. It includes an insert with the story of the band.\",\"breadcrumb\":{\"@id\":\"https:\/\/wpguerssen-test.odoo.rgbconsulting.com\/es\/producto\/willow-tree-broken-man-just-a-dream\/#breadcrumb\"},\"inLanguage\":\"es\",\"potentialAction\":[{\"@type\":\"ReadAction\",\"target\":[\"https:\/\/wpguerssen-test.odoo.rgbconsulting.com\/es\/producto\/willow-tree-broken-man-just-a-dream\/\"]}]},{\"@type\":\"ImageObject\",\"inLanguage\":\"es\",\"@id\":\"https:\/\/wpguerssen-test.odoo.rgbconsulting.com\/es\/producto\/willow-tree-broken-man-just-a-dream\/#primaryimage\",\"url\":\"https:\/\/wpguerssen-test.odoo.rgbconsulting.com\/wp-content\/uploads\/2022\/07\/41429.jpg\",\"contentUrl\":\"https:\/\/wpguerssen-test.odoo.rgbconsulting.com\/wp-content\/uploads\/2022\/07\/41429.jpg\",\"width\":450,\"height\":452},{\"@type\":\"BreadcrumbList\",\"@id\":\"https:\/\/wpguerssen-test.odoo.rgbconsulting.com\/es\/producto\/willow-tree-broken-man-just-a-dream\/#breadcrumb\",\"itemListElement\":[{\"@type\":\"ListItem\",\"position\":1,\"name\":\"Inicio\",\"item\":\"https:\/\/wpguerssen-test.odoo.rgbconsulting.com\/es\/\"},{\"@type\":\"ListItem\",\"position\":2,\"name\":\"Shop\",\"item\":\"https:\/\/wpguerssen-test.odoo.rgbconsulting.com\/shop\/\"},{\"@type\":\"ListItem\",\"position\":3,\"name\":\"Willow Tree \/ Broken Man \/ Just a Dream\"}]},{\"@type\":\"WebSite\",\"@id\":\"https:\/\/wpguerssen-test.odoo.rgbconsulting.com\/es\/#website\",\"url\":\"https:\/\/wpguerssen-test.odoo.rgbconsulting.com\/es\/\",\"name\":\"Guerssen records\",\"description\":\"psychedelia - progressive - folk - garage \",\"publisher\":{\"@id\":\"https:\/\/wpguerssen-test.odoo.rgbconsulting.com\/es\/#organization\"},\"potentialAction\":[{\"@type\":\"SearchAction\",\"target\":{\"@type\":\"EntryPoint\",\"urlTemplate\":\"https:\/\/wpguerssen-test.odoo.rgbconsulting.com\/es\/?s={search_term_string}\"},\"query-input\":{\"@type\":\"PropertyValueSpecification\",\"valueRequired\":true,\"valueName\":\"search_term_string\"}}],\"inLanguage\":\"es\"},{\"@type\":\"Organization\",\"@id\":\"https:\/\/wpguerssen-test.odoo.rgbconsulting.com\/es\/#organization\",\"name\":\"Guerssen records\",\"url\":\"https:\/\/wpguerssen-test.odoo.rgbconsulting.com\/es\/\",\"logo\":{\"@type\":\"ImageObject\",\"inLanguage\":\"es\",\"@id\":\"https:\/\/wpguerssen-test.odoo.rgbconsulting.com\/es\/#\/schema\/logo\/image\/\",\"url\":\"https:\/\/wpguerssen-test.odoo.rgbconsulting.com\/wp-content\/uploads\/2022\/04\/Logo_Guerssen_trans_100.png\",\"contentUrl\":\"https:\/\/wpguerssen-test.odoo.rgbconsulting.com\/wp-content\/uploads\/2022\/04\/Logo_Guerssen_trans_100.png\",\"width\":122,\"height\":100,\"caption\":\"Guerssen records\"},\"image\":{\"@id\":\"https:\/\/wpguerssen-test.odoo.rgbconsulting.com\/es\/#\/schema\/logo\/image\/\"}}]}<\/script>\n<!-- \/ Yoast SEO plugin. -->","yoast_head_json":{"title":"PEANUT RUBBLE - Willow Tree \/ Broken Man \/ Just a Dream -  (7\") | Guerssen","description":"Peanut Rubble was a power trio from Buckinhamshire, a rural area a few miles northwest of London. This Radio Luxembourg Studios recordings were made back in 1968, being an early sample of british heavy music one year before Led Zeppelin released their first album.They used to play in college\/university circuit, airbases and youth clubs with 100w Marshall stacks, being too loud for some of those clubs. They supported bands such as Status Quo, The Pretty Things, Arthur Brown or Pink Floyd.The single contains three remastered songs of pure loud heavy blues, with a smooth drum playing and a thick fuzzy sound, being now released for the first time. It includes an insert with the story of the band.","robots":{"index":"index","follow":"follow","max-snippet":"max-snippet:-1","max-image-preview":"max-image-preview:large","max-video-preview":"max-video-preview:-1"},"canonical":"https:\/\/wpguerssen-test.odoo.rgbconsulting.com\/es\/producto\/willow-tree-broken-man-just-a-dream\/","og_locale":"es_ES","og_type":"article","og_title":"PEANUT RUBBLE - Willow Tree \/ Broken Man \/ Just a Dream -  (7\") | Guerssen","og_description":"Peanut Rubble was a power trio from Buckinhamshire, a rural area a few miles northwest of London. This Radio Luxembourg Studios recordings were made back in 1968, being an early sample of british heavy music one year before Led Zeppelin released their first album.They used to play in college\/university circuit, airbases and youth clubs with 100w Marshall stacks, being too loud for some of those clubs. They supported bands such as Status Quo, The Pretty Things, Arthur Brown or Pink Floyd.The single contains three remastered songs of pure loud heavy blues, with a smooth drum playing and a thick fuzzy sound, being now released for the first time. It includes an insert with the story of the band.","og_url":"https:\/\/wpguerssen-test.odoo.rgbconsulting.com\/es\/producto\/willow-tree-broken-man-just-a-dream\/","og_site_name":"Guerssen records","article_modified_time":"2025-04-22T13:51:50+00:00","og_image":[{"width":450,"height":452,"url":"https:\/\/wpguerssen-test.odoo.rgbconsulting.com\/wp-content\/uploads\/2022\/07\/41429.jpg","type":"image\/jpeg"}],"twitter_card":"summary_large_image","twitter_title":"PEANUT RUBBLE - Willow Tree \/ Broken Man \/ Just a Dream -  (7\") | Guerssen","twitter_misc":{"Tiempo de lectura":"1 minuto"},"schema":{"@context":"https:\/\/schema.org","@graph":[{"@type":"WebPage","@id":"https:\/\/wpguerssen-test.odoo.rgbconsulting.com\/es\/producto\/willow-tree-broken-man-just-a-dream\/","url":"https:\/\/wpguerssen-test.odoo.rgbconsulting.com\/es\/producto\/willow-tree-broken-man-just-a-dream\/","name":"PEANUT RUBBLE - Willow Tree \/ Broken Man \/ Just a Dream - (7\") | Guerssen","isPartOf":{"@id":"https:\/\/wpguerssen-test.odoo.rgbconsulting.com\/es\/#website"},"primaryImageOfPage":{"@id":"https:\/\/wpguerssen-test.odoo.rgbconsulting.com\/es\/producto\/willow-tree-broken-man-just-a-dream\/#primaryimage"},"image":{"@id":"https:\/\/wpguerssen-test.odoo.rgbconsulting.com\/es\/producto\/willow-tree-broken-man-just-a-dream\/#primaryimage"},"thumbnailUrl":"https:\/\/wpguerssen-test.odoo.rgbconsulting.com\/wp-content\/uploads\/2022\/07\/41429.jpg","datePublished":"2025-02-27T23:00:00+00:00","dateModified":"2025-04-22T13:51:50+00:00","description":"Peanut Rubble was a power trio from Buckinhamshire, a rural area a few miles northwest of London. This Radio Luxembourg Studios recordings were made back in 1968, being an early sample of british heavy music one year before Led Zeppelin released their first album.They used to play in college\/university circuit, airbases and youth clubs with 100w Marshall stacks, being too loud for some of those clubs. They supported bands such as Status Quo, The Pretty Things, Arthur Brown or Pink Floyd.The single contains three remastered songs of pure loud heavy blues, with a smooth drum playing and a thick fuzzy sound, being now released for the first time. It includes an insert with the story of the band.","breadcrumb":{"@id":"https:\/\/wpguerssen-test.odoo.rgbconsulting.com\/es\/producto\/willow-tree-broken-man-just-a-dream\/#breadcrumb"},"inLanguage":"es","potentialAction":[{"@type":"ReadAction","target":["https:\/\/wpguerssen-test.odoo.rgbconsulting.com\/es\/producto\/willow-tree-broken-man-just-a-dream\/"]}]},{"@type":"ImageObject","inLanguage":"es","@id":"https:\/\/wpguerssen-test.odoo.rgbconsulting.com\/es\/producto\/willow-tree-broken-man-just-a-dream\/#primaryimage","url":"https:\/\/wpguerssen-test.odoo.rgbconsulting.com\/wp-content\/uploads\/2022\/07\/41429.jpg","contentUrl":"https:\/\/wpguerssen-test.odoo.rgbconsulting.com\/wp-content\/uploads\/2022\/07\/41429.jpg","width":450,"height":452},{"@type":"BreadcrumbList","@id":"https:\/\/wpguerssen-test.odoo.rgbconsulting.com\/es\/producto\/willow-tree-broken-man-just-a-dream\/#breadcrumb","itemListElement":[{"@type":"ListItem","position":1,"name":"Inicio","item":"https:\/\/wpguerssen-test.odoo.rgbconsulting.com\/es\/"},{"@type":"ListItem","position":2,"name":"Shop","item":"https:\/\/wpguerssen-test.odoo.rgbconsulting.com\/shop\/"},{"@type":"ListItem","position":3,"name":"Willow Tree \/ Broken Man \/ Just a Dream"}]},{"@type":"WebSite","@id":"https:\/\/wpguerssen-test.odoo.rgbconsulting.com\/es\/#website","url":"https:\/\/wpguerssen-test.odoo.rgbconsulting.com\/es\/","name":"Guerssen records","description":"psychedelia - progressive - folk - garage ","publisher":{"@id":"https:\/\/wpguerssen-test.odoo.rgbconsulting.com\/es\/#organization"},"potentialAction":[{"@type":"SearchAction","target":{"@type":"EntryPoint","urlTemplate":"https:\/\/wpguerssen-test.odoo.rgbconsulting.com\/es\/?s={search_term_string}"},"query-input":{"@type":"PropertyValueSpecification","valueRequired":true,"valueName":"search_term_string"}}],"inLanguage":"es"},{"@type":"Organization","@id":"https:\/\/wpguerssen-test.odoo.rgbconsulting.com\/es\/#organization","name":"Guerssen records","url":"https:\/\/wpguerssen-test.odoo.rgbconsulting.com\/es\/","logo":{"@type":"ImageObject","inLanguage":"es","@id":"https:\/\/wpguerssen-test.odoo.rgbconsulting.com\/es\/#\/schema\/logo\/image\/","url":"https:\/\/wpguerssen-test.odoo.rgbconsulting.com\/wp-content\/uploads\/2022\/04\/Logo_Guerssen_trans_100.png","contentUrl":"https:\/\/wpguerssen-test.odoo.rgbconsulting.com\/wp-content\/uploads\/2022\/04\/Logo_Guerssen_trans_100.png","width":122,"height":100,"caption":"Guerssen records"},"image":{"@id":"https:\/\/wpguerssen-test.odoo.rgbconsulting.com\/es\/#\/schema\/logo\/image\/"}}]}},"_links":{"self":[{"href":"https:\/\/wpguerssen-test.odoo.rgbconsulting.com\/es\/wp-json\/wp\/v2\/product\/213622","targetHints":{"allow":["GET"]}}],"collection":[{"href":"https:\/\/wpguerssen-test.odoo.rgbconsulting.com\/es\/wp-json\/wp\/v2\/product"}],"about":[{"href":"https:\/\/wpguerssen-test.odoo.rgbconsulting.com\/es\/wp-json\/wp\/v2\/types\/product"}],"wp:featuredmedia":[{"embeddable":true,"href":"https:\/\/wpguerssen-test.odoo.rgbconsulting.com\/es\/wp-json\/wp\/v2\/media\/215411"}],"wp:attachment":[{"href":"https:\/\/wpguerssen-test.odoo.rgbconsulting.com\/es\/wp-json\/wp\/v2\/media?parent=213622"}],"wp:term":[{"taxonomy":"product_brand","embeddable":true,"href":"https:\/\/wpguerssen-test.odoo.rgbconsulting.com\/es\/wp-json\/wp\/v2\/product_brand?post=213622"},{"taxonomy":"product_cat","embeddable":true,"href":"https:\/\/wpguerssen-test.odoo.rgbconsulting.com\/es\/wp-json\/wp\/v2\/product_cat?post=213622"},{"taxonomy":"product_tag","embeddable":true,"href":"https:\/\/wpguerssen-test.odoo.rgbconsulting.com\/es\/wp-json\/wp\/v2\/product_tag?post=213622"}],"curies":[{"name":"wp","href":"https:\/\/api.w.org\/{rel}","templated":true}]}}