{"id":213779,"date":"2025-03-04T00:00:00","date_gmt":"2025-03-03T23:00:00","guid":{"rendered":"https:\/\/wpguerssen-test.odoo.rgbconsulting.com\/product\/farm-cd\/"},"modified":"2025-04-25T13:37:16","modified_gmt":"2025-04-25T11:37:16","slug":"farm-cd","status":"publish","type":"product","link":"https:\/\/wpguerssen-test.odoo.rgbconsulting.com\/es\/producto\/farm-cd\/","title":{"rendered":"Farm (CD)"},"content":{"rendered":"<p>Originalmente editado como prensaje privado en 1971, el \u00fanico disco de FARM es un objeto de culto muy buscado entre coleccionistas y fans del g\u00e9nero. Grabado por este grupo procedente del sur de Illinois en 1971 &#8211; en los legendarios estudios Golden Voice &#8211; el disco est\u00e1 repleto de bluesy hard-rock con toques psicod\u00e9licos. Largas jams con tremenda guitarra dual, \u00f3rgano, congas, arm\u00f3nica&#8230; <\/p>\n<p> Recomendado si te gustan Quicksilver, Allman Brothers, Canned Heat o Ten Years After. <\/p>\n<p> *Arte de portada original<br \/>*Cup\u00f3n de descarga digital<br \/>*Fant\u00e1stico sonido remasterizado <br \/>*Insert con notas por Kevin Rathert (It&#8217;s Psychedelic Baby) y fotos<br \/>\u00abUn disco vital para fans de sonidos vintage guitarreros\u00bb<br \/>&#8211; Patrick Lundborg (Acid Archives) <\/p>\n<p> Tracklist:<br \/>1. Jungle Song &#8211; 2. Let That Boy Boogie &#8211; 3. Sunshine In My Window &#8211; 4. Cottonfield Woman &#8211; 5. Statesboro Blues<\/p>\n","protected":false},"excerpt":{"rendered":"<p>Originalmente editado como prensaje privado en 1971, el \u00fanico disco de FARM es un objeto de culto muy buscado entre coleccionistas y fans del g\u00e9nero. Grabado por<a class=\"read\" href=\"https:\/\/wpguerssen-test.odoo.rgbconsulting.com\/es\/producto\/farm-cd\/\"> (...)<\/a>","protected":false},"featured_media":213867,"template":"","meta":{"_acf_changed":false},"product_brand":[],"product_cat":[21639,23262],"product_tag":[29138,24185],"class_list":{"0":"post-213779","1":"product","2":"type-product","3":"status-publish","4":"has-post-thumbnail","6":"product_cat-psychedelic60s-70s-es","7":"product_cat-blues-blues-rock-es","8":"product_tag-cd-es","9":"product_tag-de-nuevo-en-existencia","10":"pa_artist-farm","11":"pa_format-cd-2-es","12":"pa_gender-psychedelic60s-70s-blues-blues-rock","13":"pa_label-guerssen-es","14":"pa_location-north-america-es","16":"first","17":"instock","18":"taxable","19":"shipping-taxable","20":"purchasable","21":"product-type-simple"},"acf":[],"yoast_head":"<!-- This site is optimized with the Yoast SEO plugin v24.9 - https:\/\/yoast.com\/wordpress\/plugins\/seo\/ -->\n<title>FARM - Farm (CD) -  (CD) | Guerssen<\/title>\n<meta name=\"description\" content=\"Originally released as private pressing in 1971, the Farm album is highly sought after and revered by collectors. Recorded by this Southern Illinois band in 1971 at the legendary Golden Voice studios, it&#039;s full choc of jammy, bluesy guitar psych with heavy dual guitars, organ, congas, harp... #nl# Recommended if you like Quicksilver, Allman Brothers, Canned Heat, Ten Years After... #nl# *Original artwork #nl# *Download card #nl# *Insert with extensive liner notes by Kevin Rathert (It&#039;s Psychedelic Baby) and photos #nl# *Remastered sound #nl# &quot;A vital album for fans of vintage guitar action.&quot;- Patrick Lundborg (Acid Archives) #nl# Tracklist:1. Jungle Song - 2. Let That Boy Boogie - 3. Sunshine In My Window - 4. Cottonfield Woman - 5. Statesboro Blues\" \/>\n<meta name=\"robots\" content=\"index, follow, max-snippet:-1, max-image-preview:large, max-video-preview:-1\" \/>\n<link rel=\"canonical\" href=\"https:\/\/wpguerssen-test.odoo.rgbconsulting.com\/es\/producto\/farm-cd\/\" \/>\n<meta property=\"og:locale\" content=\"es_ES\" \/>\n<meta property=\"og:type\" content=\"article\" \/>\n<meta property=\"og:title\" content=\"FARM - Farm (CD) -  (CD) | Guerssen\" \/>\n<meta property=\"og:description\" content=\"Originally released as private pressing in 1971, the Farm album is highly sought after and revered by collectors. Recorded by this Southern Illinois band in 1971 at the legendary Golden Voice studios, it&#039;s full choc of jammy, bluesy guitar psych with heavy dual guitars, organ, congas, harp... #nl# Recommended if you like Quicksilver, Allman Brothers, Canned Heat, Ten Years After... #nl# *Original artwork #nl# *Download card #nl# *Insert with extensive liner notes by Kevin Rathert (It&#039;s Psychedelic Baby) and photos #nl# *Remastered sound #nl# &quot;A vital album for fans of vintage guitar action.&quot;- Patrick Lundborg (Acid Archives) #nl# Tracklist:1. Jungle Song - 2. Let That Boy Boogie - 3. Sunshine In My Window - 4. Cottonfield Woman - 5. Statesboro Blues\" \/>\n<meta property=\"og:url\" content=\"https:\/\/wpguerssen-test.odoo.rgbconsulting.com\/es\/producto\/farm-cd\/\" \/>\n<meta property=\"og:site_name\" content=\"Guerssen records\" \/>\n<meta property=\"article:modified_time\" content=\"2025-04-25T11:37:16+00:00\" \/>\n<meta property=\"og:image\" content=\"https:\/\/wpguerssen-test.odoo.rgbconsulting.com\/wp-content\/uploads\/2022\/06\/40092.jpg\" \/>\n\t<meta property=\"og:image:width\" content=\"1400\" \/>\n\t<meta property=\"og:image:height\" content=\"1400\" \/>\n\t<meta property=\"og:image:type\" content=\"image\/jpeg\" \/>\n<meta name=\"twitter:card\" content=\"summary_large_image\" \/>\n<meta name=\"twitter:title\" content=\"FARM - Farm (CD) -  (CD) | Guerssen\" \/>\n<meta name=\"twitter:label1\" content=\"Tiempo de lectura\" \/>\n\t<meta name=\"twitter:data1\" content=\"1 minuto\" \/>\n<script type=\"application\/ld+json\" class=\"yoast-schema-graph\">{\"@context\":\"https:\/\/schema.org\",\"@graph\":[{\"@type\":\"WebPage\",\"@id\":\"https:\/\/wpguerssen-test.odoo.rgbconsulting.com\/es\/producto\/farm-cd\/\",\"url\":\"https:\/\/wpguerssen-test.odoo.rgbconsulting.com\/es\/producto\/farm-cd\/\",\"name\":\"FARM - Farm (CD) - (CD) | Guerssen\",\"isPartOf\":{\"@id\":\"https:\/\/wpguerssen-test.odoo.rgbconsulting.com\/es\/#website\"},\"primaryImageOfPage\":{\"@id\":\"https:\/\/wpguerssen-test.odoo.rgbconsulting.com\/es\/producto\/farm-cd\/#primaryimage\"},\"image\":{\"@id\":\"https:\/\/wpguerssen-test.odoo.rgbconsulting.com\/es\/producto\/farm-cd\/#primaryimage\"},\"thumbnailUrl\":\"https:\/\/wpguerssen-test.odoo.rgbconsulting.com\/wp-content\/uploads\/2022\/06\/40092.jpg\",\"datePublished\":\"2025-03-03T23:00:00+00:00\",\"dateModified\":\"2025-04-25T11:37:16+00:00\",\"description\":\"Originally released as private pressing in 1971, the Farm album is highly sought after and revered by collectors. Recorded by this Southern Illinois band in 1971 at the legendary Golden Voice studios, it's full choc of jammy, bluesy guitar psych with heavy dual guitars, organ, congas, harp... #nl# Recommended if you like Quicksilver, Allman Brothers, Canned Heat, Ten Years After... #nl# *Original artwork #nl# *Download card #nl# *Insert with extensive liner notes by Kevin Rathert (It's Psychedelic Baby) and photos #nl# *Remastered sound #nl# \\\"A vital album for fans of vintage guitar action.\\\"- Patrick Lundborg (Acid Archives) #nl# Tracklist:1. Jungle Song - 2. Let That Boy Boogie - 3. Sunshine In My Window - 4. Cottonfield Woman - 5. Statesboro Blues\",\"breadcrumb\":{\"@id\":\"https:\/\/wpguerssen-test.odoo.rgbconsulting.com\/es\/producto\/farm-cd\/#breadcrumb\"},\"inLanguage\":\"es\",\"potentialAction\":[{\"@type\":\"ReadAction\",\"target\":[\"https:\/\/wpguerssen-test.odoo.rgbconsulting.com\/es\/producto\/farm-cd\/\"]}]},{\"@type\":\"ImageObject\",\"inLanguage\":\"es\",\"@id\":\"https:\/\/wpguerssen-test.odoo.rgbconsulting.com\/es\/producto\/farm-cd\/#primaryimage\",\"url\":\"https:\/\/wpguerssen-test.odoo.rgbconsulting.com\/wp-content\/uploads\/2022\/06\/40092.jpg\",\"contentUrl\":\"https:\/\/wpguerssen-test.odoo.rgbconsulting.com\/wp-content\/uploads\/2022\/06\/40092.jpg\",\"width\":1400,\"height\":1400},{\"@type\":\"BreadcrumbList\",\"@id\":\"https:\/\/wpguerssen-test.odoo.rgbconsulting.com\/es\/producto\/farm-cd\/#breadcrumb\",\"itemListElement\":[{\"@type\":\"ListItem\",\"position\":1,\"name\":\"Inicio\",\"item\":\"https:\/\/wpguerssen-test.odoo.rgbconsulting.com\/es\/\"},{\"@type\":\"ListItem\",\"position\":2,\"name\":\"Shop\",\"item\":\"https:\/\/wpguerssen-test.odoo.rgbconsulting.com\/shop\/\"},{\"@type\":\"ListItem\",\"position\":3,\"name\":\"Farm (CD)\"}]},{\"@type\":\"WebSite\",\"@id\":\"https:\/\/wpguerssen-test.odoo.rgbconsulting.com\/es\/#website\",\"url\":\"https:\/\/wpguerssen-test.odoo.rgbconsulting.com\/es\/\",\"name\":\"Guerssen records\",\"description\":\"psychedelia - progressive - folk - garage \",\"publisher\":{\"@id\":\"https:\/\/wpguerssen-test.odoo.rgbconsulting.com\/es\/#organization\"},\"potentialAction\":[{\"@type\":\"SearchAction\",\"target\":{\"@type\":\"EntryPoint\",\"urlTemplate\":\"https:\/\/wpguerssen-test.odoo.rgbconsulting.com\/es\/?s={search_term_string}\"},\"query-input\":{\"@type\":\"PropertyValueSpecification\",\"valueRequired\":true,\"valueName\":\"search_term_string\"}}],\"inLanguage\":\"es\"},{\"@type\":\"Organization\",\"@id\":\"https:\/\/wpguerssen-test.odoo.rgbconsulting.com\/es\/#organization\",\"name\":\"Guerssen records\",\"url\":\"https:\/\/wpguerssen-test.odoo.rgbconsulting.com\/es\/\",\"logo\":{\"@type\":\"ImageObject\",\"inLanguage\":\"es\",\"@id\":\"https:\/\/wpguerssen-test.odoo.rgbconsulting.com\/es\/#\/schema\/logo\/image\/\",\"url\":\"https:\/\/wpguerssen-test.odoo.rgbconsulting.com\/wp-content\/uploads\/2022\/04\/Logo_Guerssen_trans_100.png\",\"contentUrl\":\"https:\/\/wpguerssen-test.odoo.rgbconsulting.com\/wp-content\/uploads\/2022\/04\/Logo_Guerssen_trans_100.png\",\"width\":122,\"height\":100,\"caption\":\"Guerssen records\"},\"image\":{\"@id\":\"https:\/\/wpguerssen-test.odoo.rgbconsulting.com\/es\/#\/schema\/logo\/image\/\"}}]}<\/script>\n<!-- \/ Yoast SEO plugin. -->","yoast_head_json":{"title":"FARM - Farm (CD) -  (CD) | Guerssen","description":"Originally released as private pressing in 1971, the Farm album is highly sought after and revered by collectors. Recorded by this Southern Illinois band in 1971 at the legendary Golden Voice studios, it's full choc of jammy, bluesy guitar psych with heavy dual guitars, organ, congas, harp... #nl# Recommended if you like Quicksilver, Allman Brothers, Canned Heat, Ten Years After... #nl# *Original artwork #nl# *Download card #nl# *Insert with extensive liner notes by Kevin Rathert (It's Psychedelic Baby) and photos #nl# *Remastered sound #nl# \"A vital album for fans of vintage guitar action.\"- Patrick Lundborg (Acid Archives) #nl# Tracklist:1. Jungle Song - 2. Let That Boy Boogie - 3. Sunshine In My Window - 4. Cottonfield Woman - 5. Statesboro Blues","robots":{"index":"index","follow":"follow","max-snippet":"max-snippet:-1","max-image-preview":"max-image-preview:large","max-video-preview":"max-video-preview:-1"},"canonical":"https:\/\/wpguerssen-test.odoo.rgbconsulting.com\/es\/producto\/farm-cd\/","og_locale":"es_ES","og_type":"article","og_title":"FARM - Farm (CD) -  (CD) | Guerssen","og_description":"Originally released as private pressing in 1971, the Farm album is highly sought after and revered by collectors. Recorded by this Southern Illinois band in 1971 at the legendary Golden Voice studios, it's full choc of jammy, bluesy guitar psych with heavy dual guitars, organ, congas, harp... #nl# Recommended if you like Quicksilver, Allman Brothers, Canned Heat, Ten Years After... #nl# *Original artwork #nl# *Download card #nl# *Insert with extensive liner notes by Kevin Rathert (It's Psychedelic Baby) and photos #nl# *Remastered sound #nl# \"A vital album for fans of vintage guitar action.\"- Patrick Lundborg (Acid Archives) #nl# Tracklist:1. Jungle Song - 2. Let That Boy Boogie - 3. Sunshine In My Window - 4. Cottonfield Woman - 5. Statesboro Blues","og_url":"https:\/\/wpguerssen-test.odoo.rgbconsulting.com\/es\/producto\/farm-cd\/","og_site_name":"Guerssen records","article_modified_time":"2025-04-25T11:37:16+00:00","og_image":[{"width":1400,"height":1400,"url":"https:\/\/wpguerssen-test.odoo.rgbconsulting.com\/wp-content\/uploads\/2022\/06\/40092.jpg","type":"image\/jpeg"}],"twitter_card":"summary_large_image","twitter_title":"FARM - Farm (CD) -  (CD) | Guerssen","twitter_misc":{"Tiempo de lectura":"1 minuto"},"schema":{"@context":"https:\/\/schema.org","@graph":[{"@type":"WebPage","@id":"https:\/\/wpguerssen-test.odoo.rgbconsulting.com\/es\/producto\/farm-cd\/","url":"https:\/\/wpguerssen-test.odoo.rgbconsulting.com\/es\/producto\/farm-cd\/","name":"FARM - Farm (CD) - (CD) | Guerssen","isPartOf":{"@id":"https:\/\/wpguerssen-test.odoo.rgbconsulting.com\/es\/#website"},"primaryImageOfPage":{"@id":"https:\/\/wpguerssen-test.odoo.rgbconsulting.com\/es\/producto\/farm-cd\/#primaryimage"},"image":{"@id":"https:\/\/wpguerssen-test.odoo.rgbconsulting.com\/es\/producto\/farm-cd\/#primaryimage"},"thumbnailUrl":"https:\/\/wpguerssen-test.odoo.rgbconsulting.com\/wp-content\/uploads\/2022\/06\/40092.jpg","datePublished":"2025-03-03T23:00:00+00:00","dateModified":"2025-04-25T11:37:16+00:00","description":"Originally released as private pressing in 1971, the Farm album is highly sought after and revered by collectors. Recorded by this Southern Illinois band in 1971 at the legendary Golden Voice studios, it's full choc of jammy, bluesy guitar psych with heavy dual guitars, organ, congas, harp... #nl# Recommended if you like Quicksilver, Allman Brothers, Canned Heat, Ten Years After... #nl# *Original artwork #nl# *Download card #nl# *Insert with extensive liner notes by Kevin Rathert (It's Psychedelic Baby) and photos #nl# *Remastered sound #nl# \"A vital album for fans of vintage guitar action.\"- Patrick Lundborg (Acid Archives) #nl# Tracklist:1. Jungle Song - 2. Let That Boy Boogie - 3. Sunshine In My Window - 4. Cottonfield Woman - 5. Statesboro Blues","breadcrumb":{"@id":"https:\/\/wpguerssen-test.odoo.rgbconsulting.com\/es\/producto\/farm-cd\/#breadcrumb"},"inLanguage":"es","potentialAction":[{"@type":"ReadAction","target":["https:\/\/wpguerssen-test.odoo.rgbconsulting.com\/es\/producto\/farm-cd\/"]}]},{"@type":"ImageObject","inLanguage":"es","@id":"https:\/\/wpguerssen-test.odoo.rgbconsulting.com\/es\/producto\/farm-cd\/#primaryimage","url":"https:\/\/wpguerssen-test.odoo.rgbconsulting.com\/wp-content\/uploads\/2022\/06\/40092.jpg","contentUrl":"https:\/\/wpguerssen-test.odoo.rgbconsulting.com\/wp-content\/uploads\/2022\/06\/40092.jpg","width":1400,"height":1400},{"@type":"BreadcrumbList","@id":"https:\/\/wpguerssen-test.odoo.rgbconsulting.com\/es\/producto\/farm-cd\/#breadcrumb","itemListElement":[{"@type":"ListItem","position":1,"name":"Inicio","item":"https:\/\/wpguerssen-test.odoo.rgbconsulting.com\/es\/"},{"@type":"ListItem","position":2,"name":"Shop","item":"https:\/\/wpguerssen-test.odoo.rgbconsulting.com\/shop\/"},{"@type":"ListItem","position":3,"name":"Farm (CD)"}]},{"@type":"WebSite","@id":"https:\/\/wpguerssen-test.odoo.rgbconsulting.com\/es\/#website","url":"https:\/\/wpguerssen-test.odoo.rgbconsulting.com\/es\/","name":"Guerssen records","description":"psychedelia - progressive - folk - garage ","publisher":{"@id":"https:\/\/wpguerssen-test.odoo.rgbconsulting.com\/es\/#organization"},"potentialAction":[{"@type":"SearchAction","target":{"@type":"EntryPoint","urlTemplate":"https:\/\/wpguerssen-test.odoo.rgbconsulting.com\/es\/?s={search_term_string}"},"query-input":{"@type":"PropertyValueSpecification","valueRequired":true,"valueName":"search_term_string"}}],"inLanguage":"es"},{"@type":"Organization","@id":"https:\/\/wpguerssen-test.odoo.rgbconsulting.com\/es\/#organization","name":"Guerssen records","url":"https:\/\/wpguerssen-test.odoo.rgbconsulting.com\/es\/","logo":{"@type":"ImageObject","inLanguage":"es","@id":"https:\/\/wpguerssen-test.odoo.rgbconsulting.com\/es\/#\/schema\/logo\/image\/","url":"https:\/\/wpguerssen-test.odoo.rgbconsulting.com\/wp-content\/uploads\/2022\/04\/Logo_Guerssen_trans_100.png","contentUrl":"https:\/\/wpguerssen-test.odoo.rgbconsulting.com\/wp-content\/uploads\/2022\/04\/Logo_Guerssen_trans_100.png","width":122,"height":100,"caption":"Guerssen records"},"image":{"@id":"https:\/\/wpguerssen-test.odoo.rgbconsulting.com\/es\/#\/schema\/logo\/image\/"}}]}},"_links":{"self":[{"href":"https:\/\/wpguerssen-test.odoo.rgbconsulting.com\/es\/wp-json\/wp\/v2\/product\/213779","targetHints":{"allow":["GET"]}}],"collection":[{"href":"https:\/\/wpguerssen-test.odoo.rgbconsulting.com\/es\/wp-json\/wp\/v2\/product"}],"about":[{"href":"https:\/\/wpguerssen-test.odoo.rgbconsulting.com\/es\/wp-json\/wp\/v2\/types\/product"}],"wp:featuredmedia":[{"embeddable":true,"href":"https:\/\/wpguerssen-test.odoo.rgbconsulting.com\/es\/wp-json\/wp\/v2\/media\/213867"}],"wp:attachment":[{"href":"https:\/\/wpguerssen-test.odoo.rgbconsulting.com\/es\/wp-json\/wp\/v2\/media?parent=213779"}],"wp:term":[{"taxonomy":"product_brand","embeddable":true,"href":"https:\/\/wpguerssen-test.odoo.rgbconsulting.com\/es\/wp-json\/wp\/v2\/product_brand?post=213779"},{"taxonomy":"product_cat","embeddable":true,"href":"https:\/\/wpguerssen-test.odoo.rgbconsulting.com\/es\/wp-json\/wp\/v2\/product_cat?post=213779"},{"taxonomy":"product_tag","embeddable":true,"href":"https:\/\/wpguerssen-test.odoo.rgbconsulting.com\/es\/wp-json\/wp\/v2\/product_tag?post=213779"}],"curies":[{"name":"wp","href":"https:\/\/api.w.org\/{rel}","templated":true}]}}