{"id":214443,"date":"2019-02-01T00:00:00","date_gmt":"2019-01-31T23:00:00","guid":{"rendered":"https:\/\/wpguerssen-test.odoo.rgbconsulting.com\/product\/rasputin-stash\/"},"modified":"2024-12-11T10:43:17","modified_gmt":"2024-12-11T09:43:17","slug":"rasputin-stash","status":"publish","type":"product","link":"https:\/\/wpguerssen-test.odoo.rgbconsulting.com\/es\/producto\/rasputin-stash\/","title":{"rendered":"Rasputin Stash"},"content":{"rendered":"<p>\u00bfQu\u00e9 tal un grupo de funk de Chicago rindiendo homenaje al famoso profeta\/m\u00edstico ruso? La banda, fundada a principios de los 70 por el m\u00fasico de sesi\u00f3n Martin Dumas Jr, debut\u00f3 con un \u00e1lbum espectacular en Cotillion (un sello subsidiario de Atlantic, que oper\u00f3 de 1968 a 1986) en 1971 mostrando su intenso poder y una imagen blaxploitation total. Su sonido era principalmente una mezcla de guitarras fuzz, intensos metales y con mucha percusi\u00f3n genial incluida!. A veces, se puede decir que hay casi una vibra de Watts 103rd Street Rhythm Band en su enfoque, pero mezclado con algunas influencias lis\u00e9rgicas, piense en los primeros Funkadelic rayando en su lado m\u00e1s rockero.<\/p>\n","protected":false},"excerpt":{"rendered":"<p>\u00bfQu\u00e9 tal un grupo de funk de Chicago rindiendo homenaje al famoso profeta\/m\u00edstico ruso? La banda, fundada a principios de los 70 por el m\u00fasico de sesi\u00f3n Martin<a class=\"read\" href=\"https:\/\/wpguerssen-test.odoo.rgbconsulting.com\/es\/producto\/rasputin-stash\/\"> (...)<\/a>","protected":false},"featured_media":214425,"template":"","meta":{"_acf_changed":false},"product_brand":[],"product_cat":[23219],"product_tag":[],"class_list":{"0":"post-214443","1":"product","2":"type-product","3":"status-publish","4":"has-post-thumbnail","6":"product_cat-funk-es","7":"pa_artist-rasputins-stash","8":"pa_format-lp-es","9":"pa_gender-funk","10":"pa_label-cosmic-rock-es","11":"pa_location-north-america-es","12":"pa_other-filters-vinyl-only-es","14":"first","15":"instock","16":"taxable","17":"shipping-taxable","18":"purchasable","19":"product-type-simple"},"acf":[],"yoast_head":"<!-- This site is optimized with the Yoast SEO plugin v24.9 - https:\/\/yoast.com\/wordpress\/plugins\/seo\/ -->\n<title>RASPUTIN&#039;S STASH - Rasputin Stash -  (LP) | Guerssen<\/title>\n<meta name=\"description\" content=\"What about a funk group from Chicago paying homage to the famous russian prophet\/mystical ? The band, founded in the early &#039;70s by session musician Martin Dumas Jr, debuted with a killer album on Cotillion (a subsidiary label of Atlantic, operating from 1968 to 1986) in 1971 showing their intense power and a full-on blaxploitation aesthetic. Their sound was mainly a mix of fuzzy guitars and tight horns arrangements, with lots of cool percussion thrown in ! At times, you can tell there&#039;s almost a Watts 103rd Street Rhythm Band vibe to their approach, but mixed with some lysergic influences - think about early Funkadelic -verging on their more rock side of things .\" \/>\n<meta name=\"robots\" content=\"index, follow, max-snippet:-1, max-image-preview:large, max-video-preview:-1\" \/>\n<link rel=\"canonical\" href=\"https:\/\/wpguerssen-test.odoo.rgbconsulting.com\/es\/producto\/rasputin-stash\/\" \/>\n<meta property=\"og:locale\" content=\"es_ES\" \/>\n<meta property=\"og:type\" content=\"article\" \/>\n<meta property=\"og:title\" content=\"RASPUTIN&#039;S STASH - Rasputin Stash -  (LP) | Guerssen\" \/>\n<meta property=\"og:description\" content=\"What about a funk group from Chicago paying homage to the famous russian prophet\/mystical ? The band, founded in the early &#039;70s by session musician Martin Dumas Jr, debuted with a killer album on Cotillion (a subsidiary label of Atlantic, operating from 1968 to 1986) in 1971 showing their intense power and a full-on blaxploitation aesthetic. Their sound was mainly a mix of fuzzy guitars and tight horns arrangements, with lots of cool percussion thrown in ! At times, you can tell there&#039;s almost a Watts 103rd Street Rhythm Band vibe to their approach, but mixed with some lysergic influences - think about early Funkadelic -verging on their more rock side of things .\" \/>\n<meta property=\"og:url\" content=\"https:\/\/wpguerssen-test.odoo.rgbconsulting.com\/es\/producto\/rasputin-stash\/\" \/>\n<meta property=\"og:site_name\" content=\"Guerssen records\" \/>\n<meta property=\"article:modified_time\" content=\"2024-12-11T09:43:17+00:00\" \/>\n<meta property=\"og:image\" content=\"https:\/\/wpguerssen-test.odoo.rgbconsulting.com\/wp-content\/uploads\/2022\/07\/41478.jpg\" \/>\n\t<meta property=\"og:image:width\" content=\"1400\" \/>\n\t<meta property=\"og:image:height\" content=\"1400\" \/>\n\t<meta property=\"og:image:type\" content=\"image\/jpeg\" \/>\n<meta name=\"twitter:card\" content=\"summary_large_image\" \/>\n<meta name=\"twitter:title\" content=\"RASPUTIN&#039;S STASH - Rasputin Stash -  (LP) | Guerssen\" \/>\n<meta name=\"twitter:label1\" content=\"Tiempo de lectura\" \/>\n\t<meta name=\"twitter:data1\" content=\"1 minuto\" \/>\n<script type=\"application\/ld+json\" class=\"yoast-schema-graph\">{\"@context\":\"https:\/\/schema.org\",\"@graph\":[{\"@type\":\"WebPage\",\"@id\":\"https:\/\/wpguerssen-test.odoo.rgbconsulting.com\/es\/producto\/rasputin-stash\/\",\"url\":\"https:\/\/wpguerssen-test.odoo.rgbconsulting.com\/es\/producto\/rasputin-stash\/\",\"name\":\"RASPUTIN'S STASH - Rasputin Stash - (LP) | Guerssen\",\"isPartOf\":{\"@id\":\"https:\/\/wpguerssen-test.odoo.rgbconsulting.com\/es\/#website\"},\"primaryImageOfPage\":{\"@id\":\"https:\/\/wpguerssen-test.odoo.rgbconsulting.com\/es\/producto\/rasputin-stash\/#primaryimage\"},\"image\":{\"@id\":\"https:\/\/wpguerssen-test.odoo.rgbconsulting.com\/es\/producto\/rasputin-stash\/#primaryimage\"},\"thumbnailUrl\":\"https:\/\/wpguerssen-test.odoo.rgbconsulting.com\/wp-content\/uploads\/2022\/07\/41478.jpg\",\"datePublished\":\"2019-01-31T23:00:00+00:00\",\"dateModified\":\"2024-12-11T09:43:17+00:00\",\"description\":\"What about a funk group from Chicago paying homage to the famous russian prophet\/mystical ? The band, founded in the early '70s by session musician Martin Dumas Jr, debuted with a killer album on Cotillion (a subsidiary label of Atlantic, operating from 1968 to 1986) in 1971 showing their intense power and a full-on blaxploitation aesthetic. Their sound was mainly a mix of fuzzy guitars and tight horns arrangements, with lots of cool percussion thrown in ! At times, you can tell there's almost a Watts 103rd Street Rhythm Band vibe to their approach, but mixed with some lysergic influences - think about early Funkadelic -verging on their more rock side of things .\",\"breadcrumb\":{\"@id\":\"https:\/\/wpguerssen-test.odoo.rgbconsulting.com\/es\/producto\/rasputin-stash\/#breadcrumb\"},\"inLanguage\":\"es\",\"potentialAction\":[{\"@type\":\"ReadAction\",\"target\":[\"https:\/\/wpguerssen-test.odoo.rgbconsulting.com\/es\/producto\/rasputin-stash\/\"]}]},{\"@type\":\"ImageObject\",\"inLanguage\":\"es\",\"@id\":\"https:\/\/wpguerssen-test.odoo.rgbconsulting.com\/es\/producto\/rasputin-stash\/#primaryimage\",\"url\":\"https:\/\/wpguerssen-test.odoo.rgbconsulting.com\/wp-content\/uploads\/2022\/07\/41478.jpg\",\"contentUrl\":\"https:\/\/wpguerssen-test.odoo.rgbconsulting.com\/wp-content\/uploads\/2022\/07\/41478.jpg\",\"width\":1400,\"height\":1400},{\"@type\":\"BreadcrumbList\",\"@id\":\"https:\/\/wpguerssen-test.odoo.rgbconsulting.com\/es\/producto\/rasputin-stash\/#breadcrumb\",\"itemListElement\":[{\"@type\":\"ListItem\",\"position\":1,\"name\":\"Inicio\",\"item\":\"https:\/\/wpguerssen-test.odoo.rgbconsulting.com\/es\/\"},{\"@type\":\"ListItem\",\"position\":2,\"name\":\"Shop\",\"item\":\"https:\/\/wpguerssen-test.odoo.rgbconsulting.com\/shop\/\"},{\"@type\":\"ListItem\",\"position\":3,\"name\":\"Rasputin Stash\"}]},{\"@type\":\"WebSite\",\"@id\":\"https:\/\/wpguerssen-test.odoo.rgbconsulting.com\/es\/#website\",\"url\":\"https:\/\/wpguerssen-test.odoo.rgbconsulting.com\/es\/\",\"name\":\"Guerssen records\",\"description\":\"psychedelia - progressive - folk - garage \",\"publisher\":{\"@id\":\"https:\/\/wpguerssen-test.odoo.rgbconsulting.com\/es\/#organization\"},\"potentialAction\":[{\"@type\":\"SearchAction\",\"target\":{\"@type\":\"EntryPoint\",\"urlTemplate\":\"https:\/\/wpguerssen-test.odoo.rgbconsulting.com\/es\/?s={search_term_string}\"},\"query-input\":{\"@type\":\"PropertyValueSpecification\",\"valueRequired\":true,\"valueName\":\"search_term_string\"}}],\"inLanguage\":\"es\"},{\"@type\":\"Organization\",\"@id\":\"https:\/\/wpguerssen-test.odoo.rgbconsulting.com\/es\/#organization\",\"name\":\"Guerssen records\",\"url\":\"https:\/\/wpguerssen-test.odoo.rgbconsulting.com\/es\/\",\"logo\":{\"@type\":\"ImageObject\",\"inLanguage\":\"es\",\"@id\":\"https:\/\/wpguerssen-test.odoo.rgbconsulting.com\/es\/#\/schema\/logo\/image\/\",\"url\":\"https:\/\/wpguerssen-test.odoo.rgbconsulting.com\/wp-content\/uploads\/2022\/04\/Logo_Guerssen_trans_100.png\",\"contentUrl\":\"https:\/\/wpguerssen-test.odoo.rgbconsulting.com\/wp-content\/uploads\/2022\/04\/Logo_Guerssen_trans_100.png\",\"width\":122,\"height\":100,\"caption\":\"Guerssen records\"},\"image\":{\"@id\":\"https:\/\/wpguerssen-test.odoo.rgbconsulting.com\/es\/#\/schema\/logo\/image\/\"}}]}<\/script>\n<!-- \/ Yoast SEO plugin. -->","yoast_head_json":{"title":"RASPUTIN'S STASH - Rasputin Stash -  (LP) | Guerssen","description":"What about a funk group from Chicago paying homage to the famous russian prophet\/mystical ? The band, founded in the early '70s by session musician Martin Dumas Jr, debuted with a killer album on Cotillion (a subsidiary label of Atlantic, operating from 1968 to 1986) in 1971 showing their intense power and a full-on blaxploitation aesthetic. Their sound was mainly a mix of fuzzy guitars and tight horns arrangements, with lots of cool percussion thrown in ! At times, you can tell there's almost a Watts 103rd Street Rhythm Band vibe to their approach, but mixed with some lysergic influences - think about early Funkadelic -verging on their more rock side of things .","robots":{"index":"index","follow":"follow","max-snippet":"max-snippet:-1","max-image-preview":"max-image-preview:large","max-video-preview":"max-video-preview:-1"},"canonical":"https:\/\/wpguerssen-test.odoo.rgbconsulting.com\/es\/producto\/rasputin-stash\/","og_locale":"es_ES","og_type":"article","og_title":"RASPUTIN'S STASH - Rasputin Stash -  (LP) | Guerssen","og_description":"What about a funk group from Chicago paying homage to the famous russian prophet\/mystical ? The band, founded in the early '70s by session musician Martin Dumas Jr, debuted with a killer album on Cotillion (a subsidiary label of Atlantic, operating from 1968 to 1986) in 1971 showing their intense power and a full-on blaxploitation aesthetic. Their sound was mainly a mix of fuzzy guitars and tight horns arrangements, with lots of cool percussion thrown in ! At times, you can tell there's almost a Watts 103rd Street Rhythm Band vibe to their approach, but mixed with some lysergic influences - think about early Funkadelic -verging on their more rock side of things .","og_url":"https:\/\/wpguerssen-test.odoo.rgbconsulting.com\/es\/producto\/rasputin-stash\/","og_site_name":"Guerssen records","article_modified_time":"2024-12-11T09:43:17+00:00","og_image":[{"width":1400,"height":1400,"url":"https:\/\/wpguerssen-test.odoo.rgbconsulting.com\/wp-content\/uploads\/2022\/07\/41478.jpg","type":"image\/jpeg"}],"twitter_card":"summary_large_image","twitter_title":"RASPUTIN'S STASH - Rasputin Stash -  (LP) | Guerssen","twitter_misc":{"Tiempo de lectura":"1 minuto"},"schema":{"@context":"https:\/\/schema.org","@graph":[{"@type":"WebPage","@id":"https:\/\/wpguerssen-test.odoo.rgbconsulting.com\/es\/producto\/rasputin-stash\/","url":"https:\/\/wpguerssen-test.odoo.rgbconsulting.com\/es\/producto\/rasputin-stash\/","name":"RASPUTIN'S STASH - Rasputin Stash - (LP) | Guerssen","isPartOf":{"@id":"https:\/\/wpguerssen-test.odoo.rgbconsulting.com\/es\/#website"},"primaryImageOfPage":{"@id":"https:\/\/wpguerssen-test.odoo.rgbconsulting.com\/es\/producto\/rasputin-stash\/#primaryimage"},"image":{"@id":"https:\/\/wpguerssen-test.odoo.rgbconsulting.com\/es\/producto\/rasputin-stash\/#primaryimage"},"thumbnailUrl":"https:\/\/wpguerssen-test.odoo.rgbconsulting.com\/wp-content\/uploads\/2022\/07\/41478.jpg","datePublished":"2019-01-31T23:00:00+00:00","dateModified":"2024-12-11T09:43:17+00:00","description":"What about a funk group from Chicago paying homage to the famous russian prophet\/mystical ? The band, founded in the early '70s by session musician Martin Dumas Jr, debuted with a killer album on Cotillion (a subsidiary label of Atlantic, operating from 1968 to 1986) in 1971 showing their intense power and a full-on blaxploitation aesthetic. Their sound was mainly a mix of fuzzy guitars and tight horns arrangements, with lots of cool percussion thrown in ! At times, you can tell there's almost a Watts 103rd Street Rhythm Band vibe to their approach, but mixed with some lysergic influences - think about early Funkadelic -verging on their more rock side of things .","breadcrumb":{"@id":"https:\/\/wpguerssen-test.odoo.rgbconsulting.com\/es\/producto\/rasputin-stash\/#breadcrumb"},"inLanguage":"es","potentialAction":[{"@type":"ReadAction","target":["https:\/\/wpguerssen-test.odoo.rgbconsulting.com\/es\/producto\/rasputin-stash\/"]}]},{"@type":"ImageObject","inLanguage":"es","@id":"https:\/\/wpguerssen-test.odoo.rgbconsulting.com\/es\/producto\/rasputin-stash\/#primaryimage","url":"https:\/\/wpguerssen-test.odoo.rgbconsulting.com\/wp-content\/uploads\/2022\/07\/41478.jpg","contentUrl":"https:\/\/wpguerssen-test.odoo.rgbconsulting.com\/wp-content\/uploads\/2022\/07\/41478.jpg","width":1400,"height":1400},{"@type":"BreadcrumbList","@id":"https:\/\/wpguerssen-test.odoo.rgbconsulting.com\/es\/producto\/rasputin-stash\/#breadcrumb","itemListElement":[{"@type":"ListItem","position":1,"name":"Inicio","item":"https:\/\/wpguerssen-test.odoo.rgbconsulting.com\/es\/"},{"@type":"ListItem","position":2,"name":"Shop","item":"https:\/\/wpguerssen-test.odoo.rgbconsulting.com\/shop\/"},{"@type":"ListItem","position":3,"name":"Rasputin Stash"}]},{"@type":"WebSite","@id":"https:\/\/wpguerssen-test.odoo.rgbconsulting.com\/es\/#website","url":"https:\/\/wpguerssen-test.odoo.rgbconsulting.com\/es\/","name":"Guerssen records","description":"psychedelia - progressive - folk - garage ","publisher":{"@id":"https:\/\/wpguerssen-test.odoo.rgbconsulting.com\/es\/#organization"},"potentialAction":[{"@type":"SearchAction","target":{"@type":"EntryPoint","urlTemplate":"https:\/\/wpguerssen-test.odoo.rgbconsulting.com\/es\/?s={search_term_string}"},"query-input":{"@type":"PropertyValueSpecification","valueRequired":true,"valueName":"search_term_string"}}],"inLanguage":"es"},{"@type":"Organization","@id":"https:\/\/wpguerssen-test.odoo.rgbconsulting.com\/es\/#organization","name":"Guerssen records","url":"https:\/\/wpguerssen-test.odoo.rgbconsulting.com\/es\/","logo":{"@type":"ImageObject","inLanguage":"es","@id":"https:\/\/wpguerssen-test.odoo.rgbconsulting.com\/es\/#\/schema\/logo\/image\/","url":"https:\/\/wpguerssen-test.odoo.rgbconsulting.com\/wp-content\/uploads\/2022\/04\/Logo_Guerssen_trans_100.png","contentUrl":"https:\/\/wpguerssen-test.odoo.rgbconsulting.com\/wp-content\/uploads\/2022\/04\/Logo_Guerssen_trans_100.png","width":122,"height":100,"caption":"Guerssen records"},"image":{"@id":"https:\/\/wpguerssen-test.odoo.rgbconsulting.com\/es\/#\/schema\/logo\/image\/"}}]}},"_links":{"self":[{"href":"https:\/\/wpguerssen-test.odoo.rgbconsulting.com\/es\/wp-json\/wp\/v2\/product\/214443","targetHints":{"allow":["GET"]}}],"collection":[{"href":"https:\/\/wpguerssen-test.odoo.rgbconsulting.com\/es\/wp-json\/wp\/v2\/product"}],"about":[{"href":"https:\/\/wpguerssen-test.odoo.rgbconsulting.com\/es\/wp-json\/wp\/v2\/types\/product"}],"wp:featuredmedia":[{"embeddable":true,"href":"https:\/\/wpguerssen-test.odoo.rgbconsulting.com\/es\/wp-json\/wp\/v2\/media\/214425"}],"wp:attachment":[{"href":"https:\/\/wpguerssen-test.odoo.rgbconsulting.com\/es\/wp-json\/wp\/v2\/media?parent=214443"}],"wp:term":[{"taxonomy":"product_brand","embeddable":true,"href":"https:\/\/wpguerssen-test.odoo.rgbconsulting.com\/es\/wp-json\/wp\/v2\/product_brand?post=214443"},{"taxonomy":"product_cat","embeddable":true,"href":"https:\/\/wpguerssen-test.odoo.rgbconsulting.com\/es\/wp-json\/wp\/v2\/product_cat?post=214443"},{"taxonomy":"product_tag","embeddable":true,"href":"https:\/\/wpguerssen-test.odoo.rgbconsulting.com\/es\/wp-json\/wp\/v2\/product_tag?post=214443"}],"curies":[{"name":"wp","href":"https:\/\/api.w.org\/{rel}","templated":true}]}}