{"id":214494,"date":"2022-09-07T00:00:00","date_gmt":"2022-09-06T22:00:00","guid":{"rendered":"https:\/\/wpguerssen-test.odoo.rgbconsulting.com\/product\/plan-c-colored\/"},"modified":"2025-01-09T15:12:28","modified_gmt":"2025-01-09T14:12:28","slug":"plan-c-colored","status":"publish","type":"product","link":"https:\/\/wpguerssen-test.odoo.rgbconsulting.com\/es\/producto\/plan-c-colored\/","title":{"rendered":"Plan C (colored)"},"content":{"rendered":"<p>Latex y Sholo son dos cl\u00e1sicos de la escena underground madrile\u00f1a que irrumpieron como dueto bajo el sello Uglyworkz con su cl\u00e1sico \u00e1lbum \u00abPLAN B\u00bb. Con un sonido a contracorriente y \u00fanico en Espa\u00f1a con tintes G-Funk, Talkbox y estribillos mel\u00f3dicos, llamaron la atenci\u00f3n del p\u00fablico convirti\u00e9ndose en referentes y rompiendo fronteras llegando a vender discos en EEUU o Jap\u00f3n y consiguiendo tocar en festivales de pa\u00edses como Noruega adem\u00e1s de colaborar con artistas de la talla de Erick Sermon (EPMD), Kokane, BIG K.R.I.T., o MC Eiht entre muchos otros. <\/p>\n<p> 15 a\u00f1os despu\u00e9s de aquel PLAN B y tras lanzar material por separado y bajo el grupo Latragam, Latex y Sholo vuelven a reunirse al 50\/50 para editar \u00abPLAN C\u00bb dando continuidad al anterior cl\u00e1sico y junt\u00e1ndose \u00e9sta vez con los madrile\u00f1os Chef Cheeza, El Coleta y los jerezanos Space Surimi en 12 canciones que representan 24 horas, un dia completo que narra las aventuras del d\u00fao. <br \/>Editado en vinilo en una edici\u00f3n de lujo, en gatefold y a color que inmortaliza para siempre el nuevo \u00e1lbum, este trabajo promete convertirse en un futuro cl\u00e1sico que probablemente se revalorizar\u00e1 tal y como lo hizo su antecesor.<\/p>\n","protected":false},"excerpt":{"rendered":"<p>Latex y Sholo son dos cl\u00e1sicos de la escena underground madrile\u00f1a que irrumpieron como dueto bajo el sello Uglyworkz con su cl\u00e1sico \u00e1lbum \u00abPLAN B\u00bb. Con un sonido<a class=\"read\" href=\"https:\/\/wpguerssen-test.odoo.rgbconsulting.com\/es\/producto\/plan-c-colored\/\"> (...)<\/a>","protected":false},"featured_media":214483,"template":"","meta":{"_acf_changed":false},"product_brand":[],"product_cat":[21706],"product_tag":[29140],"class_list":{"0":"post-214494","1":"product","2":"type-product","3":"status-publish","4":"has-post-thumbnail","6":"product_cat-rap-hip-hop-es","7":"product_tag-color-vinyl-es","8":"pa_artist-latex-diamond-sholo-truth","9":"pa_format-2lp-es","10":"pa_gender-rap-hip-hop","11":"pa_label-truth-house-records","12":"pa_location-spain-es","13":"pa_other-filters-vinyl-only-es","15":"first","16":"instock","17":"taxable","18":"shipping-taxable","19":"purchasable","20":"product-type-simple"},"acf":[],"yoast_head":"<!-- This site is optimized with the Yoast SEO plugin v24.9 - https:\/\/yoast.com\/wordpress\/plugins\/seo\/ -->\n<title>LATEX DIAMOND &amp; SHOLO TRUTH - Plan C (colored) -  (2LP) | Guerssen<\/title>\n<meta name=\"description\" content=\"Latex and Sholo are two classics from Madrid&#039;s underground scene who broke into a duet under the Uglyworkz label with their classic album &quot;PLAN B&quot;. With a sound that goes against the current and is unique in Spain with hints of G-Funk, Talkbox and melodic choruses, they caught the attention of the public, becoming references and breaking borders, selling records in the US or Japan and managing to play at festivals in countries such as Norway as well as collaborate with artists such as Erick Sermon (EPMD), Kokane, BIG K.R.I.T., or MC Eiht among many others. #nl# 15 years after that PLAN B and after releasing material separately and under the group Latragam, Latex and Sholo meet again at 50\/50 to release &quot;PLAN C&quot; giving continuity to the previous classic and this time getting together with Chef Cheeza from Madrid, El Coleta and the Jerez-born Space Surimi in 12 songs that represent 24 hours, a full day that narrates the duo&#039;s adventures.Released on vinyl in a deluxe, gatefold and color edition that forever immortalizes the new album, this work promises to become a future classic that will probably be revalued just as its predecessor did.\" \/>\n<meta name=\"robots\" content=\"index, follow, max-snippet:-1, max-image-preview:large, max-video-preview:-1\" \/>\n<link rel=\"canonical\" href=\"https:\/\/wpguerssen-test.odoo.rgbconsulting.com\/es\/producto\/plan-c-colored\/\" \/>\n<meta property=\"og:locale\" content=\"es_ES\" \/>\n<meta property=\"og:type\" content=\"article\" \/>\n<meta property=\"og:title\" content=\"LATEX DIAMOND &amp; SHOLO TRUTH - Plan C (colored) -  (2LP) | Guerssen\" \/>\n<meta property=\"og:description\" content=\"Latex and Sholo are two classics from Madrid&#039;s underground scene who broke into a duet under the Uglyworkz label with their classic album &quot;PLAN B&quot;. With a sound that goes against the current and is unique in Spain with hints of G-Funk, Talkbox and melodic choruses, they caught the attention of the public, becoming references and breaking borders, selling records in the US or Japan and managing to play at festivals in countries such as Norway as well as collaborate with artists such as Erick Sermon (EPMD), Kokane, BIG K.R.I.T., or MC Eiht among many others. #nl# 15 years after that PLAN B and after releasing material separately and under the group Latragam, Latex and Sholo meet again at 50\/50 to release &quot;PLAN C&quot; giving continuity to the previous classic and this time getting together with Chef Cheeza from Madrid, El Coleta and the Jerez-born Space Surimi in 12 songs that represent 24 hours, a full day that narrates the duo&#039;s adventures.Released on vinyl in a deluxe, gatefold and color edition that forever immortalizes the new album, this work promises to become a future classic that will probably be revalued just as its predecessor did.\" \/>\n<meta property=\"og:url\" content=\"https:\/\/wpguerssen-test.odoo.rgbconsulting.com\/es\/producto\/plan-c-colored\/\" \/>\n<meta property=\"og:site_name\" content=\"Guerssen records\" \/>\n<meta property=\"article:modified_time\" content=\"2025-01-09T14:12:28+00:00\" \/>\n<meta property=\"og:image\" content=\"https:\/\/wpguerssen-test.odoo.rgbconsulting.com\/wp-content\/uploads\/2022\/07\/41483.jpg\" \/>\n\t<meta property=\"og:image:width\" content=\"1200\" \/>\n\t<meta property=\"og:image:height\" content=\"1200\" \/>\n\t<meta property=\"og:image:type\" content=\"image\/jpeg\" \/>\n<meta name=\"twitter:card\" content=\"summary_large_image\" \/>\n<meta name=\"twitter:title\" content=\"LATEX DIAMOND &amp; SHOLO TRUTH - Plan C (colored) -  (2LP) | Guerssen\" \/>\n<meta name=\"twitter:label1\" content=\"Tiempo de lectura\" \/>\n\t<meta name=\"twitter:data1\" content=\"1 minuto\" \/>\n<script type=\"application\/ld+json\" class=\"yoast-schema-graph\">{\"@context\":\"https:\/\/schema.org\",\"@graph\":[{\"@type\":\"WebPage\",\"@id\":\"https:\/\/wpguerssen-test.odoo.rgbconsulting.com\/es\/producto\/plan-c-colored\/\",\"url\":\"https:\/\/wpguerssen-test.odoo.rgbconsulting.com\/es\/producto\/plan-c-colored\/\",\"name\":\"LATEX DIAMOND & SHOLO TRUTH - Plan C (colored) - (2LP) | Guerssen\",\"isPartOf\":{\"@id\":\"https:\/\/wpguerssen-test.odoo.rgbconsulting.com\/es\/#website\"},\"primaryImageOfPage\":{\"@id\":\"https:\/\/wpguerssen-test.odoo.rgbconsulting.com\/es\/producto\/plan-c-colored\/#primaryimage\"},\"image\":{\"@id\":\"https:\/\/wpguerssen-test.odoo.rgbconsulting.com\/es\/producto\/plan-c-colored\/#primaryimage\"},\"thumbnailUrl\":\"https:\/\/wpguerssen-test.odoo.rgbconsulting.com\/wp-content\/uploads\/2022\/07\/41483.jpg\",\"datePublished\":\"2022-09-06T22:00:00+00:00\",\"dateModified\":\"2025-01-09T14:12:28+00:00\",\"description\":\"Latex and Sholo are two classics from Madrid's underground scene who broke into a duet under the Uglyworkz label with their classic album \\\"PLAN B\\\". With a sound that goes against the current and is unique in Spain with hints of G-Funk, Talkbox and melodic choruses, they caught the attention of the public, becoming references and breaking borders, selling records in the US or Japan and managing to play at festivals in countries such as Norway as well as collaborate with artists such as Erick Sermon (EPMD), Kokane, BIG K.R.I.T., or MC Eiht among many others. #nl# 15 years after that PLAN B and after releasing material separately and under the group Latragam, Latex and Sholo meet again at 50\/50 to release \\\"PLAN C\\\" giving continuity to the previous classic and this time getting together with Chef Cheeza from Madrid, El Coleta and the Jerez-born Space Surimi in 12 songs that represent 24 hours, a full day that narrates the duo's adventures.Released on vinyl in a deluxe, gatefold and color edition that forever immortalizes the new album, this work promises to become a future classic that will probably be revalued just as its predecessor did.\",\"breadcrumb\":{\"@id\":\"https:\/\/wpguerssen-test.odoo.rgbconsulting.com\/es\/producto\/plan-c-colored\/#breadcrumb\"},\"inLanguage\":\"es\",\"potentialAction\":[{\"@type\":\"ReadAction\",\"target\":[\"https:\/\/wpguerssen-test.odoo.rgbconsulting.com\/es\/producto\/plan-c-colored\/\"]}]},{\"@type\":\"ImageObject\",\"inLanguage\":\"es\",\"@id\":\"https:\/\/wpguerssen-test.odoo.rgbconsulting.com\/es\/producto\/plan-c-colored\/#primaryimage\",\"url\":\"https:\/\/wpguerssen-test.odoo.rgbconsulting.com\/wp-content\/uploads\/2022\/07\/41483.jpg\",\"contentUrl\":\"https:\/\/wpguerssen-test.odoo.rgbconsulting.com\/wp-content\/uploads\/2022\/07\/41483.jpg\",\"width\":1200,\"height\":1200},{\"@type\":\"BreadcrumbList\",\"@id\":\"https:\/\/wpguerssen-test.odoo.rgbconsulting.com\/es\/producto\/plan-c-colored\/#breadcrumb\",\"itemListElement\":[{\"@type\":\"ListItem\",\"position\":1,\"name\":\"Inicio\",\"item\":\"https:\/\/wpguerssen-test.odoo.rgbconsulting.com\/es\/\"},{\"@type\":\"ListItem\",\"position\":2,\"name\":\"Shop\",\"item\":\"https:\/\/wpguerssen-test.odoo.rgbconsulting.com\/shop\/\"},{\"@type\":\"ListItem\",\"position\":3,\"name\":\"Plan C (colored)\"}]},{\"@type\":\"WebSite\",\"@id\":\"https:\/\/wpguerssen-test.odoo.rgbconsulting.com\/es\/#website\",\"url\":\"https:\/\/wpguerssen-test.odoo.rgbconsulting.com\/es\/\",\"name\":\"Guerssen records\",\"description\":\"psychedelia - progressive - folk - garage \",\"publisher\":{\"@id\":\"https:\/\/wpguerssen-test.odoo.rgbconsulting.com\/es\/#organization\"},\"potentialAction\":[{\"@type\":\"SearchAction\",\"target\":{\"@type\":\"EntryPoint\",\"urlTemplate\":\"https:\/\/wpguerssen-test.odoo.rgbconsulting.com\/es\/?s={search_term_string}\"},\"query-input\":{\"@type\":\"PropertyValueSpecification\",\"valueRequired\":true,\"valueName\":\"search_term_string\"}}],\"inLanguage\":\"es\"},{\"@type\":\"Organization\",\"@id\":\"https:\/\/wpguerssen-test.odoo.rgbconsulting.com\/es\/#organization\",\"name\":\"Guerssen records\",\"url\":\"https:\/\/wpguerssen-test.odoo.rgbconsulting.com\/es\/\",\"logo\":{\"@type\":\"ImageObject\",\"inLanguage\":\"es\",\"@id\":\"https:\/\/wpguerssen-test.odoo.rgbconsulting.com\/es\/#\/schema\/logo\/image\/\",\"url\":\"https:\/\/wpguerssen-test.odoo.rgbconsulting.com\/wp-content\/uploads\/2022\/04\/Logo_Guerssen_trans_100.png\",\"contentUrl\":\"https:\/\/wpguerssen-test.odoo.rgbconsulting.com\/wp-content\/uploads\/2022\/04\/Logo_Guerssen_trans_100.png\",\"width\":122,\"height\":100,\"caption\":\"Guerssen records\"},\"image\":{\"@id\":\"https:\/\/wpguerssen-test.odoo.rgbconsulting.com\/es\/#\/schema\/logo\/image\/\"}}]}<\/script>\n<!-- \/ Yoast SEO plugin. -->","yoast_head_json":{"title":"LATEX DIAMOND & SHOLO TRUTH - Plan C (colored) -  (2LP) | Guerssen","description":"Latex and Sholo are two classics from Madrid's underground scene who broke into a duet under the Uglyworkz label with their classic album \"PLAN B\". With a sound that goes against the current and is unique in Spain with hints of G-Funk, Talkbox and melodic choruses, they caught the attention of the public, becoming references and breaking borders, selling records in the US or Japan and managing to play at festivals in countries such as Norway as well as collaborate with artists such as Erick Sermon (EPMD), Kokane, BIG K.R.I.T., or MC Eiht among many others. #nl# 15 years after that PLAN B and after releasing material separately and under the group Latragam, Latex and Sholo meet again at 50\/50 to release \"PLAN C\" giving continuity to the previous classic and this time getting together with Chef Cheeza from Madrid, El Coleta and the Jerez-born Space Surimi in 12 songs that represent 24 hours, a full day that narrates the duo's adventures.Released on vinyl in a deluxe, gatefold and color edition that forever immortalizes the new album, this work promises to become a future classic that will probably be revalued just as its predecessor did.","robots":{"index":"index","follow":"follow","max-snippet":"max-snippet:-1","max-image-preview":"max-image-preview:large","max-video-preview":"max-video-preview:-1"},"canonical":"https:\/\/wpguerssen-test.odoo.rgbconsulting.com\/es\/producto\/plan-c-colored\/","og_locale":"es_ES","og_type":"article","og_title":"LATEX DIAMOND & SHOLO TRUTH - Plan C (colored) -  (2LP) | Guerssen","og_description":"Latex and Sholo are two classics from Madrid's underground scene who broke into a duet under the Uglyworkz label with their classic album \"PLAN B\". With a sound that goes against the current and is unique in Spain with hints of G-Funk, Talkbox and melodic choruses, they caught the attention of the public, becoming references and breaking borders, selling records in the US or Japan and managing to play at festivals in countries such as Norway as well as collaborate with artists such as Erick Sermon (EPMD), Kokane, BIG K.R.I.T., or MC Eiht among many others. #nl# 15 years after that PLAN B and after releasing material separately and under the group Latragam, Latex and Sholo meet again at 50\/50 to release \"PLAN C\" giving continuity to the previous classic and this time getting together with Chef Cheeza from Madrid, El Coleta and the Jerez-born Space Surimi in 12 songs that represent 24 hours, a full day that narrates the duo's adventures.Released on vinyl in a deluxe, gatefold and color edition that forever immortalizes the new album, this work promises to become a future classic that will probably be revalued just as its predecessor did.","og_url":"https:\/\/wpguerssen-test.odoo.rgbconsulting.com\/es\/producto\/plan-c-colored\/","og_site_name":"Guerssen records","article_modified_time":"2025-01-09T14:12:28+00:00","og_image":[{"width":1200,"height":1200,"url":"https:\/\/wpguerssen-test.odoo.rgbconsulting.com\/wp-content\/uploads\/2022\/07\/41483.jpg","type":"image\/jpeg"}],"twitter_card":"summary_large_image","twitter_title":"LATEX DIAMOND & SHOLO TRUTH - Plan C (colored) -  (2LP) | Guerssen","twitter_misc":{"Tiempo de lectura":"1 minuto"},"schema":{"@context":"https:\/\/schema.org","@graph":[{"@type":"WebPage","@id":"https:\/\/wpguerssen-test.odoo.rgbconsulting.com\/es\/producto\/plan-c-colored\/","url":"https:\/\/wpguerssen-test.odoo.rgbconsulting.com\/es\/producto\/plan-c-colored\/","name":"LATEX DIAMOND & SHOLO TRUTH - Plan C (colored) - (2LP) | Guerssen","isPartOf":{"@id":"https:\/\/wpguerssen-test.odoo.rgbconsulting.com\/es\/#website"},"primaryImageOfPage":{"@id":"https:\/\/wpguerssen-test.odoo.rgbconsulting.com\/es\/producto\/plan-c-colored\/#primaryimage"},"image":{"@id":"https:\/\/wpguerssen-test.odoo.rgbconsulting.com\/es\/producto\/plan-c-colored\/#primaryimage"},"thumbnailUrl":"https:\/\/wpguerssen-test.odoo.rgbconsulting.com\/wp-content\/uploads\/2022\/07\/41483.jpg","datePublished":"2022-09-06T22:00:00+00:00","dateModified":"2025-01-09T14:12:28+00:00","description":"Latex and Sholo are two classics from Madrid's underground scene who broke into a duet under the Uglyworkz label with their classic album \"PLAN B\". With a sound that goes against the current and is unique in Spain with hints of G-Funk, Talkbox and melodic choruses, they caught the attention of the public, becoming references and breaking borders, selling records in the US or Japan and managing to play at festivals in countries such as Norway as well as collaborate with artists such as Erick Sermon (EPMD), Kokane, BIG K.R.I.T., or MC Eiht among many others. #nl# 15 years after that PLAN B and after releasing material separately and under the group Latragam, Latex and Sholo meet again at 50\/50 to release \"PLAN C\" giving continuity to the previous classic and this time getting together with Chef Cheeza from Madrid, El Coleta and the Jerez-born Space Surimi in 12 songs that represent 24 hours, a full day that narrates the duo's adventures.Released on vinyl in a deluxe, gatefold and color edition that forever immortalizes the new album, this work promises to become a future classic that will probably be revalued just as its predecessor did.","breadcrumb":{"@id":"https:\/\/wpguerssen-test.odoo.rgbconsulting.com\/es\/producto\/plan-c-colored\/#breadcrumb"},"inLanguage":"es","potentialAction":[{"@type":"ReadAction","target":["https:\/\/wpguerssen-test.odoo.rgbconsulting.com\/es\/producto\/plan-c-colored\/"]}]},{"@type":"ImageObject","inLanguage":"es","@id":"https:\/\/wpguerssen-test.odoo.rgbconsulting.com\/es\/producto\/plan-c-colored\/#primaryimage","url":"https:\/\/wpguerssen-test.odoo.rgbconsulting.com\/wp-content\/uploads\/2022\/07\/41483.jpg","contentUrl":"https:\/\/wpguerssen-test.odoo.rgbconsulting.com\/wp-content\/uploads\/2022\/07\/41483.jpg","width":1200,"height":1200},{"@type":"BreadcrumbList","@id":"https:\/\/wpguerssen-test.odoo.rgbconsulting.com\/es\/producto\/plan-c-colored\/#breadcrumb","itemListElement":[{"@type":"ListItem","position":1,"name":"Inicio","item":"https:\/\/wpguerssen-test.odoo.rgbconsulting.com\/es\/"},{"@type":"ListItem","position":2,"name":"Shop","item":"https:\/\/wpguerssen-test.odoo.rgbconsulting.com\/shop\/"},{"@type":"ListItem","position":3,"name":"Plan C (colored)"}]},{"@type":"WebSite","@id":"https:\/\/wpguerssen-test.odoo.rgbconsulting.com\/es\/#website","url":"https:\/\/wpguerssen-test.odoo.rgbconsulting.com\/es\/","name":"Guerssen records","description":"psychedelia - progressive - folk - garage ","publisher":{"@id":"https:\/\/wpguerssen-test.odoo.rgbconsulting.com\/es\/#organization"},"potentialAction":[{"@type":"SearchAction","target":{"@type":"EntryPoint","urlTemplate":"https:\/\/wpguerssen-test.odoo.rgbconsulting.com\/es\/?s={search_term_string}"},"query-input":{"@type":"PropertyValueSpecification","valueRequired":true,"valueName":"search_term_string"}}],"inLanguage":"es"},{"@type":"Organization","@id":"https:\/\/wpguerssen-test.odoo.rgbconsulting.com\/es\/#organization","name":"Guerssen records","url":"https:\/\/wpguerssen-test.odoo.rgbconsulting.com\/es\/","logo":{"@type":"ImageObject","inLanguage":"es","@id":"https:\/\/wpguerssen-test.odoo.rgbconsulting.com\/es\/#\/schema\/logo\/image\/","url":"https:\/\/wpguerssen-test.odoo.rgbconsulting.com\/wp-content\/uploads\/2022\/04\/Logo_Guerssen_trans_100.png","contentUrl":"https:\/\/wpguerssen-test.odoo.rgbconsulting.com\/wp-content\/uploads\/2022\/04\/Logo_Guerssen_trans_100.png","width":122,"height":100,"caption":"Guerssen records"},"image":{"@id":"https:\/\/wpguerssen-test.odoo.rgbconsulting.com\/es\/#\/schema\/logo\/image\/"}}]}},"_links":{"self":[{"href":"https:\/\/wpguerssen-test.odoo.rgbconsulting.com\/es\/wp-json\/wp\/v2\/product\/214494","targetHints":{"allow":["GET"]}}],"collection":[{"href":"https:\/\/wpguerssen-test.odoo.rgbconsulting.com\/es\/wp-json\/wp\/v2\/product"}],"about":[{"href":"https:\/\/wpguerssen-test.odoo.rgbconsulting.com\/es\/wp-json\/wp\/v2\/types\/product"}],"wp:featuredmedia":[{"embeddable":true,"href":"https:\/\/wpguerssen-test.odoo.rgbconsulting.com\/es\/wp-json\/wp\/v2\/media\/214483"}],"wp:attachment":[{"href":"https:\/\/wpguerssen-test.odoo.rgbconsulting.com\/es\/wp-json\/wp\/v2\/media?parent=214494"}],"wp:term":[{"taxonomy":"product_brand","embeddable":true,"href":"https:\/\/wpguerssen-test.odoo.rgbconsulting.com\/es\/wp-json\/wp\/v2\/product_brand?post=214494"},{"taxonomy":"product_cat","embeddable":true,"href":"https:\/\/wpguerssen-test.odoo.rgbconsulting.com\/es\/wp-json\/wp\/v2\/product_cat?post=214494"},{"taxonomy":"product_tag","embeddable":true,"href":"https:\/\/wpguerssen-test.odoo.rgbconsulting.com\/es\/wp-json\/wp\/v2\/product_tag?post=214494"}],"curies":[{"name":"wp","href":"https:\/\/api.w.org\/{rel}","templated":true}]}}