{"id":214498,"date":"2022-07-25T00:00:00","date_gmt":"2022-07-24T22:00:00","guid":{"rendered":"https:\/\/wpguerssen-test.odoo.rgbconsulting.com\/product\/special-sound-series-vol-1-catch-in-alice\/"},"modified":"2024-02-21T12:01:16","modified_gmt":"2024-02-21T11:01:16","slug":"special-sound-series-vol-1-catch-in-alice","status":"publish","type":"product","link":"https:\/\/wpguerssen-test.odoo.rgbconsulting.com\/es\/producto\/special-sound-series-vol-1-catch-in-alice\/","title":{"rendered":"Special Sound Series &#8211; Vol. 1: Catch in Alice"},"content":{"rendered":"<p>Considerado por muchos como uno de los m\u00fasicos m\u00e1s talentosos y destacados de la comunidad de Electone gracias a su estilo de tocar fresco, en\u00e9rgico, r\u00edtmico y a veces humor\u00edstico, de 1975 a 1977 Shigeo Sekito lanz\u00f3 un set de cuatro LP titulado Special Sound Series para el ic\u00f3nico sello Nippon Columbia. En el primer cap\u00edtulo de esta serie, Sekito revisita, con su propio estilo colorido, composiciones como \u00abYou Are The Sunshine Of My Life\u00bb de Stevie Wonder, \u00abOh, My Love\u00bb de John Lennon y Yoko Ono, \u00abAndalucia\u00bb de Ernesto Lecuona, junto con algunas de sus propias composiciones como \u00abMy Sweet Girl\u00bb y la canci\u00f3n principal \u00abCatch In Alice\u00bb, creando una mezcla de easy listening jazz con influencias de funk y soul. Fuera de circulaci\u00f3n hace mucho tiempo se vuelve a reeditar esta maravilla en vinilo bajo la licencia exclusiva de Nippon Columbia.<\/p>\n","protected":false},"excerpt":{"rendered":"<p>Considerado por muchos como uno de los m\u00fasicos m\u00e1s talentosos y destacados de la comunidad de Electone gracias a su estilo de tocar fresco, en\u00e9rgico, r\u00edtmico y<a class=\"read\" href=\"https:\/\/wpguerssen-test.odoo.rgbconsulting.com\/es\/producto\/special-sound-series-vol-1-catch-in-alice\/\"> (...)<\/a>","protected":false},"featured_media":215437,"template":"","meta":{"_acf_changed":false},"product_brand":[],"product_cat":[23219,23227],"product_tag":[],"class_list":{"0":"post-214498","1":"product","2":"type-product","3":"status-publish","4":"has-post-thumbnail","6":"product_cat-funk-es","7":"product_cat-jazz-es","8":"pa_artist-sekito-shigeo","9":"pa_format-lp-es","10":"pa_gender-funk-jazz","11":"pa_label-holy-basil","12":"pa_location-asia-es","13":"pa_other-filters-vinyl-only-es","15":"first","16":"instock","17":"taxable","18":"shipping-taxable","19":"purchasable","20":"product-type-simple"},"acf":[],"yoast_head":"<!-- This site is optimized with the Yoast SEO plugin v24.9 - https:\/\/yoast.com\/wordpress\/plugins\/seo\/ -->\n<title>SEKITO, Shigeo - Special Sound Series - Vol. 1: Catch in Alice -  (LP) | Guerssen<\/title>\n<meta name=\"description\" content=\"Considered by many one of the most gifted and outstanding players in the Electone community thanks to his fresh, energetic, rhythmic and sometimes humorous style of playing, from 1975 to 1977 Shigeo Sekito released a four-LP album set titled Special Sound Series for the iconic Nippon Columbia. On the first chapter of this series, Sekito revisits, in his own colourful style, compositions such as &quot;You Are The Sunshine Of My Life&quot; by Stevie Wonder, &quot;Oh, My Love&quot; by John Lennon and Yoko Ono, &quot;Andalucia&quot; by Ernesto Lecuona, alongside some of his own composition such as &quot;My Sweet Girl&quot; and the title track &quot;Catch In Alice&quot;, creating a blend of easy-listening jazz with funk and soul influences. Long out of press, we are very proud to bring this &quot;brilliant electone&quot; album back on vinyl under exclusive license from Nippon Columbia.\" \/>\n<meta name=\"robots\" content=\"index, follow, max-snippet:-1, max-image-preview:large, max-video-preview:-1\" \/>\n<link rel=\"canonical\" href=\"https:\/\/wpguerssen-test.odoo.rgbconsulting.com\/es\/producto\/special-sound-series-vol-1-catch-in-alice\/\" \/>\n<meta property=\"og:locale\" content=\"es_ES\" \/>\n<meta property=\"og:type\" content=\"article\" \/>\n<meta property=\"og:title\" content=\"SEKITO, Shigeo - Special Sound Series - Vol. 1: Catch in Alice -  (LP) | Guerssen\" \/>\n<meta property=\"og:description\" content=\"Considered by many one of the most gifted and outstanding players in the Electone community thanks to his fresh, energetic, rhythmic and sometimes humorous style of playing, from 1975 to 1977 Shigeo Sekito released a four-LP album set titled Special Sound Series for the iconic Nippon Columbia. On the first chapter of this series, Sekito revisits, in his own colourful style, compositions such as &quot;You Are The Sunshine Of My Life&quot; by Stevie Wonder, &quot;Oh, My Love&quot; by John Lennon and Yoko Ono, &quot;Andalucia&quot; by Ernesto Lecuona, alongside some of his own composition such as &quot;My Sweet Girl&quot; and the title track &quot;Catch In Alice&quot;, creating a blend of easy-listening jazz with funk and soul influences. Long out of press, we are very proud to bring this &quot;brilliant electone&quot; album back on vinyl under exclusive license from Nippon Columbia.\" \/>\n<meta property=\"og:url\" content=\"https:\/\/wpguerssen-test.odoo.rgbconsulting.com\/es\/producto\/special-sound-series-vol-1-catch-in-alice\/\" \/>\n<meta property=\"og:site_name\" content=\"Guerssen records\" \/>\n<meta property=\"article:modified_time\" content=\"2024-02-21T11:01:16+00:00\" \/>\n<meta property=\"og:image\" content=\"https:\/\/wpguerssen-test.odoo.rgbconsulting.com\/wp-content\/uploads\/2022\/07\/41489.jpg\" \/>\n\t<meta property=\"og:image:width\" content=\"1500\" \/>\n\t<meta property=\"og:image:height\" content=\"1500\" \/>\n\t<meta property=\"og:image:type\" content=\"image\/jpeg\" \/>\n<meta name=\"twitter:card\" content=\"summary_large_image\" \/>\n<meta name=\"twitter:title\" content=\"SEKITO, Shigeo - Special Sound Series - Vol. 1: Catch in Alice -  (LP) | Guerssen\" \/>\n<meta name=\"twitter:label1\" content=\"Tiempo de lectura\" \/>\n\t<meta name=\"twitter:data1\" content=\"1 minuto\" \/>\n<script type=\"application\/ld+json\" class=\"yoast-schema-graph\">{\"@context\":\"https:\/\/schema.org\",\"@graph\":[{\"@type\":\"WebPage\",\"@id\":\"https:\/\/wpguerssen-test.odoo.rgbconsulting.com\/es\/producto\/special-sound-series-vol-1-catch-in-alice\/\",\"url\":\"https:\/\/wpguerssen-test.odoo.rgbconsulting.com\/es\/producto\/special-sound-series-vol-1-catch-in-alice\/\",\"name\":\"SEKITO, Shigeo - Special Sound Series - Vol. 1: Catch in Alice - (LP) | Guerssen\",\"isPartOf\":{\"@id\":\"https:\/\/wpguerssen-test.odoo.rgbconsulting.com\/es\/#website\"},\"primaryImageOfPage\":{\"@id\":\"https:\/\/wpguerssen-test.odoo.rgbconsulting.com\/es\/producto\/special-sound-series-vol-1-catch-in-alice\/#primaryimage\"},\"image\":{\"@id\":\"https:\/\/wpguerssen-test.odoo.rgbconsulting.com\/es\/producto\/special-sound-series-vol-1-catch-in-alice\/#primaryimage\"},\"thumbnailUrl\":\"https:\/\/wpguerssen-test.odoo.rgbconsulting.com\/wp-content\/uploads\/2022\/07\/41489.jpg\",\"datePublished\":\"2022-07-24T22:00:00+00:00\",\"dateModified\":\"2024-02-21T11:01:16+00:00\",\"description\":\"Considered by many one of the most gifted and outstanding players in the Electone community thanks to his fresh, energetic, rhythmic and sometimes humorous style of playing, from 1975 to 1977 Shigeo Sekito released a four-LP album set titled Special Sound Series for the iconic Nippon Columbia. On the first chapter of this series, Sekito revisits, in his own colourful style, compositions such as \\\"You Are The Sunshine Of My Life\\\" by Stevie Wonder, \\\"Oh, My Love\\\" by John Lennon and Yoko Ono, \\\"Andalucia\\\" by Ernesto Lecuona, alongside some of his own composition such as \\\"My Sweet Girl\\\" and the title track \\\"Catch In Alice\\\", creating a blend of easy-listening jazz with funk and soul influences. Long out of press, we are very proud to bring this \\\"brilliant electone\\\" album back on vinyl under exclusive license from Nippon Columbia.\",\"breadcrumb\":{\"@id\":\"https:\/\/wpguerssen-test.odoo.rgbconsulting.com\/es\/producto\/special-sound-series-vol-1-catch-in-alice\/#breadcrumb\"},\"inLanguage\":\"es\",\"potentialAction\":[{\"@type\":\"ReadAction\",\"target\":[\"https:\/\/wpguerssen-test.odoo.rgbconsulting.com\/es\/producto\/special-sound-series-vol-1-catch-in-alice\/\"]}]},{\"@type\":\"ImageObject\",\"inLanguage\":\"es\",\"@id\":\"https:\/\/wpguerssen-test.odoo.rgbconsulting.com\/es\/producto\/special-sound-series-vol-1-catch-in-alice\/#primaryimage\",\"url\":\"https:\/\/wpguerssen-test.odoo.rgbconsulting.com\/wp-content\/uploads\/2022\/07\/41489.jpg\",\"contentUrl\":\"https:\/\/wpguerssen-test.odoo.rgbconsulting.com\/wp-content\/uploads\/2022\/07\/41489.jpg\",\"width\":1500,\"height\":1500,\"caption\":\"Shigeo - Special Sound Series - Vol. 1: Catch in Alice - HOLY BASIL (LP) | Guerssen\"},{\"@type\":\"BreadcrumbList\",\"@id\":\"https:\/\/wpguerssen-test.odoo.rgbconsulting.com\/es\/producto\/special-sound-series-vol-1-catch-in-alice\/#breadcrumb\",\"itemListElement\":[{\"@type\":\"ListItem\",\"position\":1,\"name\":\"Inicio\",\"item\":\"https:\/\/wpguerssen-test.odoo.rgbconsulting.com\/es\/\"},{\"@type\":\"ListItem\",\"position\":2,\"name\":\"Shop\",\"item\":\"https:\/\/wpguerssen-test.odoo.rgbconsulting.com\/shop\/\"},{\"@type\":\"ListItem\",\"position\":3,\"name\":\"Special Sound Series &#8211; Vol. 1: Catch in Alice\"}]},{\"@type\":\"WebSite\",\"@id\":\"https:\/\/wpguerssen-test.odoo.rgbconsulting.com\/es\/#website\",\"url\":\"https:\/\/wpguerssen-test.odoo.rgbconsulting.com\/es\/\",\"name\":\"Guerssen records\",\"description\":\"psychedelia - progressive - folk - garage \",\"publisher\":{\"@id\":\"https:\/\/wpguerssen-test.odoo.rgbconsulting.com\/es\/#organization\"},\"potentialAction\":[{\"@type\":\"SearchAction\",\"target\":{\"@type\":\"EntryPoint\",\"urlTemplate\":\"https:\/\/wpguerssen-test.odoo.rgbconsulting.com\/es\/?s={search_term_string}\"},\"query-input\":{\"@type\":\"PropertyValueSpecification\",\"valueRequired\":true,\"valueName\":\"search_term_string\"}}],\"inLanguage\":\"es\"},{\"@type\":\"Organization\",\"@id\":\"https:\/\/wpguerssen-test.odoo.rgbconsulting.com\/es\/#organization\",\"name\":\"Guerssen records\",\"url\":\"https:\/\/wpguerssen-test.odoo.rgbconsulting.com\/es\/\",\"logo\":{\"@type\":\"ImageObject\",\"inLanguage\":\"es\",\"@id\":\"https:\/\/wpguerssen-test.odoo.rgbconsulting.com\/es\/#\/schema\/logo\/image\/\",\"url\":\"https:\/\/wpguerssen-test.odoo.rgbconsulting.com\/wp-content\/uploads\/2022\/04\/Logo_Guerssen_trans_100.png\",\"contentUrl\":\"https:\/\/wpguerssen-test.odoo.rgbconsulting.com\/wp-content\/uploads\/2022\/04\/Logo_Guerssen_trans_100.png\",\"width\":122,\"height\":100,\"caption\":\"Guerssen records\"},\"image\":{\"@id\":\"https:\/\/wpguerssen-test.odoo.rgbconsulting.com\/es\/#\/schema\/logo\/image\/\"}}]}<\/script>\n<!-- \/ Yoast SEO plugin. -->","yoast_head_json":{"title":"SEKITO, Shigeo - Special Sound Series - Vol. 1: Catch in Alice -  (LP) | Guerssen","description":"Considered by many one of the most gifted and outstanding players in the Electone community thanks to his fresh, energetic, rhythmic and sometimes humorous style of playing, from 1975 to 1977 Shigeo Sekito released a four-LP album set titled Special Sound Series for the iconic Nippon Columbia. On the first chapter of this series, Sekito revisits, in his own colourful style, compositions such as \"You Are The Sunshine Of My Life\" by Stevie Wonder, \"Oh, My Love\" by John Lennon and Yoko Ono, \"Andalucia\" by Ernesto Lecuona, alongside some of his own composition such as \"My Sweet Girl\" and the title track \"Catch In Alice\", creating a blend of easy-listening jazz with funk and soul influences. Long out of press, we are very proud to bring this \"brilliant electone\" album back on vinyl under exclusive license from Nippon Columbia.","robots":{"index":"index","follow":"follow","max-snippet":"max-snippet:-1","max-image-preview":"max-image-preview:large","max-video-preview":"max-video-preview:-1"},"canonical":"https:\/\/wpguerssen-test.odoo.rgbconsulting.com\/es\/producto\/special-sound-series-vol-1-catch-in-alice\/","og_locale":"es_ES","og_type":"article","og_title":"SEKITO, Shigeo - Special Sound Series - Vol. 1: Catch in Alice -  (LP) | Guerssen","og_description":"Considered by many one of the most gifted and outstanding players in the Electone community thanks to his fresh, energetic, rhythmic and sometimes humorous style of playing, from 1975 to 1977 Shigeo Sekito released a four-LP album set titled Special Sound Series for the iconic Nippon Columbia. On the first chapter of this series, Sekito revisits, in his own colourful style, compositions such as \"You Are The Sunshine Of My Life\" by Stevie Wonder, \"Oh, My Love\" by John Lennon and Yoko Ono, \"Andalucia\" by Ernesto Lecuona, alongside some of his own composition such as \"My Sweet Girl\" and the title track \"Catch In Alice\", creating a blend of easy-listening jazz with funk and soul influences. Long out of press, we are very proud to bring this \"brilliant electone\" album back on vinyl under exclusive license from Nippon Columbia.","og_url":"https:\/\/wpguerssen-test.odoo.rgbconsulting.com\/es\/producto\/special-sound-series-vol-1-catch-in-alice\/","og_site_name":"Guerssen records","article_modified_time":"2024-02-21T11:01:16+00:00","og_image":[{"width":1500,"height":1500,"url":"https:\/\/wpguerssen-test.odoo.rgbconsulting.com\/wp-content\/uploads\/2022\/07\/41489.jpg","type":"image\/jpeg"}],"twitter_card":"summary_large_image","twitter_title":"SEKITO, Shigeo - Special Sound Series - Vol. 1: Catch in Alice -  (LP) | Guerssen","twitter_misc":{"Tiempo de lectura":"1 minuto"},"schema":{"@context":"https:\/\/schema.org","@graph":[{"@type":"WebPage","@id":"https:\/\/wpguerssen-test.odoo.rgbconsulting.com\/es\/producto\/special-sound-series-vol-1-catch-in-alice\/","url":"https:\/\/wpguerssen-test.odoo.rgbconsulting.com\/es\/producto\/special-sound-series-vol-1-catch-in-alice\/","name":"SEKITO, Shigeo - Special Sound Series - Vol. 1: Catch in Alice - (LP) | Guerssen","isPartOf":{"@id":"https:\/\/wpguerssen-test.odoo.rgbconsulting.com\/es\/#website"},"primaryImageOfPage":{"@id":"https:\/\/wpguerssen-test.odoo.rgbconsulting.com\/es\/producto\/special-sound-series-vol-1-catch-in-alice\/#primaryimage"},"image":{"@id":"https:\/\/wpguerssen-test.odoo.rgbconsulting.com\/es\/producto\/special-sound-series-vol-1-catch-in-alice\/#primaryimage"},"thumbnailUrl":"https:\/\/wpguerssen-test.odoo.rgbconsulting.com\/wp-content\/uploads\/2022\/07\/41489.jpg","datePublished":"2022-07-24T22:00:00+00:00","dateModified":"2024-02-21T11:01:16+00:00","description":"Considered by many one of the most gifted and outstanding players in the Electone community thanks to his fresh, energetic, rhythmic and sometimes humorous style of playing, from 1975 to 1977 Shigeo Sekito released a four-LP album set titled Special Sound Series for the iconic Nippon Columbia. On the first chapter of this series, Sekito revisits, in his own colourful style, compositions such as \"You Are The Sunshine Of My Life\" by Stevie Wonder, \"Oh, My Love\" by John Lennon and Yoko Ono, \"Andalucia\" by Ernesto Lecuona, alongside some of his own composition such as \"My Sweet Girl\" and the title track \"Catch In Alice\", creating a blend of easy-listening jazz with funk and soul influences. Long out of press, we are very proud to bring this \"brilliant electone\" album back on vinyl under exclusive license from Nippon Columbia.","breadcrumb":{"@id":"https:\/\/wpguerssen-test.odoo.rgbconsulting.com\/es\/producto\/special-sound-series-vol-1-catch-in-alice\/#breadcrumb"},"inLanguage":"es","potentialAction":[{"@type":"ReadAction","target":["https:\/\/wpguerssen-test.odoo.rgbconsulting.com\/es\/producto\/special-sound-series-vol-1-catch-in-alice\/"]}]},{"@type":"ImageObject","inLanguage":"es","@id":"https:\/\/wpguerssen-test.odoo.rgbconsulting.com\/es\/producto\/special-sound-series-vol-1-catch-in-alice\/#primaryimage","url":"https:\/\/wpguerssen-test.odoo.rgbconsulting.com\/wp-content\/uploads\/2022\/07\/41489.jpg","contentUrl":"https:\/\/wpguerssen-test.odoo.rgbconsulting.com\/wp-content\/uploads\/2022\/07\/41489.jpg","width":1500,"height":1500,"caption":"Shigeo - Special Sound Series - Vol. 1: Catch in Alice - HOLY BASIL (LP) | Guerssen"},{"@type":"BreadcrumbList","@id":"https:\/\/wpguerssen-test.odoo.rgbconsulting.com\/es\/producto\/special-sound-series-vol-1-catch-in-alice\/#breadcrumb","itemListElement":[{"@type":"ListItem","position":1,"name":"Inicio","item":"https:\/\/wpguerssen-test.odoo.rgbconsulting.com\/es\/"},{"@type":"ListItem","position":2,"name":"Shop","item":"https:\/\/wpguerssen-test.odoo.rgbconsulting.com\/shop\/"},{"@type":"ListItem","position":3,"name":"Special Sound Series &#8211; Vol. 1: Catch in Alice"}]},{"@type":"WebSite","@id":"https:\/\/wpguerssen-test.odoo.rgbconsulting.com\/es\/#website","url":"https:\/\/wpguerssen-test.odoo.rgbconsulting.com\/es\/","name":"Guerssen records","description":"psychedelia - progressive - folk - garage ","publisher":{"@id":"https:\/\/wpguerssen-test.odoo.rgbconsulting.com\/es\/#organization"},"potentialAction":[{"@type":"SearchAction","target":{"@type":"EntryPoint","urlTemplate":"https:\/\/wpguerssen-test.odoo.rgbconsulting.com\/es\/?s={search_term_string}"},"query-input":{"@type":"PropertyValueSpecification","valueRequired":true,"valueName":"search_term_string"}}],"inLanguage":"es"},{"@type":"Organization","@id":"https:\/\/wpguerssen-test.odoo.rgbconsulting.com\/es\/#organization","name":"Guerssen records","url":"https:\/\/wpguerssen-test.odoo.rgbconsulting.com\/es\/","logo":{"@type":"ImageObject","inLanguage":"es","@id":"https:\/\/wpguerssen-test.odoo.rgbconsulting.com\/es\/#\/schema\/logo\/image\/","url":"https:\/\/wpguerssen-test.odoo.rgbconsulting.com\/wp-content\/uploads\/2022\/04\/Logo_Guerssen_trans_100.png","contentUrl":"https:\/\/wpguerssen-test.odoo.rgbconsulting.com\/wp-content\/uploads\/2022\/04\/Logo_Guerssen_trans_100.png","width":122,"height":100,"caption":"Guerssen records"},"image":{"@id":"https:\/\/wpguerssen-test.odoo.rgbconsulting.com\/es\/#\/schema\/logo\/image\/"}}]}},"_links":{"self":[{"href":"https:\/\/wpguerssen-test.odoo.rgbconsulting.com\/es\/wp-json\/wp\/v2\/product\/214498","targetHints":{"allow":["GET"]}}],"collection":[{"href":"https:\/\/wpguerssen-test.odoo.rgbconsulting.com\/es\/wp-json\/wp\/v2\/product"}],"about":[{"href":"https:\/\/wpguerssen-test.odoo.rgbconsulting.com\/es\/wp-json\/wp\/v2\/types\/product"}],"wp:featuredmedia":[{"embeddable":true,"href":"https:\/\/wpguerssen-test.odoo.rgbconsulting.com\/es\/wp-json\/wp\/v2\/media\/215437"}],"wp:attachment":[{"href":"https:\/\/wpguerssen-test.odoo.rgbconsulting.com\/es\/wp-json\/wp\/v2\/media?parent=214498"}],"wp:term":[{"taxonomy":"product_brand","embeddable":true,"href":"https:\/\/wpguerssen-test.odoo.rgbconsulting.com\/es\/wp-json\/wp\/v2\/product_brand?post=214498"},{"taxonomy":"product_cat","embeddable":true,"href":"https:\/\/wpguerssen-test.odoo.rgbconsulting.com\/es\/wp-json\/wp\/v2\/product_cat?post=214498"},{"taxonomy":"product_tag","embeddable":true,"href":"https:\/\/wpguerssen-test.odoo.rgbconsulting.com\/es\/wp-json\/wp\/v2\/product_tag?post=214498"}],"curies":[{"name":"wp","href":"https:\/\/api.w.org\/{rel}","templated":true}]}}