{"id":214554,"date":"2022-10-13T00:00:00","date_gmt":"2022-10-12T22:00:00","guid":{"rendered":"https:\/\/wpguerssen-test.odoo.rgbconsulting.com\/product\/layali-elouns\/"},"modified":"2025-01-29T17:18:19","modified_gmt":"2025-01-29T16:18:19","slug":"layali-elouns","status":"publish","type":"product","link":"https:\/\/wpguerssen-test.odoo.rgbconsulting.com\/es\/producto\/layali-elouns\/","title":{"rendered":"Layali Elouns"},"content":{"rendered":"<p>Amal al-Atrash (1912 &#8211; 1944), m\u00e1s conocida por su nombre art\u00edstico Asmahan, fue una cantante y actriz egipcia de origen sirio que vivi\u00f3 en Egipto. Habiendo emigrado a Egipto a la edad de tres a\u00f1os, su familia conoci\u00f3 al compositor Dawood Hosni, y ella cant\u00f3 las composiciones de Mohamed El Qasabgi y Zakariyya Ahmad. Tambi\u00e9n cant\u00f3 las composiciones de Mohammed Abdel Wahab y las de su hermano Farid al-Atrash, un m\u00fasico estrella en ascenso por derecho propio. Su voz fue una de las pocas voces femeninas en el mundo de la m\u00fasica \u00e1rabe que compet\u00eda seriamente con la de Umm Kulthum, considerada una de las cantantes \u00e1rabes m\u00e1s distinguidas del siglo XX. Su misteriosa muerte en 1944, en un accidente automovil\u00edstico, conmocion\u00f3 al p\u00fablico. Los periodistas difundieron chismes sobre su turbulenta vida personal y un supuesto papel de espionaje en la Segunda Guerra Mundial.<\/p>\n","protected":false},"excerpt":{"rendered":"<p>Amal al-Atrash (1912 &#8211; 1944), m\u00e1s conocida por su nombre art\u00edstico Asmahan, fue una cantante y actriz egipcia de origen sirio que vivi\u00f3 en Egipto. Habiendo<a class=\"read\" href=\"https:\/\/wpguerssen-test.odoo.rgbconsulting.com\/es\/producto\/layali-elouns\/\"> (...)<\/a>","protected":false},"featured_media":214539,"template":"","meta":{"_acf_changed":false},"product_brand":[],"product_cat":[23269,21702],"product_tag":[],"class_list":{"0":"post-214554","1":"product","2":"type-product","3":"status-publish","4":"has-post-thumbnail","6":"product_cat-flamenco-world-music-es","7":"product_cat-various-es","8":"pa_artist-asmahan","9":"pa_format-lp-es","10":"pa_gender-flamenco-world-music-various","11":"pa_label-take-it-acid-is","12":"pa_location-eastern-es","13":"pa_other-filters-vinyl-only-es","15":"first","16":"instock","17":"taxable","18":"shipping-taxable","19":"purchasable","20":"product-type-simple"},"acf":[],"yoast_head":"<!-- This site is optimized with the Yoast SEO plugin v24.9 - https:\/\/yoast.com\/wordpress\/plugins\/seo\/ -->\n<title>ASMAHAN - Layali Elouns -  (LP) | Guerssen<\/title>\n<meta name=\"description\" content=\"Amal al-Atrash (1912 - 1944), better known by her stage name Asmahan, was an Egyptian singer and actress of Syrian origins who lived in Egypt. Having immigrated to Egypt at the age of three years old, her family knew the composer Dawood Hosni, and she sang the compositions of Mohamed El Qasabgi and Zakariyya Ahmad. She also sang the compositions of Mohammed Abdel Wahab and her brother Farid al-Atrash, a then rising star musician in his own right. Her voice was one of the few female voices in Arab music world to pose serious competition to that of Umm Kulthum, who is considered to be one of the Arab world&#039;s most distinguished singers of the 20th century. Her mysterious death in 1944, in an automobile accident, shocked the public. Journalists spread gossip about her turbulent personal life and an alleged espionage role in World War II.\" \/>\n<meta name=\"robots\" content=\"index, follow, max-snippet:-1, max-image-preview:large, max-video-preview:-1\" \/>\n<link rel=\"canonical\" href=\"https:\/\/wpguerssen-test.odoo.rgbconsulting.com\/es\/producto\/layali-elouns\/\" \/>\n<meta property=\"og:locale\" content=\"es_ES\" \/>\n<meta property=\"og:type\" content=\"article\" \/>\n<meta property=\"og:title\" content=\"ASMAHAN - Layali Elouns -  (LP) | Guerssen\" \/>\n<meta property=\"og:description\" content=\"Amal al-Atrash (1912 - 1944), better known by her stage name Asmahan, was an Egyptian singer and actress of Syrian origins who lived in Egypt. Having immigrated to Egypt at the age of three years old, her family knew the composer Dawood Hosni, and she sang the compositions of Mohamed El Qasabgi and Zakariyya Ahmad. She also sang the compositions of Mohammed Abdel Wahab and her brother Farid al-Atrash, a then rising star musician in his own right. Her voice was one of the few female voices in Arab music world to pose serious competition to that of Umm Kulthum, who is considered to be one of the Arab world&#039;s most distinguished singers of the 20th century. Her mysterious death in 1944, in an automobile accident, shocked the public. Journalists spread gossip about her turbulent personal life and an alleged espionage role in World War II.\" \/>\n<meta property=\"og:url\" content=\"https:\/\/wpguerssen-test.odoo.rgbconsulting.com\/es\/producto\/layali-elouns\/\" \/>\n<meta property=\"og:site_name\" content=\"Guerssen records\" \/>\n<meta property=\"article:modified_time\" content=\"2025-01-29T16:18:19+00:00\" \/>\n<meta property=\"og:image\" content=\"https:\/\/wpguerssen-test.odoo.rgbconsulting.com\/wp-content\/uploads\/2022\/07\/41499.jpg\" \/>\n\t<meta property=\"og:image:width\" content=\"302\" \/>\n\t<meta property=\"og:image:height\" content=\"319\" \/>\n\t<meta property=\"og:image:type\" content=\"image\/jpeg\" \/>\n<meta name=\"twitter:card\" content=\"summary_large_image\" \/>\n<meta name=\"twitter:title\" content=\"ASMAHAN - Layali Elouns -  (LP) | Guerssen\" \/>\n<meta name=\"twitter:label1\" content=\"Tiempo de lectura\" \/>\n\t<meta name=\"twitter:data1\" content=\"1 minuto\" \/>\n<script type=\"application\/ld+json\" class=\"yoast-schema-graph\">{\"@context\":\"https:\/\/schema.org\",\"@graph\":[{\"@type\":\"WebPage\",\"@id\":\"https:\/\/wpguerssen-test.odoo.rgbconsulting.com\/es\/producto\/layali-elouns\/\",\"url\":\"https:\/\/wpguerssen-test.odoo.rgbconsulting.com\/es\/producto\/layali-elouns\/\",\"name\":\"ASMAHAN - Layali Elouns - (LP) | Guerssen\",\"isPartOf\":{\"@id\":\"https:\/\/wpguerssen-test.odoo.rgbconsulting.com\/es\/#website\"},\"primaryImageOfPage\":{\"@id\":\"https:\/\/wpguerssen-test.odoo.rgbconsulting.com\/es\/producto\/layali-elouns\/#primaryimage\"},\"image\":{\"@id\":\"https:\/\/wpguerssen-test.odoo.rgbconsulting.com\/es\/producto\/layali-elouns\/#primaryimage\"},\"thumbnailUrl\":\"https:\/\/wpguerssen-test.odoo.rgbconsulting.com\/wp-content\/uploads\/2022\/07\/41499.jpg\",\"datePublished\":\"2022-10-12T22:00:00+00:00\",\"dateModified\":\"2025-01-29T16:18:19+00:00\",\"description\":\"Amal al-Atrash (1912 - 1944), better known by her stage name Asmahan, was an Egyptian singer and actress of Syrian origins who lived in Egypt. Having immigrated to Egypt at the age of three years old, her family knew the composer Dawood Hosni, and she sang the compositions of Mohamed El Qasabgi and Zakariyya Ahmad. She also sang the compositions of Mohammed Abdel Wahab and her brother Farid al-Atrash, a then rising star musician in his own right. Her voice was one of the few female voices in Arab music world to pose serious competition to that of Umm Kulthum, who is considered to be one of the Arab world's most distinguished singers of the 20th century. Her mysterious death in 1944, in an automobile accident, shocked the public. Journalists spread gossip about her turbulent personal life and an alleged espionage role in World War II.\",\"breadcrumb\":{\"@id\":\"https:\/\/wpguerssen-test.odoo.rgbconsulting.com\/es\/producto\/layali-elouns\/#breadcrumb\"},\"inLanguage\":\"es\",\"potentialAction\":[{\"@type\":\"ReadAction\",\"target\":[\"https:\/\/wpguerssen-test.odoo.rgbconsulting.com\/es\/producto\/layali-elouns\/\"]}]},{\"@type\":\"ImageObject\",\"inLanguage\":\"es\",\"@id\":\"https:\/\/wpguerssen-test.odoo.rgbconsulting.com\/es\/producto\/layali-elouns\/#primaryimage\",\"url\":\"https:\/\/wpguerssen-test.odoo.rgbconsulting.com\/wp-content\/uploads\/2022\/07\/41499.jpg\",\"contentUrl\":\"https:\/\/wpguerssen-test.odoo.rgbconsulting.com\/wp-content\/uploads\/2022\/07\/41499.jpg\",\"width\":302,\"height\":319},{\"@type\":\"BreadcrumbList\",\"@id\":\"https:\/\/wpguerssen-test.odoo.rgbconsulting.com\/es\/producto\/layali-elouns\/#breadcrumb\",\"itemListElement\":[{\"@type\":\"ListItem\",\"position\":1,\"name\":\"Inicio\",\"item\":\"https:\/\/wpguerssen-test.odoo.rgbconsulting.com\/es\/\"},{\"@type\":\"ListItem\",\"position\":2,\"name\":\"Shop\",\"item\":\"https:\/\/wpguerssen-test.odoo.rgbconsulting.com\/shop\/\"},{\"@type\":\"ListItem\",\"position\":3,\"name\":\"Layali Elouns\"}]},{\"@type\":\"WebSite\",\"@id\":\"https:\/\/wpguerssen-test.odoo.rgbconsulting.com\/es\/#website\",\"url\":\"https:\/\/wpguerssen-test.odoo.rgbconsulting.com\/es\/\",\"name\":\"Guerssen records\",\"description\":\"psychedelia - progressive - folk - garage \",\"publisher\":{\"@id\":\"https:\/\/wpguerssen-test.odoo.rgbconsulting.com\/es\/#organization\"},\"potentialAction\":[{\"@type\":\"SearchAction\",\"target\":{\"@type\":\"EntryPoint\",\"urlTemplate\":\"https:\/\/wpguerssen-test.odoo.rgbconsulting.com\/es\/?s={search_term_string}\"},\"query-input\":{\"@type\":\"PropertyValueSpecification\",\"valueRequired\":true,\"valueName\":\"search_term_string\"}}],\"inLanguage\":\"es\"},{\"@type\":\"Organization\",\"@id\":\"https:\/\/wpguerssen-test.odoo.rgbconsulting.com\/es\/#organization\",\"name\":\"Guerssen records\",\"url\":\"https:\/\/wpguerssen-test.odoo.rgbconsulting.com\/es\/\",\"logo\":{\"@type\":\"ImageObject\",\"inLanguage\":\"es\",\"@id\":\"https:\/\/wpguerssen-test.odoo.rgbconsulting.com\/es\/#\/schema\/logo\/image\/\",\"url\":\"https:\/\/wpguerssen-test.odoo.rgbconsulting.com\/wp-content\/uploads\/2022\/04\/Logo_Guerssen_trans_100.png\",\"contentUrl\":\"https:\/\/wpguerssen-test.odoo.rgbconsulting.com\/wp-content\/uploads\/2022\/04\/Logo_Guerssen_trans_100.png\",\"width\":122,\"height\":100,\"caption\":\"Guerssen records\"},\"image\":{\"@id\":\"https:\/\/wpguerssen-test.odoo.rgbconsulting.com\/es\/#\/schema\/logo\/image\/\"}}]}<\/script>\n<!-- \/ Yoast SEO plugin. -->","yoast_head_json":{"title":"ASMAHAN - Layali Elouns -  (LP) | Guerssen","description":"Amal al-Atrash (1912 - 1944), better known by her stage name Asmahan, was an Egyptian singer and actress of Syrian origins who lived in Egypt. Having immigrated to Egypt at the age of three years old, her family knew the composer Dawood Hosni, and she sang the compositions of Mohamed El Qasabgi and Zakariyya Ahmad. She also sang the compositions of Mohammed Abdel Wahab and her brother Farid al-Atrash, a then rising star musician in his own right. Her voice was one of the few female voices in Arab music world to pose serious competition to that of Umm Kulthum, who is considered to be one of the Arab world's most distinguished singers of the 20th century. Her mysterious death in 1944, in an automobile accident, shocked the public. Journalists spread gossip about her turbulent personal life and an alleged espionage role in World War II.","robots":{"index":"index","follow":"follow","max-snippet":"max-snippet:-1","max-image-preview":"max-image-preview:large","max-video-preview":"max-video-preview:-1"},"canonical":"https:\/\/wpguerssen-test.odoo.rgbconsulting.com\/es\/producto\/layali-elouns\/","og_locale":"es_ES","og_type":"article","og_title":"ASMAHAN - Layali Elouns -  (LP) | Guerssen","og_description":"Amal al-Atrash (1912 - 1944), better known by her stage name Asmahan, was an Egyptian singer and actress of Syrian origins who lived in Egypt. Having immigrated to Egypt at the age of three years old, her family knew the composer Dawood Hosni, and she sang the compositions of Mohamed El Qasabgi and Zakariyya Ahmad. She also sang the compositions of Mohammed Abdel Wahab and her brother Farid al-Atrash, a then rising star musician in his own right. Her voice was one of the few female voices in Arab music world to pose serious competition to that of Umm Kulthum, who is considered to be one of the Arab world's most distinguished singers of the 20th century. Her mysterious death in 1944, in an automobile accident, shocked the public. Journalists spread gossip about her turbulent personal life and an alleged espionage role in World War II.","og_url":"https:\/\/wpguerssen-test.odoo.rgbconsulting.com\/es\/producto\/layali-elouns\/","og_site_name":"Guerssen records","article_modified_time":"2025-01-29T16:18:19+00:00","og_image":[{"width":302,"height":319,"url":"https:\/\/wpguerssen-test.odoo.rgbconsulting.com\/wp-content\/uploads\/2022\/07\/41499.jpg","type":"image\/jpeg"}],"twitter_card":"summary_large_image","twitter_title":"ASMAHAN - Layali Elouns -  (LP) | Guerssen","twitter_misc":{"Tiempo de lectura":"1 minuto"},"schema":{"@context":"https:\/\/schema.org","@graph":[{"@type":"WebPage","@id":"https:\/\/wpguerssen-test.odoo.rgbconsulting.com\/es\/producto\/layali-elouns\/","url":"https:\/\/wpguerssen-test.odoo.rgbconsulting.com\/es\/producto\/layali-elouns\/","name":"ASMAHAN - Layali Elouns - (LP) | Guerssen","isPartOf":{"@id":"https:\/\/wpguerssen-test.odoo.rgbconsulting.com\/es\/#website"},"primaryImageOfPage":{"@id":"https:\/\/wpguerssen-test.odoo.rgbconsulting.com\/es\/producto\/layali-elouns\/#primaryimage"},"image":{"@id":"https:\/\/wpguerssen-test.odoo.rgbconsulting.com\/es\/producto\/layali-elouns\/#primaryimage"},"thumbnailUrl":"https:\/\/wpguerssen-test.odoo.rgbconsulting.com\/wp-content\/uploads\/2022\/07\/41499.jpg","datePublished":"2022-10-12T22:00:00+00:00","dateModified":"2025-01-29T16:18:19+00:00","description":"Amal al-Atrash (1912 - 1944), better known by her stage name Asmahan, was an Egyptian singer and actress of Syrian origins who lived in Egypt. Having immigrated to Egypt at the age of three years old, her family knew the composer Dawood Hosni, and she sang the compositions of Mohamed El Qasabgi and Zakariyya Ahmad. She also sang the compositions of Mohammed Abdel Wahab and her brother Farid al-Atrash, a then rising star musician in his own right. Her voice was one of the few female voices in Arab music world to pose serious competition to that of Umm Kulthum, who is considered to be one of the Arab world's most distinguished singers of the 20th century. Her mysterious death in 1944, in an automobile accident, shocked the public. Journalists spread gossip about her turbulent personal life and an alleged espionage role in World War II.","breadcrumb":{"@id":"https:\/\/wpguerssen-test.odoo.rgbconsulting.com\/es\/producto\/layali-elouns\/#breadcrumb"},"inLanguage":"es","potentialAction":[{"@type":"ReadAction","target":["https:\/\/wpguerssen-test.odoo.rgbconsulting.com\/es\/producto\/layali-elouns\/"]}]},{"@type":"ImageObject","inLanguage":"es","@id":"https:\/\/wpguerssen-test.odoo.rgbconsulting.com\/es\/producto\/layali-elouns\/#primaryimage","url":"https:\/\/wpguerssen-test.odoo.rgbconsulting.com\/wp-content\/uploads\/2022\/07\/41499.jpg","contentUrl":"https:\/\/wpguerssen-test.odoo.rgbconsulting.com\/wp-content\/uploads\/2022\/07\/41499.jpg","width":302,"height":319},{"@type":"BreadcrumbList","@id":"https:\/\/wpguerssen-test.odoo.rgbconsulting.com\/es\/producto\/layali-elouns\/#breadcrumb","itemListElement":[{"@type":"ListItem","position":1,"name":"Inicio","item":"https:\/\/wpguerssen-test.odoo.rgbconsulting.com\/es\/"},{"@type":"ListItem","position":2,"name":"Shop","item":"https:\/\/wpguerssen-test.odoo.rgbconsulting.com\/shop\/"},{"@type":"ListItem","position":3,"name":"Layali Elouns"}]},{"@type":"WebSite","@id":"https:\/\/wpguerssen-test.odoo.rgbconsulting.com\/es\/#website","url":"https:\/\/wpguerssen-test.odoo.rgbconsulting.com\/es\/","name":"Guerssen records","description":"psychedelia - progressive - folk - garage ","publisher":{"@id":"https:\/\/wpguerssen-test.odoo.rgbconsulting.com\/es\/#organization"},"potentialAction":[{"@type":"SearchAction","target":{"@type":"EntryPoint","urlTemplate":"https:\/\/wpguerssen-test.odoo.rgbconsulting.com\/es\/?s={search_term_string}"},"query-input":{"@type":"PropertyValueSpecification","valueRequired":true,"valueName":"search_term_string"}}],"inLanguage":"es"},{"@type":"Organization","@id":"https:\/\/wpguerssen-test.odoo.rgbconsulting.com\/es\/#organization","name":"Guerssen records","url":"https:\/\/wpguerssen-test.odoo.rgbconsulting.com\/es\/","logo":{"@type":"ImageObject","inLanguage":"es","@id":"https:\/\/wpguerssen-test.odoo.rgbconsulting.com\/es\/#\/schema\/logo\/image\/","url":"https:\/\/wpguerssen-test.odoo.rgbconsulting.com\/wp-content\/uploads\/2022\/04\/Logo_Guerssen_trans_100.png","contentUrl":"https:\/\/wpguerssen-test.odoo.rgbconsulting.com\/wp-content\/uploads\/2022\/04\/Logo_Guerssen_trans_100.png","width":122,"height":100,"caption":"Guerssen records"},"image":{"@id":"https:\/\/wpguerssen-test.odoo.rgbconsulting.com\/es\/#\/schema\/logo\/image\/"}}]}},"_links":{"self":[{"href":"https:\/\/wpguerssen-test.odoo.rgbconsulting.com\/es\/wp-json\/wp\/v2\/product\/214554","targetHints":{"allow":["GET"]}}],"collection":[{"href":"https:\/\/wpguerssen-test.odoo.rgbconsulting.com\/es\/wp-json\/wp\/v2\/product"}],"about":[{"href":"https:\/\/wpguerssen-test.odoo.rgbconsulting.com\/es\/wp-json\/wp\/v2\/types\/product"}],"wp:featuredmedia":[{"embeddable":true,"href":"https:\/\/wpguerssen-test.odoo.rgbconsulting.com\/es\/wp-json\/wp\/v2\/media\/214539"}],"wp:attachment":[{"href":"https:\/\/wpguerssen-test.odoo.rgbconsulting.com\/es\/wp-json\/wp\/v2\/media?parent=214554"}],"wp:term":[{"taxonomy":"product_brand","embeddable":true,"href":"https:\/\/wpguerssen-test.odoo.rgbconsulting.com\/es\/wp-json\/wp\/v2\/product_brand?post=214554"},{"taxonomy":"product_cat","embeddable":true,"href":"https:\/\/wpguerssen-test.odoo.rgbconsulting.com\/es\/wp-json\/wp\/v2\/product_cat?post=214554"},{"taxonomy":"product_tag","embeddable":true,"href":"https:\/\/wpguerssen-test.odoo.rgbconsulting.com\/es\/wp-json\/wp\/v2\/product_tag?post=214554"}],"curies":[{"name":"wp","href":"https:\/\/api.w.org\/{rel}","templated":true}]}}