{"id":214608,"date":"2022-07-25T00:00:00","date_gmt":"2022-07-24T22:00:00","guid":{"rendered":"https:\/\/wpguerssen-test.odoo.rgbconsulting.com\/product\/brazilian-classics\/"},"modified":"2024-03-01T14:10:10","modified_gmt":"2024-03-01T13:10:10","slug":"brazilian-classics","status":"publish","type":"product","link":"https:\/\/wpguerssen-test.odoo.rgbconsulting.com\/es\/producto\/brazilian-classics\/","title":{"rendered":"Brazilian Classics"},"content":{"rendered":"<p>Dorival Caymmi fue un cantante, compositor, actor y pintor brasile\u00f1o activo durante m\u00e1s de 70 a\u00f1os a partir de 1933. Contribuy\u00f3 al nacimiento del movimiento bossa nova de Brasil y varias de sus piezas de samba, como \u00abSamba da Minha Terra\u00bb, \u00abDoralice\u00bb y \u00abSaudade da Bahia\u00bb, se han convertido en elementos b\u00e1sicos de la m\u00fasica popular brasileira. Igualmente notables son sus baladas que celebran a los pescadores y mujeres de Bah\u00eda, incluidas \u00abPromessa de Pescador\u00bb, \u00abO Que \u00c9 Que a Baiana Tem?\u00bb y \u00abMilagre\u00bb. Caymmi compuso alrededor de 100 canciones durante su vida, y muchas de sus obras ahora se consideran cl\u00e1sicos brasile\u00f1os. Tanto m\u00fasicos brasile\u00f1os como no brasile\u00f1os han versionado sus canciones. Ben Ratliff de The New York Times escribi\u00f3 que Caymmi fue \u00abquiz\u00e1s solo superado por Ant\u00f4nio Carlos Jobim en establecer un cancionero de la identidad brasile\u00f1a [del siglo XX]. Esta antolog\u00eda es verdaderamente una entrada majestuosa en su propia vida influyente\u00bb.<\/p>\n","protected":false},"excerpt":{"rendered":"<p>Dorival Caymmi fue un cantante, compositor, actor y pintor brasile\u00f1o activo durante m\u00e1s de 70 a\u00f1os a partir de 1933. Contribuy\u00f3 al nacimiento del movimiento bossa<a class=\"read\" href=\"https:\/\/wpguerssen-test.odoo.rgbconsulting.com\/es\/producto\/brazilian-classics\/\"> (...)<\/a>","protected":false},"featured_media":214566,"template":"","meta":{"_acf_changed":false},"product_brand":[],"product_cat":[23231],"product_tag":[24190],"class_list":{"0":"post-214608","1":"product","2":"type-product","3":"status-publish","4":"has-post-thumbnail","6":"product_cat-latin-brazilian-es","7":"product_tag-sales-es","8":"pa_artist-caymmi-dorival","9":"pa_format-lp-es","10":"pa_gender-latin-brazilian","11":"pa_label-naked-lunch","12":"pa_location-south-america-caribbean-es","13":"pa_other-filters-vinyl-only-es","15":"first","16":"instock","17":"taxable","18":"shipping-taxable","19":"purchasable","20":"product-type-simple"},"acf":[],"yoast_head":"<!-- This site is optimized with the Yoast SEO plugin v24.9 - https:\/\/yoast.com\/wordpress\/plugins\/seo\/ -->\n<title>CAYMMI, Dorival - Brazilian Classics -  (LP) | Guerssen<\/title>\n<meta name=\"description\" content=\"Dorival Caymmi was a Brazilian singer, songwriter, actor, and painter active for more than 70 years beginning in 1933. He contributed to the birth of Brazil&#039;s bossa nova movement, and several of his samba pieces, such as &quot;Samba da Minha Terra&quot;, &quot;Doralice&quot; and &quot;Saudade da Bahia&quot;, have become staples of m\u00fasica popular brasileira. Equally notable are his ballads celebrating the fishermen and women of Bahia, including &quot;Promessa de Pescador&quot;, &quot;O Que \u00c9 Que a Baiana Tem?&quot;, and &quot;Milagre&quot;. Caymmi composed about 100 songs in his lifetime, and many of his works are now considered to be Brazilian classics. Both Brazilian and non-Brazilian musicians have covered his songs. Ben Ratliff of The New York Times wrote that Caymmi was &quot;perhaps second only to Ant\u00f4nio Carlos Jobim in &#039;establishing a songbook of [the 20th] century&#039;s Brazilian identity. This anthology is truly a majestic entry into his own influential lifetime.\" \/>\n<meta name=\"robots\" content=\"index, follow, max-snippet:-1, max-image-preview:large, max-video-preview:-1\" \/>\n<link rel=\"canonical\" href=\"https:\/\/wpguerssen-test.odoo.rgbconsulting.com\/es\/producto\/brazilian-classics\/\" \/>\n<meta property=\"og:locale\" content=\"es_ES\" \/>\n<meta property=\"og:type\" content=\"article\" \/>\n<meta property=\"og:title\" content=\"CAYMMI, Dorival - Brazilian Classics -  (LP) | Guerssen\" \/>\n<meta property=\"og:description\" content=\"Dorival Caymmi was a Brazilian singer, songwriter, actor, and painter active for more than 70 years beginning in 1933. He contributed to the birth of Brazil&#039;s bossa nova movement, and several of his samba pieces, such as &quot;Samba da Minha Terra&quot;, &quot;Doralice&quot; and &quot;Saudade da Bahia&quot;, have become staples of m\u00fasica popular brasileira. Equally notable are his ballads celebrating the fishermen and women of Bahia, including &quot;Promessa de Pescador&quot;, &quot;O Que \u00c9 Que a Baiana Tem?&quot;, and &quot;Milagre&quot;. Caymmi composed about 100 songs in his lifetime, and many of his works are now considered to be Brazilian classics. Both Brazilian and non-Brazilian musicians have covered his songs. Ben Ratliff of The New York Times wrote that Caymmi was &quot;perhaps second only to Ant\u00f4nio Carlos Jobim in &#039;establishing a songbook of [the 20th] century&#039;s Brazilian identity. This anthology is truly a majestic entry into his own influential lifetime.\" \/>\n<meta property=\"og:url\" content=\"https:\/\/wpguerssen-test.odoo.rgbconsulting.com\/es\/producto\/brazilian-classics\/\" \/>\n<meta property=\"og:site_name\" content=\"Guerssen records\" \/>\n<meta property=\"article:modified_time\" content=\"2024-03-01T13:10:10+00:00\" \/>\n<meta property=\"og:image\" content=\"https:\/\/wpguerssen-test.odoo.rgbconsulting.com\/wp-content\/uploads\/2022\/07\/41507.jpg\" \/>\n\t<meta property=\"og:image:width\" content=\"801\" \/>\n\t<meta property=\"og:image:height\" content=\"768\" \/>\n\t<meta property=\"og:image:type\" content=\"image\/jpeg\" \/>\n<meta name=\"twitter:card\" content=\"summary_large_image\" \/>\n<meta name=\"twitter:title\" content=\"CAYMMI, Dorival - Brazilian Classics -  (LP) | Guerssen\" \/>\n<meta name=\"twitter:label1\" content=\"Tiempo de lectura\" \/>\n\t<meta name=\"twitter:data1\" content=\"1 minuto\" \/>\n<script type=\"application\/ld+json\" class=\"yoast-schema-graph\">{\"@context\":\"https:\/\/schema.org\",\"@graph\":[{\"@type\":\"WebPage\",\"@id\":\"https:\/\/wpguerssen-test.odoo.rgbconsulting.com\/es\/producto\/brazilian-classics\/\",\"url\":\"https:\/\/wpguerssen-test.odoo.rgbconsulting.com\/es\/producto\/brazilian-classics\/\",\"name\":\"CAYMMI, Dorival - Brazilian Classics - (LP) | Guerssen\",\"isPartOf\":{\"@id\":\"https:\/\/wpguerssen-test.odoo.rgbconsulting.com\/es\/#website\"},\"primaryImageOfPage\":{\"@id\":\"https:\/\/wpguerssen-test.odoo.rgbconsulting.com\/es\/producto\/brazilian-classics\/#primaryimage\"},\"image\":{\"@id\":\"https:\/\/wpguerssen-test.odoo.rgbconsulting.com\/es\/producto\/brazilian-classics\/#primaryimage\"},\"thumbnailUrl\":\"https:\/\/wpguerssen-test.odoo.rgbconsulting.com\/wp-content\/uploads\/2022\/07\/41507.jpg\",\"datePublished\":\"2022-07-24T22:00:00+00:00\",\"dateModified\":\"2024-03-01T13:10:10+00:00\",\"description\":\"Dorival Caymmi was a Brazilian singer, songwriter, actor, and painter active for more than 70 years beginning in 1933. He contributed to the birth of Brazil's bossa nova movement, and several of his samba pieces, such as \\\"Samba da Minha Terra\\\", \\\"Doralice\\\" and \\\"Saudade da Bahia\\\", have become staples of m\u00fasica popular brasileira. Equally notable are his ballads celebrating the fishermen and women of Bahia, including \\\"Promessa de Pescador\\\", \\\"O Que \u00c9 Que a Baiana Tem?\\\", and \\\"Milagre\\\". Caymmi composed about 100 songs in his lifetime, and many of his works are now considered to be Brazilian classics. Both Brazilian and non-Brazilian musicians have covered his songs. Ben Ratliff of The New York Times wrote that Caymmi was \\\"perhaps second only to Ant\u00f4nio Carlos Jobim in 'establishing a songbook of [the 20th] century's Brazilian identity. This anthology is truly a majestic entry into his own influential lifetime.\",\"breadcrumb\":{\"@id\":\"https:\/\/wpguerssen-test.odoo.rgbconsulting.com\/es\/producto\/brazilian-classics\/#breadcrumb\"},\"inLanguage\":\"es\",\"potentialAction\":[{\"@type\":\"ReadAction\",\"target\":[\"https:\/\/wpguerssen-test.odoo.rgbconsulting.com\/es\/producto\/brazilian-classics\/\"]}]},{\"@type\":\"ImageObject\",\"inLanguage\":\"es\",\"@id\":\"https:\/\/wpguerssen-test.odoo.rgbconsulting.com\/es\/producto\/brazilian-classics\/#primaryimage\",\"url\":\"https:\/\/wpguerssen-test.odoo.rgbconsulting.com\/wp-content\/uploads\/2022\/07\/41507.jpg\",\"contentUrl\":\"https:\/\/wpguerssen-test.odoo.rgbconsulting.com\/wp-content\/uploads\/2022\/07\/41507.jpg\",\"width\":801,\"height\":768,\"caption\":\"Dorival - Brazilian Classics - NAKED LUNCH (LP) | Guerssen\"},{\"@type\":\"BreadcrumbList\",\"@id\":\"https:\/\/wpguerssen-test.odoo.rgbconsulting.com\/es\/producto\/brazilian-classics\/#breadcrumb\",\"itemListElement\":[{\"@type\":\"ListItem\",\"position\":1,\"name\":\"Inicio\",\"item\":\"https:\/\/wpguerssen-test.odoo.rgbconsulting.com\/es\/\"},{\"@type\":\"ListItem\",\"position\":2,\"name\":\"Shop\",\"item\":\"https:\/\/wpguerssen-test.odoo.rgbconsulting.com\/shop\/\"},{\"@type\":\"ListItem\",\"position\":3,\"name\":\"Brazilian Classics\"}]},{\"@type\":\"WebSite\",\"@id\":\"https:\/\/wpguerssen-test.odoo.rgbconsulting.com\/es\/#website\",\"url\":\"https:\/\/wpguerssen-test.odoo.rgbconsulting.com\/es\/\",\"name\":\"Guerssen records\",\"description\":\"psychedelia - progressive - folk - garage \",\"publisher\":{\"@id\":\"https:\/\/wpguerssen-test.odoo.rgbconsulting.com\/es\/#organization\"},\"potentialAction\":[{\"@type\":\"SearchAction\",\"target\":{\"@type\":\"EntryPoint\",\"urlTemplate\":\"https:\/\/wpguerssen-test.odoo.rgbconsulting.com\/es\/?s={search_term_string}\"},\"query-input\":{\"@type\":\"PropertyValueSpecification\",\"valueRequired\":true,\"valueName\":\"search_term_string\"}}],\"inLanguage\":\"es\"},{\"@type\":\"Organization\",\"@id\":\"https:\/\/wpguerssen-test.odoo.rgbconsulting.com\/es\/#organization\",\"name\":\"Guerssen records\",\"url\":\"https:\/\/wpguerssen-test.odoo.rgbconsulting.com\/es\/\",\"logo\":{\"@type\":\"ImageObject\",\"inLanguage\":\"es\",\"@id\":\"https:\/\/wpguerssen-test.odoo.rgbconsulting.com\/es\/#\/schema\/logo\/image\/\",\"url\":\"https:\/\/wpguerssen-test.odoo.rgbconsulting.com\/wp-content\/uploads\/2022\/04\/Logo_Guerssen_trans_100.png\",\"contentUrl\":\"https:\/\/wpguerssen-test.odoo.rgbconsulting.com\/wp-content\/uploads\/2022\/04\/Logo_Guerssen_trans_100.png\",\"width\":122,\"height\":100,\"caption\":\"Guerssen records\"},\"image\":{\"@id\":\"https:\/\/wpguerssen-test.odoo.rgbconsulting.com\/es\/#\/schema\/logo\/image\/\"}}]}<\/script>\n<!-- \/ Yoast SEO plugin. -->","yoast_head_json":{"title":"CAYMMI, Dorival - Brazilian Classics -  (LP) | Guerssen","description":"Dorival Caymmi was a Brazilian singer, songwriter, actor, and painter active for more than 70 years beginning in 1933. He contributed to the birth of Brazil's bossa nova movement, and several of his samba pieces, such as \"Samba da Minha Terra\", \"Doralice\" and \"Saudade da Bahia\", have become staples of m\u00fasica popular brasileira. Equally notable are his ballads celebrating the fishermen and women of Bahia, including \"Promessa de Pescador\", \"O Que \u00c9 Que a Baiana Tem?\", and \"Milagre\". Caymmi composed about 100 songs in his lifetime, and many of his works are now considered to be Brazilian classics. Both Brazilian and non-Brazilian musicians have covered his songs. Ben Ratliff of The New York Times wrote that Caymmi was \"perhaps second only to Ant\u00f4nio Carlos Jobim in 'establishing a songbook of [the 20th] century's Brazilian identity. This anthology is truly a majestic entry into his own influential lifetime.","robots":{"index":"index","follow":"follow","max-snippet":"max-snippet:-1","max-image-preview":"max-image-preview:large","max-video-preview":"max-video-preview:-1"},"canonical":"https:\/\/wpguerssen-test.odoo.rgbconsulting.com\/es\/producto\/brazilian-classics\/","og_locale":"es_ES","og_type":"article","og_title":"CAYMMI, Dorival - Brazilian Classics -  (LP) | Guerssen","og_description":"Dorival Caymmi was a Brazilian singer, songwriter, actor, and painter active for more than 70 years beginning in 1933. He contributed to the birth of Brazil's bossa nova movement, and several of his samba pieces, such as \"Samba da Minha Terra\", \"Doralice\" and \"Saudade da Bahia\", have become staples of m\u00fasica popular brasileira. Equally notable are his ballads celebrating the fishermen and women of Bahia, including \"Promessa de Pescador\", \"O Que \u00c9 Que a Baiana Tem?\", and \"Milagre\". Caymmi composed about 100 songs in his lifetime, and many of his works are now considered to be Brazilian classics. Both Brazilian and non-Brazilian musicians have covered his songs. Ben Ratliff of The New York Times wrote that Caymmi was \"perhaps second only to Ant\u00f4nio Carlos Jobim in 'establishing a songbook of [the 20th] century's Brazilian identity. This anthology is truly a majestic entry into his own influential lifetime.","og_url":"https:\/\/wpguerssen-test.odoo.rgbconsulting.com\/es\/producto\/brazilian-classics\/","og_site_name":"Guerssen records","article_modified_time":"2024-03-01T13:10:10+00:00","og_image":[{"width":801,"height":768,"url":"https:\/\/wpguerssen-test.odoo.rgbconsulting.com\/wp-content\/uploads\/2022\/07\/41507.jpg","type":"image\/jpeg"}],"twitter_card":"summary_large_image","twitter_title":"CAYMMI, Dorival - Brazilian Classics -  (LP) | Guerssen","twitter_misc":{"Tiempo de lectura":"1 minuto"},"schema":{"@context":"https:\/\/schema.org","@graph":[{"@type":"WebPage","@id":"https:\/\/wpguerssen-test.odoo.rgbconsulting.com\/es\/producto\/brazilian-classics\/","url":"https:\/\/wpguerssen-test.odoo.rgbconsulting.com\/es\/producto\/brazilian-classics\/","name":"CAYMMI, Dorival - Brazilian Classics - (LP) | Guerssen","isPartOf":{"@id":"https:\/\/wpguerssen-test.odoo.rgbconsulting.com\/es\/#website"},"primaryImageOfPage":{"@id":"https:\/\/wpguerssen-test.odoo.rgbconsulting.com\/es\/producto\/brazilian-classics\/#primaryimage"},"image":{"@id":"https:\/\/wpguerssen-test.odoo.rgbconsulting.com\/es\/producto\/brazilian-classics\/#primaryimage"},"thumbnailUrl":"https:\/\/wpguerssen-test.odoo.rgbconsulting.com\/wp-content\/uploads\/2022\/07\/41507.jpg","datePublished":"2022-07-24T22:00:00+00:00","dateModified":"2024-03-01T13:10:10+00:00","description":"Dorival Caymmi was a Brazilian singer, songwriter, actor, and painter active for more than 70 years beginning in 1933. He contributed to the birth of Brazil's bossa nova movement, and several of his samba pieces, such as \"Samba da Minha Terra\", \"Doralice\" and \"Saudade da Bahia\", have become staples of m\u00fasica popular brasileira. Equally notable are his ballads celebrating the fishermen and women of Bahia, including \"Promessa de Pescador\", \"O Que \u00c9 Que a Baiana Tem?\", and \"Milagre\". Caymmi composed about 100 songs in his lifetime, and many of his works are now considered to be Brazilian classics. Both Brazilian and non-Brazilian musicians have covered his songs. Ben Ratliff of The New York Times wrote that Caymmi was \"perhaps second only to Ant\u00f4nio Carlos Jobim in 'establishing a songbook of [the 20th] century's Brazilian identity. This anthology is truly a majestic entry into his own influential lifetime.","breadcrumb":{"@id":"https:\/\/wpguerssen-test.odoo.rgbconsulting.com\/es\/producto\/brazilian-classics\/#breadcrumb"},"inLanguage":"es","potentialAction":[{"@type":"ReadAction","target":["https:\/\/wpguerssen-test.odoo.rgbconsulting.com\/es\/producto\/brazilian-classics\/"]}]},{"@type":"ImageObject","inLanguage":"es","@id":"https:\/\/wpguerssen-test.odoo.rgbconsulting.com\/es\/producto\/brazilian-classics\/#primaryimage","url":"https:\/\/wpguerssen-test.odoo.rgbconsulting.com\/wp-content\/uploads\/2022\/07\/41507.jpg","contentUrl":"https:\/\/wpguerssen-test.odoo.rgbconsulting.com\/wp-content\/uploads\/2022\/07\/41507.jpg","width":801,"height":768,"caption":"Dorival - Brazilian Classics - NAKED LUNCH (LP) | Guerssen"},{"@type":"BreadcrumbList","@id":"https:\/\/wpguerssen-test.odoo.rgbconsulting.com\/es\/producto\/brazilian-classics\/#breadcrumb","itemListElement":[{"@type":"ListItem","position":1,"name":"Inicio","item":"https:\/\/wpguerssen-test.odoo.rgbconsulting.com\/es\/"},{"@type":"ListItem","position":2,"name":"Shop","item":"https:\/\/wpguerssen-test.odoo.rgbconsulting.com\/shop\/"},{"@type":"ListItem","position":3,"name":"Brazilian Classics"}]},{"@type":"WebSite","@id":"https:\/\/wpguerssen-test.odoo.rgbconsulting.com\/es\/#website","url":"https:\/\/wpguerssen-test.odoo.rgbconsulting.com\/es\/","name":"Guerssen records","description":"psychedelia - progressive - folk - garage ","publisher":{"@id":"https:\/\/wpguerssen-test.odoo.rgbconsulting.com\/es\/#organization"},"potentialAction":[{"@type":"SearchAction","target":{"@type":"EntryPoint","urlTemplate":"https:\/\/wpguerssen-test.odoo.rgbconsulting.com\/es\/?s={search_term_string}"},"query-input":{"@type":"PropertyValueSpecification","valueRequired":true,"valueName":"search_term_string"}}],"inLanguage":"es"},{"@type":"Organization","@id":"https:\/\/wpguerssen-test.odoo.rgbconsulting.com\/es\/#organization","name":"Guerssen records","url":"https:\/\/wpguerssen-test.odoo.rgbconsulting.com\/es\/","logo":{"@type":"ImageObject","inLanguage":"es","@id":"https:\/\/wpguerssen-test.odoo.rgbconsulting.com\/es\/#\/schema\/logo\/image\/","url":"https:\/\/wpguerssen-test.odoo.rgbconsulting.com\/wp-content\/uploads\/2022\/04\/Logo_Guerssen_trans_100.png","contentUrl":"https:\/\/wpguerssen-test.odoo.rgbconsulting.com\/wp-content\/uploads\/2022\/04\/Logo_Guerssen_trans_100.png","width":122,"height":100,"caption":"Guerssen records"},"image":{"@id":"https:\/\/wpguerssen-test.odoo.rgbconsulting.com\/es\/#\/schema\/logo\/image\/"}}]}},"_links":{"self":[{"href":"https:\/\/wpguerssen-test.odoo.rgbconsulting.com\/es\/wp-json\/wp\/v2\/product\/214608","targetHints":{"allow":["GET"]}}],"collection":[{"href":"https:\/\/wpguerssen-test.odoo.rgbconsulting.com\/es\/wp-json\/wp\/v2\/product"}],"about":[{"href":"https:\/\/wpguerssen-test.odoo.rgbconsulting.com\/es\/wp-json\/wp\/v2\/types\/product"}],"wp:featuredmedia":[{"embeddable":true,"href":"https:\/\/wpguerssen-test.odoo.rgbconsulting.com\/es\/wp-json\/wp\/v2\/media\/214566"}],"wp:attachment":[{"href":"https:\/\/wpguerssen-test.odoo.rgbconsulting.com\/es\/wp-json\/wp\/v2\/media?parent=214608"}],"wp:term":[{"taxonomy":"product_brand","embeddable":true,"href":"https:\/\/wpguerssen-test.odoo.rgbconsulting.com\/es\/wp-json\/wp\/v2\/product_brand?post=214608"},{"taxonomy":"product_cat","embeddable":true,"href":"https:\/\/wpguerssen-test.odoo.rgbconsulting.com\/es\/wp-json\/wp\/v2\/product_cat?post=214608"},{"taxonomy":"product_tag","embeddable":true,"href":"https:\/\/wpguerssen-test.odoo.rgbconsulting.com\/es\/wp-json\/wp\/v2\/product_tag?post=214608"}],"curies":[{"name":"wp","href":"https:\/\/api.w.org\/{rel}","templated":true}]}}