{"id":214617,"date":"2022-08-24T00:00:00","date_gmt":"2022-08-23T22:00:00","guid":{"rendered":"https:\/\/wpguerssen-test.odoo.rgbconsulting.com\/product\/lost-innocence-my-dream\/"},"modified":"2024-02-21T12:03:41","modified_gmt":"2024-02-21T11:03:41","slug":"lost-innocence-my-dream","status":"publish","type":"product","link":"https:\/\/wpguerssen-test.odoo.rgbconsulting.com\/es\/producto\/lost-innocence-my-dream\/","title":{"rendered":"Lost Innocence\/My Dream"},"content":{"rendered":"<p>Una sola canci\u00f3n fue todo lo que necesitaron los Buddhas para alcanzar el nirvana dentro del garage-psych. Greg Shaw exhum\u00f3 &#8216;Lost Innocence&#8217; para incluirlo en el Volumen 2 de Pebbles, revelando sus inmensas maravillas a una nueva generaci\u00f3n de entusiastas del rock &#038; roll de los sesenta. En la cara B, el espeluznante y l\u00e1nguido &#8216;My Dream&#8217; cuenta con una voz principal clara y mel\u00f3dica, reverberaci\u00f3n\/respaldos envueltos con un toque de guitarra fuzz y un mont\u00f3n de fuzz en la guitarra flotando alrededor. Primera reedici\u00f3n del single en 7&#8243;.<br \/>LISTA DE PISTAS Lado A Lost Innocence<br \/>Lado B My Dream.<\/p>\n","protected":false},"excerpt":{"rendered":"<p>Una sola canci\u00f3n fue todo lo que necesitaron los Buddhas para alcanzar el nirvana dentro del garage-psych. Greg Shaw exhum\u00f3 &#8216;Lost Innocence&#8217; para incluirlo<a class=\"read\" href=\"https:\/\/wpguerssen-test.odoo.rgbconsulting.com\/es\/producto\/lost-innocence-my-dream\/\"> (...)<\/a>","protected":false},"featured_media":216682,"template":"","meta":{"_acf_changed":false},"product_brand":[],"product_cat":[23282,21639],"product_tag":[],"class_list":{"0":"post-214617","1":"product","2":"type-product","3":"status-publish","4":"has-post-thumbnail","6":"product_cat-garagebeatrnb00now-es","7":"product_cat-psychedelic60s-70s-es","8":"pa_artist-buddhas-the","9":"pa_format-7-es","10":"pa_gender-garagebeatrnb00now-psychedelic60s-70s","11":"pa_label-munster-es","12":"pa_location-north-america-es","13":"pa_other-filters-vinyl-only-es","15":"first","16":"instock","17":"taxable","18":"shipping-taxable","19":"purchasable","20":"product-type-simple"},"acf":[],"yoast_head":"<!-- This site is optimized with the Yoast SEO plugin v24.9 - https:\/\/yoast.com\/wordpress\/plugins\/seo\/ -->\n<title>BUDDHAS, The - Lost Innocence\/My Dream -  (7&quot;) | Guerssen<\/title>\n<meta name=\"description\" content=\"One single was all it took for the Buddhas to attain garage-psych nirvana. Greg Shaw exhumed &#039;Lost Innocence&#039; for inclusion on Volume 2 of Pebbles, disclosing its immense wonders to a new generation of sixties rock &amp; roll enthusiasts. On the flipside, the eerie, languorous &#039;My Dream&#039; boasts a clear, melodic lead vocal, reverb\/swathed backups with a touch of and plenty of tingling fuzz guitar floating through the veils of mist. First time 7&quot; single reissue.TRACKLIST Side A Lost InnocenceSide B My Dream.\" \/>\n<meta name=\"robots\" content=\"index, follow, max-snippet:-1, max-image-preview:large, max-video-preview:-1\" \/>\n<link rel=\"canonical\" href=\"https:\/\/wpguerssen-test.odoo.rgbconsulting.com\/es\/producto\/lost-innocence-my-dream\/\" \/>\n<meta property=\"og:locale\" content=\"es_ES\" \/>\n<meta property=\"og:type\" content=\"article\" \/>\n<meta property=\"og:title\" content=\"BUDDHAS, The - Lost Innocence\/My Dream -  (7&quot;) | Guerssen\" \/>\n<meta property=\"og:description\" content=\"One single was all it took for the Buddhas to attain garage-psych nirvana. Greg Shaw exhumed &#039;Lost Innocence&#039; for inclusion on Volume 2 of Pebbles, disclosing its immense wonders to a new generation of sixties rock &amp; roll enthusiasts. On the flipside, the eerie, languorous &#039;My Dream&#039; boasts a clear, melodic lead vocal, reverb\/swathed backups with a touch of and plenty of tingling fuzz guitar floating through the veils of mist. First time 7&quot; single reissue.TRACKLIST Side A Lost InnocenceSide B My Dream.\" \/>\n<meta property=\"og:url\" content=\"https:\/\/wpguerssen-test.odoo.rgbconsulting.com\/es\/producto\/lost-innocence-my-dream\/\" \/>\n<meta property=\"og:site_name\" content=\"Guerssen records\" \/>\n<meta property=\"article:modified_time\" content=\"2024-02-21T11:03:41+00:00\" \/>\n<meta property=\"og:image\" content=\"https:\/\/wpguerssen-test.odoo.rgbconsulting.com\/wp-content\/uploads\/2022\/08\/41516.jpg\" \/>\n\t<meta property=\"og:image:width\" content=\"1200\" \/>\n\t<meta property=\"og:image:height\" content=\"1200\" \/>\n\t<meta property=\"og:image:type\" content=\"image\/jpeg\" \/>\n<meta name=\"twitter:card\" content=\"summary_large_image\" \/>\n<meta name=\"twitter:title\" content=\"BUDDHAS, The - Lost Innocence\/My Dream -  (7&quot;) | Guerssen\" \/>\n<meta name=\"twitter:label1\" content=\"Tiempo de lectura\" \/>\n\t<meta name=\"twitter:data1\" content=\"1 minuto\" \/>\n<script type=\"application\/ld+json\" class=\"yoast-schema-graph\">{\"@context\":\"https:\/\/schema.org\",\"@graph\":[{\"@type\":\"WebPage\",\"@id\":\"https:\/\/wpguerssen-test.odoo.rgbconsulting.com\/es\/producto\/lost-innocence-my-dream\/\",\"url\":\"https:\/\/wpguerssen-test.odoo.rgbconsulting.com\/es\/producto\/lost-innocence-my-dream\/\",\"name\":\"BUDDHAS, The - Lost Innocence\/My Dream - (7\\\") | Guerssen\",\"isPartOf\":{\"@id\":\"https:\/\/wpguerssen-test.odoo.rgbconsulting.com\/es\/#website\"},\"primaryImageOfPage\":{\"@id\":\"https:\/\/wpguerssen-test.odoo.rgbconsulting.com\/es\/producto\/lost-innocence-my-dream\/#primaryimage\"},\"image\":{\"@id\":\"https:\/\/wpguerssen-test.odoo.rgbconsulting.com\/es\/producto\/lost-innocence-my-dream\/#primaryimage\"},\"thumbnailUrl\":\"https:\/\/wpguerssen-test.odoo.rgbconsulting.com\/wp-content\/uploads\/2022\/08\/41516.jpg\",\"datePublished\":\"2022-08-23T22:00:00+00:00\",\"dateModified\":\"2024-02-21T11:03:41+00:00\",\"description\":\"One single was all it took for the Buddhas to attain garage-psych nirvana. Greg Shaw exhumed 'Lost Innocence' for inclusion on Volume 2 of Pebbles, disclosing its immense wonders to a new generation of sixties rock & roll enthusiasts. On the flipside, the eerie, languorous 'My Dream' boasts a clear, melodic lead vocal, reverb\/swathed backups with a touch of and plenty of tingling fuzz guitar floating through the veils of mist. First time 7\\\" single reissue.TRACKLIST Side A Lost InnocenceSide B My Dream.\",\"breadcrumb\":{\"@id\":\"https:\/\/wpguerssen-test.odoo.rgbconsulting.com\/es\/producto\/lost-innocence-my-dream\/#breadcrumb\"},\"inLanguage\":\"es\",\"potentialAction\":[{\"@type\":\"ReadAction\",\"target\":[\"https:\/\/wpguerssen-test.odoo.rgbconsulting.com\/es\/producto\/lost-innocence-my-dream\/\"]}]},{\"@type\":\"ImageObject\",\"inLanguage\":\"es\",\"@id\":\"https:\/\/wpguerssen-test.odoo.rgbconsulting.com\/es\/producto\/lost-innocence-my-dream\/#primaryimage\",\"url\":\"https:\/\/wpguerssen-test.odoo.rgbconsulting.com\/wp-content\/uploads\/2022\/08\/41516.jpg\",\"contentUrl\":\"https:\/\/wpguerssen-test.odoo.rgbconsulting.com\/wp-content\/uploads\/2022\/08\/41516.jpg\",\"width\":1200,\"height\":1200,\"caption\":\"The - Lost Innocence\/My Dream - MUNSTER (7\\\") | Guerssen\"},{\"@type\":\"BreadcrumbList\",\"@id\":\"https:\/\/wpguerssen-test.odoo.rgbconsulting.com\/es\/producto\/lost-innocence-my-dream\/#breadcrumb\",\"itemListElement\":[{\"@type\":\"ListItem\",\"position\":1,\"name\":\"Inicio\",\"item\":\"https:\/\/wpguerssen-test.odoo.rgbconsulting.com\/es\/\"},{\"@type\":\"ListItem\",\"position\":2,\"name\":\"Shop\",\"item\":\"https:\/\/wpguerssen-test.odoo.rgbconsulting.com\/shop\/\"},{\"@type\":\"ListItem\",\"position\":3,\"name\":\"Lost Innocence\/My Dream\"}]},{\"@type\":\"WebSite\",\"@id\":\"https:\/\/wpguerssen-test.odoo.rgbconsulting.com\/es\/#website\",\"url\":\"https:\/\/wpguerssen-test.odoo.rgbconsulting.com\/es\/\",\"name\":\"Guerssen records\",\"description\":\"psychedelia - progressive - folk - garage \",\"publisher\":{\"@id\":\"https:\/\/wpguerssen-test.odoo.rgbconsulting.com\/es\/#organization\"},\"potentialAction\":[{\"@type\":\"SearchAction\",\"target\":{\"@type\":\"EntryPoint\",\"urlTemplate\":\"https:\/\/wpguerssen-test.odoo.rgbconsulting.com\/es\/?s={search_term_string}\"},\"query-input\":{\"@type\":\"PropertyValueSpecification\",\"valueRequired\":true,\"valueName\":\"search_term_string\"}}],\"inLanguage\":\"es\"},{\"@type\":\"Organization\",\"@id\":\"https:\/\/wpguerssen-test.odoo.rgbconsulting.com\/es\/#organization\",\"name\":\"Guerssen records\",\"url\":\"https:\/\/wpguerssen-test.odoo.rgbconsulting.com\/es\/\",\"logo\":{\"@type\":\"ImageObject\",\"inLanguage\":\"es\",\"@id\":\"https:\/\/wpguerssen-test.odoo.rgbconsulting.com\/es\/#\/schema\/logo\/image\/\",\"url\":\"https:\/\/wpguerssen-test.odoo.rgbconsulting.com\/wp-content\/uploads\/2022\/04\/Logo_Guerssen_trans_100.png\",\"contentUrl\":\"https:\/\/wpguerssen-test.odoo.rgbconsulting.com\/wp-content\/uploads\/2022\/04\/Logo_Guerssen_trans_100.png\",\"width\":122,\"height\":100,\"caption\":\"Guerssen records\"},\"image\":{\"@id\":\"https:\/\/wpguerssen-test.odoo.rgbconsulting.com\/es\/#\/schema\/logo\/image\/\"}}]}<\/script>\n<!-- \/ Yoast SEO plugin. -->","yoast_head_json":{"title":"BUDDHAS, The - Lost Innocence\/My Dream -  (7\") | Guerssen","description":"One single was all it took for the Buddhas to attain garage-psych nirvana. Greg Shaw exhumed 'Lost Innocence' for inclusion on Volume 2 of Pebbles, disclosing its immense wonders to a new generation of sixties rock & roll enthusiasts. On the flipside, the eerie, languorous 'My Dream' boasts a clear, melodic lead vocal, reverb\/swathed backups with a touch of and plenty of tingling fuzz guitar floating through the veils of mist. First time 7\" single reissue.TRACKLIST Side A Lost InnocenceSide B My Dream.","robots":{"index":"index","follow":"follow","max-snippet":"max-snippet:-1","max-image-preview":"max-image-preview:large","max-video-preview":"max-video-preview:-1"},"canonical":"https:\/\/wpguerssen-test.odoo.rgbconsulting.com\/es\/producto\/lost-innocence-my-dream\/","og_locale":"es_ES","og_type":"article","og_title":"BUDDHAS, The - Lost Innocence\/My Dream -  (7\") | Guerssen","og_description":"One single was all it took for the Buddhas to attain garage-psych nirvana. Greg Shaw exhumed 'Lost Innocence' for inclusion on Volume 2 of Pebbles, disclosing its immense wonders to a new generation of sixties rock & roll enthusiasts. On the flipside, the eerie, languorous 'My Dream' boasts a clear, melodic lead vocal, reverb\/swathed backups with a touch of and plenty of tingling fuzz guitar floating through the veils of mist. First time 7\" single reissue.TRACKLIST Side A Lost InnocenceSide B My Dream.","og_url":"https:\/\/wpguerssen-test.odoo.rgbconsulting.com\/es\/producto\/lost-innocence-my-dream\/","og_site_name":"Guerssen records","article_modified_time":"2024-02-21T11:03:41+00:00","og_image":[{"width":1200,"height":1200,"url":"https:\/\/wpguerssen-test.odoo.rgbconsulting.com\/wp-content\/uploads\/2022\/08\/41516.jpg","type":"image\/jpeg"}],"twitter_card":"summary_large_image","twitter_title":"BUDDHAS, The - Lost Innocence\/My Dream -  (7\") | Guerssen","twitter_misc":{"Tiempo de lectura":"1 minuto"},"schema":{"@context":"https:\/\/schema.org","@graph":[{"@type":"WebPage","@id":"https:\/\/wpguerssen-test.odoo.rgbconsulting.com\/es\/producto\/lost-innocence-my-dream\/","url":"https:\/\/wpguerssen-test.odoo.rgbconsulting.com\/es\/producto\/lost-innocence-my-dream\/","name":"BUDDHAS, The - Lost Innocence\/My Dream - (7\") | Guerssen","isPartOf":{"@id":"https:\/\/wpguerssen-test.odoo.rgbconsulting.com\/es\/#website"},"primaryImageOfPage":{"@id":"https:\/\/wpguerssen-test.odoo.rgbconsulting.com\/es\/producto\/lost-innocence-my-dream\/#primaryimage"},"image":{"@id":"https:\/\/wpguerssen-test.odoo.rgbconsulting.com\/es\/producto\/lost-innocence-my-dream\/#primaryimage"},"thumbnailUrl":"https:\/\/wpguerssen-test.odoo.rgbconsulting.com\/wp-content\/uploads\/2022\/08\/41516.jpg","datePublished":"2022-08-23T22:00:00+00:00","dateModified":"2024-02-21T11:03:41+00:00","description":"One single was all it took for the Buddhas to attain garage-psych nirvana. Greg Shaw exhumed 'Lost Innocence' for inclusion on Volume 2 of Pebbles, disclosing its immense wonders to a new generation of sixties rock & roll enthusiasts. On the flipside, the eerie, languorous 'My Dream' boasts a clear, melodic lead vocal, reverb\/swathed backups with a touch of and plenty of tingling fuzz guitar floating through the veils of mist. First time 7\" single reissue.TRACKLIST Side A Lost InnocenceSide B My Dream.","breadcrumb":{"@id":"https:\/\/wpguerssen-test.odoo.rgbconsulting.com\/es\/producto\/lost-innocence-my-dream\/#breadcrumb"},"inLanguage":"es","potentialAction":[{"@type":"ReadAction","target":["https:\/\/wpguerssen-test.odoo.rgbconsulting.com\/es\/producto\/lost-innocence-my-dream\/"]}]},{"@type":"ImageObject","inLanguage":"es","@id":"https:\/\/wpguerssen-test.odoo.rgbconsulting.com\/es\/producto\/lost-innocence-my-dream\/#primaryimage","url":"https:\/\/wpguerssen-test.odoo.rgbconsulting.com\/wp-content\/uploads\/2022\/08\/41516.jpg","contentUrl":"https:\/\/wpguerssen-test.odoo.rgbconsulting.com\/wp-content\/uploads\/2022\/08\/41516.jpg","width":1200,"height":1200,"caption":"The - Lost Innocence\/My Dream - MUNSTER (7\") | Guerssen"},{"@type":"BreadcrumbList","@id":"https:\/\/wpguerssen-test.odoo.rgbconsulting.com\/es\/producto\/lost-innocence-my-dream\/#breadcrumb","itemListElement":[{"@type":"ListItem","position":1,"name":"Inicio","item":"https:\/\/wpguerssen-test.odoo.rgbconsulting.com\/es\/"},{"@type":"ListItem","position":2,"name":"Shop","item":"https:\/\/wpguerssen-test.odoo.rgbconsulting.com\/shop\/"},{"@type":"ListItem","position":3,"name":"Lost Innocence\/My Dream"}]},{"@type":"WebSite","@id":"https:\/\/wpguerssen-test.odoo.rgbconsulting.com\/es\/#website","url":"https:\/\/wpguerssen-test.odoo.rgbconsulting.com\/es\/","name":"Guerssen records","description":"psychedelia - progressive - folk - garage ","publisher":{"@id":"https:\/\/wpguerssen-test.odoo.rgbconsulting.com\/es\/#organization"},"potentialAction":[{"@type":"SearchAction","target":{"@type":"EntryPoint","urlTemplate":"https:\/\/wpguerssen-test.odoo.rgbconsulting.com\/es\/?s={search_term_string}"},"query-input":{"@type":"PropertyValueSpecification","valueRequired":true,"valueName":"search_term_string"}}],"inLanguage":"es"},{"@type":"Organization","@id":"https:\/\/wpguerssen-test.odoo.rgbconsulting.com\/es\/#organization","name":"Guerssen records","url":"https:\/\/wpguerssen-test.odoo.rgbconsulting.com\/es\/","logo":{"@type":"ImageObject","inLanguage":"es","@id":"https:\/\/wpguerssen-test.odoo.rgbconsulting.com\/es\/#\/schema\/logo\/image\/","url":"https:\/\/wpguerssen-test.odoo.rgbconsulting.com\/wp-content\/uploads\/2022\/04\/Logo_Guerssen_trans_100.png","contentUrl":"https:\/\/wpguerssen-test.odoo.rgbconsulting.com\/wp-content\/uploads\/2022\/04\/Logo_Guerssen_trans_100.png","width":122,"height":100,"caption":"Guerssen records"},"image":{"@id":"https:\/\/wpguerssen-test.odoo.rgbconsulting.com\/es\/#\/schema\/logo\/image\/"}}]}},"_links":{"self":[{"href":"https:\/\/wpguerssen-test.odoo.rgbconsulting.com\/es\/wp-json\/wp\/v2\/product\/214617","targetHints":{"allow":["GET"]}}],"collection":[{"href":"https:\/\/wpguerssen-test.odoo.rgbconsulting.com\/es\/wp-json\/wp\/v2\/product"}],"about":[{"href":"https:\/\/wpguerssen-test.odoo.rgbconsulting.com\/es\/wp-json\/wp\/v2\/types\/product"}],"wp:featuredmedia":[{"embeddable":true,"href":"https:\/\/wpguerssen-test.odoo.rgbconsulting.com\/es\/wp-json\/wp\/v2\/media\/216682"}],"wp:attachment":[{"href":"https:\/\/wpguerssen-test.odoo.rgbconsulting.com\/es\/wp-json\/wp\/v2\/media?parent=214617"}],"wp:term":[{"taxonomy":"product_brand","embeddable":true,"href":"https:\/\/wpguerssen-test.odoo.rgbconsulting.com\/es\/wp-json\/wp\/v2\/product_brand?post=214617"},{"taxonomy":"product_cat","embeddable":true,"href":"https:\/\/wpguerssen-test.odoo.rgbconsulting.com\/es\/wp-json\/wp\/v2\/product_cat?post=214617"},{"taxonomy":"product_tag","embeddable":true,"href":"https:\/\/wpguerssen-test.odoo.rgbconsulting.com\/es\/wp-json\/wp\/v2\/product_tag?post=214617"}],"curies":[{"name":"wp","href":"https:\/\/api.w.org\/{rel}","templated":true}]}}