{"id":215976,"date":"2022-06-03T00:00:00","date_gmt":"2022-06-02T22:00:00","guid":{"rendered":"https:\/\/wpguerssen-test.odoo.rgbconsulting.com\/product\/de-habana-a-lima-con-la-orquesta-reve\/"},"modified":"2024-02-20T18:49:43","modified_gmt":"2024-02-20T17:49:43","slug":"de-habana-a-lima-con-la-orquesta-reve","status":"publish","type":"product","link":"https:\/\/wpguerssen-test.odoo.rgbconsulting.com\/es\/producto\/de-habana-a-lima-con-la-orquesta-reve\/","title":{"rendered":"De Habana A Lima Con La Orquesta Rev\u00e9"},"content":{"rendered":"<p>Actuando como embajadora art\u00edstica de Cuba, la Orquesta Rev\u00e9 realiz\u00f3 varias giras por el exterior, viajando a Per\u00fa en 1971. Este raro LP fue grabado para MAG en Lima y est\u00e1 compuesto en su mayor\u00eda por canciones cubanas -como la destacada original de Vicente Rojas \u00abMi Son Combinado\u00bb y tambi\u00e9n una rara versi\u00f3n de \u00abDomingas\u00bb de Jorge Ben. Un disco casi imposible de encontrar ahora se reedita por primera vez. <\/p>\n<p> TRACKLIST Lado A 1. GUAJIRA GUANTANAMERA 2. AHORA ME TOCA A MI 3. SANTIAGO 4. YO NO TE OLVIDO 5. LA BATEA 6. CHICAS DE SECUNDARIA Lado B 1. BARCELO 2. SI SE ACABA EL MUNDO 3. MI SON COMBINADO 4. ESTOY LOCO POR TI 5. TREMENDO VACILON 6. DOMINGA<\/p>\n","protected":false},"excerpt":{"rendered":"<p>Actuando como embajadora art\u00edstica de Cuba, la Orquesta Rev\u00e9 realiz\u00f3 varias giras por el exterior, viajando a Per\u00fa en 1971. Este raro LP fue grabado para MAG en<a class=\"read\" href=\"https:\/\/wpguerssen-test.odoo.rgbconsulting.com\/es\/producto\/de-habana-a-lima-con-la-orquesta-reve\/\"> (...)<\/a>","protected":false},"featured_media":211738,"template":"","meta":{"_acf_changed":false},"product_brand":[],"product_cat":[23231],"product_tag":[],"class_list":{"0":"post-215976","1":"product","2":"type-product","3":"status-publish","4":"has-post-thumbnail","6":"product_cat-latin-brazilian-es","7":"pa_artist-orquesta-reve-es","8":"pa_format-lp-es","9":"pa_gender-latin-brazilian","10":"pa_label-vampi-soul-es","11":"pa_location-south-america-caribbean-es","12":"pa_other-filters-vinyl-only-es","14":"first","15":"instock","16":"taxable","17":"shipping-taxable","18":"purchasable","19":"product-type-simple"},"acf":[],"yoast_head":"<!-- This site is optimized with the Yoast SEO plugin v24.9 - https:\/\/yoast.com\/wordpress\/plugins\/seo\/ -->\n<title>ORQUESTA REV\u00c9 - De Habana A Lima Con La Orquesta Rev\u00e9 -  (LP) | Guerssen<\/title>\n<meta name=\"description\" content=\"Acting as an artistic ambassador for Cuba, the Orquesta Rev\u00e9 made several tours abroad, traveling to Peru in 1971. This extremely scarce LP was recorded for MAG in Lima and comprises mostly Cuban songs -like the outstanding Vicente Rojas&#039; original -Mi Son Combinado-- and also a rare cover of Jorge Ben&#039;s &#039;Domingas&#039;. Quite an invisible record even for hardcore collectors, and almost impossible to find in any condition, &quot;De Habana a Lima&quot; is now reissued for the first time. #nl# TRACKLIST Side A 1. GUAJIRA GUANTANAMERA 2. AHORA ME TOCA A MI 3. SANTIAGO 4. YO NO TE OLVIDO 5. LA BATEA 6. CHICAS DE SECUNDARIA Side B 1. BARCELO 2. SI SE ACABA EL MUNDO 3. MI SON COMBINADO 4. ESTOY LOCO POR TI 5. TREMENDO VACILON 6. DOMINGA\" \/>\n<meta name=\"robots\" content=\"index, follow, max-snippet:-1, max-image-preview:large, max-video-preview:-1\" \/>\n<link rel=\"canonical\" href=\"https:\/\/wpguerssen-test.odoo.rgbconsulting.com\/es\/producto\/de-habana-a-lima-con-la-orquesta-reve\/\" \/>\n<meta property=\"og:locale\" content=\"es_ES\" \/>\n<meta property=\"og:type\" content=\"article\" \/>\n<meta property=\"og:title\" content=\"ORQUESTA REV\u00c9 - De Habana A Lima Con La Orquesta Rev\u00e9 -  (LP) | Guerssen\" \/>\n<meta property=\"og:description\" content=\"Acting as an artistic ambassador for Cuba, the Orquesta Rev\u00e9 made several tours abroad, traveling to Peru in 1971. This extremely scarce LP was recorded for MAG in Lima and comprises mostly Cuban songs -like the outstanding Vicente Rojas&#039; original -Mi Son Combinado-- and also a rare cover of Jorge Ben&#039;s &#039;Domingas&#039;. Quite an invisible record even for hardcore collectors, and almost impossible to find in any condition, &quot;De Habana a Lima&quot; is now reissued for the first time. #nl# TRACKLIST Side A 1. GUAJIRA GUANTANAMERA 2. AHORA ME TOCA A MI 3. SANTIAGO 4. YO NO TE OLVIDO 5. LA BATEA 6. CHICAS DE SECUNDARIA Side B 1. BARCELO 2. SI SE ACABA EL MUNDO 3. MI SON COMBINADO 4. ESTOY LOCO POR TI 5. TREMENDO VACILON 6. DOMINGA\" \/>\n<meta property=\"og:url\" content=\"https:\/\/wpguerssen-test.odoo.rgbconsulting.com\/es\/producto\/de-habana-a-lima-con-la-orquesta-reve\/\" \/>\n<meta property=\"og:site_name\" content=\"Guerssen records\" \/>\n<meta property=\"article:modified_time\" content=\"2024-02-20T17:49:43+00:00\" \/>\n<meta property=\"og:image\" content=\"https:\/\/wpguerssen-test.odoo.rgbconsulting.com\/wp-content\/uploads\/2022\/06\/40672.jpg\" \/>\n\t<meta property=\"og:image:width\" content=\"227\" \/>\n\t<meta property=\"og:image:height\" content=\"227\" \/>\n\t<meta property=\"og:image:type\" content=\"image\/jpeg\" \/>\n<meta name=\"twitter:card\" content=\"summary_large_image\" \/>\n<meta name=\"twitter:title\" content=\"ORQUESTA REV\u00c9 - De Habana A Lima Con La Orquesta Rev\u00e9 -  (LP) | Guerssen\" \/>\n<meta name=\"twitter:label1\" content=\"Tiempo de lectura\" \/>\n\t<meta name=\"twitter:data1\" content=\"1 minuto\" \/>\n<script type=\"application\/ld+json\" class=\"yoast-schema-graph\">{\"@context\":\"https:\/\/schema.org\",\"@graph\":[{\"@type\":\"WebPage\",\"@id\":\"https:\/\/wpguerssen-test.odoo.rgbconsulting.com\/es\/producto\/de-habana-a-lima-con-la-orquesta-reve\/\",\"url\":\"https:\/\/wpguerssen-test.odoo.rgbconsulting.com\/es\/producto\/de-habana-a-lima-con-la-orquesta-reve\/\",\"name\":\"ORQUESTA REV\u00c9 - De Habana A Lima Con La Orquesta Rev\u00e9 - (LP) | Guerssen\",\"isPartOf\":{\"@id\":\"https:\/\/wpguerssen-test.odoo.rgbconsulting.com\/es\/#website\"},\"primaryImageOfPage\":{\"@id\":\"https:\/\/wpguerssen-test.odoo.rgbconsulting.com\/es\/producto\/de-habana-a-lima-con-la-orquesta-reve\/#primaryimage\"},\"image\":{\"@id\":\"https:\/\/wpguerssen-test.odoo.rgbconsulting.com\/es\/producto\/de-habana-a-lima-con-la-orquesta-reve\/#primaryimage\"},\"thumbnailUrl\":\"https:\/\/wpguerssen-test.odoo.rgbconsulting.com\/wp-content\/uploads\/2022\/06\/40672.jpg\",\"datePublished\":\"2022-06-02T22:00:00+00:00\",\"dateModified\":\"2024-02-20T17:49:43+00:00\",\"description\":\"Acting as an artistic ambassador for Cuba, the Orquesta Rev\u00e9 made several tours abroad, traveling to Peru in 1971. This extremely scarce LP was recorded for MAG in Lima and comprises mostly Cuban songs -like the outstanding Vicente Rojas' original -Mi Son Combinado-- and also a rare cover of Jorge Ben's 'Domingas'. Quite an invisible record even for hardcore collectors, and almost impossible to find in any condition, \\\"De Habana a Lima\\\" is now reissued for the first time. #nl# TRACKLIST Side A 1. GUAJIRA GUANTANAMERA 2. AHORA ME TOCA A MI 3. SANTIAGO 4. YO NO TE OLVIDO 5. LA BATEA 6. CHICAS DE SECUNDARIA Side B 1. BARCELO 2. SI SE ACABA EL MUNDO 3. MI SON COMBINADO 4. ESTOY LOCO POR TI 5. TREMENDO VACILON 6. DOMINGA\",\"breadcrumb\":{\"@id\":\"https:\/\/wpguerssen-test.odoo.rgbconsulting.com\/es\/producto\/de-habana-a-lima-con-la-orquesta-reve\/#breadcrumb\"},\"inLanguage\":\"es\",\"potentialAction\":[{\"@type\":\"ReadAction\",\"target\":[\"https:\/\/wpguerssen-test.odoo.rgbconsulting.com\/es\/producto\/de-habana-a-lima-con-la-orquesta-reve\/\"]}]},{\"@type\":\"ImageObject\",\"inLanguage\":\"es\",\"@id\":\"https:\/\/wpguerssen-test.odoo.rgbconsulting.com\/es\/producto\/de-habana-a-lima-con-la-orquesta-reve\/#primaryimage\",\"url\":\"https:\/\/wpguerssen-test.odoo.rgbconsulting.com\/wp-content\/uploads\/2022\/06\/40672.jpg\",\"contentUrl\":\"https:\/\/wpguerssen-test.odoo.rgbconsulting.com\/wp-content\/uploads\/2022\/06\/40672.jpg\",\"width\":227,\"height\":227},{\"@type\":\"BreadcrumbList\",\"@id\":\"https:\/\/wpguerssen-test.odoo.rgbconsulting.com\/es\/producto\/de-habana-a-lima-con-la-orquesta-reve\/#breadcrumb\",\"itemListElement\":[{\"@type\":\"ListItem\",\"position\":1,\"name\":\"Inicio\",\"item\":\"https:\/\/wpguerssen-test.odoo.rgbconsulting.com\/es\/\"},{\"@type\":\"ListItem\",\"position\":2,\"name\":\"Shop\",\"item\":\"https:\/\/wpguerssen-test.odoo.rgbconsulting.com\/shop\/\"},{\"@type\":\"ListItem\",\"position\":3,\"name\":\"De Habana A Lima Con La Orquesta Rev\u00e9\"}]},{\"@type\":\"WebSite\",\"@id\":\"https:\/\/wpguerssen-test.odoo.rgbconsulting.com\/es\/#website\",\"url\":\"https:\/\/wpguerssen-test.odoo.rgbconsulting.com\/es\/\",\"name\":\"Guerssen records\",\"description\":\"psychedelia - progressive - folk - garage \",\"publisher\":{\"@id\":\"https:\/\/wpguerssen-test.odoo.rgbconsulting.com\/es\/#organization\"},\"potentialAction\":[{\"@type\":\"SearchAction\",\"target\":{\"@type\":\"EntryPoint\",\"urlTemplate\":\"https:\/\/wpguerssen-test.odoo.rgbconsulting.com\/es\/?s={search_term_string}\"},\"query-input\":{\"@type\":\"PropertyValueSpecification\",\"valueRequired\":true,\"valueName\":\"search_term_string\"}}],\"inLanguage\":\"es\"},{\"@type\":\"Organization\",\"@id\":\"https:\/\/wpguerssen-test.odoo.rgbconsulting.com\/es\/#organization\",\"name\":\"Guerssen records\",\"url\":\"https:\/\/wpguerssen-test.odoo.rgbconsulting.com\/es\/\",\"logo\":{\"@type\":\"ImageObject\",\"inLanguage\":\"es\",\"@id\":\"https:\/\/wpguerssen-test.odoo.rgbconsulting.com\/es\/#\/schema\/logo\/image\/\",\"url\":\"https:\/\/wpguerssen-test.odoo.rgbconsulting.com\/wp-content\/uploads\/2022\/04\/Logo_Guerssen_trans_100.png\",\"contentUrl\":\"https:\/\/wpguerssen-test.odoo.rgbconsulting.com\/wp-content\/uploads\/2022\/04\/Logo_Guerssen_trans_100.png\",\"width\":122,\"height\":100,\"caption\":\"Guerssen records\"},\"image\":{\"@id\":\"https:\/\/wpguerssen-test.odoo.rgbconsulting.com\/es\/#\/schema\/logo\/image\/\"}}]}<\/script>\n<!-- \/ Yoast SEO plugin. -->","yoast_head_json":{"title":"ORQUESTA REV\u00c9 - De Habana A Lima Con La Orquesta Rev\u00e9 -  (LP) | Guerssen","description":"Acting as an artistic ambassador for Cuba, the Orquesta Rev\u00e9 made several tours abroad, traveling to Peru in 1971. This extremely scarce LP was recorded for MAG in Lima and comprises mostly Cuban songs -like the outstanding Vicente Rojas' original -Mi Son Combinado-- and also a rare cover of Jorge Ben's 'Domingas'. Quite an invisible record even for hardcore collectors, and almost impossible to find in any condition, \"De Habana a Lima\" is now reissued for the first time. #nl# TRACKLIST Side A 1. GUAJIRA GUANTANAMERA 2. AHORA ME TOCA A MI 3. SANTIAGO 4. YO NO TE OLVIDO 5. LA BATEA 6. CHICAS DE SECUNDARIA Side B 1. BARCELO 2. SI SE ACABA EL MUNDO 3. MI SON COMBINADO 4. ESTOY LOCO POR TI 5. TREMENDO VACILON 6. DOMINGA","robots":{"index":"index","follow":"follow","max-snippet":"max-snippet:-1","max-image-preview":"max-image-preview:large","max-video-preview":"max-video-preview:-1"},"canonical":"https:\/\/wpguerssen-test.odoo.rgbconsulting.com\/es\/producto\/de-habana-a-lima-con-la-orquesta-reve\/","og_locale":"es_ES","og_type":"article","og_title":"ORQUESTA REV\u00c9 - De Habana A Lima Con La Orquesta Rev\u00e9 -  (LP) | Guerssen","og_description":"Acting as an artistic ambassador for Cuba, the Orquesta Rev\u00e9 made several tours abroad, traveling to Peru in 1971. This extremely scarce LP was recorded for MAG in Lima and comprises mostly Cuban songs -like the outstanding Vicente Rojas' original -Mi Son Combinado-- and also a rare cover of Jorge Ben's 'Domingas'. Quite an invisible record even for hardcore collectors, and almost impossible to find in any condition, \"De Habana a Lima\" is now reissued for the first time. #nl# TRACKLIST Side A 1. GUAJIRA GUANTANAMERA 2. AHORA ME TOCA A MI 3. SANTIAGO 4. YO NO TE OLVIDO 5. LA BATEA 6. CHICAS DE SECUNDARIA Side B 1. BARCELO 2. SI SE ACABA EL MUNDO 3. MI SON COMBINADO 4. ESTOY LOCO POR TI 5. TREMENDO VACILON 6. DOMINGA","og_url":"https:\/\/wpguerssen-test.odoo.rgbconsulting.com\/es\/producto\/de-habana-a-lima-con-la-orquesta-reve\/","og_site_name":"Guerssen records","article_modified_time":"2024-02-20T17:49:43+00:00","og_image":[{"width":227,"height":227,"url":"https:\/\/wpguerssen-test.odoo.rgbconsulting.com\/wp-content\/uploads\/2022\/06\/40672.jpg","type":"image\/jpeg"}],"twitter_card":"summary_large_image","twitter_title":"ORQUESTA REV\u00c9 - De Habana A Lima Con La Orquesta Rev\u00e9 -  (LP) | Guerssen","twitter_misc":{"Tiempo de lectura":"1 minuto"},"schema":{"@context":"https:\/\/schema.org","@graph":[{"@type":"WebPage","@id":"https:\/\/wpguerssen-test.odoo.rgbconsulting.com\/es\/producto\/de-habana-a-lima-con-la-orquesta-reve\/","url":"https:\/\/wpguerssen-test.odoo.rgbconsulting.com\/es\/producto\/de-habana-a-lima-con-la-orquesta-reve\/","name":"ORQUESTA REV\u00c9 - De Habana A Lima Con La Orquesta Rev\u00e9 - (LP) | Guerssen","isPartOf":{"@id":"https:\/\/wpguerssen-test.odoo.rgbconsulting.com\/es\/#website"},"primaryImageOfPage":{"@id":"https:\/\/wpguerssen-test.odoo.rgbconsulting.com\/es\/producto\/de-habana-a-lima-con-la-orquesta-reve\/#primaryimage"},"image":{"@id":"https:\/\/wpguerssen-test.odoo.rgbconsulting.com\/es\/producto\/de-habana-a-lima-con-la-orquesta-reve\/#primaryimage"},"thumbnailUrl":"https:\/\/wpguerssen-test.odoo.rgbconsulting.com\/wp-content\/uploads\/2022\/06\/40672.jpg","datePublished":"2022-06-02T22:00:00+00:00","dateModified":"2024-02-20T17:49:43+00:00","description":"Acting as an artistic ambassador for Cuba, the Orquesta Rev\u00e9 made several tours abroad, traveling to Peru in 1971. This extremely scarce LP was recorded for MAG in Lima and comprises mostly Cuban songs -like the outstanding Vicente Rojas' original -Mi Son Combinado-- and also a rare cover of Jorge Ben's 'Domingas'. Quite an invisible record even for hardcore collectors, and almost impossible to find in any condition, \"De Habana a Lima\" is now reissued for the first time. #nl# TRACKLIST Side A 1. GUAJIRA GUANTANAMERA 2. AHORA ME TOCA A MI 3. SANTIAGO 4. YO NO TE OLVIDO 5. LA BATEA 6. CHICAS DE SECUNDARIA Side B 1. BARCELO 2. SI SE ACABA EL MUNDO 3. MI SON COMBINADO 4. ESTOY LOCO POR TI 5. TREMENDO VACILON 6. DOMINGA","breadcrumb":{"@id":"https:\/\/wpguerssen-test.odoo.rgbconsulting.com\/es\/producto\/de-habana-a-lima-con-la-orquesta-reve\/#breadcrumb"},"inLanguage":"es","potentialAction":[{"@type":"ReadAction","target":["https:\/\/wpguerssen-test.odoo.rgbconsulting.com\/es\/producto\/de-habana-a-lima-con-la-orquesta-reve\/"]}]},{"@type":"ImageObject","inLanguage":"es","@id":"https:\/\/wpguerssen-test.odoo.rgbconsulting.com\/es\/producto\/de-habana-a-lima-con-la-orquesta-reve\/#primaryimage","url":"https:\/\/wpguerssen-test.odoo.rgbconsulting.com\/wp-content\/uploads\/2022\/06\/40672.jpg","contentUrl":"https:\/\/wpguerssen-test.odoo.rgbconsulting.com\/wp-content\/uploads\/2022\/06\/40672.jpg","width":227,"height":227},{"@type":"BreadcrumbList","@id":"https:\/\/wpguerssen-test.odoo.rgbconsulting.com\/es\/producto\/de-habana-a-lima-con-la-orquesta-reve\/#breadcrumb","itemListElement":[{"@type":"ListItem","position":1,"name":"Inicio","item":"https:\/\/wpguerssen-test.odoo.rgbconsulting.com\/es\/"},{"@type":"ListItem","position":2,"name":"Shop","item":"https:\/\/wpguerssen-test.odoo.rgbconsulting.com\/shop\/"},{"@type":"ListItem","position":3,"name":"De Habana A Lima Con La Orquesta Rev\u00e9"}]},{"@type":"WebSite","@id":"https:\/\/wpguerssen-test.odoo.rgbconsulting.com\/es\/#website","url":"https:\/\/wpguerssen-test.odoo.rgbconsulting.com\/es\/","name":"Guerssen records","description":"psychedelia - progressive - folk - garage ","publisher":{"@id":"https:\/\/wpguerssen-test.odoo.rgbconsulting.com\/es\/#organization"},"potentialAction":[{"@type":"SearchAction","target":{"@type":"EntryPoint","urlTemplate":"https:\/\/wpguerssen-test.odoo.rgbconsulting.com\/es\/?s={search_term_string}"},"query-input":{"@type":"PropertyValueSpecification","valueRequired":true,"valueName":"search_term_string"}}],"inLanguage":"es"},{"@type":"Organization","@id":"https:\/\/wpguerssen-test.odoo.rgbconsulting.com\/es\/#organization","name":"Guerssen records","url":"https:\/\/wpguerssen-test.odoo.rgbconsulting.com\/es\/","logo":{"@type":"ImageObject","inLanguage":"es","@id":"https:\/\/wpguerssen-test.odoo.rgbconsulting.com\/es\/#\/schema\/logo\/image\/","url":"https:\/\/wpguerssen-test.odoo.rgbconsulting.com\/wp-content\/uploads\/2022\/04\/Logo_Guerssen_trans_100.png","contentUrl":"https:\/\/wpguerssen-test.odoo.rgbconsulting.com\/wp-content\/uploads\/2022\/04\/Logo_Guerssen_trans_100.png","width":122,"height":100,"caption":"Guerssen records"},"image":{"@id":"https:\/\/wpguerssen-test.odoo.rgbconsulting.com\/es\/#\/schema\/logo\/image\/"}}]}},"_links":{"self":[{"href":"https:\/\/wpguerssen-test.odoo.rgbconsulting.com\/es\/wp-json\/wp\/v2\/product\/215976","targetHints":{"allow":["GET"]}}],"collection":[{"href":"https:\/\/wpguerssen-test.odoo.rgbconsulting.com\/es\/wp-json\/wp\/v2\/product"}],"about":[{"href":"https:\/\/wpguerssen-test.odoo.rgbconsulting.com\/es\/wp-json\/wp\/v2\/types\/product"}],"wp:featuredmedia":[{"embeddable":true,"href":"https:\/\/wpguerssen-test.odoo.rgbconsulting.com\/es\/wp-json\/wp\/v2\/media\/211738"}],"wp:attachment":[{"href":"https:\/\/wpguerssen-test.odoo.rgbconsulting.com\/es\/wp-json\/wp\/v2\/media?parent=215976"}],"wp:term":[{"taxonomy":"product_brand","embeddable":true,"href":"https:\/\/wpguerssen-test.odoo.rgbconsulting.com\/es\/wp-json\/wp\/v2\/product_brand?post=215976"},{"taxonomy":"product_cat","embeddable":true,"href":"https:\/\/wpguerssen-test.odoo.rgbconsulting.com\/es\/wp-json\/wp\/v2\/product_cat?post=215976"},{"taxonomy":"product_tag","embeddable":true,"href":"https:\/\/wpguerssen-test.odoo.rgbconsulting.com\/es\/wp-json\/wp\/v2\/product_tag?post=215976"}],"curies":[{"name":"wp","href":"https:\/\/api.w.org\/{rel}","templated":true}]}}