{"id":215993,"date":"2022-05-23T00:00:00","date_gmt":"2022-05-22T22:00:00","guid":{"rendered":"https:\/\/wpguerssen-test.odoo.rgbconsulting.com\/product\/love-is-fair\/"},"modified":"2024-12-02T17:00:22","modified_gmt":"2024-12-02T16:00:22","slug":"love-is-fair","status":"publish","type":"product","link":"https:\/\/wpguerssen-test.odoo.rgbconsulting.com\/es\/producto\/love-is-fair\/","title":{"rendered":"Love Is Fair"},"content":{"rendered":"<p>\u00a1El \u00e1lbum debut del cl\u00e1sico nigeriano Black Children Sledge Funk Group 1976 lleno de vibraciones positivas y ritmos para sentirse bien! Una mezcla soleada de Reggae y Afro-Funk con muchas percusiones, guitarra psicod\u00e9lica y r\u00edtmica y \u00f3rgano. A mediados de los setenta en Nigeria todo el mundo los amaba; eran s\u00edmbolo y orgullo de \u00c1frica. Reprensado por primera vez, edici\u00f3n limitada.<\/p>\n","protected":false},"excerpt":{"rendered":"<p>\u00a1El \u00e1lbum debut del cl\u00e1sico nigeriano Black Children Sledge Funk Group 1976 lleno de vibraciones positivas y ritmos para sentirse bien! Una mezcla soleada de Reggae<a class=\"read\" href=\"https:\/\/wpguerssen-test.odoo.rgbconsulting.com\/es\/producto\/love-is-fair\/\"> (...)<\/a>","protected":false},"featured_media":214341,"template":"","meta":{"_acf_changed":false},"product_brand":[],"product_cat":[23258],"product_tag":[],"class_list":{"0":"post-215993","1":"product","2":"type-product","3":"status-publish","4":"has-post-thumbnail","6":"product_cat-afro-funk-afrobeat-es","7":"pa_artist-black-children-sledge-funk-group-es","8":"pa_format-lp-es","9":"pa_gender-afro-funk-afrobeat","10":"pa_label-afrodelic-es","11":"pa_location-africa-es","12":"pa_other-filters-vinyl-only-es","14":"first","15":"instock","16":"taxable","17":"shipping-taxable","18":"purchasable","19":"product-type-simple"},"acf":[],"yoast_head":"<!-- This site is optimized with the Yoast SEO plugin v24.9 - https:\/\/yoast.com\/wordpress\/plugins\/seo\/ -->\n<title>BLACK CHILDREN SLEDGE FUNK GROUP - Love Is Fair -  (LP) | Guerssen<\/title>\n<meta name=\"description\" content=\"Nigerian classic Black Children Sledge Funk Group 1976&#039;s debut album full of positive vibrations and feel-good grooves! A sunny blend of Reggae and Afro-Funk with a lot of percussions, psychedelic and rhythmic guitar and organ. In the mid-seventies in Nigeria everybody loved them; they were a symbol and pride of Africa. Michael Hammedatha Moore sang and played congas and percussion. Daniel Carlos Yakubu played guitar. Jerry Freeman Nwokolo was on keyboards. Ricky Hardnar on bass and And Benson Teteh played the drums. Everyone in the band changed their last name to Black. Repressed for the first time. Limited Edition.\" \/>\n<meta name=\"robots\" content=\"index, follow, max-snippet:-1, max-image-preview:large, max-video-preview:-1\" \/>\n<link rel=\"canonical\" href=\"https:\/\/wpguerssen-test.odoo.rgbconsulting.com\/es\/producto\/love-is-fair\/\" \/>\n<meta property=\"og:locale\" content=\"es_ES\" \/>\n<meta property=\"og:type\" content=\"article\" \/>\n<meta property=\"og:title\" content=\"BLACK CHILDREN SLEDGE FUNK GROUP - Love Is Fair -  (LP) | Guerssen\" \/>\n<meta property=\"og:description\" content=\"Nigerian classic Black Children Sledge Funk Group 1976&#039;s debut album full of positive vibrations and feel-good grooves! A sunny blend of Reggae and Afro-Funk with a lot of percussions, psychedelic and rhythmic guitar and organ. In the mid-seventies in Nigeria everybody loved them; they were a symbol and pride of Africa. Michael Hammedatha Moore sang and played congas and percussion. Daniel Carlos Yakubu played guitar. Jerry Freeman Nwokolo was on keyboards. Ricky Hardnar on bass and And Benson Teteh played the drums. Everyone in the band changed their last name to Black. Repressed for the first time. Limited Edition.\" \/>\n<meta property=\"og:url\" content=\"https:\/\/wpguerssen-test.odoo.rgbconsulting.com\/es\/producto\/love-is-fair\/\" \/>\n<meta property=\"og:site_name\" content=\"Guerssen records\" \/>\n<meta property=\"article:modified_time\" content=\"2024-12-02T16:00:22+00:00\" \/>\n<meta property=\"og:image\" content=\"https:\/\/wpguerssen-test.odoo.rgbconsulting.com\/wp-content\/uploads\/2022\/07\/40965.jpg\" \/>\n\t<meta property=\"og:image:width\" content=\"700\" \/>\n\t<meta property=\"og:image:height\" content=\"700\" \/>\n\t<meta property=\"og:image:type\" content=\"image\/jpeg\" \/>\n<meta name=\"twitter:card\" content=\"summary_large_image\" \/>\n<meta name=\"twitter:title\" content=\"BLACK CHILDREN SLEDGE FUNK GROUP - Love Is Fair -  (LP) | Guerssen\" \/>\n<script type=\"application\/ld+json\" class=\"yoast-schema-graph\">{\"@context\":\"https:\/\/schema.org\",\"@graph\":[{\"@type\":\"WebPage\",\"@id\":\"https:\/\/wpguerssen-test.odoo.rgbconsulting.com\/es\/producto\/love-is-fair\/\",\"url\":\"https:\/\/wpguerssen-test.odoo.rgbconsulting.com\/es\/producto\/love-is-fair\/\",\"name\":\"BLACK CHILDREN SLEDGE FUNK GROUP - Love Is Fair - (LP) | Guerssen\",\"isPartOf\":{\"@id\":\"https:\/\/wpguerssen-test.odoo.rgbconsulting.com\/es\/#website\"},\"primaryImageOfPage\":{\"@id\":\"https:\/\/wpguerssen-test.odoo.rgbconsulting.com\/es\/producto\/love-is-fair\/#primaryimage\"},\"image\":{\"@id\":\"https:\/\/wpguerssen-test.odoo.rgbconsulting.com\/es\/producto\/love-is-fair\/#primaryimage\"},\"thumbnailUrl\":\"https:\/\/wpguerssen-test.odoo.rgbconsulting.com\/wp-content\/uploads\/2022\/07\/40965.jpg\",\"datePublished\":\"2022-05-22T22:00:00+00:00\",\"dateModified\":\"2024-12-02T16:00:22+00:00\",\"description\":\"Nigerian classic Black Children Sledge Funk Group 1976's debut album full of positive vibrations and feel-good grooves! A sunny blend of Reggae and Afro-Funk with a lot of percussions, psychedelic and rhythmic guitar and organ. In the mid-seventies in Nigeria everybody loved them; they were a symbol and pride of Africa. Michael Hammedatha Moore sang and played congas and percussion. Daniel Carlos Yakubu played guitar. Jerry Freeman Nwokolo was on keyboards. Ricky Hardnar on bass and And Benson Teteh played the drums. Everyone in the band changed their last name to Black. Repressed for the first time. Limited Edition.\",\"breadcrumb\":{\"@id\":\"https:\/\/wpguerssen-test.odoo.rgbconsulting.com\/es\/producto\/love-is-fair\/#breadcrumb\"},\"inLanguage\":\"es\",\"potentialAction\":[{\"@type\":\"ReadAction\",\"target\":[\"https:\/\/wpguerssen-test.odoo.rgbconsulting.com\/es\/producto\/love-is-fair\/\"]}]},{\"@type\":\"ImageObject\",\"inLanguage\":\"es\",\"@id\":\"https:\/\/wpguerssen-test.odoo.rgbconsulting.com\/es\/producto\/love-is-fair\/#primaryimage\",\"url\":\"https:\/\/wpguerssen-test.odoo.rgbconsulting.com\/wp-content\/uploads\/2022\/07\/40965.jpg\",\"contentUrl\":\"https:\/\/wpguerssen-test.odoo.rgbconsulting.com\/wp-content\/uploads\/2022\/07\/40965.jpg\",\"width\":700,\"height\":700},{\"@type\":\"BreadcrumbList\",\"@id\":\"https:\/\/wpguerssen-test.odoo.rgbconsulting.com\/es\/producto\/love-is-fair\/#breadcrumb\",\"itemListElement\":[{\"@type\":\"ListItem\",\"position\":1,\"name\":\"Inicio\",\"item\":\"https:\/\/wpguerssen-test.odoo.rgbconsulting.com\/es\/\"},{\"@type\":\"ListItem\",\"position\":2,\"name\":\"Shop\",\"item\":\"https:\/\/wpguerssen-test.odoo.rgbconsulting.com\/shop\/\"},{\"@type\":\"ListItem\",\"position\":3,\"name\":\"Love Is Fair\"}]},{\"@type\":\"WebSite\",\"@id\":\"https:\/\/wpguerssen-test.odoo.rgbconsulting.com\/es\/#website\",\"url\":\"https:\/\/wpguerssen-test.odoo.rgbconsulting.com\/es\/\",\"name\":\"Guerssen records\",\"description\":\"psychedelia - progressive - folk - garage \",\"publisher\":{\"@id\":\"https:\/\/wpguerssen-test.odoo.rgbconsulting.com\/es\/#organization\"},\"potentialAction\":[{\"@type\":\"SearchAction\",\"target\":{\"@type\":\"EntryPoint\",\"urlTemplate\":\"https:\/\/wpguerssen-test.odoo.rgbconsulting.com\/es\/?s={search_term_string}\"},\"query-input\":{\"@type\":\"PropertyValueSpecification\",\"valueRequired\":true,\"valueName\":\"search_term_string\"}}],\"inLanguage\":\"es\"},{\"@type\":\"Organization\",\"@id\":\"https:\/\/wpguerssen-test.odoo.rgbconsulting.com\/es\/#organization\",\"name\":\"Guerssen records\",\"url\":\"https:\/\/wpguerssen-test.odoo.rgbconsulting.com\/es\/\",\"logo\":{\"@type\":\"ImageObject\",\"inLanguage\":\"es\",\"@id\":\"https:\/\/wpguerssen-test.odoo.rgbconsulting.com\/es\/#\/schema\/logo\/image\/\",\"url\":\"https:\/\/wpguerssen-test.odoo.rgbconsulting.com\/wp-content\/uploads\/2022\/04\/Logo_Guerssen_trans_100.png\",\"contentUrl\":\"https:\/\/wpguerssen-test.odoo.rgbconsulting.com\/wp-content\/uploads\/2022\/04\/Logo_Guerssen_trans_100.png\",\"width\":122,\"height\":100,\"caption\":\"Guerssen records\"},\"image\":{\"@id\":\"https:\/\/wpguerssen-test.odoo.rgbconsulting.com\/es\/#\/schema\/logo\/image\/\"}}]}<\/script>\n<!-- \/ Yoast SEO plugin. -->","yoast_head_json":{"title":"BLACK CHILDREN SLEDGE FUNK GROUP - Love Is Fair -  (LP) | Guerssen","description":"Nigerian classic Black Children Sledge Funk Group 1976's debut album full of positive vibrations and feel-good grooves! A sunny blend of Reggae and Afro-Funk with a lot of percussions, psychedelic and rhythmic guitar and organ. In the mid-seventies in Nigeria everybody loved them; they were a symbol and pride of Africa. Michael Hammedatha Moore sang and played congas and percussion. Daniel Carlos Yakubu played guitar. Jerry Freeman Nwokolo was on keyboards. Ricky Hardnar on bass and And Benson Teteh played the drums. Everyone in the band changed their last name to Black. Repressed for the first time. Limited Edition.","robots":{"index":"index","follow":"follow","max-snippet":"max-snippet:-1","max-image-preview":"max-image-preview:large","max-video-preview":"max-video-preview:-1"},"canonical":"https:\/\/wpguerssen-test.odoo.rgbconsulting.com\/es\/producto\/love-is-fair\/","og_locale":"es_ES","og_type":"article","og_title":"BLACK CHILDREN SLEDGE FUNK GROUP - Love Is Fair -  (LP) | Guerssen","og_description":"Nigerian classic Black Children Sledge Funk Group 1976's debut album full of positive vibrations and feel-good grooves! A sunny blend of Reggae and Afro-Funk with a lot of percussions, psychedelic and rhythmic guitar and organ. In the mid-seventies in Nigeria everybody loved them; they were a symbol and pride of Africa. Michael Hammedatha Moore sang and played congas and percussion. Daniel Carlos Yakubu played guitar. Jerry Freeman Nwokolo was on keyboards. Ricky Hardnar on bass and And Benson Teteh played the drums. Everyone in the band changed their last name to Black. Repressed for the first time. Limited Edition.","og_url":"https:\/\/wpguerssen-test.odoo.rgbconsulting.com\/es\/producto\/love-is-fair\/","og_site_name":"Guerssen records","article_modified_time":"2024-12-02T16:00:22+00:00","og_image":[{"width":700,"height":700,"url":"https:\/\/wpguerssen-test.odoo.rgbconsulting.com\/wp-content\/uploads\/2022\/07\/40965.jpg","type":"image\/jpeg"}],"twitter_card":"summary_large_image","twitter_title":"BLACK CHILDREN SLEDGE FUNK GROUP - Love Is Fair -  (LP) | Guerssen","schema":{"@context":"https:\/\/schema.org","@graph":[{"@type":"WebPage","@id":"https:\/\/wpguerssen-test.odoo.rgbconsulting.com\/es\/producto\/love-is-fair\/","url":"https:\/\/wpguerssen-test.odoo.rgbconsulting.com\/es\/producto\/love-is-fair\/","name":"BLACK CHILDREN SLEDGE FUNK GROUP - Love Is Fair - (LP) | Guerssen","isPartOf":{"@id":"https:\/\/wpguerssen-test.odoo.rgbconsulting.com\/es\/#website"},"primaryImageOfPage":{"@id":"https:\/\/wpguerssen-test.odoo.rgbconsulting.com\/es\/producto\/love-is-fair\/#primaryimage"},"image":{"@id":"https:\/\/wpguerssen-test.odoo.rgbconsulting.com\/es\/producto\/love-is-fair\/#primaryimage"},"thumbnailUrl":"https:\/\/wpguerssen-test.odoo.rgbconsulting.com\/wp-content\/uploads\/2022\/07\/40965.jpg","datePublished":"2022-05-22T22:00:00+00:00","dateModified":"2024-12-02T16:00:22+00:00","description":"Nigerian classic Black Children Sledge Funk Group 1976's debut album full of positive vibrations and feel-good grooves! A sunny blend of Reggae and Afro-Funk with a lot of percussions, psychedelic and rhythmic guitar and organ. In the mid-seventies in Nigeria everybody loved them; they were a symbol and pride of Africa. Michael Hammedatha Moore sang and played congas and percussion. Daniel Carlos Yakubu played guitar. Jerry Freeman Nwokolo was on keyboards. Ricky Hardnar on bass and And Benson Teteh played the drums. Everyone in the band changed their last name to Black. Repressed for the first time. Limited Edition.","breadcrumb":{"@id":"https:\/\/wpguerssen-test.odoo.rgbconsulting.com\/es\/producto\/love-is-fair\/#breadcrumb"},"inLanguage":"es","potentialAction":[{"@type":"ReadAction","target":["https:\/\/wpguerssen-test.odoo.rgbconsulting.com\/es\/producto\/love-is-fair\/"]}]},{"@type":"ImageObject","inLanguage":"es","@id":"https:\/\/wpguerssen-test.odoo.rgbconsulting.com\/es\/producto\/love-is-fair\/#primaryimage","url":"https:\/\/wpguerssen-test.odoo.rgbconsulting.com\/wp-content\/uploads\/2022\/07\/40965.jpg","contentUrl":"https:\/\/wpguerssen-test.odoo.rgbconsulting.com\/wp-content\/uploads\/2022\/07\/40965.jpg","width":700,"height":700},{"@type":"BreadcrumbList","@id":"https:\/\/wpguerssen-test.odoo.rgbconsulting.com\/es\/producto\/love-is-fair\/#breadcrumb","itemListElement":[{"@type":"ListItem","position":1,"name":"Inicio","item":"https:\/\/wpguerssen-test.odoo.rgbconsulting.com\/es\/"},{"@type":"ListItem","position":2,"name":"Shop","item":"https:\/\/wpguerssen-test.odoo.rgbconsulting.com\/shop\/"},{"@type":"ListItem","position":3,"name":"Love Is Fair"}]},{"@type":"WebSite","@id":"https:\/\/wpguerssen-test.odoo.rgbconsulting.com\/es\/#website","url":"https:\/\/wpguerssen-test.odoo.rgbconsulting.com\/es\/","name":"Guerssen records","description":"psychedelia - progressive - folk - garage ","publisher":{"@id":"https:\/\/wpguerssen-test.odoo.rgbconsulting.com\/es\/#organization"},"potentialAction":[{"@type":"SearchAction","target":{"@type":"EntryPoint","urlTemplate":"https:\/\/wpguerssen-test.odoo.rgbconsulting.com\/es\/?s={search_term_string}"},"query-input":{"@type":"PropertyValueSpecification","valueRequired":true,"valueName":"search_term_string"}}],"inLanguage":"es"},{"@type":"Organization","@id":"https:\/\/wpguerssen-test.odoo.rgbconsulting.com\/es\/#organization","name":"Guerssen records","url":"https:\/\/wpguerssen-test.odoo.rgbconsulting.com\/es\/","logo":{"@type":"ImageObject","inLanguage":"es","@id":"https:\/\/wpguerssen-test.odoo.rgbconsulting.com\/es\/#\/schema\/logo\/image\/","url":"https:\/\/wpguerssen-test.odoo.rgbconsulting.com\/wp-content\/uploads\/2022\/04\/Logo_Guerssen_trans_100.png","contentUrl":"https:\/\/wpguerssen-test.odoo.rgbconsulting.com\/wp-content\/uploads\/2022\/04\/Logo_Guerssen_trans_100.png","width":122,"height":100,"caption":"Guerssen records"},"image":{"@id":"https:\/\/wpguerssen-test.odoo.rgbconsulting.com\/es\/#\/schema\/logo\/image\/"}}]}},"_links":{"self":[{"href":"https:\/\/wpguerssen-test.odoo.rgbconsulting.com\/es\/wp-json\/wp\/v2\/product\/215993","targetHints":{"allow":["GET"]}}],"collection":[{"href":"https:\/\/wpguerssen-test.odoo.rgbconsulting.com\/es\/wp-json\/wp\/v2\/product"}],"about":[{"href":"https:\/\/wpguerssen-test.odoo.rgbconsulting.com\/es\/wp-json\/wp\/v2\/types\/product"}],"wp:featuredmedia":[{"embeddable":true,"href":"https:\/\/wpguerssen-test.odoo.rgbconsulting.com\/es\/wp-json\/wp\/v2\/media\/214341"}],"wp:attachment":[{"href":"https:\/\/wpguerssen-test.odoo.rgbconsulting.com\/es\/wp-json\/wp\/v2\/media?parent=215993"}],"wp:term":[{"taxonomy":"product_brand","embeddable":true,"href":"https:\/\/wpguerssen-test.odoo.rgbconsulting.com\/es\/wp-json\/wp\/v2\/product_brand?post=215993"},{"taxonomy":"product_cat","embeddable":true,"href":"https:\/\/wpguerssen-test.odoo.rgbconsulting.com\/es\/wp-json\/wp\/v2\/product_cat?post=215993"},{"taxonomy":"product_tag","embeddable":true,"href":"https:\/\/wpguerssen-test.odoo.rgbconsulting.com\/es\/wp-json\/wp\/v2\/product_tag?post=215993"}],"curies":[{"name":"wp","href":"https:\/\/api.w.org\/{rel}","templated":true}]}}