{"id":216030,"date":"2022-06-03T00:00:00","date_gmt":"2022-06-02T22:00:00","guid":{"rendered":"https:\/\/wpguerssen-test.odoo.rgbconsulting.com\/product\/seven-day-fool\/"},"modified":"2025-03-31T18:36:02","modified_gmt":"2025-03-31T16:36:02","slug":"seven-day-fool","status":"publish","type":"product","link":"https:\/\/wpguerssen-test.odoo.rgbconsulting.com\/es\/producto\/seven-day-fool\/","title":{"rendered":"Seven Day Fool"},"content":{"rendered":"<p>Esta compilaci\u00f3n de 2LP selecciona pistas de sus primeros \u00e1lbumes y singles, y ofrece una visi\u00f3n del inmenso talento de esta artista legendaria. Desde fabulosas melod\u00edas vocales de jazz como \u00abStormy Weather\u00bb o \u00abPalm Nuts\u00bb hasta cl\u00e1sicos del blues como \u00abHowlin&#8217; Wolf&#8217;s Spoonful\u00bb o \u00abMuddy Waters\u00bb \u00abI Just Want To Make Love To You\u00bb, tambi\u00e9n encontramos deliciosas baladas como \u00abAt Last\u00bb hasta revientapistas como \u00abSeven Day Fool\u00bb (una melod\u00eda extremadamente popular en la escena Northern Soul), aqu\u00ed hay una excelente selecci\u00f3n de canciones que establecieron a Etta James como un gran nombre en la m\u00fasica afroamericana en una etapa temprana de su carrera.<\/p>\n","protected":false},"excerpt":{"rendered":"<p>Esta compilaci\u00f3n de 2LP selecciona pistas de sus primeros \u00e1lbumes y singles, y ofrece una visi\u00f3n del inmenso talento de esta artista legendaria. Desde fabulosas<a class=\"read\" href=\"https:\/\/wpguerssen-test.odoo.rgbconsulting.com\/es\/producto\/seven-day-fool\/\"> (...)<\/a>","protected":false},"featured_media":210828,"template":"","meta":{"_acf_changed":false},"product_brand":[],"product_cat":[21649,23262],"product_tag":[],"class_list":{"0":"post-216030","1":"product","2":"type-product","3":"status-publish","4":"has-post-thumbnail","6":"product_cat-soul-rnb-es","7":"product_cat-blues-blues-rock-es","8":"pa_artist-james-etta-es","9":"pa_format-2lp-es","10":"pa_gender-soul-rnb-blues-blues-rock","11":"pa_label-shellac-disc","12":"pa_location-north-america-es","13":"pa_other-filters-vinyl-only-es","15":"first","16":"instock","17":"taxable","18":"shipping-taxable","19":"purchasable","20":"product-type-simple"},"acf":[],"yoast_head":"<!-- This site is optimized with the Yoast SEO plugin v24.9 - https:\/\/yoast.com\/wordpress\/plugins\/seo\/ -->\n<title>JAMES, Etta - Seven Day Fool -  (2LP) | Guerssen<\/title>\n<meta name=\"description\" content=\"Born Jamesetta Hawkins in January of 1938, Etta James started her carrer in 1954. She could sing in a variety of genres, and by the early 1960s when she launched her first albums her repertoire was built of blues, jazz, R&amp;B, doo-wop, soul and rock&#039;n&#039;roll tunes, with her powerful,deep voice feeling at home in either of these styles. Etta James&#039; career expanded over six decades, and she kept active until her death in January of 2012. #nl# This double LP compilation selects tracks from her early albums and 45s, and offers a glimpse to the immense talent of this legendary artist. From fabulous vocal jazz tunes like Stormy Weather or Palm Nuts to classics of the blues like Howlin&#039; Wolf&#039;s Spoonful or Muddy Waters&#039; I Just Want To Make Love To You (James&#039; version became very popular when used in a very famour Coca-Cola TV commercial); from delightful ballads like At Last to dancefloor fillers like Seven Day Fool (an extremely popular tune in the Northern Soul scene), here is an excellent selection of songs that set Etta James as a very big name in Afro-American music already at this early stage of her career.\" \/>\n<meta name=\"robots\" content=\"index, follow, max-snippet:-1, max-image-preview:large, max-video-preview:-1\" \/>\n<link rel=\"canonical\" href=\"https:\/\/wpguerssen-test.odoo.rgbconsulting.com\/es\/producto\/seven-day-fool\/\" \/>\n<meta property=\"og:locale\" content=\"es_ES\" \/>\n<meta property=\"og:type\" content=\"article\" \/>\n<meta property=\"og:title\" content=\"JAMES, Etta - Seven Day Fool -  (2LP) | Guerssen\" \/>\n<meta property=\"og:description\" content=\"Born Jamesetta Hawkins in January of 1938, Etta James started her carrer in 1954. She could sing in a variety of genres, and by the early 1960s when she launched her first albums her repertoire was built of blues, jazz, R&amp;B, doo-wop, soul and rock&#039;n&#039;roll tunes, with her powerful,deep voice feeling at home in either of these styles. Etta James&#039; career expanded over six decades, and she kept active until her death in January of 2012. #nl# This double LP compilation selects tracks from her early albums and 45s, and offers a glimpse to the immense talent of this legendary artist. From fabulous vocal jazz tunes like Stormy Weather or Palm Nuts to classics of the blues like Howlin&#039; Wolf&#039;s Spoonful or Muddy Waters&#039; I Just Want To Make Love To You (James&#039; version became very popular when used in a very famour Coca-Cola TV commercial); from delightful ballads like At Last to dancefloor fillers like Seven Day Fool (an extremely popular tune in the Northern Soul scene), here is an excellent selection of songs that set Etta James as a very big name in Afro-American music already at this early stage of her career.\" \/>\n<meta property=\"og:url\" content=\"https:\/\/wpguerssen-test.odoo.rgbconsulting.com\/es\/producto\/seven-day-fool\/\" \/>\n<meta property=\"og:site_name\" content=\"Guerssen records\" \/>\n<meta property=\"article:modified_time\" content=\"2025-03-31T16:36:02+00:00\" \/>\n<meta property=\"og:image\" content=\"https:\/\/wpguerssen-test.odoo.rgbconsulting.com\/wp-content\/uploads\/2022\/05\/41031.jpg\" \/>\n\t<meta property=\"og:image:width\" content=\"300\" \/>\n\t<meta property=\"og:image:height\" content=\"300\" \/>\n\t<meta property=\"og:image:type\" content=\"image\/jpeg\" \/>\n<meta name=\"twitter:card\" content=\"summary_large_image\" \/>\n<meta name=\"twitter:title\" content=\"JAMES, Etta - Seven Day Fool -  (2LP) | Guerssen\" \/>\n<meta name=\"twitter:label1\" content=\"Tiempo de lectura\" \/>\n\t<meta name=\"twitter:data1\" content=\"1 minuto\" \/>\n<script type=\"application\/ld+json\" class=\"yoast-schema-graph\">{\"@context\":\"https:\/\/schema.org\",\"@graph\":[{\"@type\":\"WebPage\",\"@id\":\"https:\/\/wpguerssen-test.odoo.rgbconsulting.com\/es\/producto\/seven-day-fool\/\",\"url\":\"https:\/\/wpguerssen-test.odoo.rgbconsulting.com\/es\/producto\/seven-day-fool\/\",\"name\":\"JAMES, Etta - Seven Day Fool - (2LP) | Guerssen\",\"isPartOf\":{\"@id\":\"https:\/\/wpguerssen-test.odoo.rgbconsulting.com\/es\/#website\"},\"primaryImageOfPage\":{\"@id\":\"https:\/\/wpguerssen-test.odoo.rgbconsulting.com\/es\/producto\/seven-day-fool\/#primaryimage\"},\"image\":{\"@id\":\"https:\/\/wpguerssen-test.odoo.rgbconsulting.com\/es\/producto\/seven-day-fool\/#primaryimage\"},\"thumbnailUrl\":\"https:\/\/wpguerssen-test.odoo.rgbconsulting.com\/wp-content\/uploads\/2022\/05\/41031.jpg\",\"datePublished\":\"2022-06-02T22:00:00+00:00\",\"dateModified\":\"2025-03-31T16:36:02+00:00\",\"description\":\"Born Jamesetta Hawkins in January of 1938, Etta James started her carrer in 1954. She could sing in a variety of genres, and by the early 1960s when she launched her first albums her repertoire was built of blues, jazz, R&B, doo-wop, soul and rock'n'roll tunes, with her powerful,deep voice feeling at home in either of these styles. Etta James' career expanded over six decades, and she kept active until her death in January of 2012. #nl# This double LP compilation selects tracks from her early albums and 45s, and offers a glimpse to the immense talent of this legendary artist. From fabulous vocal jazz tunes like Stormy Weather or Palm Nuts to classics of the blues like Howlin' Wolf's Spoonful or Muddy Waters' I Just Want To Make Love To You (James' version became very popular when used in a very famour Coca-Cola TV commercial); from delightful ballads like At Last to dancefloor fillers like Seven Day Fool (an extremely popular tune in the Northern Soul scene), here is an excellent selection of songs that set Etta James as a very big name in Afro-American music already at this early stage of her career.\",\"breadcrumb\":{\"@id\":\"https:\/\/wpguerssen-test.odoo.rgbconsulting.com\/es\/producto\/seven-day-fool\/#breadcrumb\"},\"inLanguage\":\"es\",\"potentialAction\":[{\"@type\":\"ReadAction\",\"target\":[\"https:\/\/wpguerssen-test.odoo.rgbconsulting.com\/es\/producto\/seven-day-fool\/\"]}]},{\"@type\":\"ImageObject\",\"inLanguage\":\"es\",\"@id\":\"https:\/\/wpguerssen-test.odoo.rgbconsulting.com\/es\/producto\/seven-day-fool\/#primaryimage\",\"url\":\"https:\/\/wpguerssen-test.odoo.rgbconsulting.com\/wp-content\/uploads\/2022\/05\/41031.jpg\",\"contentUrl\":\"https:\/\/wpguerssen-test.odoo.rgbconsulting.com\/wp-content\/uploads\/2022\/05\/41031.jpg\",\"width\":300,\"height\":300,\"caption\":\"Etta - Seven Day Fool - SHELLAC DISC (2LP) | Guerssen\"},{\"@type\":\"BreadcrumbList\",\"@id\":\"https:\/\/wpguerssen-test.odoo.rgbconsulting.com\/es\/producto\/seven-day-fool\/#breadcrumb\",\"itemListElement\":[{\"@type\":\"ListItem\",\"position\":1,\"name\":\"Inicio\",\"item\":\"https:\/\/wpguerssen-test.odoo.rgbconsulting.com\/es\/\"},{\"@type\":\"ListItem\",\"position\":2,\"name\":\"Shop\",\"item\":\"https:\/\/wpguerssen-test.odoo.rgbconsulting.com\/shop\/\"},{\"@type\":\"ListItem\",\"position\":3,\"name\":\"Seven Day Fool\"}]},{\"@type\":\"WebSite\",\"@id\":\"https:\/\/wpguerssen-test.odoo.rgbconsulting.com\/es\/#website\",\"url\":\"https:\/\/wpguerssen-test.odoo.rgbconsulting.com\/es\/\",\"name\":\"Guerssen records\",\"description\":\"psychedelia - progressive - folk - garage \",\"publisher\":{\"@id\":\"https:\/\/wpguerssen-test.odoo.rgbconsulting.com\/es\/#organization\"},\"potentialAction\":[{\"@type\":\"SearchAction\",\"target\":{\"@type\":\"EntryPoint\",\"urlTemplate\":\"https:\/\/wpguerssen-test.odoo.rgbconsulting.com\/es\/?s={search_term_string}\"},\"query-input\":{\"@type\":\"PropertyValueSpecification\",\"valueRequired\":true,\"valueName\":\"search_term_string\"}}],\"inLanguage\":\"es\"},{\"@type\":\"Organization\",\"@id\":\"https:\/\/wpguerssen-test.odoo.rgbconsulting.com\/es\/#organization\",\"name\":\"Guerssen records\",\"url\":\"https:\/\/wpguerssen-test.odoo.rgbconsulting.com\/es\/\",\"logo\":{\"@type\":\"ImageObject\",\"inLanguage\":\"es\",\"@id\":\"https:\/\/wpguerssen-test.odoo.rgbconsulting.com\/es\/#\/schema\/logo\/image\/\",\"url\":\"https:\/\/wpguerssen-test.odoo.rgbconsulting.com\/wp-content\/uploads\/2022\/04\/Logo_Guerssen_trans_100.png\",\"contentUrl\":\"https:\/\/wpguerssen-test.odoo.rgbconsulting.com\/wp-content\/uploads\/2022\/04\/Logo_Guerssen_trans_100.png\",\"width\":122,\"height\":100,\"caption\":\"Guerssen records\"},\"image\":{\"@id\":\"https:\/\/wpguerssen-test.odoo.rgbconsulting.com\/es\/#\/schema\/logo\/image\/\"}}]}<\/script>\n<!-- \/ Yoast SEO plugin. -->","yoast_head_json":{"title":"JAMES, Etta - Seven Day Fool -  (2LP) | Guerssen","description":"Born Jamesetta Hawkins in January of 1938, Etta James started her carrer in 1954. She could sing in a variety of genres, and by the early 1960s when she launched her first albums her repertoire was built of blues, jazz, R&B, doo-wop, soul and rock'n'roll tunes, with her powerful,deep voice feeling at home in either of these styles. Etta James' career expanded over six decades, and she kept active until her death in January of 2012. #nl# This double LP compilation selects tracks from her early albums and 45s, and offers a glimpse to the immense talent of this legendary artist. From fabulous vocal jazz tunes like Stormy Weather or Palm Nuts to classics of the blues like Howlin' Wolf's Spoonful or Muddy Waters' I Just Want To Make Love To You (James' version became very popular when used in a very famour Coca-Cola TV commercial); from delightful ballads like At Last to dancefloor fillers like Seven Day Fool (an extremely popular tune in the Northern Soul scene), here is an excellent selection of songs that set Etta James as a very big name in Afro-American music already at this early stage of her career.","robots":{"index":"index","follow":"follow","max-snippet":"max-snippet:-1","max-image-preview":"max-image-preview:large","max-video-preview":"max-video-preview:-1"},"canonical":"https:\/\/wpguerssen-test.odoo.rgbconsulting.com\/es\/producto\/seven-day-fool\/","og_locale":"es_ES","og_type":"article","og_title":"JAMES, Etta - Seven Day Fool -  (2LP) | Guerssen","og_description":"Born Jamesetta Hawkins in January of 1938, Etta James started her carrer in 1954. She could sing in a variety of genres, and by the early 1960s when she launched her first albums her repertoire was built of blues, jazz, R&B, doo-wop, soul and rock'n'roll tunes, with her powerful,deep voice feeling at home in either of these styles. Etta James' career expanded over six decades, and she kept active until her death in January of 2012. #nl# This double LP compilation selects tracks from her early albums and 45s, and offers a glimpse to the immense talent of this legendary artist. From fabulous vocal jazz tunes like Stormy Weather or Palm Nuts to classics of the blues like Howlin' Wolf's Spoonful or Muddy Waters' I Just Want To Make Love To You (James' version became very popular when used in a very famour Coca-Cola TV commercial); from delightful ballads like At Last to dancefloor fillers like Seven Day Fool (an extremely popular tune in the Northern Soul scene), here is an excellent selection of songs that set Etta James as a very big name in Afro-American music already at this early stage of her career.","og_url":"https:\/\/wpguerssen-test.odoo.rgbconsulting.com\/es\/producto\/seven-day-fool\/","og_site_name":"Guerssen records","article_modified_time":"2025-03-31T16:36:02+00:00","og_image":[{"width":300,"height":300,"url":"https:\/\/wpguerssen-test.odoo.rgbconsulting.com\/wp-content\/uploads\/2022\/05\/41031.jpg","type":"image\/jpeg"}],"twitter_card":"summary_large_image","twitter_title":"JAMES, Etta - Seven Day Fool -  (2LP) | Guerssen","twitter_misc":{"Tiempo de lectura":"1 minuto"},"schema":{"@context":"https:\/\/schema.org","@graph":[{"@type":"WebPage","@id":"https:\/\/wpguerssen-test.odoo.rgbconsulting.com\/es\/producto\/seven-day-fool\/","url":"https:\/\/wpguerssen-test.odoo.rgbconsulting.com\/es\/producto\/seven-day-fool\/","name":"JAMES, Etta - Seven Day Fool - (2LP) | Guerssen","isPartOf":{"@id":"https:\/\/wpguerssen-test.odoo.rgbconsulting.com\/es\/#website"},"primaryImageOfPage":{"@id":"https:\/\/wpguerssen-test.odoo.rgbconsulting.com\/es\/producto\/seven-day-fool\/#primaryimage"},"image":{"@id":"https:\/\/wpguerssen-test.odoo.rgbconsulting.com\/es\/producto\/seven-day-fool\/#primaryimage"},"thumbnailUrl":"https:\/\/wpguerssen-test.odoo.rgbconsulting.com\/wp-content\/uploads\/2022\/05\/41031.jpg","datePublished":"2022-06-02T22:00:00+00:00","dateModified":"2025-03-31T16:36:02+00:00","description":"Born Jamesetta Hawkins in January of 1938, Etta James started her carrer in 1954. She could sing in a variety of genres, and by the early 1960s when she launched her first albums her repertoire was built of blues, jazz, R&B, doo-wop, soul and rock'n'roll tunes, with her powerful,deep voice feeling at home in either of these styles. Etta James' career expanded over six decades, and she kept active until her death in January of 2012. #nl# This double LP compilation selects tracks from her early albums and 45s, and offers a glimpse to the immense talent of this legendary artist. From fabulous vocal jazz tunes like Stormy Weather or Palm Nuts to classics of the blues like Howlin' Wolf's Spoonful or Muddy Waters' I Just Want To Make Love To You (James' version became very popular when used in a very famour Coca-Cola TV commercial); from delightful ballads like At Last to dancefloor fillers like Seven Day Fool (an extremely popular tune in the Northern Soul scene), here is an excellent selection of songs that set Etta James as a very big name in Afro-American music already at this early stage of her career.","breadcrumb":{"@id":"https:\/\/wpguerssen-test.odoo.rgbconsulting.com\/es\/producto\/seven-day-fool\/#breadcrumb"},"inLanguage":"es","potentialAction":[{"@type":"ReadAction","target":["https:\/\/wpguerssen-test.odoo.rgbconsulting.com\/es\/producto\/seven-day-fool\/"]}]},{"@type":"ImageObject","inLanguage":"es","@id":"https:\/\/wpguerssen-test.odoo.rgbconsulting.com\/es\/producto\/seven-day-fool\/#primaryimage","url":"https:\/\/wpguerssen-test.odoo.rgbconsulting.com\/wp-content\/uploads\/2022\/05\/41031.jpg","contentUrl":"https:\/\/wpguerssen-test.odoo.rgbconsulting.com\/wp-content\/uploads\/2022\/05\/41031.jpg","width":300,"height":300,"caption":"Etta - Seven Day Fool - SHELLAC DISC (2LP) | Guerssen"},{"@type":"BreadcrumbList","@id":"https:\/\/wpguerssen-test.odoo.rgbconsulting.com\/es\/producto\/seven-day-fool\/#breadcrumb","itemListElement":[{"@type":"ListItem","position":1,"name":"Inicio","item":"https:\/\/wpguerssen-test.odoo.rgbconsulting.com\/es\/"},{"@type":"ListItem","position":2,"name":"Shop","item":"https:\/\/wpguerssen-test.odoo.rgbconsulting.com\/shop\/"},{"@type":"ListItem","position":3,"name":"Seven Day Fool"}]},{"@type":"WebSite","@id":"https:\/\/wpguerssen-test.odoo.rgbconsulting.com\/es\/#website","url":"https:\/\/wpguerssen-test.odoo.rgbconsulting.com\/es\/","name":"Guerssen records","description":"psychedelia - progressive - folk - garage ","publisher":{"@id":"https:\/\/wpguerssen-test.odoo.rgbconsulting.com\/es\/#organization"},"potentialAction":[{"@type":"SearchAction","target":{"@type":"EntryPoint","urlTemplate":"https:\/\/wpguerssen-test.odoo.rgbconsulting.com\/es\/?s={search_term_string}"},"query-input":{"@type":"PropertyValueSpecification","valueRequired":true,"valueName":"search_term_string"}}],"inLanguage":"es"},{"@type":"Organization","@id":"https:\/\/wpguerssen-test.odoo.rgbconsulting.com\/es\/#organization","name":"Guerssen records","url":"https:\/\/wpguerssen-test.odoo.rgbconsulting.com\/es\/","logo":{"@type":"ImageObject","inLanguage":"es","@id":"https:\/\/wpguerssen-test.odoo.rgbconsulting.com\/es\/#\/schema\/logo\/image\/","url":"https:\/\/wpguerssen-test.odoo.rgbconsulting.com\/wp-content\/uploads\/2022\/04\/Logo_Guerssen_trans_100.png","contentUrl":"https:\/\/wpguerssen-test.odoo.rgbconsulting.com\/wp-content\/uploads\/2022\/04\/Logo_Guerssen_trans_100.png","width":122,"height":100,"caption":"Guerssen records"},"image":{"@id":"https:\/\/wpguerssen-test.odoo.rgbconsulting.com\/es\/#\/schema\/logo\/image\/"}}]}},"_links":{"self":[{"href":"https:\/\/wpguerssen-test.odoo.rgbconsulting.com\/es\/wp-json\/wp\/v2\/product\/216030","targetHints":{"allow":["GET"]}}],"collection":[{"href":"https:\/\/wpguerssen-test.odoo.rgbconsulting.com\/es\/wp-json\/wp\/v2\/product"}],"about":[{"href":"https:\/\/wpguerssen-test.odoo.rgbconsulting.com\/es\/wp-json\/wp\/v2\/types\/product"}],"wp:featuredmedia":[{"embeddable":true,"href":"https:\/\/wpguerssen-test.odoo.rgbconsulting.com\/es\/wp-json\/wp\/v2\/media\/210828"}],"wp:attachment":[{"href":"https:\/\/wpguerssen-test.odoo.rgbconsulting.com\/es\/wp-json\/wp\/v2\/media?parent=216030"}],"wp:term":[{"taxonomy":"product_brand","embeddable":true,"href":"https:\/\/wpguerssen-test.odoo.rgbconsulting.com\/es\/wp-json\/wp\/v2\/product_brand?post=216030"},{"taxonomy":"product_cat","embeddable":true,"href":"https:\/\/wpguerssen-test.odoo.rgbconsulting.com\/es\/wp-json\/wp\/v2\/product_cat?post=216030"},{"taxonomy":"product_tag","embeddable":true,"href":"https:\/\/wpguerssen-test.odoo.rgbconsulting.com\/es\/wp-json\/wp\/v2\/product_tag?post=216030"}],"curies":[{"name":"wp","href":"https:\/\/api.w.org\/{rel}","templated":true}]}}