{"id":216046,"date":"2022-06-28T00:00:00","date_gmt":"2022-06-27T22:00:00","guid":{"rendered":"https:\/\/wpguerssen-test.odoo.rgbconsulting.com\/product\/apertura\/"},"modified":"2025-02-05T17:10:57","modified_gmt":"2025-02-05T16:10:57","slug":"apertura","status":"publish","type":"product","link":"https:\/\/wpguerssen-test.odoo.rgbconsulting.com\/es\/producto\/apertura\/","title":{"rendered":"Apertura"},"content":{"rendered":"<p>180 GR.<br \/>FUNDA GATEFOLD<br \/>PRENSADO LIMITADO A 300 COPIAS <\/p>\n<p> Similar a: Celeste, Locanda delle Fate, Quella Vecchica Locanda, Arco Iris, Pac\u00edfico, Horizonte, Aucan<br <br \/>Primera reedici\u00f3n oficial en vinilo, completamente remasterizada, de esta joya \u00fanica altamente coleccionable de los progsters argentinos Eternidad. Originalmente grabado y lanzado en 1977, casi al mismo tiempo que las obras maestras de Bubu y Alas, Apertura prospera con una nostalgia armoniosa contra un lienzo sonoro bendecido. Moviendose en el lado suave del progresivo donde el sol siempre brilla y las buenas vibraciones acechan en cada esquina. Entre aperturas folcl\u00f3ricas de ensue\u00f1o y pasajes secretos y los t\u00edpicos di\u00e1logos instrumentales de m\u00faltiples capas que evolucionan gradualmente hacia alturas rugientes y alt\u00edsimas, Apertura respalda la diversidad estil\u00edstica y la transmuta en una impronta \u00fanica.<\/p>\n","protected":false},"excerpt":{"rendered":"<p>180 GR.<br \/>FUNDA GATEFOLD<br \/>PRENSADO LIMITADO A 300 COPIAS <\/p>\n<p>\u00a0<\/p>\n<p> Similar a: Celeste, Locanda delle Fate, Quella Vecchica Locanda, Arco Iris, Pac\u00edfico,<a class=\"read\" href=\"https:\/\/wpguerssen-test.odoo.rgbconsulting.com\/es\/producto\/apertura\/\"> (...)<\/a>","protected":false},"featured_media":210913,"template":"","meta":{"_acf_changed":false},"product_brand":[],"product_cat":[23215],"product_tag":[],"class_list":{"0":"post-216046","1":"product","2":"type-product","3":"status-publish","4":"has-post-thumbnail","6":"product_cat-progressive60s-70s-es","7":"pa_artist-eternidad","8":"pa_format-lp-es","9":"pa_gender-progressive60s-70s","10":"pa_label-disques-plusquereel","11":"pa_location-south-america-caribbean-es","12":"pa_other-filters-vinyl-only-es","14":"first","15":"instock","16":"taxable","17":"shipping-taxable","18":"purchasable","19":"product-type-simple"},"acf":[],"yoast_head":"<!-- This site is optimized with the Yoast SEO plugin v24.9 - https:\/\/yoast.com\/wordpress\/plugins\/seo\/ -->\n<title>ETERNIDAD - Apertura -  (LP) | Guerssen<\/title>\n<meta name=\"description\" content=\"180 GR.GATEFOLD SLEEVESTRICTLY LIMITED PRESSING OF 300 COPIES #nl# File under (or nearby): Celeste, Locanda delle Fate, Quella Vecchica Locanda, Arco Iris, Pac\u00edfico, Horizonte, Aucan #nl# First ever official vinyl reissue, fully remastered, of this highly collectable one-off gem by the Argentinean progsters Eternidad. Originally recorded and released in 1977, around the same period as Bubu&#039;s and Alas&#039;s masterpieces, Apertura thrives with harmonious nostalgia against a blissful sonic canvas. Here, you&#039;re in for a treat in the artfully carved mellow side of prog where the sun always shines and good vibes lurk in every corner. In between dreamy folk openings and secret passages and the typical multilayered instrumental dialogues that evolve gradually into roaring and soaring heights, Apertura endorses stylistic diversity and transmutes it into a unique imprint, akin to a hybrid formation between Arco Iris (Sudamerica o el regreso a la Aurora period), Pacifico and Sui Generis, on the one hand, and Horizonte, Locanda delle Fate, Celeste, Quella Vechia Locanda, on the other. All of the above, enclosed in a picturesque gatefold cover that merges the urban semiosphere with nature in a chiasmic folding.\" \/>\n<meta name=\"robots\" content=\"index, follow, max-snippet:-1, max-image-preview:large, max-video-preview:-1\" \/>\n<link rel=\"canonical\" href=\"https:\/\/wpguerssen-test.odoo.rgbconsulting.com\/es\/producto\/apertura\/\" \/>\n<meta property=\"og:locale\" content=\"es_ES\" \/>\n<meta property=\"og:type\" content=\"article\" \/>\n<meta property=\"og:title\" content=\"ETERNIDAD - Apertura -  (LP) | Guerssen\" \/>\n<meta property=\"og:description\" content=\"180 GR.GATEFOLD SLEEVESTRICTLY LIMITED PRESSING OF 300 COPIES #nl# File under (or nearby): Celeste, Locanda delle Fate, Quella Vecchica Locanda, Arco Iris, Pac\u00edfico, Horizonte, Aucan #nl# First ever official vinyl reissue, fully remastered, of this highly collectable one-off gem by the Argentinean progsters Eternidad. Originally recorded and released in 1977, around the same period as Bubu&#039;s and Alas&#039;s masterpieces, Apertura thrives with harmonious nostalgia against a blissful sonic canvas. Here, you&#039;re in for a treat in the artfully carved mellow side of prog where the sun always shines and good vibes lurk in every corner. In between dreamy folk openings and secret passages and the typical multilayered instrumental dialogues that evolve gradually into roaring and soaring heights, Apertura endorses stylistic diversity and transmutes it into a unique imprint, akin to a hybrid formation between Arco Iris (Sudamerica o el regreso a la Aurora period), Pacifico and Sui Generis, on the one hand, and Horizonte, Locanda delle Fate, Celeste, Quella Vechia Locanda, on the other. All of the above, enclosed in a picturesque gatefold cover that merges the urban semiosphere with nature in a chiasmic folding.\" \/>\n<meta property=\"og:url\" content=\"https:\/\/wpguerssen-test.odoo.rgbconsulting.com\/es\/producto\/apertura\/\" \/>\n<meta property=\"og:site_name\" content=\"Guerssen records\" \/>\n<meta property=\"article:modified_time\" content=\"2025-02-05T16:10:57+00:00\" \/>\n<meta property=\"og:image\" content=\"https:\/\/wpguerssen-test.odoo.rgbconsulting.com\/wp-content\/uploads\/2022\/05\/41079.jpg\" \/>\n\t<meta property=\"og:image:width\" content=\"302\" \/>\n\t<meta property=\"og:image:height\" content=\"312\" \/>\n\t<meta property=\"og:image:type\" content=\"image\/jpeg\" \/>\n<meta name=\"twitter:card\" content=\"summary_large_image\" \/>\n<meta name=\"twitter:title\" content=\"ETERNIDAD - Apertura -  (LP) | Guerssen\" \/>\n<script type=\"application\/ld+json\" class=\"yoast-schema-graph\">{\"@context\":\"https:\/\/schema.org\",\"@graph\":[{\"@type\":\"WebPage\",\"@id\":\"https:\/\/wpguerssen-test.odoo.rgbconsulting.com\/es\/producto\/apertura\/\",\"url\":\"https:\/\/wpguerssen-test.odoo.rgbconsulting.com\/es\/producto\/apertura\/\",\"name\":\"ETERNIDAD - Apertura - (LP) | Guerssen\",\"isPartOf\":{\"@id\":\"https:\/\/wpguerssen-test.odoo.rgbconsulting.com\/es\/#website\"},\"primaryImageOfPage\":{\"@id\":\"https:\/\/wpguerssen-test.odoo.rgbconsulting.com\/es\/producto\/apertura\/#primaryimage\"},\"image\":{\"@id\":\"https:\/\/wpguerssen-test.odoo.rgbconsulting.com\/es\/producto\/apertura\/#primaryimage\"},\"thumbnailUrl\":\"https:\/\/wpguerssen-test.odoo.rgbconsulting.com\/wp-content\/uploads\/2022\/05\/41079.jpg\",\"datePublished\":\"2022-06-27T22:00:00+00:00\",\"dateModified\":\"2025-02-05T16:10:57+00:00\",\"description\":\"180 GR.GATEFOLD SLEEVESTRICTLY LIMITED PRESSING OF 300 COPIES #nl# File under (or nearby): Celeste, Locanda delle Fate, Quella Vecchica Locanda, Arco Iris, Pac\u00edfico, Horizonte, Aucan #nl# First ever official vinyl reissue, fully remastered, of this highly collectable one-off gem by the Argentinean progsters Eternidad. Originally recorded and released in 1977, around the same period as Bubu's and Alas's masterpieces, Apertura thrives with harmonious nostalgia against a blissful sonic canvas. Here, you're in for a treat in the artfully carved mellow side of prog where the sun always shines and good vibes lurk in every corner. In between dreamy folk openings and secret passages and the typical multilayered instrumental dialogues that evolve gradually into roaring and soaring heights, Apertura endorses stylistic diversity and transmutes it into a unique imprint, akin to a hybrid formation between Arco Iris (Sudamerica o el regreso a la Aurora period), Pacifico and Sui Generis, on the one hand, and Horizonte, Locanda delle Fate, Celeste, Quella Vechia Locanda, on the other. All of the above, enclosed in a picturesque gatefold cover that merges the urban semiosphere with nature in a chiasmic folding.\",\"breadcrumb\":{\"@id\":\"https:\/\/wpguerssen-test.odoo.rgbconsulting.com\/es\/producto\/apertura\/#breadcrumb\"},\"inLanguage\":\"es\",\"potentialAction\":[{\"@type\":\"ReadAction\",\"target\":[\"https:\/\/wpguerssen-test.odoo.rgbconsulting.com\/es\/producto\/apertura\/\"]}]},{\"@type\":\"ImageObject\",\"inLanguage\":\"es\",\"@id\":\"https:\/\/wpguerssen-test.odoo.rgbconsulting.com\/es\/producto\/apertura\/#primaryimage\",\"url\":\"https:\/\/wpguerssen-test.odoo.rgbconsulting.com\/wp-content\/uploads\/2022\/05\/41079.jpg\",\"contentUrl\":\"https:\/\/wpguerssen-test.odoo.rgbconsulting.com\/wp-content\/uploads\/2022\/05\/41079.jpg\",\"width\":302,\"height\":312,\"caption\":\"ETERNIDAD - Apertura - DISQUES PLUSQUER\u00c9EL (LP) | Guerssen\"},{\"@type\":\"BreadcrumbList\",\"@id\":\"https:\/\/wpguerssen-test.odoo.rgbconsulting.com\/es\/producto\/apertura\/#breadcrumb\",\"itemListElement\":[{\"@type\":\"ListItem\",\"position\":1,\"name\":\"Inicio\",\"item\":\"https:\/\/wpguerssen-test.odoo.rgbconsulting.com\/es\/\"},{\"@type\":\"ListItem\",\"position\":2,\"name\":\"Shop\",\"item\":\"https:\/\/wpguerssen-test.odoo.rgbconsulting.com\/shop\/\"},{\"@type\":\"ListItem\",\"position\":3,\"name\":\"Apertura\"}]},{\"@type\":\"WebSite\",\"@id\":\"https:\/\/wpguerssen-test.odoo.rgbconsulting.com\/es\/#website\",\"url\":\"https:\/\/wpguerssen-test.odoo.rgbconsulting.com\/es\/\",\"name\":\"Guerssen records\",\"description\":\"psychedelia - progressive - folk - garage \",\"publisher\":{\"@id\":\"https:\/\/wpguerssen-test.odoo.rgbconsulting.com\/es\/#organization\"},\"potentialAction\":[{\"@type\":\"SearchAction\",\"target\":{\"@type\":\"EntryPoint\",\"urlTemplate\":\"https:\/\/wpguerssen-test.odoo.rgbconsulting.com\/es\/?s={search_term_string}\"},\"query-input\":{\"@type\":\"PropertyValueSpecification\",\"valueRequired\":true,\"valueName\":\"search_term_string\"}}],\"inLanguage\":\"es\"},{\"@type\":\"Organization\",\"@id\":\"https:\/\/wpguerssen-test.odoo.rgbconsulting.com\/es\/#organization\",\"name\":\"Guerssen records\",\"url\":\"https:\/\/wpguerssen-test.odoo.rgbconsulting.com\/es\/\",\"logo\":{\"@type\":\"ImageObject\",\"inLanguage\":\"es\",\"@id\":\"https:\/\/wpguerssen-test.odoo.rgbconsulting.com\/es\/#\/schema\/logo\/image\/\",\"url\":\"https:\/\/wpguerssen-test.odoo.rgbconsulting.com\/wp-content\/uploads\/2022\/04\/Logo_Guerssen_trans_100.png\",\"contentUrl\":\"https:\/\/wpguerssen-test.odoo.rgbconsulting.com\/wp-content\/uploads\/2022\/04\/Logo_Guerssen_trans_100.png\",\"width\":122,\"height\":100,\"caption\":\"Guerssen records\"},\"image\":{\"@id\":\"https:\/\/wpguerssen-test.odoo.rgbconsulting.com\/es\/#\/schema\/logo\/image\/\"}}]}<\/script>\n<!-- \/ Yoast SEO plugin. -->","yoast_head_json":{"title":"ETERNIDAD - Apertura -  (LP) | Guerssen","description":"180 GR.GATEFOLD SLEEVESTRICTLY LIMITED PRESSING OF 300 COPIES #nl# File under (or nearby): Celeste, Locanda delle Fate, Quella Vecchica Locanda, Arco Iris, Pac\u00edfico, Horizonte, Aucan #nl# First ever official vinyl reissue, fully remastered, of this highly collectable one-off gem by the Argentinean progsters Eternidad. Originally recorded and released in 1977, around the same period as Bubu's and Alas's masterpieces, Apertura thrives with harmonious nostalgia against a blissful sonic canvas. Here, you're in for a treat in the artfully carved mellow side of prog where the sun always shines and good vibes lurk in every corner. In between dreamy folk openings and secret passages and the typical multilayered instrumental dialogues that evolve gradually into roaring and soaring heights, Apertura endorses stylistic diversity and transmutes it into a unique imprint, akin to a hybrid formation between Arco Iris (Sudamerica o el regreso a la Aurora period), Pacifico and Sui Generis, on the one hand, and Horizonte, Locanda delle Fate, Celeste, Quella Vechia Locanda, on the other. All of the above, enclosed in a picturesque gatefold cover that merges the urban semiosphere with nature in a chiasmic folding.","robots":{"index":"index","follow":"follow","max-snippet":"max-snippet:-1","max-image-preview":"max-image-preview:large","max-video-preview":"max-video-preview:-1"},"canonical":"https:\/\/wpguerssen-test.odoo.rgbconsulting.com\/es\/producto\/apertura\/","og_locale":"es_ES","og_type":"article","og_title":"ETERNIDAD - Apertura -  (LP) | Guerssen","og_description":"180 GR.GATEFOLD SLEEVESTRICTLY LIMITED PRESSING OF 300 COPIES #nl# File under (or nearby): Celeste, Locanda delle Fate, Quella Vecchica Locanda, Arco Iris, Pac\u00edfico, Horizonte, Aucan #nl# First ever official vinyl reissue, fully remastered, of this highly collectable one-off gem by the Argentinean progsters Eternidad. Originally recorded and released in 1977, around the same period as Bubu's and Alas's masterpieces, Apertura thrives with harmonious nostalgia against a blissful sonic canvas. Here, you're in for a treat in the artfully carved mellow side of prog where the sun always shines and good vibes lurk in every corner. In between dreamy folk openings and secret passages and the typical multilayered instrumental dialogues that evolve gradually into roaring and soaring heights, Apertura endorses stylistic diversity and transmutes it into a unique imprint, akin to a hybrid formation between Arco Iris (Sudamerica o el regreso a la Aurora period), Pacifico and Sui Generis, on the one hand, and Horizonte, Locanda delle Fate, Celeste, Quella Vechia Locanda, on the other. All of the above, enclosed in a picturesque gatefold cover that merges the urban semiosphere with nature in a chiasmic folding.","og_url":"https:\/\/wpguerssen-test.odoo.rgbconsulting.com\/es\/producto\/apertura\/","og_site_name":"Guerssen records","article_modified_time":"2025-02-05T16:10:57+00:00","og_image":[{"width":302,"height":312,"url":"https:\/\/wpguerssen-test.odoo.rgbconsulting.com\/wp-content\/uploads\/2022\/05\/41079.jpg","type":"image\/jpeg"}],"twitter_card":"summary_large_image","twitter_title":"ETERNIDAD - Apertura -  (LP) | Guerssen","schema":{"@context":"https:\/\/schema.org","@graph":[{"@type":"WebPage","@id":"https:\/\/wpguerssen-test.odoo.rgbconsulting.com\/es\/producto\/apertura\/","url":"https:\/\/wpguerssen-test.odoo.rgbconsulting.com\/es\/producto\/apertura\/","name":"ETERNIDAD - Apertura - (LP) | Guerssen","isPartOf":{"@id":"https:\/\/wpguerssen-test.odoo.rgbconsulting.com\/es\/#website"},"primaryImageOfPage":{"@id":"https:\/\/wpguerssen-test.odoo.rgbconsulting.com\/es\/producto\/apertura\/#primaryimage"},"image":{"@id":"https:\/\/wpguerssen-test.odoo.rgbconsulting.com\/es\/producto\/apertura\/#primaryimage"},"thumbnailUrl":"https:\/\/wpguerssen-test.odoo.rgbconsulting.com\/wp-content\/uploads\/2022\/05\/41079.jpg","datePublished":"2022-06-27T22:00:00+00:00","dateModified":"2025-02-05T16:10:57+00:00","description":"180 GR.GATEFOLD SLEEVESTRICTLY LIMITED PRESSING OF 300 COPIES #nl# File under (or nearby): Celeste, Locanda delle Fate, Quella Vecchica Locanda, Arco Iris, Pac\u00edfico, Horizonte, Aucan #nl# First ever official vinyl reissue, fully remastered, of this highly collectable one-off gem by the Argentinean progsters Eternidad. Originally recorded and released in 1977, around the same period as Bubu's and Alas's masterpieces, Apertura thrives with harmonious nostalgia against a blissful sonic canvas. Here, you're in for a treat in the artfully carved mellow side of prog where the sun always shines and good vibes lurk in every corner. In between dreamy folk openings and secret passages and the typical multilayered instrumental dialogues that evolve gradually into roaring and soaring heights, Apertura endorses stylistic diversity and transmutes it into a unique imprint, akin to a hybrid formation between Arco Iris (Sudamerica o el regreso a la Aurora period), Pacifico and Sui Generis, on the one hand, and Horizonte, Locanda delle Fate, Celeste, Quella Vechia Locanda, on the other. All of the above, enclosed in a picturesque gatefold cover that merges the urban semiosphere with nature in a chiasmic folding.","breadcrumb":{"@id":"https:\/\/wpguerssen-test.odoo.rgbconsulting.com\/es\/producto\/apertura\/#breadcrumb"},"inLanguage":"es","potentialAction":[{"@type":"ReadAction","target":["https:\/\/wpguerssen-test.odoo.rgbconsulting.com\/es\/producto\/apertura\/"]}]},{"@type":"ImageObject","inLanguage":"es","@id":"https:\/\/wpguerssen-test.odoo.rgbconsulting.com\/es\/producto\/apertura\/#primaryimage","url":"https:\/\/wpguerssen-test.odoo.rgbconsulting.com\/wp-content\/uploads\/2022\/05\/41079.jpg","contentUrl":"https:\/\/wpguerssen-test.odoo.rgbconsulting.com\/wp-content\/uploads\/2022\/05\/41079.jpg","width":302,"height":312,"caption":"ETERNIDAD - Apertura - DISQUES PLUSQUER\u00c9EL (LP) | Guerssen"},{"@type":"BreadcrumbList","@id":"https:\/\/wpguerssen-test.odoo.rgbconsulting.com\/es\/producto\/apertura\/#breadcrumb","itemListElement":[{"@type":"ListItem","position":1,"name":"Inicio","item":"https:\/\/wpguerssen-test.odoo.rgbconsulting.com\/es\/"},{"@type":"ListItem","position":2,"name":"Shop","item":"https:\/\/wpguerssen-test.odoo.rgbconsulting.com\/shop\/"},{"@type":"ListItem","position":3,"name":"Apertura"}]},{"@type":"WebSite","@id":"https:\/\/wpguerssen-test.odoo.rgbconsulting.com\/es\/#website","url":"https:\/\/wpguerssen-test.odoo.rgbconsulting.com\/es\/","name":"Guerssen records","description":"psychedelia - progressive - folk - garage ","publisher":{"@id":"https:\/\/wpguerssen-test.odoo.rgbconsulting.com\/es\/#organization"},"potentialAction":[{"@type":"SearchAction","target":{"@type":"EntryPoint","urlTemplate":"https:\/\/wpguerssen-test.odoo.rgbconsulting.com\/es\/?s={search_term_string}"},"query-input":{"@type":"PropertyValueSpecification","valueRequired":true,"valueName":"search_term_string"}}],"inLanguage":"es"},{"@type":"Organization","@id":"https:\/\/wpguerssen-test.odoo.rgbconsulting.com\/es\/#organization","name":"Guerssen records","url":"https:\/\/wpguerssen-test.odoo.rgbconsulting.com\/es\/","logo":{"@type":"ImageObject","inLanguage":"es","@id":"https:\/\/wpguerssen-test.odoo.rgbconsulting.com\/es\/#\/schema\/logo\/image\/","url":"https:\/\/wpguerssen-test.odoo.rgbconsulting.com\/wp-content\/uploads\/2022\/04\/Logo_Guerssen_trans_100.png","contentUrl":"https:\/\/wpguerssen-test.odoo.rgbconsulting.com\/wp-content\/uploads\/2022\/04\/Logo_Guerssen_trans_100.png","width":122,"height":100,"caption":"Guerssen records"},"image":{"@id":"https:\/\/wpguerssen-test.odoo.rgbconsulting.com\/es\/#\/schema\/logo\/image\/"}}]}},"_links":{"self":[{"href":"https:\/\/wpguerssen-test.odoo.rgbconsulting.com\/es\/wp-json\/wp\/v2\/product\/216046","targetHints":{"allow":["GET"]}}],"collection":[{"href":"https:\/\/wpguerssen-test.odoo.rgbconsulting.com\/es\/wp-json\/wp\/v2\/product"}],"about":[{"href":"https:\/\/wpguerssen-test.odoo.rgbconsulting.com\/es\/wp-json\/wp\/v2\/types\/product"}],"wp:featuredmedia":[{"embeddable":true,"href":"https:\/\/wpguerssen-test.odoo.rgbconsulting.com\/es\/wp-json\/wp\/v2\/media\/210913"}],"wp:attachment":[{"href":"https:\/\/wpguerssen-test.odoo.rgbconsulting.com\/es\/wp-json\/wp\/v2\/media?parent=216046"}],"wp:term":[{"taxonomy":"product_brand","embeddable":true,"href":"https:\/\/wpguerssen-test.odoo.rgbconsulting.com\/es\/wp-json\/wp\/v2\/product_brand?post=216046"},{"taxonomy":"product_cat","embeddable":true,"href":"https:\/\/wpguerssen-test.odoo.rgbconsulting.com\/es\/wp-json\/wp\/v2\/product_cat?post=216046"},{"taxonomy":"product_tag","embeddable":true,"href":"https:\/\/wpguerssen-test.odoo.rgbconsulting.com\/es\/wp-json\/wp\/v2\/product_tag?post=216046"}],"curies":[{"name":"wp","href":"https:\/\/api.w.org\/{rel}","templated":true}]}}