{"id":216047,"date":"2025-04-01T00:00:00","date_gmt":"2025-03-31T22:00:00","guid":{"rendered":"https:\/\/wpguerssen-test.odoo.rgbconsulting.com\/product\/samba-esquema-novo-clear-vinyl\/"},"modified":"2025-04-23T17:21:07","modified_gmt":"2025-04-23T15:21:07","slug":"samba-esquema-novo-clear-vinyl","status":"publish","type":"product","link":"https:\/\/wpguerssen-test.odoo.rgbconsulting.com\/es\/producto\/samba-esquema-novo-clear-vinyl\/","title":{"rendered":"Samba Esquema Novo (Clear vinyl)"},"content":{"rendered":"<p>Lanzado por primera vez en 1963 por Phillips Records, este fue el \u00e1lbum debut de Jorge Ben. \u00abSamba Esquema Novo\u00bb, que se traduce como &#8216;New Style Samba&#8217; establece deliberadamente un nuevo est\u00e1ndar en la m\u00fasica brasile\u00f1a. En 2007, fue catalogado por la revista Rolling Stone Brasil como uno de los 100 mejores \u00e1lbumes brasile\u00f1os de la historia, este es el \u00e1lbum que contiene la primera versi\u00f3n original de &#8216;Mas Que Nada&#8217;, uno de las canciones m\u00e1s populares del mundo! No lo dejes escapar!<\/p>\n","protected":false},"excerpt":{"rendered":"<p>Lanzado por primera vez en 1963 por Phillips Records, este fue el \u00e1lbum debut de Jorge Ben. \u00abSamba Esquema Novo\u00bb, que se traduce como &#8216;New Style Samba&#8217;<a class=\"read\" href=\"https:\/\/wpguerssen-test.odoo.rgbconsulting.com\/es\/producto\/samba-esquema-novo-clear-vinyl\/\"> (...)<\/a>","protected":false},"featured_media":210916,"template":"","meta":{"_acf_changed":false},"product_brand":[],"product_cat":[23231],"product_tag":[29140,24185],"class_list":{"0":"post-216047","1":"product","2":"type-product","3":"status-publish","4":"has-post-thumbnail","6":"product_cat-latin-brazilian-es","7":"product_tag-color-vinyl-es","8":"product_tag-de-nuevo-en-existencia","9":"pa_artist-ben-jorge-es","10":"pa_format-lp-es","11":"pa_gender-latin-brazilian","12":"pa_label-sowing-records","13":"pa_location-south-america-caribbean-es","14":"pa_other-filters-vinyl-only-es","16":"first","17":"instock","18":"taxable","19":"shipping-taxable","20":"purchasable","21":"product-type-simple"},"acf":[],"yoast_head":"<!-- This site is optimized with the Yoast SEO plugin v24.9 - https:\/\/yoast.com\/wordpress\/plugins\/seo\/ -->\n<title>BEN, Jorge - Samba Esquema Novo (Clear vinyl) -  (LP) | Guerssen<\/title>\n<meta name=\"description\" content=\"First released in 1963 on Phillips Records, this was Jorge Ben&#039;s debut album. &quot;Samba Esquema Novo&quot;, which translates to &#039;New Style Samba&#039; deliberately sets a new standard in Brazilian music. A beautiful, fresh and vital combination of Ben&#039;s percussive guitar and smooth\/rough voice backed by Big Band style horns, percussion (the great Dom Um Romao) and strings. In 2007, it was listed by Rolling Stone Brazil as one of the 100 best Brazilian albums in history, but It would be enough to remind you that this is the album containing the first original version of &quot;Mas Que Nada&#039; one of the most popular songs in the world!\" \/>\n<meta name=\"robots\" content=\"index, follow, max-snippet:-1, max-image-preview:large, max-video-preview:-1\" \/>\n<link rel=\"canonical\" href=\"https:\/\/wpguerssen-test.odoo.rgbconsulting.com\/es\/producto\/samba-esquema-novo-clear-vinyl\/\" \/>\n<meta property=\"og:locale\" content=\"es_ES\" \/>\n<meta property=\"og:type\" content=\"article\" \/>\n<meta property=\"og:title\" content=\"BEN, Jorge - Samba Esquema Novo (Clear vinyl) -  (LP) | Guerssen\" \/>\n<meta property=\"og:description\" content=\"First released in 1963 on Phillips Records, this was Jorge Ben&#039;s debut album. &quot;Samba Esquema Novo&quot;, which translates to &#039;New Style Samba&#039; deliberately sets a new standard in Brazilian music. A beautiful, fresh and vital combination of Ben&#039;s percussive guitar and smooth\/rough voice backed by Big Band style horns, percussion (the great Dom Um Romao) and strings. In 2007, it was listed by Rolling Stone Brazil as one of the 100 best Brazilian albums in history, but It would be enough to remind you that this is the album containing the first original version of &quot;Mas Que Nada&#039; one of the most popular songs in the world!\" \/>\n<meta property=\"og:url\" content=\"https:\/\/wpguerssen-test.odoo.rgbconsulting.com\/es\/producto\/samba-esquema-novo-clear-vinyl\/\" \/>\n<meta property=\"og:site_name\" content=\"Guerssen records\" \/>\n<meta property=\"article:modified_time\" content=\"2025-04-23T15:21:07+00:00\" \/>\n<meta property=\"og:image\" content=\"https:\/\/wpguerssen-test.odoo.rgbconsulting.com\/wp-content\/uploads\/2022\/05\/41080.jpg\" \/>\n\t<meta property=\"og:image:width\" content=\"302\" \/>\n\t<meta property=\"og:image:height\" content=\"302\" \/>\n\t<meta property=\"og:image:type\" content=\"image\/jpeg\" \/>\n<meta name=\"twitter:card\" content=\"summary_large_image\" \/>\n<meta name=\"twitter:title\" content=\"BEN, Jorge - Samba Esquema Novo (Clear vinyl) -  (LP) | Guerssen\" \/>\n<script type=\"application\/ld+json\" class=\"yoast-schema-graph\">{\"@context\":\"https:\/\/schema.org\",\"@graph\":[{\"@type\":\"WebPage\",\"@id\":\"https:\/\/wpguerssen-test.odoo.rgbconsulting.com\/es\/producto\/samba-esquema-novo-clear-vinyl\/\",\"url\":\"https:\/\/wpguerssen-test.odoo.rgbconsulting.com\/es\/producto\/samba-esquema-novo-clear-vinyl\/\",\"name\":\"BEN, Jorge - Samba Esquema Novo (Clear vinyl) - (LP) | Guerssen\",\"isPartOf\":{\"@id\":\"https:\/\/wpguerssen-test.odoo.rgbconsulting.com\/es\/#website\"},\"primaryImageOfPage\":{\"@id\":\"https:\/\/wpguerssen-test.odoo.rgbconsulting.com\/es\/producto\/samba-esquema-novo-clear-vinyl\/#primaryimage\"},\"image\":{\"@id\":\"https:\/\/wpguerssen-test.odoo.rgbconsulting.com\/es\/producto\/samba-esquema-novo-clear-vinyl\/#primaryimage\"},\"thumbnailUrl\":\"https:\/\/wpguerssen-test.odoo.rgbconsulting.com\/wp-content\/uploads\/2022\/05\/41080.jpg\",\"datePublished\":\"2025-03-31T22:00:00+00:00\",\"dateModified\":\"2025-04-23T15:21:07+00:00\",\"description\":\"First released in 1963 on Phillips Records, this was Jorge Ben's debut album. \\\"Samba Esquema Novo\\\", which translates to 'New Style Samba' deliberately sets a new standard in Brazilian music. A beautiful, fresh and vital combination of Ben's percussive guitar and smooth\/rough voice backed by Big Band style horns, percussion (the great Dom Um Romao) and strings. In 2007, it was listed by Rolling Stone Brazil as one of the 100 best Brazilian albums in history, but It would be enough to remind you that this is the album containing the first original version of \\\"Mas Que Nada' one of the most popular songs in the world!\",\"breadcrumb\":{\"@id\":\"https:\/\/wpguerssen-test.odoo.rgbconsulting.com\/es\/producto\/samba-esquema-novo-clear-vinyl\/#breadcrumb\"},\"inLanguage\":\"es\",\"potentialAction\":[{\"@type\":\"ReadAction\",\"target\":[\"https:\/\/wpguerssen-test.odoo.rgbconsulting.com\/es\/producto\/samba-esquema-novo-clear-vinyl\/\"]}]},{\"@type\":\"ImageObject\",\"inLanguage\":\"es\",\"@id\":\"https:\/\/wpguerssen-test.odoo.rgbconsulting.com\/es\/producto\/samba-esquema-novo-clear-vinyl\/#primaryimage\",\"url\":\"https:\/\/wpguerssen-test.odoo.rgbconsulting.com\/wp-content\/uploads\/2022\/05\/41080.jpg\",\"contentUrl\":\"https:\/\/wpguerssen-test.odoo.rgbconsulting.com\/wp-content\/uploads\/2022\/05\/41080.jpg\",\"width\":302,\"height\":302,\"caption\":\"Jorge - Samba Esquema Novo (Clear vinyl) - SOWING RECORDS (LP) | Guerssen\"},{\"@type\":\"BreadcrumbList\",\"@id\":\"https:\/\/wpguerssen-test.odoo.rgbconsulting.com\/es\/producto\/samba-esquema-novo-clear-vinyl\/#breadcrumb\",\"itemListElement\":[{\"@type\":\"ListItem\",\"position\":1,\"name\":\"Inicio\",\"item\":\"https:\/\/wpguerssen-test.odoo.rgbconsulting.com\/es\/\"},{\"@type\":\"ListItem\",\"position\":2,\"name\":\"Shop\",\"item\":\"https:\/\/wpguerssen-test.odoo.rgbconsulting.com\/shop\/\"},{\"@type\":\"ListItem\",\"position\":3,\"name\":\"Samba Esquema Novo (Clear vinyl)\"}]},{\"@type\":\"WebSite\",\"@id\":\"https:\/\/wpguerssen-test.odoo.rgbconsulting.com\/es\/#website\",\"url\":\"https:\/\/wpguerssen-test.odoo.rgbconsulting.com\/es\/\",\"name\":\"Guerssen records\",\"description\":\"psychedelia - progressive - folk - garage \",\"publisher\":{\"@id\":\"https:\/\/wpguerssen-test.odoo.rgbconsulting.com\/es\/#organization\"},\"potentialAction\":[{\"@type\":\"SearchAction\",\"target\":{\"@type\":\"EntryPoint\",\"urlTemplate\":\"https:\/\/wpguerssen-test.odoo.rgbconsulting.com\/es\/?s={search_term_string}\"},\"query-input\":{\"@type\":\"PropertyValueSpecification\",\"valueRequired\":true,\"valueName\":\"search_term_string\"}}],\"inLanguage\":\"es\"},{\"@type\":\"Organization\",\"@id\":\"https:\/\/wpguerssen-test.odoo.rgbconsulting.com\/es\/#organization\",\"name\":\"Guerssen records\",\"url\":\"https:\/\/wpguerssen-test.odoo.rgbconsulting.com\/es\/\",\"logo\":{\"@type\":\"ImageObject\",\"inLanguage\":\"es\",\"@id\":\"https:\/\/wpguerssen-test.odoo.rgbconsulting.com\/es\/#\/schema\/logo\/image\/\",\"url\":\"https:\/\/wpguerssen-test.odoo.rgbconsulting.com\/wp-content\/uploads\/2022\/04\/Logo_Guerssen_trans_100.png\",\"contentUrl\":\"https:\/\/wpguerssen-test.odoo.rgbconsulting.com\/wp-content\/uploads\/2022\/04\/Logo_Guerssen_trans_100.png\",\"width\":122,\"height\":100,\"caption\":\"Guerssen records\"},\"image\":{\"@id\":\"https:\/\/wpguerssen-test.odoo.rgbconsulting.com\/es\/#\/schema\/logo\/image\/\"}}]}<\/script>\n<!-- \/ Yoast SEO plugin. -->","yoast_head_json":{"title":"BEN, Jorge - Samba Esquema Novo (Clear vinyl) -  (LP) | Guerssen","description":"First released in 1963 on Phillips Records, this was Jorge Ben's debut album. \"Samba Esquema Novo\", which translates to 'New Style Samba' deliberately sets a new standard in Brazilian music. A beautiful, fresh and vital combination of Ben's percussive guitar and smooth\/rough voice backed by Big Band style horns, percussion (the great Dom Um Romao) and strings. In 2007, it was listed by Rolling Stone Brazil as one of the 100 best Brazilian albums in history, but It would be enough to remind you that this is the album containing the first original version of \"Mas Que Nada' one of the most popular songs in the world!","robots":{"index":"index","follow":"follow","max-snippet":"max-snippet:-1","max-image-preview":"max-image-preview:large","max-video-preview":"max-video-preview:-1"},"canonical":"https:\/\/wpguerssen-test.odoo.rgbconsulting.com\/es\/producto\/samba-esquema-novo-clear-vinyl\/","og_locale":"es_ES","og_type":"article","og_title":"BEN, Jorge - Samba Esquema Novo (Clear vinyl) -  (LP) | Guerssen","og_description":"First released in 1963 on Phillips Records, this was Jorge Ben's debut album. \"Samba Esquema Novo\", which translates to 'New Style Samba' deliberately sets a new standard in Brazilian music. A beautiful, fresh and vital combination of Ben's percussive guitar and smooth\/rough voice backed by Big Band style horns, percussion (the great Dom Um Romao) and strings. In 2007, it was listed by Rolling Stone Brazil as one of the 100 best Brazilian albums in history, but It would be enough to remind you that this is the album containing the first original version of \"Mas Que Nada' one of the most popular songs in the world!","og_url":"https:\/\/wpguerssen-test.odoo.rgbconsulting.com\/es\/producto\/samba-esquema-novo-clear-vinyl\/","og_site_name":"Guerssen records","article_modified_time":"2025-04-23T15:21:07+00:00","og_image":[{"width":302,"height":302,"url":"https:\/\/wpguerssen-test.odoo.rgbconsulting.com\/wp-content\/uploads\/2022\/05\/41080.jpg","type":"image\/jpeg"}],"twitter_card":"summary_large_image","twitter_title":"BEN, Jorge - Samba Esquema Novo (Clear vinyl) -  (LP) | Guerssen","schema":{"@context":"https:\/\/schema.org","@graph":[{"@type":"WebPage","@id":"https:\/\/wpguerssen-test.odoo.rgbconsulting.com\/es\/producto\/samba-esquema-novo-clear-vinyl\/","url":"https:\/\/wpguerssen-test.odoo.rgbconsulting.com\/es\/producto\/samba-esquema-novo-clear-vinyl\/","name":"BEN, Jorge - Samba Esquema Novo (Clear vinyl) - (LP) | Guerssen","isPartOf":{"@id":"https:\/\/wpguerssen-test.odoo.rgbconsulting.com\/es\/#website"},"primaryImageOfPage":{"@id":"https:\/\/wpguerssen-test.odoo.rgbconsulting.com\/es\/producto\/samba-esquema-novo-clear-vinyl\/#primaryimage"},"image":{"@id":"https:\/\/wpguerssen-test.odoo.rgbconsulting.com\/es\/producto\/samba-esquema-novo-clear-vinyl\/#primaryimage"},"thumbnailUrl":"https:\/\/wpguerssen-test.odoo.rgbconsulting.com\/wp-content\/uploads\/2022\/05\/41080.jpg","datePublished":"2025-03-31T22:00:00+00:00","dateModified":"2025-04-23T15:21:07+00:00","description":"First released in 1963 on Phillips Records, this was Jorge Ben's debut album. \"Samba Esquema Novo\", which translates to 'New Style Samba' deliberately sets a new standard in Brazilian music. A beautiful, fresh and vital combination of Ben's percussive guitar and smooth\/rough voice backed by Big Band style horns, percussion (the great Dom Um Romao) and strings. In 2007, it was listed by Rolling Stone Brazil as one of the 100 best Brazilian albums in history, but It would be enough to remind you that this is the album containing the first original version of \"Mas Que Nada' one of the most popular songs in the world!","breadcrumb":{"@id":"https:\/\/wpguerssen-test.odoo.rgbconsulting.com\/es\/producto\/samba-esquema-novo-clear-vinyl\/#breadcrumb"},"inLanguage":"es","potentialAction":[{"@type":"ReadAction","target":["https:\/\/wpguerssen-test.odoo.rgbconsulting.com\/es\/producto\/samba-esquema-novo-clear-vinyl\/"]}]},{"@type":"ImageObject","inLanguage":"es","@id":"https:\/\/wpguerssen-test.odoo.rgbconsulting.com\/es\/producto\/samba-esquema-novo-clear-vinyl\/#primaryimage","url":"https:\/\/wpguerssen-test.odoo.rgbconsulting.com\/wp-content\/uploads\/2022\/05\/41080.jpg","contentUrl":"https:\/\/wpguerssen-test.odoo.rgbconsulting.com\/wp-content\/uploads\/2022\/05\/41080.jpg","width":302,"height":302,"caption":"Jorge - Samba Esquema Novo (Clear vinyl) - SOWING RECORDS (LP) | Guerssen"},{"@type":"BreadcrumbList","@id":"https:\/\/wpguerssen-test.odoo.rgbconsulting.com\/es\/producto\/samba-esquema-novo-clear-vinyl\/#breadcrumb","itemListElement":[{"@type":"ListItem","position":1,"name":"Inicio","item":"https:\/\/wpguerssen-test.odoo.rgbconsulting.com\/es\/"},{"@type":"ListItem","position":2,"name":"Shop","item":"https:\/\/wpguerssen-test.odoo.rgbconsulting.com\/shop\/"},{"@type":"ListItem","position":3,"name":"Samba Esquema Novo (Clear vinyl)"}]},{"@type":"WebSite","@id":"https:\/\/wpguerssen-test.odoo.rgbconsulting.com\/es\/#website","url":"https:\/\/wpguerssen-test.odoo.rgbconsulting.com\/es\/","name":"Guerssen records","description":"psychedelia - progressive - folk - garage ","publisher":{"@id":"https:\/\/wpguerssen-test.odoo.rgbconsulting.com\/es\/#organization"},"potentialAction":[{"@type":"SearchAction","target":{"@type":"EntryPoint","urlTemplate":"https:\/\/wpguerssen-test.odoo.rgbconsulting.com\/es\/?s={search_term_string}"},"query-input":{"@type":"PropertyValueSpecification","valueRequired":true,"valueName":"search_term_string"}}],"inLanguage":"es"},{"@type":"Organization","@id":"https:\/\/wpguerssen-test.odoo.rgbconsulting.com\/es\/#organization","name":"Guerssen records","url":"https:\/\/wpguerssen-test.odoo.rgbconsulting.com\/es\/","logo":{"@type":"ImageObject","inLanguage":"es","@id":"https:\/\/wpguerssen-test.odoo.rgbconsulting.com\/es\/#\/schema\/logo\/image\/","url":"https:\/\/wpguerssen-test.odoo.rgbconsulting.com\/wp-content\/uploads\/2022\/04\/Logo_Guerssen_trans_100.png","contentUrl":"https:\/\/wpguerssen-test.odoo.rgbconsulting.com\/wp-content\/uploads\/2022\/04\/Logo_Guerssen_trans_100.png","width":122,"height":100,"caption":"Guerssen records"},"image":{"@id":"https:\/\/wpguerssen-test.odoo.rgbconsulting.com\/es\/#\/schema\/logo\/image\/"}}]}},"_links":{"self":[{"href":"https:\/\/wpguerssen-test.odoo.rgbconsulting.com\/es\/wp-json\/wp\/v2\/product\/216047","targetHints":{"allow":["GET"]}}],"collection":[{"href":"https:\/\/wpguerssen-test.odoo.rgbconsulting.com\/es\/wp-json\/wp\/v2\/product"}],"about":[{"href":"https:\/\/wpguerssen-test.odoo.rgbconsulting.com\/es\/wp-json\/wp\/v2\/types\/product"}],"wp:featuredmedia":[{"embeddable":true,"href":"https:\/\/wpguerssen-test.odoo.rgbconsulting.com\/es\/wp-json\/wp\/v2\/media\/210916"}],"wp:attachment":[{"href":"https:\/\/wpguerssen-test.odoo.rgbconsulting.com\/es\/wp-json\/wp\/v2\/media?parent=216047"}],"wp:term":[{"taxonomy":"product_brand","embeddable":true,"href":"https:\/\/wpguerssen-test.odoo.rgbconsulting.com\/es\/wp-json\/wp\/v2\/product_brand?post=216047"},{"taxonomy":"product_cat","embeddable":true,"href":"https:\/\/wpguerssen-test.odoo.rgbconsulting.com\/es\/wp-json\/wp\/v2\/product_cat?post=216047"},{"taxonomy":"product_tag","embeddable":true,"href":"https:\/\/wpguerssen-test.odoo.rgbconsulting.com\/es\/wp-json\/wp\/v2\/product_tag?post=216047"}],"curies":[{"name":"wp","href":"https:\/\/api.w.org\/{rel}","templated":true}]}}