{"id":216059,"date":"2025-02-19T00:00:00","date_gmt":"2025-02-18T23:00:00","guid":{"rendered":"https:\/\/wpguerssen-test.odoo.rgbconsulting.com\/product\/maxophone-clear-lp\/"},"modified":"2025-02-19T17:13:40","modified_gmt":"2025-02-19T16:13:40","slug":"maxophone-clear-lp","status":"publish","type":"product","link":"https:\/\/wpguerssen-test.odoo.rgbconsulting.com\/es\/producto\/maxophone-clear-lp\/","title":{"rendered":"Maxophone (Clear LP)"},"content":{"rendered":"<p>Uno de los m\u00e1s legendarios discos de italo-prog, editado en 1975, por fin reeditado con sonido de m\u00e1sters y portada original. Sonido progresivo con influencias de Genesis, PFM, Gentle Giant&#8230;Esta es la versi\u00f3n cantada en italiano. Vinilo transparente.<\/p>\n","protected":false},"excerpt":{"rendered":"<p>Uno de los m\u00e1s legendarios discos de italo-prog, editado en 1975, por fin reeditado con sonido de m\u00e1sters y portada original. Sonido progresivo con influencias de<a class=\"read\" href=\"https:\/\/wpguerssen-test.odoo.rgbconsulting.com\/es\/producto\/maxophone-clear-lp\/\"> (...)<\/a>","protected":false},"featured_media":214351,"template":"","meta":{"_acf_changed":false},"product_brand":[],"product_cat":[23215],"product_tag":[29140,24185],"class_list":{"0":"post-216059","1":"product","2":"type-product","3":"status-publish","4":"has-post-thumbnail","6":"product_cat-progressive60s-70s-es","7":"product_tag-color-vinyl-es","8":"product_tag-de-nuevo-en-existencia","9":"pa_artist-maxophone-es","10":"pa_format-lp-es","11":"pa_gender-progressive60s-70s","12":"pa_label-ams","13":"pa_location-europe-es","14":"pa_other-filters-vinyl-only-es","16":"first","17":"instock","18":"taxable","19":"shipping-taxable","20":"purchasable","21":"product-type-simple"},"acf":[],"yoast_head":"<!-- This site is optimized with the Yoast SEO plugin v24.9 - https:\/\/yoast.com\/wordpress\/plugins\/seo\/ -->\n<title>MAXOPHONE - Maxophone (Clear LP) -  (LP) | Guerssen<\/title>\n<meta name=\"description\" content=\"Maxophone, from Milan, formed in 1973 as a six-piece with an unusual assortment of instruments, due to their past experience as music students. A band of great talents and musicianship, their only LP, released in 1975, came too late to compete with the most important Italian bands of the genre and went sadly unnoticed. #nl# Maxophone, released on the Produttori Associati label (along with Duello Madre one of the few ventures in rock records by this label) is a marvellous album, full of dreamy atmospheres and complex horn arrangements, with good vocal parts in a Genesis style and is nowadays considered as one of the best Italian prog records of all times.High quality, heavy 180g vinyl! Italian lyrics version\" \/>\n<meta name=\"robots\" content=\"index, follow, max-snippet:-1, max-image-preview:large, max-video-preview:-1\" \/>\n<link rel=\"canonical\" href=\"https:\/\/wpguerssen-test.odoo.rgbconsulting.com\/es\/producto\/maxophone-clear-lp\/\" \/>\n<meta property=\"og:locale\" content=\"es_ES\" \/>\n<meta property=\"og:type\" content=\"article\" \/>\n<meta property=\"og:title\" content=\"MAXOPHONE - Maxophone (Clear LP) -  (LP) | Guerssen\" \/>\n<meta property=\"og:description\" content=\"Maxophone, from Milan, formed in 1973 as a six-piece with an unusual assortment of instruments, due to their past experience as music students. A band of great talents and musicianship, their only LP, released in 1975, came too late to compete with the most important Italian bands of the genre and went sadly unnoticed. #nl# Maxophone, released on the Produttori Associati label (along with Duello Madre one of the few ventures in rock records by this label) is a marvellous album, full of dreamy atmospheres and complex horn arrangements, with good vocal parts in a Genesis style and is nowadays considered as one of the best Italian prog records of all times.High quality, heavy 180g vinyl! Italian lyrics version\" \/>\n<meta property=\"og:url\" content=\"https:\/\/wpguerssen-test.odoo.rgbconsulting.com\/es\/producto\/maxophone-clear-lp\/\" \/>\n<meta property=\"og:site_name\" content=\"Guerssen records\" \/>\n<meta property=\"article:modified_time\" content=\"2025-02-19T16:13:40+00:00\" \/>\n<meta property=\"og:image\" content=\"https:\/\/wpguerssen-test.odoo.rgbconsulting.com\/wp-content\/uploads\/2022\/07\/41117.jpg\" \/>\n\t<meta property=\"og:image:width\" content=\"1500\" \/>\n\t<meta property=\"og:image:height\" content=\"1500\" \/>\n\t<meta property=\"og:image:type\" content=\"image\/jpeg\" \/>\n<meta name=\"twitter:card\" content=\"summary_large_image\" \/>\n<meta name=\"twitter:title\" content=\"MAXOPHONE - Maxophone (Clear LP) -  (LP) | Guerssen\" \/>\n<script type=\"application\/ld+json\" class=\"yoast-schema-graph\">{\"@context\":\"https:\/\/schema.org\",\"@graph\":[{\"@type\":\"WebPage\",\"@id\":\"https:\/\/wpguerssen-test.odoo.rgbconsulting.com\/es\/producto\/maxophone-clear-lp\/\",\"url\":\"https:\/\/wpguerssen-test.odoo.rgbconsulting.com\/es\/producto\/maxophone-clear-lp\/\",\"name\":\"MAXOPHONE - Maxophone (Clear LP) - (LP) | Guerssen\",\"isPartOf\":{\"@id\":\"https:\/\/wpguerssen-test.odoo.rgbconsulting.com\/es\/#website\"},\"primaryImageOfPage\":{\"@id\":\"https:\/\/wpguerssen-test.odoo.rgbconsulting.com\/es\/producto\/maxophone-clear-lp\/#primaryimage\"},\"image\":{\"@id\":\"https:\/\/wpguerssen-test.odoo.rgbconsulting.com\/es\/producto\/maxophone-clear-lp\/#primaryimage\"},\"thumbnailUrl\":\"https:\/\/wpguerssen-test.odoo.rgbconsulting.com\/wp-content\/uploads\/2022\/07\/41117.jpg\",\"datePublished\":\"2025-02-18T23:00:00+00:00\",\"dateModified\":\"2025-02-19T16:13:40+00:00\",\"description\":\"Maxophone, from Milan, formed in 1973 as a six-piece with an unusual assortment of instruments, due to their past experience as music students. A band of great talents and musicianship, their only LP, released in 1975, came too late to compete with the most important Italian bands of the genre and went sadly unnoticed. #nl# Maxophone, released on the Produttori Associati label (along with Duello Madre one of the few ventures in rock records by this label) is a marvellous album, full of dreamy atmospheres and complex horn arrangements, with good vocal parts in a Genesis style and is nowadays considered as one of the best Italian prog records of all times.High quality, heavy 180g vinyl! Italian lyrics version\",\"breadcrumb\":{\"@id\":\"https:\/\/wpguerssen-test.odoo.rgbconsulting.com\/es\/producto\/maxophone-clear-lp\/#breadcrumb\"},\"inLanguage\":\"es\",\"potentialAction\":[{\"@type\":\"ReadAction\",\"target\":[\"https:\/\/wpguerssen-test.odoo.rgbconsulting.com\/es\/producto\/maxophone-clear-lp\/\"]}]},{\"@type\":\"ImageObject\",\"inLanguage\":\"es\",\"@id\":\"https:\/\/wpguerssen-test.odoo.rgbconsulting.com\/es\/producto\/maxophone-clear-lp\/#primaryimage\",\"url\":\"https:\/\/wpguerssen-test.odoo.rgbconsulting.com\/wp-content\/uploads\/2022\/07\/41117.jpg\",\"contentUrl\":\"https:\/\/wpguerssen-test.odoo.rgbconsulting.com\/wp-content\/uploads\/2022\/07\/41117.jpg\",\"width\":1500,\"height\":1500},{\"@type\":\"BreadcrumbList\",\"@id\":\"https:\/\/wpguerssen-test.odoo.rgbconsulting.com\/es\/producto\/maxophone-clear-lp\/#breadcrumb\",\"itemListElement\":[{\"@type\":\"ListItem\",\"position\":1,\"name\":\"Inicio\",\"item\":\"https:\/\/wpguerssen-test.odoo.rgbconsulting.com\/es\/\"},{\"@type\":\"ListItem\",\"position\":2,\"name\":\"Shop\",\"item\":\"https:\/\/wpguerssen-test.odoo.rgbconsulting.com\/shop\/\"},{\"@type\":\"ListItem\",\"position\":3,\"name\":\"Maxophone (Clear LP)\"}]},{\"@type\":\"WebSite\",\"@id\":\"https:\/\/wpguerssen-test.odoo.rgbconsulting.com\/es\/#website\",\"url\":\"https:\/\/wpguerssen-test.odoo.rgbconsulting.com\/es\/\",\"name\":\"Guerssen records\",\"description\":\"psychedelia - progressive - folk - garage \",\"publisher\":{\"@id\":\"https:\/\/wpguerssen-test.odoo.rgbconsulting.com\/es\/#organization\"},\"potentialAction\":[{\"@type\":\"SearchAction\",\"target\":{\"@type\":\"EntryPoint\",\"urlTemplate\":\"https:\/\/wpguerssen-test.odoo.rgbconsulting.com\/es\/?s={search_term_string}\"},\"query-input\":{\"@type\":\"PropertyValueSpecification\",\"valueRequired\":true,\"valueName\":\"search_term_string\"}}],\"inLanguage\":\"es\"},{\"@type\":\"Organization\",\"@id\":\"https:\/\/wpguerssen-test.odoo.rgbconsulting.com\/es\/#organization\",\"name\":\"Guerssen records\",\"url\":\"https:\/\/wpguerssen-test.odoo.rgbconsulting.com\/es\/\",\"logo\":{\"@type\":\"ImageObject\",\"inLanguage\":\"es\",\"@id\":\"https:\/\/wpguerssen-test.odoo.rgbconsulting.com\/es\/#\/schema\/logo\/image\/\",\"url\":\"https:\/\/wpguerssen-test.odoo.rgbconsulting.com\/wp-content\/uploads\/2022\/04\/Logo_Guerssen_trans_100.png\",\"contentUrl\":\"https:\/\/wpguerssen-test.odoo.rgbconsulting.com\/wp-content\/uploads\/2022\/04\/Logo_Guerssen_trans_100.png\",\"width\":122,\"height\":100,\"caption\":\"Guerssen records\"},\"image\":{\"@id\":\"https:\/\/wpguerssen-test.odoo.rgbconsulting.com\/es\/#\/schema\/logo\/image\/\"}}]}<\/script>\n<!-- \/ Yoast SEO plugin. -->","yoast_head_json":{"title":"MAXOPHONE - Maxophone (Clear LP) -  (LP) | Guerssen","description":"Maxophone, from Milan, formed in 1973 as a six-piece with an unusual assortment of instruments, due to their past experience as music students. A band of great talents and musicianship, their only LP, released in 1975, came too late to compete with the most important Italian bands of the genre and went sadly unnoticed. #nl# Maxophone, released on the Produttori Associati label (along with Duello Madre one of the few ventures in rock records by this label) is a marvellous album, full of dreamy atmospheres and complex horn arrangements, with good vocal parts in a Genesis style and is nowadays considered as one of the best Italian prog records of all times.High quality, heavy 180g vinyl! Italian lyrics version","robots":{"index":"index","follow":"follow","max-snippet":"max-snippet:-1","max-image-preview":"max-image-preview:large","max-video-preview":"max-video-preview:-1"},"canonical":"https:\/\/wpguerssen-test.odoo.rgbconsulting.com\/es\/producto\/maxophone-clear-lp\/","og_locale":"es_ES","og_type":"article","og_title":"MAXOPHONE - Maxophone (Clear LP) -  (LP) | Guerssen","og_description":"Maxophone, from Milan, formed in 1973 as a six-piece with an unusual assortment of instruments, due to their past experience as music students. A band of great talents and musicianship, their only LP, released in 1975, came too late to compete with the most important Italian bands of the genre and went sadly unnoticed. #nl# Maxophone, released on the Produttori Associati label (along with Duello Madre one of the few ventures in rock records by this label) is a marvellous album, full of dreamy atmospheres and complex horn arrangements, with good vocal parts in a Genesis style and is nowadays considered as one of the best Italian prog records of all times.High quality, heavy 180g vinyl! Italian lyrics version","og_url":"https:\/\/wpguerssen-test.odoo.rgbconsulting.com\/es\/producto\/maxophone-clear-lp\/","og_site_name":"Guerssen records","article_modified_time":"2025-02-19T16:13:40+00:00","og_image":[{"width":1500,"height":1500,"url":"https:\/\/wpguerssen-test.odoo.rgbconsulting.com\/wp-content\/uploads\/2022\/07\/41117.jpg","type":"image\/jpeg"}],"twitter_card":"summary_large_image","twitter_title":"MAXOPHONE - Maxophone (Clear LP) -  (LP) | Guerssen","schema":{"@context":"https:\/\/schema.org","@graph":[{"@type":"WebPage","@id":"https:\/\/wpguerssen-test.odoo.rgbconsulting.com\/es\/producto\/maxophone-clear-lp\/","url":"https:\/\/wpguerssen-test.odoo.rgbconsulting.com\/es\/producto\/maxophone-clear-lp\/","name":"MAXOPHONE - Maxophone (Clear LP) - (LP) | Guerssen","isPartOf":{"@id":"https:\/\/wpguerssen-test.odoo.rgbconsulting.com\/es\/#website"},"primaryImageOfPage":{"@id":"https:\/\/wpguerssen-test.odoo.rgbconsulting.com\/es\/producto\/maxophone-clear-lp\/#primaryimage"},"image":{"@id":"https:\/\/wpguerssen-test.odoo.rgbconsulting.com\/es\/producto\/maxophone-clear-lp\/#primaryimage"},"thumbnailUrl":"https:\/\/wpguerssen-test.odoo.rgbconsulting.com\/wp-content\/uploads\/2022\/07\/41117.jpg","datePublished":"2025-02-18T23:00:00+00:00","dateModified":"2025-02-19T16:13:40+00:00","description":"Maxophone, from Milan, formed in 1973 as a six-piece with an unusual assortment of instruments, due to their past experience as music students. A band of great talents and musicianship, their only LP, released in 1975, came too late to compete with the most important Italian bands of the genre and went sadly unnoticed. #nl# Maxophone, released on the Produttori Associati label (along with Duello Madre one of the few ventures in rock records by this label) is a marvellous album, full of dreamy atmospheres and complex horn arrangements, with good vocal parts in a Genesis style and is nowadays considered as one of the best Italian prog records of all times.High quality, heavy 180g vinyl! Italian lyrics version","breadcrumb":{"@id":"https:\/\/wpguerssen-test.odoo.rgbconsulting.com\/es\/producto\/maxophone-clear-lp\/#breadcrumb"},"inLanguage":"es","potentialAction":[{"@type":"ReadAction","target":["https:\/\/wpguerssen-test.odoo.rgbconsulting.com\/es\/producto\/maxophone-clear-lp\/"]}]},{"@type":"ImageObject","inLanguage":"es","@id":"https:\/\/wpguerssen-test.odoo.rgbconsulting.com\/es\/producto\/maxophone-clear-lp\/#primaryimage","url":"https:\/\/wpguerssen-test.odoo.rgbconsulting.com\/wp-content\/uploads\/2022\/07\/41117.jpg","contentUrl":"https:\/\/wpguerssen-test.odoo.rgbconsulting.com\/wp-content\/uploads\/2022\/07\/41117.jpg","width":1500,"height":1500},{"@type":"BreadcrumbList","@id":"https:\/\/wpguerssen-test.odoo.rgbconsulting.com\/es\/producto\/maxophone-clear-lp\/#breadcrumb","itemListElement":[{"@type":"ListItem","position":1,"name":"Inicio","item":"https:\/\/wpguerssen-test.odoo.rgbconsulting.com\/es\/"},{"@type":"ListItem","position":2,"name":"Shop","item":"https:\/\/wpguerssen-test.odoo.rgbconsulting.com\/shop\/"},{"@type":"ListItem","position":3,"name":"Maxophone (Clear LP)"}]},{"@type":"WebSite","@id":"https:\/\/wpguerssen-test.odoo.rgbconsulting.com\/es\/#website","url":"https:\/\/wpguerssen-test.odoo.rgbconsulting.com\/es\/","name":"Guerssen records","description":"psychedelia - progressive - folk - garage ","publisher":{"@id":"https:\/\/wpguerssen-test.odoo.rgbconsulting.com\/es\/#organization"},"potentialAction":[{"@type":"SearchAction","target":{"@type":"EntryPoint","urlTemplate":"https:\/\/wpguerssen-test.odoo.rgbconsulting.com\/es\/?s={search_term_string}"},"query-input":{"@type":"PropertyValueSpecification","valueRequired":true,"valueName":"search_term_string"}}],"inLanguage":"es"},{"@type":"Organization","@id":"https:\/\/wpguerssen-test.odoo.rgbconsulting.com\/es\/#organization","name":"Guerssen records","url":"https:\/\/wpguerssen-test.odoo.rgbconsulting.com\/es\/","logo":{"@type":"ImageObject","inLanguage":"es","@id":"https:\/\/wpguerssen-test.odoo.rgbconsulting.com\/es\/#\/schema\/logo\/image\/","url":"https:\/\/wpguerssen-test.odoo.rgbconsulting.com\/wp-content\/uploads\/2022\/04\/Logo_Guerssen_trans_100.png","contentUrl":"https:\/\/wpguerssen-test.odoo.rgbconsulting.com\/wp-content\/uploads\/2022\/04\/Logo_Guerssen_trans_100.png","width":122,"height":100,"caption":"Guerssen records"},"image":{"@id":"https:\/\/wpguerssen-test.odoo.rgbconsulting.com\/es\/#\/schema\/logo\/image\/"}}]}},"_links":{"self":[{"href":"https:\/\/wpguerssen-test.odoo.rgbconsulting.com\/es\/wp-json\/wp\/v2\/product\/216059","targetHints":{"allow":["GET"]}}],"collection":[{"href":"https:\/\/wpguerssen-test.odoo.rgbconsulting.com\/es\/wp-json\/wp\/v2\/product"}],"about":[{"href":"https:\/\/wpguerssen-test.odoo.rgbconsulting.com\/es\/wp-json\/wp\/v2\/types\/product"}],"wp:featuredmedia":[{"embeddable":true,"href":"https:\/\/wpguerssen-test.odoo.rgbconsulting.com\/es\/wp-json\/wp\/v2\/media\/214351"}],"wp:attachment":[{"href":"https:\/\/wpguerssen-test.odoo.rgbconsulting.com\/es\/wp-json\/wp\/v2\/media?parent=216059"}],"wp:term":[{"taxonomy":"product_brand","embeddable":true,"href":"https:\/\/wpguerssen-test.odoo.rgbconsulting.com\/es\/wp-json\/wp\/v2\/product_brand?post=216059"},{"taxonomy":"product_cat","embeddable":true,"href":"https:\/\/wpguerssen-test.odoo.rgbconsulting.com\/es\/wp-json\/wp\/v2\/product_cat?post=216059"},{"taxonomy":"product_tag","embeddable":true,"href":"https:\/\/wpguerssen-test.odoo.rgbconsulting.com\/es\/wp-json\/wp\/v2\/product_tag?post=216059"}],"curies":[{"name":"wp","href":"https:\/\/api.w.org\/{rel}","templated":true}]}}