{"id":216088,"date":"2022-06-28T00:00:00","date_gmt":"2022-06-27T22:00:00","guid":{"rendered":"https:\/\/wpguerssen-test.odoo.rgbconsulting.com\/product\/orchestre-massako-limited-dance-edition\/"},"modified":"2025-04-16T18:02:56","modified_gmt":"2025-04-16T16:02:56","slug":"orchestre-massako-limited-dance-edition","status":"publish","type":"product","link":"https:\/\/wpguerssen-test.odoo.rgbconsulting.com\/es\/producto\/orchestre-massako-limited-dance-edition\/","title":{"rendered":"Orchestre Massako (Limited Dance Edition)"},"content":{"rendered":"<p>Adepto a los ritmos folcl\u00f3ricos, la carrera de Mack-Joss como m\u00fasico comenz\u00f3 cuando solo ten\u00eda 17 a\u00f1os y r\u00e1pidamente se estableci\u00f3 como un elemento b\u00e1sico de la vida nocturna de Libreville, cantando en varias bandas locales. En 1966 hab\u00eda lanzado \u00abLe Boucher\u00bb, su primer \u00e9xito que barri\u00f3 las ondas africanas y le vali\u00f3 el respeto de Franco, el legendario maestro de la rumba congole\u00f1a. El aliento de Franco ayud\u00f3 a transformarlo de un cantante gabon\u00e9s a una figura ascendente de la cultura panafricana. <\/p>\n<p> Entre 1968 y 1970 Mack-Joss y su Negro-Tropical inmortalizaron un buen n\u00famero de sencillos grabados en un improvisado open (estudios de grabaci\u00f3n al aire libre) y en 1971 las fuerzas armadas de Gab\u00f3n decidieron formar su propia banda. Mack-Joss fue reclutado para convertirse en el l\u00edder de la banda y este fue el nacimiento de Orchestre Massako, que se convirti\u00f3 en la orquesta nacional de Gab\u00f3n. <\/p>\n<p> A fines de la d\u00e9cada de 1970, se pusieron a disposici\u00f3n fondos para traer equipos de grabaci\u00f3n desde Francia. Studio Mobile Massako naci\u00f3 y la capacidad de composici\u00f3n de canciones de Mack-Joss proporcion\u00f3 \u00e9xito tras \u00e9xito. Las cintas maestras con las grabaciones se enviaban a Par\u00eds para su mezcla y Mack-Joss hac\u00eda personalmente el viaje a Francia, llevando las bobinas en su equipaje de mano. Luego, los discos de vinilo se prensaron en Francia y se enviaron de regreso a Gab\u00f3n y a otros distribuidores en todo el continente. Alrededor de una docena de discos de larga duraci\u00f3n se grabaron entre 1978 y 1986 y la mayor\u00eda se publicaron en Mass Pro, el sello propio de Mack-Joss. Algunas de estas grabaciones presentaban a un cantante de Guin\u00e9e Conakry llamado Amara Tour\u00e9, que se hab\u00eda unido a la Orquesta Massako como cantante en 1980 y se hab\u00eda convertido en un ingrediente importante del \u00e9xito de la banda. Su particular voz, imposible de no reconocer, no dej\u00f3 a nadie indiferente. <\/p>\n<p> La retirada de Mack-Joss en 1996 marc\u00f3 el final de la Orquesta Massako. Con una carrera de cuatro d\u00e9cadas, su contribuci\u00f3n a la cultura gabonesa no puede subestimarse y contin\u00faa inspirando el respeto y la devoci\u00f3n de las personas que lo conocieron.<\/p>\n","protected":false},"excerpt":{"rendered":"<p>Adepto a los ritmos folcl\u00f3ricos, la carrera de Mack-Joss como m\u00fasico comenz\u00f3 cuando solo ten\u00eda 17 a\u00f1os y r\u00e1pidamente se estableci\u00f3 como un elemento b\u00e1sico<a class=\"read\" href=\"https:\/\/wpguerssen-test.odoo.rgbconsulting.com\/es\/producto\/orchestre-massako-limited-dance-edition\/\"> (...)<\/a>","protected":false},"featured_media":211968,"template":"","meta":{"_acf_changed":false},"product_brand":[],"product_cat":[23258,23231],"product_tag":[],"class_list":{"0":"post-216088","1":"product","2":"type-product","3":"status-publish","4":"has-post-thumbnail","6":"product_cat-afro-funk-afrobeat-es","7":"product_cat-latin-brazilian-es","8":"pa_artist-orchestre-massako","9":"pa_format-lp-es","10":"pa_gender-afro-funk-afrobeat-latin-brazilian","11":"pa_label-analog-africa-es","12":"pa_location-africa-es","13":"pa_other-filters-vinyl-only-es","15":"first","16":"instock","17":"taxable","18":"shipping-taxable","19":"purchasable","20":"product-type-simple"},"acf":[],"yoast_head":"<!-- This site is optimized with the Yoast SEO plugin v24.9 - https:\/\/yoast.com\/wordpress\/plugins\/seo\/ -->\n<title>ORCHESTRE MASSAKO - Orchestre Massako (Limited Dance Edition) -  (LP) | Guerssen<\/title>\n<meta name=\"description\" content=\"An adept of folk rhythms, Mack-Joss&#039;s career as a musician began when he was just 17 of age and he quickly established himself as a staple of Libreville&#039;s nightlife scene, singing in various local bands. By 1966 he had released &quot;Le Boucher&quot;, his first hit which swept the African airwaves and earned him the respect of Franco, the legendary master of Congolese Rumba. Franco&#039;s encouragement helped transform him from a Gabonese singer into an ascendent figure of pan-African culture. #nl# Between 1968 and 1970 Mack-Joss and his Negro-Tropical immortalised a good number of singles recorded in a makeshift open-air recording studios and in 1971 Gabon armed forces decided to form their own band. Mack-Joss was recruited to become the band leader and this was the birth of Orchestre Massako which became Gabon&#039;s national orchestra. #nl# At the end of the 1970&#039;s funds were made available to bring recording equipment over from France. Studio Mobile Massako was born and Mack-Joss&#039;s songwriting ability provided hit after hit. The master tapes with the recordings were sent to Paris for mixing and Mack-Joss would personally make the journey to France, carrying the reels in his hand luggage. The vinyl records were then pressed in France and shipped back to Gabon, and to other distributors throughout the continent. About a dozen long play records were recorded between 1978 and 1986 and most were released on Mass Pro, Mack-Joss&#039;s own label. A few of these recordings featured a singer from Guin\u00e9e Conakry by the name of Amara Tour\u00e9 who had joined Orchestre Massako as a singer in 1980 and had become an important ingredient in the band&#039;s success. His specific voice, impossible not to recognise, left no one unmoved (ask those who listened to the compilation AALP078). #nl# Mack-Joss&#039;s retirement in 1996 marked the end of Orchestre Massako. With a four decades spanned career, his contribution to Gabonese culture cannot be overstated and continues to inspire the respect and devotion of people who knew him.\" \/>\n<meta name=\"robots\" content=\"index, follow, max-snippet:-1, max-image-preview:large, max-video-preview:-1\" \/>\n<link rel=\"canonical\" href=\"https:\/\/wpguerssen-test.odoo.rgbconsulting.com\/es\/producto\/orchestre-massako-limited-dance-edition\/\" \/>\n<meta property=\"og:locale\" content=\"es_ES\" \/>\n<meta property=\"og:type\" content=\"article\" \/>\n<meta property=\"og:title\" content=\"ORCHESTRE MASSAKO - Orchestre Massako (Limited Dance Edition) -  (LP) | Guerssen\" \/>\n<meta property=\"og:description\" content=\"An adept of folk rhythms, Mack-Joss&#039;s career as a musician began when he was just 17 of age and he quickly established himself as a staple of Libreville&#039;s nightlife scene, singing in various local bands. By 1966 he had released &quot;Le Boucher&quot;, his first hit which swept the African airwaves and earned him the respect of Franco, the legendary master of Congolese Rumba. Franco&#039;s encouragement helped transform him from a Gabonese singer into an ascendent figure of pan-African culture. #nl# Between 1968 and 1970 Mack-Joss and his Negro-Tropical immortalised a good number of singles recorded in a makeshift open-air recording studios and in 1971 Gabon armed forces decided to form their own band. Mack-Joss was recruited to become the band leader and this was the birth of Orchestre Massako which became Gabon&#039;s national orchestra. #nl# At the end of the 1970&#039;s funds were made available to bring recording equipment over from France. Studio Mobile Massako was born and Mack-Joss&#039;s songwriting ability provided hit after hit. The master tapes with the recordings were sent to Paris for mixing and Mack-Joss would personally make the journey to France, carrying the reels in his hand luggage. The vinyl records were then pressed in France and shipped back to Gabon, and to other distributors throughout the continent. About a dozen long play records were recorded between 1978 and 1986 and most were released on Mass Pro, Mack-Joss&#039;s own label. A few of these recordings featured a singer from Guin\u00e9e Conakry by the name of Amara Tour\u00e9 who had joined Orchestre Massako as a singer in 1980 and had become an important ingredient in the band&#039;s success. His specific voice, impossible not to recognise, left no one unmoved (ask those who listened to the compilation AALP078). #nl# Mack-Joss&#039;s retirement in 1996 marked the end of Orchestre Massako. With a four decades spanned career, his contribution to Gabonese culture cannot be overstated and continues to inspire the respect and devotion of people who knew him.\" \/>\n<meta property=\"og:url\" content=\"https:\/\/wpguerssen-test.odoo.rgbconsulting.com\/es\/producto\/orchestre-massako-limited-dance-edition\/\" \/>\n<meta property=\"og:site_name\" content=\"Guerssen records\" \/>\n<meta property=\"article:modified_time\" content=\"2025-04-16T16:02:56+00:00\" \/>\n<meta property=\"og:image\" content=\"https:\/\/wpguerssen-test.odoo.rgbconsulting.com\/wp-content\/uploads\/2022\/06\/41292.jpg\" \/>\n\t<meta property=\"og:image:width\" content=\"1200\" \/>\n\t<meta property=\"og:image:height\" content=\"1200\" \/>\n\t<meta property=\"og:image:type\" content=\"image\/jpeg\" \/>\n<meta name=\"twitter:card\" content=\"summary_large_image\" \/>\n<meta name=\"twitter:title\" content=\"ORCHESTRE MASSAKO - Orchestre Massako (Limited Dance Edition) -  (LP) | Guerssen\" \/>\n<meta name=\"twitter:label1\" content=\"Tiempo de lectura\" \/>\n\t<meta name=\"twitter:data1\" content=\"2 minutos\" \/>\n<script type=\"application\/ld+json\" class=\"yoast-schema-graph\">{\"@context\":\"https:\/\/schema.org\",\"@graph\":[{\"@type\":\"WebPage\",\"@id\":\"https:\/\/wpguerssen-test.odoo.rgbconsulting.com\/es\/producto\/orchestre-massako-limited-dance-edition\/\",\"url\":\"https:\/\/wpguerssen-test.odoo.rgbconsulting.com\/es\/producto\/orchestre-massako-limited-dance-edition\/\",\"name\":\"ORCHESTRE MASSAKO - Orchestre Massako (Limited Dance Edition) - (LP) | Guerssen\",\"isPartOf\":{\"@id\":\"https:\/\/wpguerssen-test.odoo.rgbconsulting.com\/es\/#website\"},\"primaryImageOfPage\":{\"@id\":\"https:\/\/wpguerssen-test.odoo.rgbconsulting.com\/es\/producto\/orchestre-massako-limited-dance-edition\/#primaryimage\"},\"image\":{\"@id\":\"https:\/\/wpguerssen-test.odoo.rgbconsulting.com\/es\/producto\/orchestre-massako-limited-dance-edition\/#primaryimage\"},\"thumbnailUrl\":\"https:\/\/wpguerssen-test.odoo.rgbconsulting.com\/wp-content\/uploads\/2022\/06\/41292.jpg\",\"datePublished\":\"2022-06-27T22:00:00+00:00\",\"dateModified\":\"2025-04-16T16:02:56+00:00\",\"description\":\"An adept of folk rhythms, Mack-Joss's career as a musician began when he was just 17 of age and he quickly established himself as a staple of Libreville's nightlife scene, singing in various local bands. By 1966 he had released \\\"Le Boucher\\\", his first hit which swept the African airwaves and earned him the respect of Franco, the legendary master of Congolese Rumba. Franco's encouragement helped transform him from a Gabonese singer into an ascendent figure of pan-African culture. #nl# Between 1968 and 1970 Mack-Joss and his Negro-Tropical immortalised a good number of singles recorded in a makeshift open-air recording studios and in 1971 Gabon armed forces decided to form their own band. Mack-Joss was recruited to become the band leader and this was the birth of Orchestre Massako which became Gabon's national orchestra. #nl# At the end of the 1970's funds were made available to bring recording equipment over from France. Studio Mobile Massako was born and Mack-Joss's songwriting ability provided hit after hit. The master tapes with the recordings were sent to Paris for mixing and Mack-Joss would personally make the journey to France, carrying the reels in his hand luggage. The vinyl records were then pressed in France and shipped back to Gabon, and to other distributors throughout the continent. About a dozen long play records were recorded between 1978 and 1986 and most were released on Mass Pro, Mack-Joss's own label. A few of these recordings featured a singer from Guin\u00e9e Conakry by the name of Amara Tour\u00e9 who had joined Orchestre Massako as a singer in 1980 and had become an important ingredient in the band's success. His specific voice, impossible not to recognise, left no one unmoved (ask those who listened to the compilation AALP078). #nl# Mack-Joss's retirement in 1996 marked the end of Orchestre Massako. With a four decades spanned career, his contribution to Gabonese culture cannot be overstated and continues to inspire the respect and devotion of people who knew him.\",\"breadcrumb\":{\"@id\":\"https:\/\/wpguerssen-test.odoo.rgbconsulting.com\/es\/producto\/orchestre-massako-limited-dance-edition\/#breadcrumb\"},\"inLanguage\":\"es\",\"potentialAction\":[{\"@type\":\"ReadAction\",\"target\":[\"https:\/\/wpguerssen-test.odoo.rgbconsulting.com\/es\/producto\/orchestre-massako-limited-dance-edition\/\"]}]},{\"@type\":\"ImageObject\",\"inLanguage\":\"es\",\"@id\":\"https:\/\/wpguerssen-test.odoo.rgbconsulting.com\/es\/producto\/orchestre-massako-limited-dance-edition\/#primaryimage\",\"url\":\"https:\/\/wpguerssen-test.odoo.rgbconsulting.com\/wp-content\/uploads\/2022\/06\/41292.jpg\",\"contentUrl\":\"https:\/\/wpguerssen-test.odoo.rgbconsulting.com\/wp-content\/uploads\/2022\/06\/41292.jpg\",\"width\":1200,\"height\":1200},{\"@type\":\"BreadcrumbList\",\"@id\":\"https:\/\/wpguerssen-test.odoo.rgbconsulting.com\/es\/producto\/orchestre-massako-limited-dance-edition\/#breadcrumb\",\"itemListElement\":[{\"@type\":\"ListItem\",\"position\":1,\"name\":\"Inicio\",\"item\":\"https:\/\/wpguerssen-test.odoo.rgbconsulting.com\/es\/\"},{\"@type\":\"ListItem\",\"position\":2,\"name\":\"Shop\",\"item\":\"https:\/\/wpguerssen-test.odoo.rgbconsulting.com\/shop\/\"},{\"@type\":\"ListItem\",\"position\":3,\"name\":\"Orchestre Massako (Limited Dance Edition)\"}]},{\"@type\":\"WebSite\",\"@id\":\"https:\/\/wpguerssen-test.odoo.rgbconsulting.com\/es\/#website\",\"url\":\"https:\/\/wpguerssen-test.odoo.rgbconsulting.com\/es\/\",\"name\":\"Guerssen records\",\"description\":\"psychedelia - progressive - folk - garage \",\"publisher\":{\"@id\":\"https:\/\/wpguerssen-test.odoo.rgbconsulting.com\/es\/#organization\"},\"potentialAction\":[{\"@type\":\"SearchAction\",\"target\":{\"@type\":\"EntryPoint\",\"urlTemplate\":\"https:\/\/wpguerssen-test.odoo.rgbconsulting.com\/es\/?s={search_term_string}\"},\"query-input\":{\"@type\":\"PropertyValueSpecification\",\"valueRequired\":true,\"valueName\":\"search_term_string\"}}],\"inLanguage\":\"es\"},{\"@type\":\"Organization\",\"@id\":\"https:\/\/wpguerssen-test.odoo.rgbconsulting.com\/es\/#organization\",\"name\":\"Guerssen records\",\"url\":\"https:\/\/wpguerssen-test.odoo.rgbconsulting.com\/es\/\",\"logo\":{\"@type\":\"ImageObject\",\"inLanguage\":\"es\",\"@id\":\"https:\/\/wpguerssen-test.odoo.rgbconsulting.com\/es\/#\/schema\/logo\/image\/\",\"url\":\"https:\/\/wpguerssen-test.odoo.rgbconsulting.com\/wp-content\/uploads\/2022\/04\/Logo_Guerssen_trans_100.png\",\"contentUrl\":\"https:\/\/wpguerssen-test.odoo.rgbconsulting.com\/wp-content\/uploads\/2022\/04\/Logo_Guerssen_trans_100.png\",\"width\":122,\"height\":100,\"caption\":\"Guerssen records\"},\"image\":{\"@id\":\"https:\/\/wpguerssen-test.odoo.rgbconsulting.com\/es\/#\/schema\/logo\/image\/\"}}]}<\/script>\n<!-- \/ Yoast SEO plugin. -->","yoast_head_json":{"title":"ORCHESTRE MASSAKO - Orchestre Massako (Limited Dance Edition) -  (LP) | Guerssen","description":"An adept of folk rhythms, Mack-Joss's career as a musician began when he was just 17 of age and he quickly established himself as a staple of Libreville's nightlife scene, singing in various local bands. By 1966 he had released \"Le Boucher\", his first hit which swept the African airwaves and earned him the respect of Franco, the legendary master of Congolese Rumba. Franco's encouragement helped transform him from a Gabonese singer into an ascendent figure of pan-African culture. #nl# Between 1968 and 1970 Mack-Joss and his Negro-Tropical immortalised a good number of singles recorded in a makeshift open-air recording studios and in 1971 Gabon armed forces decided to form their own band. Mack-Joss was recruited to become the band leader and this was the birth of Orchestre Massako which became Gabon's national orchestra. #nl# At the end of the 1970's funds were made available to bring recording equipment over from France. Studio Mobile Massako was born and Mack-Joss's songwriting ability provided hit after hit. The master tapes with the recordings were sent to Paris for mixing and Mack-Joss would personally make the journey to France, carrying the reels in his hand luggage. The vinyl records were then pressed in France and shipped back to Gabon, and to other distributors throughout the continent. About a dozen long play records were recorded between 1978 and 1986 and most were released on Mass Pro, Mack-Joss's own label. A few of these recordings featured a singer from Guin\u00e9e Conakry by the name of Amara Tour\u00e9 who had joined Orchestre Massako as a singer in 1980 and had become an important ingredient in the band's success. His specific voice, impossible not to recognise, left no one unmoved (ask those who listened to the compilation AALP078). #nl# Mack-Joss's retirement in 1996 marked the end of Orchestre Massako. With a four decades spanned career, his contribution to Gabonese culture cannot be overstated and continues to inspire the respect and devotion of people who knew him.","robots":{"index":"index","follow":"follow","max-snippet":"max-snippet:-1","max-image-preview":"max-image-preview:large","max-video-preview":"max-video-preview:-1"},"canonical":"https:\/\/wpguerssen-test.odoo.rgbconsulting.com\/es\/producto\/orchestre-massako-limited-dance-edition\/","og_locale":"es_ES","og_type":"article","og_title":"ORCHESTRE MASSAKO - Orchestre Massako (Limited Dance Edition) -  (LP) | Guerssen","og_description":"An adept of folk rhythms, Mack-Joss's career as a musician began when he was just 17 of age and he quickly established himself as a staple of Libreville's nightlife scene, singing in various local bands. By 1966 he had released \"Le Boucher\", his first hit which swept the African airwaves and earned him the respect of Franco, the legendary master of Congolese Rumba. Franco's encouragement helped transform him from a Gabonese singer into an ascendent figure of pan-African culture. #nl# Between 1968 and 1970 Mack-Joss and his Negro-Tropical immortalised a good number of singles recorded in a makeshift open-air recording studios and in 1971 Gabon armed forces decided to form their own band. Mack-Joss was recruited to become the band leader and this was the birth of Orchestre Massako which became Gabon's national orchestra. #nl# At the end of the 1970's funds were made available to bring recording equipment over from France. Studio Mobile Massako was born and Mack-Joss's songwriting ability provided hit after hit. The master tapes with the recordings were sent to Paris for mixing and Mack-Joss would personally make the journey to France, carrying the reels in his hand luggage. The vinyl records were then pressed in France and shipped back to Gabon, and to other distributors throughout the continent. About a dozen long play records were recorded between 1978 and 1986 and most were released on Mass Pro, Mack-Joss's own label. A few of these recordings featured a singer from Guin\u00e9e Conakry by the name of Amara Tour\u00e9 who had joined Orchestre Massako as a singer in 1980 and had become an important ingredient in the band's success. His specific voice, impossible not to recognise, left no one unmoved (ask those who listened to the compilation AALP078). #nl# Mack-Joss's retirement in 1996 marked the end of Orchestre Massako. With a four decades spanned career, his contribution to Gabonese culture cannot be overstated and continues to inspire the respect and devotion of people who knew him.","og_url":"https:\/\/wpguerssen-test.odoo.rgbconsulting.com\/es\/producto\/orchestre-massako-limited-dance-edition\/","og_site_name":"Guerssen records","article_modified_time":"2025-04-16T16:02:56+00:00","og_image":[{"width":1200,"height":1200,"url":"https:\/\/wpguerssen-test.odoo.rgbconsulting.com\/wp-content\/uploads\/2022\/06\/41292.jpg","type":"image\/jpeg"}],"twitter_card":"summary_large_image","twitter_title":"ORCHESTRE MASSAKO - Orchestre Massako (Limited Dance Edition) -  (LP) | Guerssen","twitter_misc":{"Tiempo de lectura":"2 minutos"},"schema":{"@context":"https:\/\/schema.org","@graph":[{"@type":"WebPage","@id":"https:\/\/wpguerssen-test.odoo.rgbconsulting.com\/es\/producto\/orchestre-massako-limited-dance-edition\/","url":"https:\/\/wpguerssen-test.odoo.rgbconsulting.com\/es\/producto\/orchestre-massako-limited-dance-edition\/","name":"ORCHESTRE MASSAKO - Orchestre Massako (Limited Dance Edition) - (LP) | Guerssen","isPartOf":{"@id":"https:\/\/wpguerssen-test.odoo.rgbconsulting.com\/es\/#website"},"primaryImageOfPage":{"@id":"https:\/\/wpguerssen-test.odoo.rgbconsulting.com\/es\/producto\/orchestre-massako-limited-dance-edition\/#primaryimage"},"image":{"@id":"https:\/\/wpguerssen-test.odoo.rgbconsulting.com\/es\/producto\/orchestre-massako-limited-dance-edition\/#primaryimage"},"thumbnailUrl":"https:\/\/wpguerssen-test.odoo.rgbconsulting.com\/wp-content\/uploads\/2022\/06\/41292.jpg","datePublished":"2022-06-27T22:00:00+00:00","dateModified":"2025-04-16T16:02:56+00:00","description":"An adept of folk rhythms, Mack-Joss's career as a musician began when he was just 17 of age and he quickly established himself as a staple of Libreville's nightlife scene, singing in various local bands. By 1966 he had released \"Le Boucher\", his first hit which swept the African airwaves and earned him the respect of Franco, the legendary master of Congolese Rumba. Franco's encouragement helped transform him from a Gabonese singer into an ascendent figure of pan-African culture. #nl# Between 1968 and 1970 Mack-Joss and his Negro-Tropical immortalised a good number of singles recorded in a makeshift open-air recording studios and in 1971 Gabon armed forces decided to form their own band. Mack-Joss was recruited to become the band leader and this was the birth of Orchestre Massako which became Gabon's national orchestra. #nl# At the end of the 1970's funds were made available to bring recording equipment over from France. Studio Mobile Massako was born and Mack-Joss's songwriting ability provided hit after hit. The master tapes with the recordings were sent to Paris for mixing and Mack-Joss would personally make the journey to France, carrying the reels in his hand luggage. The vinyl records were then pressed in France and shipped back to Gabon, and to other distributors throughout the continent. About a dozen long play records were recorded between 1978 and 1986 and most were released on Mass Pro, Mack-Joss's own label. A few of these recordings featured a singer from Guin\u00e9e Conakry by the name of Amara Tour\u00e9 who had joined Orchestre Massako as a singer in 1980 and had become an important ingredient in the band's success. His specific voice, impossible not to recognise, left no one unmoved (ask those who listened to the compilation AALP078). #nl# Mack-Joss's retirement in 1996 marked the end of Orchestre Massako. With a four decades spanned career, his contribution to Gabonese culture cannot be overstated and continues to inspire the respect and devotion of people who knew him.","breadcrumb":{"@id":"https:\/\/wpguerssen-test.odoo.rgbconsulting.com\/es\/producto\/orchestre-massako-limited-dance-edition\/#breadcrumb"},"inLanguage":"es","potentialAction":[{"@type":"ReadAction","target":["https:\/\/wpguerssen-test.odoo.rgbconsulting.com\/es\/producto\/orchestre-massako-limited-dance-edition\/"]}]},{"@type":"ImageObject","inLanguage":"es","@id":"https:\/\/wpguerssen-test.odoo.rgbconsulting.com\/es\/producto\/orchestre-massako-limited-dance-edition\/#primaryimage","url":"https:\/\/wpguerssen-test.odoo.rgbconsulting.com\/wp-content\/uploads\/2022\/06\/41292.jpg","contentUrl":"https:\/\/wpguerssen-test.odoo.rgbconsulting.com\/wp-content\/uploads\/2022\/06\/41292.jpg","width":1200,"height":1200},{"@type":"BreadcrumbList","@id":"https:\/\/wpguerssen-test.odoo.rgbconsulting.com\/es\/producto\/orchestre-massako-limited-dance-edition\/#breadcrumb","itemListElement":[{"@type":"ListItem","position":1,"name":"Inicio","item":"https:\/\/wpguerssen-test.odoo.rgbconsulting.com\/es\/"},{"@type":"ListItem","position":2,"name":"Shop","item":"https:\/\/wpguerssen-test.odoo.rgbconsulting.com\/shop\/"},{"@type":"ListItem","position":3,"name":"Orchestre Massako (Limited Dance Edition)"}]},{"@type":"WebSite","@id":"https:\/\/wpguerssen-test.odoo.rgbconsulting.com\/es\/#website","url":"https:\/\/wpguerssen-test.odoo.rgbconsulting.com\/es\/","name":"Guerssen records","description":"psychedelia - progressive - folk - garage ","publisher":{"@id":"https:\/\/wpguerssen-test.odoo.rgbconsulting.com\/es\/#organization"},"potentialAction":[{"@type":"SearchAction","target":{"@type":"EntryPoint","urlTemplate":"https:\/\/wpguerssen-test.odoo.rgbconsulting.com\/es\/?s={search_term_string}"},"query-input":{"@type":"PropertyValueSpecification","valueRequired":true,"valueName":"search_term_string"}}],"inLanguage":"es"},{"@type":"Organization","@id":"https:\/\/wpguerssen-test.odoo.rgbconsulting.com\/es\/#organization","name":"Guerssen records","url":"https:\/\/wpguerssen-test.odoo.rgbconsulting.com\/es\/","logo":{"@type":"ImageObject","inLanguage":"es","@id":"https:\/\/wpguerssen-test.odoo.rgbconsulting.com\/es\/#\/schema\/logo\/image\/","url":"https:\/\/wpguerssen-test.odoo.rgbconsulting.com\/wp-content\/uploads\/2022\/04\/Logo_Guerssen_trans_100.png","contentUrl":"https:\/\/wpguerssen-test.odoo.rgbconsulting.com\/wp-content\/uploads\/2022\/04\/Logo_Guerssen_trans_100.png","width":122,"height":100,"caption":"Guerssen records"},"image":{"@id":"https:\/\/wpguerssen-test.odoo.rgbconsulting.com\/es\/#\/schema\/logo\/image\/"}}]}},"_links":{"self":[{"href":"https:\/\/wpguerssen-test.odoo.rgbconsulting.com\/es\/wp-json\/wp\/v2\/product\/216088","targetHints":{"allow":["GET"]}}],"collection":[{"href":"https:\/\/wpguerssen-test.odoo.rgbconsulting.com\/es\/wp-json\/wp\/v2\/product"}],"about":[{"href":"https:\/\/wpguerssen-test.odoo.rgbconsulting.com\/es\/wp-json\/wp\/v2\/types\/product"}],"wp:featuredmedia":[{"embeddable":true,"href":"https:\/\/wpguerssen-test.odoo.rgbconsulting.com\/es\/wp-json\/wp\/v2\/media\/211968"}],"wp:attachment":[{"href":"https:\/\/wpguerssen-test.odoo.rgbconsulting.com\/es\/wp-json\/wp\/v2\/media?parent=216088"}],"wp:term":[{"taxonomy":"product_brand","embeddable":true,"href":"https:\/\/wpguerssen-test.odoo.rgbconsulting.com\/es\/wp-json\/wp\/v2\/product_brand?post=216088"},{"taxonomy":"product_cat","embeddable":true,"href":"https:\/\/wpguerssen-test.odoo.rgbconsulting.com\/es\/wp-json\/wp\/v2\/product_cat?post=216088"},{"taxonomy":"product_tag","embeddable":true,"href":"https:\/\/wpguerssen-test.odoo.rgbconsulting.com\/es\/wp-json\/wp\/v2\/product_tag?post=216088"}],"curies":[{"name":"wp","href":"https:\/\/api.w.org\/{rel}","templated":true}]}}