{"id":216136,"date":"2022-07-14T00:00:00","date_gmt":"2022-07-13T22:00:00","guid":{"rendered":"https:\/\/wpguerssen-test.odoo.rgbconsulting.com\/product\/goldenrod\/"},"modified":"2025-01-30T16:51:24","modified_gmt":"2025-01-30T15:51:24","slug":"goldenrod","status":"publish","type":"product","link":"https:\/\/wpguerssen-test.odoo.rgbconsulting.com\/es\/producto\/goldenrod\/","title":{"rendered":"Goldenrod"},"content":{"rendered":"<p>El \u00e1lbum hom\u00f3nimo del tr\u00edo estadounidense Goldenrod fue lanzado en una peque\u00f1a tirada en 1969 en el enigm\u00e1tico Chartmaker. Un \u00e1lbum instrumental lleno de improvisaciones grabadas en su ciudad natal de Los \u00c1ngeles. Se compone de solo cuatro pistas, t\u00edtulos como \u00abKarmic Dream Sequence\u00bb y \u00abDescent Of The Cyclopeans\u00bb ofrecen una nueva visi\u00f3n exploratoria, entre el pasado y el futuro. Los tres miembros de la banda se conocieron mientras tocaban detr\u00e1s de The Fifth Dimension y antes hab\u00edan tocado con Ballroom, que era una banda anterior a The Millennium-Sagittarius. Despu\u00e9s de que los tres miembros se convirtieran de repente en los mejores hombres de sesi\u00f3n de Los \u00c1ngeles. Jerry Scheff pas\u00f3 a tocar con The Millennium (el supergrupo californiano liderado por Curt Boettcher, formado b\u00e1sicamente por m\u00fasicos de rock psicod\u00e9lico) mientras que Ben Benay apareci\u00f3 en la formaci\u00f3n de blues-rock Funzone en los a\u00f1os setenta.<\/p>\n","protected":false},"excerpt":{"rendered":"<p>El \u00e1lbum hom\u00f3nimo del tr\u00edo estadounidense Goldenrod fue lanzado en una peque\u00f1a tirada en 1969 en el enigm\u00e1tico Chartmaker. Un \u00e1lbum instrumental lleno de improvisaciones<a class=\"read\" href=\"https:\/\/wpguerssen-test.odoo.rgbconsulting.com\/es\/producto\/goldenrod\/\"> (...)<\/a>","protected":false},"featured_media":213254,"template":"","meta":{"_acf_changed":false},"product_brand":[],"product_cat":[21639,23215],"product_tag":[],"class_list":{"0":"post-216136","1":"product","2":"type-product","3":"status-publish","4":"has-post-thumbnail","6":"product_cat-psychedelic60s-70s-es","7":"product_cat-progressive60s-70s-es","8":"pa_artist-goldenrod-es","9":"pa_format-lp-es","10":"pa_gender-psychedelic60s-70s-progressive60s-70s","11":"pa_label-cosmic-rock-es","12":"pa_location-north-america-es","13":"pa_other-filters-vinyl-only-es","15":"first","16":"instock","17":"taxable","18":"shipping-taxable","19":"purchasable","20":"product-type-simple"},"acf":[],"yoast_head":"<!-- This site is optimized with the Yoast SEO plugin v24.9 - https:\/\/yoast.com\/wordpress\/plugins\/seo\/ -->\n<title>GOLDENROD - Goldenrod -  (LP) | Guerssen<\/title>\n<meta name=\"description\" content=\"The Vietnam war, the excruciating motto &#039;turn on, tune in, drop out&#039;, all of a sudden we were in a new era, just across the lysergic exploitation and the political turmoil. The self-titled album by American trio Goldenrod was released on a small run in 1969 on the enigmatic Chartmaker. An instrumental album full of extended and improvised jam recorded in their hometown of Los Angeles. It comprises of just four tracks, enough for an essential trip. Titles such as &quot;Karmic Dream Sequence&quot; and &quot;Descent Of The Cyclopeans&quot; offers a new exploratory vision, between the past and the future. Goldenrod was a rare metaphysical drug experience you wouldn&#039;t miss again! All three band members met while playing behind The Fifth Dimension and they had earlier played with Ballroom who were a pre- The Millennium-Sagittarius band. After all the three members became all of a sudden top LA session men. Jerry Scheff went on to play with The Millennium (the Californian super group led by Curt Boettcher, basically consisting of psychedelic rock musicians) while Ben Benay appeared in the blues-rock outfit Funzone in the seventies.\" \/>\n<meta name=\"robots\" content=\"index, follow, max-snippet:-1, max-image-preview:large, max-video-preview:-1\" \/>\n<link rel=\"canonical\" href=\"https:\/\/wpguerssen-test.odoo.rgbconsulting.com\/es\/producto\/goldenrod\/\" \/>\n<meta property=\"og:locale\" content=\"es_ES\" \/>\n<meta property=\"og:type\" content=\"article\" \/>\n<meta property=\"og:title\" content=\"GOLDENROD - Goldenrod -  (LP) | Guerssen\" \/>\n<meta property=\"og:description\" content=\"The Vietnam war, the excruciating motto &#039;turn on, tune in, drop out&#039;, all of a sudden we were in a new era, just across the lysergic exploitation and the political turmoil. The self-titled album by American trio Goldenrod was released on a small run in 1969 on the enigmatic Chartmaker. An instrumental album full of extended and improvised jam recorded in their hometown of Los Angeles. It comprises of just four tracks, enough for an essential trip. Titles such as &quot;Karmic Dream Sequence&quot; and &quot;Descent Of The Cyclopeans&quot; offers a new exploratory vision, between the past and the future. Goldenrod was a rare metaphysical drug experience you wouldn&#039;t miss again! All three band members met while playing behind The Fifth Dimension and they had earlier played with Ballroom who were a pre- The Millennium-Sagittarius band. After all the three members became all of a sudden top LA session men. Jerry Scheff went on to play with The Millennium (the Californian super group led by Curt Boettcher, basically consisting of psychedelic rock musicians) while Ben Benay appeared in the blues-rock outfit Funzone in the seventies.\" \/>\n<meta property=\"og:url\" content=\"https:\/\/wpguerssen-test.odoo.rgbconsulting.com\/es\/producto\/goldenrod\/\" \/>\n<meta property=\"og:site_name\" content=\"Guerssen records\" \/>\n<meta property=\"article:modified_time\" content=\"2025-01-30T15:51:24+00:00\" \/>\n<meta property=\"og:image\" content=\"https:\/\/wpguerssen-test.odoo.rgbconsulting.com\/wp-content\/uploads\/2022\/06\/41381.jpg\" \/>\n\t<meta property=\"og:image:width\" content=\"905\" \/>\n\t<meta property=\"og:image:height\" content=\"915\" \/>\n\t<meta property=\"og:image:type\" content=\"image\/png\" \/>\n<meta name=\"twitter:card\" content=\"summary_large_image\" \/>\n<meta name=\"twitter:title\" content=\"GOLDENROD - Goldenrod -  (LP) | Guerssen\" \/>\n<meta name=\"twitter:label1\" content=\"Tiempo de lectura\" \/>\n\t<meta name=\"twitter:data1\" content=\"1 minuto\" \/>\n<script type=\"application\/ld+json\" class=\"yoast-schema-graph\">{\"@context\":\"https:\/\/schema.org\",\"@graph\":[{\"@type\":\"WebPage\",\"@id\":\"https:\/\/wpguerssen-test.odoo.rgbconsulting.com\/es\/producto\/goldenrod\/\",\"url\":\"https:\/\/wpguerssen-test.odoo.rgbconsulting.com\/es\/producto\/goldenrod\/\",\"name\":\"GOLDENROD - Goldenrod - (LP) | Guerssen\",\"isPartOf\":{\"@id\":\"https:\/\/wpguerssen-test.odoo.rgbconsulting.com\/es\/#website\"},\"primaryImageOfPage\":{\"@id\":\"https:\/\/wpguerssen-test.odoo.rgbconsulting.com\/es\/producto\/goldenrod\/#primaryimage\"},\"image\":{\"@id\":\"https:\/\/wpguerssen-test.odoo.rgbconsulting.com\/es\/producto\/goldenrod\/#primaryimage\"},\"thumbnailUrl\":\"https:\/\/wpguerssen-test.odoo.rgbconsulting.com\/wp-content\/uploads\/2022\/06\/41381.jpg\",\"datePublished\":\"2022-07-13T22:00:00+00:00\",\"dateModified\":\"2025-01-30T15:51:24+00:00\",\"description\":\"The Vietnam war, the excruciating motto 'turn on, tune in, drop out', all of a sudden we were in a new era, just across the lysergic exploitation and the political turmoil. The self-titled album by American trio Goldenrod was released on a small run in 1969 on the enigmatic Chartmaker. An instrumental album full of extended and improvised jam recorded in their hometown of Los Angeles. It comprises of just four tracks, enough for an essential trip. Titles such as \\\"Karmic Dream Sequence\\\" and \\\"Descent Of The Cyclopeans\\\" offers a new exploratory vision, between the past and the future. Goldenrod was a rare metaphysical drug experience you wouldn't miss again! All three band members met while playing behind The Fifth Dimension and they had earlier played with Ballroom who were a pre- The Millennium-Sagittarius band. After all the three members became all of a sudden top LA session men. Jerry Scheff went on to play with The Millennium (the Californian super group led by Curt Boettcher, basically consisting of psychedelic rock musicians) while Ben Benay appeared in the blues-rock outfit Funzone in the seventies.\",\"breadcrumb\":{\"@id\":\"https:\/\/wpguerssen-test.odoo.rgbconsulting.com\/es\/producto\/goldenrod\/#breadcrumb\"},\"inLanguage\":\"es\",\"potentialAction\":[{\"@type\":\"ReadAction\",\"target\":[\"https:\/\/wpguerssen-test.odoo.rgbconsulting.com\/es\/producto\/goldenrod\/\"]}]},{\"@type\":\"ImageObject\",\"inLanguage\":\"es\",\"@id\":\"https:\/\/wpguerssen-test.odoo.rgbconsulting.com\/es\/producto\/goldenrod\/#primaryimage\",\"url\":\"https:\/\/wpguerssen-test.odoo.rgbconsulting.com\/wp-content\/uploads\/2022\/06\/41381.jpg\",\"contentUrl\":\"https:\/\/wpguerssen-test.odoo.rgbconsulting.com\/wp-content\/uploads\/2022\/06\/41381.jpg\",\"width\":905,\"height\":915},{\"@type\":\"BreadcrumbList\",\"@id\":\"https:\/\/wpguerssen-test.odoo.rgbconsulting.com\/es\/producto\/goldenrod\/#breadcrumb\",\"itemListElement\":[{\"@type\":\"ListItem\",\"position\":1,\"name\":\"Inicio\",\"item\":\"https:\/\/wpguerssen-test.odoo.rgbconsulting.com\/es\/\"},{\"@type\":\"ListItem\",\"position\":2,\"name\":\"Shop\",\"item\":\"https:\/\/wpguerssen-test.odoo.rgbconsulting.com\/shop\/\"},{\"@type\":\"ListItem\",\"position\":3,\"name\":\"Goldenrod\"}]},{\"@type\":\"WebSite\",\"@id\":\"https:\/\/wpguerssen-test.odoo.rgbconsulting.com\/es\/#website\",\"url\":\"https:\/\/wpguerssen-test.odoo.rgbconsulting.com\/es\/\",\"name\":\"Guerssen records\",\"description\":\"psychedelia - progressive - folk - garage \",\"publisher\":{\"@id\":\"https:\/\/wpguerssen-test.odoo.rgbconsulting.com\/es\/#organization\"},\"potentialAction\":[{\"@type\":\"SearchAction\",\"target\":{\"@type\":\"EntryPoint\",\"urlTemplate\":\"https:\/\/wpguerssen-test.odoo.rgbconsulting.com\/es\/?s={search_term_string}\"},\"query-input\":{\"@type\":\"PropertyValueSpecification\",\"valueRequired\":true,\"valueName\":\"search_term_string\"}}],\"inLanguage\":\"es\"},{\"@type\":\"Organization\",\"@id\":\"https:\/\/wpguerssen-test.odoo.rgbconsulting.com\/es\/#organization\",\"name\":\"Guerssen records\",\"url\":\"https:\/\/wpguerssen-test.odoo.rgbconsulting.com\/es\/\",\"logo\":{\"@type\":\"ImageObject\",\"inLanguage\":\"es\",\"@id\":\"https:\/\/wpguerssen-test.odoo.rgbconsulting.com\/es\/#\/schema\/logo\/image\/\",\"url\":\"https:\/\/wpguerssen-test.odoo.rgbconsulting.com\/wp-content\/uploads\/2022\/04\/Logo_Guerssen_trans_100.png\",\"contentUrl\":\"https:\/\/wpguerssen-test.odoo.rgbconsulting.com\/wp-content\/uploads\/2022\/04\/Logo_Guerssen_trans_100.png\",\"width\":122,\"height\":100,\"caption\":\"Guerssen records\"},\"image\":{\"@id\":\"https:\/\/wpguerssen-test.odoo.rgbconsulting.com\/es\/#\/schema\/logo\/image\/\"}}]}<\/script>\n<!-- \/ Yoast SEO plugin. -->","yoast_head_json":{"title":"GOLDENROD - Goldenrod -  (LP) | Guerssen","description":"The Vietnam war, the excruciating motto 'turn on, tune in, drop out', all of a sudden we were in a new era, just across the lysergic exploitation and the political turmoil. The self-titled album by American trio Goldenrod was released on a small run in 1969 on the enigmatic Chartmaker. An instrumental album full of extended and improvised jam recorded in their hometown of Los Angeles. It comprises of just four tracks, enough for an essential trip. Titles such as \"Karmic Dream Sequence\" and \"Descent Of The Cyclopeans\" offers a new exploratory vision, between the past and the future. Goldenrod was a rare metaphysical drug experience you wouldn't miss again! All three band members met while playing behind The Fifth Dimension and they had earlier played with Ballroom who were a pre- The Millennium-Sagittarius band. After all the three members became all of a sudden top LA session men. Jerry Scheff went on to play with The Millennium (the Californian super group led by Curt Boettcher, basically consisting of psychedelic rock musicians) while Ben Benay appeared in the blues-rock outfit Funzone in the seventies.","robots":{"index":"index","follow":"follow","max-snippet":"max-snippet:-1","max-image-preview":"max-image-preview:large","max-video-preview":"max-video-preview:-1"},"canonical":"https:\/\/wpguerssen-test.odoo.rgbconsulting.com\/es\/producto\/goldenrod\/","og_locale":"es_ES","og_type":"article","og_title":"GOLDENROD - Goldenrod -  (LP) | Guerssen","og_description":"The Vietnam war, the excruciating motto 'turn on, tune in, drop out', all of a sudden we were in a new era, just across the lysergic exploitation and the political turmoil. The self-titled album by American trio Goldenrod was released on a small run in 1969 on the enigmatic Chartmaker. An instrumental album full of extended and improvised jam recorded in their hometown of Los Angeles. It comprises of just four tracks, enough for an essential trip. Titles such as \"Karmic Dream Sequence\" and \"Descent Of The Cyclopeans\" offers a new exploratory vision, between the past and the future. Goldenrod was a rare metaphysical drug experience you wouldn't miss again! All three band members met while playing behind The Fifth Dimension and they had earlier played with Ballroom who were a pre- The Millennium-Sagittarius band. After all the three members became all of a sudden top LA session men. Jerry Scheff went on to play with The Millennium (the Californian super group led by Curt Boettcher, basically consisting of psychedelic rock musicians) while Ben Benay appeared in the blues-rock outfit Funzone in the seventies.","og_url":"https:\/\/wpguerssen-test.odoo.rgbconsulting.com\/es\/producto\/goldenrod\/","og_site_name":"Guerssen records","article_modified_time":"2025-01-30T15:51:24+00:00","og_image":[{"width":905,"height":915,"url":"https:\/\/wpguerssen-test.odoo.rgbconsulting.com\/wp-content\/uploads\/2022\/06\/41381.jpg","type":"image\/png"}],"twitter_card":"summary_large_image","twitter_title":"GOLDENROD - Goldenrod -  (LP) | Guerssen","twitter_misc":{"Tiempo de lectura":"1 minuto"},"schema":{"@context":"https:\/\/schema.org","@graph":[{"@type":"WebPage","@id":"https:\/\/wpguerssen-test.odoo.rgbconsulting.com\/es\/producto\/goldenrod\/","url":"https:\/\/wpguerssen-test.odoo.rgbconsulting.com\/es\/producto\/goldenrod\/","name":"GOLDENROD - Goldenrod - (LP) | Guerssen","isPartOf":{"@id":"https:\/\/wpguerssen-test.odoo.rgbconsulting.com\/es\/#website"},"primaryImageOfPage":{"@id":"https:\/\/wpguerssen-test.odoo.rgbconsulting.com\/es\/producto\/goldenrod\/#primaryimage"},"image":{"@id":"https:\/\/wpguerssen-test.odoo.rgbconsulting.com\/es\/producto\/goldenrod\/#primaryimage"},"thumbnailUrl":"https:\/\/wpguerssen-test.odoo.rgbconsulting.com\/wp-content\/uploads\/2022\/06\/41381.jpg","datePublished":"2022-07-13T22:00:00+00:00","dateModified":"2025-01-30T15:51:24+00:00","description":"The Vietnam war, the excruciating motto 'turn on, tune in, drop out', all of a sudden we were in a new era, just across the lysergic exploitation and the political turmoil. The self-titled album by American trio Goldenrod was released on a small run in 1969 on the enigmatic Chartmaker. An instrumental album full of extended and improvised jam recorded in their hometown of Los Angeles. It comprises of just four tracks, enough for an essential trip. Titles such as \"Karmic Dream Sequence\" and \"Descent Of The Cyclopeans\" offers a new exploratory vision, between the past and the future. Goldenrod was a rare metaphysical drug experience you wouldn't miss again! All three band members met while playing behind The Fifth Dimension and they had earlier played with Ballroom who were a pre- The Millennium-Sagittarius band. After all the three members became all of a sudden top LA session men. Jerry Scheff went on to play with The Millennium (the Californian super group led by Curt Boettcher, basically consisting of psychedelic rock musicians) while Ben Benay appeared in the blues-rock outfit Funzone in the seventies.","breadcrumb":{"@id":"https:\/\/wpguerssen-test.odoo.rgbconsulting.com\/es\/producto\/goldenrod\/#breadcrumb"},"inLanguage":"es","potentialAction":[{"@type":"ReadAction","target":["https:\/\/wpguerssen-test.odoo.rgbconsulting.com\/es\/producto\/goldenrod\/"]}]},{"@type":"ImageObject","inLanguage":"es","@id":"https:\/\/wpguerssen-test.odoo.rgbconsulting.com\/es\/producto\/goldenrod\/#primaryimage","url":"https:\/\/wpguerssen-test.odoo.rgbconsulting.com\/wp-content\/uploads\/2022\/06\/41381.jpg","contentUrl":"https:\/\/wpguerssen-test.odoo.rgbconsulting.com\/wp-content\/uploads\/2022\/06\/41381.jpg","width":905,"height":915},{"@type":"BreadcrumbList","@id":"https:\/\/wpguerssen-test.odoo.rgbconsulting.com\/es\/producto\/goldenrod\/#breadcrumb","itemListElement":[{"@type":"ListItem","position":1,"name":"Inicio","item":"https:\/\/wpguerssen-test.odoo.rgbconsulting.com\/es\/"},{"@type":"ListItem","position":2,"name":"Shop","item":"https:\/\/wpguerssen-test.odoo.rgbconsulting.com\/shop\/"},{"@type":"ListItem","position":3,"name":"Goldenrod"}]},{"@type":"WebSite","@id":"https:\/\/wpguerssen-test.odoo.rgbconsulting.com\/es\/#website","url":"https:\/\/wpguerssen-test.odoo.rgbconsulting.com\/es\/","name":"Guerssen records","description":"psychedelia - progressive - folk - garage ","publisher":{"@id":"https:\/\/wpguerssen-test.odoo.rgbconsulting.com\/es\/#organization"},"potentialAction":[{"@type":"SearchAction","target":{"@type":"EntryPoint","urlTemplate":"https:\/\/wpguerssen-test.odoo.rgbconsulting.com\/es\/?s={search_term_string}"},"query-input":{"@type":"PropertyValueSpecification","valueRequired":true,"valueName":"search_term_string"}}],"inLanguage":"es"},{"@type":"Organization","@id":"https:\/\/wpguerssen-test.odoo.rgbconsulting.com\/es\/#organization","name":"Guerssen records","url":"https:\/\/wpguerssen-test.odoo.rgbconsulting.com\/es\/","logo":{"@type":"ImageObject","inLanguage":"es","@id":"https:\/\/wpguerssen-test.odoo.rgbconsulting.com\/es\/#\/schema\/logo\/image\/","url":"https:\/\/wpguerssen-test.odoo.rgbconsulting.com\/wp-content\/uploads\/2022\/04\/Logo_Guerssen_trans_100.png","contentUrl":"https:\/\/wpguerssen-test.odoo.rgbconsulting.com\/wp-content\/uploads\/2022\/04\/Logo_Guerssen_trans_100.png","width":122,"height":100,"caption":"Guerssen records"},"image":{"@id":"https:\/\/wpguerssen-test.odoo.rgbconsulting.com\/es\/#\/schema\/logo\/image\/"}}]}},"_links":{"self":[{"href":"https:\/\/wpguerssen-test.odoo.rgbconsulting.com\/es\/wp-json\/wp\/v2\/product\/216136","targetHints":{"allow":["GET"]}}],"collection":[{"href":"https:\/\/wpguerssen-test.odoo.rgbconsulting.com\/es\/wp-json\/wp\/v2\/product"}],"about":[{"href":"https:\/\/wpguerssen-test.odoo.rgbconsulting.com\/es\/wp-json\/wp\/v2\/types\/product"}],"wp:featuredmedia":[{"embeddable":true,"href":"https:\/\/wpguerssen-test.odoo.rgbconsulting.com\/es\/wp-json\/wp\/v2\/media\/213254"}],"wp:attachment":[{"href":"https:\/\/wpguerssen-test.odoo.rgbconsulting.com\/es\/wp-json\/wp\/v2\/media?parent=216136"}],"wp:term":[{"taxonomy":"product_brand","embeddable":true,"href":"https:\/\/wpguerssen-test.odoo.rgbconsulting.com\/es\/wp-json\/wp\/v2\/product_brand?post=216136"},{"taxonomy":"product_cat","embeddable":true,"href":"https:\/\/wpguerssen-test.odoo.rgbconsulting.com\/es\/wp-json\/wp\/v2\/product_cat?post=216136"},{"taxonomy":"product_tag","embeddable":true,"href":"https:\/\/wpguerssen-test.odoo.rgbconsulting.com\/es\/wp-json\/wp\/v2\/product_tag?post=216136"}],"curies":[{"name":"wp","href":"https:\/\/api.w.org\/{rel}","templated":true}]}}