{"id":216141,"date":"2022-07-14T00:00:00","date_gmt":"2022-07-13T22:00:00","guid":{"rendered":"https:\/\/wpguerssen-test.odoo.rgbconsulting.com\/product\/out-of-the-woods\/"},"modified":"2024-10-01T18:46:03","modified_gmt":"2024-10-01T16:46:03","slug":"out-of-the-woods","status":"publish","type":"product","link":"https:\/\/wpguerssen-test.odoo.rgbconsulting.com\/es\/producto\/out-of-the-woods\/","title":{"rendered":"Out Of The Woods"},"content":{"rendered":"<p>\u00a1Reedici\u00f3n oficial! Carol Woods naci\u00f3 en Jamaica, Nueva York en 1943. Fue profundamente influenciada por su abuelo, un ministro pentecostal, y su madre Marion Jones, lo que la llev\u00f3 a convertirse en la cantante principal del coro de la iglesia local. Un \u00e1lbum conmovedor agotado hace mucho tiempo. Grabado en Londres y publicado en Ember (sello brit\u00e1nico formado a principios de la d\u00e9cada de 1960 por Jeffrey S. Kruger, propietario del Flamingo Club de Londres) en 1971. Las voces de Woods son plenas y ricas, y el disco tiene una especie de onda post-Supremes con un enfoque obvio en los setenta.<\/p>\n","protected":false},"excerpt":{"rendered":"<p>\u00a1Reedici\u00f3n oficial! Carol Woods naci\u00f3 en Jamaica, Nueva York en 1943. Fue profundamente influenciada por su abuelo, un ministro pentecostal, y su madre Marion Jones,<a class=\"read\" href=\"https:\/\/wpguerssen-test.odoo.rgbconsulting.com\/es\/producto\/out-of-the-woods\/\"> (...)<\/a>","protected":false},"featured_media":214673,"template":"","meta":{"_acf_changed":false},"product_brand":[],"product_cat":[21649,23219],"product_tag":[],"class_list":{"0":"post-216141","1":"product","2":"type-product","3":"status-publish","4":"has-post-thumbnail","6":"product_cat-soul-rnb-es","7":"product_cat-funk-es","8":"pa_artist-woods-carol-es","9":"pa_format-lp-es","10":"pa_gender-soul-rnb-funk","11":"pa_label-soulgramma-es","12":"pa_location-north-america-es","13":"pa_other-filters-vinyl-only-es","15":"first","16":"instock","17":"taxable","18":"shipping-taxable","19":"purchasable","20":"product-type-simple"},"acf":[],"yoast_head":"<!-- This site is optimized with the Yoast SEO plugin v24.9 - https:\/\/yoast.com\/wordpress\/plugins\/seo\/ -->\n<title>WOODS, Carol - Out Of The Woods -  (LP) | Guerssen<\/title>\n<meta name=\"description\" content=\"Fully licensed ! 180 gr. vinyl Carol Woods was born in Jamaica, New York in 1943. She was deeply influenced by her grandfather, a Pentecostal minister, and her mother Marion Jones, which led her to become lead singer with the local church choir. A necessary soulful album long out of print. Recorded in London and published on Ember (british label formed in the early 1960s by club owner and promoter Jeffrey S. Kruger, owner of the Flamingo Club, London) in 1971, &#039;Out Of the Woods&#039; is still a shiny gem on its own. The four tracks on her singles were included and the rhythm section backing tracks for the remainder were put down by Beau Ray Fleming (well known for his studio work with Mandrill) in New York. Ember s producer, Mike Berry, then added Carol s vocals and the horn section. Woods&#039; vocals are full and rich and the record has a sort of post-Supremes vibe with an obvious seventies approach. Since that time Carol has found success in stage musicals, such as One Mo Time where she took over the role of Big Bertha Williams, the hard drinking Vaudeville star. She has also appeared in movies, including Eddie Murphy &#039;Raw&#039; where she played Eddie s aunt.\" \/>\n<meta name=\"robots\" content=\"index, follow, max-snippet:-1, max-image-preview:large, max-video-preview:-1\" \/>\n<link rel=\"canonical\" href=\"https:\/\/wpguerssen-test.odoo.rgbconsulting.com\/es\/producto\/out-of-the-woods\/\" \/>\n<meta property=\"og:locale\" content=\"es_ES\" \/>\n<meta property=\"og:type\" content=\"article\" \/>\n<meta property=\"og:title\" content=\"WOODS, Carol - Out Of The Woods -  (LP) | Guerssen\" \/>\n<meta property=\"og:description\" content=\"Fully licensed ! 180 gr. vinyl Carol Woods was born in Jamaica, New York in 1943. She was deeply influenced by her grandfather, a Pentecostal minister, and her mother Marion Jones, which led her to become lead singer with the local church choir. A necessary soulful album long out of print. Recorded in London and published on Ember (british label formed in the early 1960s by club owner and promoter Jeffrey S. Kruger, owner of the Flamingo Club, London) in 1971, &#039;Out Of the Woods&#039; is still a shiny gem on its own. The four tracks on her singles were included and the rhythm section backing tracks for the remainder were put down by Beau Ray Fleming (well known for his studio work with Mandrill) in New York. Ember s producer, Mike Berry, then added Carol s vocals and the horn section. Woods&#039; vocals are full and rich and the record has a sort of post-Supremes vibe with an obvious seventies approach. Since that time Carol has found success in stage musicals, such as One Mo Time where she took over the role of Big Bertha Williams, the hard drinking Vaudeville star. She has also appeared in movies, including Eddie Murphy &#039;Raw&#039; where she played Eddie s aunt.\" \/>\n<meta property=\"og:url\" content=\"https:\/\/wpguerssen-test.odoo.rgbconsulting.com\/es\/producto\/out-of-the-woods\/\" \/>\n<meta property=\"og:site_name\" content=\"Guerssen records\" \/>\n<meta property=\"article:modified_time\" content=\"2024-10-01T16:46:03+00:00\" \/>\n<meta property=\"og:image\" content=\"https:\/\/wpguerssen-test.odoo.rgbconsulting.com\/wp-content\/uploads\/2022\/07\/41425.jpg\" \/>\n\t<meta property=\"og:image:width\" content=\"893\" \/>\n\t<meta property=\"og:image:height\" content=\"894\" \/>\n\t<meta property=\"og:image:type\" content=\"image\/png\" \/>\n<meta name=\"twitter:card\" content=\"summary_large_image\" \/>\n<meta name=\"twitter:title\" content=\"WOODS, Carol - Out Of The Woods -  (LP) | Guerssen\" \/>\n<meta name=\"twitter:label1\" content=\"Tiempo de lectura\" \/>\n\t<meta name=\"twitter:data1\" content=\"1 minuto\" \/>\n<script type=\"application\/ld+json\" class=\"yoast-schema-graph\">{\"@context\":\"https:\/\/schema.org\",\"@graph\":[{\"@type\":\"WebPage\",\"@id\":\"https:\/\/wpguerssen-test.odoo.rgbconsulting.com\/es\/producto\/out-of-the-woods\/\",\"url\":\"https:\/\/wpguerssen-test.odoo.rgbconsulting.com\/es\/producto\/out-of-the-woods\/\",\"name\":\"WOODS, Carol - Out Of The Woods - (LP) | Guerssen\",\"isPartOf\":{\"@id\":\"https:\/\/wpguerssen-test.odoo.rgbconsulting.com\/es\/#website\"},\"primaryImageOfPage\":{\"@id\":\"https:\/\/wpguerssen-test.odoo.rgbconsulting.com\/es\/producto\/out-of-the-woods\/#primaryimage\"},\"image\":{\"@id\":\"https:\/\/wpguerssen-test.odoo.rgbconsulting.com\/es\/producto\/out-of-the-woods\/#primaryimage\"},\"thumbnailUrl\":\"https:\/\/wpguerssen-test.odoo.rgbconsulting.com\/wp-content\/uploads\/2022\/07\/41425.jpg\",\"datePublished\":\"2022-07-13T22:00:00+00:00\",\"dateModified\":\"2024-10-01T16:46:03+00:00\",\"description\":\"Fully licensed ! 180 gr. vinyl Carol Woods was born in Jamaica, New York in 1943. She was deeply influenced by her grandfather, a Pentecostal minister, and her mother Marion Jones, which led her to become lead singer with the local church choir. A necessary soulful album long out of print. Recorded in London and published on Ember (british label formed in the early 1960s by club owner and promoter Jeffrey S. Kruger, owner of the Flamingo Club, London) in 1971, 'Out Of the Woods' is still a shiny gem on its own. The four tracks on her singles were included and the rhythm section backing tracks for the remainder were put down by Beau Ray Fleming (well known for his studio work with Mandrill) in New York. Ember s producer, Mike Berry, then added Carol s vocals and the horn section. Woods' vocals are full and rich and the record has a sort of post-Supremes vibe with an obvious seventies approach. Since that time Carol has found success in stage musicals, such as One Mo Time where she took over the role of Big Bertha Williams, the hard drinking Vaudeville star. She has also appeared in movies, including Eddie Murphy 'Raw' where she played Eddie s aunt.\",\"breadcrumb\":{\"@id\":\"https:\/\/wpguerssen-test.odoo.rgbconsulting.com\/es\/producto\/out-of-the-woods\/#breadcrumb\"},\"inLanguage\":\"es\",\"potentialAction\":[{\"@type\":\"ReadAction\",\"target\":[\"https:\/\/wpguerssen-test.odoo.rgbconsulting.com\/es\/producto\/out-of-the-woods\/\"]}]},{\"@type\":\"ImageObject\",\"inLanguage\":\"es\",\"@id\":\"https:\/\/wpguerssen-test.odoo.rgbconsulting.com\/es\/producto\/out-of-the-woods\/#primaryimage\",\"url\":\"https:\/\/wpguerssen-test.odoo.rgbconsulting.com\/wp-content\/uploads\/2022\/07\/41425.jpg\",\"contentUrl\":\"https:\/\/wpguerssen-test.odoo.rgbconsulting.com\/wp-content\/uploads\/2022\/07\/41425.jpg\",\"width\":893,\"height\":894,\"caption\":\"Carol - Out Of The Woods - SOULGRAMMA (LP) | Guerssen\"},{\"@type\":\"BreadcrumbList\",\"@id\":\"https:\/\/wpguerssen-test.odoo.rgbconsulting.com\/es\/producto\/out-of-the-woods\/#breadcrumb\",\"itemListElement\":[{\"@type\":\"ListItem\",\"position\":1,\"name\":\"Inicio\",\"item\":\"https:\/\/wpguerssen-test.odoo.rgbconsulting.com\/es\/\"},{\"@type\":\"ListItem\",\"position\":2,\"name\":\"Shop\",\"item\":\"https:\/\/wpguerssen-test.odoo.rgbconsulting.com\/shop\/\"},{\"@type\":\"ListItem\",\"position\":3,\"name\":\"Out Of The Woods\"}]},{\"@type\":\"WebSite\",\"@id\":\"https:\/\/wpguerssen-test.odoo.rgbconsulting.com\/es\/#website\",\"url\":\"https:\/\/wpguerssen-test.odoo.rgbconsulting.com\/es\/\",\"name\":\"Guerssen records\",\"description\":\"psychedelia - progressive - folk - garage \",\"publisher\":{\"@id\":\"https:\/\/wpguerssen-test.odoo.rgbconsulting.com\/es\/#organization\"},\"potentialAction\":[{\"@type\":\"SearchAction\",\"target\":{\"@type\":\"EntryPoint\",\"urlTemplate\":\"https:\/\/wpguerssen-test.odoo.rgbconsulting.com\/es\/?s={search_term_string}\"},\"query-input\":{\"@type\":\"PropertyValueSpecification\",\"valueRequired\":true,\"valueName\":\"search_term_string\"}}],\"inLanguage\":\"es\"},{\"@type\":\"Organization\",\"@id\":\"https:\/\/wpguerssen-test.odoo.rgbconsulting.com\/es\/#organization\",\"name\":\"Guerssen records\",\"url\":\"https:\/\/wpguerssen-test.odoo.rgbconsulting.com\/es\/\",\"logo\":{\"@type\":\"ImageObject\",\"inLanguage\":\"es\",\"@id\":\"https:\/\/wpguerssen-test.odoo.rgbconsulting.com\/es\/#\/schema\/logo\/image\/\",\"url\":\"https:\/\/wpguerssen-test.odoo.rgbconsulting.com\/wp-content\/uploads\/2022\/04\/Logo_Guerssen_trans_100.png\",\"contentUrl\":\"https:\/\/wpguerssen-test.odoo.rgbconsulting.com\/wp-content\/uploads\/2022\/04\/Logo_Guerssen_trans_100.png\",\"width\":122,\"height\":100,\"caption\":\"Guerssen records\"},\"image\":{\"@id\":\"https:\/\/wpguerssen-test.odoo.rgbconsulting.com\/es\/#\/schema\/logo\/image\/\"}}]}<\/script>\n<!-- \/ Yoast SEO plugin. -->","yoast_head_json":{"title":"WOODS, Carol - Out Of The Woods -  (LP) | Guerssen","description":"Fully licensed ! 180 gr. vinyl Carol Woods was born in Jamaica, New York in 1943. She was deeply influenced by her grandfather, a Pentecostal minister, and her mother Marion Jones, which led her to become lead singer with the local church choir. A necessary soulful album long out of print. Recorded in London and published on Ember (british label formed in the early 1960s by club owner and promoter Jeffrey S. Kruger, owner of the Flamingo Club, London) in 1971, 'Out Of the Woods' is still a shiny gem on its own. The four tracks on her singles were included and the rhythm section backing tracks for the remainder were put down by Beau Ray Fleming (well known for his studio work with Mandrill) in New York. Ember s producer, Mike Berry, then added Carol s vocals and the horn section. Woods' vocals are full and rich and the record has a sort of post-Supremes vibe with an obvious seventies approach. Since that time Carol has found success in stage musicals, such as One Mo Time where she took over the role of Big Bertha Williams, the hard drinking Vaudeville star. She has also appeared in movies, including Eddie Murphy 'Raw' where she played Eddie s aunt.","robots":{"index":"index","follow":"follow","max-snippet":"max-snippet:-1","max-image-preview":"max-image-preview:large","max-video-preview":"max-video-preview:-1"},"canonical":"https:\/\/wpguerssen-test.odoo.rgbconsulting.com\/es\/producto\/out-of-the-woods\/","og_locale":"es_ES","og_type":"article","og_title":"WOODS, Carol - Out Of The Woods -  (LP) | Guerssen","og_description":"Fully licensed ! 180 gr. vinyl Carol Woods was born in Jamaica, New York in 1943. She was deeply influenced by her grandfather, a Pentecostal minister, and her mother Marion Jones, which led her to become lead singer with the local church choir. A necessary soulful album long out of print. Recorded in London and published on Ember (british label formed in the early 1960s by club owner and promoter Jeffrey S. Kruger, owner of the Flamingo Club, London) in 1971, 'Out Of the Woods' is still a shiny gem on its own. The four tracks on her singles were included and the rhythm section backing tracks for the remainder were put down by Beau Ray Fleming (well known for his studio work with Mandrill) in New York. Ember s producer, Mike Berry, then added Carol s vocals and the horn section. Woods' vocals are full and rich and the record has a sort of post-Supremes vibe with an obvious seventies approach. Since that time Carol has found success in stage musicals, such as One Mo Time where she took over the role of Big Bertha Williams, the hard drinking Vaudeville star. She has also appeared in movies, including Eddie Murphy 'Raw' where she played Eddie s aunt.","og_url":"https:\/\/wpguerssen-test.odoo.rgbconsulting.com\/es\/producto\/out-of-the-woods\/","og_site_name":"Guerssen records","article_modified_time":"2024-10-01T16:46:03+00:00","og_image":[{"width":893,"height":894,"url":"https:\/\/wpguerssen-test.odoo.rgbconsulting.com\/wp-content\/uploads\/2022\/07\/41425.jpg","type":"image\/png"}],"twitter_card":"summary_large_image","twitter_title":"WOODS, Carol - Out Of The Woods -  (LP) | Guerssen","twitter_misc":{"Tiempo de lectura":"1 minuto"},"schema":{"@context":"https:\/\/schema.org","@graph":[{"@type":"WebPage","@id":"https:\/\/wpguerssen-test.odoo.rgbconsulting.com\/es\/producto\/out-of-the-woods\/","url":"https:\/\/wpguerssen-test.odoo.rgbconsulting.com\/es\/producto\/out-of-the-woods\/","name":"WOODS, Carol - Out Of The Woods - (LP) | Guerssen","isPartOf":{"@id":"https:\/\/wpguerssen-test.odoo.rgbconsulting.com\/es\/#website"},"primaryImageOfPage":{"@id":"https:\/\/wpguerssen-test.odoo.rgbconsulting.com\/es\/producto\/out-of-the-woods\/#primaryimage"},"image":{"@id":"https:\/\/wpguerssen-test.odoo.rgbconsulting.com\/es\/producto\/out-of-the-woods\/#primaryimage"},"thumbnailUrl":"https:\/\/wpguerssen-test.odoo.rgbconsulting.com\/wp-content\/uploads\/2022\/07\/41425.jpg","datePublished":"2022-07-13T22:00:00+00:00","dateModified":"2024-10-01T16:46:03+00:00","description":"Fully licensed ! 180 gr. vinyl Carol Woods was born in Jamaica, New York in 1943. She was deeply influenced by her grandfather, a Pentecostal minister, and her mother Marion Jones, which led her to become lead singer with the local church choir. A necessary soulful album long out of print. Recorded in London and published on Ember (british label formed in the early 1960s by club owner and promoter Jeffrey S. Kruger, owner of the Flamingo Club, London) in 1971, 'Out Of the Woods' is still a shiny gem on its own. The four tracks on her singles were included and the rhythm section backing tracks for the remainder were put down by Beau Ray Fleming (well known for his studio work with Mandrill) in New York. Ember s producer, Mike Berry, then added Carol s vocals and the horn section. Woods' vocals are full and rich and the record has a sort of post-Supremes vibe with an obvious seventies approach. Since that time Carol has found success in stage musicals, such as One Mo Time where she took over the role of Big Bertha Williams, the hard drinking Vaudeville star. She has also appeared in movies, including Eddie Murphy 'Raw' where she played Eddie s aunt.","breadcrumb":{"@id":"https:\/\/wpguerssen-test.odoo.rgbconsulting.com\/es\/producto\/out-of-the-woods\/#breadcrumb"},"inLanguage":"es","potentialAction":[{"@type":"ReadAction","target":["https:\/\/wpguerssen-test.odoo.rgbconsulting.com\/es\/producto\/out-of-the-woods\/"]}]},{"@type":"ImageObject","inLanguage":"es","@id":"https:\/\/wpguerssen-test.odoo.rgbconsulting.com\/es\/producto\/out-of-the-woods\/#primaryimage","url":"https:\/\/wpguerssen-test.odoo.rgbconsulting.com\/wp-content\/uploads\/2022\/07\/41425.jpg","contentUrl":"https:\/\/wpguerssen-test.odoo.rgbconsulting.com\/wp-content\/uploads\/2022\/07\/41425.jpg","width":893,"height":894,"caption":"Carol - Out Of The Woods - SOULGRAMMA (LP) | Guerssen"},{"@type":"BreadcrumbList","@id":"https:\/\/wpguerssen-test.odoo.rgbconsulting.com\/es\/producto\/out-of-the-woods\/#breadcrumb","itemListElement":[{"@type":"ListItem","position":1,"name":"Inicio","item":"https:\/\/wpguerssen-test.odoo.rgbconsulting.com\/es\/"},{"@type":"ListItem","position":2,"name":"Shop","item":"https:\/\/wpguerssen-test.odoo.rgbconsulting.com\/shop\/"},{"@type":"ListItem","position":3,"name":"Out Of The Woods"}]},{"@type":"WebSite","@id":"https:\/\/wpguerssen-test.odoo.rgbconsulting.com\/es\/#website","url":"https:\/\/wpguerssen-test.odoo.rgbconsulting.com\/es\/","name":"Guerssen records","description":"psychedelia - progressive - folk - garage ","publisher":{"@id":"https:\/\/wpguerssen-test.odoo.rgbconsulting.com\/es\/#organization"},"potentialAction":[{"@type":"SearchAction","target":{"@type":"EntryPoint","urlTemplate":"https:\/\/wpguerssen-test.odoo.rgbconsulting.com\/es\/?s={search_term_string}"},"query-input":{"@type":"PropertyValueSpecification","valueRequired":true,"valueName":"search_term_string"}}],"inLanguage":"es"},{"@type":"Organization","@id":"https:\/\/wpguerssen-test.odoo.rgbconsulting.com\/es\/#organization","name":"Guerssen records","url":"https:\/\/wpguerssen-test.odoo.rgbconsulting.com\/es\/","logo":{"@type":"ImageObject","inLanguage":"es","@id":"https:\/\/wpguerssen-test.odoo.rgbconsulting.com\/es\/#\/schema\/logo\/image\/","url":"https:\/\/wpguerssen-test.odoo.rgbconsulting.com\/wp-content\/uploads\/2022\/04\/Logo_Guerssen_trans_100.png","contentUrl":"https:\/\/wpguerssen-test.odoo.rgbconsulting.com\/wp-content\/uploads\/2022\/04\/Logo_Guerssen_trans_100.png","width":122,"height":100,"caption":"Guerssen records"},"image":{"@id":"https:\/\/wpguerssen-test.odoo.rgbconsulting.com\/es\/#\/schema\/logo\/image\/"}}]}},"_links":{"self":[{"href":"https:\/\/wpguerssen-test.odoo.rgbconsulting.com\/es\/wp-json\/wp\/v2\/product\/216141","targetHints":{"allow":["GET"]}}],"collection":[{"href":"https:\/\/wpguerssen-test.odoo.rgbconsulting.com\/es\/wp-json\/wp\/v2\/product"}],"about":[{"href":"https:\/\/wpguerssen-test.odoo.rgbconsulting.com\/es\/wp-json\/wp\/v2\/types\/product"}],"wp:featuredmedia":[{"embeddable":true,"href":"https:\/\/wpguerssen-test.odoo.rgbconsulting.com\/es\/wp-json\/wp\/v2\/media\/214673"}],"wp:attachment":[{"href":"https:\/\/wpguerssen-test.odoo.rgbconsulting.com\/es\/wp-json\/wp\/v2\/media?parent=216141"}],"wp:term":[{"taxonomy":"product_brand","embeddable":true,"href":"https:\/\/wpguerssen-test.odoo.rgbconsulting.com\/es\/wp-json\/wp\/v2\/product_brand?post=216141"},{"taxonomy":"product_cat","embeddable":true,"href":"https:\/\/wpguerssen-test.odoo.rgbconsulting.com\/es\/wp-json\/wp\/v2\/product_cat?post=216141"},{"taxonomy":"product_tag","embeddable":true,"href":"https:\/\/wpguerssen-test.odoo.rgbconsulting.com\/es\/wp-json\/wp\/v2\/product_tag?post=216141"}],"curies":[{"name":"wp","href":"https:\/\/api.w.org\/{rel}","templated":true}]}}