{"id":216142,"date":"2025-04-01T00:00:00","date_gmt":"2025-03-31T22:00:00","guid":{"rendered":"https:\/\/wpguerssen-test.odoo.rgbconsulting.com\/product\/computer-sourire\/"},"modified":"2025-04-04T12:29:03","modified_gmt":"2025-04-04T10:29:03","slug":"computer-sourire-clear","status":"publish","type":"product","link":"https:\/\/wpguerssen-test.odoo.rgbconsulting.com\/es\/producto\/computer-sourire-clear\/","title":{"rendered":"Computer Sourire (Clear)"},"content":{"rendered":"<p>\u00a1REPRESS! Otro cap\u00edtulo m\u00e1s en la actual saga de Alexander Robotnick. El mago de la electr\u00f3nica Maurizio Dami obtuvo la licencia de su segundo sencillo en 1983 en la &#8216;serie de clubes&#8217; Fuzz Dance de Materiali Sonori. Despu\u00e9s del sorprendente y sorprendente \u00e9xito de su debut, Probl\u00e8mes D&#8217;Amour, Robotnick se convirti\u00f3 en una especie de figura de culto incluso en los Estados Unidos y pronto fue etiquetado como un precursor del movimiento electro.<\/p>\n","protected":false},"excerpt":{"rendered":"<p>\u00a1REPRESS! Otro cap\u00edtulo m\u00e1s en la actual saga de Alexander Robotnick. El mago de la electr\u00f3nica Maurizio Dami obtuvo la licencia de su segundo sencillo en 1983<a class=\"read\" href=\"https:\/\/wpguerssen-test.odoo.rgbconsulting.com\/es\/producto\/computer-sourire-clear\/\"> (...)<\/a>","protected":false},"featured_media":214675,"template":"","meta":{"_acf_changed":false},"product_brand":[],"product_cat":[23266],"product_tag":[29140,24185,24190],"class_list":{"0":"post-216142","1":"product","2":"type-product","3":"status-publish","4":"has-post-thumbnail","6":"product_cat-electronic-es","7":"product_tag-color-vinyl-es","8":"product_tag-de-nuevo-en-existencia","9":"product_tag-sales-es","10":"pa_artist-robotnick-alexander-es","11":"pa_format-maxi","12":"pa_gender-electronic","13":"pa_label-lantern-rec-es","14":"pa_location-north-america-es","15":"pa_other-filters-vinyl-only-es","17":"first","18":"instock","19":"taxable","20":"shipping-taxable","21":"purchasable","22":"product-type-simple"},"acf":[],"yoast_head":"<!-- This site is optimized with the Yoast SEO plugin v24.9 - https:\/\/yoast.com\/wordpress\/plugins\/seo\/ -->\n<title>ROBOTNICK, Alexander - Computer Sourire (Clear) -  (MAXI) | Guerssen<\/title>\n<meta name=\"description\" content=\"REPRESS ! Yet another chapter in the ongoing Alexander Robotnick saga. Electronic wizard Maurizio Dami licensed his second single in 1983 on Materiali Sonori &#039;club series&#039; Fuzz Dance. After the surprising and astonishing success of the debut - Probl\u00e8mes D&#039;Amour - Robotnick became a sort of cult figure even in the United States and soon was labeled as a forerunner of the electro movement.\" \/>\n<meta name=\"robots\" content=\"index, follow, max-snippet:-1, max-image-preview:large, max-video-preview:-1\" \/>\n<link rel=\"canonical\" href=\"https:\/\/wpguerssen-test.odoo.rgbconsulting.com\/es\/producto\/computer-sourire-clear\/\" \/>\n<meta property=\"og:locale\" content=\"es_ES\" \/>\n<meta property=\"og:type\" content=\"article\" \/>\n<meta property=\"og:title\" content=\"ROBOTNICK, Alexander - Computer Sourire (Clear) -  (MAXI) | Guerssen\" \/>\n<meta property=\"og:description\" content=\"REPRESS ! Yet another chapter in the ongoing Alexander Robotnick saga. Electronic wizard Maurizio Dami licensed his second single in 1983 on Materiali Sonori &#039;club series&#039; Fuzz Dance. After the surprising and astonishing success of the debut - Probl\u00e8mes D&#039;Amour - Robotnick became a sort of cult figure even in the United States and soon was labeled as a forerunner of the electro movement.\" \/>\n<meta property=\"og:url\" content=\"https:\/\/wpguerssen-test.odoo.rgbconsulting.com\/es\/producto\/computer-sourire-clear\/\" \/>\n<meta property=\"og:site_name\" content=\"Guerssen records\" \/>\n<meta property=\"article:modified_time\" content=\"2025-04-04T10:29:03+00:00\" \/>\n<meta property=\"og:image\" content=\"https:\/\/wpguerssen-test.odoo.rgbconsulting.com\/wp-content\/uploads\/2022\/07\/41426.jpg\" \/>\n\t<meta property=\"og:image:width\" content=\"302\" \/>\n\t<meta property=\"og:image:height\" content=\"302\" \/>\n\t<meta property=\"og:image:type\" content=\"image\/jpeg\" \/>\n<meta name=\"twitter:card\" content=\"summary_large_image\" \/>\n<meta name=\"twitter:title\" content=\"ROBOTNICK, Alexander - Computer Sourire (Clear) -  (MAXI) | Guerssen\" \/>\n<script type=\"application\/ld+json\" class=\"yoast-schema-graph\">{\"@context\":\"https:\/\/schema.org\",\"@graph\":[{\"@type\":\"WebPage\",\"@id\":\"https:\/\/wpguerssen-test.odoo.rgbconsulting.com\/es\/producto\/computer-sourire-clear\/\",\"url\":\"https:\/\/wpguerssen-test.odoo.rgbconsulting.com\/es\/producto\/computer-sourire-clear\/\",\"name\":\"ROBOTNICK, Alexander - Computer Sourire (Clear) - (MAXI) | Guerssen\",\"isPartOf\":{\"@id\":\"https:\/\/wpguerssen-test.odoo.rgbconsulting.com\/es\/#website\"},\"primaryImageOfPage\":{\"@id\":\"https:\/\/wpguerssen-test.odoo.rgbconsulting.com\/es\/producto\/computer-sourire-clear\/#primaryimage\"},\"image\":{\"@id\":\"https:\/\/wpguerssen-test.odoo.rgbconsulting.com\/es\/producto\/computer-sourire-clear\/#primaryimage\"},\"thumbnailUrl\":\"https:\/\/wpguerssen-test.odoo.rgbconsulting.com\/wp-content\/uploads\/2022\/07\/41426.jpg\",\"datePublished\":\"2025-03-31T22:00:00+00:00\",\"dateModified\":\"2025-04-04T10:29:03+00:00\",\"description\":\"REPRESS ! Yet another chapter in the ongoing Alexander Robotnick saga. Electronic wizard Maurizio Dami licensed his second single in 1983 on Materiali Sonori 'club series' Fuzz Dance. After the surprising and astonishing success of the debut - Probl\u00e8mes D'Amour - Robotnick became a sort of cult figure even in the United States and soon was labeled as a forerunner of the electro movement.\",\"breadcrumb\":{\"@id\":\"https:\/\/wpguerssen-test.odoo.rgbconsulting.com\/es\/producto\/computer-sourire-clear\/#breadcrumb\"},\"inLanguage\":\"es\",\"potentialAction\":[{\"@type\":\"ReadAction\",\"target\":[\"https:\/\/wpguerssen-test.odoo.rgbconsulting.com\/es\/producto\/computer-sourire-clear\/\"]}]},{\"@type\":\"ImageObject\",\"inLanguage\":\"es\",\"@id\":\"https:\/\/wpguerssen-test.odoo.rgbconsulting.com\/es\/producto\/computer-sourire-clear\/#primaryimage\",\"url\":\"https:\/\/wpguerssen-test.odoo.rgbconsulting.com\/wp-content\/uploads\/2022\/07\/41426.jpg\",\"contentUrl\":\"https:\/\/wpguerssen-test.odoo.rgbconsulting.com\/wp-content\/uploads\/2022\/07\/41426.jpg\",\"width\":302,\"height\":302,\"caption\":\"Alexander - Computer Sourire (Clear) - LANTERN REC. (MAXI) | Guerssen\"},{\"@type\":\"BreadcrumbList\",\"@id\":\"https:\/\/wpguerssen-test.odoo.rgbconsulting.com\/es\/producto\/computer-sourire-clear\/#breadcrumb\",\"itemListElement\":[{\"@type\":\"ListItem\",\"position\":1,\"name\":\"Inicio\",\"item\":\"https:\/\/wpguerssen-test.odoo.rgbconsulting.com\/es\/\"},{\"@type\":\"ListItem\",\"position\":2,\"name\":\"Shop\",\"item\":\"https:\/\/wpguerssen-test.odoo.rgbconsulting.com\/shop\/\"},{\"@type\":\"ListItem\",\"position\":3,\"name\":\"Computer Sourire (Clear)\"}]},{\"@type\":\"WebSite\",\"@id\":\"https:\/\/wpguerssen-test.odoo.rgbconsulting.com\/es\/#website\",\"url\":\"https:\/\/wpguerssen-test.odoo.rgbconsulting.com\/es\/\",\"name\":\"Guerssen records\",\"description\":\"psychedelia - progressive - folk - garage \",\"publisher\":{\"@id\":\"https:\/\/wpguerssen-test.odoo.rgbconsulting.com\/es\/#organization\"},\"potentialAction\":[{\"@type\":\"SearchAction\",\"target\":{\"@type\":\"EntryPoint\",\"urlTemplate\":\"https:\/\/wpguerssen-test.odoo.rgbconsulting.com\/es\/?s={search_term_string}\"},\"query-input\":{\"@type\":\"PropertyValueSpecification\",\"valueRequired\":true,\"valueName\":\"search_term_string\"}}],\"inLanguage\":\"es\"},{\"@type\":\"Organization\",\"@id\":\"https:\/\/wpguerssen-test.odoo.rgbconsulting.com\/es\/#organization\",\"name\":\"Guerssen records\",\"url\":\"https:\/\/wpguerssen-test.odoo.rgbconsulting.com\/es\/\",\"logo\":{\"@type\":\"ImageObject\",\"inLanguage\":\"es\",\"@id\":\"https:\/\/wpguerssen-test.odoo.rgbconsulting.com\/es\/#\/schema\/logo\/image\/\",\"url\":\"https:\/\/wpguerssen-test.odoo.rgbconsulting.com\/wp-content\/uploads\/2022\/04\/Logo_Guerssen_trans_100.png\",\"contentUrl\":\"https:\/\/wpguerssen-test.odoo.rgbconsulting.com\/wp-content\/uploads\/2022\/04\/Logo_Guerssen_trans_100.png\",\"width\":122,\"height\":100,\"caption\":\"Guerssen records\"},\"image\":{\"@id\":\"https:\/\/wpguerssen-test.odoo.rgbconsulting.com\/es\/#\/schema\/logo\/image\/\"}}]}<\/script>\n<!-- \/ Yoast SEO plugin. -->","yoast_head_json":{"title":"ROBOTNICK, Alexander - Computer Sourire (Clear) -  (MAXI) | Guerssen","description":"REPRESS ! Yet another chapter in the ongoing Alexander Robotnick saga. Electronic wizard Maurizio Dami licensed his second single in 1983 on Materiali Sonori 'club series' Fuzz Dance. After the surprising and astonishing success of the debut - Probl\u00e8mes D'Amour - Robotnick became a sort of cult figure even in the United States and soon was labeled as a forerunner of the electro movement.","robots":{"index":"index","follow":"follow","max-snippet":"max-snippet:-1","max-image-preview":"max-image-preview:large","max-video-preview":"max-video-preview:-1"},"canonical":"https:\/\/wpguerssen-test.odoo.rgbconsulting.com\/es\/producto\/computer-sourire-clear\/","og_locale":"es_ES","og_type":"article","og_title":"ROBOTNICK, Alexander - Computer Sourire (Clear) -  (MAXI) | Guerssen","og_description":"REPRESS ! Yet another chapter in the ongoing Alexander Robotnick saga. Electronic wizard Maurizio Dami licensed his second single in 1983 on Materiali Sonori 'club series' Fuzz Dance. After the surprising and astonishing success of the debut - Probl\u00e8mes D'Amour - Robotnick became a sort of cult figure even in the United States and soon was labeled as a forerunner of the electro movement.","og_url":"https:\/\/wpguerssen-test.odoo.rgbconsulting.com\/es\/producto\/computer-sourire-clear\/","og_site_name":"Guerssen records","article_modified_time":"2025-04-04T10:29:03+00:00","og_image":[{"width":302,"height":302,"url":"https:\/\/wpguerssen-test.odoo.rgbconsulting.com\/wp-content\/uploads\/2022\/07\/41426.jpg","type":"image\/jpeg"}],"twitter_card":"summary_large_image","twitter_title":"ROBOTNICK, Alexander - Computer Sourire (Clear) -  (MAXI) | Guerssen","schema":{"@context":"https:\/\/schema.org","@graph":[{"@type":"WebPage","@id":"https:\/\/wpguerssen-test.odoo.rgbconsulting.com\/es\/producto\/computer-sourire-clear\/","url":"https:\/\/wpguerssen-test.odoo.rgbconsulting.com\/es\/producto\/computer-sourire-clear\/","name":"ROBOTNICK, Alexander - Computer Sourire (Clear) - (MAXI) | Guerssen","isPartOf":{"@id":"https:\/\/wpguerssen-test.odoo.rgbconsulting.com\/es\/#website"},"primaryImageOfPage":{"@id":"https:\/\/wpguerssen-test.odoo.rgbconsulting.com\/es\/producto\/computer-sourire-clear\/#primaryimage"},"image":{"@id":"https:\/\/wpguerssen-test.odoo.rgbconsulting.com\/es\/producto\/computer-sourire-clear\/#primaryimage"},"thumbnailUrl":"https:\/\/wpguerssen-test.odoo.rgbconsulting.com\/wp-content\/uploads\/2022\/07\/41426.jpg","datePublished":"2025-03-31T22:00:00+00:00","dateModified":"2025-04-04T10:29:03+00:00","description":"REPRESS ! Yet another chapter in the ongoing Alexander Robotnick saga. Electronic wizard Maurizio Dami licensed his second single in 1983 on Materiali Sonori 'club series' Fuzz Dance. After the surprising and astonishing success of the debut - Probl\u00e8mes D'Amour - Robotnick became a sort of cult figure even in the United States and soon was labeled as a forerunner of the electro movement.","breadcrumb":{"@id":"https:\/\/wpguerssen-test.odoo.rgbconsulting.com\/es\/producto\/computer-sourire-clear\/#breadcrumb"},"inLanguage":"es","potentialAction":[{"@type":"ReadAction","target":["https:\/\/wpguerssen-test.odoo.rgbconsulting.com\/es\/producto\/computer-sourire-clear\/"]}]},{"@type":"ImageObject","inLanguage":"es","@id":"https:\/\/wpguerssen-test.odoo.rgbconsulting.com\/es\/producto\/computer-sourire-clear\/#primaryimage","url":"https:\/\/wpguerssen-test.odoo.rgbconsulting.com\/wp-content\/uploads\/2022\/07\/41426.jpg","contentUrl":"https:\/\/wpguerssen-test.odoo.rgbconsulting.com\/wp-content\/uploads\/2022\/07\/41426.jpg","width":302,"height":302,"caption":"Alexander - Computer Sourire (Clear) - LANTERN REC. (MAXI) | Guerssen"},{"@type":"BreadcrumbList","@id":"https:\/\/wpguerssen-test.odoo.rgbconsulting.com\/es\/producto\/computer-sourire-clear\/#breadcrumb","itemListElement":[{"@type":"ListItem","position":1,"name":"Inicio","item":"https:\/\/wpguerssen-test.odoo.rgbconsulting.com\/es\/"},{"@type":"ListItem","position":2,"name":"Shop","item":"https:\/\/wpguerssen-test.odoo.rgbconsulting.com\/shop\/"},{"@type":"ListItem","position":3,"name":"Computer Sourire (Clear)"}]},{"@type":"WebSite","@id":"https:\/\/wpguerssen-test.odoo.rgbconsulting.com\/es\/#website","url":"https:\/\/wpguerssen-test.odoo.rgbconsulting.com\/es\/","name":"Guerssen records","description":"psychedelia - progressive - folk - garage ","publisher":{"@id":"https:\/\/wpguerssen-test.odoo.rgbconsulting.com\/es\/#organization"},"potentialAction":[{"@type":"SearchAction","target":{"@type":"EntryPoint","urlTemplate":"https:\/\/wpguerssen-test.odoo.rgbconsulting.com\/es\/?s={search_term_string}"},"query-input":{"@type":"PropertyValueSpecification","valueRequired":true,"valueName":"search_term_string"}}],"inLanguage":"es"},{"@type":"Organization","@id":"https:\/\/wpguerssen-test.odoo.rgbconsulting.com\/es\/#organization","name":"Guerssen records","url":"https:\/\/wpguerssen-test.odoo.rgbconsulting.com\/es\/","logo":{"@type":"ImageObject","inLanguage":"es","@id":"https:\/\/wpguerssen-test.odoo.rgbconsulting.com\/es\/#\/schema\/logo\/image\/","url":"https:\/\/wpguerssen-test.odoo.rgbconsulting.com\/wp-content\/uploads\/2022\/04\/Logo_Guerssen_trans_100.png","contentUrl":"https:\/\/wpguerssen-test.odoo.rgbconsulting.com\/wp-content\/uploads\/2022\/04\/Logo_Guerssen_trans_100.png","width":122,"height":100,"caption":"Guerssen records"},"image":{"@id":"https:\/\/wpguerssen-test.odoo.rgbconsulting.com\/es\/#\/schema\/logo\/image\/"}}]}},"_links":{"self":[{"href":"https:\/\/wpguerssen-test.odoo.rgbconsulting.com\/es\/wp-json\/wp\/v2\/product\/216142","targetHints":{"allow":["GET"]}}],"collection":[{"href":"https:\/\/wpguerssen-test.odoo.rgbconsulting.com\/es\/wp-json\/wp\/v2\/product"}],"about":[{"href":"https:\/\/wpguerssen-test.odoo.rgbconsulting.com\/es\/wp-json\/wp\/v2\/types\/product"}],"wp:featuredmedia":[{"embeddable":true,"href":"https:\/\/wpguerssen-test.odoo.rgbconsulting.com\/es\/wp-json\/wp\/v2\/media\/214675"}],"wp:attachment":[{"href":"https:\/\/wpguerssen-test.odoo.rgbconsulting.com\/es\/wp-json\/wp\/v2\/media?parent=216142"}],"wp:term":[{"taxonomy":"product_brand","embeddable":true,"href":"https:\/\/wpguerssen-test.odoo.rgbconsulting.com\/es\/wp-json\/wp\/v2\/product_brand?post=216142"},{"taxonomy":"product_cat","embeddable":true,"href":"https:\/\/wpguerssen-test.odoo.rgbconsulting.com\/es\/wp-json\/wp\/v2\/product_cat?post=216142"},{"taxonomy":"product_tag","embeddable":true,"href":"https:\/\/wpguerssen-test.odoo.rgbconsulting.com\/es\/wp-json\/wp\/v2\/product_tag?post=216142"}],"curies":[{"name":"wp","href":"https:\/\/api.w.org\/{rel}","templated":true}]}}