{"id":216344,"date":"2022-09-01T00:00:00","date_gmt":"2022-08-31T22:00:00","guid":{"rendered":"https:\/\/wpguerssen-test.odoo.rgbconsulting.com\/product\/dole-age\/"},"modified":"2024-10-01T18:46:48","modified_gmt":"2024-10-01T16:46:48","slug":"dole-age","status":"publish","type":"product","link":"https:\/\/wpguerssen-test.odoo.rgbconsulting.com\/es\/producto\/dole-age\/","title":{"rendered":"Dole Age"},"content":{"rendered":"<p>Totalmente remasterizado y licenciado, limitado a 500 copias. La ciudad de Bristol tiene sin duda una rica herencia reggae. El grupo Talisman, criminalmente descuidado, finalmente se beneficia de un lanzamiento largamente retrasado, recopilando sus primeros trabajos m\u00e1s una serie de pistas adicionales. Obtendr\u00e1 sus dos primeros sencillos lanzados en Recreational Records: Run Come Girl\/Wicked Dem y Dole Age\/Free Speech, ambos lanzados en 1981, m\u00e1s una selecci\u00f3n de cinco contribuciones perdidas hace mucho tiempo.<br \/>Originalmente formado en 1977 como Revelation Rockers , un nombre que pronto cambiaron, Talisman fue considerado el grupo de reggae m\u00e1s importante de la ciudad junto con los contempor\u00e1neos locales Black Roots. La banda, popular por sus intensos shows en vivo, abri\u00f3 para actos tan gloriosos y diversos como Burning Spear, The Clash y The Rolling Stones. Este correcto lanzamiento en vinilo permite que una nueva generaci\u00f3n de fan\u00e1ticos se enganche con su estilo original. Talisman ciertamente muestra un lado diferente de la floreciente escena del reggae del Reino Unido: piense en Aswad, Steel Pulse y Misty In Roots, \u00a1poniendo a Bristol de nuevo en el mapa!<\/p>\n","protected":false},"excerpt":{"rendered":"<p>Totalmente remasterizado y licenciado, limitado a 500 copias. La ciudad de Bristol tiene sin duda una rica herencia reggae. El grupo Talisman, criminalmente descuidado,<a class=\"read\" href=\"https:\/\/wpguerssen-test.odoo.rgbconsulting.com\/es\/producto\/dole-age\/\"> (...)<\/a>","protected":false},"featured_media":218886,"template":"","meta":{"_acf_changed":false},"product_brand":[],"product_cat":[21666],"product_tag":[24190],"class_list":{"0":"post-216344","1":"product","2":"type-product","3":"status-publish","4":"has-post-thumbnail","6":"product_cat-reggae-ska-dub-es","7":"product_tag-sales-es","8":"pa_artist-talisman","9":"pa_format-lp-es","10":"pa_gender-reggae-ska-dub","11":"pa_label-lantern-rec-es","12":"pa_location-uk-ireland-es","13":"pa_other-filters-vinyl-only-es","15":"first","16":"instock","17":"taxable","18":"shipping-taxable","19":"purchasable","20":"product-type-simple"},"acf":[],"yoast_head":"<!-- This site is optimized with the Yoast SEO plugin v24.9 - https:\/\/yoast.com\/wordpress\/plugins\/seo\/ -->\n<title>TALISMAN - Dole Age -  (LP) | Guerssen<\/title>\n<meta name=\"description\" content=\"Fully remastered and licensed, ltd to 500 copies. The city of Bristol has undoubtedly a rich reggae heritage. The criminally neglected Talisman finally benefits of a long overdue release, collecting their first efforts plus a series of extra tracks. You&#039;ll get their first two singles released on Recreational Records - Run Come Girl\/Wicked Dem and Dole Age\/Free Speech, both released in 1981 - plus a selection of five long lost contribution.Originally formed in 1977 as Revelation Rockers, a name they soon changed, Talisman were considered the top reggae act in town alongside local contemporaries Black Roots. The band - popular for their intense live shows - opened for such glorious and diverse acts as Burning Spear, The Clash and The Rolling Stones ! This proper release on vinyl allows a new generation of fans to catch with their original style. Talisman certainly shows a different side of the UK reggae flourishing scene - think about Aswad, Steel Pulse and Misty In Roots - putting Bristol back on the map!\" \/>\n<meta name=\"robots\" content=\"index, follow, max-snippet:-1, max-image-preview:large, max-video-preview:-1\" \/>\n<link rel=\"canonical\" href=\"https:\/\/wpguerssen-test.odoo.rgbconsulting.com\/es\/producto\/dole-age\/\" \/>\n<meta property=\"og:locale\" content=\"es_ES\" \/>\n<meta property=\"og:type\" content=\"article\" \/>\n<meta property=\"og:title\" content=\"TALISMAN - Dole Age -  (LP) | Guerssen\" \/>\n<meta property=\"og:description\" content=\"Fully remastered and licensed, ltd to 500 copies. The city of Bristol has undoubtedly a rich reggae heritage. The criminally neglected Talisman finally benefits of a long overdue release, collecting their first efforts plus a series of extra tracks. You&#039;ll get their first two singles released on Recreational Records - Run Come Girl\/Wicked Dem and Dole Age\/Free Speech, both released in 1981 - plus a selection of five long lost contribution.Originally formed in 1977 as Revelation Rockers, a name they soon changed, Talisman were considered the top reggae act in town alongside local contemporaries Black Roots. The band - popular for their intense live shows - opened for such glorious and diverse acts as Burning Spear, The Clash and The Rolling Stones ! This proper release on vinyl allows a new generation of fans to catch with their original style. Talisman certainly shows a different side of the UK reggae flourishing scene - think about Aswad, Steel Pulse and Misty In Roots - putting Bristol back on the map!\" \/>\n<meta property=\"og:url\" content=\"https:\/\/wpguerssen-test.odoo.rgbconsulting.com\/es\/producto\/dole-age\/\" \/>\n<meta property=\"og:site_name\" content=\"Guerssen records\" \/>\n<meta property=\"article:modified_time\" content=\"2024-10-01T16:46:48+00:00\" \/>\n<meta property=\"og:image\" content=\"https:\/\/wpguerssen-test.odoo.rgbconsulting.com\/wp-content\/uploads\/2022\/10\/41543.jpg\" \/>\n\t<meta property=\"og:image:width\" content=\"300\" \/>\n\t<meta property=\"og:image:height\" content=\"300\" \/>\n\t<meta property=\"og:image:type\" content=\"image\/jpeg\" \/>\n<meta name=\"twitter:card\" content=\"summary_large_image\" \/>\n<meta name=\"twitter:title\" content=\"TALISMAN - Dole Age -  (LP) | Guerssen\" \/>\n<meta name=\"twitter:label1\" content=\"Tiempo de lectura\" \/>\n\t<meta name=\"twitter:data1\" content=\"1 minuto\" \/>\n<script type=\"application\/ld+json\" class=\"yoast-schema-graph\">{\"@context\":\"https:\/\/schema.org\",\"@graph\":[{\"@type\":\"WebPage\",\"@id\":\"https:\/\/wpguerssen-test.odoo.rgbconsulting.com\/es\/producto\/dole-age\/\",\"url\":\"https:\/\/wpguerssen-test.odoo.rgbconsulting.com\/es\/producto\/dole-age\/\",\"name\":\"TALISMAN - Dole Age - (LP) | Guerssen\",\"isPartOf\":{\"@id\":\"https:\/\/wpguerssen-test.odoo.rgbconsulting.com\/es\/#website\"},\"primaryImageOfPage\":{\"@id\":\"https:\/\/wpguerssen-test.odoo.rgbconsulting.com\/es\/producto\/dole-age\/#primaryimage\"},\"image\":{\"@id\":\"https:\/\/wpguerssen-test.odoo.rgbconsulting.com\/es\/producto\/dole-age\/#primaryimage\"},\"thumbnailUrl\":\"https:\/\/wpguerssen-test.odoo.rgbconsulting.com\/wp-content\/uploads\/2022\/10\/41543.jpg\",\"datePublished\":\"2022-08-31T22:00:00+00:00\",\"dateModified\":\"2024-10-01T16:46:48+00:00\",\"description\":\"Fully remastered and licensed, ltd to 500 copies. The city of Bristol has undoubtedly a rich reggae heritage. The criminally neglected Talisman finally benefits of a long overdue release, collecting their first efforts plus a series of extra tracks. You'll get their first two singles released on Recreational Records - Run Come Girl\/Wicked Dem and Dole Age\/Free Speech, both released in 1981 - plus a selection of five long lost contribution.Originally formed in 1977 as Revelation Rockers, a name they soon changed, Talisman were considered the top reggae act in town alongside local contemporaries Black Roots. The band - popular for their intense live shows - opened for such glorious and diverse acts as Burning Spear, The Clash and The Rolling Stones ! This proper release on vinyl allows a new generation of fans to catch with their original style. Talisman certainly shows a different side of the UK reggae flourishing scene - think about Aswad, Steel Pulse and Misty In Roots - putting Bristol back on the map!\",\"breadcrumb\":{\"@id\":\"https:\/\/wpguerssen-test.odoo.rgbconsulting.com\/es\/producto\/dole-age\/#breadcrumb\"},\"inLanguage\":\"es\",\"potentialAction\":[{\"@type\":\"ReadAction\",\"target\":[\"https:\/\/wpguerssen-test.odoo.rgbconsulting.com\/es\/producto\/dole-age\/\"]}]},{\"@type\":\"ImageObject\",\"inLanguage\":\"es\",\"@id\":\"https:\/\/wpguerssen-test.odoo.rgbconsulting.com\/es\/producto\/dole-age\/#primaryimage\",\"url\":\"https:\/\/wpguerssen-test.odoo.rgbconsulting.com\/wp-content\/uploads\/2022\/10\/41543.jpg\",\"contentUrl\":\"https:\/\/wpguerssen-test.odoo.rgbconsulting.com\/wp-content\/uploads\/2022\/10\/41543.jpg\",\"width\":300,\"height\":300},{\"@type\":\"BreadcrumbList\",\"@id\":\"https:\/\/wpguerssen-test.odoo.rgbconsulting.com\/es\/producto\/dole-age\/#breadcrumb\",\"itemListElement\":[{\"@type\":\"ListItem\",\"position\":1,\"name\":\"Inicio\",\"item\":\"https:\/\/wpguerssen-test.odoo.rgbconsulting.com\/es\/\"},{\"@type\":\"ListItem\",\"position\":2,\"name\":\"Shop\",\"item\":\"https:\/\/wpguerssen-test.odoo.rgbconsulting.com\/shop\/\"},{\"@type\":\"ListItem\",\"position\":3,\"name\":\"Dole Age\"}]},{\"@type\":\"WebSite\",\"@id\":\"https:\/\/wpguerssen-test.odoo.rgbconsulting.com\/es\/#website\",\"url\":\"https:\/\/wpguerssen-test.odoo.rgbconsulting.com\/es\/\",\"name\":\"Guerssen records\",\"description\":\"psychedelia - progressive - folk - garage \",\"publisher\":{\"@id\":\"https:\/\/wpguerssen-test.odoo.rgbconsulting.com\/es\/#organization\"},\"potentialAction\":[{\"@type\":\"SearchAction\",\"target\":{\"@type\":\"EntryPoint\",\"urlTemplate\":\"https:\/\/wpguerssen-test.odoo.rgbconsulting.com\/es\/?s={search_term_string}\"},\"query-input\":{\"@type\":\"PropertyValueSpecification\",\"valueRequired\":true,\"valueName\":\"search_term_string\"}}],\"inLanguage\":\"es\"},{\"@type\":\"Organization\",\"@id\":\"https:\/\/wpguerssen-test.odoo.rgbconsulting.com\/es\/#organization\",\"name\":\"Guerssen records\",\"url\":\"https:\/\/wpguerssen-test.odoo.rgbconsulting.com\/es\/\",\"logo\":{\"@type\":\"ImageObject\",\"inLanguage\":\"es\",\"@id\":\"https:\/\/wpguerssen-test.odoo.rgbconsulting.com\/es\/#\/schema\/logo\/image\/\",\"url\":\"https:\/\/wpguerssen-test.odoo.rgbconsulting.com\/wp-content\/uploads\/2022\/04\/Logo_Guerssen_trans_100.png\",\"contentUrl\":\"https:\/\/wpguerssen-test.odoo.rgbconsulting.com\/wp-content\/uploads\/2022\/04\/Logo_Guerssen_trans_100.png\",\"width\":122,\"height\":100,\"caption\":\"Guerssen records\"},\"image\":{\"@id\":\"https:\/\/wpguerssen-test.odoo.rgbconsulting.com\/es\/#\/schema\/logo\/image\/\"}}]}<\/script>\n<!-- \/ Yoast SEO plugin. -->","yoast_head_json":{"title":"TALISMAN - Dole Age -  (LP) | Guerssen","description":"Fully remastered and licensed, ltd to 500 copies. The city of Bristol has undoubtedly a rich reggae heritage. The criminally neglected Talisman finally benefits of a long overdue release, collecting their first efforts plus a series of extra tracks. You'll get their first two singles released on Recreational Records - Run Come Girl\/Wicked Dem and Dole Age\/Free Speech, both released in 1981 - plus a selection of five long lost contribution.Originally formed in 1977 as Revelation Rockers, a name they soon changed, Talisman were considered the top reggae act in town alongside local contemporaries Black Roots. The band - popular for their intense live shows - opened for such glorious and diverse acts as Burning Spear, The Clash and The Rolling Stones ! This proper release on vinyl allows a new generation of fans to catch with their original style. Talisman certainly shows a different side of the UK reggae flourishing scene - think about Aswad, Steel Pulse and Misty In Roots - putting Bristol back on the map!","robots":{"index":"index","follow":"follow","max-snippet":"max-snippet:-1","max-image-preview":"max-image-preview:large","max-video-preview":"max-video-preview:-1"},"canonical":"https:\/\/wpguerssen-test.odoo.rgbconsulting.com\/es\/producto\/dole-age\/","og_locale":"es_ES","og_type":"article","og_title":"TALISMAN - Dole Age -  (LP) | Guerssen","og_description":"Fully remastered and licensed, ltd to 500 copies. The city of Bristol has undoubtedly a rich reggae heritage. The criminally neglected Talisman finally benefits of a long overdue release, collecting their first efforts plus a series of extra tracks. You'll get their first two singles released on Recreational Records - Run Come Girl\/Wicked Dem and Dole Age\/Free Speech, both released in 1981 - plus a selection of five long lost contribution.Originally formed in 1977 as Revelation Rockers, a name they soon changed, Talisman were considered the top reggae act in town alongside local contemporaries Black Roots. The band - popular for their intense live shows - opened for such glorious and diverse acts as Burning Spear, The Clash and The Rolling Stones ! This proper release on vinyl allows a new generation of fans to catch with their original style. Talisman certainly shows a different side of the UK reggae flourishing scene - think about Aswad, Steel Pulse and Misty In Roots - putting Bristol back on the map!","og_url":"https:\/\/wpguerssen-test.odoo.rgbconsulting.com\/es\/producto\/dole-age\/","og_site_name":"Guerssen records","article_modified_time":"2024-10-01T16:46:48+00:00","og_image":[{"width":300,"height":300,"url":"https:\/\/wpguerssen-test.odoo.rgbconsulting.com\/wp-content\/uploads\/2022\/10\/41543.jpg","type":"image\/jpeg"}],"twitter_card":"summary_large_image","twitter_title":"TALISMAN - Dole Age -  (LP) | Guerssen","twitter_misc":{"Tiempo de lectura":"1 minuto"},"schema":{"@context":"https:\/\/schema.org","@graph":[{"@type":"WebPage","@id":"https:\/\/wpguerssen-test.odoo.rgbconsulting.com\/es\/producto\/dole-age\/","url":"https:\/\/wpguerssen-test.odoo.rgbconsulting.com\/es\/producto\/dole-age\/","name":"TALISMAN - Dole Age - (LP) | Guerssen","isPartOf":{"@id":"https:\/\/wpguerssen-test.odoo.rgbconsulting.com\/es\/#website"},"primaryImageOfPage":{"@id":"https:\/\/wpguerssen-test.odoo.rgbconsulting.com\/es\/producto\/dole-age\/#primaryimage"},"image":{"@id":"https:\/\/wpguerssen-test.odoo.rgbconsulting.com\/es\/producto\/dole-age\/#primaryimage"},"thumbnailUrl":"https:\/\/wpguerssen-test.odoo.rgbconsulting.com\/wp-content\/uploads\/2022\/10\/41543.jpg","datePublished":"2022-08-31T22:00:00+00:00","dateModified":"2024-10-01T16:46:48+00:00","description":"Fully remastered and licensed, ltd to 500 copies. The city of Bristol has undoubtedly a rich reggae heritage. The criminally neglected Talisman finally benefits of a long overdue release, collecting their first efforts plus a series of extra tracks. You'll get their first two singles released on Recreational Records - Run Come Girl\/Wicked Dem and Dole Age\/Free Speech, both released in 1981 - plus a selection of five long lost contribution.Originally formed in 1977 as Revelation Rockers, a name they soon changed, Talisman were considered the top reggae act in town alongside local contemporaries Black Roots. The band - popular for their intense live shows - opened for such glorious and diverse acts as Burning Spear, The Clash and The Rolling Stones ! This proper release on vinyl allows a new generation of fans to catch with their original style. Talisman certainly shows a different side of the UK reggae flourishing scene - think about Aswad, Steel Pulse and Misty In Roots - putting Bristol back on the map!","breadcrumb":{"@id":"https:\/\/wpguerssen-test.odoo.rgbconsulting.com\/es\/producto\/dole-age\/#breadcrumb"},"inLanguage":"es","potentialAction":[{"@type":"ReadAction","target":["https:\/\/wpguerssen-test.odoo.rgbconsulting.com\/es\/producto\/dole-age\/"]}]},{"@type":"ImageObject","inLanguage":"es","@id":"https:\/\/wpguerssen-test.odoo.rgbconsulting.com\/es\/producto\/dole-age\/#primaryimage","url":"https:\/\/wpguerssen-test.odoo.rgbconsulting.com\/wp-content\/uploads\/2022\/10\/41543.jpg","contentUrl":"https:\/\/wpguerssen-test.odoo.rgbconsulting.com\/wp-content\/uploads\/2022\/10\/41543.jpg","width":300,"height":300},{"@type":"BreadcrumbList","@id":"https:\/\/wpguerssen-test.odoo.rgbconsulting.com\/es\/producto\/dole-age\/#breadcrumb","itemListElement":[{"@type":"ListItem","position":1,"name":"Inicio","item":"https:\/\/wpguerssen-test.odoo.rgbconsulting.com\/es\/"},{"@type":"ListItem","position":2,"name":"Shop","item":"https:\/\/wpguerssen-test.odoo.rgbconsulting.com\/shop\/"},{"@type":"ListItem","position":3,"name":"Dole Age"}]},{"@type":"WebSite","@id":"https:\/\/wpguerssen-test.odoo.rgbconsulting.com\/es\/#website","url":"https:\/\/wpguerssen-test.odoo.rgbconsulting.com\/es\/","name":"Guerssen records","description":"psychedelia - progressive - folk - garage ","publisher":{"@id":"https:\/\/wpguerssen-test.odoo.rgbconsulting.com\/es\/#organization"},"potentialAction":[{"@type":"SearchAction","target":{"@type":"EntryPoint","urlTemplate":"https:\/\/wpguerssen-test.odoo.rgbconsulting.com\/es\/?s={search_term_string}"},"query-input":{"@type":"PropertyValueSpecification","valueRequired":true,"valueName":"search_term_string"}}],"inLanguage":"es"},{"@type":"Organization","@id":"https:\/\/wpguerssen-test.odoo.rgbconsulting.com\/es\/#organization","name":"Guerssen records","url":"https:\/\/wpguerssen-test.odoo.rgbconsulting.com\/es\/","logo":{"@type":"ImageObject","inLanguage":"es","@id":"https:\/\/wpguerssen-test.odoo.rgbconsulting.com\/es\/#\/schema\/logo\/image\/","url":"https:\/\/wpguerssen-test.odoo.rgbconsulting.com\/wp-content\/uploads\/2022\/04\/Logo_Guerssen_trans_100.png","contentUrl":"https:\/\/wpguerssen-test.odoo.rgbconsulting.com\/wp-content\/uploads\/2022\/04\/Logo_Guerssen_trans_100.png","width":122,"height":100,"caption":"Guerssen records"},"image":{"@id":"https:\/\/wpguerssen-test.odoo.rgbconsulting.com\/es\/#\/schema\/logo\/image\/"}}]}},"_links":{"self":[{"href":"https:\/\/wpguerssen-test.odoo.rgbconsulting.com\/es\/wp-json\/wp\/v2\/product\/216344","targetHints":{"allow":["GET"]}}],"collection":[{"href":"https:\/\/wpguerssen-test.odoo.rgbconsulting.com\/es\/wp-json\/wp\/v2\/product"}],"about":[{"href":"https:\/\/wpguerssen-test.odoo.rgbconsulting.com\/es\/wp-json\/wp\/v2\/types\/product"}],"wp:featuredmedia":[{"embeddable":true,"href":"https:\/\/wpguerssen-test.odoo.rgbconsulting.com\/es\/wp-json\/wp\/v2\/media\/218886"}],"wp:attachment":[{"href":"https:\/\/wpguerssen-test.odoo.rgbconsulting.com\/es\/wp-json\/wp\/v2\/media?parent=216344"}],"wp:term":[{"taxonomy":"product_brand","embeddable":true,"href":"https:\/\/wpguerssen-test.odoo.rgbconsulting.com\/es\/wp-json\/wp\/v2\/product_brand?post=216344"},{"taxonomy":"product_cat","embeddable":true,"href":"https:\/\/wpguerssen-test.odoo.rgbconsulting.com\/es\/wp-json\/wp\/v2\/product_cat?post=216344"},{"taxonomy":"product_tag","embeddable":true,"href":"https:\/\/wpguerssen-test.odoo.rgbconsulting.com\/es\/wp-json\/wp\/v2\/product_tag?post=216344"}],"curies":[{"name":"wp","href":"https:\/\/api.w.org\/{rel}","templated":true}]}}