{"id":216557,"date":"2021-11-23T00:00:00","date_gmt":"2021-11-22T23:00:00","guid":{"rendered":"https:\/\/wpguerssen-test.odoo.rgbconsulting.com\/product\/glorieta-de-los-lotos-orange-black-lp\/"},"modified":"2025-04-04T12:27:54","modified_gmt":"2025-04-04T10:27:54","slug":"glorieta-de-los-lotos-orange-black-lp","status":"publish","type":"product","link":"https:\/\/wpguerssen-test.odoo.rgbconsulting.com\/es\/producto\/glorieta-de-los-lotos-orange-black-lp\/","title":{"rendered":"Glorieta de Los Lotos (orange &#038; black LP)"},"content":{"rendered":"<p>Uno de los nombres clave del underground 70&#8217;s hispano, Smash ven\u00edan de Sevilla y ten\u00edan en sus filas al conocido guitarrista Gualberto Garc\u00eda, que encontr\u00f3 fama con sus discos en solitario al disolverse Smash.<br \/>De los dos discos editados por Smash, \u00abLa glorieta de los lotos\u00bb es el primero, datado en 1970 y conteniendo una mezcla de psicodelia y ra\u00edces andaluzas. Un raro \u00e1lbum, de nuevo disponible en vinilo de color mitad naranja, mitad negro.<\/p>\n","protected":false},"excerpt":{"rendered":"<p>Uno de los nombres clave del underground 70&#8217;s hispano, Smash ven\u00edan de Sevilla y ten\u00edan en sus filas al conocido guitarrista Gualberto Garc\u00eda, que encontr\u00f3<a class=\"read\" href=\"https:\/\/wpguerssen-test.odoo.rgbconsulting.com\/es\/producto\/glorieta-de-los-lotos-orange-black-lp\/\"> (...)<\/a>","protected":false},"featured_media":130413,"template":"","meta":{"_acf_changed":false},"product_brand":[],"product_cat":[23215,23268],"product_tag":[],"class_list":{"0":"post-216557","1":"product","2":"type-product","3":"status-publish","4":"has-post-thumbnail","6":"product_cat-progressive60s-70s-es","7":"product_cat-flamenco-rock-rumba-es","8":"pa_artist-smash-es","9":"pa_format-lp-es","10":"pa_gender-flamenco-rock-rumba-progressive60s-70s","11":"pa_label-universal-es","12":"pa_location-spain-es","13":"pa_other-filters-vinyl-only-es","15":"first","16":"instock","17":"taxable","18":"shipping-taxable","19":"purchasable","20":"product-type-simple"},"acf":[],"yoast_head":"<!-- This site is optimized with the Yoast SEO plugin v24.9 - https:\/\/yoast.com\/wordpress\/plugins\/seo\/ -->\n<title>SMASH - Glorieta de Los Lotos (orange &amp; black LP) -  (LP) | Guerssen<\/title>\n<meta name=\"description\" content=\"One of the biggest names of the Spanish 70&#039;s underground, Smash came from Seville and featured the well-known guitarist Gualberto who also found fame with later solo albums. Of the two longplays released by Smash, &quot;La glorieta de los lotos&quot; is the first of them. It was originally released in 1970 and mixes psychedelia with Andalusian roots. A very rare album, now available again on Orange &amp; Black vinyl.\" \/>\n<meta name=\"robots\" content=\"index, follow, max-snippet:-1, max-image-preview:large, max-video-preview:-1\" \/>\n<link rel=\"canonical\" href=\"https:\/\/wpguerssen-test.odoo.rgbconsulting.com\/es\/producto\/glorieta-de-los-lotos-orange-black-lp\/\" \/>\n<meta property=\"og:locale\" content=\"es_ES\" \/>\n<meta property=\"og:type\" content=\"article\" \/>\n<meta property=\"og:title\" content=\"SMASH - Glorieta de Los Lotos (orange &amp; black LP) -  (LP) | Guerssen\" \/>\n<meta property=\"og:description\" content=\"One of the biggest names of the Spanish 70&#039;s underground, Smash came from Seville and featured the well-known guitarist Gualberto who also found fame with later solo albums. Of the two longplays released by Smash, &quot;La glorieta de los lotos&quot; is the first of them. It was originally released in 1970 and mixes psychedelia with Andalusian roots. A very rare album, now available again on Orange &amp; Black vinyl.\" \/>\n<meta property=\"og:url\" content=\"https:\/\/wpguerssen-test.odoo.rgbconsulting.com\/es\/producto\/glorieta-de-los-lotos-orange-black-lp\/\" \/>\n<meta property=\"og:site_name\" content=\"Guerssen records\" \/>\n<meta property=\"article:modified_time\" content=\"2025-04-04T10:27:54+00:00\" \/>\n<meta property=\"og:image\" content=\"https:\/\/wpguerssen-test.odoo.rgbconsulting.com\/wp-content\/uploads\/2022\/03\/39855.jpg\" \/>\n\t<meta property=\"og:image:width\" content=\"275\" \/>\n\t<meta property=\"og:image:height\" content=\"275\" \/>\n\t<meta property=\"og:image:type\" content=\"image\/jpeg\" \/>\n<meta name=\"twitter:card\" content=\"summary_large_image\" \/>\n<meta name=\"twitter:title\" content=\"SMASH - Glorieta de Los Lotos (orange &amp; black LP) -  (LP) | Guerssen\" \/>\n<script type=\"application\/ld+json\" class=\"yoast-schema-graph\">{\"@context\":\"https:\/\/schema.org\",\"@graph\":[{\"@type\":\"WebPage\",\"@id\":\"https:\/\/wpguerssen-test.odoo.rgbconsulting.com\/es\/producto\/glorieta-de-los-lotos-orange-black-lp\/\",\"url\":\"https:\/\/wpguerssen-test.odoo.rgbconsulting.com\/es\/producto\/glorieta-de-los-lotos-orange-black-lp\/\",\"name\":\"SMASH - Glorieta de Los Lotos (orange & black LP) - (LP) | Guerssen\",\"isPartOf\":{\"@id\":\"https:\/\/wpguerssen-test.odoo.rgbconsulting.com\/es\/#website\"},\"primaryImageOfPage\":{\"@id\":\"https:\/\/wpguerssen-test.odoo.rgbconsulting.com\/es\/producto\/glorieta-de-los-lotos-orange-black-lp\/#primaryimage\"},\"image\":{\"@id\":\"https:\/\/wpguerssen-test.odoo.rgbconsulting.com\/es\/producto\/glorieta-de-los-lotos-orange-black-lp\/#primaryimage\"},\"thumbnailUrl\":\"https:\/\/wpguerssen-test.odoo.rgbconsulting.com\/wp-content\/uploads\/2022\/03\/39855.jpg\",\"datePublished\":\"2021-11-22T23:00:00+00:00\",\"dateModified\":\"2025-04-04T10:27:54+00:00\",\"description\":\"One of the biggest names of the Spanish 70's underground, Smash came from Seville and featured the well-known guitarist Gualberto who also found fame with later solo albums. Of the two longplays released by Smash, \\\"La glorieta de los lotos\\\" is the first of them. It was originally released in 1970 and mixes psychedelia with Andalusian roots. A very rare album, now available again on Orange & Black vinyl.\",\"breadcrumb\":{\"@id\":\"https:\/\/wpguerssen-test.odoo.rgbconsulting.com\/es\/producto\/glorieta-de-los-lotos-orange-black-lp\/#breadcrumb\"},\"inLanguage\":\"es\",\"potentialAction\":[{\"@type\":\"ReadAction\",\"target\":[\"https:\/\/wpguerssen-test.odoo.rgbconsulting.com\/es\/producto\/glorieta-de-los-lotos-orange-black-lp\/\"]}]},{\"@type\":\"ImageObject\",\"inLanguage\":\"es\",\"@id\":\"https:\/\/wpguerssen-test.odoo.rgbconsulting.com\/es\/producto\/glorieta-de-los-lotos-orange-black-lp\/#primaryimage\",\"url\":\"https:\/\/wpguerssen-test.odoo.rgbconsulting.com\/wp-content\/uploads\/2022\/03\/39855.jpg\",\"contentUrl\":\"https:\/\/wpguerssen-test.odoo.rgbconsulting.com\/wp-content\/uploads\/2022\/03\/39855.jpg\",\"width\":275,\"height\":275},{\"@type\":\"BreadcrumbList\",\"@id\":\"https:\/\/wpguerssen-test.odoo.rgbconsulting.com\/es\/producto\/glorieta-de-los-lotos-orange-black-lp\/#breadcrumb\",\"itemListElement\":[{\"@type\":\"ListItem\",\"position\":1,\"name\":\"Inicio\",\"item\":\"https:\/\/wpguerssen-test.odoo.rgbconsulting.com\/es\/\"},{\"@type\":\"ListItem\",\"position\":2,\"name\":\"Shop\",\"item\":\"https:\/\/wpguerssen-test.odoo.rgbconsulting.com\/shop\/\"},{\"@type\":\"ListItem\",\"position\":3,\"name\":\"Glorieta de Los Lotos (orange &#038; black LP)\"}]},{\"@type\":\"WebSite\",\"@id\":\"https:\/\/wpguerssen-test.odoo.rgbconsulting.com\/es\/#website\",\"url\":\"https:\/\/wpguerssen-test.odoo.rgbconsulting.com\/es\/\",\"name\":\"Guerssen records\",\"description\":\"psychedelia - progressive - folk - garage \",\"publisher\":{\"@id\":\"https:\/\/wpguerssen-test.odoo.rgbconsulting.com\/es\/#organization\"},\"potentialAction\":[{\"@type\":\"SearchAction\",\"target\":{\"@type\":\"EntryPoint\",\"urlTemplate\":\"https:\/\/wpguerssen-test.odoo.rgbconsulting.com\/es\/?s={search_term_string}\"},\"query-input\":{\"@type\":\"PropertyValueSpecification\",\"valueRequired\":true,\"valueName\":\"search_term_string\"}}],\"inLanguage\":\"es\"},{\"@type\":\"Organization\",\"@id\":\"https:\/\/wpguerssen-test.odoo.rgbconsulting.com\/es\/#organization\",\"name\":\"Guerssen records\",\"url\":\"https:\/\/wpguerssen-test.odoo.rgbconsulting.com\/es\/\",\"logo\":{\"@type\":\"ImageObject\",\"inLanguage\":\"es\",\"@id\":\"https:\/\/wpguerssen-test.odoo.rgbconsulting.com\/es\/#\/schema\/logo\/image\/\",\"url\":\"https:\/\/wpguerssen-test.odoo.rgbconsulting.com\/wp-content\/uploads\/2022\/04\/Logo_Guerssen_trans_100.png\",\"contentUrl\":\"https:\/\/wpguerssen-test.odoo.rgbconsulting.com\/wp-content\/uploads\/2022\/04\/Logo_Guerssen_trans_100.png\",\"width\":122,\"height\":100,\"caption\":\"Guerssen records\"},\"image\":{\"@id\":\"https:\/\/wpguerssen-test.odoo.rgbconsulting.com\/es\/#\/schema\/logo\/image\/\"}}]}<\/script>\n<!-- \/ Yoast SEO plugin. -->","yoast_head_json":{"title":"SMASH - Glorieta de Los Lotos (orange & black LP) -  (LP) | Guerssen","description":"One of the biggest names of the Spanish 70's underground, Smash came from Seville and featured the well-known guitarist Gualberto who also found fame with later solo albums. Of the two longplays released by Smash, \"La glorieta de los lotos\" is the first of them. It was originally released in 1970 and mixes psychedelia with Andalusian roots. A very rare album, now available again on Orange & Black vinyl.","robots":{"index":"index","follow":"follow","max-snippet":"max-snippet:-1","max-image-preview":"max-image-preview:large","max-video-preview":"max-video-preview:-1"},"canonical":"https:\/\/wpguerssen-test.odoo.rgbconsulting.com\/es\/producto\/glorieta-de-los-lotos-orange-black-lp\/","og_locale":"es_ES","og_type":"article","og_title":"SMASH - Glorieta de Los Lotos (orange & black LP) -  (LP) | Guerssen","og_description":"One of the biggest names of the Spanish 70's underground, Smash came from Seville and featured the well-known guitarist Gualberto who also found fame with later solo albums. Of the two longplays released by Smash, \"La glorieta de los lotos\" is the first of them. It was originally released in 1970 and mixes psychedelia with Andalusian roots. A very rare album, now available again on Orange & Black vinyl.","og_url":"https:\/\/wpguerssen-test.odoo.rgbconsulting.com\/es\/producto\/glorieta-de-los-lotos-orange-black-lp\/","og_site_name":"Guerssen records","article_modified_time":"2025-04-04T10:27:54+00:00","og_image":[{"width":275,"height":275,"url":"https:\/\/wpguerssen-test.odoo.rgbconsulting.com\/wp-content\/uploads\/2022\/03\/39855.jpg","type":"image\/jpeg"}],"twitter_card":"summary_large_image","twitter_title":"SMASH - Glorieta de Los Lotos (orange & black LP) -  (LP) | Guerssen","schema":{"@context":"https:\/\/schema.org","@graph":[{"@type":"WebPage","@id":"https:\/\/wpguerssen-test.odoo.rgbconsulting.com\/es\/producto\/glorieta-de-los-lotos-orange-black-lp\/","url":"https:\/\/wpguerssen-test.odoo.rgbconsulting.com\/es\/producto\/glorieta-de-los-lotos-orange-black-lp\/","name":"SMASH - Glorieta de Los Lotos (orange & black LP) - (LP) | Guerssen","isPartOf":{"@id":"https:\/\/wpguerssen-test.odoo.rgbconsulting.com\/es\/#website"},"primaryImageOfPage":{"@id":"https:\/\/wpguerssen-test.odoo.rgbconsulting.com\/es\/producto\/glorieta-de-los-lotos-orange-black-lp\/#primaryimage"},"image":{"@id":"https:\/\/wpguerssen-test.odoo.rgbconsulting.com\/es\/producto\/glorieta-de-los-lotos-orange-black-lp\/#primaryimage"},"thumbnailUrl":"https:\/\/wpguerssen-test.odoo.rgbconsulting.com\/wp-content\/uploads\/2022\/03\/39855.jpg","datePublished":"2021-11-22T23:00:00+00:00","dateModified":"2025-04-04T10:27:54+00:00","description":"One of the biggest names of the Spanish 70's underground, Smash came from Seville and featured the well-known guitarist Gualberto who also found fame with later solo albums. Of the two longplays released by Smash, \"La glorieta de los lotos\" is the first of them. It was originally released in 1970 and mixes psychedelia with Andalusian roots. A very rare album, now available again on Orange & Black vinyl.","breadcrumb":{"@id":"https:\/\/wpguerssen-test.odoo.rgbconsulting.com\/es\/producto\/glorieta-de-los-lotos-orange-black-lp\/#breadcrumb"},"inLanguage":"es","potentialAction":[{"@type":"ReadAction","target":["https:\/\/wpguerssen-test.odoo.rgbconsulting.com\/es\/producto\/glorieta-de-los-lotos-orange-black-lp\/"]}]},{"@type":"ImageObject","inLanguage":"es","@id":"https:\/\/wpguerssen-test.odoo.rgbconsulting.com\/es\/producto\/glorieta-de-los-lotos-orange-black-lp\/#primaryimage","url":"https:\/\/wpguerssen-test.odoo.rgbconsulting.com\/wp-content\/uploads\/2022\/03\/39855.jpg","contentUrl":"https:\/\/wpguerssen-test.odoo.rgbconsulting.com\/wp-content\/uploads\/2022\/03\/39855.jpg","width":275,"height":275},{"@type":"BreadcrumbList","@id":"https:\/\/wpguerssen-test.odoo.rgbconsulting.com\/es\/producto\/glorieta-de-los-lotos-orange-black-lp\/#breadcrumb","itemListElement":[{"@type":"ListItem","position":1,"name":"Inicio","item":"https:\/\/wpguerssen-test.odoo.rgbconsulting.com\/es\/"},{"@type":"ListItem","position":2,"name":"Shop","item":"https:\/\/wpguerssen-test.odoo.rgbconsulting.com\/shop\/"},{"@type":"ListItem","position":3,"name":"Glorieta de Los Lotos (orange &#038; black LP)"}]},{"@type":"WebSite","@id":"https:\/\/wpguerssen-test.odoo.rgbconsulting.com\/es\/#website","url":"https:\/\/wpguerssen-test.odoo.rgbconsulting.com\/es\/","name":"Guerssen records","description":"psychedelia - progressive - folk - garage ","publisher":{"@id":"https:\/\/wpguerssen-test.odoo.rgbconsulting.com\/es\/#organization"},"potentialAction":[{"@type":"SearchAction","target":{"@type":"EntryPoint","urlTemplate":"https:\/\/wpguerssen-test.odoo.rgbconsulting.com\/es\/?s={search_term_string}"},"query-input":{"@type":"PropertyValueSpecification","valueRequired":true,"valueName":"search_term_string"}}],"inLanguage":"es"},{"@type":"Organization","@id":"https:\/\/wpguerssen-test.odoo.rgbconsulting.com\/es\/#organization","name":"Guerssen records","url":"https:\/\/wpguerssen-test.odoo.rgbconsulting.com\/es\/","logo":{"@type":"ImageObject","inLanguage":"es","@id":"https:\/\/wpguerssen-test.odoo.rgbconsulting.com\/es\/#\/schema\/logo\/image\/","url":"https:\/\/wpguerssen-test.odoo.rgbconsulting.com\/wp-content\/uploads\/2022\/04\/Logo_Guerssen_trans_100.png","contentUrl":"https:\/\/wpguerssen-test.odoo.rgbconsulting.com\/wp-content\/uploads\/2022\/04\/Logo_Guerssen_trans_100.png","width":122,"height":100,"caption":"Guerssen records"},"image":{"@id":"https:\/\/wpguerssen-test.odoo.rgbconsulting.com\/es\/#\/schema\/logo\/image\/"}}]}},"_links":{"self":[{"href":"https:\/\/wpguerssen-test.odoo.rgbconsulting.com\/es\/wp-json\/wp\/v2\/product\/216557","targetHints":{"allow":["GET"]}}],"collection":[{"href":"https:\/\/wpguerssen-test.odoo.rgbconsulting.com\/es\/wp-json\/wp\/v2\/product"}],"about":[{"href":"https:\/\/wpguerssen-test.odoo.rgbconsulting.com\/es\/wp-json\/wp\/v2\/types\/product"}],"wp:featuredmedia":[{"embeddable":true,"href":"https:\/\/wpguerssen-test.odoo.rgbconsulting.com\/es\/wp-json\/wp\/v2\/media\/130413"}],"wp:attachment":[{"href":"https:\/\/wpguerssen-test.odoo.rgbconsulting.com\/es\/wp-json\/wp\/v2\/media?parent=216557"}],"wp:term":[{"taxonomy":"product_brand","embeddable":true,"href":"https:\/\/wpguerssen-test.odoo.rgbconsulting.com\/es\/wp-json\/wp\/v2\/product_brand?post=216557"},{"taxonomy":"product_cat","embeddable":true,"href":"https:\/\/wpguerssen-test.odoo.rgbconsulting.com\/es\/wp-json\/wp\/v2\/product_cat?post=216557"},{"taxonomy":"product_tag","embeddable":true,"href":"https:\/\/wpguerssen-test.odoo.rgbconsulting.com\/es\/wp-json\/wp\/v2\/product_tag?post=216557"}],"curies":[{"name":"wp","href":"https:\/\/api.w.org\/{rel}","templated":true}]}}