{"id":216666,"date":"2021-08-24T00:00:00","date_gmt":"2021-08-23T22:00:00","guid":{"rendered":"https:\/\/wpguerssen-test.odoo.rgbconsulting.com\/product\/above-all\/"},"modified":"2025-04-15T13:49:34","modified_gmt":"2025-04-15T11:49:34","slug":"above-all","status":"publish","type":"product","link":"https:\/\/wpguerssen-test.odoo.rgbconsulting.com\/es\/producto\/above-all\/","title":{"rendered":"Above All"},"content":{"rendered":"<p>ART\u00cdCULO EN PRE-PEDIDO. FECHA DE SALIDA OFICIAL: 23 DE SETIEMBRE. <\/p>\n<p> RES\u00c9RVALO YA Y S\u00c9 EL PRIMERO EN TENERLO. <\/p>\n<p> RE definitiva de esta salvaje \u00e1lbum de hard-rock psicod\u00e9lico californiano, originalmente editado en 1969 en un micro-prensaje. Guitarras a todo volumen (piensa en Blue Cheer o los Who de finales de los 60), brutal secci\u00f3n r\u00edtmica y mel\u00f3dica voz. Portada de cart\u00f3n grueso + OBI. Sonido remasterizado, insert con fotos, memorabilia y notas por el experto Clark Faville junto a una entrevista con miembros del grupo. Bonus track extra\u00eddo de un raro acetato in\u00e9dito. <\/p>\n<p> \u00abExplosivo hard-rock de L.A con aire brit\u00e1nico e influencias de Who y Led Zep. Sus mejores temas ofrecen feroces pasajes guitarreros que pueden ser considerados como de lo mejor dentro del g\u00e9nero. Obligatorio para cualquier aficionado al hard-rock\u00bb &#8211; Patrick Lundborg (Acid Archives) <\/p>\n<p> \u00abAbove All es uno de los pocos puros discos de heavy- hard rock que no solo son incre\u00edblemente raros sino tambi\u00e9n esenciales en cualquier colecci\u00f3n de hard-rock norteamericano\u00bb &#8211; Clark Faville <\/p>\n<p> Tracklist: Poison Ivy &#8211; Only forever- DA Blues &#8211; Cars &#8211; Everyday &#8211; Valleys -Time seller &#8211; Hot days &#8211; Do it* (Bonus Track)<\/p>\n","protected":false},"excerpt":{"rendered":"<p>ART\u00cdCULO EN PRE-PEDIDO. FECHA DE SALIDA OFICIAL: 23 DE SETIEMBRE. <\/p>\n<p>\u00a0<\/p>\n<p> RES\u00c9RVALO YA Y S\u00c9 EL PRIMERO EN TENERLO. <\/p>\n<p>\u00a0<\/p>\n<p> RE definitiva de<a class=\"read\" href=\"https:\/\/wpguerssen-test.odoo.rgbconsulting.com\/es\/producto\/above-all\/\"> (...)<\/a>","protected":false},"featured_media":217081,"template":"","meta":{"_acf_changed":false},"product_brand":[],"product_cat":[23224],"product_tag":[],"class_list":{"0":"post-216666","1":"product","2":"type-product","3":"status-publish","4":"has-post-thumbnail","6":"product_cat-hard-rock-60s-70s-es","7":"pa_artist-stack","8":"pa_format-lp-es","9":"pa_gender-hard-rock-60s-70s","10":"pa_label-out-sider-music-es","11":"pa_location-north-america-es","12":"pa_other-filters-vinyl-only-es","14":"first","15":"instock","16":"taxable","17":"shipping-taxable","18":"purchasable","19":"product-type-simple"},"acf":[],"yoast_head":"<!-- This site is optimized with the Yoast SEO plugin v24.9 - https:\/\/yoast.com\/wordpress\/plugins\/seo\/ -->\n<title>STACK - Above All -  (LP) | Guerssen<\/title>\n<meta name=\"description\" content=\"ITEM ON PRE-ORDER. OFFICIAL RELEASE DATE: SEPTEMBER, 23rd. #nl# ORDER NOW AND BE THE FIRST ONE TO GET IT. #nl# Definitive reissue of this wild and heavy psychedelic hard-rock album from California, 1969, released in tiny quantities at the time. Ultra-loud guitars (think Blue Cheer or late 60s Who), melodic vocals and thundering rhythm section. #nl# *Hard cardboard sleeve + OBI #nl# *Insert with extensive line notes by genre expert Clark Faville and lots of rare pictures \/ memorabilia. #nl# *Bonus track taken from a previously unreleased acetate. #nl# &quot;Early LA hardrock blowout with a British sound and Who and Led Zep influences. Best tracks go into ferocious guitar excursions that are among the best anywhere. Mandatory to any hard-rock fan&quot; - Patrick Lundborg (Acid Archives) #nl# &quot;Above All is one of the few pure and willfully heavy hard rock albums that rank as both incredibly rare and ultimately essential to a collection of American Rock&quot;- Clark Faville #nl# Tracklist: Poison Ivy - Only forever- DA Blues - Cars - Everyday - Valleys -Time seller - Hot days - Do it* (Bonus Track)\" \/>\n<meta name=\"robots\" content=\"index, follow, max-snippet:-1, max-image-preview:large, max-video-preview:-1\" \/>\n<link rel=\"canonical\" href=\"https:\/\/wpguerssen-test.odoo.rgbconsulting.com\/es\/producto\/above-all\/\" \/>\n<meta property=\"og:locale\" content=\"es_ES\" \/>\n<meta property=\"og:type\" content=\"article\" \/>\n<meta property=\"og:title\" content=\"STACK - Above All -  (LP) | Guerssen\" \/>\n<meta property=\"og:description\" content=\"ITEM ON PRE-ORDER. OFFICIAL RELEASE DATE: SEPTEMBER, 23rd. #nl# ORDER NOW AND BE THE FIRST ONE TO GET IT. #nl# Definitive reissue of this wild and heavy psychedelic hard-rock album from California, 1969, released in tiny quantities at the time. Ultra-loud guitars (think Blue Cheer or late 60s Who), melodic vocals and thundering rhythm section. #nl# *Hard cardboard sleeve + OBI #nl# *Insert with extensive line notes by genre expert Clark Faville and lots of rare pictures \/ memorabilia. #nl# *Bonus track taken from a previously unreleased acetate. #nl# &quot;Early LA hardrock blowout with a British sound and Who and Led Zep influences. Best tracks go into ferocious guitar excursions that are among the best anywhere. Mandatory to any hard-rock fan&quot; - Patrick Lundborg (Acid Archives) #nl# &quot;Above All is one of the few pure and willfully heavy hard rock albums that rank as both incredibly rare and ultimately essential to a collection of American Rock&quot;- Clark Faville #nl# Tracklist: Poison Ivy - Only forever- DA Blues - Cars - Everyday - Valleys -Time seller - Hot days - Do it* (Bonus Track)\" \/>\n<meta property=\"og:url\" content=\"https:\/\/wpguerssen-test.odoo.rgbconsulting.com\/es\/producto\/above-all\/\" \/>\n<meta property=\"og:site_name\" content=\"Guerssen records\" \/>\n<meta property=\"article:modified_time\" content=\"2025-04-15T11:49:34+00:00\" \/>\n<meta property=\"og:image\" content=\"https:\/\/wpguerssen-test.odoo.rgbconsulting.com\/wp-content\/uploads\/2022\/09\/40423-1024x1024.jpg\" \/>\n\t<meta property=\"og:image:width\" content=\"1024\" \/>\n\t<meta property=\"og:image:height\" content=\"1024\" \/>\n\t<meta property=\"og:image:type\" content=\"image\/jpeg\" \/>\n<meta name=\"twitter:card\" content=\"summary_large_image\" \/>\n<meta name=\"twitter:title\" content=\"STACK - Above All -  (LP) | Guerssen\" \/>\n<meta name=\"twitter:label1\" content=\"Tiempo de lectura\" \/>\n\t<meta name=\"twitter:data1\" content=\"1 minuto\" \/>\n<script type=\"application\/ld+json\" class=\"yoast-schema-graph\">{\"@context\":\"https:\/\/schema.org\",\"@graph\":[{\"@type\":\"WebPage\",\"@id\":\"https:\/\/wpguerssen-test.odoo.rgbconsulting.com\/es\/producto\/above-all\/\",\"url\":\"https:\/\/wpguerssen-test.odoo.rgbconsulting.com\/es\/producto\/above-all\/\",\"name\":\"STACK - Above All - (LP) | Guerssen\",\"isPartOf\":{\"@id\":\"https:\/\/wpguerssen-test.odoo.rgbconsulting.com\/es\/#website\"},\"primaryImageOfPage\":{\"@id\":\"https:\/\/wpguerssen-test.odoo.rgbconsulting.com\/es\/producto\/above-all\/#primaryimage\"},\"image\":{\"@id\":\"https:\/\/wpguerssen-test.odoo.rgbconsulting.com\/es\/producto\/above-all\/#primaryimage\"},\"thumbnailUrl\":\"https:\/\/wpguerssen-test.odoo.rgbconsulting.com\/wp-content\/uploads\/2022\/09\/40423.jpg\",\"datePublished\":\"2021-08-23T22:00:00+00:00\",\"dateModified\":\"2025-04-15T11:49:34+00:00\",\"description\":\"ITEM ON PRE-ORDER. OFFICIAL RELEASE DATE: SEPTEMBER, 23rd. #nl# ORDER NOW AND BE THE FIRST ONE TO GET IT. #nl# Definitive reissue of this wild and heavy psychedelic hard-rock album from California, 1969, released in tiny quantities at the time. Ultra-loud guitars (think Blue Cheer or late 60s Who), melodic vocals and thundering rhythm section. #nl# *Hard cardboard sleeve + OBI #nl# *Insert with extensive line notes by genre expert Clark Faville and lots of rare pictures \/ memorabilia. #nl# *Bonus track taken from a previously unreleased acetate. #nl# \\\"Early LA hardrock blowout with a British sound and Who and Led Zep influences. Best tracks go into ferocious guitar excursions that are among the best anywhere. Mandatory to any hard-rock fan\\\" - Patrick Lundborg (Acid Archives) #nl# \\\"Above All is one of the few pure and willfully heavy hard rock albums that rank as both incredibly rare and ultimately essential to a collection of American Rock\\\"- Clark Faville #nl# Tracklist: Poison Ivy - Only forever- DA Blues - Cars - Everyday - Valleys -Time seller - Hot days - Do it* (Bonus Track)\",\"breadcrumb\":{\"@id\":\"https:\/\/wpguerssen-test.odoo.rgbconsulting.com\/es\/producto\/above-all\/#breadcrumb\"},\"inLanguage\":\"es\",\"potentialAction\":[{\"@type\":\"ReadAction\",\"target\":[\"https:\/\/wpguerssen-test.odoo.rgbconsulting.com\/es\/producto\/above-all\/\"]}]},{\"@type\":\"ImageObject\",\"inLanguage\":\"es\",\"@id\":\"https:\/\/wpguerssen-test.odoo.rgbconsulting.com\/es\/producto\/above-all\/#primaryimage\",\"url\":\"https:\/\/wpguerssen-test.odoo.rgbconsulting.com\/wp-content\/uploads\/2022\/09\/40423.jpg\",\"contentUrl\":\"https:\/\/wpguerssen-test.odoo.rgbconsulting.com\/wp-content\/uploads\/2022\/09\/40423.jpg\",\"width\":1400,\"height\":1400},{\"@type\":\"BreadcrumbList\",\"@id\":\"https:\/\/wpguerssen-test.odoo.rgbconsulting.com\/es\/producto\/above-all\/#breadcrumb\",\"itemListElement\":[{\"@type\":\"ListItem\",\"position\":1,\"name\":\"Inicio\",\"item\":\"https:\/\/wpguerssen-test.odoo.rgbconsulting.com\/es\/\"},{\"@type\":\"ListItem\",\"position\":2,\"name\":\"Shop\",\"item\":\"https:\/\/wpguerssen-test.odoo.rgbconsulting.com\/shop\/\"},{\"@type\":\"ListItem\",\"position\":3,\"name\":\"Above All\"}]},{\"@type\":\"WebSite\",\"@id\":\"https:\/\/wpguerssen-test.odoo.rgbconsulting.com\/es\/#website\",\"url\":\"https:\/\/wpguerssen-test.odoo.rgbconsulting.com\/es\/\",\"name\":\"Guerssen records\",\"description\":\"psychedelia - progressive - folk - garage \",\"publisher\":{\"@id\":\"https:\/\/wpguerssen-test.odoo.rgbconsulting.com\/es\/#organization\"},\"potentialAction\":[{\"@type\":\"SearchAction\",\"target\":{\"@type\":\"EntryPoint\",\"urlTemplate\":\"https:\/\/wpguerssen-test.odoo.rgbconsulting.com\/es\/?s={search_term_string}\"},\"query-input\":{\"@type\":\"PropertyValueSpecification\",\"valueRequired\":true,\"valueName\":\"search_term_string\"}}],\"inLanguage\":\"es\"},{\"@type\":\"Organization\",\"@id\":\"https:\/\/wpguerssen-test.odoo.rgbconsulting.com\/es\/#organization\",\"name\":\"Guerssen records\",\"url\":\"https:\/\/wpguerssen-test.odoo.rgbconsulting.com\/es\/\",\"logo\":{\"@type\":\"ImageObject\",\"inLanguage\":\"es\",\"@id\":\"https:\/\/wpguerssen-test.odoo.rgbconsulting.com\/es\/#\/schema\/logo\/image\/\",\"url\":\"https:\/\/wpguerssen-test.odoo.rgbconsulting.com\/wp-content\/uploads\/2022\/04\/Logo_Guerssen_trans_100.png\",\"contentUrl\":\"https:\/\/wpguerssen-test.odoo.rgbconsulting.com\/wp-content\/uploads\/2022\/04\/Logo_Guerssen_trans_100.png\",\"width\":122,\"height\":100,\"caption\":\"Guerssen records\"},\"image\":{\"@id\":\"https:\/\/wpguerssen-test.odoo.rgbconsulting.com\/es\/#\/schema\/logo\/image\/\"}}]}<\/script>\n<!-- \/ Yoast SEO plugin. -->","yoast_head_json":{"title":"STACK - Above All -  (LP) | Guerssen","description":"ITEM ON PRE-ORDER. OFFICIAL RELEASE DATE: SEPTEMBER, 23rd. #nl# ORDER NOW AND BE THE FIRST ONE TO GET IT. #nl# Definitive reissue of this wild and heavy psychedelic hard-rock album from California, 1969, released in tiny quantities at the time. Ultra-loud guitars (think Blue Cheer or late 60s Who), melodic vocals and thundering rhythm section. #nl# *Hard cardboard sleeve + OBI #nl# *Insert with extensive line notes by genre expert Clark Faville and lots of rare pictures \/ memorabilia. #nl# *Bonus track taken from a previously unreleased acetate. #nl# \"Early LA hardrock blowout with a British sound and Who and Led Zep influences. Best tracks go into ferocious guitar excursions that are among the best anywhere. Mandatory to any hard-rock fan\" - Patrick Lundborg (Acid Archives) #nl# \"Above All is one of the few pure and willfully heavy hard rock albums that rank as both incredibly rare and ultimately essential to a collection of American Rock\"- Clark Faville #nl# Tracklist: Poison Ivy - Only forever- DA Blues - Cars - Everyday - Valleys -Time seller - Hot days - Do it* (Bonus Track)","robots":{"index":"index","follow":"follow","max-snippet":"max-snippet:-1","max-image-preview":"max-image-preview:large","max-video-preview":"max-video-preview:-1"},"canonical":"https:\/\/wpguerssen-test.odoo.rgbconsulting.com\/es\/producto\/above-all\/","og_locale":"es_ES","og_type":"article","og_title":"STACK - Above All -  (LP) | Guerssen","og_description":"ITEM ON PRE-ORDER. OFFICIAL RELEASE DATE: SEPTEMBER, 23rd. #nl# ORDER NOW AND BE THE FIRST ONE TO GET IT. #nl# Definitive reissue of this wild and heavy psychedelic hard-rock album from California, 1969, released in tiny quantities at the time. Ultra-loud guitars (think Blue Cheer or late 60s Who), melodic vocals and thundering rhythm section. #nl# *Hard cardboard sleeve + OBI #nl# *Insert with extensive line notes by genre expert Clark Faville and lots of rare pictures \/ memorabilia. #nl# *Bonus track taken from a previously unreleased acetate. #nl# \"Early LA hardrock blowout with a British sound and Who and Led Zep influences. Best tracks go into ferocious guitar excursions that are among the best anywhere. Mandatory to any hard-rock fan\" - Patrick Lundborg (Acid Archives) #nl# \"Above All is one of the few pure and willfully heavy hard rock albums that rank as both incredibly rare and ultimately essential to a collection of American Rock\"- Clark Faville #nl# Tracklist: Poison Ivy - Only forever- DA Blues - Cars - Everyday - Valleys -Time seller - Hot days - Do it* (Bonus Track)","og_url":"https:\/\/wpguerssen-test.odoo.rgbconsulting.com\/es\/producto\/above-all\/","og_site_name":"Guerssen records","article_modified_time":"2025-04-15T11:49:34+00:00","og_image":[{"width":1024,"height":1024,"url":"https:\/\/wpguerssen-test.odoo.rgbconsulting.com\/wp-content\/uploads\/2022\/09\/40423-1024x1024.jpg","type":"image\/jpeg"}],"twitter_card":"summary_large_image","twitter_title":"STACK - Above All -  (LP) | Guerssen","twitter_misc":{"Tiempo de lectura":"1 minuto"},"schema":{"@context":"https:\/\/schema.org","@graph":[{"@type":"WebPage","@id":"https:\/\/wpguerssen-test.odoo.rgbconsulting.com\/es\/producto\/above-all\/","url":"https:\/\/wpguerssen-test.odoo.rgbconsulting.com\/es\/producto\/above-all\/","name":"STACK - Above All - (LP) | Guerssen","isPartOf":{"@id":"https:\/\/wpguerssen-test.odoo.rgbconsulting.com\/es\/#website"},"primaryImageOfPage":{"@id":"https:\/\/wpguerssen-test.odoo.rgbconsulting.com\/es\/producto\/above-all\/#primaryimage"},"image":{"@id":"https:\/\/wpguerssen-test.odoo.rgbconsulting.com\/es\/producto\/above-all\/#primaryimage"},"thumbnailUrl":"https:\/\/wpguerssen-test.odoo.rgbconsulting.com\/wp-content\/uploads\/2022\/09\/40423.jpg","datePublished":"2021-08-23T22:00:00+00:00","dateModified":"2025-04-15T11:49:34+00:00","description":"ITEM ON PRE-ORDER. OFFICIAL RELEASE DATE: SEPTEMBER, 23rd. #nl# ORDER NOW AND BE THE FIRST ONE TO GET IT. #nl# Definitive reissue of this wild and heavy psychedelic hard-rock album from California, 1969, released in tiny quantities at the time. Ultra-loud guitars (think Blue Cheer or late 60s Who), melodic vocals and thundering rhythm section. #nl# *Hard cardboard sleeve + OBI #nl# *Insert with extensive line notes by genre expert Clark Faville and lots of rare pictures \/ memorabilia. #nl# *Bonus track taken from a previously unreleased acetate. #nl# \"Early LA hardrock blowout with a British sound and Who and Led Zep influences. Best tracks go into ferocious guitar excursions that are among the best anywhere. Mandatory to any hard-rock fan\" - Patrick Lundborg (Acid Archives) #nl# \"Above All is one of the few pure and willfully heavy hard rock albums that rank as both incredibly rare and ultimately essential to a collection of American Rock\"- Clark Faville #nl# Tracklist: Poison Ivy - Only forever- DA Blues - Cars - Everyday - Valleys -Time seller - Hot days - Do it* (Bonus Track)","breadcrumb":{"@id":"https:\/\/wpguerssen-test.odoo.rgbconsulting.com\/es\/producto\/above-all\/#breadcrumb"},"inLanguage":"es","potentialAction":[{"@type":"ReadAction","target":["https:\/\/wpguerssen-test.odoo.rgbconsulting.com\/es\/producto\/above-all\/"]}]},{"@type":"ImageObject","inLanguage":"es","@id":"https:\/\/wpguerssen-test.odoo.rgbconsulting.com\/es\/producto\/above-all\/#primaryimage","url":"https:\/\/wpguerssen-test.odoo.rgbconsulting.com\/wp-content\/uploads\/2022\/09\/40423.jpg","contentUrl":"https:\/\/wpguerssen-test.odoo.rgbconsulting.com\/wp-content\/uploads\/2022\/09\/40423.jpg","width":1400,"height":1400},{"@type":"BreadcrumbList","@id":"https:\/\/wpguerssen-test.odoo.rgbconsulting.com\/es\/producto\/above-all\/#breadcrumb","itemListElement":[{"@type":"ListItem","position":1,"name":"Inicio","item":"https:\/\/wpguerssen-test.odoo.rgbconsulting.com\/es\/"},{"@type":"ListItem","position":2,"name":"Shop","item":"https:\/\/wpguerssen-test.odoo.rgbconsulting.com\/shop\/"},{"@type":"ListItem","position":3,"name":"Above All"}]},{"@type":"WebSite","@id":"https:\/\/wpguerssen-test.odoo.rgbconsulting.com\/es\/#website","url":"https:\/\/wpguerssen-test.odoo.rgbconsulting.com\/es\/","name":"Guerssen records","description":"psychedelia - progressive - folk - garage ","publisher":{"@id":"https:\/\/wpguerssen-test.odoo.rgbconsulting.com\/es\/#organization"},"potentialAction":[{"@type":"SearchAction","target":{"@type":"EntryPoint","urlTemplate":"https:\/\/wpguerssen-test.odoo.rgbconsulting.com\/es\/?s={search_term_string}"},"query-input":{"@type":"PropertyValueSpecification","valueRequired":true,"valueName":"search_term_string"}}],"inLanguage":"es"},{"@type":"Organization","@id":"https:\/\/wpguerssen-test.odoo.rgbconsulting.com\/es\/#organization","name":"Guerssen records","url":"https:\/\/wpguerssen-test.odoo.rgbconsulting.com\/es\/","logo":{"@type":"ImageObject","inLanguage":"es","@id":"https:\/\/wpguerssen-test.odoo.rgbconsulting.com\/es\/#\/schema\/logo\/image\/","url":"https:\/\/wpguerssen-test.odoo.rgbconsulting.com\/wp-content\/uploads\/2022\/04\/Logo_Guerssen_trans_100.png","contentUrl":"https:\/\/wpguerssen-test.odoo.rgbconsulting.com\/wp-content\/uploads\/2022\/04\/Logo_Guerssen_trans_100.png","width":122,"height":100,"caption":"Guerssen records"},"image":{"@id":"https:\/\/wpguerssen-test.odoo.rgbconsulting.com\/es\/#\/schema\/logo\/image\/"}}]}},"_links":{"self":[{"href":"https:\/\/wpguerssen-test.odoo.rgbconsulting.com\/es\/wp-json\/wp\/v2\/product\/216666","targetHints":{"allow":["GET"]}}],"collection":[{"href":"https:\/\/wpguerssen-test.odoo.rgbconsulting.com\/es\/wp-json\/wp\/v2\/product"}],"about":[{"href":"https:\/\/wpguerssen-test.odoo.rgbconsulting.com\/es\/wp-json\/wp\/v2\/types\/product"}],"wp:featuredmedia":[{"embeddable":true,"href":"https:\/\/wpguerssen-test.odoo.rgbconsulting.com\/es\/wp-json\/wp\/v2\/media\/217081"}],"wp:attachment":[{"href":"https:\/\/wpguerssen-test.odoo.rgbconsulting.com\/es\/wp-json\/wp\/v2\/media?parent=216666"}],"wp:term":[{"taxonomy":"product_brand","embeddable":true,"href":"https:\/\/wpguerssen-test.odoo.rgbconsulting.com\/es\/wp-json\/wp\/v2\/product_brand?post=216666"},{"taxonomy":"product_cat","embeddable":true,"href":"https:\/\/wpguerssen-test.odoo.rgbconsulting.com\/es\/wp-json\/wp\/v2\/product_cat?post=216666"},{"taxonomy":"product_tag","embeddable":true,"href":"https:\/\/wpguerssen-test.odoo.rgbconsulting.com\/es\/wp-json\/wp\/v2\/product_tag?post=216666"}],"curies":[{"name":"wp","href":"https:\/\/api.w.org\/{rel}","templated":true}]}}