{"id":217143,"date":"2019-10-07T00:00:00","date_gmt":"2019-10-06T22:00:00","guid":{"rendered":"https:\/\/wpguerssen-test.odoo.rgbconsulting.com\/product\/il-dio-chiamato-dorian-7\/"},"modified":"2024-02-20T09:42:43","modified_gmt":"2024-02-20T08:42:43","slug":"il-dio-chiamato-dorian-7","status":"publish","type":"product","link":"https:\/\/wpguerssen-test.odoo.rgbconsulting.com\/es\/producto\/il-dio-chiamato-dorian-7\/","title":{"rendered":"Il Dio Chiamato Dorian (7&#8243;)"},"content":{"rendered":"<p>\u00a1Otro incre\u00edble 7 pulgadas! Dos temas groover psicod\u00e9licos pesados, llenos de percusi\u00f3n loca, guitarra fuzz y \u00f3rgano hammond, todos tocados por MARC 4 y compuestos por su organista Antonello Vannucchi, y ambos haciendo eco del inmortal riff In-A-Gadda-Da-Vida de Iron Butterfly. RITO A LOS ANGELES fue utilizado por Steven Soderbergh en su pel\u00edcula de 2004, \u00abOcean&#8217;s Twelve\u00bb. Un ritmo asombroso e inquietante que es ideal para DJs y productores.<\/p>\n","protected":false},"excerpt":{"rendered":"<p>\u00a1Otro incre\u00edble 7 pulgadas! Dos temas groover psicod\u00e9licos pesados, llenos de percusi\u00f3n loca, guitarra fuzz y \u00f3rgano hammond, todos tocados por MARC 4 y compuestos<a class=\"read\" href=\"https:\/\/wpguerssen-test.odoo.rgbconsulting.com\/es\/producto\/il-dio-chiamato-dorian-7\/\"> (...)<\/a>","protected":false},"featured_media":218318,"template":"","meta":{"_acf_changed":false},"product_brand":[],"product_cat":[23228,23232],"product_tag":[],"class_list":{"0":"post-217143","1":"product","2":"type-product","3":"status-publish","4":"has-post-thumbnail","6":"product_cat-jazz-funk-es","7":"product_cat-library-music-lounge-es","8":"pa_artist-de-luca-peppino-marc-4-i","9":"pa_format-7-es","10":"pa_gender-library-music-lounge-jazz-funk","11":"pa_label-four-flies","12":"pa_location-europe-es","13":"pa_other-filters-vinyl-only-es","15":"first","16":"instock","17":"taxable","18":"shipping-taxable","19":"purchasable","20":"product-type-simple"},"acf":[],"yoast_head":"<!-- This site is optimized with the Yoast SEO plugin v24.9 - https:\/\/yoast.com\/wordpress\/plugins\/seo\/ -->\n<title>DE LUCA, Peppino &amp; MARC 4, I - Il Dio Chiamato Dorian (7&quot;) -  (7&quot;) | Guerssen<\/title>\n<meta name=\"description\" content=\"Two heavy psychedelic groover tracks, full of crazy percussion, fuzz guitar, and hammond organ all played by MARC 4 and composed by their organist Antonello Vannucchi, and both echoing the immortal In-A-Gadda-Da-Vida riff by Iron Butterfly. RITO A LOS ANGELES was used by Steven Soderbergh in his 2004 film, &quot;Ocean&#039;s Twelve&quot;. An amazing and haunting groove that is ideal for DJs &amp; producers.\" \/>\n<meta name=\"robots\" content=\"index, follow, max-snippet:-1, max-image-preview:large, max-video-preview:-1\" \/>\n<link rel=\"canonical\" href=\"https:\/\/wpguerssen-test.odoo.rgbconsulting.com\/es\/producto\/il-dio-chiamato-dorian-7\/\" \/>\n<meta property=\"og:locale\" content=\"es_ES\" \/>\n<meta property=\"og:type\" content=\"article\" \/>\n<meta property=\"og:title\" content=\"DE LUCA, Peppino &amp; MARC 4, I - Il Dio Chiamato Dorian (7&quot;) -  (7&quot;) | Guerssen\" \/>\n<meta property=\"og:description\" content=\"Two heavy psychedelic groover tracks, full of crazy percussion, fuzz guitar, and hammond organ all played by MARC 4 and composed by their organist Antonello Vannucchi, and both echoing the immortal In-A-Gadda-Da-Vida riff by Iron Butterfly. RITO A LOS ANGELES was used by Steven Soderbergh in his 2004 film, &quot;Ocean&#039;s Twelve&quot;. An amazing and haunting groove that is ideal for DJs &amp; producers.\" \/>\n<meta property=\"og:url\" content=\"https:\/\/wpguerssen-test.odoo.rgbconsulting.com\/es\/producto\/il-dio-chiamato-dorian-7\/\" \/>\n<meta property=\"og:site_name\" content=\"Guerssen records\" \/>\n<meta property=\"article:modified_time\" content=\"2024-02-20T08:42:43+00:00\" \/>\n<meta property=\"og:image\" content=\"https:\/\/wpguerssen-test.odoo.rgbconsulting.com\/wp-content\/uploads\/2022\/09\/35266.jpg\" \/>\n\t<meta property=\"og:image:width\" content=\"1090\" \/>\n\t<meta property=\"og:image:height\" content=\"1113\" \/>\n\t<meta property=\"og:image:type\" content=\"image\/jpeg\" \/>\n<meta name=\"twitter:card\" content=\"summary_large_image\" \/>\n<meta name=\"twitter:title\" content=\"DE LUCA, Peppino &amp; MARC 4, I - Il Dio Chiamato Dorian (7&quot;) -  (7&quot;) | Guerssen\" \/>\n<script type=\"application\/ld+json\" class=\"yoast-schema-graph\">{\"@context\":\"https:\/\/schema.org\",\"@graph\":[{\"@type\":\"WebPage\",\"@id\":\"https:\/\/wpguerssen-test.odoo.rgbconsulting.com\/es\/producto\/il-dio-chiamato-dorian-7\/\",\"url\":\"https:\/\/wpguerssen-test.odoo.rgbconsulting.com\/es\/producto\/il-dio-chiamato-dorian-7\/\",\"name\":\"DE LUCA, Peppino & MARC 4, I - Il Dio Chiamato Dorian (7\\\") - (7\\\") | Guerssen\",\"isPartOf\":{\"@id\":\"https:\/\/wpguerssen-test.odoo.rgbconsulting.com\/es\/#website\"},\"primaryImageOfPage\":{\"@id\":\"https:\/\/wpguerssen-test.odoo.rgbconsulting.com\/es\/producto\/il-dio-chiamato-dorian-7\/#primaryimage\"},\"image\":{\"@id\":\"https:\/\/wpguerssen-test.odoo.rgbconsulting.com\/es\/producto\/il-dio-chiamato-dorian-7\/#primaryimage\"},\"thumbnailUrl\":\"https:\/\/wpguerssen-test.odoo.rgbconsulting.com\/wp-content\/uploads\/2022\/09\/35266.jpg\",\"datePublished\":\"2019-10-06T22:00:00+00:00\",\"dateModified\":\"2024-02-20T08:42:43+00:00\",\"description\":\"Two heavy psychedelic groover tracks, full of crazy percussion, fuzz guitar, and hammond organ all played by MARC 4 and composed by their organist Antonello Vannucchi, and both echoing the immortal In-A-Gadda-Da-Vida riff by Iron Butterfly. RITO A LOS ANGELES was used by Steven Soderbergh in his 2004 film, \\\"Ocean's Twelve\\\". An amazing and haunting groove that is ideal for DJs & producers.\",\"breadcrumb\":{\"@id\":\"https:\/\/wpguerssen-test.odoo.rgbconsulting.com\/es\/producto\/il-dio-chiamato-dorian-7\/#breadcrumb\"},\"inLanguage\":\"es\",\"potentialAction\":[{\"@type\":\"ReadAction\",\"target\":[\"https:\/\/wpguerssen-test.odoo.rgbconsulting.com\/es\/producto\/il-dio-chiamato-dorian-7\/\"]}]},{\"@type\":\"ImageObject\",\"inLanguage\":\"es\",\"@id\":\"https:\/\/wpguerssen-test.odoo.rgbconsulting.com\/es\/producto\/il-dio-chiamato-dorian-7\/#primaryimage\",\"url\":\"https:\/\/wpguerssen-test.odoo.rgbconsulting.com\/wp-content\/uploads\/2022\/09\/35266.jpg\",\"contentUrl\":\"https:\/\/wpguerssen-test.odoo.rgbconsulting.com\/wp-content\/uploads\/2022\/09\/35266.jpg\",\"width\":1090,\"height\":1113,\"caption\":\"Peppino & MARC 4\"},{\"@type\":\"BreadcrumbList\",\"@id\":\"https:\/\/wpguerssen-test.odoo.rgbconsulting.com\/es\/producto\/il-dio-chiamato-dorian-7\/#breadcrumb\",\"itemListElement\":[{\"@type\":\"ListItem\",\"position\":1,\"name\":\"Inicio\",\"item\":\"https:\/\/wpguerssen-test.odoo.rgbconsulting.com\/es\/\"},{\"@type\":\"ListItem\",\"position\":2,\"name\":\"Shop\",\"item\":\"https:\/\/wpguerssen-test.odoo.rgbconsulting.com\/shop\/\"},{\"@type\":\"ListItem\",\"position\":3,\"name\":\"Il Dio Chiamato Dorian (7&#8243;)\"}]},{\"@type\":\"WebSite\",\"@id\":\"https:\/\/wpguerssen-test.odoo.rgbconsulting.com\/es\/#website\",\"url\":\"https:\/\/wpguerssen-test.odoo.rgbconsulting.com\/es\/\",\"name\":\"Guerssen records\",\"description\":\"psychedelia - progressive - folk - garage \",\"publisher\":{\"@id\":\"https:\/\/wpguerssen-test.odoo.rgbconsulting.com\/es\/#organization\"},\"potentialAction\":[{\"@type\":\"SearchAction\",\"target\":{\"@type\":\"EntryPoint\",\"urlTemplate\":\"https:\/\/wpguerssen-test.odoo.rgbconsulting.com\/es\/?s={search_term_string}\"},\"query-input\":{\"@type\":\"PropertyValueSpecification\",\"valueRequired\":true,\"valueName\":\"search_term_string\"}}],\"inLanguage\":\"es\"},{\"@type\":\"Organization\",\"@id\":\"https:\/\/wpguerssen-test.odoo.rgbconsulting.com\/es\/#organization\",\"name\":\"Guerssen records\",\"url\":\"https:\/\/wpguerssen-test.odoo.rgbconsulting.com\/es\/\",\"logo\":{\"@type\":\"ImageObject\",\"inLanguage\":\"es\",\"@id\":\"https:\/\/wpguerssen-test.odoo.rgbconsulting.com\/es\/#\/schema\/logo\/image\/\",\"url\":\"https:\/\/wpguerssen-test.odoo.rgbconsulting.com\/wp-content\/uploads\/2022\/04\/Logo_Guerssen_trans_100.png\",\"contentUrl\":\"https:\/\/wpguerssen-test.odoo.rgbconsulting.com\/wp-content\/uploads\/2022\/04\/Logo_Guerssen_trans_100.png\",\"width\":122,\"height\":100,\"caption\":\"Guerssen records\"},\"image\":{\"@id\":\"https:\/\/wpguerssen-test.odoo.rgbconsulting.com\/es\/#\/schema\/logo\/image\/\"}}]}<\/script>\n<!-- \/ Yoast SEO plugin. -->","yoast_head_json":{"title":"DE LUCA, Peppino & MARC 4, I - Il Dio Chiamato Dorian (7\") -  (7\") | Guerssen","description":"Two heavy psychedelic groover tracks, full of crazy percussion, fuzz guitar, and hammond organ all played by MARC 4 and composed by their organist Antonello Vannucchi, and both echoing the immortal In-A-Gadda-Da-Vida riff by Iron Butterfly. RITO A LOS ANGELES was used by Steven Soderbergh in his 2004 film, \"Ocean's Twelve\". An amazing and haunting groove that is ideal for DJs & producers.","robots":{"index":"index","follow":"follow","max-snippet":"max-snippet:-1","max-image-preview":"max-image-preview:large","max-video-preview":"max-video-preview:-1"},"canonical":"https:\/\/wpguerssen-test.odoo.rgbconsulting.com\/es\/producto\/il-dio-chiamato-dorian-7\/","og_locale":"es_ES","og_type":"article","og_title":"DE LUCA, Peppino & MARC 4, I - Il Dio Chiamato Dorian (7\") -  (7\") | Guerssen","og_description":"Two heavy psychedelic groover tracks, full of crazy percussion, fuzz guitar, and hammond organ all played by MARC 4 and composed by their organist Antonello Vannucchi, and both echoing the immortal In-A-Gadda-Da-Vida riff by Iron Butterfly. RITO A LOS ANGELES was used by Steven Soderbergh in his 2004 film, \"Ocean's Twelve\". An amazing and haunting groove that is ideal for DJs & producers.","og_url":"https:\/\/wpguerssen-test.odoo.rgbconsulting.com\/es\/producto\/il-dio-chiamato-dorian-7\/","og_site_name":"Guerssen records","article_modified_time":"2024-02-20T08:42:43+00:00","og_image":[{"width":1090,"height":1113,"url":"https:\/\/wpguerssen-test.odoo.rgbconsulting.com\/wp-content\/uploads\/2022\/09\/35266.jpg","type":"image\/jpeg"}],"twitter_card":"summary_large_image","twitter_title":"DE LUCA, Peppino & MARC 4, I - Il Dio Chiamato Dorian (7\") -  (7\") | Guerssen","schema":{"@context":"https:\/\/schema.org","@graph":[{"@type":"WebPage","@id":"https:\/\/wpguerssen-test.odoo.rgbconsulting.com\/es\/producto\/il-dio-chiamato-dorian-7\/","url":"https:\/\/wpguerssen-test.odoo.rgbconsulting.com\/es\/producto\/il-dio-chiamato-dorian-7\/","name":"DE LUCA, Peppino & MARC 4, I - Il Dio Chiamato Dorian (7\") - (7\") | Guerssen","isPartOf":{"@id":"https:\/\/wpguerssen-test.odoo.rgbconsulting.com\/es\/#website"},"primaryImageOfPage":{"@id":"https:\/\/wpguerssen-test.odoo.rgbconsulting.com\/es\/producto\/il-dio-chiamato-dorian-7\/#primaryimage"},"image":{"@id":"https:\/\/wpguerssen-test.odoo.rgbconsulting.com\/es\/producto\/il-dio-chiamato-dorian-7\/#primaryimage"},"thumbnailUrl":"https:\/\/wpguerssen-test.odoo.rgbconsulting.com\/wp-content\/uploads\/2022\/09\/35266.jpg","datePublished":"2019-10-06T22:00:00+00:00","dateModified":"2024-02-20T08:42:43+00:00","description":"Two heavy psychedelic groover tracks, full of crazy percussion, fuzz guitar, and hammond organ all played by MARC 4 and composed by their organist Antonello Vannucchi, and both echoing the immortal In-A-Gadda-Da-Vida riff by Iron Butterfly. RITO A LOS ANGELES was used by Steven Soderbergh in his 2004 film, \"Ocean's Twelve\". An amazing and haunting groove that is ideal for DJs & producers.","breadcrumb":{"@id":"https:\/\/wpguerssen-test.odoo.rgbconsulting.com\/es\/producto\/il-dio-chiamato-dorian-7\/#breadcrumb"},"inLanguage":"es","potentialAction":[{"@type":"ReadAction","target":["https:\/\/wpguerssen-test.odoo.rgbconsulting.com\/es\/producto\/il-dio-chiamato-dorian-7\/"]}]},{"@type":"ImageObject","inLanguage":"es","@id":"https:\/\/wpguerssen-test.odoo.rgbconsulting.com\/es\/producto\/il-dio-chiamato-dorian-7\/#primaryimage","url":"https:\/\/wpguerssen-test.odoo.rgbconsulting.com\/wp-content\/uploads\/2022\/09\/35266.jpg","contentUrl":"https:\/\/wpguerssen-test.odoo.rgbconsulting.com\/wp-content\/uploads\/2022\/09\/35266.jpg","width":1090,"height":1113,"caption":"Peppino & MARC 4"},{"@type":"BreadcrumbList","@id":"https:\/\/wpguerssen-test.odoo.rgbconsulting.com\/es\/producto\/il-dio-chiamato-dorian-7\/#breadcrumb","itemListElement":[{"@type":"ListItem","position":1,"name":"Inicio","item":"https:\/\/wpguerssen-test.odoo.rgbconsulting.com\/es\/"},{"@type":"ListItem","position":2,"name":"Shop","item":"https:\/\/wpguerssen-test.odoo.rgbconsulting.com\/shop\/"},{"@type":"ListItem","position":3,"name":"Il Dio Chiamato Dorian (7&#8243;)"}]},{"@type":"WebSite","@id":"https:\/\/wpguerssen-test.odoo.rgbconsulting.com\/es\/#website","url":"https:\/\/wpguerssen-test.odoo.rgbconsulting.com\/es\/","name":"Guerssen records","description":"psychedelia - progressive - folk - garage ","publisher":{"@id":"https:\/\/wpguerssen-test.odoo.rgbconsulting.com\/es\/#organization"},"potentialAction":[{"@type":"SearchAction","target":{"@type":"EntryPoint","urlTemplate":"https:\/\/wpguerssen-test.odoo.rgbconsulting.com\/es\/?s={search_term_string}"},"query-input":{"@type":"PropertyValueSpecification","valueRequired":true,"valueName":"search_term_string"}}],"inLanguage":"es"},{"@type":"Organization","@id":"https:\/\/wpguerssen-test.odoo.rgbconsulting.com\/es\/#organization","name":"Guerssen records","url":"https:\/\/wpguerssen-test.odoo.rgbconsulting.com\/es\/","logo":{"@type":"ImageObject","inLanguage":"es","@id":"https:\/\/wpguerssen-test.odoo.rgbconsulting.com\/es\/#\/schema\/logo\/image\/","url":"https:\/\/wpguerssen-test.odoo.rgbconsulting.com\/wp-content\/uploads\/2022\/04\/Logo_Guerssen_trans_100.png","contentUrl":"https:\/\/wpguerssen-test.odoo.rgbconsulting.com\/wp-content\/uploads\/2022\/04\/Logo_Guerssen_trans_100.png","width":122,"height":100,"caption":"Guerssen records"},"image":{"@id":"https:\/\/wpguerssen-test.odoo.rgbconsulting.com\/es\/#\/schema\/logo\/image\/"}}]}},"_links":{"self":[{"href":"https:\/\/wpguerssen-test.odoo.rgbconsulting.com\/es\/wp-json\/wp\/v2\/product\/217143","targetHints":{"allow":["GET"]}}],"collection":[{"href":"https:\/\/wpguerssen-test.odoo.rgbconsulting.com\/es\/wp-json\/wp\/v2\/product"}],"about":[{"href":"https:\/\/wpguerssen-test.odoo.rgbconsulting.com\/es\/wp-json\/wp\/v2\/types\/product"}],"wp:featuredmedia":[{"embeddable":true,"href":"https:\/\/wpguerssen-test.odoo.rgbconsulting.com\/es\/wp-json\/wp\/v2\/media\/218318"}],"wp:attachment":[{"href":"https:\/\/wpguerssen-test.odoo.rgbconsulting.com\/es\/wp-json\/wp\/v2\/media?parent=217143"}],"wp:term":[{"taxonomy":"product_brand","embeddable":true,"href":"https:\/\/wpguerssen-test.odoo.rgbconsulting.com\/es\/wp-json\/wp\/v2\/product_brand?post=217143"},{"taxonomy":"product_cat","embeddable":true,"href":"https:\/\/wpguerssen-test.odoo.rgbconsulting.com\/es\/wp-json\/wp\/v2\/product_cat?post=217143"},{"taxonomy":"product_tag","embeddable":true,"href":"https:\/\/wpguerssen-test.odoo.rgbconsulting.com\/es\/wp-json\/wp\/v2\/product_tag?post=217143"}],"curies":[{"name":"wp","href":"https:\/\/api.w.org\/{rel}","templated":true}]}}