{"id":217152,"date":"2022-09-20T00:00:00","date_gmt":"2022-09-19T22:00:00","guid":{"rendered":"https:\/\/wpguerssen-test.odoo.rgbconsulting.com\/product\/nella-misura-in-cui\/"},"modified":"2024-02-20T14:44:57","modified_gmt":"2024-02-20T13:44:57","slug":"nella-misura-in-cui","status":"publish","type":"product","link":"https:\/\/wpguerssen-test.odoo.rgbconsulting.com\/es\/producto\/nella-misura-in-cui\/","title":{"rendered":"Nella Misura In Cui"},"content":{"rendered":"<p>Four Flies Records se enorgullece especialmente de presentar el primer lanzamiento completo de la sensual banda sonora de Martelli para Nella Misura In Cui, donde ampli\u00f3 el sonido de vud\u00fa tropical de su partitura anterior para incorporar elementos de disco, soul y funk, modismos que se hicieron populares a lo largo de los nueve a\u00f1os entre las dos pel\u00edculas de Vivarelli. <\/p>\n<p> El tema principal de la banda sonora, \u00abThe Joint\u00bb, te dar\u00e1 una idea perfecta del sonido de finales de los setenta de Martelli: ambiente hippie lounge\/playa combinado con una especie de coqueteo con el mitos de la cultura juvenil, desde el amor libre hasta las utop\u00edas del Tercer Mundo, pasando por las drogas blandas. El \u00e1lbum tambi\u00e9n incluye mezclas vocales e instrumentales de \u00abJoining Together\u00bb, un contagioso golpe de pista de baile impulsado por una poderosa secci\u00f3n r\u00edtmica (percusi\u00f3n tocada en el ritmo optimista, Tullio De Piscopo haciendo su magia en la bater\u00eda y Pino Presti brindando una l\u00ednea de bajo asesina ) y con texturas de cuerdas aireadas que no esperar\u00edas escuchar en una pista disco. <\/p>\n<p> Una obra maestra s\u00faper maravillosa y conmovedora de uno de los abanderados de la m\u00fasica de cine er\u00f3tica y ex\u00f3tica, Nella Misura In Cui es una de los hallazgos m\u00e1s emocionantes de Four Flies hasta la fecha. \u00a1Necesitas esto!<\/p>\n","protected":false},"excerpt":{"rendered":"<p>Four Flies Records se enorgullece especialmente de presentar el primer lanzamiento completo de la sensual banda sonora de Martelli para Nella Misura In Cui, donde<a class=\"read\" href=\"https:\/\/wpguerssen-test.odoo.rgbconsulting.com\/es\/producto\/nella-misura-in-cui\/\"> (...)<\/a>","protected":false},"featured_media":218330,"template":"","meta":{"_acf_changed":false},"product_brand":[],"product_cat":[21641],"product_tag":[],"class_list":{"0":"post-217152","1":"product","2":"type-product","3":"status-publish","4":"has-post-thumbnail","6":"product_cat-soundtracks-es","7":"pa_artist-martelli-augusto","8":"pa_format-lp-es","9":"pa_gender-soundtracks","10":"pa_label-four-flies","11":"pa_location-europe-es","12":"pa_other-filters-vinyl-only-es","14":"first","15":"instock","16":"taxable","17":"shipping-taxable","18":"purchasable","19":"product-type-simple"},"acf":[],"yoast_head":"<!-- This site is optimized with the Yoast SEO plugin v24.9 - https:\/\/yoast.com\/wordpress\/plugins\/seo\/ -->\n<title>MARTELLI, Augusto - Nella Misura In Cui -  (LP) | Guerssen<\/title>\n<meta name=\"description\" content=\"Four Flies Records is especially proud to present the first complete release of Martelli&#039;s sultry soundtrack to Nella Misura In Cui, where he expanded the tropical-voodoo sound of his earlier score to incorporate elements from disco, soul, and funk - idioms that became popular over the nine years between Vivarelli&#039;s two movies. #nl# The soundtrack&#039;s main theme, &quot;The Joint&quot;, will give you a perfect taste of Martelli&#039;s late-seventies sound: hippie lounge\/beach vibes combined with a sort of flirting with the myths of youth culture, from free love to Third World utopias, to soft drugs. The album also features vocal and instrumental mixes of &quot;Joining Together&quot;, an infectious dance-floor banger driven by a powerful rhythm section (percussion played on the upbeat, Tullio De Piscopo doing his magic on drums, and Pino Presti providing a killer bass line) and with airy string textures you wouldn&#039;t expect to hear in a disco track. #nl# A super-groovy and soulful masterpiece from one of the standard bearers of erotic-exotic film music, Nella Misura In Cui is one of Four Flies&#039; most exciting finds to date. You need this!\" \/>\n<meta name=\"robots\" content=\"index, follow, max-snippet:-1, max-image-preview:large, max-video-preview:-1\" \/>\n<link rel=\"canonical\" href=\"https:\/\/wpguerssen-test.odoo.rgbconsulting.com\/es\/producto\/nella-misura-in-cui\/\" \/>\n<meta property=\"og:locale\" content=\"es_ES\" \/>\n<meta property=\"og:type\" content=\"article\" \/>\n<meta property=\"og:title\" content=\"MARTELLI, Augusto - Nella Misura In Cui -  (LP) | Guerssen\" \/>\n<meta property=\"og:description\" content=\"Four Flies Records is especially proud to present the first complete release of Martelli&#039;s sultry soundtrack to Nella Misura In Cui, where he expanded the tropical-voodoo sound of his earlier score to incorporate elements from disco, soul, and funk - idioms that became popular over the nine years between Vivarelli&#039;s two movies. #nl# The soundtrack&#039;s main theme, &quot;The Joint&quot;, will give you a perfect taste of Martelli&#039;s late-seventies sound: hippie lounge\/beach vibes combined with a sort of flirting with the myths of youth culture, from free love to Third World utopias, to soft drugs. The album also features vocal and instrumental mixes of &quot;Joining Together&quot;, an infectious dance-floor banger driven by a powerful rhythm section (percussion played on the upbeat, Tullio De Piscopo doing his magic on drums, and Pino Presti providing a killer bass line) and with airy string textures you wouldn&#039;t expect to hear in a disco track. #nl# A super-groovy and soulful masterpiece from one of the standard bearers of erotic-exotic film music, Nella Misura In Cui is one of Four Flies&#039; most exciting finds to date. You need this!\" \/>\n<meta property=\"og:url\" content=\"https:\/\/wpguerssen-test.odoo.rgbconsulting.com\/es\/producto\/nella-misura-in-cui\/\" \/>\n<meta property=\"og:site_name\" content=\"Guerssen records\" \/>\n<meta property=\"article:modified_time\" content=\"2024-02-20T13:44:57+00:00\" \/>\n<meta property=\"og:image\" content=\"https:\/\/wpguerssen-test.odoo.rgbconsulting.com\/wp-content\/uploads\/2022\/09\/38767-scaled.jpg\" \/>\n\t<meta property=\"og:image:width\" content=\"2515\" \/>\n\t<meta property=\"og:image:height\" content=\"2560\" \/>\n\t<meta property=\"og:image:type\" content=\"image\/jpeg\" \/>\n<meta name=\"twitter:card\" content=\"summary_large_image\" \/>\n<meta name=\"twitter:title\" content=\"MARTELLI, Augusto - Nella Misura In Cui -  (LP) | Guerssen\" \/>\n<meta name=\"twitter:label1\" content=\"Tiempo de lectura\" \/>\n\t<meta name=\"twitter:data1\" content=\"1 minuto\" \/>\n<script type=\"application\/ld+json\" class=\"yoast-schema-graph\">{\"@context\":\"https:\/\/schema.org\",\"@graph\":[{\"@type\":\"WebPage\",\"@id\":\"https:\/\/wpguerssen-test.odoo.rgbconsulting.com\/es\/producto\/nella-misura-in-cui\/\",\"url\":\"https:\/\/wpguerssen-test.odoo.rgbconsulting.com\/es\/producto\/nella-misura-in-cui\/\",\"name\":\"MARTELLI, Augusto - Nella Misura In Cui - (LP) | Guerssen\",\"isPartOf\":{\"@id\":\"https:\/\/wpguerssen-test.odoo.rgbconsulting.com\/es\/#website\"},\"primaryImageOfPage\":{\"@id\":\"https:\/\/wpguerssen-test.odoo.rgbconsulting.com\/es\/producto\/nella-misura-in-cui\/#primaryimage\"},\"image\":{\"@id\":\"https:\/\/wpguerssen-test.odoo.rgbconsulting.com\/es\/producto\/nella-misura-in-cui\/#primaryimage\"},\"thumbnailUrl\":\"https:\/\/wpguerssen-test.odoo.rgbconsulting.com\/wp-content\/uploads\/2022\/09\/38767-scaled.jpg\",\"datePublished\":\"2022-09-19T22:00:00+00:00\",\"dateModified\":\"2024-02-20T13:44:57+00:00\",\"description\":\"Four Flies Records is especially proud to present the first complete release of Martelli's sultry soundtrack to Nella Misura In Cui, where he expanded the tropical-voodoo sound of his earlier score to incorporate elements from disco, soul, and funk - idioms that became popular over the nine years between Vivarelli's two movies. #nl# The soundtrack's main theme, \\\"The Joint\\\", will give you a perfect taste of Martelli's late-seventies sound: hippie lounge\/beach vibes combined with a sort of flirting with the myths of youth culture, from free love to Third World utopias, to soft drugs. The album also features vocal and instrumental mixes of \\\"Joining Together\\\", an infectious dance-floor banger driven by a powerful rhythm section (percussion played on the upbeat, Tullio De Piscopo doing his magic on drums, and Pino Presti providing a killer bass line) and with airy string textures you wouldn't expect to hear in a disco track. #nl# A super-groovy and soulful masterpiece from one of the standard bearers of erotic-exotic film music, Nella Misura In Cui is one of Four Flies' most exciting finds to date. You need this!\",\"breadcrumb\":{\"@id\":\"https:\/\/wpguerssen-test.odoo.rgbconsulting.com\/es\/producto\/nella-misura-in-cui\/#breadcrumb\"},\"inLanguage\":\"es\",\"potentialAction\":[{\"@type\":\"ReadAction\",\"target\":[\"https:\/\/wpguerssen-test.odoo.rgbconsulting.com\/es\/producto\/nella-misura-in-cui\/\"]}]},{\"@type\":\"ImageObject\",\"inLanguage\":\"es\",\"@id\":\"https:\/\/wpguerssen-test.odoo.rgbconsulting.com\/es\/producto\/nella-misura-in-cui\/#primaryimage\",\"url\":\"https:\/\/wpguerssen-test.odoo.rgbconsulting.com\/wp-content\/uploads\/2022\/09\/38767-scaled.jpg\",\"contentUrl\":\"https:\/\/wpguerssen-test.odoo.rgbconsulting.com\/wp-content\/uploads\/2022\/09\/38767-scaled.jpg\",\"width\":2515,\"height\":2560,\"caption\":\"Augusto - Nella Misura In Cui - FOUR FLIES (LP) | Guerssen\"},{\"@type\":\"BreadcrumbList\",\"@id\":\"https:\/\/wpguerssen-test.odoo.rgbconsulting.com\/es\/producto\/nella-misura-in-cui\/#breadcrumb\",\"itemListElement\":[{\"@type\":\"ListItem\",\"position\":1,\"name\":\"Inicio\",\"item\":\"https:\/\/wpguerssen-test.odoo.rgbconsulting.com\/es\/\"},{\"@type\":\"ListItem\",\"position\":2,\"name\":\"Shop\",\"item\":\"https:\/\/wpguerssen-test.odoo.rgbconsulting.com\/shop\/\"},{\"@type\":\"ListItem\",\"position\":3,\"name\":\"Nella Misura In Cui\"}]},{\"@type\":\"WebSite\",\"@id\":\"https:\/\/wpguerssen-test.odoo.rgbconsulting.com\/es\/#website\",\"url\":\"https:\/\/wpguerssen-test.odoo.rgbconsulting.com\/es\/\",\"name\":\"Guerssen records\",\"description\":\"psychedelia - progressive - folk - garage \",\"publisher\":{\"@id\":\"https:\/\/wpguerssen-test.odoo.rgbconsulting.com\/es\/#organization\"},\"potentialAction\":[{\"@type\":\"SearchAction\",\"target\":{\"@type\":\"EntryPoint\",\"urlTemplate\":\"https:\/\/wpguerssen-test.odoo.rgbconsulting.com\/es\/?s={search_term_string}\"},\"query-input\":{\"@type\":\"PropertyValueSpecification\",\"valueRequired\":true,\"valueName\":\"search_term_string\"}}],\"inLanguage\":\"es\"},{\"@type\":\"Organization\",\"@id\":\"https:\/\/wpguerssen-test.odoo.rgbconsulting.com\/es\/#organization\",\"name\":\"Guerssen records\",\"url\":\"https:\/\/wpguerssen-test.odoo.rgbconsulting.com\/es\/\",\"logo\":{\"@type\":\"ImageObject\",\"inLanguage\":\"es\",\"@id\":\"https:\/\/wpguerssen-test.odoo.rgbconsulting.com\/es\/#\/schema\/logo\/image\/\",\"url\":\"https:\/\/wpguerssen-test.odoo.rgbconsulting.com\/wp-content\/uploads\/2022\/04\/Logo_Guerssen_trans_100.png\",\"contentUrl\":\"https:\/\/wpguerssen-test.odoo.rgbconsulting.com\/wp-content\/uploads\/2022\/04\/Logo_Guerssen_trans_100.png\",\"width\":122,\"height\":100,\"caption\":\"Guerssen records\"},\"image\":{\"@id\":\"https:\/\/wpguerssen-test.odoo.rgbconsulting.com\/es\/#\/schema\/logo\/image\/\"}}]}<\/script>\n<!-- \/ Yoast SEO plugin. -->","yoast_head_json":{"title":"MARTELLI, Augusto - Nella Misura In Cui -  (LP) | Guerssen","description":"Four Flies Records is especially proud to present the first complete release of Martelli's sultry soundtrack to Nella Misura In Cui, where he expanded the tropical-voodoo sound of his earlier score to incorporate elements from disco, soul, and funk - idioms that became popular over the nine years between Vivarelli's two movies. #nl# The soundtrack's main theme, \"The Joint\", will give you a perfect taste of Martelli's late-seventies sound: hippie lounge\/beach vibes combined with a sort of flirting with the myths of youth culture, from free love to Third World utopias, to soft drugs. The album also features vocal and instrumental mixes of \"Joining Together\", an infectious dance-floor banger driven by a powerful rhythm section (percussion played on the upbeat, Tullio De Piscopo doing his magic on drums, and Pino Presti providing a killer bass line) and with airy string textures you wouldn't expect to hear in a disco track. #nl# A super-groovy and soulful masterpiece from one of the standard bearers of erotic-exotic film music, Nella Misura In Cui is one of Four Flies' most exciting finds to date. You need this!","robots":{"index":"index","follow":"follow","max-snippet":"max-snippet:-1","max-image-preview":"max-image-preview:large","max-video-preview":"max-video-preview:-1"},"canonical":"https:\/\/wpguerssen-test.odoo.rgbconsulting.com\/es\/producto\/nella-misura-in-cui\/","og_locale":"es_ES","og_type":"article","og_title":"MARTELLI, Augusto - Nella Misura In Cui -  (LP) | Guerssen","og_description":"Four Flies Records is especially proud to present the first complete release of Martelli's sultry soundtrack to Nella Misura In Cui, where he expanded the tropical-voodoo sound of his earlier score to incorporate elements from disco, soul, and funk - idioms that became popular over the nine years between Vivarelli's two movies. #nl# The soundtrack's main theme, \"The Joint\", will give you a perfect taste of Martelli's late-seventies sound: hippie lounge\/beach vibes combined with a sort of flirting with the myths of youth culture, from free love to Third World utopias, to soft drugs. The album also features vocal and instrumental mixes of \"Joining Together\", an infectious dance-floor banger driven by a powerful rhythm section (percussion played on the upbeat, Tullio De Piscopo doing his magic on drums, and Pino Presti providing a killer bass line) and with airy string textures you wouldn't expect to hear in a disco track. #nl# A super-groovy and soulful masterpiece from one of the standard bearers of erotic-exotic film music, Nella Misura In Cui is one of Four Flies' most exciting finds to date. You need this!","og_url":"https:\/\/wpguerssen-test.odoo.rgbconsulting.com\/es\/producto\/nella-misura-in-cui\/","og_site_name":"Guerssen records","article_modified_time":"2024-02-20T13:44:57+00:00","og_image":[{"width":2515,"height":2560,"url":"https:\/\/wpguerssen-test.odoo.rgbconsulting.com\/wp-content\/uploads\/2022\/09\/38767-scaled.jpg","type":"image\/jpeg"}],"twitter_card":"summary_large_image","twitter_title":"MARTELLI, Augusto - Nella Misura In Cui -  (LP) | Guerssen","twitter_misc":{"Tiempo de lectura":"1 minuto"},"schema":{"@context":"https:\/\/schema.org","@graph":[{"@type":"WebPage","@id":"https:\/\/wpguerssen-test.odoo.rgbconsulting.com\/es\/producto\/nella-misura-in-cui\/","url":"https:\/\/wpguerssen-test.odoo.rgbconsulting.com\/es\/producto\/nella-misura-in-cui\/","name":"MARTELLI, Augusto - Nella Misura In Cui - (LP) | Guerssen","isPartOf":{"@id":"https:\/\/wpguerssen-test.odoo.rgbconsulting.com\/es\/#website"},"primaryImageOfPage":{"@id":"https:\/\/wpguerssen-test.odoo.rgbconsulting.com\/es\/producto\/nella-misura-in-cui\/#primaryimage"},"image":{"@id":"https:\/\/wpguerssen-test.odoo.rgbconsulting.com\/es\/producto\/nella-misura-in-cui\/#primaryimage"},"thumbnailUrl":"https:\/\/wpguerssen-test.odoo.rgbconsulting.com\/wp-content\/uploads\/2022\/09\/38767-scaled.jpg","datePublished":"2022-09-19T22:00:00+00:00","dateModified":"2024-02-20T13:44:57+00:00","description":"Four Flies Records is especially proud to present the first complete release of Martelli's sultry soundtrack to Nella Misura In Cui, where he expanded the tropical-voodoo sound of his earlier score to incorporate elements from disco, soul, and funk - idioms that became popular over the nine years between Vivarelli's two movies. #nl# The soundtrack's main theme, \"The Joint\", will give you a perfect taste of Martelli's late-seventies sound: hippie lounge\/beach vibes combined with a sort of flirting with the myths of youth culture, from free love to Third World utopias, to soft drugs. The album also features vocal and instrumental mixes of \"Joining Together\", an infectious dance-floor banger driven by a powerful rhythm section (percussion played on the upbeat, Tullio De Piscopo doing his magic on drums, and Pino Presti providing a killer bass line) and with airy string textures you wouldn't expect to hear in a disco track. #nl# A super-groovy and soulful masterpiece from one of the standard bearers of erotic-exotic film music, Nella Misura In Cui is one of Four Flies' most exciting finds to date. You need this!","breadcrumb":{"@id":"https:\/\/wpguerssen-test.odoo.rgbconsulting.com\/es\/producto\/nella-misura-in-cui\/#breadcrumb"},"inLanguage":"es","potentialAction":[{"@type":"ReadAction","target":["https:\/\/wpguerssen-test.odoo.rgbconsulting.com\/es\/producto\/nella-misura-in-cui\/"]}]},{"@type":"ImageObject","inLanguage":"es","@id":"https:\/\/wpguerssen-test.odoo.rgbconsulting.com\/es\/producto\/nella-misura-in-cui\/#primaryimage","url":"https:\/\/wpguerssen-test.odoo.rgbconsulting.com\/wp-content\/uploads\/2022\/09\/38767-scaled.jpg","contentUrl":"https:\/\/wpguerssen-test.odoo.rgbconsulting.com\/wp-content\/uploads\/2022\/09\/38767-scaled.jpg","width":2515,"height":2560,"caption":"Augusto - Nella Misura In Cui - FOUR FLIES (LP) | Guerssen"},{"@type":"BreadcrumbList","@id":"https:\/\/wpguerssen-test.odoo.rgbconsulting.com\/es\/producto\/nella-misura-in-cui\/#breadcrumb","itemListElement":[{"@type":"ListItem","position":1,"name":"Inicio","item":"https:\/\/wpguerssen-test.odoo.rgbconsulting.com\/es\/"},{"@type":"ListItem","position":2,"name":"Shop","item":"https:\/\/wpguerssen-test.odoo.rgbconsulting.com\/shop\/"},{"@type":"ListItem","position":3,"name":"Nella Misura In Cui"}]},{"@type":"WebSite","@id":"https:\/\/wpguerssen-test.odoo.rgbconsulting.com\/es\/#website","url":"https:\/\/wpguerssen-test.odoo.rgbconsulting.com\/es\/","name":"Guerssen records","description":"psychedelia - progressive - folk - garage ","publisher":{"@id":"https:\/\/wpguerssen-test.odoo.rgbconsulting.com\/es\/#organization"},"potentialAction":[{"@type":"SearchAction","target":{"@type":"EntryPoint","urlTemplate":"https:\/\/wpguerssen-test.odoo.rgbconsulting.com\/es\/?s={search_term_string}"},"query-input":{"@type":"PropertyValueSpecification","valueRequired":true,"valueName":"search_term_string"}}],"inLanguage":"es"},{"@type":"Organization","@id":"https:\/\/wpguerssen-test.odoo.rgbconsulting.com\/es\/#organization","name":"Guerssen records","url":"https:\/\/wpguerssen-test.odoo.rgbconsulting.com\/es\/","logo":{"@type":"ImageObject","inLanguage":"es","@id":"https:\/\/wpguerssen-test.odoo.rgbconsulting.com\/es\/#\/schema\/logo\/image\/","url":"https:\/\/wpguerssen-test.odoo.rgbconsulting.com\/wp-content\/uploads\/2022\/04\/Logo_Guerssen_trans_100.png","contentUrl":"https:\/\/wpguerssen-test.odoo.rgbconsulting.com\/wp-content\/uploads\/2022\/04\/Logo_Guerssen_trans_100.png","width":122,"height":100,"caption":"Guerssen records"},"image":{"@id":"https:\/\/wpguerssen-test.odoo.rgbconsulting.com\/es\/#\/schema\/logo\/image\/"}}]}},"_links":{"self":[{"href":"https:\/\/wpguerssen-test.odoo.rgbconsulting.com\/es\/wp-json\/wp\/v2\/product\/217152","targetHints":{"allow":["GET"]}}],"collection":[{"href":"https:\/\/wpguerssen-test.odoo.rgbconsulting.com\/es\/wp-json\/wp\/v2\/product"}],"about":[{"href":"https:\/\/wpguerssen-test.odoo.rgbconsulting.com\/es\/wp-json\/wp\/v2\/types\/product"}],"wp:featuredmedia":[{"embeddable":true,"href":"https:\/\/wpguerssen-test.odoo.rgbconsulting.com\/es\/wp-json\/wp\/v2\/media\/218330"}],"wp:attachment":[{"href":"https:\/\/wpguerssen-test.odoo.rgbconsulting.com\/es\/wp-json\/wp\/v2\/media?parent=217152"}],"wp:term":[{"taxonomy":"product_brand","embeddable":true,"href":"https:\/\/wpguerssen-test.odoo.rgbconsulting.com\/es\/wp-json\/wp\/v2\/product_brand?post=217152"},{"taxonomy":"product_cat","embeddable":true,"href":"https:\/\/wpguerssen-test.odoo.rgbconsulting.com\/es\/wp-json\/wp\/v2\/product_cat?post=217152"},{"taxonomy":"product_tag","embeddable":true,"href":"https:\/\/wpguerssen-test.odoo.rgbconsulting.com\/es\/wp-json\/wp\/v2\/product_tag?post=217152"}],"curies":[{"name":"wp","href":"https:\/\/api.w.org\/{rel}","templated":true}]}}