{"id":217153,"date":"2022-09-20T00:00:00","date_gmt":"2022-09-19T22:00:00","guid":{"rendered":"https:\/\/wpguerssen-test.odoo.rgbconsulting.com\/product\/mondo-di-notte-oggi-7\/"},"modified":"2024-02-20T14:45:55","modified_gmt":"2024-02-20T13:45:55","slug":"mondo-di-notte-oggi-7","status":"publish","type":"product","link":"https:\/\/wpguerssen-test.odoo.rgbconsulting.com\/es\/producto\/mondo-di-notte-oggi-7\/","title":{"rendered":"Mondo Di Notte Oggi (7&#8243;)"},"content":{"rendered":"<p>Bienvenido a un nuevo y emocionante cap\u00edtulo de la serie Four Flies 45s, que trae a los DJ, productores y amantes de la m\u00fasica de todo el mundo una colecci\u00f3n de temas s\u00faper geniales de las mejores bandas sonoras italianas, publicados en vinilo de 7 pulgadas por primera vez. Este lanzamiento presenta las dos melod\u00edas m\u00e1s funky de la banda sonora de Mondo di Notte Oggi de Gianni Proia, una pel\u00edcula de 1976 cuya partitura fue compuesta, arreglada y producida por Gianni Oddi y Gianni Dell&#8217;Orso. Si bien Oddi ten\u00eda varios \u00e1lbumes exitosos en su haber, ya sea como escritor o arreglista, Gianni Dell&#8217;Orso, uno de los productores m\u00e1s vers\u00e1tiles de su tiempo y hermano del maestro polifac\u00e9tico Giacomo Dell&#8217;Orso, hab\u00eda trabajado en una amplia variedad de g\u00e9neros, desde el rock progresivo hasta la m\u00fasica de biblioteca. <\/p>\n<p> La cara A contiene el cl\u00e1sico afro-funk \u00abSoul Meeting\u00bb, una pieza vibrante, contagiosa y psicod\u00e9lica impulsada por la percusi\u00f3n y la flauta. . El lado B presenta la igualmente irresistible \u00abTeenager\u00bb, una pista de funk con influencia afro con una secci\u00f3n de metales conmovedora y una guitarra wah wah, utilizada en la banda sonora como una especie de m\u00fasica de fondo pero, de hecho, lanzada un par de a\u00f1os antes como parte de El \u00e1lbum de Oddi \u00abOddi 4\u00bb.<\/p>\n","protected":false},"excerpt":{"rendered":"<p>Bienvenido a un nuevo y emocionante cap\u00edtulo de la serie Four Flies 45s, que trae a los DJ, productores y amantes de la m\u00fasica de todo el mundo una colecci\u00f3n de<a class=\"read\" href=\"https:\/\/wpguerssen-test.odoo.rgbconsulting.com\/es\/producto\/mondo-di-notte-oggi-7\/\"> (...)<\/a>","protected":false},"featured_media":218332,"template":"","meta":{"_acf_changed":false},"product_brand":[],"product_cat":[21641],"product_tag":[],"class_list":{"0":"post-217153","1":"product","2":"type-product","3":"status-publish","4":"has-post-thumbnail","6":"product_cat-soundtracks-es","7":"pa_artist-dellorso-gianni-oddi-gianni","8":"pa_format-7-es","9":"pa_gender-soundtracks","10":"pa_label-four-flies","11":"pa_location-europe-es","12":"pa_other-filters-vinyl-only-es","14":"first","15":"instock","16":"taxable","17":"shipping-taxable","18":"purchasable","19":"product-type-simple"},"acf":[],"yoast_head":"<!-- This site is optimized with the Yoast SEO plugin v24.9 - https:\/\/yoast.com\/wordpress\/plugins\/seo\/ -->\n<title>DELL&#039;ORSO, Gianni &amp; ODDI, Gianni - Mondo Di Notte Oggi (7&quot;) -  (7&quot;) | Guerssen<\/title>\n<meta name=\"description\" content=\"Welcome to a new exciting chapter in the Four Flies 45s series, which brings to DJs, producers and music lovers all over the world a collection of super-groovy themes from the finest Italian soundtracks, issued on 7-inch vinyl for the very first time. This release presents the two funkiest tunes from the soundtrack to Gianni Proia&#039;s Mondo di Notte Oggi, a 1976 Mondo movie whose score was composed, arranged and produced by Gianni Oddi and Gianni Dell&#039;Orso. While Oddi had several successful albums under his belt, either as writer or arranger, Gianni Dell&#039;Orso, one of the most versatile producers of his time and the brother of multi-talented maestro Giacomo Dell&#039;Orso (the husband of Morricone&#039;s favourite singer, Edda), had worked in a wide variety of genres, from prog rock to library music. #nl# Side A contains the afro-funk classic &quot;Soul Meeting&quot;, a vibrant, infectious and psychedelic piece driven by percussion and flute. Side B features the equally irresistible &quot;Teenager&quot;, an afro-influenced funk track with a soulful brass section and wah wah guitar, used in the soundtrack as a sort of background music but, in fact, released a couple of years before as part of Oddi&#039;s album &quot;Oddi 4&quot;.\" \/>\n<meta name=\"robots\" content=\"index, follow, max-snippet:-1, max-image-preview:large, max-video-preview:-1\" \/>\n<link rel=\"canonical\" href=\"https:\/\/wpguerssen-test.odoo.rgbconsulting.com\/es\/producto\/mondo-di-notte-oggi-7\/\" \/>\n<meta property=\"og:locale\" content=\"es_ES\" \/>\n<meta property=\"og:type\" content=\"article\" \/>\n<meta property=\"og:title\" content=\"DELL&#039;ORSO, Gianni &amp; ODDI, Gianni - Mondo Di Notte Oggi (7&quot;) -  (7&quot;) | Guerssen\" \/>\n<meta property=\"og:description\" content=\"Welcome to a new exciting chapter in the Four Flies 45s series, which brings to DJs, producers and music lovers all over the world a collection of super-groovy themes from the finest Italian soundtracks, issued on 7-inch vinyl for the very first time. This release presents the two funkiest tunes from the soundtrack to Gianni Proia&#039;s Mondo di Notte Oggi, a 1976 Mondo movie whose score was composed, arranged and produced by Gianni Oddi and Gianni Dell&#039;Orso. While Oddi had several successful albums under his belt, either as writer or arranger, Gianni Dell&#039;Orso, one of the most versatile producers of his time and the brother of multi-talented maestro Giacomo Dell&#039;Orso (the husband of Morricone&#039;s favourite singer, Edda), had worked in a wide variety of genres, from prog rock to library music. #nl# Side A contains the afro-funk classic &quot;Soul Meeting&quot;, a vibrant, infectious and psychedelic piece driven by percussion and flute. Side B features the equally irresistible &quot;Teenager&quot;, an afro-influenced funk track with a soulful brass section and wah wah guitar, used in the soundtrack as a sort of background music but, in fact, released a couple of years before as part of Oddi&#039;s album &quot;Oddi 4&quot;.\" \/>\n<meta property=\"og:url\" content=\"https:\/\/wpguerssen-test.odoo.rgbconsulting.com\/es\/producto\/mondo-di-notte-oggi-7\/\" \/>\n<meta property=\"og:site_name\" content=\"Guerssen records\" \/>\n<meta property=\"article:modified_time\" content=\"2024-02-20T13:45:55+00:00\" \/>\n<meta property=\"og:image\" content=\"https:\/\/wpguerssen-test.odoo.rgbconsulting.com\/wp-content\/uploads\/2022\/09\/38787.jpg\" \/>\n\t<meta property=\"og:image:width\" content=\"2185\" \/>\n\t<meta property=\"og:image:height\" content=\"2209\" \/>\n\t<meta property=\"og:image:type\" content=\"image\/jpeg\" \/>\n<meta name=\"twitter:card\" content=\"summary_large_image\" \/>\n<meta name=\"twitter:title\" content=\"DELL&#039;ORSO, Gianni &amp; ODDI, Gianni - Mondo Di Notte Oggi (7&quot;) -  (7&quot;) | Guerssen\" \/>\n<meta name=\"twitter:label1\" content=\"Tiempo de lectura\" \/>\n\t<meta name=\"twitter:data1\" content=\"1 minuto\" \/>\n<script type=\"application\/ld+json\" class=\"yoast-schema-graph\">{\"@context\":\"https:\/\/schema.org\",\"@graph\":[{\"@type\":\"WebPage\",\"@id\":\"https:\/\/wpguerssen-test.odoo.rgbconsulting.com\/es\/producto\/mondo-di-notte-oggi-7\/\",\"url\":\"https:\/\/wpguerssen-test.odoo.rgbconsulting.com\/es\/producto\/mondo-di-notte-oggi-7\/\",\"name\":\"DELL'ORSO, Gianni & ODDI, Gianni - Mondo Di Notte Oggi (7\\\") - (7\\\") | Guerssen\",\"isPartOf\":{\"@id\":\"https:\/\/wpguerssen-test.odoo.rgbconsulting.com\/es\/#website\"},\"primaryImageOfPage\":{\"@id\":\"https:\/\/wpguerssen-test.odoo.rgbconsulting.com\/es\/producto\/mondo-di-notte-oggi-7\/#primaryimage\"},\"image\":{\"@id\":\"https:\/\/wpguerssen-test.odoo.rgbconsulting.com\/es\/producto\/mondo-di-notte-oggi-7\/#primaryimage\"},\"thumbnailUrl\":\"https:\/\/wpguerssen-test.odoo.rgbconsulting.com\/wp-content\/uploads\/2022\/09\/38787.jpg\",\"datePublished\":\"2022-09-19T22:00:00+00:00\",\"dateModified\":\"2024-02-20T13:45:55+00:00\",\"description\":\"Welcome to a new exciting chapter in the Four Flies 45s series, which brings to DJs, producers and music lovers all over the world a collection of super-groovy themes from the finest Italian soundtracks, issued on 7-inch vinyl for the very first time. This release presents the two funkiest tunes from the soundtrack to Gianni Proia's Mondo di Notte Oggi, a 1976 Mondo movie whose score was composed, arranged and produced by Gianni Oddi and Gianni Dell'Orso. While Oddi had several successful albums under his belt, either as writer or arranger, Gianni Dell'Orso, one of the most versatile producers of his time and the brother of multi-talented maestro Giacomo Dell'Orso (the husband of Morricone's favourite singer, Edda), had worked in a wide variety of genres, from prog rock to library music. #nl# Side A contains the afro-funk classic \\\"Soul Meeting\\\", a vibrant, infectious and psychedelic piece driven by percussion and flute. Side B features the equally irresistible \\\"Teenager\\\", an afro-influenced funk track with a soulful brass section and wah wah guitar, used in the soundtrack as a sort of background music but, in fact, released a couple of years before as part of Oddi's album \\\"Oddi 4\\\".\",\"breadcrumb\":{\"@id\":\"https:\/\/wpguerssen-test.odoo.rgbconsulting.com\/es\/producto\/mondo-di-notte-oggi-7\/#breadcrumb\"},\"inLanguage\":\"es\",\"potentialAction\":[{\"@type\":\"ReadAction\",\"target\":[\"https:\/\/wpguerssen-test.odoo.rgbconsulting.com\/es\/producto\/mondo-di-notte-oggi-7\/\"]}]},{\"@type\":\"ImageObject\",\"inLanguage\":\"es\",\"@id\":\"https:\/\/wpguerssen-test.odoo.rgbconsulting.com\/es\/producto\/mondo-di-notte-oggi-7\/#primaryimage\",\"url\":\"https:\/\/wpguerssen-test.odoo.rgbconsulting.com\/wp-content\/uploads\/2022\/09\/38787.jpg\",\"contentUrl\":\"https:\/\/wpguerssen-test.odoo.rgbconsulting.com\/wp-content\/uploads\/2022\/09\/38787.jpg\",\"width\":2185,\"height\":2209,\"caption\":\"Gianni & ODDI\"},{\"@type\":\"BreadcrumbList\",\"@id\":\"https:\/\/wpguerssen-test.odoo.rgbconsulting.com\/es\/producto\/mondo-di-notte-oggi-7\/#breadcrumb\",\"itemListElement\":[{\"@type\":\"ListItem\",\"position\":1,\"name\":\"Inicio\",\"item\":\"https:\/\/wpguerssen-test.odoo.rgbconsulting.com\/es\/\"},{\"@type\":\"ListItem\",\"position\":2,\"name\":\"Shop\",\"item\":\"https:\/\/wpguerssen-test.odoo.rgbconsulting.com\/shop\/\"},{\"@type\":\"ListItem\",\"position\":3,\"name\":\"Mondo Di Notte Oggi (7&#8243;)\"}]},{\"@type\":\"WebSite\",\"@id\":\"https:\/\/wpguerssen-test.odoo.rgbconsulting.com\/es\/#website\",\"url\":\"https:\/\/wpguerssen-test.odoo.rgbconsulting.com\/es\/\",\"name\":\"Guerssen records\",\"description\":\"psychedelia - progressive - folk - garage \",\"publisher\":{\"@id\":\"https:\/\/wpguerssen-test.odoo.rgbconsulting.com\/es\/#organization\"},\"potentialAction\":[{\"@type\":\"SearchAction\",\"target\":{\"@type\":\"EntryPoint\",\"urlTemplate\":\"https:\/\/wpguerssen-test.odoo.rgbconsulting.com\/es\/?s={search_term_string}\"},\"query-input\":{\"@type\":\"PropertyValueSpecification\",\"valueRequired\":true,\"valueName\":\"search_term_string\"}}],\"inLanguage\":\"es\"},{\"@type\":\"Organization\",\"@id\":\"https:\/\/wpguerssen-test.odoo.rgbconsulting.com\/es\/#organization\",\"name\":\"Guerssen records\",\"url\":\"https:\/\/wpguerssen-test.odoo.rgbconsulting.com\/es\/\",\"logo\":{\"@type\":\"ImageObject\",\"inLanguage\":\"es\",\"@id\":\"https:\/\/wpguerssen-test.odoo.rgbconsulting.com\/es\/#\/schema\/logo\/image\/\",\"url\":\"https:\/\/wpguerssen-test.odoo.rgbconsulting.com\/wp-content\/uploads\/2022\/04\/Logo_Guerssen_trans_100.png\",\"contentUrl\":\"https:\/\/wpguerssen-test.odoo.rgbconsulting.com\/wp-content\/uploads\/2022\/04\/Logo_Guerssen_trans_100.png\",\"width\":122,\"height\":100,\"caption\":\"Guerssen records\"},\"image\":{\"@id\":\"https:\/\/wpguerssen-test.odoo.rgbconsulting.com\/es\/#\/schema\/logo\/image\/\"}}]}<\/script>\n<!-- \/ Yoast SEO plugin. -->","yoast_head_json":{"title":"DELL'ORSO, Gianni & ODDI, Gianni - Mondo Di Notte Oggi (7\") -  (7\") | Guerssen","description":"Welcome to a new exciting chapter in the Four Flies 45s series, which brings to DJs, producers and music lovers all over the world a collection of super-groovy themes from the finest Italian soundtracks, issued on 7-inch vinyl for the very first time. This release presents the two funkiest tunes from the soundtrack to Gianni Proia's Mondo di Notte Oggi, a 1976 Mondo movie whose score was composed, arranged and produced by Gianni Oddi and Gianni Dell'Orso. While Oddi had several successful albums under his belt, either as writer or arranger, Gianni Dell'Orso, one of the most versatile producers of his time and the brother of multi-talented maestro Giacomo Dell'Orso (the husband of Morricone's favourite singer, Edda), had worked in a wide variety of genres, from prog rock to library music. #nl# Side A contains the afro-funk classic \"Soul Meeting\", a vibrant, infectious and psychedelic piece driven by percussion and flute. Side B features the equally irresistible \"Teenager\", an afro-influenced funk track with a soulful brass section and wah wah guitar, used in the soundtrack as a sort of background music but, in fact, released a couple of years before as part of Oddi's album \"Oddi 4\".","robots":{"index":"index","follow":"follow","max-snippet":"max-snippet:-1","max-image-preview":"max-image-preview:large","max-video-preview":"max-video-preview:-1"},"canonical":"https:\/\/wpguerssen-test.odoo.rgbconsulting.com\/es\/producto\/mondo-di-notte-oggi-7\/","og_locale":"es_ES","og_type":"article","og_title":"DELL'ORSO, Gianni & ODDI, Gianni - Mondo Di Notte Oggi (7\") -  (7\") | Guerssen","og_description":"Welcome to a new exciting chapter in the Four Flies 45s series, which brings to DJs, producers and music lovers all over the world a collection of super-groovy themes from the finest Italian soundtracks, issued on 7-inch vinyl for the very first time. This release presents the two funkiest tunes from the soundtrack to Gianni Proia's Mondo di Notte Oggi, a 1976 Mondo movie whose score was composed, arranged and produced by Gianni Oddi and Gianni Dell'Orso. While Oddi had several successful albums under his belt, either as writer or arranger, Gianni Dell'Orso, one of the most versatile producers of his time and the brother of multi-talented maestro Giacomo Dell'Orso (the husband of Morricone's favourite singer, Edda), had worked in a wide variety of genres, from prog rock to library music. #nl# Side A contains the afro-funk classic \"Soul Meeting\", a vibrant, infectious and psychedelic piece driven by percussion and flute. Side B features the equally irresistible \"Teenager\", an afro-influenced funk track with a soulful brass section and wah wah guitar, used in the soundtrack as a sort of background music but, in fact, released a couple of years before as part of Oddi's album \"Oddi 4\".","og_url":"https:\/\/wpguerssen-test.odoo.rgbconsulting.com\/es\/producto\/mondo-di-notte-oggi-7\/","og_site_name":"Guerssen records","article_modified_time":"2024-02-20T13:45:55+00:00","og_image":[{"width":2185,"height":2209,"url":"https:\/\/wpguerssen-test.odoo.rgbconsulting.com\/wp-content\/uploads\/2022\/09\/38787.jpg","type":"image\/jpeg"}],"twitter_card":"summary_large_image","twitter_title":"DELL'ORSO, Gianni & ODDI, Gianni - Mondo Di Notte Oggi (7\") -  (7\") | Guerssen","twitter_misc":{"Tiempo de lectura":"1 minuto"},"schema":{"@context":"https:\/\/schema.org","@graph":[{"@type":"WebPage","@id":"https:\/\/wpguerssen-test.odoo.rgbconsulting.com\/es\/producto\/mondo-di-notte-oggi-7\/","url":"https:\/\/wpguerssen-test.odoo.rgbconsulting.com\/es\/producto\/mondo-di-notte-oggi-7\/","name":"DELL'ORSO, Gianni & ODDI, Gianni - Mondo Di Notte Oggi (7\") - (7\") | Guerssen","isPartOf":{"@id":"https:\/\/wpguerssen-test.odoo.rgbconsulting.com\/es\/#website"},"primaryImageOfPage":{"@id":"https:\/\/wpguerssen-test.odoo.rgbconsulting.com\/es\/producto\/mondo-di-notte-oggi-7\/#primaryimage"},"image":{"@id":"https:\/\/wpguerssen-test.odoo.rgbconsulting.com\/es\/producto\/mondo-di-notte-oggi-7\/#primaryimage"},"thumbnailUrl":"https:\/\/wpguerssen-test.odoo.rgbconsulting.com\/wp-content\/uploads\/2022\/09\/38787.jpg","datePublished":"2022-09-19T22:00:00+00:00","dateModified":"2024-02-20T13:45:55+00:00","description":"Welcome to a new exciting chapter in the Four Flies 45s series, which brings to DJs, producers and music lovers all over the world a collection of super-groovy themes from the finest Italian soundtracks, issued on 7-inch vinyl for the very first time. This release presents the two funkiest tunes from the soundtrack to Gianni Proia's Mondo di Notte Oggi, a 1976 Mondo movie whose score was composed, arranged and produced by Gianni Oddi and Gianni Dell'Orso. While Oddi had several successful albums under his belt, either as writer or arranger, Gianni Dell'Orso, one of the most versatile producers of his time and the brother of multi-talented maestro Giacomo Dell'Orso (the husband of Morricone's favourite singer, Edda), had worked in a wide variety of genres, from prog rock to library music. #nl# Side A contains the afro-funk classic \"Soul Meeting\", a vibrant, infectious and psychedelic piece driven by percussion and flute. Side B features the equally irresistible \"Teenager\", an afro-influenced funk track with a soulful brass section and wah wah guitar, used in the soundtrack as a sort of background music but, in fact, released a couple of years before as part of Oddi's album \"Oddi 4\".","breadcrumb":{"@id":"https:\/\/wpguerssen-test.odoo.rgbconsulting.com\/es\/producto\/mondo-di-notte-oggi-7\/#breadcrumb"},"inLanguage":"es","potentialAction":[{"@type":"ReadAction","target":["https:\/\/wpguerssen-test.odoo.rgbconsulting.com\/es\/producto\/mondo-di-notte-oggi-7\/"]}]},{"@type":"ImageObject","inLanguage":"es","@id":"https:\/\/wpguerssen-test.odoo.rgbconsulting.com\/es\/producto\/mondo-di-notte-oggi-7\/#primaryimage","url":"https:\/\/wpguerssen-test.odoo.rgbconsulting.com\/wp-content\/uploads\/2022\/09\/38787.jpg","contentUrl":"https:\/\/wpguerssen-test.odoo.rgbconsulting.com\/wp-content\/uploads\/2022\/09\/38787.jpg","width":2185,"height":2209,"caption":"Gianni & ODDI"},{"@type":"BreadcrumbList","@id":"https:\/\/wpguerssen-test.odoo.rgbconsulting.com\/es\/producto\/mondo-di-notte-oggi-7\/#breadcrumb","itemListElement":[{"@type":"ListItem","position":1,"name":"Inicio","item":"https:\/\/wpguerssen-test.odoo.rgbconsulting.com\/es\/"},{"@type":"ListItem","position":2,"name":"Shop","item":"https:\/\/wpguerssen-test.odoo.rgbconsulting.com\/shop\/"},{"@type":"ListItem","position":3,"name":"Mondo Di Notte Oggi (7&#8243;)"}]},{"@type":"WebSite","@id":"https:\/\/wpguerssen-test.odoo.rgbconsulting.com\/es\/#website","url":"https:\/\/wpguerssen-test.odoo.rgbconsulting.com\/es\/","name":"Guerssen records","description":"psychedelia - progressive - folk - garage ","publisher":{"@id":"https:\/\/wpguerssen-test.odoo.rgbconsulting.com\/es\/#organization"},"potentialAction":[{"@type":"SearchAction","target":{"@type":"EntryPoint","urlTemplate":"https:\/\/wpguerssen-test.odoo.rgbconsulting.com\/es\/?s={search_term_string}"},"query-input":{"@type":"PropertyValueSpecification","valueRequired":true,"valueName":"search_term_string"}}],"inLanguage":"es"},{"@type":"Organization","@id":"https:\/\/wpguerssen-test.odoo.rgbconsulting.com\/es\/#organization","name":"Guerssen records","url":"https:\/\/wpguerssen-test.odoo.rgbconsulting.com\/es\/","logo":{"@type":"ImageObject","inLanguage":"es","@id":"https:\/\/wpguerssen-test.odoo.rgbconsulting.com\/es\/#\/schema\/logo\/image\/","url":"https:\/\/wpguerssen-test.odoo.rgbconsulting.com\/wp-content\/uploads\/2022\/04\/Logo_Guerssen_trans_100.png","contentUrl":"https:\/\/wpguerssen-test.odoo.rgbconsulting.com\/wp-content\/uploads\/2022\/04\/Logo_Guerssen_trans_100.png","width":122,"height":100,"caption":"Guerssen records"},"image":{"@id":"https:\/\/wpguerssen-test.odoo.rgbconsulting.com\/es\/#\/schema\/logo\/image\/"}}]}},"_links":{"self":[{"href":"https:\/\/wpguerssen-test.odoo.rgbconsulting.com\/es\/wp-json\/wp\/v2\/product\/217153","targetHints":{"allow":["GET"]}}],"collection":[{"href":"https:\/\/wpguerssen-test.odoo.rgbconsulting.com\/es\/wp-json\/wp\/v2\/product"}],"about":[{"href":"https:\/\/wpguerssen-test.odoo.rgbconsulting.com\/es\/wp-json\/wp\/v2\/types\/product"}],"wp:featuredmedia":[{"embeddable":true,"href":"https:\/\/wpguerssen-test.odoo.rgbconsulting.com\/es\/wp-json\/wp\/v2\/media\/218332"}],"wp:attachment":[{"href":"https:\/\/wpguerssen-test.odoo.rgbconsulting.com\/es\/wp-json\/wp\/v2\/media?parent=217153"}],"wp:term":[{"taxonomy":"product_brand","embeddable":true,"href":"https:\/\/wpguerssen-test.odoo.rgbconsulting.com\/es\/wp-json\/wp\/v2\/product_brand?post=217153"},{"taxonomy":"product_cat","embeddable":true,"href":"https:\/\/wpguerssen-test.odoo.rgbconsulting.com\/es\/wp-json\/wp\/v2\/product_cat?post=217153"},{"taxonomy":"product_tag","embeddable":true,"href":"https:\/\/wpguerssen-test.odoo.rgbconsulting.com\/es\/wp-json\/wp\/v2\/product_tag?post=217153"}],"curies":[{"name":"wp","href":"https:\/\/api.w.org\/{rel}","templated":true}]}}