{"id":217165,"date":"2022-09-20T00:00:00","date_gmt":"2022-09-19T22:00:00","guid":{"rendered":"https:\/\/wpguerssen-test.odoo.rgbconsulting.com\/product\/black-lights-7\/"},"modified":"2024-02-21T12:19:24","modified_gmt":"2024-02-21T11:19:24","slug":"black-lights-7","status":"publish","type":"product","link":"https:\/\/wpguerssen-test.odoo.rgbconsulting.com\/es\/producto\/black-lights-7\/","title":{"rendered":"Black Lights (7&#8243;)"},"content":{"rendered":"<p>Una peque\u00f1a obra maestra del dub psicod\u00e9lico grabada en 1981 por el escurridizo Minus Group, una misteriosa banda de estudio dirigida por el multiinstrumentista Enzo Minuti (tambi\u00e9n conocido como Ezy Minus). Las dos pistas de este sencillo son arreglos diferentes de la misma composici\u00f3n, la primera, en el lado A, es una versi\u00f3n afro-dub con fraseos en saxof\u00f3n y sintetizador (ambos interpretados por el mismo Minuti), voces de coro extra\u00f1amente procesadas y percusi\u00f3n obsesivamente repetitiva. . El lado B, por otro lado, contiene una mezcla tropical-downtempo, con claves y flauta que emanan vibraciones caribe\u00f1as\/cinematogr\u00e1ficas, as\u00ed como sintetizadores y palmas minimalistas que dan la impresi\u00f3n de una jam session bajo la influencia de agentes psicotr\u00f3picos.<br \/> Ambas versiones tienen un delicioso sabor veraniego y encajar\u00e1n maravillosamente en cualquier set de DJ al atardecer.<br \/>El sencillo anticipa el lanzamiento de un \u00e1lbum recopilatorio de la m\u00fasica de biblioteca de Enzo Minuti, que saldr\u00e1 este oto\u00f1o Four Flies.<\/p>\n","protected":false},"excerpt":{"rendered":"<p>Una peque\u00f1a obra maestra del dub psicod\u00e9lico grabada en 1981 por el escurridizo Minus Group, una misteriosa banda de estudio dirigida por el multiinstrumentista<a class=\"read\" href=\"https:\/\/wpguerssen-test.odoo.rgbconsulting.com\/es\/producto\/black-lights-7\/\"> (...)<\/a>","protected":false},"featured_media":218348,"template":"","meta":{"_acf_changed":false},"product_brand":[],"product_cat":[23231,23227],"product_tag":[],"class_list":{"0":"post-217165","1":"product","2":"type-product","3":"status-publish","4":"has-post-thumbnail","6":"product_cat-latin-brazilian-es","7":"product_cat-jazz-es","8":"pa_artist-minus-group","9":"pa_format-7-es","10":"pa_gender-jazz-latin-brazilian","11":"pa_label-four-flies","12":"pa_location-europe-es","13":"pa_other-filters-vinyl-only-es","15":"first","16":"instock","17":"taxable","18":"shipping-taxable","19":"purchasable","20":"product-type-simple"},"acf":[],"yoast_head":"<!-- This site is optimized with the Yoast SEO plugin v24.9 - https:\/\/yoast.com\/wordpress\/plugins\/seo\/ -->\n<title>MINUS GROUP - Black Lights (7&quot;) -  (7&quot;) | Guerssen<\/title>\n<meta name=\"description\" content=\"A little psych-dub masterpiece recorded in 1981 by the elusive Minus Group, a mysterious studio band led by multi-instrumentalist Enzo Minuti (aka Ezy Minus). The two tracks on this single are different arrangements of the same composition, the first, on Side A, being an afro-dub version with phrasings on sax and synth (both played by Minuti himself), weirdly processed choir vocals, and obsessively repetitive percussion. Side B, on the other hand, contains a tropical-downtempo mix, with claves and flute exuding Caribbean\/cinematic vibes, as well as minimalist synths and clapping that give the impression of a jam session under the influence of psychotropic agents.Both versions have a delicious summer flavor and will fit beautifully in any sunset DJ set.The single anticipates the release of a compilation album of Enzo Minuti&#039;s library music, which will be out this autumn Four Flies.\" \/>\n<meta name=\"robots\" content=\"index, follow, max-snippet:-1, max-image-preview:large, max-video-preview:-1\" \/>\n<link rel=\"canonical\" href=\"https:\/\/wpguerssen-test.odoo.rgbconsulting.com\/es\/producto\/black-lights-7\/\" \/>\n<meta property=\"og:locale\" content=\"es_ES\" \/>\n<meta property=\"og:type\" content=\"article\" \/>\n<meta property=\"og:title\" content=\"MINUS GROUP - Black Lights (7&quot;) -  (7&quot;) | Guerssen\" \/>\n<meta property=\"og:description\" content=\"A little psych-dub masterpiece recorded in 1981 by the elusive Minus Group, a mysterious studio band led by multi-instrumentalist Enzo Minuti (aka Ezy Minus). The two tracks on this single are different arrangements of the same composition, the first, on Side A, being an afro-dub version with phrasings on sax and synth (both played by Minuti himself), weirdly processed choir vocals, and obsessively repetitive percussion. Side B, on the other hand, contains a tropical-downtempo mix, with claves and flute exuding Caribbean\/cinematic vibes, as well as minimalist synths and clapping that give the impression of a jam session under the influence of psychotropic agents.Both versions have a delicious summer flavor and will fit beautifully in any sunset DJ set.The single anticipates the release of a compilation album of Enzo Minuti&#039;s library music, which will be out this autumn Four Flies.\" \/>\n<meta property=\"og:url\" content=\"https:\/\/wpguerssen-test.odoo.rgbconsulting.com\/es\/producto\/black-lights-7\/\" \/>\n<meta property=\"og:site_name\" content=\"Guerssen records\" \/>\n<meta property=\"article:modified_time\" content=\"2024-02-21T11:19:24+00:00\" \/>\n<meta property=\"og:image\" content=\"https:\/\/wpguerssen-test.odoo.rgbconsulting.com\/wp-content\/uploads\/2022\/09\/41696-scaled.jpg\" \/>\n\t<meta property=\"og:image:width\" content=\"2560\" \/>\n\t<meta property=\"og:image:height\" content=\"2560\" \/>\n\t<meta property=\"og:image:type\" content=\"image\/jpeg\" \/>\n<meta name=\"twitter:card\" content=\"summary_large_image\" \/>\n<meta name=\"twitter:title\" content=\"MINUS GROUP - Black Lights (7&quot;) -  (7&quot;) | Guerssen\" \/>\n<meta name=\"twitter:label1\" content=\"Tiempo de lectura\" \/>\n\t<meta name=\"twitter:data1\" content=\"1 minuto\" \/>\n<script type=\"application\/ld+json\" class=\"yoast-schema-graph\">{\"@context\":\"https:\/\/schema.org\",\"@graph\":[{\"@type\":\"WebPage\",\"@id\":\"https:\/\/wpguerssen-test.odoo.rgbconsulting.com\/es\/producto\/black-lights-7\/\",\"url\":\"https:\/\/wpguerssen-test.odoo.rgbconsulting.com\/es\/producto\/black-lights-7\/\",\"name\":\"MINUS GROUP - Black Lights (7\\\") - (7\\\") | Guerssen\",\"isPartOf\":{\"@id\":\"https:\/\/wpguerssen-test.odoo.rgbconsulting.com\/es\/#website\"},\"primaryImageOfPage\":{\"@id\":\"https:\/\/wpguerssen-test.odoo.rgbconsulting.com\/es\/producto\/black-lights-7\/#primaryimage\"},\"image\":{\"@id\":\"https:\/\/wpguerssen-test.odoo.rgbconsulting.com\/es\/producto\/black-lights-7\/#primaryimage\"},\"thumbnailUrl\":\"https:\/\/wpguerssen-test.odoo.rgbconsulting.com\/wp-content\/uploads\/2022\/09\/41696-scaled.jpg\",\"datePublished\":\"2022-09-19T22:00:00+00:00\",\"dateModified\":\"2024-02-21T11:19:24+00:00\",\"description\":\"A little psych-dub masterpiece recorded in 1981 by the elusive Minus Group, a mysterious studio band led by multi-instrumentalist Enzo Minuti (aka Ezy Minus). The two tracks on this single are different arrangements of the same composition, the first, on Side A, being an afro-dub version with phrasings on sax and synth (both played by Minuti himself), weirdly processed choir vocals, and obsessively repetitive percussion. Side B, on the other hand, contains a tropical-downtempo mix, with claves and flute exuding Caribbean\/cinematic vibes, as well as minimalist synths and clapping that give the impression of a jam session under the influence of psychotropic agents.Both versions have a delicious summer flavor and will fit beautifully in any sunset DJ set.The single anticipates the release of a compilation album of Enzo Minuti's library music, which will be out this autumn Four Flies.\",\"breadcrumb\":{\"@id\":\"https:\/\/wpguerssen-test.odoo.rgbconsulting.com\/es\/producto\/black-lights-7\/#breadcrumb\"},\"inLanguage\":\"es\",\"potentialAction\":[{\"@type\":\"ReadAction\",\"target\":[\"https:\/\/wpguerssen-test.odoo.rgbconsulting.com\/es\/producto\/black-lights-7\/\"]}]},{\"@type\":\"ImageObject\",\"inLanguage\":\"es\",\"@id\":\"https:\/\/wpguerssen-test.odoo.rgbconsulting.com\/es\/producto\/black-lights-7\/#primaryimage\",\"url\":\"https:\/\/wpguerssen-test.odoo.rgbconsulting.com\/wp-content\/uploads\/2022\/09\/41696-scaled.jpg\",\"contentUrl\":\"https:\/\/wpguerssen-test.odoo.rgbconsulting.com\/wp-content\/uploads\/2022\/09\/41696-scaled.jpg\",\"width\":2560,\"height\":2560},{\"@type\":\"BreadcrumbList\",\"@id\":\"https:\/\/wpguerssen-test.odoo.rgbconsulting.com\/es\/producto\/black-lights-7\/#breadcrumb\",\"itemListElement\":[{\"@type\":\"ListItem\",\"position\":1,\"name\":\"Inicio\",\"item\":\"https:\/\/wpguerssen-test.odoo.rgbconsulting.com\/es\/\"},{\"@type\":\"ListItem\",\"position\":2,\"name\":\"Shop\",\"item\":\"https:\/\/wpguerssen-test.odoo.rgbconsulting.com\/shop\/\"},{\"@type\":\"ListItem\",\"position\":3,\"name\":\"Black Lights (7&#8243;)\"}]},{\"@type\":\"WebSite\",\"@id\":\"https:\/\/wpguerssen-test.odoo.rgbconsulting.com\/es\/#website\",\"url\":\"https:\/\/wpguerssen-test.odoo.rgbconsulting.com\/es\/\",\"name\":\"Guerssen records\",\"description\":\"psychedelia - progressive - folk - garage \",\"publisher\":{\"@id\":\"https:\/\/wpguerssen-test.odoo.rgbconsulting.com\/es\/#organization\"},\"potentialAction\":[{\"@type\":\"SearchAction\",\"target\":{\"@type\":\"EntryPoint\",\"urlTemplate\":\"https:\/\/wpguerssen-test.odoo.rgbconsulting.com\/es\/?s={search_term_string}\"},\"query-input\":{\"@type\":\"PropertyValueSpecification\",\"valueRequired\":true,\"valueName\":\"search_term_string\"}}],\"inLanguage\":\"es\"},{\"@type\":\"Organization\",\"@id\":\"https:\/\/wpguerssen-test.odoo.rgbconsulting.com\/es\/#organization\",\"name\":\"Guerssen records\",\"url\":\"https:\/\/wpguerssen-test.odoo.rgbconsulting.com\/es\/\",\"logo\":{\"@type\":\"ImageObject\",\"inLanguage\":\"es\",\"@id\":\"https:\/\/wpguerssen-test.odoo.rgbconsulting.com\/es\/#\/schema\/logo\/image\/\",\"url\":\"https:\/\/wpguerssen-test.odoo.rgbconsulting.com\/wp-content\/uploads\/2022\/04\/Logo_Guerssen_trans_100.png\",\"contentUrl\":\"https:\/\/wpguerssen-test.odoo.rgbconsulting.com\/wp-content\/uploads\/2022\/04\/Logo_Guerssen_trans_100.png\",\"width\":122,\"height\":100,\"caption\":\"Guerssen records\"},\"image\":{\"@id\":\"https:\/\/wpguerssen-test.odoo.rgbconsulting.com\/es\/#\/schema\/logo\/image\/\"}}]}<\/script>\n<!-- \/ Yoast SEO plugin. -->","yoast_head_json":{"title":"MINUS GROUP - Black Lights (7\") -  (7\") | Guerssen","description":"A little psych-dub masterpiece recorded in 1981 by the elusive Minus Group, a mysterious studio band led by multi-instrumentalist Enzo Minuti (aka Ezy Minus). The two tracks on this single are different arrangements of the same composition, the first, on Side A, being an afro-dub version with phrasings on sax and synth (both played by Minuti himself), weirdly processed choir vocals, and obsessively repetitive percussion. Side B, on the other hand, contains a tropical-downtempo mix, with claves and flute exuding Caribbean\/cinematic vibes, as well as minimalist synths and clapping that give the impression of a jam session under the influence of psychotropic agents.Both versions have a delicious summer flavor and will fit beautifully in any sunset DJ set.The single anticipates the release of a compilation album of Enzo Minuti's library music, which will be out this autumn Four Flies.","robots":{"index":"index","follow":"follow","max-snippet":"max-snippet:-1","max-image-preview":"max-image-preview:large","max-video-preview":"max-video-preview:-1"},"canonical":"https:\/\/wpguerssen-test.odoo.rgbconsulting.com\/es\/producto\/black-lights-7\/","og_locale":"es_ES","og_type":"article","og_title":"MINUS GROUP - Black Lights (7\") -  (7\") | Guerssen","og_description":"A little psych-dub masterpiece recorded in 1981 by the elusive Minus Group, a mysterious studio band led by multi-instrumentalist Enzo Minuti (aka Ezy Minus). The two tracks on this single are different arrangements of the same composition, the first, on Side A, being an afro-dub version with phrasings on sax and synth (both played by Minuti himself), weirdly processed choir vocals, and obsessively repetitive percussion. Side B, on the other hand, contains a tropical-downtempo mix, with claves and flute exuding Caribbean\/cinematic vibes, as well as minimalist synths and clapping that give the impression of a jam session under the influence of psychotropic agents.Both versions have a delicious summer flavor and will fit beautifully in any sunset DJ set.The single anticipates the release of a compilation album of Enzo Minuti's library music, which will be out this autumn Four Flies.","og_url":"https:\/\/wpguerssen-test.odoo.rgbconsulting.com\/es\/producto\/black-lights-7\/","og_site_name":"Guerssen records","article_modified_time":"2024-02-21T11:19:24+00:00","og_image":[{"width":2560,"height":2560,"url":"https:\/\/wpguerssen-test.odoo.rgbconsulting.com\/wp-content\/uploads\/2022\/09\/41696-scaled.jpg","type":"image\/jpeg"}],"twitter_card":"summary_large_image","twitter_title":"MINUS GROUP - Black Lights (7\") -  (7\") | Guerssen","twitter_misc":{"Tiempo de lectura":"1 minuto"},"schema":{"@context":"https:\/\/schema.org","@graph":[{"@type":"WebPage","@id":"https:\/\/wpguerssen-test.odoo.rgbconsulting.com\/es\/producto\/black-lights-7\/","url":"https:\/\/wpguerssen-test.odoo.rgbconsulting.com\/es\/producto\/black-lights-7\/","name":"MINUS GROUP - Black Lights (7\") - (7\") | Guerssen","isPartOf":{"@id":"https:\/\/wpguerssen-test.odoo.rgbconsulting.com\/es\/#website"},"primaryImageOfPage":{"@id":"https:\/\/wpguerssen-test.odoo.rgbconsulting.com\/es\/producto\/black-lights-7\/#primaryimage"},"image":{"@id":"https:\/\/wpguerssen-test.odoo.rgbconsulting.com\/es\/producto\/black-lights-7\/#primaryimage"},"thumbnailUrl":"https:\/\/wpguerssen-test.odoo.rgbconsulting.com\/wp-content\/uploads\/2022\/09\/41696-scaled.jpg","datePublished":"2022-09-19T22:00:00+00:00","dateModified":"2024-02-21T11:19:24+00:00","description":"A little psych-dub masterpiece recorded in 1981 by the elusive Minus Group, a mysterious studio band led by multi-instrumentalist Enzo Minuti (aka Ezy Minus). The two tracks on this single are different arrangements of the same composition, the first, on Side A, being an afro-dub version with phrasings on sax and synth (both played by Minuti himself), weirdly processed choir vocals, and obsessively repetitive percussion. Side B, on the other hand, contains a tropical-downtempo mix, with claves and flute exuding Caribbean\/cinematic vibes, as well as minimalist synths and clapping that give the impression of a jam session under the influence of psychotropic agents.Both versions have a delicious summer flavor and will fit beautifully in any sunset DJ set.The single anticipates the release of a compilation album of Enzo Minuti's library music, which will be out this autumn Four Flies.","breadcrumb":{"@id":"https:\/\/wpguerssen-test.odoo.rgbconsulting.com\/es\/producto\/black-lights-7\/#breadcrumb"},"inLanguage":"es","potentialAction":[{"@type":"ReadAction","target":["https:\/\/wpguerssen-test.odoo.rgbconsulting.com\/es\/producto\/black-lights-7\/"]}]},{"@type":"ImageObject","inLanguage":"es","@id":"https:\/\/wpguerssen-test.odoo.rgbconsulting.com\/es\/producto\/black-lights-7\/#primaryimage","url":"https:\/\/wpguerssen-test.odoo.rgbconsulting.com\/wp-content\/uploads\/2022\/09\/41696-scaled.jpg","contentUrl":"https:\/\/wpguerssen-test.odoo.rgbconsulting.com\/wp-content\/uploads\/2022\/09\/41696-scaled.jpg","width":2560,"height":2560},{"@type":"BreadcrumbList","@id":"https:\/\/wpguerssen-test.odoo.rgbconsulting.com\/es\/producto\/black-lights-7\/#breadcrumb","itemListElement":[{"@type":"ListItem","position":1,"name":"Inicio","item":"https:\/\/wpguerssen-test.odoo.rgbconsulting.com\/es\/"},{"@type":"ListItem","position":2,"name":"Shop","item":"https:\/\/wpguerssen-test.odoo.rgbconsulting.com\/shop\/"},{"@type":"ListItem","position":3,"name":"Black Lights (7&#8243;)"}]},{"@type":"WebSite","@id":"https:\/\/wpguerssen-test.odoo.rgbconsulting.com\/es\/#website","url":"https:\/\/wpguerssen-test.odoo.rgbconsulting.com\/es\/","name":"Guerssen records","description":"psychedelia - progressive - folk - garage ","publisher":{"@id":"https:\/\/wpguerssen-test.odoo.rgbconsulting.com\/es\/#organization"},"potentialAction":[{"@type":"SearchAction","target":{"@type":"EntryPoint","urlTemplate":"https:\/\/wpguerssen-test.odoo.rgbconsulting.com\/es\/?s={search_term_string}"},"query-input":{"@type":"PropertyValueSpecification","valueRequired":true,"valueName":"search_term_string"}}],"inLanguage":"es"},{"@type":"Organization","@id":"https:\/\/wpguerssen-test.odoo.rgbconsulting.com\/es\/#organization","name":"Guerssen records","url":"https:\/\/wpguerssen-test.odoo.rgbconsulting.com\/es\/","logo":{"@type":"ImageObject","inLanguage":"es","@id":"https:\/\/wpguerssen-test.odoo.rgbconsulting.com\/es\/#\/schema\/logo\/image\/","url":"https:\/\/wpguerssen-test.odoo.rgbconsulting.com\/wp-content\/uploads\/2022\/04\/Logo_Guerssen_trans_100.png","contentUrl":"https:\/\/wpguerssen-test.odoo.rgbconsulting.com\/wp-content\/uploads\/2022\/04\/Logo_Guerssen_trans_100.png","width":122,"height":100,"caption":"Guerssen records"},"image":{"@id":"https:\/\/wpguerssen-test.odoo.rgbconsulting.com\/es\/#\/schema\/logo\/image\/"}}]}},"_links":{"self":[{"href":"https:\/\/wpguerssen-test.odoo.rgbconsulting.com\/es\/wp-json\/wp\/v2\/product\/217165","targetHints":{"allow":["GET"]}}],"collection":[{"href":"https:\/\/wpguerssen-test.odoo.rgbconsulting.com\/es\/wp-json\/wp\/v2\/product"}],"about":[{"href":"https:\/\/wpguerssen-test.odoo.rgbconsulting.com\/es\/wp-json\/wp\/v2\/types\/product"}],"wp:featuredmedia":[{"embeddable":true,"href":"https:\/\/wpguerssen-test.odoo.rgbconsulting.com\/es\/wp-json\/wp\/v2\/media\/218348"}],"wp:attachment":[{"href":"https:\/\/wpguerssen-test.odoo.rgbconsulting.com\/es\/wp-json\/wp\/v2\/media?parent=217165"}],"wp:term":[{"taxonomy":"product_brand","embeddable":true,"href":"https:\/\/wpguerssen-test.odoo.rgbconsulting.com\/es\/wp-json\/wp\/v2\/product_brand?post=217165"},{"taxonomy":"product_cat","embeddable":true,"href":"https:\/\/wpguerssen-test.odoo.rgbconsulting.com\/es\/wp-json\/wp\/v2\/product_cat?post=217165"},{"taxonomy":"product_tag","embeddable":true,"href":"https:\/\/wpguerssen-test.odoo.rgbconsulting.com\/es\/wp-json\/wp\/v2\/product_tag?post=217165"}],"curies":[{"name":"wp","href":"https:\/\/api.w.org\/{rel}","templated":true}]}}