{"id":217173,"date":"2022-09-20T00:00:00","date_gmt":"2022-09-19T22:00:00","guid":{"rendered":"https:\/\/wpguerssen-test.odoo.rgbconsulting.com\/product\/la-dimostrazione-elikiller-7\/"},"modified":"2024-02-21T12:20:20","modified_gmt":"2024-02-21T11:20:20","slug":"la-dimostrazione-elikiller-7","status":"publish","type":"product","link":"https:\/\/wpguerssen-test.odoo.rgbconsulting.com\/es\/producto\/la-dimostrazione-elikiller-7\/","title":{"rendered":"La Dimostrazione \/ Elikiller (7&#8243;)"},"content":{"rendered":"<p>Por primera vez en vinilo de 7 pulgadas, el temazo de \u00abDusty Fingers\u00bb, LA DIMOSTRAZIONE, tomado de la banda sonora de la pel\u00edcula espa\u00f1ola, \u00abMetralleta Stein\u00bb. Una pista midtempo malhumorada y de funk oscuro, alimentada con s\u00f3lidas pausas de bater\u00eda y fuertes l\u00edneas de bajo. Un verdadero cl\u00e1sico para cualquier creador de ritmos, esta pista ha sido muestreada y compilada una docena de veces. Por otro lado, encontrar\u00e1s ELIKILLER, m\u00e1s din\u00e1mico, otra melod\u00eda de jazz-funk aplastante con una gran tensi\u00f3n r\u00edtmica y amenazante. Edici\u00f3n limitada de 300 copias. \u00a1No te lo pierdas o arder\u00e1s en el infierno!<\/p>\n","protected":false},"excerpt":{"rendered":"<p>Por primera vez en vinilo de 7 pulgadas, el temazo de \u00abDusty Fingers\u00bb, LA DIMOSTRAZIONE, tomado de la banda sonora de la pel\u00edcula espa\u00f1ola, \u00abMetralleta Stein\u00bb.<a class=\"read\" href=\"https:\/\/wpguerssen-test.odoo.rgbconsulting.com\/es\/producto\/la-dimostrazione-elikiller-7\/\"> (...)<\/a>","protected":false},"featured_media":218358,"template":"","meta":{"_acf_changed":false},"product_brand":[],"product_cat":[21649,23219],"product_tag":[],"class_list":{"0":"post-217173","1":"product","2":"type-product","3":"status-publish","4":"has-post-thumbnail","6":"product_cat-soul-rnb-es","7":"product_cat-funk-es","8":"pa_artist-patucchi-daniele","9":"pa_format-7-es","10":"pa_gender-funk-soul-rnb","11":"pa_label-four-flies","12":"pa_location-europe-es","13":"pa_other-filters-vinyl-only-es","15":"first","16":"instock","17":"taxable","18":"shipping-taxable","19":"purchasable","20":"product-type-simple"},"acf":[],"yoast_head":"<!-- This site is optimized with the Yoast SEO plugin v24.9 - https:\/\/yoast.com\/wordpress\/plugins\/seo\/ -->\n<title>PATUCCHI, Daniele - La Dimostrazione \/ Elikiller (7&quot;) -  (7&quot;) | Guerssen<\/title>\n<meta name=\"description\" content=\"For the first time on 7-inch vinyl, the killer &quot;Dusty Fingers&quot; tune, LA DIMOSTRAZIONE, taken from the soundtrack for the Spanish movie, &quot;Metralleta Stein&quot;. A moody, dark-funk midtempo track, fueled with solid drum breaks and heavy basslines. A real classic for any beatmaker, this track has been sampled and compiled a dozen times. On the flip side, you will find the more dynamic ELIKILLER, another smashing jazz-funk tune with great rhythmical and menacing tension. Limited Edition of 300 copies. Don&#039;t miss out on this one! This is Italian rare groove at its finest.\" \/>\n<meta name=\"robots\" content=\"index, follow, max-snippet:-1, max-image-preview:large, max-video-preview:-1\" \/>\n<link rel=\"canonical\" href=\"https:\/\/wpguerssen-test.odoo.rgbconsulting.com\/es\/producto\/la-dimostrazione-elikiller-7\/\" \/>\n<meta property=\"og:locale\" content=\"es_ES\" \/>\n<meta property=\"og:type\" content=\"article\" \/>\n<meta property=\"og:title\" content=\"PATUCCHI, Daniele - La Dimostrazione \/ Elikiller (7&quot;) -  (7&quot;) | Guerssen\" \/>\n<meta property=\"og:description\" content=\"For the first time on 7-inch vinyl, the killer &quot;Dusty Fingers&quot; tune, LA DIMOSTRAZIONE, taken from the soundtrack for the Spanish movie, &quot;Metralleta Stein&quot;. A moody, dark-funk midtempo track, fueled with solid drum breaks and heavy basslines. A real classic for any beatmaker, this track has been sampled and compiled a dozen times. On the flip side, you will find the more dynamic ELIKILLER, another smashing jazz-funk tune with great rhythmical and menacing tension. Limited Edition of 300 copies. Don&#039;t miss out on this one! This is Italian rare groove at its finest.\" \/>\n<meta property=\"og:url\" content=\"https:\/\/wpguerssen-test.odoo.rgbconsulting.com\/es\/producto\/la-dimostrazione-elikiller-7\/\" \/>\n<meta property=\"og:site_name\" content=\"Guerssen records\" \/>\n<meta property=\"article:modified_time\" content=\"2024-02-21T11:20:20+00:00\" \/>\n<meta property=\"og:image\" content=\"https:\/\/wpguerssen-test.odoo.rgbconsulting.com\/wp-content\/uploads\/2022\/09\/41704.jpg\" \/>\n\t<meta property=\"og:image:width\" content=\"1200\" \/>\n\t<meta property=\"og:image:height\" content=\"1200\" \/>\n\t<meta property=\"og:image:type\" content=\"image\/jpeg\" \/>\n<meta name=\"twitter:card\" content=\"summary_large_image\" \/>\n<meta name=\"twitter:title\" content=\"PATUCCHI, Daniele - La Dimostrazione \/ Elikiller (7&quot;) -  (7&quot;) | Guerssen\" \/>\n<meta name=\"twitter:label1\" content=\"Tiempo de lectura\" \/>\n\t<meta name=\"twitter:data1\" content=\"1 minuto\" \/>\n<script type=\"application\/ld+json\" class=\"yoast-schema-graph\">{\"@context\":\"https:\/\/schema.org\",\"@graph\":[{\"@type\":\"WebPage\",\"@id\":\"https:\/\/wpguerssen-test.odoo.rgbconsulting.com\/es\/producto\/la-dimostrazione-elikiller-7\/\",\"url\":\"https:\/\/wpguerssen-test.odoo.rgbconsulting.com\/es\/producto\/la-dimostrazione-elikiller-7\/\",\"name\":\"PATUCCHI, Daniele - La Dimostrazione \/ Elikiller (7\\\") - (7\\\") | Guerssen\",\"isPartOf\":{\"@id\":\"https:\/\/wpguerssen-test.odoo.rgbconsulting.com\/es\/#website\"},\"primaryImageOfPage\":{\"@id\":\"https:\/\/wpguerssen-test.odoo.rgbconsulting.com\/es\/producto\/la-dimostrazione-elikiller-7\/#primaryimage\"},\"image\":{\"@id\":\"https:\/\/wpguerssen-test.odoo.rgbconsulting.com\/es\/producto\/la-dimostrazione-elikiller-7\/#primaryimage\"},\"thumbnailUrl\":\"https:\/\/wpguerssen-test.odoo.rgbconsulting.com\/wp-content\/uploads\/2022\/09\/41704.jpg\",\"datePublished\":\"2022-09-19T22:00:00+00:00\",\"dateModified\":\"2024-02-21T11:20:20+00:00\",\"description\":\"For the first time on 7-inch vinyl, the killer \\\"Dusty Fingers\\\" tune, LA DIMOSTRAZIONE, taken from the soundtrack for the Spanish movie, \\\"Metralleta Stein\\\". A moody, dark-funk midtempo track, fueled with solid drum breaks and heavy basslines. A real classic for any beatmaker, this track has been sampled and compiled a dozen times. On the flip side, you will find the more dynamic ELIKILLER, another smashing jazz-funk tune with great rhythmical and menacing tension. Limited Edition of 300 copies. Don't miss out on this one! This is Italian rare groove at its finest.\",\"breadcrumb\":{\"@id\":\"https:\/\/wpguerssen-test.odoo.rgbconsulting.com\/es\/producto\/la-dimostrazione-elikiller-7\/#breadcrumb\"},\"inLanguage\":\"es\",\"potentialAction\":[{\"@type\":\"ReadAction\",\"target\":[\"https:\/\/wpguerssen-test.odoo.rgbconsulting.com\/es\/producto\/la-dimostrazione-elikiller-7\/\"]}]},{\"@type\":\"ImageObject\",\"inLanguage\":\"es\",\"@id\":\"https:\/\/wpguerssen-test.odoo.rgbconsulting.com\/es\/producto\/la-dimostrazione-elikiller-7\/#primaryimage\",\"url\":\"https:\/\/wpguerssen-test.odoo.rgbconsulting.com\/wp-content\/uploads\/2022\/09\/41704.jpg\",\"contentUrl\":\"https:\/\/wpguerssen-test.odoo.rgbconsulting.com\/wp-content\/uploads\/2022\/09\/41704.jpg\",\"width\":1200,\"height\":1200,\"caption\":\"Daniele - La Dimostrazione \/ Elikiller (7\\\") - FOUR FLIES (7\\\") | Guerssen\"},{\"@type\":\"BreadcrumbList\",\"@id\":\"https:\/\/wpguerssen-test.odoo.rgbconsulting.com\/es\/producto\/la-dimostrazione-elikiller-7\/#breadcrumb\",\"itemListElement\":[{\"@type\":\"ListItem\",\"position\":1,\"name\":\"Inicio\",\"item\":\"https:\/\/wpguerssen-test.odoo.rgbconsulting.com\/es\/\"},{\"@type\":\"ListItem\",\"position\":2,\"name\":\"Shop\",\"item\":\"https:\/\/wpguerssen-test.odoo.rgbconsulting.com\/shop\/\"},{\"@type\":\"ListItem\",\"position\":3,\"name\":\"La Dimostrazione \/ Elikiller (7&#8243;)\"}]},{\"@type\":\"WebSite\",\"@id\":\"https:\/\/wpguerssen-test.odoo.rgbconsulting.com\/es\/#website\",\"url\":\"https:\/\/wpguerssen-test.odoo.rgbconsulting.com\/es\/\",\"name\":\"Guerssen records\",\"description\":\"psychedelia - progressive - folk - garage \",\"publisher\":{\"@id\":\"https:\/\/wpguerssen-test.odoo.rgbconsulting.com\/es\/#organization\"},\"potentialAction\":[{\"@type\":\"SearchAction\",\"target\":{\"@type\":\"EntryPoint\",\"urlTemplate\":\"https:\/\/wpguerssen-test.odoo.rgbconsulting.com\/es\/?s={search_term_string}\"},\"query-input\":{\"@type\":\"PropertyValueSpecification\",\"valueRequired\":true,\"valueName\":\"search_term_string\"}}],\"inLanguage\":\"es\"},{\"@type\":\"Organization\",\"@id\":\"https:\/\/wpguerssen-test.odoo.rgbconsulting.com\/es\/#organization\",\"name\":\"Guerssen records\",\"url\":\"https:\/\/wpguerssen-test.odoo.rgbconsulting.com\/es\/\",\"logo\":{\"@type\":\"ImageObject\",\"inLanguage\":\"es\",\"@id\":\"https:\/\/wpguerssen-test.odoo.rgbconsulting.com\/es\/#\/schema\/logo\/image\/\",\"url\":\"https:\/\/wpguerssen-test.odoo.rgbconsulting.com\/wp-content\/uploads\/2022\/04\/Logo_Guerssen_trans_100.png\",\"contentUrl\":\"https:\/\/wpguerssen-test.odoo.rgbconsulting.com\/wp-content\/uploads\/2022\/04\/Logo_Guerssen_trans_100.png\",\"width\":122,\"height\":100,\"caption\":\"Guerssen records\"},\"image\":{\"@id\":\"https:\/\/wpguerssen-test.odoo.rgbconsulting.com\/es\/#\/schema\/logo\/image\/\"}}]}<\/script>\n<!-- \/ Yoast SEO plugin. -->","yoast_head_json":{"title":"PATUCCHI, Daniele - La Dimostrazione \/ Elikiller (7\") -  (7\") | Guerssen","description":"For the first time on 7-inch vinyl, the killer \"Dusty Fingers\" tune, LA DIMOSTRAZIONE, taken from the soundtrack for the Spanish movie, \"Metralleta Stein\". A moody, dark-funk midtempo track, fueled with solid drum breaks and heavy basslines. A real classic for any beatmaker, this track has been sampled and compiled a dozen times. On the flip side, you will find the more dynamic ELIKILLER, another smashing jazz-funk tune with great rhythmical and menacing tension. Limited Edition of 300 copies. Don't miss out on this one! This is Italian rare groove at its finest.","robots":{"index":"index","follow":"follow","max-snippet":"max-snippet:-1","max-image-preview":"max-image-preview:large","max-video-preview":"max-video-preview:-1"},"canonical":"https:\/\/wpguerssen-test.odoo.rgbconsulting.com\/es\/producto\/la-dimostrazione-elikiller-7\/","og_locale":"es_ES","og_type":"article","og_title":"PATUCCHI, Daniele - La Dimostrazione \/ Elikiller (7\") -  (7\") | Guerssen","og_description":"For the first time on 7-inch vinyl, the killer \"Dusty Fingers\" tune, LA DIMOSTRAZIONE, taken from the soundtrack for the Spanish movie, \"Metralleta Stein\". A moody, dark-funk midtempo track, fueled with solid drum breaks and heavy basslines. A real classic for any beatmaker, this track has been sampled and compiled a dozen times. On the flip side, you will find the more dynamic ELIKILLER, another smashing jazz-funk tune with great rhythmical and menacing tension. Limited Edition of 300 copies. Don't miss out on this one! This is Italian rare groove at its finest.","og_url":"https:\/\/wpguerssen-test.odoo.rgbconsulting.com\/es\/producto\/la-dimostrazione-elikiller-7\/","og_site_name":"Guerssen records","article_modified_time":"2024-02-21T11:20:20+00:00","og_image":[{"width":1200,"height":1200,"url":"https:\/\/wpguerssen-test.odoo.rgbconsulting.com\/wp-content\/uploads\/2022\/09\/41704.jpg","type":"image\/jpeg"}],"twitter_card":"summary_large_image","twitter_title":"PATUCCHI, Daniele - La Dimostrazione \/ Elikiller (7\") -  (7\") | Guerssen","twitter_misc":{"Tiempo de lectura":"1 minuto"},"schema":{"@context":"https:\/\/schema.org","@graph":[{"@type":"WebPage","@id":"https:\/\/wpguerssen-test.odoo.rgbconsulting.com\/es\/producto\/la-dimostrazione-elikiller-7\/","url":"https:\/\/wpguerssen-test.odoo.rgbconsulting.com\/es\/producto\/la-dimostrazione-elikiller-7\/","name":"PATUCCHI, Daniele - La Dimostrazione \/ Elikiller (7\") - (7\") | Guerssen","isPartOf":{"@id":"https:\/\/wpguerssen-test.odoo.rgbconsulting.com\/es\/#website"},"primaryImageOfPage":{"@id":"https:\/\/wpguerssen-test.odoo.rgbconsulting.com\/es\/producto\/la-dimostrazione-elikiller-7\/#primaryimage"},"image":{"@id":"https:\/\/wpguerssen-test.odoo.rgbconsulting.com\/es\/producto\/la-dimostrazione-elikiller-7\/#primaryimage"},"thumbnailUrl":"https:\/\/wpguerssen-test.odoo.rgbconsulting.com\/wp-content\/uploads\/2022\/09\/41704.jpg","datePublished":"2022-09-19T22:00:00+00:00","dateModified":"2024-02-21T11:20:20+00:00","description":"For the first time on 7-inch vinyl, the killer \"Dusty Fingers\" tune, LA DIMOSTRAZIONE, taken from the soundtrack for the Spanish movie, \"Metralleta Stein\". A moody, dark-funk midtempo track, fueled with solid drum breaks and heavy basslines. A real classic for any beatmaker, this track has been sampled and compiled a dozen times. On the flip side, you will find the more dynamic ELIKILLER, another smashing jazz-funk tune with great rhythmical and menacing tension. Limited Edition of 300 copies. Don't miss out on this one! This is Italian rare groove at its finest.","breadcrumb":{"@id":"https:\/\/wpguerssen-test.odoo.rgbconsulting.com\/es\/producto\/la-dimostrazione-elikiller-7\/#breadcrumb"},"inLanguage":"es","potentialAction":[{"@type":"ReadAction","target":["https:\/\/wpguerssen-test.odoo.rgbconsulting.com\/es\/producto\/la-dimostrazione-elikiller-7\/"]}]},{"@type":"ImageObject","inLanguage":"es","@id":"https:\/\/wpguerssen-test.odoo.rgbconsulting.com\/es\/producto\/la-dimostrazione-elikiller-7\/#primaryimage","url":"https:\/\/wpguerssen-test.odoo.rgbconsulting.com\/wp-content\/uploads\/2022\/09\/41704.jpg","contentUrl":"https:\/\/wpguerssen-test.odoo.rgbconsulting.com\/wp-content\/uploads\/2022\/09\/41704.jpg","width":1200,"height":1200,"caption":"Daniele - La Dimostrazione \/ Elikiller (7\") - FOUR FLIES (7\") | Guerssen"},{"@type":"BreadcrumbList","@id":"https:\/\/wpguerssen-test.odoo.rgbconsulting.com\/es\/producto\/la-dimostrazione-elikiller-7\/#breadcrumb","itemListElement":[{"@type":"ListItem","position":1,"name":"Inicio","item":"https:\/\/wpguerssen-test.odoo.rgbconsulting.com\/es\/"},{"@type":"ListItem","position":2,"name":"Shop","item":"https:\/\/wpguerssen-test.odoo.rgbconsulting.com\/shop\/"},{"@type":"ListItem","position":3,"name":"La Dimostrazione \/ Elikiller (7&#8243;)"}]},{"@type":"WebSite","@id":"https:\/\/wpguerssen-test.odoo.rgbconsulting.com\/es\/#website","url":"https:\/\/wpguerssen-test.odoo.rgbconsulting.com\/es\/","name":"Guerssen records","description":"psychedelia - progressive - folk - garage ","publisher":{"@id":"https:\/\/wpguerssen-test.odoo.rgbconsulting.com\/es\/#organization"},"potentialAction":[{"@type":"SearchAction","target":{"@type":"EntryPoint","urlTemplate":"https:\/\/wpguerssen-test.odoo.rgbconsulting.com\/es\/?s={search_term_string}"},"query-input":{"@type":"PropertyValueSpecification","valueRequired":true,"valueName":"search_term_string"}}],"inLanguage":"es"},{"@type":"Organization","@id":"https:\/\/wpguerssen-test.odoo.rgbconsulting.com\/es\/#organization","name":"Guerssen records","url":"https:\/\/wpguerssen-test.odoo.rgbconsulting.com\/es\/","logo":{"@type":"ImageObject","inLanguage":"es","@id":"https:\/\/wpguerssen-test.odoo.rgbconsulting.com\/es\/#\/schema\/logo\/image\/","url":"https:\/\/wpguerssen-test.odoo.rgbconsulting.com\/wp-content\/uploads\/2022\/04\/Logo_Guerssen_trans_100.png","contentUrl":"https:\/\/wpguerssen-test.odoo.rgbconsulting.com\/wp-content\/uploads\/2022\/04\/Logo_Guerssen_trans_100.png","width":122,"height":100,"caption":"Guerssen records"},"image":{"@id":"https:\/\/wpguerssen-test.odoo.rgbconsulting.com\/es\/#\/schema\/logo\/image\/"}}]}},"_links":{"self":[{"href":"https:\/\/wpguerssen-test.odoo.rgbconsulting.com\/es\/wp-json\/wp\/v2\/product\/217173","targetHints":{"allow":["GET"]}}],"collection":[{"href":"https:\/\/wpguerssen-test.odoo.rgbconsulting.com\/es\/wp-json\/wp\/v2\/product"}],"about":[{"href":"https:\/\/wpguerssen-test.odoo.rgbconsulting.com\/es\/wp-json\/wp\/v2\/types\/product"}],"wp:featuredmedia":[{"embeddable":true,"href":"https:\/\/wpguerssen-test.odoo.rgbconsulting.com\/es\/wp-json\/wp\/v2\/media\/218358"}],"wp:attachment":[{"href":"https:\/\/wpguerssen-test.odoo.rgbconsulting.com\/es\/wp-json\/wp\/v2\/media?parent=217173"}],"wp:term":[{"taxonomy":"product_brand","embeddable":true,"href":"https:\/\/wpguerssen-test.odoo.rgbconsulting.com\/es\/wp-json\/wp\/v2\/product_brand?post=217173"},{"taxonomy":"product_cat","embeddable":true,"href":"https:\/\/wpguerssen-test.odoo.rgbconsulting.com\/es\/wp-json\/wp\/v2\/product_cat?post=217173"},{"taxonomy":"product_tag","embeddable":true,"href":"https:\/\/wpguerssen-test.odoo.rgbconsulting.com\/es\/wp-json\/wp\/v2\/product_tag?post=217173"}],"curies":[{"name":"wp","href":"https:\/\/api.w.org\/{rel}","templated":true}]}}