{"id":217176,"date":"2022-09-20T00:00:00","date_gmt":"2022-09-19T22:00:00","guid":{"rendered":"https:\/\/wpguerssen-test.odoo.rgbconsulting.com\/product\/rullio-violenza-7\/"},"modified":"2024-02-21T12:20:40","modified_gmt":"2024-02-21T11:20:40","slug":"rullio-violenza-7","status":"publish","type":"product","link":"https:\/\/wpguerssen-test.odoo.rgbconsulting.com\/es\/producto\/rullio-violenza-7\/","title":{"rendered":"Rullio \/ Violenza (7&#8243;)"},"content":{"rendered":"<p>Aqu\u00ed tenemos el mejor breakbeat de la biblioteca italiana: sintetizadores malvados y efectos electr\u00f3nicos c\u00f3smicos marcan los ritmos experimentales de hip hop de RULLIO de Ugo Busoni, extra\u00eddos del LP \u00abValvole\u00bb del sello Nuova Idea. Por otro lado, uno encontrar\u00e1 otro golpe r\u00edtmico, VIOLENZA de Gerardo Iacoucci, tomado de \u00abL&#8217;Avventura N. 2\u00bf  un b-boy psicod\u00e9lico con l\u00ednea de bajo pesado y piano de percusi\u00f3n, haci\u00e9ndose eco de un paisaje sonoro urbano lleno de drama y suspenso.<\/p>\n","protected":false},"excerpt":{"rendered":"<p>Aqu\u00ed tenemos el mejor breakbeat de la biblioteca italiana: sintetizadores malvados y efectos electr\u00f3nicos c\u00f3smicos marcan los ritmos experimentales de hip hop de<a class=\"read\" href=\"https:\/\/wpguerssen-test.odoo.rgbconsulting.com\/es\/producto\/rullio-violenza-7\/\"> (...)<\/a>","protected":false},"featured_media":218360,"template":"","meta":{"_acf_changed":false},"product_brand":[],"product_cat":[21705,21706],"product_tag":[],"class_list":{"0":"post-217176","1":"product","2":"type-product","3":"status-publish","4":"has-post-thumbnail","6":"product_cat-synth-pop-es","7":"product_cat-rap-hip-hop-es","8":"pa_artist-busoni-ugo-iacoucci-gerardo","9":"pa_format-7-es","10":"pa_gender-rap-hip-hop-synth-pop","11":"pa_label-four-flies","12":"pa_location-europe-es","13":"pa_other-filters-vinyl-only-es","15":"first","16":"instock","17":"taxable","18":"shipping-taxable","19":"purchasable","20":"product-type-simple"},"acf":[],"yoast_head":"<!-- This site is optimized with the Yoast SEO plugin v24.9 - https:\/\/yoast.com\/wordpress\/plugins\/seo\/ -->\n<title>BUSONI, Ugo &amp; IACOUCCI, Gerardo - Rullio \/ Violenza (7&quot;) -  (7&quot;) | Guerssen<\/title>\n<meta name=\"description\" content=\"A new Four Flies 45s series, properly designed for DJs, producers, and worldwide music lovers, and focused on the very best Italian library grooves from the golden age, finally released on 7-inch vinyl for the very first time. This first batch was made possible by a collaboration with our friends at Flipper Music, which gave us complete access to eight killer gems that will surely burn your dancefloor, selected from the most sought after DENEB\/FLIRT\/FLOWER\/NUOVA IDEA\/UNION albums.Here we have the ultimate Italian library breakbeat: wicked synths, and cosmic electronic effects, marks the experimental hip hop beats of RULLIO by Ugo Busoni, sourced from the &quot;Valvole&quot; LP on the Nuova Idea label. On the flip side, one will find another rhythmic banger, VIOLENZA by Gerardo Iacoucci, taken from &quot;L&#039;Avventura N. 2\u00bf - a psychedelic b-boy break with heavy bassline and percussive piano, echoing an urban soundscape full of drama and suspense.\" \/>\n<meta name=\"robots\" content=\"index, follow, max-snippet:-1, max-image-preview:large, max-video-preview:-1\" \/>\n<link rel=\"canonical\" href=\"https:\/\/wpguerssen-test.odoo.rgbconsulting.com\/es\/producto\/rullio-violenza-7\/\" \/>\n<meta property=\"og:locale\" content=\"es_ES\" \/>\n<meta property=\"og:type\" content=\"article\" \/>\n<meta property=\"og:title\" content=\"BUSONI, Ugo &amp; IACOUCCI, Gerardo - Rullio \/ Violenza (7&quot;) -  (7&quot;) | Guerssen\" \/>\n<meta property=\"og:description\" content=\"A new Four Flies 45s series, properly designed for DJs, producers, and worldwide music lovers, and focused on the very best Italian library grooves from the golden age, finally released on 7-inch vinyl for the very first time. This first batch was made possible by a collaboration with our friends at Flipper Music, which gave us complete access to eight killer gems that will surely burn your dancefloor, selected from the most sought after DENEB\/FLIRT\/FLOWER\/NUOVA IDEA\/UNION albums.Here we have the ultimate Italian library breakbeat: wicked synths, and cosmic electronic effects, marks the experimental hip hop beats of RULLIO by Ugo Busoni, sourced from the &quot;Valvole&quot; LP on the Nuova Idea label. On the flip side, one will find another rhythmic banger, VIOLENZA by Gerardo Iacoucci, taken from &quot;L&#039;Avventura N. 2\u00bf - a psychedelic b-boy break with heavy bassline and percussive piano, echoing an urban soundscape full of drama and suspense.\" \/>\n<meta property=\"og:url\" content=\"https:\/\/wpguerssen-test.odoo.rgbconsulting.com\/es\/producto\/rullio-violenza-7\/\" \/>\n<meta property=\"og:site_name\" content=\"Guerssen records\" \/>\n<meta property=\"article:modified_time\" content=\"2024-02-21T11:20:40+00:00\" \/>\n<meta property=\"og:image\" content=\"https:\/\/wpguerssen-test.odoo.rgbconsulting.com\/wp-content\/uploads\/2022\/09\/41707.jpg\" \/>\n\t<meta property=\"og:image:width\" content=\"1199\" \/>\n\t<meta property=\"og:image:height\" content=\"1200\" \/>\n\t<meta property=\"og:image:type\" content=\"image\/jpeg\" \/>\n<meta name=\"twitter:card\" content=\"summary_large_image\" \/>\n<meta name=\"twitter:title\" content=\"BUSONI, Ugo &amp; IACOUCCI, Gerardo - Rullio \/ Violenza (7&quot;) -  (7&quot;) | Guerssen\" \/>\n<script type=\"application\/ld+json\" class=\"yoast-schema-graph\">{\"@context\":\"https:\/\/schema.org\",\"@graph\":[{\"@type\":\"WebPage\",\"@id\":\"https:\/\/wpguerssen-test.odoo.rgbconsulting.com\/es\/producto\/rullio-violenza-7\/\",\"url\":\"https:\/\/wpguerssen-test.odoo.rgbconsulting.com\/es\/producto\/rullio-violenza-7\/\",\"name\":\"BUSONI, Ugo & IACOUCCI, Gerardo - Rullio \/ Violenza (7\\\") - (7\\\") | Guerssen\",\"isPartOf\":{\"@id\":\"https:\/\/wpguerssen-test.odoo.rgbconsulting.com\/es\/#website\"},\"primaryImageOfPage\":{\"@id\":\"https:\/\/wpguerssen-test.odoo.rgbconsulting.com\/es\/producto\/rullio-violenza-7\/#primaryimage\"},\"image\":{\"@id\":\"https:\/\/wpguerssen-test.odoo.rgbconsulting.com\/es\/producto\/rullio-violenza-7\/#primaryimage\"},\"thumbnailUrl\":\"https:\/\/wpguerssen-test.odoo.rgbconsulting.com\/wp-content\/uploads\/2022\/09\/41707.jpg\",\"datePublished\":\"2022-09-19T22:00:00+00:00\",\"dateModified\":\"2024-02-21T11:20:40+00:00\",\"description\":\"A new Four Flies 45s series, properly designed for DJs, producers, and worldwide music lovers, and focused on the very best Italian library grooves from the golden age, finally released on 7-inch vinyl for the very first time. This first batch was made possible by a collaboration with our friends at Flipper Music, which gave us complete access to eight killer gems that will surely burn your dancefloor, selected from the most sought after DENEB\/FLIRT\/FLOWER\/NUOVA IDEA\/UNION albums.Here we have the ultimate Italian library breakbeat: wicked synths, and cosmic electronic effects, marks the experimental hip hop beats of RULLIO by Ugo Busoni, sourced from the \\\"Valvole\\\" LP on the Nuova Idea label. On the flip side, one will find another rhythmic banger, VIOLENZA by Gerardo Iacoucci, taken from \\\"L'Avventura N. 2\u00bf - a psychedelic b-boy break with heavy bassline and percussive piano, echoing an urban soundscape full of drama and suspense.\",\"breadcrumb\":{\"@id\":\"https:\/\/wpguerssen-test.odoo.rgbconsulting.com\/es\/producto\/rullio-violenza-7\/#breadcrumb\"},\"inLanguage\":\"es\",\"potentialAction\":[{\"@type\":\"ReadAction\",\"target\":[\"https:\/\/wpguerssen-test.odoo.rgbconsulting.com\/es\/producto\/rullio-violenza-7\/\"]}]},{\"@type\":\"ImageObject\",\"inLanguage\":\"es\",\"@id\":\"https:\/\/wpguerssen-test.odoo.rgbconsulting.com\/es\/producto\/rullio-violenza-7\/#primaryimage\",\"url\":\"https:\/\/wpguerssen-test.odoo.rgbconsulting.com\/wp-content\/uploads\/2022\/09\/41707.jpg\",\"contentUrl\":\"https:\/\/wpguerssen-test.odoo.rgbconsulting.com\/wp-content\/uploads\/2022\/09\/41707.jpg\",\"width\":1199,\"height\":1200,\"caption\":\"Ugo & IACOUCCI\"},{\"@type\":\"BreadcrumbList\",\"@id\":\"https:\/\/wpguerssen-test.odoo.rgbconsulting.com\/es\/producto\/rullio-violenza-7\/#breadcrumb\",\"itemListElement\":[{\"@type\":\"ListItem\",\"position\":1,\"name\":\"Inicio\",\"item\":\"https:\/\/wpguerssen-test.odoo.rgbconsulting.com\/es\/\"},{\"@type\":\"ListItem\",\"position\":2,\"name\":\"Shop\",\"item\":\"https:\/\/wpguerssen-test.odoo.rgbconsulting.com\/shop\/\"},{\"@type\":\"ListItem\",\"position\":3,\"name\":\"Rullio \/ Violenza (7&#8243;)\"}]},{\"@type\":\"WebSite\",\"@id\":\"https:\/\/wpguerssen-test.odoo.rgbconsulting.com\/es\/#website\",\"url\":\"https:\/\/wpguerssen-test.odoo.rgbconsulting.com\/es\/\",\"name\":\"Guerssen records\",\"description\":\"psychedelia - progressive - folk - garage \",\"publisher\":{\"@id\":\"https:\/\/wpguerssen-test.odoo.rgbconsulting.com\/es\/#organization\"},\"potentialAction\":[{\"@type\":\"SearchAction\",\"target\":{\"@type\":\"EntryPoint\",\"urlTemplate\":\"https:\/\/wpguerssen-test.odoo.rgbconsulting.com\/es\/?s={search_term_string}\"},\"query-input\":{\"@type\":\"PropertyValueSpecification\",\"valueRequired\":true,\"valueName\":\"search_term_string\"}}],\"inLanguage\":\"es\"},{\"@type\":\"Organization\",\"@id\":\"https:\/\/wpguerssen-test.odoo.rgbconsulting.com\/es\/#organization\",\"name\":\"Guerssen records\",\"url\":\"https:\/\/wpguerssen-test.odoo.rgbconsulting.com\/es\/\",\"logo\":{\"@type\":\"ImageObject\",\"inLanguage\":\"es\",\"@id\":\"https:\/\/wpguerssen-test.odoo.rgbconsulting.com\/es\/#\/schema\/logo\/image\/\",\"url\":\"https:\/\/wpguerssen-test.odoo.rgbconsulting.com\/wp-content\/uploads\/2022\/04\/Logo_Guerssen_trans_100.png\",\"contentUrl\":\"https:\/\/wpguerssen-test.odoo.rgbconsulting.com\/wp-content\/uploads\/2022\/04\/Logo_Guerssen_trans_100.png\",\"width\":122,\"height\":100,\"caption\":\"Guerssen records\"},\"image\":{\"@id\":\"https:\/\/wpguerssen-test.odoo.rgbconsulting.com\/es\/#\/schema\/logo\/image\/\"}}]}<\/script>\n<!-- \/ Yoast SEO plugin. -->","yoast_head_json":{"title":"BUSONI, Ugo & IACOUCCI, Gerardo - Rullio \/ Violenza (7\") -  (7\") | Guerssen","description":"A new Four Flies 45s series, properly designed for DJs, producers, and worldwide music lovers, and focused on the very best Italian library grooves from the golden age, finally released on 7-inch vinyl for the very first time. This first batch was made possible by a collaboration with our friends at Flipper Music, which gave us complete access to eight killer gems that will surely burn your dancefloor, selected from the most sought after DENEB\/FLIRT\/FLOWER\/NUOVA IDEA\/UNION albums.Here we have the ultimate Italian library breakbeat: wicked synths, and cosmic electronic effects, marks the experimental hip hop beats of RULLIO by Ugo Busoni, sourced from the \"Valvole\" LP on the Nuova Idea label. On the flip side, one will find another rhythmic banger, VIOLENZA by Gerardo Iacoucci, taken from \"L'Avventura N. 2\u00bf - a psychedelic b-boy break with heavy bassline and percussive piano, echoing an urban soundscape full of drama and suspense.","robots":{"index":"index","follow":"follow","max-snippet":"max-snippet:-1","max-image-preview":"max-image-preview:large","max-video-preview":"max-video-preview:-1"},"canonical":"https:\/\/wpguerssen-test.odoo.rgbconsulting.com\/es\/producto\/rullio-violenza-7\/","og_locale":"es_ES","og_type":"article","og_title":"BUSONI, Ugo & IACOUCCI, Gerardo - Rullio \/ Violenza (7\") -  (7\") | Guerssen","og_description":"A new Four Flies 45s series, properly designed for DJs, producers, and worldwide music lovers, and focused on the very best Italian library grooves from the golden age, finally released on 7-inch vinyl for the very first time. This first batch was made possible by a collaboration with our friends at Flipper Music, which gave us complete access to eight killer gems that will surely burn your dancefloor, selected from the most sought after DENEB\/FLIRT\/FLOWER\/NUOVA IDEA\/UNION albums.Here we have the ultimate Italian library breakbeat: wicked synths, and cosmic electronic effects, marks the experimental hip hop beats of RULLIO by Ugo Busoni, sourced from the \"Valvole\" LP on the Nuova Idea label. On the flip side, one will find another rhythmic banger, VIOLENZA by Gerardo Iacoucci, taken from \"L'Avventura N. 2\u00bf - a psychedelic b-boy break with heavy bassline and percussive piano, echoing an urban soundscape full of drama and suspense.","og_url":"https:\/\/wpguerssen-test.odoo.rgbconsulting.com\/es\/producto\/rullio-violenza-7\/","og_site_name":"Guerssen records","article_modified_time":"2024-02-21T11:20:40+00:00","og_image":[{"width":1199,"height":1200,"url":"https:\/\/wpguerssen-test.odoo.rgbconsulting.com\/wp-content\/uploads\/2022\/09\/41707.jpg","type":"image\/jpeg"}],"twitter_card":"summary_large_image","twitter_title":"BUSONI, Ugo & IACOUCCI, Gerardo - Rullio \/ Violenza (7\") -  (7\") | Guerssen","schema":{"@context":"https:\/\/schema.org","@graph":[{"@type":"WebPage","@id":"https:\/\/wpguerssen-test.odoo.rgbconsulting.com\/es\/producto\/rullio-violenza-7\/","url":"https:\/\/wpguerssen-test.odoo.rgbconsulting.com\/es\/producto\/rullio-violenza-7\/","name":"BUSONI, Ugo & IACOUCCI, Gerardo - Rullio \/ Violenza (7\") - (7\") | Guerssen","isPartOf":{"@id":"https:\/\/wpguerssen-test.odoo.rgbconsulting.com\/es\/#website"},"primaryImageOfPage":{"@id":"https:\/\/wpguerssen-test.odoo.rgbconsulting.com\/es\/producto\/rullio-violenza-7\/#primaryimage"},"image":{"@id":"https:\/\/wpguerssen-test.odoo.rgbconsulting.com\/es\/producto\/rullio-violenza-7\/#primaryimage"},"thumbnailUrl":"https:\/\/wpguerssen-test.odoo.rgbconsulting.com\/wp-content\/uploads\/2022\/09\/41707.jpg","datePublished":"2022-09-19T22:00:00+00:00","dateModified":"2024-02-21T11:20:40+00:00","description":"A new Four Flies 45s series, properly designed for DJs, producers, and worldwide music lovers, and focused on the very best Italian library grooves from the golden age, finally released on 7-inch vinyl for the very first time. This first batch was made possible by a collaboration with our friends at Flipper Music, which gave us complete access to eight killer gems that will surely burn your dancefloor, selected from the most sought after DENEB\/FLIRT\/FLOWER\/NUOVA IDEA\/UNION albums.Here we have the ultimate Italian library breakbeat: wicked synths, and cosmic electronic effects, marks the experimental hip hop beats of RULLIO by Ugo Busoni, sourced from the \"Valvole\" LP on the Nuova Idea label. On the flip side, one will find another rhythmic banger, VIOLENZA by Gerardo Iacoucci, taken from \"L'Avventura N. 2\u00bf - a psychedelic b-boy break with heavy bassline and percussive piano, echoing an urban soundscape full of drama and suspense.","breadcrumb":{"@id":"https:\/\/wpguerssen-test.odoo.rgbconsulting.com\/es\/producto\/rullio-violenza-7\/#breadcrumb"},"inLanguage":"es","potentialAction":[{"@type":"ReadAction","target":["https:\/\/wpguerssen-test.odoo.rgbconsulting.com\/es\/producto\/rullio-violenza-7\/"]}]},{"@type":"ImageObject","inLanguage":"es","@id":"https:\/\/wpguerssen-test.odoo.rgbconsulting.com\/es\/producto\/rullio-violenza-7\/#primaryimage","url":"https:\/\/wpguerssen-test.odoo.rgbconsulting.com\/wp-content\/uploads\/2022\/09\/41707.jpg","contentUrl":"https:\/\/wpguerssen-test.odoo.rgbconsulting.com\/wp-content\/uploads\/2022\/09\/41707.jpg","width":1199,"height":1200,"caption":"Ugo & IACOUCCI"},{"@type":"BreadcrumbList","@id":"https:\/\/wpguerssen-test.odoo.rgbconsulting.com\/es\/producto\/rullio-violenza-7\/#breadcrumb","itemListElement":[{"@type":"ListItem","position":1,"name":"Inicio","item":"https:\/\/wpguerssen-test.odoo.rgbconsulting.com\/es\/"},{"@type":"ListItem","position":2,"name":"Shop","item":"https:\/\/wpguerssen-test.odoo.rgbconsulting.com\/shop\/"},{"@type":"ListItem","position":3,"name":"Rullio \/ Violenza (7&#8243;)"}]},{"@type":"WebSite","@id":"https:\/\/wpguerssen-test.odoo.rgbconsulting.com\/es\/#website","url":"https:\/\/wpguerssen-test.odoo.rgbconsulting.com\/es\/","name":"Guerssen records","description":"psychedelia - progressive - folk - garage ","publisher":{"@id":"https:\/\/wpguerssen-test.odoo.rgbconsulting.com\/es\/#organization"},"potentialAction":[{"@type":"SearchAction","target":{"@type":"EntryPoint","urlTemplate":"https:\/\/wpguerssen-test.odoo.rgbconsulting.com\/es\/?s={search_term_string}"},"query-input":{"@type":"PropertyValueSpecification","valueRequired":true,"valueName":"search_term_string"}}],"inLanguage":"es"},{"@type":"Organization","@id":"https:\/\/wpguerssen-test.odoo.rgbconsulting.com\/es\/#organization","name":"Guerssen records","url":"https:\/\/wpguerssen-test.odoo.rgbconsulting.com\/es\/","logo":{"@type":"ImageObject","inLanguage":"es","@id":"https:\/\/wpguerssen-test.odoo.rgbconsulting.com\/es\/#\/schema\/logo\/image\/","url":"https:\/\/wpguerssen-test.odoo.rgbconsulting.com\/wp-content\/uploads\/2022\/04\/Logo_Guerssen_trans_100.png","contentUrl":"https:\/\/wpguerssen-test.odoo.rgbconsulting.com\/wp-content\/uploads\/2022\/04\/Logo_Guerssen_trans_100.png","width":122,"height":100,"caption":"Guerssen records"},"image":{"@id":"https:\/\/wpguerssen-test.odoo.rgbconsulting.com\/es\/#\/schema\/logo\/image\/"}}]}},"_links":{"self":[{"href":"https:\/\/wpguerssen-test.odoo.rgbconsulting.com\/es\/wp-json\/wp\/v2\/product\/217176","targetHints":{"allow":["GET"]}}],"collection":[{"href":"https:\/\/wpguerssen-test.odoo.rgbconsulting.com\/es\/wp-json\/wp\/v2\/product"}],"about":[{"href":"https:\/\/wpguerssen-test.odoo.rgbconsulting.com\/es\/wp-json\/wp\/v2\/types\/product"}],"wp:featuredmedia":[{"embeddable":true,"href":"https:\/\/wpguerssen-test.odoo.rgbconsulting.com\/es\/wp-json\/wp\/v2\/media\/218360"}],"wp:attachment":[{"href":"https:\/\/wpguerssen-test.odoo.rgbconsulting.com\/es\/wp-json\/wp\/v2\/media?parent=217176"}],"wp:term":[{"taxonomy":"product_brand","embeddable":true,"href":"https:\/\/wpguerssen-test.odoo.rgbconsulting.com\/es\/wp-json\/wp\/v2\/product_brand?post=217176"},{"taxonomy":"product_cat","embeddable":true,"href":"https:\/\/wpguerssen-test.odoo.rgbconsulting.com\/es\/wp-json\/wp\/v2\/product_cat?post=217176"},{"taxonomy":"product_tag","embeddable":true,"href":"https:\/\/wpguerssen-test.odoo.rgbconsulting.com\/es\/wp-json\/wp\/v2\/product_tag?post=217176"}],"curies":[{"name":"wp","href":"https:\/\/api.w.org\/{rel}","templated":true}]}}