{"id":217185,"date":"2022-09-01T00:00:00","date_gmt":"2022-08-31T22:00:00","guid":{"rendered":"https:\/\/wpguerssen-test.odoo.rgbconsulting.com\/product\/represion-en-vivo-1981\/"},"modified":"2024-09-26T18:25:54","modified_gmt":"2024-09-26T16:25:54","slug":"represion-en-vivo-1981","status":"publish","type":"product","link":"https:\/\/wpguerssen-test.odoo.rgbconsulting.com\/es\/producto\/represion-en-vivo-1981\/","title":{"rendered":"Represi\u00f3n En Vivo 1981"},"content":{"rendered":"","protected":false},"excerpt":{"rendered":"","protected":false},"featured_media":246379,"template":"","meta":{"_acf_changed":false},"product_brand":[],"product_cat":[21650],"product_tag":[],"class_list":{"0":"post-217185","1":"product","2":"type-product","3":"status-publish","4":"has-post-thumbnail","6":"product_cat-punk-es","7":"pa_artist-violadores-los-es","8":"pa_format-lp-es","9":"pa_gender-punk","10":"pa_label-pinhead-records-es","11":"pa_location-south-america-caribbean-es","12":"pa_other-filters-vinyl-only-es","14":"first","15":"instock","16":"taxable","17":"shipping-taxable","18":"purchasable","19":"product-type-simple"},"acf":[],"yoast_head":"<!-- This site is optimized with the Yoast SEO plugin v24.9 - https:\/\/yoast.com\/wordpress\/plugins\/seo\/ -->\n<title>VIOLADORES, Los - Represi\u00f3n En Vivo 1981 -  (LP) | Guerssen<\/title>\n<meta name=\"description\" content=\"Los Violadores fue una banda de punk rock argentina, formada en Buenos Aires a principios de los a\u00f1os &#039;80. Es una de las pioneras del g\u00e9nero en su pa\u00eds y es considerada como la primera que obtuvo repercusi\u00f3n masiva a nivel nacional y en Latinoamerica.\u00c9ste \u00e1lbum es un documento hist\u00f3rico, el primer registro en vivo de Los Violadores en Mayo 1981, titulado &quot;Represi\u00f3n&quot; como uno de los temas m\u00e1s significativos del primer \u00e1lbum de la banda, grabado en plena guerra de Malvinas y muy perseguidos por la censura, quiz\u00e1s sea \u00e9sta la m\u00e1xima expresi\u00f3n musical contra la dictadura en aquellos tiempos.\" \/>\n<meta name=\"robots\" content=\"index, follow, max-snippet:-1, max-image-preview:large, max-video-preview:-1\" \/>\n<link rel=\"canonical\" href=\"https:\/\/wpguerssen-test.odoo.rgbconsulting.com\/es\/producto\/represion-en-vivo-1981\/\" \/>\n<meta property=\"og:locale\" content=\"es_ES\" \/>\n<meta property=\"og:type\" content=\"article\" \/>\n<meta property=\"og:title\" content=\"VIOLADORES, Los - Represi\u00f3n En Vivo 1981 -  (LP) | Guerssen\" \/>\n<meta property=\"og:description\" content=\"Los Violadores fue una banda de punk rock argentina, formada en Buenos Aires a principios de los a\u00f1os &#039;80. Es una de las pioneras del g\u00e9nero en su pa\u00eds y es considerada como la primera que obtuvo repercusi\u00f3n masiva a nivel nacional y en Latinoamerica.\u00c9ste \u00e1lbum es un documento hist\u00f3rico, el primer registro en vivo de Los Violadores en Mayo 1981, titulado &quot;Represi\u00f3n&quot; como uno de los temas m\u00e1s significativos del primer \u00e1lbum de la banda, grabado en plena guerra de Malvinas y muy perseguidos por la censura, quiz\u00e1s sea \u00e9sta la m\u00e1xima expresi\u00f3n musical contra la dictadura en aquellos tiempos.\" \/>\n<meta property=\"og:url\" content=\"https:\/\/wpguerssen-test.odoo.rgbconsulting.com\/es\/producto\/represion-en-vivo-1981\/\" \/>\n<meta property=\"og:site_name\" content=\"Guerssen records\" \/>\n<meta property=\"article:modified_time\" content=\"2024-09-26T16:25:54+00:00\" \/>\n<meta property=\"og:image\" content=\"https:\/\/wpguerssen-test.odoo.rgbconsulting.com\/wp-content\/uploads\/2023\/11\/41716.jpg\" \/>\n\t<meta property=\"og:image:width\" content=\"497\" \/>\n\t<meta property=\"og:image:height\" content=\"500\" \/>\n\t<meta property=\"og:image:type\" content=\"image\/jpeg\" \/>\n<meta name=\"twitter:card\" content=\"summary_large_image\" \/>\n<meta name=\"twitter:title\" content=\"VIOLADORES, Los - Represi\u00f3n En Vivo 1981 -  (LP) | Guerssen\" \/>\n<script type=\"application\/ld+json\" class=\"yoast-schema-graph\">{\"@context\":\"https:\/\/schema.org\",\"@graph\":[{\"@type\":\"WebPage\",\"@id\":\"https:\/\/wpguerssen-test.odoo.rgbconsulting.com\/es\/producto\/represion-en-vivo-1981\/\",\"url\":\"https:\/\/wpguerssen-test.odoo.rgbconsulting.com\/es\/producto\/represion-en-vivo-1981\/\",\"name\":\"VIOLADORES, Los - Represi\u00f3n En Vivo 1981 - (LP) | Guerssen\",\"isPartOf\":{\"@id\":\"https:\/\/wpguerssen-test.odoo.rgbconsulting.com\/es\/#website\"},\"primaryImageOfPage\":{\"@id\":\"https:\/\/wpguerssen-test.odoo.rgbconsulting.com\/es\/producto\/represion-en-vivo-1981\/#primaryimage\"},\"image\":{\"@id\":\"https:\/\/wpguerssen-test.odoo.rgbconsulting.com\/es\/producto\/represion-en-vivo-1981\/#primaryimage\"},\"thumbnailUrl\":\"https:\/\/wpguerssen-test.odoo.rgbconsulting.com\/wp-content\/uploads\/2023\/11\/41716.jpg\",\"datePublished\":\"2022-08-31T22:00:00+00:00\",\"dateModified\":\"2024-09-26T16:25:54+00:00\",\"description\":\"Los Violadores fue una banda de punk rock argentina, formada en Buenos Aires a principios de los a\u00f1os '80. Es una de las pioneras del g\u00e9nero en su pa\u00eds y es considerada como la primera que obtuvo repercusi\u00f3n masiva a nivel nacional y en Latinoamerica.\u00c9ste \u00e1lbum es un documento hist\u00f3rico, el primer registro en vivo de Los Violadores en Mayo 1981, titulado \\\"Represi\u00f3n\\\" como uno de los temas m\u00e1s significativos del primer \u00e1lbum de la banda, grabado en plena guerra de Malvinas y muy perseguidos por la censura, quiz\u00e1s sea \u00e9sta la m\u00e1xima expresi\u00f3n musical contra la dictadura en aquellos tiempos.\",\"breadcrumb\":{\"@id\":\"https:\/\/wpguerssen-test.odoo.rgbconsulting.com\/es\/producto\/represion-en-vivo-1981\/#breadcrumb\"},\"inLanguage\":\"es\",\"potentialAction\":[{\"@type\":\"ReadAction\",\"target\":[\"https:\/\/wpguerssen-test.odoo.rgbconsulting.com\/es\/producto\/represion-en-vivo-1981\/\"]}]},{\"@type\":\"ImageObject\",\"inLanguage\":\"es\",\"@id\":\"https:\/\/wpguerssen-test.odoo.rgbconsulting.com\/es\/producto\/represion-en-vivo-1981\/#primaryimage\",\"url\":\"https:\/\/wpguerssen-test.odoo.rgbconsulting.com\/wp-content\/uploads\/2023\/11\/41716.jpg\",\"contentUrl\":\"https:\/\/wpguerssen-test.odoo.rgbconsulting.com\/wp-content\/uploads\/2023\/11\/41716.jpg\",\"width\":497,\"height\":500,\"caption\":\"Los - Represi\u00f3n En Vivo 1981 - PINHEAD RECORDS (LP) | Guerssen\"},{\"@type\":\"BreadcrumbList\",\"@id\":\"https:\/\/wpguerssen-test.odoo.rgbconsulting.com\/es\/producto\/represion-en-vivo-1981\/#breadcrumb\",\"itemListElement\":[{\"@type\":\"ListItem\",\"position\":1,\"name\":\"Inicio\",\"item\":\"https:\/\/wpguerssen-test.odoo.rgbconsulting.com\/es\/\"},{\"@type\":\"ListItem\",\"position\":2,\"name\":\"Shop\",\"item\":\"https:\/\/wpguerssen-test.odoo.rgbconsulting.com\/shop\/\"},{\"@type\":\"ListItem\",\"position\":3,\"name\":\"Represi\u00f3n En Vivo 1981\"}]},{\"@type\":\"WebSite\",\"@id\":\"https:\/\/wpguerssen-test.odoo.rgbconsulting.com\/es\/#website\",\"url\":\"https:\/\/wpguerssen-test.odoo.rgbconsulting.com\/es\/\",\"name\":\"Guerssen records\",\"description\":\"psychedelia - progressive - folk - garage \",\"publisher\":{\"@id\":\"https:\/\/wpguerssen-test.odoo.rgbconsulting.com\/es\/#organization\"},\"potentialAction\":[{\"@type\":\"SearchAction\",\"target\":{\"@type\":\"EntryPoint\",\"urlTemplate\":\"https:\/\/wpguerssen-test.odoo.rgbconsulting.com\/es\/?s={search_term_string}\"},\"query-input\":{\"@type\":\"PropertyValueSpecification\",\"valueRequired\":true,\"valueName\":\"search_term_string\"}}],\"inLanguage\":\"es\"},{\"@type\":\"Organization\",\"@id\":\"https:\/\/wpguerssen-test.odoo.rgbconsulting.com\/es\/#organization\",\"name\":\"Guerssen records\",\"url\":\"https:\/\/wpguerssen-test.odoo.rgbconsulting.com\/es\/\",\"logo\":{\"@type\":\"ImageObject\",\"inLanguage\":\"es\",\"@id\":\"https:\/\/wpguerssen-test.odoo.rgbconsulting.com\/es\/#\/schema\/logo\/image\/\",\"url\":\"https:\/\/wpguerssen-test.odoo.rgbconsulting.com\/wp-content\/uploads\/2022\/04\/Logo_Guerssen_trans_100.png\",\"contentUrl\":\"https:\/\/wpguerssen-test.odoo.rgbconsulting.com\/wp-content\/uploads\/2022\/04\/Logo_Guerssen_trans_100.png\",\"width\":122,\"height\":100,\"caption\":\"Guerssen records\"},\"image\":{\"@id\":\"https:\/\/wpguerssen-test.odoo.rgbconsulting.com\/es\/#\/schema\/logo\/image\/\"}}]}<\/script>\n<!-- \/ Yoast SEO plugin. -->","yoast_head_json":{"title":"VIOLADORES, Los - Represi\u00f3n En Vivo 1981 -  (LP) | Guerssen","description":"Los Violadores fue una banda de punk rock argentina, formada en Buenos Aires a principios de los a\u00f1os '80. Es una de las pioneras del g\u00e9nero en su pa\u00eds y es considerada como la primera que obtuvo repercusi\u00f3n masiva a nivel nacional y en Latinoamerica.\u00c9ste \u00e1lbum es un documento hist\u00f3rico, el primer registro en vivo de Los Violadores en Mayo 1981, titulado \"Represi\u00f3n\" como uno de los temas m\u00e1s significativos del primer \u00e1lbum de la banda, grabado en plena guerra de Malvinas y muy perseguidos por la censura, quiz\u00e1s sea \u00e9sta la m\u00e1xima expresi\u00f3n musical contra la dictadura en aquellos tiempos.","robots":{"index":"index","follow":"follow","max-snippet":"max-snippet:-1","max-image-preview":"max-image-preview:large","max-video-preview":"max-video-preview:-1"},"canonical":"https:\/\/wpguerssen-test.odoo.rgbconsulting.com\/es\/producto\/represion-en-vivo-1981\/","og_locale":"es_ES","og_type":"article","og_title":"VIOLADORES, Los - Represi\u00f3n En Vivo 1981 -  (LP) | Guerssen","og_description":"Los Violadores fue una banda de punk rock argentina, formada en Buenos Aires a principios de los a\u00f1os '80. Es una de las pioneras del g\u00e9nero en su pa\u00eds y es considerada como la primera que obtuvo repercusi\u00f3n masiva a nivel nacional y en Latinoamerica.\u00c9ste \u00e1lbum es un documento hist\u00f3rico, el primer registro en vivo de Los Violadores en Mayo 1981, titulado \"Represi\u00f3n\" como uno de los temas m\u00e1s significativos del primer \u00e1lbum de la banda, grabado en plena guerra de Malvinas y muy perseguidos por la censura, quiz\u00e1s sea \u00e9sta la m\u00e1xima expresi\u00f3n musical contra la dictadura en aquellos tiempos.","og_url":"https:\/\/wpguerssen-test.odoo.rgbconsulting.com\/es\/producto\/represion-en-vivo-1981\/","og_site_name":"Guerssen records","article_modified_time":"2024-09-26T16:25:54+00:00","og_image":[{"width":497,"height":500,"url":"https:\/\/wpguerssen-test.odoo.rgbconsulting.com\/wp-content\/uploads\/2023\/11\/41716.jpg","type":"image\/jpeg"}],"twitter_card":"summary_large_image","twitter_title":"VIOLADORES, Los - Represi\u00f3n En Vivo 1981 -  (LP) | Guerssen","schema":{"@context":"https:\/\/schema.org","@graph":[{"@type":"WebPage","@id":"https:\/\/wpguerssen-test.odoo.rgbconsulting.com\/es\/producto\/represion-en-vivo-1981\/","url":"https:\/\/wpguerssen-test.odoo.rgbconsulting.com\/es\/producto\/represion-en-vivo-1981\/","name":"VIOLADORES, Los - Represi\u00f3n En Vivo 1981 - (LP) | Guerssen","isPartOf":{"@id":"https:\/\/wpguerssen-test.odoo.rgbconsulting.com\/es\/#website"},"primaryImageOfPage":{"@id":"https:\/\/wpguerssen-test.odoo.rgbconsulting.com\/es\/producto\/represion-en-vivo-1981\/#primaryimage"},"image":{"@id":"https:\/\/wpguerssen-test.odoo.rgbconsulting.com\/es\/producto\/represion-en-vivo-1981\/#primaryimage"},"thumbnailUrl":"https:\/\/wpguerssen-test.odoo.rgbconsulting.com\/wp-content\/uploads\/2023\/11\/41716.jpg","datePublished":"2022-08-31T22:00:00+00:00","dateModified":"2024-09-26T16:25:54+00:00","description":"Los Violadores fue una banda de punk rock argentina, formada en Buenos Aires a principios de los a\u00f1os '80. Es una de las pioneras del g\u00e9nero en su pa\u00eds y es considerada como la primera que obtuvo repercusi\u00f3n masiva a nivel nacional y en Latinoamerica.\u00c9ste \u00e1lbum es un documento hist\u00f3rico, el primer registro en vivo de Los Violadores en Mayo 1981, titulado \"Represi\u00f3n\" como uno de los temas m\u00e1s significativos del primer \u00e1lbum de la banda, grabado en plena guerra de Malvinas y muy perseguidos por la censura, quiz\u00e1s sea \u00e9sta la m\u00e1xima expresi\u00f3n musical contra la dictadura en aquellos tiempos.","breadcrumb":{"@id":"https:\/\/wpguerssen-test.odoo.rgbconsulting.com\/es\/producto\/represion-en-vivo-1981\/#breadcrumb"},"inLanguage":"es","potentialAction":[{"@type":"ReadAction","target":["https:\/\/wpguerssen-test.odoo.rgbconsulting.com\/es\/producto\/represion-en-vivo-1981\/"]}]},{"@type":"ImageObject","inLanguage":"es","@id":"https:\/\/wpguerssen-test.odoo.rgbconsulting.com\/es\/producto\/represion-en-vivo-1981\/#primaryimage","url":"https:\/\/wpguerssen-test.odoo.rgbconsulting.com\/wp-content\/uploads\/2023\/11\/41716.jpg","contentUrl":"https:\/\/wpguerssen-test.odoo.rgbconsulting.com\/wp-content\/uploads\/2023\/11\/41716.jpg","width":497,"height":500,"caption":"Los - Represi\u00f3n En Vivo 1981 - PINHEAD RECORDS (LP) | Guerssen"},{"@type":"BreadcrumbList","@id":"https:\/\/wpguerssen-test.odoo.rgbconsulting.com\/es\/producto\/represion-en-vivo-1981\/#breadcrumb","itemListElement":[{"@type":"ListItem","position":1,"name":"Inicio","item":"https:\/\/wpguerssen-test.odoo.rgbconsulting.com\/es\/"},{"@type":"ListItem","position":2,"name":"Shop","item":"https:\/\/wpguerssen-test.odoo.rgbconsulting.com\/shop\/"},{"@type":"ListItem","position":3,"name":"Represi\u00f3n En Vivo 1981"}]},{"@type":"WebSite","@id":"https:\/\/wpguerssen-test.odoo.rgbconsulting.com\/es\/#website","url":"https:\/\/wpguerssen-test.odoo.rgbconsulting.com\/es\/","name":"Guerssen records","description":"psychedelia - progressive - folk - garage ","publisher":{"@id":"https:\/\/wpguerssen-test.odoo.rgbconsulting.com\/es\/#organization"},"potentialAction":[{"@type":"SearchAction","target":{"@type":"EntryPoint","urlTemplate":"https:\/\/wpguerssen-test.odoo.rgbconsulting.com\/es\/?s={search_term_string}"},"query-input":{"@type":"PropertyValueSpecification","valueRequired":true,"valueName":"search_term_string"}}],"inLanguage":"es"},{"@type":"Organization","@id":"https:\/\/wpguerssen-test.odoo.rgbconsulting.com\/es\/#organization","name":"Guerssen records","url":"https:\/\/wpguerssen-test.odoo.rgbconsulting.com\/es\/","logo":{"@type":"ImageObject","inLanguage":"es","@id":"https:\/\/wpguerssen-test.odoo.rgbconsulting.com\/es\/#\/schema\/logo\/image\/","url":"https:\/\/wpguerssen-test.odoo.rgbconsulting.com\/wp-content\/uploads\/2022\/04\/Logo_Guerssen_trans_100.png","contentUrl":"https:\/\/wpguerssen-test.odoo.rgbconsulting.com\/wp-content\/uploads\/2022\/04\/Logo_Guerssen_trans_100.png","width":122,"height":100,"caption":"Guerssen records"},"image":{"@id":"https:\/\/wpguerssen-test.odoo.rgbconsulting.com\/es\/#\/schema\/logo\/image\/"}}]}},"_links":{"self":[{"href":"https:\/\/wpguerssen-test.odoo.rgbconsulting.com\/es\/wp-json\/wp\/v2\/product\/217185","targetHints":{"allow":["GET"]}}],"collection":[{"href":"https:\/\/wpguerssen-test.odoo.rgbconsulting.com\/es\/wp-json\/wp\/v2\/product"}],"about":[{"href":"https:\/\/wpguerssen-test.odoo.rgbconsulting.com\/es\/wp-json\/wp\/v2\/types\/product"}],"wp:featuredmedia":[{"embeddable":true,"href":"https:\/\/wpguerssen-test.odoo.rgbconsulting.com\/es\/wp-json\/wp\/v2\/media\/246379"}],"wp:attachment":[{"href":"https:\/\/wpguerssen-test.odoo.rgbconsulting.com\/es\/wp-json\/wp\/v2\/media?parent=217185"}],"wp:term":[{"taxonomy":"product_brand","embeddable":true,"href":"https:\/\/wpguerssen-test.odoo.rgbconsulting.com\/es\/wp-json\/wp\/v2\/product_brand?post=217185"},{"taxonomy":"product_cat","embeddable":true,"href":"https:\/\/wpguerssen-test.odoo.rgbconsulting.com\/es\/wp-json\/wp\/v2\/product_cat?post=217185"},{"taxonomy":"product_tag","embeddable":true,"href":"https:\/\/wpguerssen-test.odoo.rgbconsulting.com\/es\/wp-json\/wp\/v2\/product_tag?post=217185"}],"curies":[{"name":"wp","href":"https:\/\/api.w.org\/{rel}","templated":true}]}}