{"id":217257,"date":"2022-09-01T00:00:00","date_gmt":"2022-08-31T22:00:00","guid":{"rendered":"https:\/\/wpguerssen-test.odoo.rgbconsulting.com\/product\/tauhid\/"},"modified":"2025-01-30T16:51:56","modified_gmt":"2025-01-30T15:51:56","slug":"tauhid","status":"publish","type":"product","link":"https:\/\/wpguerssen-test.odoo.rgbconsulting.com\/es\/producto\/tauhid\/","title":{"rendered":"Tauhid"},"content":{"rendered":"<p>Grabado el 15 de noviembre de 1966 en Van Gelder Studios en New Jersey, Tauhid es uno de los \u00e1lbumes m\u00e1s ic\u00f3nicos del saxofonista tenor. En su debut con Impulse!, Sanders reuni\u00f3 una formaci\u00f3n extraordinaria, definiendo los l\u00edmites del llamado movimiento de jazz espiritual con Henry Grimes (bajo), Roger Blank (bater\u00eda), Sonny Sharrock (guitarra), Nat Bettis (percusi\u00f3n) y Dave Burrell (piano).<\/p>\n","protected":false},"excerpt":{"rendered":"<p>Grabado el 15 de noviembre de 1966 en Van Gelder Studios en New Jersey, Tauhid es uno de los \u00e1lbumes m\u00e1s ic\u00f3nicos del saxofonista tenor. En su debut con Impulse!,<a class=\"read\" href=\"https:\/\/wpguerssen-test.odoo.rgbconsulting.com\/es\/producto\/tauhid\/\"> (...)<\/a>","protected":false},"featured_media":217041,"template":"","meta":{"_acf_changed":false},"product_brand":[],"product_cat":[23227],"product_tag":[],"class_list":{"0":"post-217257","1":"product","2":"type-product","3":"status-publish","4":"has-post-thumbnail","6":"product_cat-jazz-es","7":"pa_artist-sanders-pharoah-es","8":"pa_format-lp-es","9":"pa_gender-jazz","10":"pa_label-audio-clarity-es","11":"pa_location-north-america-es","12":"pa_other-filters-vinyl-only-es","14":"first","15":"instock","16":"taxable","17":"shipping-taxable","18":"purchasable","19":"product-type-simple"},"acf":[],"yoast_head":"<!-- This site is optimized with the Yoast SEO plugin v24.9 - https:\/\/yoast.com\/wordpress\/plugins\/seo\/ -->\n<title>SANDERS, Pharoah - Tauhid -  (LP) | Guerssen<\/title>\n<meta name=\"description\" content=\"Recorded November 15, 1966 at Van Gelder Studios, Englewood Cliffs - New Jersey, Tauhid is one of the most iconic album recorded by the tenor saxophonist. On his debut for Impulse ! the leader assembled an extraordinary line-up, defining the boundaries of the so-called spiritual jazz movement. Henry Grimes (bass) Roger Blank (drums), Sonny Sharrock (guitar), Nat Bettis (percussion) and Dave Burrell (piano).\" \/>\n<meta name=\"robots\" content=\"index, follow, max-snippet:-1, max-image-preview:large, max-video-preview:-1\" \/>\n<link rel=\"canonical\" href=\"https:\/\/wpguerssen-test.odoo.rgbconsulting.com\/es\/producto\/tauhid\/\" \/>\n<meta property=\"og:locale\" content=\"es_ES\" \/>\n<meta property=\"og:type\" content=\"article\" \/>\n<meta property=\"og:title\" content=\"SANDERS, Pharoah - Tauhid -  (LP) | Guerssen\" \/>\n<meta property=\"og:description\" content=\"Recorded November 15, 1966 at Van Gelder Studios, Englewood Cliffs - New Jersey, Tauhid is one of the most iconic album recorded by the tenor saxophonist. On his debut for Impulse ! the leader assembled an extraordinary line-up, defining the boundaries of the so-called spiritual jazz movement. Henry Grimes (bass) Roger Blank (drums), Sonny Sharrock (guitar), Nat Bettis (percussion) and Dave Burrell (piano).\" \/>\n<meta property=\"og:url\" content=\"https:\/\/wpguerssen-test.odoo.rgbconsulting.com\/es\/producto\/tauhid\/\" \/>\n<meta property=\"og:site_name\" content=\"Guerssen records\" \/>\n<meta property=\"article:modified_time\" content=\"2025-01-30T15:51:56+00:00\" \/>\n<meta property=\"og:image\" content=\"https:\/\/wpguerssen-test.odoo.rgbconsulting.com\/wp-content\/uploads\/2022\/09\/41571.jpg\" \/>\n\t<meta property=\"og:image:width\" content=\"945\" \/>\n\t<meta property=\"og:image:height\" content=\"946\" \/>\n\t<meta property=\"og:image:type\" content=\"image\/jpeg\" \/>\n<meta name=\"twitter:card\" content=\"summary_large_image\" \/>\n<meta name=\"twitter:title\" content=\"SANDERS, Pharoah - Tauhid -  (LP) | Guerssen\" \/>\n<script type=\"application\/ld+json\" class=\"yoast-schema-graph\">{\"@context\":\"https:\/\/schema.org\",\"@graph\":[{\"@type\":\"WebPage\",\"@id\":\"https:\/\/wpguerssen-test.odoo.rgbconsulting.com\/es\/producto\/tauhid\/\",\"url\":\"https:\/\/wpguerssen-test.odoo.rgbconsulting.com\/es\/producto\/tauhid\/\",\"name\":\"SANDERS, Pharoah - Tauhid - (LP) | Guerssen\",\"isPartOf\":{\"@id\":\"https:\/\/wpguerssen-test.odoo.rgbconsulting.com\/es\/#website\"},\"primaryImageOfPage\":{\"@id\":\"https:\/\/wpguerssen-test.odoo.rgbconsulting.com\/es\/producto\/tauhid\/#primaryimage\"},\"image\":{\"@id\":\"https:\/\/wpguerssen-test.odoo.rgbconsulting.com\/es\/producto\/tauhid\/#primaryimage\"},\"thumbnailUrl\":\"https:\/\/wpguerssen-test.odoo.rgbconsulting.com\/wp-content\/uploads\/2022\/09\/41571.jpg\",\"datePublished\":\"2022-08-31T22:00:00+00:00\",\"dateModified\":\"2025-01-30T15:51:56+00:00\",\"description\":\"Recorded November 15, 1966 at Van Gelder Studios, Englewood Cliffs - New Jersey, Tauhid is one of the most iconic album recorded by the tenor saxophonist. On his debut for Impulse ! the leader assembled an extraordinary line-up, defining the boundaries of the so-called spiritual jazz movement. Henry Grimes (bass) Roger Blank (drums), Sonny Sharrock (guitar), Nat Bettis (percussion) and Dave Burrell (piano).\",\"breadcrumb\":{\"@id\":\"https:\/\/wpguerssen-test.odoo.rgbconsulting.com\/es\/producto\/tauhid\/#breadcrumb\"},\"inLanguage\":\"es\",\"potentialAction\":[{\"@type\":\"ReadAction\",\"target\":[\"https:\/\/wpguerssen-test.odoo.rgbconsulting.com\/es\/producto\/tauhid\/\"]}]},{\"@type\":\"ImageObject\",\"inLanguage\":\"es\",\"@id\":\"https:\/\/wpguerssen-test.odoo.rgbconsulting.com\/es\/producto\/tauhid\/#primaryimage\",\"url\":\"https:\/\/wpguerssen-test.odoo.rgbconsulting.com\/wp-content\/uploads\/2022\/09\/41571.jpg\",\"contentUrl\":\"https:\/\/wpguerssen-test.odoo.rgbconsulting.com\/wp-content\/uploads\/2022\/09\/41571.jpg\",\"width\":945,\"height\":946,\"caption\":\"Pharoah - Tauhid - AUDIO CLARITY (LP) | Guerssen\"},{\"@type\":\"BreadcrumbList\",\"@id\":\"https:\/\/wpguerssen-test.odoo.rgbconsulting.com\/es\/producto\/tauhid\/#breadcrumb\",\"itemListElement\":[{\"@type\":\"ListItem\",\"position\":1,\"name\":\"Inicio\",\"item\":\"https:\/\/wpguerssen-test.odoo.rgbconsulting.com\/es\/\"},{\"@type\":\"ListItem\",\"position\":2,\"name\":\"Shop\",\"item\":\"https:\/\/wpguerssen-test.odoo.rgbconsulting.com\/shop\/\"},{\"@type\":\"ListItem\",\"position\":3,\"name\":\"Tauhid\"}]},{\"@type\":\"WebSite\",\"@id\":\"https:\/\/wpguerssen-test.odoo.rgbconsulting.com\/es\/#website\",\"url\":\"https:\/\/wpguerssen-test.odoo.rgbconsulting.com\/es\/\",\"name\":\"Guerssen records\",\"description\":\"psychedelia - progressive - folk - garage \",\"publisher\":{\"@id\":\"https:\/\/wpguerssen-test.odoo.rgbconsulting.com\/es\/#organization\"},\"potentialAction\":[{\"@type\":\"SearchAction\",\"target\":{\"@type\":\"EntryPoint\",\"urlTemplate\":\"https:\/\/wpguerssen-test.odoo.rgbconsulting.com\/es\/?s={search_term_string}\"},\"query-input\":{\"@type\":\"PropertyValueSpecification\",\"valueRequired\":true,\"valueName\":\"search_term_string\"}}],\"inLanguage\":\"es\"},{\"@type\":\"Organization\",\"@id\":\"https:\/\/wpguerssen-test.odoo.rgbconsulting.com\/es\/#organization\",\"name\":\"Guerssen records\",\"url\":\"https:\/\/wpguerssen-test.odoo.rgbconsulting.com\/es\/\",\"logo\":{\"@type\":\"ImageObject\",\"inLanguage\":\"es\",\"@id\":\"https:\/\/wpguerssen-test.odoo.rgbconsulting.com\/es\/#\/schema\/logo\/image\/\",\"url\":\"https:\/\/wpguerssen-test.odoo.rgbconsulting.com\/wp-content\/uploads\/2022\/04\/Logo_Guerssen_trans_100.png\",\"contentUrl\":\"https:\/\/wpguerssen-test.odoo.rgbconsulting.com\/wp-content\/uploads\/2022\/04\/Logo_Guerssen_trans_100.png\",\"width\":122,\"height\":100,\"caption\":\"Guerssen records\"},\"image\":{\"@id\":\"https:\/\/wpguerssen-test.odoo.rgbconsulting.com\/es\/#\/schema\/logo\/image\/\"}}]}<\/script>\n<!-- \/ Yoast SEO plugin. -->","yoast_head_json":{"title":"SANDERS, Pharoah - Tauhid -  (LP) | Guerssen","description":"Recorded November 15, 1966 at Van Gelder Studios, Englewood Cliffs - New Jersey, Tauhid is one of the most iconic album recorded by the tenor saxophonist. On his debut for Impulse ! the leader assembled an extraordinary line-up, defining the boundaries of the so-called spiritual jazz movement. Henry Grimes (bass) Roger Blank (drums), Sonny Sharrock (guitar), Nat Bettis (percussion) and Dave Burrell (piano).","robots":{"index":"index","follow":"follow","max-snippet":"max-snippet:-1","max-image-preview":"max-image-preview:large","max-video-preview":"max-video-preview:-1"},"canonical":"https:\/\/wpguerssen-test.odoo.rgbconsulting.com\/es\/producto\/tauhid\/","og_locale":"es_ES","og_type":"article","og_title":"SANDERS, Pharoah - Tauhid -  (LP) | Guerssen","og_description":"Recorded November 15, 1966 at Van Gelder Studios, Englewood Cliffs - New Jersey, Tauhid is one of the most iconic album recorded by the tenor saxophonist. On his debut for Impulse ! the leader assembled an extraordinary line-up, defining the boundaries of the so-called spiritual jazz movement. Henry Grimes (bass) Roger Blank (drums), Sonny Sharrock (guitar), Nat Bettis (percussion) and Dave Burrell (piano).","og_url":"https:\/\/wpguerssen-test.odoo.rgbconsulting.com\/es\/producto\/tauhid\/","og_site_name":"Guerssen records","article_modified_time":"2025-01-30T15:51:56+00:00","og_image":[{"width":945,"height":946,"url":"https:\/\/wpguerssen-test.odoo.rgbconsulting.com\/wp-content\/uploads\/2022\/09\/41571.jpg","type":"image\/jpeg"}],"twitter_card":"summary_large_image","twitter_title":"SANDERS, Pharoah - Tauhid -  (LP) | Guerssen","schema":{"@context":"https:\/\/schema.org","@graph":[{"@type":"WebPage","@id":"https:\/\/wpguerssen-test.odoo.rgbconsulting.com\/es\/producto\/tauhid\/","url":"https:\/\/wpguerssen-test.odoo.rgbconsulting.com\/es\/producto\/tauhid\/","name":"SANDERS, Pharoah - Tauhid - (LP) | Guerssen","isPartOf":{"@id":"https:\/\/wpguerssen-test.odoo.rgbconsulting.com\/es\/#website"},"primaryImageOfPage":{"@id":"https:\/\/wpguerssen-test.odoo.rgbconsulting.com\/es\/producto\/tauhid\/#primaryimage"},"image":{"@id":"https:\/\/wpguerssen-test.odoo.rgbconsulting.com\/es\/producto\/tauhid\/#primaryimage"},"thumbnailUrl":"https:\/\/wpguerssen-test.odoo.rgbconsulting.com\/wp-content\/uploads\/2022\/09\/41571.jpg","datePublished":"2022-08-31T22:00:00+00:00","dateModified":"2025-01-30T15:51:56+00:00","description":"Recorded November 15, 1966 at Van Gelder Studios, Englewood Cliffs - New Jersey, Tauhid is one of the most iconic album recorded by the tenor saxophonist. On his debut for Impulse ! the leader assembled an extraordinary line-up, defining the boundaries of the so-called spiritual jazz movement. Henry Grimes (bass) Roger Blank (drums), Sonny Sharrock (guitar), Nat Bettis (percussion) and Dave Burrell (piano).","breadcrumb":{"@id":"https:\/\/wpguerssen-test.odoo.rgbconsulting.com\/es\/producto\/tauhid\/#breadcrumb"},"inLanguage":"es","potentialAction":[{"@type":"ReadAction","target":["https:\/\/wpguerssen-test.odoo.rgbconsulting.com\/es\/producto\/tauhid\/"]}]},{"@type":"ImageObject","inLanguage":"es","@id":"https:\/\/wpguerssen-test.odoo.rgbconsulting.com\/es\/producto\/tauhid\/#primaryimage","url":"https:\/\/wpguerssen-test.odoo.rgbconsulting.com\/wp-content\/uploads\/2022\/09\/41571.jpg","contentUrl":"https:\/\/wpguerssen-test.odoo.rgbconsulting.com\/wp-content\/uploads\/2022\/09\/41571.jpg","width":945,"height":946,"caption":"Pharoah - Tauhid - AUDIO CLARITY (LP) | Guerssen"},{"@type":"BreadcrumbList","@id":"https:\/\/wpguerssen-test.odoo.rgbconsulting.com\/es\/producto\/tauhid\/#breadcrumb","itemListElement":[{"@type":"ListItem","position":1,"name":"Inicio","item":"https:\/\/wpguerssen-test.odoo.rgbconsulting.com\/es\/"},{"@type":"ListItem","position":2,"name":"Shop","item":"https:\/\/wpguerssen-test.odoo.rgbconsulting.com\/shop\/"},{"@type":"ListItem","position":3,"name":"Tauhid"}]},{"@type":"WebSite","@id":"https:\/\/wpguerssen-test.odoo.rgbconsulting.com\/es\/#website","url":"https:\/\/wpguerssen-test.odoo.rgbconsulting.com\/es\/","name":"Guerssen records","description":"psychedelia - progressive - folk - garage ","publisher":{"@id":"https:\/\/wpguerssen-test.odoo.rgbconsulting.com\/es\/#organization"},"potentialAction":[{"@type":"SearchAction","target":{"@type":"EntryPoint","urlTemplate":"https:\/\/wpguerssen-test.odoo.rgbconsulting.com\/es\/?s={search_term_string}"},"query-input":{"@type":"PropertyValueSpecification","valueRequired":true,"valueName":"search_term_string"}}],"inLanguage":"es"},{"@type":"Organization","@id":"https:\/\/wpguerssen-test.odoo.rgbconsulting.com\/es\/#organization","name":"Guerssen records","url":"https:\/\/wpguerssen-test.odoo.rgbconsulting.com\/es\/","logo":{"@type":"ImageObject","inLanguage":"es","@id":"https:\/\/wpguerssen-test.odoo.rgbconsulting.com\/es\/#\/schema\/logo\/image\/","url":"https:\/\/wpguerssen-test.odoo.rgbconsulting.com\/wp-content\/uploads\/2022\/04\/Logo_Guerssen_trans_100.png","contentUrl":"https:\/\/wpguerssen-test.odoo.rgbconsulting.com\/wp-content\/uploads\/2022\/04\/Logo_Guerssen_trans_100.png","width":122,"height":100,"caption":"Guerssen records"},"image":{"@id":"https:\/\/wpguerssen-test.odoo.rgbconsulting.com\/es\/#\/schema\/logo\/image\/"}}]}},"_links":{"self":[{"href":"https:\/\/wpguerssen-test.odoo.rgbconsulting.com\/es\/wp-json\/wp\/v2\/product\/217257","targetHints":{"allow":["GET"]}}],"collection":[{"href":"https:\/\/wpguerssen-test.odoo.rgbconsulting.com\/es\/wp-json\/wp\/v2\/product"}],"about":[{"href":"https:\/\/wpguerssen-test.odoo.rgbconsulting.com\/es\/wp-json\/wp\/v2\/types\/product"}],"wp:featuredmedia":[{"embeddable":true,"href":"https:\/\/wpguerssen-test.odoo.rgbconsulting.com\/es\/wp-json\/wp\/v2\/media\/217041"}],"wp:attachment":[{"href":"https:\/\/wpguerssen-test.odoo.rgbconsulting.com\/es\/wp-json\/wp\/v2\/media?parent=217257"}],"wp:term":[{"taxonomy":"product_brand","embeddable":true,"href":"https:\/\/wpguerssen-test.odoo.rgbconsulting.com\/es\/wp-json\/wp\/v2\/product_brand?post=217257"},{"taxonomy":"product_cat","embeddable":true,"href":"https:\/\/wpguerssen-test.odoo.rgbconsulting.com\/es\/wp-json\/wp\/v2\/product_cat?post=217257"},{"taxonomy":"product_tag","embeddable":true,"href":"https:\/\/wpguerssen-test.odoo.rgbconsulting.com\/es\/wp-json\/wp\/v2\/product_tag?post=217257"}],"curies":[{"name":"wp","href":"https:\/\/api.w.org\/{rel}","templated":true}]}}