{"id":217423,"date":"2022-09-05T00:00:00","date_gmt":"2022-09-04T22:00:00","guid":{"rendered":"https:\/\/wpguerssen-test.odoo.rgbconsulting.com\/product\/cumbiamuffin-splatter-lp\/"},"modified":"2025-03-27T18:28:36","modified_gmt":"2025-03-27T17:28:36","slug":"cumbiamuffin-splatter-lp","status":"publish","type":"product","link":"https:\/\/wpguerssen-test.odoo.rgbconsulting.com\/es\/producto\/cumbiamuffin-splatter-lp\/","title":{"rendered":"Cumbiamuffin (Splatter LP)"},"content":{"rendered":"<p>Ritmos tropicales hipn\u00f3ticos e contagiosos con un toque de ragga de la principal orquesta de cumbia de Australia. Si te gustan Ondatr\u00f3pica, Frente Cumbiero, Ska Cubano y Lucho Berm\u00fadez, te encantar\u00e1 Cumbiamuffin. <\/p>\n<p> Era solo cuesti\u00f3n de tiempo que la cumbia golpear\u00e1 Australia. Despu\u00e9s de cobrar vida humildemente en la costa caribe\u00f1a de Colombia, este ritmo, y todo lo que representa: su multietnicidad, su pulso bailable, su resiliencia, serpente\u00f3 por las monta\u00f1as para llegar a las capitales urbanas de Colombia, Bogot\u00e1 y Medell\u00edn, que transmitieron el se\u00f1al a M\u00e9xico, Per\u00fa, Argentina&#8230; La cumbia viaj\u00f3, y dondequiera que aterriz\u00f3 se afianz\u00f3; Charles Mingus contact\u00f3 en los a\u00f1os 70, los mexicanos cruzaron la frontera de EE. UU. en los 80, Joe Strummer no se cansaba de ella y all\u00e1 donde aterriz\u00f3 ha demostrado su flexibilidad, su capacidad de adaptarse a nuevos entornos. Cumbiamuffin son el ejemplo perfecto de lo que sucede cuando la cumbia llega a un continente completamente diferente, se han convertido en la principal orquesta de cumbia de gran formato de Australia, ofreciendo un giro en el g\u00e9nero que nadie vio venir. Se inspiran en las tradiciones de las bandas de m\u00fasica de la cumbia, cuando el g\u00e9nero fue adoptado por las orquestas en la d\u00e9cada de 1940, inicio de su \u00e9poca dorada, pero no se quedan ah\u00ed, tambi\u00e9n miran m\u00e1s all\u00e1, a las big bands de M\u00e9xico y Per\u00fa, e incluso al Caribe, de ah\u00ed su nombre&#8230;Cumbiamuffin representa la contracci\u00f3n de dos estilos musicales que el grupo une a la perfecci\u00f3n en una grande experiencia vibrante y alegre: cumbia y raggamuffin reggae. <\/p>\n<p> Tracklist:<br \/>A1. Mocha del Barrio &#8211; A2. Planeando Ando &#8211; A3. Ritmo de Sinaloa &#8211; A4. La Promesa &#8211; A5. La Cabezona &#8211; A6. Salsipuedes<br \/>B1. Planeando Ando (Prince of Queens Deconstruction Remix) &#8211; B2. La Promesa (OYOBI Remix) &#8211; B3. La Cabezona (Rizomagic Remix) &#8211; B4. Ritmo de Sinaloa (SLP Turbo Sonidero Remix)<\/p>\n","protected":false},"excerpt":{"rendered":"<p>Ritmos tropicales hipn\u00f3ticos e contagiosos con un toque de ragga de la principal orquesta de cumbia de Australia. Si te gustan Ondatr\u00f3pica, Frente Cumbiero, Ska<a class=\"read\" href=\"https:\/\/wpguerssen-test.odoo.rgbconsulting.com\/es\/producto\/cumbiamuffin-splatter-lp\/\"> (...)<\/a>","protected":false},"featured_media":217414,"template":"","meta":{"_acf_changed":false},"product_brand":[],"product_cat":[23231],"product_tag":[29140],"class_list":{"0":"post-217423","1":"product","2":"type-product","3":"status-publish","4":"has-post-thumbnail","6":"product_cat-latin-brazilian-es","7":"product_tag-color-vinyl-es","8":"pa_artist-cumbiamuffin","9":"pa_format-lp-es","10":"pa_gender-latin-brazilian","11":"pa_label-sounds-and-colors","12":"pa_location-south-america-caribbean-es","13":"pa_other-filters-vinyl-only-es","15":"first","16":"instock","17":"taxable","18":"shipping-taxable","19":"purchasable","20":"product-type-simple"},"acf":[],"yoast_head":"<!-- This site is optimized with the Yoast SEO plugin v24.9 - https:\/\/yoast.com\/wordpress\/plugins\/seo\/ -->\n<title>CUMBIAMUFFIN - Cumbiamuffin (Splatter LP) -  (LP) | Guerssen<\/title>\n<meta name=\"robots\" content=\"index, follow, max-snippet:-1, max-image-preview:large, max-video-preview:-1\" \/>\n<link rel=\"canonical\" href=\"https:\/\/wpguerssen-test.odoo.rgbconsulting.com\/es\/producto\/cumbiamuffin-splatter-lp\/\" \/>\n<meta property=\"og:locale\" content=\"es_ES\" \/>\n<meta property=\"og:type\" content=\"article\" \/>\n<meta property=\"og:title\" content=\"CUMBIAMUFFIN - Cumbiamuffin (Splatter LP) -  (LP) | Guerssen\" \/>\n<meta property=\"og:description\" content=\"Ritmos tropicales hipn\u00f3ticos e contagiosos con un toque de ragga de la principal orquesta de cumbia de Australia. Si te gustan Ondatr\u00f3pica, Frente Cumbiero, Ska Cubano y Lucho Berm\u00fadez, te encantar\u00e1 Cumbiamuffin. \u00a0 Era solo cuesti\u00f3n de tiempo que la cumbia golpear\u00e1 Australia. Despu\u00e9s de cobrar vida humildemente en la costa caribe\u00f1a de Colombia, este ritmo, y todo lo que representa: su multietnicidad, su pulso bailable, su resiliencia, serpente\u00f3 por las monta\u00f1as para llegar a las capitales urbanas de Colombia, Bogot\u00e1 y Medell\u00edn, que transmitieron el se\u00f1al a M\u00e9xico, Per\u00fa, Argentina... La cumbia viaj\u00f3, y dondequiera que aterriz\u00f3 se afianz\u00f3; Charles Mingus contact\u00f3 en los a\u00f1os 70, los mexicanos cruzaron la frontera de EE. UU. en los 80, Joe Strummer no se cansaba de ella y all\u00e1 donde aterriz\u00f3 ha demostrado su flexibilidad, su capacidad de adaptarse a nuevos entornos. Cumbiamuffin son el ejemplo perfecto de lo que sucede cuando la cumbia llega a un continente completamente diferente, se han convertido en la principal orquesta de cumbia de gran formato de Australia, ofreciendo un giro en el g\u00e9nero que nadie vio venir. Se inspiran en las tradiciones de las bandas de m\u00fasica de la cumbia, cuando el g\u00e9nero fue adoptado por las orquestas en la d\u00e9cada de 1940, inicio de su \u00e9poca dorada, pero no se quedan ah\u00ed, tambi\u00e9n miran m\u00e1s all\u00e1, a las big bands de M\u00e9xico y Per\u00fa, e incluso al Caribe, de ah\u00ed su nombre...Cumbiamuffin representa la contracci\u00f3n de dos estilos musicales que el grupo une a la perfecci\u00f3n en una grande experiencia vibrante y alegre: cumbia y raggamuffin reggae. \u00a0 Tracklist:A1. Mocha del Barrio - A2. Planeando Ando - A3. Ritmo de Sinaloa - A4. La Promesa - A5. La Cabezona - A6. SalsipuedesB1. Planeando Ando (Prince of Queens Deconstruction Remix) - B2. La Promesa (OYOBI Remix) - B3. La Cabezona (Rizomagic Remix) - B4. Ritmo de Sinaloa (SLP Turbo Sonidero Remix)\" \/>\n<meta property=\"og:url\" content=\"https:\/\/wpguerssen-test.odoo.rgbconsulting.com\/es\/producto\/cumbiamuffin-splatter-lp\/\" \/>\n<meta property=\"og:site_name\" content=\"Guerssen records\" \/>\n<meta property=\"article:modified_time\" content=\"2025-03-27T17:28:36+00:00\" \/>\n<meta property=\"og:image\" content=\"https:\/\/wpguerssen-test.odoo.rgbconsulting.com\/wp-content\/uploads\/2022\/09\/41689.jpg\" \/>\n\t<meta property=\"og:image:width\" content=\"1080\" \/>\n\t<meta property=\"og:image:height\" content=\"1086\" \/>\n\t<meta property=\"og:image:type\" content=\"image\/jpeg\" \/>\n<meta name=\"twitter:card\" content=\"summary_large_image\" \/>\n<meta name=\"twitter:title\" content=\"CUMBIAMUFFIN - Cumbiamuffin (Splatter LP) -  (LP) | Guerssen\" \/>\n<meta name=\"twitter:label1\" content=\"Tiempo de lectura\" \/>\n\t<meta name=\"twitter:data1\" content=\"2 minutos\" \/>\n<script type=\"application\/ld+json\" class=\"yoast-schema-graph\">{\"@context\":\"https:\/\/schema.org\",\"@graph\":[{\"@type\":\"WebPage\",\"@id\":\"https:\/\/wpguerssen-test.odoo.rgbconsulting.com\/es\/producto\/cumbiamuffin-splatter-lp\/\",\"url\":\"https:\/\/wpguerssen-test.odoo.rgbconsulting.com\/es\/producto\/cumbiamuffin-splatter-lp\/\",\"name\":\"CUMBIAMUFFIN - Cumbiamuffin (Splatter LP) - (LP) | Guerssen\",\"isPartOf\":{\"@id\":\"https:\/\/wpguerssen-test.odoo.rgbconsulting.com\/es\/#website\"},\"primaryImageOfPage\":{\"@id\":\"https:\/\/wpguerssen-test.odoo.rgbconsulting.com\/es\/producto\/cumbiamuffin-splatter-lp\/#primaryimage\"},\"image\":{\"@id\":\"https:\/\/wpguerssen-test.odoo.rgbconsulting.com\/es\/producto\/cumbiamuffin-splatter-lp\/#primaryimage\"},\"thumbnailUrl\":\"https:\/\/wpguerssen-test.odoo.rgbconsulting.com\/wp-content\/uploads\/2022\/09\/41689.jpg\",\"datePublished\":\"2022-09-04T22:00:00+00:00\",\"dateModified\":\"2025-03-27T17:28:36+00:00\",\"breadcrumb\":{\"@id\":\"https:\/\/wpguerssen-test.odoo.rgbconsulting.com\/es\/producto\/cumbiamuffin-splatter-lp\/#breadcrumb\"},\"inLanguage\":\"es\",\"potentialAction\":[{\"@type\":\"ReadAction\",\"target\":[\"https:\/\/wpguerssen-test.odoo.rgbconsulting.com\/es\/producto\/cumbiamuffin-splatter-lp\/\"]}]},{\"@type\":\"ImageObject\",\"inLanguage\":\"es\",\"@id\":\"https:\/\/wpguerssen-test.odoo.rgbconsulting.com\/es\/producto\/cumbiamuffin-splatter-lp\/#primaryimage\",\"url\":\"https:\/\/wpguerssen-test.odoo.rgbconsulting.com\/wp-content\/uploads\/2022\/09\/41689.jpg\",\"contentUrl\":\"https:\/\/wpguerssen-test.odoo.rgbconsulting.com\/wp-content\/uploads\/2022\/09\/41689.jpg\",\"width\":1080,\"height\":1086},{\"@type\":\"BreadcrumbList\",\"@id\":\"https:\/\/wpguerssen-test.odoo.rgbconsulting.com\/es\/producto\/cumbiamuffin-splatter-lp\/#breadcrumb\",\"itemListElement\":[{\"@type\":\"ListItem\",\"position\":1,\"name\":\"Inicio\",\"item\":\"https:\/\/wpguerssen-test.odoo.rgbconsulting.com\/es\/\"},{\"@type\":\"ListItem\",\"position\":2,\"name\":\"Shop\",\"item\":\"https:\/\/wpguerssen-test.odoo.rgbconsulting.com\/shop\/\"},{\"@type\":\"ListItem\",\"position\":3,\"name\":\"Cumbiamuffin (Splatter LP)\"}]},{\"@type\":\"WebSite\",\"@id\":\"https:\/\/wpguerssen-test.odoo.rgbconsulting.com\/es\/#website\",\"url\":\"https:\/\/wpguerssen-test.odoo.rgbconsulting.com\/es\/\",\"name\":\"Guerssen records\",\"description\":\"psychedelia - progressive - folk - garage \",\"publisher\":{\"@id\":\"https:\/\/wpguerssen-test.odoo.rgbconsulting.com\/es\/#organization\"},\"potentialAction\":[{\"@type\":\"SearchAction\",\"target\":{\"@type\":\"EntryPoint\",\"urlTemplate\":\"https:\/\/wpguerssen-test.odoo.rgbconsulting.com\/es\/?s={search_term_string}\"},\"query-input\":{\"@type\":\"PropertyValueSpecification\",\"valueRequired\":true,\"valueName\":\"search_term_string\"}}],\"inLanguage\":\"es\"},{\"@type\":\"Organization\",\"@id\":\"https:\/\/wpguerssen-test.odoo.rgbconsulting.com\/es\/#organization\",\"name\":\"Guerssen records\",\"url\":\"https:\/\/wpguerssen-test.odoo.rgbconsulting.com\/es\/\",\"logo\":{\"@type\":\"ImageObject\",\"inLanguage\":\"es\",\"@id\":\"https:\/\/wpguerssen-test.odoo.rgbconsulting.com\/es\/#\/schema\/logo\/image\/\",\"url\":\"https:\/\/wpguerssen-test.odoo.rgbconsulting.com\/wp-content\/uploads\/2022\/04\/Logo_Guerssen_trans_100.png\",\"contentUrl\":\"https:\/\/wpguerssen-test.odoo.rgbconsulting.com\/wp-content\/uploads\/2022\/04\/Logo_Guerssen_trans_100.png\",\"width\":122,\"height\":100,\"caption\":\"Guerssen records\"},\"image\":{\"@id\":\"https:\/\/wpguerssen-test.odoo.rgbconsulting.com\/es\/#\/schema\/logo\/image\/\"}}]}<\/script>\n<!-- \/ Yoast SEO plugin. -->","yoast_head_json":{"title":"CUMBIAMUFFIN - Cumbiamuffin (Splatter LP) -  (LP) | Guerssen","robots":{"index":"index","follow":"follow","max-snippet":"max-snippet:-1","max-image-preview":"max-image-preview:large","max-video-preview":"max-video-preview:-1"},"canonical":"https:\/\/wpguerssen-test.odoo.rgbconsulting.com\/es\/producto\/cumbiamuffin-splatter-lp\/","og_locale":"es_ES","og_type":"article","og_title":"CUMBIAMUFFIN - Cumbiamuffin (Splatter LP) -  (LP) | Guerssen","og_description":"Ritmos tropicales hipn\u00f3ticos e contagiosos con un toque de ragga de la principal orquesta de cumbia de Australia. Si te gustan Ondatr\u00f3pica, Frente Cumbiero, Ska Cubano y Lucho Berm\u00fadez, te encantar\u00e1 Cumbiamuffin. \u00a0 Era solo cuesti\u00f3n de tiempo que la cumbia golpear\u00e1 Australia. Despu\u00e9s de cobrar vida humildemente en la costa caribe\u00f1a de Colombia, este ritmo, y todo lo que representa: su multietnicidad, su pulso bailable, su resiliencia, serpente\u00f3 por las monta\u00f1as para llegar a las capitales urbanas de Colombia, Bogot\u00e1 y Medell\u00edn, que transmitieron el se\u00f1al a M\u00e9xico, Per\u00fa, Argentina... La cumbia viaj\u00f3, y dondequiera que aterriz\u00f3 se afianz\u00f3; Charles Mingus contact\u00f3 en los a\u00f1os 70, los mexicanos cruzaron la frontera de EE. UU. en los 80, Joe Strummer no se cansaba de ella y all\u00e1 donde aterriz\u00f3 ha demostrado su flexibilidad, su capacidad de adaptarse a nuevos entornos. Cumbiamuffin son el ejemplo perfecto de lo que sucede cuando la cumbia llega a un continente completamente diferente, se han convertido en la principal orquesta de cumbia de gran formato de Australia, ofreciendo un giro en el g\u00e9nero que nadie vio venir. Se inspiran en las tradiciones de las bandas de m\u00fasica de la cumbia, cuando el g\u00e9nero fue adoptado por las orquestas en la d\u00e9cada de 1940, inicio de su \u00e9poca dorada, pero no se quedan ah\u00ed, tambi\u00e9n miran m\u00e1s all\u00e1, a las big bands de M\u00e9xico y Per\u00fa, e incluso al Caribe, de ah\u00ed su nombre...Cumbiamuffin representa la contracci\u00f3n de dos estilos musicales que el grupo une a la perfecci\u00f3n en una grande experiencia vibrante y alegre: cumbia y raggamuffin reggae. \u00a0 Tracklist:A1. Mocha del Barrio - A2. Planeando Ando - A3. Ritmo de Sinaloa - A4. La Promesa - A5. La Cabezona - A6. SalsipuedesB1. Planeando Ando (Prince of Queens Deconstruction Remix) - B2. La Promesa (OYOBI Remix) - B3. La Cabezona (Rizomagic Remix) - B4. Ritmo de Sinaloa (SLP Turbo Sonidero Remix)","og_url":"https:\/\/wpguerssen-test.odoo.rgbconsulting.com\/es\/producto\/cumbiamuffin-splatter-lp\/","og_site_name":"Guerssen records","article_modified_time":"2025-03-27T17:28:36+00:00","og_image":[{"width":1080,"height":1086,"url":"https:\/\/wpguerssen-test.odoo.rgbconsulting.com\/wp-content\/uploads\/2022\/09\/41689.jpg","type":"image\/jpeg"}],"twitter_card":"summary_large_image","twitter_title":"CUMBIAMUFFIN - Cumbiamuffin (Splatter LP) -  (LP) | Guerssen","twitter_misc":{"Tiempo de lectura":"2 minutos"},"schema":{"@context":"https:\/\/schema.org","@graph":[{"@type":"WebPage","@id":"https:\/\/wpguerssen-test.odoo.rgbconsulting.com\/es\/producto\/cumbiamuffin-splatter-lp\/","url":"https:\/\/wpguerssen-test.odoo.rgbconsulting.com\/es\/producto\/cumbiamuffin-splatter-lp\/","name":"CUMBIAMUFFIN - Cumbiamuffin (Splatter LP) - (LP) | Guerssen","isPartOf":{"@id":"https:\/\/wpguerssen-test.odoo.rgbconsulting.com\/es\/#website"},"primaryImageOfPage":{"@id":"https:\/\/wpguerssen-test.odoo.rgbconsulting.com\/es\/producto\/cumbiamuffin-splatter-lp\/#primaryimage"},"image":{"@id":"https:\/\/wpguerssen-test.odoo.rgbconsulting.com\/es\/producto\/cumbiamuffin-splatter-lp\/#primaryimage"},"thumbnailUrl":"https:\/\/wpguerssen-test.odoo.rgbconsulting.com\/wp-content\/uploads\/2022\/09\/41689.jpg","datePublished":"2022-09-04T22:00:00+00:00","dateModified":"2025-03-27T17:28:36+00:00","breadcrumb":{"@id":"https:\/\/wpguerssen-test.odoo.rgbconsulting.com\/es\/producto\/cumbiamuffin-splatter-lp\/#breadcrumb"},"inLanguage":"es","potentialAction":[{"@type":"ReadAction","target":["https:\/\/wpguerssen-test.odoo.rgbconsulting.com\/es\/producto\/cumbiamuffin-splatter-lp\/"]}]},{"@type":"ImageObject","inLanguage":"es","@id":"https:\/\/wpguerssen-test.odoo.rgbconsulting.com\/es\/producto\/cumbiamuffin-splatter-lp\/#primaryimage","url":"https:\/\/wpguerssen-test.odoo.rgbconsulting.com\/wp-content\/uploads\/2022\/09\/41689.jpg","contentUrl":"https:\/\/wpguerssen-test.odoo.rgbconsulting.com\/wp-content\/uploads\/2022\/09\/41689.jpg","width":1080,"height":1086},{"@type":"BreadcrumbList","@id":"https:\/\/wpguerssen-test.odoo.rgbconsulting.com\/es\/producto\/cumbiamuffin-splatter-lp\/#breadcrumb","itemListElement":[{"@type":"ListItem","position":1,"name":"Inicio","item":"https:\/\/wpguerssen-test.odoo.rgbconsulting.com\/es\/"},{"@type":"ListItem","position":2,"name":"Shop","item":"https:\/\/wpguerssen-test.odoo.rgbconsulting.com\/shop\/"},{"@type":"ListItem","position":3,"name":"Cumbiamuffin (Splatter LP)"}]},{"@type":"WebSite","@id":"https:\/\/wpguerssen-test.odoo.rgbconsulting.com\/es\/#website","url":"https:\/\/wpguerssen-test.odoo.rgbconsulting.com\/es\/","name":"Guerssen records","description":"psychedelia - progressive - folk - garage ","publisher":{"@id":"https:\/\/wpguerssen-test.odoo.rgbconsulting.com\/es\/#organization"},"potentialAction":[{"@type":"SearchAction","target":{"@type":"EntryPoint","urlTemplate":"https:\/\/wpguerssen-test.odoo.rgbconsulting.com\/es\/?s={search_term_string}"},"query-input":{"@type":"PropertyValueSpecification","valueRequired":true,"valueName":"search_term_string"}}],"inLanguage":"es"},{"@type":"Organization","@id":"https:\/\/wpguerssen-test.odoo.rgbconsulting.com\/es\/#organization","name":"Guerssen records","url":"https:\/\/wpguerssen-test.odoo.rgbconsulting.com\/es\/","logo":{"@type":"ImageObject","inLanguage":"es","@id":"https:\/\/wpguerssen-test.odoo.rgbconsulting.com\/es\/#\/schema\/logo\/image\/","url":"https:\/\/wpguerssen-test.odoo.rgbconsulting.com\/wp-content\/uploads\/2022\/04\/Logo_Guerssen_trans_100.png","contentUrl":"https:\/\/wpguerssen-test.odoo.rgbconsulting.com\/wp-content\/uploads\/2022\/04\/Logo_Guerssen_trans_100.png","width":122,"height":100,"caption":"Guerssen records"},"image":{"@id":"https:\/\/wpguerssen-test.odoo.rgbconsulting.com\/es\/#\/schema\/logo\/image\/"}}]}},"_links":{"self":[{"href":"https:\/\/wpguerssen-test.odoo.rgbconsulting.com\/es\/wp-json\/wp\/v2\/product\/217423","targetHints":{"allow":["GET"]}}],"collection":[{"href":"https:\/\/wpguerssen-test.odoo.rgbconsulting.com\/es\/wp-json\/wp\/v2\/product"}],"about":[{"href":"https:\/\/wpguerssen-test.odoo.rgbconsulting.com\/es\/wp-json\/wp\/v2\/types\/product"}],"wp:featuredmedia":[{"embeddable":true,"href":"https:\/\/wpguerssen-test.odoo.rgbconsulting.com\/es\/wp-json\/wp\/v2\/media\/217414"}],"wp:attachment":[{"href":"https:\/\/wpguerssen-test.odoo.rgbconsulting.com\/es\/wp-json\/wp\/v2\/media?parent=217423"}],"wp:term":[{"taxonomy":"product_brand","embeddable":true,"href":"https:\/\/wpguerssen-test.odoo.rgbconsulting.com\/es\/wp-json\/wp\/v2\/product_brand?post=217423"},{"taxonomy":"product_cat","embeddable":true,"href":"https:\/\/wpguerssen-test.odoo.rgbconsulting.com\/es\/wp-json\/wp\/v2\/product_cat?post=217423"},{"taxonomy":"product_tag","embeddable":true,"href":"https:\/\/wpguerssen-test.odoo.rgbconsulting.com\/es\/wp-json\/wp\/v2\/product_tag?post=217423"}],"curies":[{"name":"wp","href":"https:\/\/api.w.org\/{rel}","templated":true}]}}