{"id":217429,"date":"2024-03-08T00:00:00","date_gmt":"2024-03-07T23:00:00","guid":{"rendered":"https:\/\/wpguerssen-test.odoo.rgbconsulting.com\/product\/afro-discoteca-reworked-reloved-by-calibro-35-j\/"},"modified":"2024-03-08T12:17:07","modified_gmt":"2024-03-08T11:17:07","slug":"afro-discoteca-reworked-reloved-by-calibro-35-j","status":"publish","type":"product","link":"https:\/\/wpguerssen-test.odoo.rgbconsulting.com\/es\/producto\/afro-discoteca-reworked-reloved-by-calibro-35-j\/","title":{"rendered":"Afro Discoteca reworked &#038; reloved by Calibro 35, J"},"content":{"rendered":"<p>Marzo de 2017: &#8216;Afro Discoteca&#8217; de Alessandro Alessandroni se lanza en un explosivo disco de 12\u00bb que contiene 4 pistas c\u00f3smicas\/discotecas con influencias de la m\u00fasica africana; nunca antes publicadas. Estas grabaciones incre\u00edblemente poderosas y evocadoras fueron rescatadas de una vieja cinta polvorienta encontrada en las b\u00f3vedas del Maestro. .<br \/>El EP se convirti\u00f3 instant\u00e1neamente en un cl\u00e1sico para buscadores y creadores de tendencias de todo el mundo, llevando el nombre de Alessandroni a nuevas audiencias, mucho m\u00e1s all\u00e1 del c\u00edrculo de bandas sonoras de pel\u00edculas y aficionados a la m\u00fasica de biblioteca.<br \/>Marzo de 2019: Four Flies pregunta a una banda de rock (CALIBRO 35) y tres de los DJ y productores italianos m\u00e1s brillantes y visionarios (Jolly Mare, L.U.C.A., pAd) para reelaborar las pistas originales, d\u00e1ndoles una nueva vida para las refinadas pistas de baile modernas.<br \/>El resultado es una impresionante colecci\u00f3n de m\u00fasica electr\u00f3nica. \/cosmic\/balearic reworks, que respeta el esp\u00edritu de las composiciones de Alessandroni, proyect\u00e1ndolas a nuestro presente.<\/p>\n","protected":false},"excerpt":{"rendered":"<p>Marzo de 2017: &#8216;Afro Discoteca&#8217; de Alessandro Alessandroni se lanza en un explosivo disco de 12\u00bb que contiene 4 pistas c\u00f3smicas\/discotecas con influencias<a class=\"read\" href=\"https:\/\/wpguerssen-test.odoo.rgbconsulting.com\/es\/producto\/afro-discoteca-reworked-reloved-by-calibro-35-j\/\"> (...)<\/a>","protected":false},"featured_media":218376,"template":"","meta":{"_acf_changed":false},"product_brand":[],"product_cat":[23232,23265],"product_tag":[24185],"class_list":{"0":"post-217429","1":"product","2":"type-product","3":"status-publish","4":"has-post-thumbnail","6":"product_cat-library-music-lounge-es","7":"product_cat-disco-cosmic-italo-es","8":"product_tag-de-nuevo-en-existencia","9":"pa_artist-alessandroni-alessandro","10":"pa_format-maxi","11":"pa_gender-library-music-lounge-disco-cosmic-italo","12":"pa_label-four-flies","13":"pa_location-europe-es","14":"pa_other-filters-vinyl-only-es","16":"first","17":"instock","18":"taxable","19":"shipping-taxable","20":"purchasable","21":"product-type-simple"},"acf":[],"yoast_head":"<!-- This site is optimized with the Yoast SEO plugin v24.9 - https:\/\/yoast.com\/wordpress\/plugins\/seo\/ -->\n<title>ALESSANDRONI, Alessandro - Afro Discoteca reworked &amp; reloved by Calibro 35, J -  (MAXI) | Guerssen<\/title>\n<meta name=\"description\" content=\"March 2017: Alessandro Alessandroni&#039;s &#039;Afro Discoteca&#039; is released on a blasting 12&#039;&#039; containing 4 cosmic\/disco tracks drawing influences from African music - never published before these incredibly powerful and evocative recordings were rescued from an old dusty tape found in the Maestro&#039;s vaults.The EP became an instant classic for diggers and worldwide tastemakers, bringing the name of Alessandroni to new audiences, far beyond the circle of film scores and library music aficionados .March 2019: Four Flies asks to a rock band (CALIBRO 35) and three amongst the most brilliant and visionary Italian DJs and producers (Jolly Mare, L.U.C.A., pAd) to rework the original tracks, giving them new life for refined modern dancefloors.The result is a stunning collection of electronic\/cosmic\/balearic reworks, which respects the spirit of Alessandroni&#039;s compositions, projecting them into our present.\" \/>\n<meta name=\"robots\" content=\"index, follow, max-snippet:-1, max-image-preview:large, max-video-preview:-1\" \/>\n<link rel=\"canonical\" href=\"https:\/\/wpguerssen-test.odoo.rgbconsulting.com\/es\/producto\/afro-discoteca-reworked-reloved-by-calibro-35-j\/\" \/>\n<meta property=\"og:locale\" content=\"es_ES\" \/>\n<meta property=\"og:type\" content=\"article\" \/>\n<meta property=\"og:title\" content=\"ALESSANDRONI, Alessandro - Afro Discoteca reworked &amp; reloved by Calibro 35, J -  (MAXI) | Guerssen\" \/>\n<meta property=\"og:description\" content=\"March 2017: Alessandro Alessandroni&#039;s &#039;Afro Discoteca&#039; is released on a blasting 12&#039;&#039; containing 4 cosmic\/disco tracks drawing influences from African music - never published before these incredibly powerful and evocative recordings were rescued from an old dusty tape found in the Maestro&#039;s vaults.The EP became an instant classic for diggers and worldwide tastemakers, bringing the name of Alessandroni to new audiences, far beyond the circle of film scores and library music aficionados .March 2019: Four Flies asks to a rock band (CALIBRO 35) and three amongst the most brilliant and visionary Italian DJs and producers (Jolly Mare, L.U.C.A., pAd) to rework the original tracks, giving them new life for refined modern dancefloors.The result is a stunning collection of electronic\/cosmic\/balearic reworks, which respects the spirit of Alessandroni&#039;s compositions, projecting them into our present.\" \/>\n<meta property=\"og:url\" content=\"https:\/\/wpguerssen-test.odoo.rgbconsulting.com\/es\/producto\/afro-discoteca-reworked-reloved-by-calibro-35-j\/\" \/>\n<meta property=\"og:site_name\" content=\"Guerssen records\" \/>\n<meta property=\"article:modified_time\" content=\"2024-03-08T11:17:07+00:00\" \/>\n<meta property=\"og:image\" content=\"https:\/\/wpguerssen-test.odoo.rgbconsulting.com\/wp-content\/uploads\/2022\/09\/41728.jpg\" \/>\n\t<meta property=\"og:image:width\" content=\"1174\" \/>\n\t<meta property=\"og:image:height\" content=\"1200\" \/>\n\t<meta property=\"og:image:type\" content=\"image\/jpeg\" \/>\n<meta name=\"twitter:card\" content=\"summary_large_image\" \/>\n<meta name=\"twitter:title\" content=\"ALESSANDRONI, Alessandro - Afro Discoteca reworked &amp; reloved by Calibro 35, J -  (MAXI) | Guerssen\" \/>\n<meta name=\"twitter:label1\" content=\"Tiempo de lectura\" \/>\n\t<meta name=\"twitter:data1\" content=\"1 minuto\" \/>\n<script type=\"application\/ld+json\" class=\"yoast-schema-graph\">{\"@context\":\"https:\/\/schema.org\",\"@graph\":[{\"@type\":\"WebPage\",\"@id\":\"https:\/\/wpguerssen-test.odoo.rgbconsulting.com\/es\/producto\/afro-discoteca-reworked-reloved-by-calibro-35-j\/\",\"url\":\"https:\/\/wpguerssen-test.odoo.rgbconsulting.com\/es\/producto\/afro-discoteca-reworked-reloved-by-calibro-35-j\/\",\"name\":\"ALESSANDRONI, Alessandro - Afro Discoteca reworked & reloved by Calibro 35, J - (MAXI) | Guerssen\",\"isPartOf\":{\"@id\":\"https:\/\/wpguerssen-test.odoo.rgbconsulting.com\/es\/#website\"},\"primaryImageOfPage\":{\"@id\":\"https:\/\/wpguerssen-test.odoo.rgbconsulting.com\/es\/producto\/afro-discoteca-reworked-reloved-by-calibro-35-j\/#primaryimage\"},\"image\":{\"@id\":\"https:\/\/wpguerssen-test.odoo.rgbconsulting.com\/es\/producto\/afro-discoteca-reworked-reloved-by-calibro-35-j\/#primaryimage\"},\"thumbnailUrl\":\"https:\/\/wpguerssen-test.odoo.rgbconsulting.com\/wp-content\/uploads\/2022\/09\/41728.jpg\",\"datePublished\":\"2024-03-07T23:00:00+00:00\",\"dateModified\":\"2024-03-08T11:17:07+00:00\",\"description\":\"March 2017: Alessandro Alessandroni's 'Afro Discoteca' is released on a blasting 12'' containing 4 cosmic\/disco tracks drawing influences from African music - never published before these incredibly powerful and evocative recordings were rescued from an old dusty tape found in the Maestro's vaults.The EP became an instant classic for diggers and worldwide tastemakers, bringing the name of Alessandroni to new audiences, far beyond the circle of film scores and library music aficionados .March 2019: Four Flies asks to a rock band (CALIBRO 35) and three amongst the most brilliant and visionary Italian DJs and producers (Jolly Mare, L.U.C.A., pAd) to rework the original tracks, giving them new life for refined modern dancefloors.The result is a stunning collection of electronic\/cosmic\/balearic reworks, which respects the spirit of Alessandroni's compositions, projecting them into our present.\",\"breadcrumb\":{\"@id\":\"https:\/\/wpguerssen-test.odoo.rgbconsulting.com\/es\/producto\/afro-discoteca-reworked-reloved-by-calibro-35-j\/#breadcrumb\"},\"inLanguage\":\"es\",\"potentialAction\":[{\"@type\":\"ReadAction\",\"target\":[\"https:\/\/wpguerssen-test.odoo.rgbconsulting.com\/es\/producto\/afro-discoteca-reworked-reloved-by-calibro-35-j\/\"]}]},{\"@type\":\"ImageObject\",\"inLanguage\":\"es\",\"@id\":\"https:\/\/wpguerssen-test.odoo.rgbconsulting.com\/es\/producto\/afro-discoteca-reworked-reloved-by-calibro-35-j\/#primaryimage\",\"url\":\"https:\/\/wpguerssen-test.odoo.rgbconsulting.com\/wp-content\/uploads\/2022\/09\/41728.jpg\",\"contentUrl\":\"https:\/\/wpguerssen-test.odoo.rgbconsulting.com\/wp-content\/uploads\/2022\/09\/41728.jpg\",\"width\":1174,\"height\":1200,\"caption\":\"Alessandro - Afro Discoteca reworked & reloved by Calibro 35\"},{\"@type\":\"BreadcrumbList\",\"@id\":\"https:\/\/wpguerssen-test.odoo.rgbconsulting.com\/es\/producto\/afro-discoteca-reworked-reloved-by-calibro-35-j\/#breadcrumb\",\"itemListElement\":[{\"@type\":\"ListItem\",\"position\":1,\"name\":\"Inicio\",\"item\":\"https:\/\/wpguerssen-test.odoo.rgbconsulting.com\/es\/\"},{\"@type\":\"ListItem\",\"position\":2,\"name\":\"Shop\",\"item\":\"https:\/\/wpguerssen-test.odoo.rgbconsulting.com\/shop\/\"},{\"@type\":\"ListItem\",\"position\":3,\"name\":\"Afro Discoteca reworked &#038; reloved by Calibro 35, J\"}]},{\"@type\":\"WebSite\",\"@id\":\"https:\/\/wpguerssen-test.odoo.rgbconsulting.com\/es\/#website\",\"url\":\"https:\/\/wpguerssen-test.odoo.rgbconsulting.com\/es\/\",\"name\":\"Guerssen records\",\"description\":\"psychedelia - progressive - folk - garage \",\"publisher\":{\"@id\":\"https:\/\/wpguerssen-test.odoo.rgbconsulting.com\/es\/#organization\"},\"potentialAction\":[{\"@type\":\"SearchAction\",\"target\":{\"@type\":\"EntryPoint\",\"urlTemplate\":\"https:\/\/wpguerssen-test.odoo.rgbconsulting.com\/es\/?s={search_term_string}\"},\"query-input\":{\"@type\":\"PropertyValueSpecification\",\"valueRequired\":true,\"valueName\":\"search_term_string\"}}],\"inLanguage\":\"es\"},{\"@type\":\"Organization\",\"@id\":\"https:\/\/wpguerssen-test.odoo.rgbconsulting.com\/es\/#organization\",\"name\":\"Guerssen records\",\"url\":\"https:\/\/wpguerssen-test.odoo.rgbconsulting.com\/es\/\",\"logo\":{\"@type\":\"ImageObject\",\"inLanguage\":\"es\",\"@id\":\"https:\/\/wpguerssen-test.odoo.rgbconsulting.com\/es\/#\/schema\/logo\/image\/\",\"url\":\"https:\/\/wpguerssen-test.odoo.rgbconsulting.com\/wp-content\/uploads\/2022\/04\/Logo_Guerssen_trans_100.png\",\"contentUrl\":\"https:\/\/wpguerssen-test.odoo.rgbconsulting.com\/wp-content\/uploads\/2022\/04\/Logo_Guerssen_trans_100.png\",\"width\":122,\"height\":100,\"caption\":\"Guerssen records\"},\"image\":{\"@id\":\"https:\/\/wpguerssen-test.odoo.rgbconsulting.com\/es\/#\/schema\/logo\/image\/\"}}]}<\/script>\n<!-- \/ Yoast SEO plugin. -->","yoast_head_json":{"title":"ALESSANDRONI, Alessandro - Afro Discoteca reworked & reloved by Calibro 35, J -  (MAXI) | Guerssen","description":"March 2017: Alessandro Alessandroni's 'Afro Discoteca' is released on a blasting 12'' containing 4 cosmic\/disco tracks drawing influences from African music - never published before these incredibly powerful and evocative recordings were rescued from an old dusty tape found in the Maestro's vaults.The EP became an instant classic for diggers and worldwide tastemakers, bringing the name of Alessandroni to new audiences, far beyond the circle of film scores and library music aficionados .March 2019: Four Flies asks to a rock band (CALIBRO 35) and three amongst the most brilliant and visionary Italian DJs and producers (Jolly Mare, L.U.C.A., pAd) to rework the original tracks, giving them new life for refined modern dancefloors.The result is a stunning collection of electronic\/cosmic\/balearic reworks, which respects the spirit of Alessandroni's compositions, projecting them into our present.","robots":{"index":"index","follow":"follow","max-snippet":"max-snippet:-1","max-image-preview":"max-image-preview:large","max-video-preview":"max-video-preview:-1"},"canonical":"https:\/\/wpguerssen-test.odoo.rgbconsulting.com\/es\/producto\/afro-discoteca-reworked-reloved-by-calibro-35-j\/","og_locale":"es_ES","og_type":"article","og_title":"ALESSANDRONI, Alessandro - Afro Discoteca reworked & reloved by Calibro 35, J -  (MAXI) | Guerssen","og_description":"March 2017: Alessandro Alessandroni's 'Afro Discoteca' is released on a blasting 12'' containing 4 cosmic\/disco tracks drawing influences from African music - never published before these incredibly powerful and evocative recordings were rescued from an old dusty tape found in the Maestro's vaults.The EP became an instant classic for diggers and worldwide tastemakers, bringing the name of Alessandroni to new audiences, far beyond the circle of film scores and library music aficionados .March 2019: Four Flies asks to a rock band (CALIBRO 35) and three amongst the most brilliant and visionary Italian DJs and producers (Jolly Mare, L.U.C.A., pAd) to rework the original tracks, giving them new life for refined modern dancefloors.The result is a stunning collection of electronic\/cosmic\/balearic reworks, which respects the spirit of Alessandroni's compositions, projecting them into our present.","og_url":"https:\/\/wpguerssen-test.odoo.rgbconsulting.com\/es\/producto\/afro-discoteca-reworked-reloved-by-calibro-35-j\/","og_site_name":"Guerssen records","article_modified_time":"2024-03-08T11:17:07+00:00","og_image":[{"width":1174,"height":1200,"url":"https:\/\/wpguerssen-test.odoo.rgbconsulting.com\/wp-content\/uploads\/2022\/09\/41728.jpg","type":"image\/jpeg"}],"twitter_card":"summary_large_image","twitter_title":"ALESSANDRONI, Alessandro - Afro Discoteca reworked & reloved by Calibro 35, J -  (MAXI) | Guerssen","twitter_misc":{"Tiempo de lectura":"1 minuto"},"schema":{"@context":"https:\/\/schema.org","@graph":[{"@type":"WebPage","@id":"https:\/\/wpguerssen-test.odoo.rgbconsulting.com\/es\/producto\/afro-discoteca-reworked-reloved-by-calibro-35-j\/","url":"https:\/\/wpguerssen-test.odoo.rgbconsulting.com\/es\/producto\/afro-discoteca-reworked-reloved-by-calibro-35-j\/","name":"ALESSANDRONI, Alessandro - Afro Discoteca reworked & reloved by Calibro 35, J - (MAXI) | Guerssen","isPartOf":{"@id":"https:\/\/wpguerssen-test.odoo.rgbconsulting.com\/es\/#website"},"primaryImageOfPage":{"@id":"https:\/\/wpguerssen-test.odoo.rgbconsulting.com\/es\/producto\/afro-discoteca-reworked-reloved-by-calibro-35-j\/#primaryimage"},"image":{"@id":"https:\/\/wpguerssen-test.odoo.rgbconsulting.com\/es\/producto\/afro-discoteca-reworked-reloved-by-calibro-35-j\/#primaryimage"},"thumbnailUrl":"https:\/\/wpguerssen-test.odoo.rgbconsulting.com\/wp-content\/uploads\/2022\/09\/41728.jpg","datePublished":"2024-03-07T23:00:00+00:00","dateModified":"2024-03-08T11:17:07+00:00","description":"March 2017: Alessandro Alessandroni's 'Afro Discoteca' is released on a blasting 12'' containing 4 cosmic\/disco tracks drawing influences from African music - never published before these incredibly powerful and evocative recordings were rescued from an old dusty tape found in the Maestro's vaults.The EP became an instant classic for diggers and worldwide tastemakers, bringing the name of Alessandroni to new audiences, far beyond the circle of film scores and library music aficionados .March 2019: Four Flies asks to a rock band (CALIBRO 35) and three amongst the most brilliant and visionary Italian DJs and producers (Jolly Mare, L.U.C.A., pAd) to rework the original tracks, giving them new life for refined modern dancefloors.The result is a stunning collection of electronic\/cosmic\/balearic reworks, which respects the spirit of Alessandroni's compositions, projecting them into our present.","breadcrumb":{"@id":"https:\/\/wpguerssen-test.odoo.rgbconsulting.com\/es\/producto\/afro-discoteca-reworked-reloved-by-calibro-35-j\/#breadcrumb"},"inLanguage":"es","potentialAction":[{"@type":"ReadAction","target":["https:\/\/wpguerssen-test.odoo.rgbconsulting.com\/es\/producto\/afro-discoteca-reworked-reloved-by-calibro-35-j\/"]}]},{"@type":"ImageObject","inLanguage":"es","@id":"https:\/\/wpguerssen-test.odoo.rgbconsulting.com\/es\/producto\/afro-discoteca-reworked-reloved-by-calibro-35-j\/#primaryimage","url":"https:\/\/wpguerssen-test.odoo.rgbconsulting.com\/wp-content\/uploads\/2022\/09\/41728.jpg","contentUrl":"https:\/\/wpguerssen-test.odoo.rgbconsulting.com\/wp-content\/uploads\/2022\/09\/41728.jpg","width":1174,"height":1200,"caption":"Alessandro - Afro Discoteca reworked & reloved by Calibro 35"},{"@type":"BreadcrumbList","@id":"https:\/\/wpguerssen-test.odoo.rgbconsulting.com\/es\/producto\/afro-discoteca-reworked-reloved-by-calibro-35-j\/#breadcrumb","itemListElement":[{"@type":"ListItem","position":1,"name":"Inicio","item":"https:\/\/wpguerssen-test.odoo.rgbconsulting.com\/es\/"},{"@type":"ListItem","position":2,"name":"Shop","item":"https:\/\/wpguerssen-test.odoo.rgbconsulting.com\/shop\/"},{"@type":"ListItem","position":3,"name":"Afro Discoteca reworked &#038; reloved by Calibro 35, J"}]},{"@type":"WebSite","@id":"https:\/\/wpguerssen-test.odoo.rgbconsulting.com\/es\/#website","url":"https:\/\/wpguerssen-test.odoo.rgbconsulting.com\/es\/","name":"Guerssen records","description":"psychedelia - progressive - folk - garage ","publisher":{"@id":"https:\/\/wpguerssen-test.odoo.rgbconsulting.com\/es\/#organization"},"potentialAction":[{"@type":"SearchAction","target":{"@type":"EntryPoint","urlTemplate":"https:\/\/wpguerssen-test.odoo.rgbconsulting.com\/es\/?s={search_term_string}"},"query-input":{"@type":"PropertyValueSpecification","valueRequired":true,"valueName":"search_term_string"}}],"inLanguage":"es"},{"@type":"Organization","@id":"https:\/\/wpguerssen-test.odoo.rgbconsulting.com\/es\/#organization","name":"Guerssen records","url":"https:\/\/wpguerssen-test.odoo.rgbconsulting.com\/es\/","logo":{"@type":"ImageObject","inLanguage":"es","@id":"https:\/\/wpguerssen-test.odoo.rgbconsulting.com\/es\/#\/schema\/logo\/image\/","url":"https:\/\/wpguerssen-test.odoo.rgbconsulting.com\/wp-content\/uploads\/2022\/04\/Logo_Guerssen_trans_100.png","contentUrl":"https:\/\/wpguerssen-test.odoo.rgbconsulting.com\/wp-content\/uploads\/2022\/04\/Logo_Guerssen_trans_100.png","width":122,"height":100,"caption":"Guerssen records"},"image":{"@id":"https:\/\/wpguerssen-test.odoo.rgbconsulting.com\/es\/#\/schema\/logo\/image\/"}}]}},"_links":{"self":[{"href":"https:\/\/wpguerssen-test.odoo.rgbconsulting.com\/es\/wp-json\/wp\/v2\/product\/217429","targetHints":{"allow":["GET"]}}],"collection":[{"href":"https:\/\/wpguerssen-test.odoo.rgbconsulting.com\/es\/wp-json\/wp\/v2\/product"}],"about":[{"href":"https:\/\/wpguerssen-test.odoo.rgbconsulting.com\/es\/wp-json\/wp\/v2\/types\/product"}],"wp:featuredmedia":[{"embeddable":true,"href":"https:\/\/wpguerssen-test.odoo.rgbconsulting.com\/es\/wp-json\/wp\/v2\/media\/218376"}],"wp:attachment":[{"href":"https:\/\/wpguerssen-test.odoo.rgbconsulting.com\/es\/wp-json\/wp\/v2\/media?parent=217429"}],"wp:term":[{"taxonomy":"product_brand","embeddable":true,"href":"https:\/\/wpguerssen-test.odoo.rgbconsulting.com\/es\/wp-json\/wp\/v2\/product_brand?post=217429"},{"taxonomy":"product_cat","embeddable":true,"href":"https:\/\/wpguerssen-test.odoo.rgbconsulting.com\/es\/wp-json\/wp\/v2\/product_cat?post=217429"},{"taxonomy":"product_tag","embeddable":true,"href":"https:\/\/wpguerssen-test.odoo.rgbconsulting.com\/es\/wp-json\/wp\/v2\/product_tag?post=217429"}],"curies":[{"name":"wp","href":"https:\/\/api.w.org\/{rel}","templated":true}]}}