{"id":217433,"date":"2022-09-20T00:00:00","date_gmt":"2022-09-19T22:00:00","guid":{"rendered":"https:\/\/wpguerssen-test.odoo.rgbconsulting.com\/product\/sangue-di-sbirro-pad-reworks\/"},"modified":"2024-02-21T12:23:34","modified_gmt":"2024-02-21T11:23:34","slug":"sangue-di-sbirro-pad-reworks","status":"publish","type":"product","link":"https:\/\/wpguerssen-test.odoo.rgbconsulting.com\/es\/producto\/sangue-di-sbirro-pad-reworks\/","title":{"rendered":"Sangue di Sbirro | pAd reworks"},"content":{"rendered":"<p>La \u00faltima entrega de la serie de vinilos de 12 pulgadas exclusiva de Four Flies para DJ presenta al productor napolitano pAd dando un giro de pista de baile a \u00abManhattan\u00bb y \u00abPhiladelphia\u00bb, ambos de la banda sonora de Alessandro Alessandroni a Sangue di Sbirro de Alfonso Brescia (tambi\u00e9n conocido como Knell , Bloody Avenger, 1976), una partitura de pulp\/noir que encarna perfectamente la versi\u00f3n de Alessandroni del enfoque italiano de blaxploitation (el tema principal est\u00e1 claramente inspirado en la m\u00fasica de Isaac Hayes para Shaft).<br \/>pAd le da a cada original de Alessandroni el doble tratamiento, con una versi\u00f3n \u00abdaylight\u00bb y una \u00abnightclub\u00bb. Su \u00abManhattan\u00bb diurno combina disco-funk con elementos de electro de los 80, mientras que su club nocturno es m\u00e1s abiertamente nu-disco\/nu-soul e incorpora sonidos de hip-hop y jazz-funk. A su vez, \u00abPhiladelphia\u00bb se reelabora en una pista downtempo delicada y conmovedora (discoteca), as\u00ed como en una versi\u00f3n dub\/leftfield y funk lento con una pizca de influencias \u00e1rabes (luz diurna).<br \/>Las reelaboraciones brillantes de pAd respetan plenamente el esp\u00edritu de los originales mientras les da nueva vida en el presente, donde la m\u00fasica de un genio como Alessandroni finalmente est\u00e1 recibiendo el reconocimiento que merece.<\/p>\n","protected":false},"excerpt":{"rendered":"<p>La \u00faltima entrega de la serie de vinilos de 12 pulgadas exclusiva de Four Flies para DJ presenta al productor napolitano pAd dando un giro de pista de baile a \u00abManhattan\u00bb<a class=\"read\" href=\"https:\/\/wpguerssen-test.odoo.rgbconsulting.com\/es\/producto\/sangue-di-sbirro-pad-reworks\/\"> (...)<\/a>","protected":false},"featured_media":218380,"template":"","meta":{"_acf_changed":false},"product_brand":[],"product_cat":[21641],"product_tag":[],"class_list":{"0":"post-217433","1":"product","2":"type-product","3":"status-publish","4":"has-post-thumbnail","6":"product_cat-soundtracks-es","7":"pa_artist-alessandroni-alessandro","8":"pa_format-maxi","9":"pa_gender-soundtracks","10":"pa_label-four-flies","11":"pa_location-europe-es","12":"pa_other-filters-vinyl-only-es","14":"first","15":"instock","16":"taxable","17":"shipping-taxable","18":"purchasable","19":"product-type-simple"},"acf":[],"yoast_head":"<!-- This site is optimized with the Yoast SEO plugin v24.9 - https:\/\/yoast.com\/wordpress\/plugins\/seo\/ -->\n<title>ALESSANDRONI, Alessandro - Sangue di Sbirro | pAd reworks -  (MAXI) | Guerssen<\/title>\n<meta name=\"description\" content=\"The latest installment of Four Flies&#039; exclusive 12-inch vinyl series for DJs features Neapolitan-born producer pAd putting a dance-floor spin on &quot;Manhattan&quot; and &quot;Philadelphia&quot;, both from Alessandro Alessandroni&#039;s soundtrack to Alfonso Brescia&#039;s Sangue di Sbirro (aka Knell, Bloody Avenger, 1976), a pulp\/noir score that perfectly embodies Alessandroni&#039;s take on the Italian approach to blaxploitation (the main theme is clearly inspired by Isaac Hayes&#039;s music for Shaft).pAd gives each Alessandroni original the double treatment, with a &quot;daylight&quot; and a &quot;nightclub&quot; version. His daylight &quot;Manhattan&quot; combines disco-funk with elements of 80s electro, while his nightclub one is more openly nu-disco\/nu-soul and incorporates hip-hop and jazz-funk sounds. In its turn, &quot;Philadelphia&quot; is reworked into a delicate, soulful downtempo track (nightclub), as well as into a dub\/leftfield &amp; slow funk version with a sprinkling of Arab influences (daylight).pAd&#039;s brilliant reworks fully respect the spirit of the originals while giving them new life in the present, where the music of a genius like Alessandroni is finally getting the recognition it deserves.\" \/>\n<meta name=\"robots\" content=\"index, follow, max-snippet:-1, max-image-preview:large, max-video-preview:-1\" \/>\n<link rel=\"canonical\" href=\"https:\/\/wpguerssen-test.odoo.rgbconsulting.com\/es\/producto\/sangue-di-sbirro-pad-reworks\/\" \/>\n<meta property=\"og:locale\" content=\"es_ES\" \/>\n<meta property=\"og:type\" content=\"article\" \/>\n<meta property=\"og:title\" content=\"ALESSANDRONI, Alessandro - Sangue di Sbirro | pAd reworks -  (MAXI) | Guerssen\" \/>\n<meta property=\"og:description\" content=\"The latest installment of Four Flies&#039; exclusive 12-inch vinyl series for DJs features Neapolitan-born producer pAd putting a dance-floor spin on &quot;Manhattan&quot; and &quot;Philadelphia&quot;, both from Alessandro Alessandroni&#039;s soundtrack to Alfonso Brescia&#039;s Sangue di Sbirro (aka Knell, Bloody Avenger, 1976), a pulp\/noir score that perfectly embodies Alessandroni&#039;s take on the Italian approach to blaxploitation (the main theme is clearly inspired by Isaac Hayes&#039;s music for Shaft).pAd gives each Alessandroni original the double treatment, with a &quot;daylight&quot; and a &quot;nightclub&quot; version. His daylight &quot;Manhattan&quot; combines disco-funk with elements of 80s electro, while his nightclub one is more openly nu-disco\/nu-soul and incorporates hip-hop and jazz-funk sounds. In its turn, &quot;Philadelphia&quot; is reworked into a delicate, soulful downtempo track (nightclub), as well as into a dub\/leftfield &amp; slow funk version with a sprinkling of Arab influences (daylight).pAd&#039;s brilliant reworks fully respect the spirit of the originals while giving them new life in the present, where the music of a genius like Alessandroni is finally getting the recognition it deserves.\" \/>\n<meta property=\"og:url\" content=\"https:\/\/wpguerssen-test.odoo.rgbconsulting.com\/es\/producto\/sangue-di-sbirro-pad-reworks\/\" \/>\n<meta property=\"og:site_name\" content=\"Guerssen records\" \/>\n<meta property=\"article:modified_time\" content=\"2024-02-21T11:23:34+00:00\" \/>\n<meta property=\"og:image\" content=\"https:\/\/wpguerssen-test.odoo.rgbconsulting.com\/wp-content\/uploads\/2022\/09\/41732-1024x1024.png\" \/>\n\t<meta property=\"og:image:width\" content=\"1024\" \/>\n\t<meta property=\"og:image:height\" content=\"1024\" \/>\n\t<meta property=\"og:image:type\" content=\"image\/png\" \/>\n<meta name=\"twitter:card\" content=\"summary_large_image\" \/>\n<meta name=\"twitter:title\" content=\"ALESSANDRONI, Alessandro - Sangue di Sbirro | pAd reworks -  (MAXI) | Guerssen\" \/>\n<meta name=\"twitter:label1\" content=\"Tiempo de lectura\" \/>\n\t<meta name=\"twitter:data1\" content=\"1 minuto\" \/>\n<script type=\"application\/ld+json\" class=\"yoast-schema-graph\">{\"@context\":\"https:\/\/schema.org\",\"@graph\":[{\"@type\":\"WebPage\",\"@id\":\"https:\/\/wpguerssen-test.odoo.rgbconsulting.com\/es\/producto\/sangue-di-sbirro-pad-reworks\/\",\"url\":\"https:\/\/wpguerssen-test.odoo.rgbconsulting.com\/es\/producto\/sangue-di-sbirro-pad-reworks\/\",\"name\":\"ALESSANDRONI, Alessandro - Sangue di Sbirro | pAd reworks - (MAXI) | Guerssen\",\"isPartOf\":{\"@id\":\"https:\/\/wpguerssen-test.odoo.rgbconsulting.com\/es\/#website\"},\"primaryImageOfPage\":{\"@id\":\"https:\/\/wpguerssen-test.odoo.rgbconsulting.com\/es\/producto\/sangue-di-sbirro-pad-reworks\/#primaryimage\"},\"image\":{\"@id\":\"https:\/\/wpguerssen-test.odoo.rgbconsulting.com\/es\/producto\/sangue-di-sbirro-pad-reworks\/#primaryimage\"},\"thumbnailUrl\":\"https:\/\/wpguerssen-test.odoo.rgbconsulting.com\/wp-content\/uploads\/2022\/09\/41732.png\",\"datePublished\":\"2022-09-19T22:00:00+00:00\",\"dateModified\":\"2024-02-21T11:23:34+00:00\",\"description\":\"The latest installment of Four Flies' exclusive 12-inch vinyl series for DJs features Neapolitan-born producer pAd putting a dance-floor spin on \\\"Manhattan\\\" and \\\"Philadelphia\\\", both from Alessandro Alessandroni's soundtrack to Alfonso Brescia's Sangue di Sbirro (aka Knell, Bloody Avenger, 1976), a pulp\/noir score that perfectly embodies Alessandroni's take on the Italian approach to blaxploitation (the main theme is clearly inspired by Isaac Hayes's music for Shaft).pAd gives each Alessandroni original the double treatment, with a \\\"daylight\\\" and a \\\"nightclub\\\" version. His daylight \\\"Manhattan\\\" combines disco-funk with elements of 80s electro, while his nightclub one is more openly nu-disco\/nu-soul and incorporates hip-hop and jazz-funk sounds. In its turn, \\\"Philadelphia\\\" is reworked into a delicate, soulful downtempo track (nightclub), as well as into a dub\/leftfield & slow funk version with a sprinkling of Arab influences (daylight).pAd's brilliant reworks fully respect the spirit of the originals while giving them new life in the present, where the music of a genius like Alessandroni is finally getting the recognition it deserves.\",\"breadcrumb\":{\"@id\":\"https:\/\/wpguerssen-test.odoo.rgbconsulting.com\/es\/producto\/sangue-di-sbirro-pad-reworks\/#breadcrumb\"},\"inLanguage\":\"es\",\"potentialAction\":[{\"@type\":\"ReadAction\",\"target\":[\"https:\/\/wpguerssen-test.odoo.rgbconsulting.com\/es\/producto\/sangue-di-sbirro-pad-reworks\/\"]}]},{\"@type\":\"ImageObject\",\"inLanguage\":\"es\",\"@id\":\"https:\/\/wpguerssen-test.odoo.rgbconsulting.com\/es\/producto\/sangue-di-sbirro-pad-reworks\/#primaryimage\",\"url\":\"https:\/\/wpguerssen-test.odoo.rgbconsulting.com\/wp-content\/uploads\/2022\/09\/41732.png\",\"contentUrl\":\"https:\/\/wpguerssen-test.odoo.rgbconsulting.com\/wp-content\/uploads\/2022\/09\/41732.png\",\"width\":3000,\"height\":3000,\"caption\":\"ALESSANDRONI\"},{\"@type\":\"BreadcrumbList\",\"@id\":\"https:\/\/wpguerssen-test.odoo.rgbconsulting.com\/es\/producto\/sangue-di-sbirro-pad-reworks\/#breadcrumb\",\"itemListElement\":[{\"@type\":\"ListItem\",\"position\":1,\"name\":\"Inicio\",\"item\":\"https:\/\/wpguerssen-test.odoo.rgbconsulting.com\/es\/\"},{\"@type\":\"ListItem\",\"position\":2,\"name\":\"Shop\",\"item\":\"https:\/\/wpguerssen-test.odoo.rgbconsulting.com\/shop\/\"},{\"@type\":\"ListItem\",\"position\":3,\"name\":\"Sangue di Sbirro | pAd reworks\"}]},{\"@type\":\"WebSite\",\"@id\":\"https:\/\/wpguerssen-test.odoo.rgbconsulting.com\/es\/#website\",\"url\":\"https:\/\/wpguerssen-test.odoo.rgbconsulting.com\/es\/\",\"name\":\"Guerssen records\",\"description\":\"psychedelia - progressive - folk - garage \",\"publisher\":{\"@id\":\"https:\/\/wpguerssen-test.odoo.rgbconsulting.com\/es\/#organization\"},\"potentialAction\":[{\"@type\":\"SearchAction\",\"target\":{\"@type\":\"EntryPoint\",\"urlTemplate\":\"https:\/\/wpguerssen-test.odoo.rgbconsulting.com\/es\/?s={search_term_string}\"},\"query-input\":{\"@type\":\"PropertyValueSpecification\",\"valueRequired\":true,\"valueName\":\"search_term_string\"}}],\"inLanguage\":\"es\"},{\"@type\":\"Organization\",\"@id\":\"https:\/\/wpguerssen-test.odoo.rgbconsulting.com\/es\/#organization\",\"name\":\"Guerssen records\",\"url\":\"https:\/\/wpguerssen-test.odoo.rgbconsulting.com\/es\/\",\"logo\":{\"@type\":\"ImageObject\",\"inLanguage\":\"es\",\"@id\":\"https:\/\/wpguerssen-test.odoo.rgbconsulting.com\/es\/#\/schema\/logo\/image\/\",\"url\":\"https:\/\/wpguerssen-test.odoo.rgbconsulting.com\/wp-content\/uploads\/2022\/04\/Logo_Guerssen_trans_100.png\",\"contentUrl\":\"https:\/\/wpguerssen-test.odoo.rgbconsulting.com\/wp-content\/uploads\/2022\/04\/Logo_Guerssen_trans_100.png\",\"width\":122,\"height\":100,\"caption\":\"Guerssen records\"},\"image\":{\"@id\":\"https:\/\/wpguerssen-test.odoo.rgbconsulting.com\/es\/#\/schema\/logo\/image\/\"}}]}<\/script>\n<!-- \/ Yoast SEO plugin. -->","yoast_head_json":{"title":"ALESSANDRONI, Alessandro - Sangue di Sbirro | pAd reworks -  (MAXI) | Guerssen","description":"The latest installment of Four Flies' exclusive 12-inch vinyl series for DJs features Neapolitan-born producer pAd putting a dance-floor spin on \"Manhattan\" and \"Philadelphia\", both from Alessandro Alessandroni's soundtrack to Alfonso Brescia's Sangue di Sbirro (aka Knell, Bloody Avenger, 1976), a pulp\/noir score that perfectly embodies Alessandroni's take on the Italian approach to blaxploitation (the main theme is clearly inspired by Isaac Hayes's music for Shaft).pAd gives each Alessandroni original the double treatment, with a \"daylight\" and a \"nightclub\" version. His daylight \"Manhattan\" combines disco-funk with elements of 80s electro, while his nightclub one is more openly nu-disco\/nu-soul and incorporates hip-hop and jazz-funk sounds. In its turn, \"Philadelphia\" is reworked into a delicate, soulful downtempo track (nightclub), as well as into a dub\/leftfield & slow funk version with a sprinkling of Arab influences (daylight).pAd's brilliant reworks fully respect the spirit of the originals while giving them new life in the present, where the music of a genius like Alessandroni is finally getting the recognition it deserves.","robots":{"index":"index","follow":"follow","max-snippet":"max-snippet:-1","max-image-preview":"max-image-preview:large","max-video-preview":"max-video-preview:-1"},"canonical":"https:\/\/wpguerssen-test.odoo.rgbconsulting.com\/es\/producto\/sangue-di-sbirro-pad-reworks\/","og_locale":"es_ES","og_type":"article","og_title":"ALESSANDRONI, Alessandro - Sangue di Sbirro | pAd reworks -  (MAXI) | Guerssen","og_description":"The latest installment of Four Flies' exclusive 12-inch vinyl series for DJs features Neapolitan-born producer pAd putting a dance-floor spin on \"Manhattan\" and \"Philadelphia\", both from Alessandro Alessandroni's soundtrack to Alfonso Brescia's Sangue di Sbirro (aka Knell, Bloody Avenger, 1976), a pulp\/noir score that perfectly embodies Alessandroni's take on the Italian approach to blaxploitation (the main theme is clearly inspired by Isaac Hayes's music for Shaft).pAd gives each Alessandroni original the double treatment, with a \"daylight\" and a \"nightclub\" version. His daylight \"Manhattan\" combines disco-funk with elements of 80s electro, while his nightclub one is more openly nu-disco\/nu-soul and incorporates hip-hop and jazz-funk sounds. In its turn, \"Philadelphia\" is reworked into a delicate, soulful downtempo track (nightclub), as well as into a dub\/leftfield & slow funk version with a sprinkling of Arab influences (daylight).pAd's brilliant reworks fully respect the spirit of the originals while giving them new life in the present, where the music of a genius like Alessandroni is finally getting the recognition it deserves.","og_url":"https:\/\/wpguerssen-test.odoo.rgbconsulting.com\/es\/producto\/sangue-di-sbirro-pad-reworks\/","og_site_name":"Guerssen records","article_modified_time":"2024-02-21T11:23:34+00:00","og_image":[{"width":1024,"height":1024,"url":"https:\/\/wpguerssen-test.odoo.rgbconsulting.com\/wp-content\/uploads\/2022\/09\/41732-1024x1024.png","type":"image\/png"}],"twitter_card":"summary_large_image","twitter_title":"ALESSANDRONI, Alessandro - Sangue di Sbirro | pAd reworks -  (MAXI) | Guerssen","twitter_misc":{"Tiempo de lectura":"1 minuto"},"schema":{"@context":"https:\/\/schema.org","@graph":[{"@type":"WebPage","@id":"https:\/\/wpguerssen-test.odoo.rgbconsulting.com\/es\/producto\/sangue-di-sbirro-pad-reworks\/","url":"https:\/\/wpguerssen-test.odoo.rgbconsulting.com\/es\/producto\/sangue-di-sbirro-pad-reworks\/","name":"ALESSANDRONI, Alessandro - Sangue di Sbirro | pAd reworks - (MAXI) | Guerssen","isPartOf":{"@id":"https:\/\/wpguerssen-test.odoo.rgbconsulting.com\/es\/#website"},"primaryImageOfPage":{"@id":"https:\/\/wpguerssen-test.odoo.rgbconsulting.com\/es\/producto\/sangue-di-sbirro-pad-reworks\/#primaryimage"},"image":{"@id":"https:\/\/wpguerssen-test.odoo.rgbconsulting.com\/es\/producto\/sangue-di-sbirro-pad-reworks\/#primaryimage"},"thumbnailUrl":"https:\/\/wpguerssen-test.odoo.rgbconsulting.com\/wp-content\/uploads\/2022\/09\/41732.png","datePublished":"2022-09-19T22:00:00+00:00","dateModified":"2024-02-21T11:23:34+00:00","description":"The latest installment of Four Flies' exclusive 12-inch vinyl series for DJs features Neapolitan-born producer pAd putting a dance-floor spin on \"Manhattan\" and \"Philadelphia\", both from Alessandro Alessandroni's soundtrack to Alfonso Brescia's Sangue di Sbirro (aka Knell, Bloody Avenger, 1976), a pulp\/noir score that perfectly embodies Alessandroni's take on the Italian approach to blaxploitation (the main theme is clearly inspired by Isaac Hayes's music for Shaft).pAd gives each Alessandroni original the double treatment, with a \"daylight\" and a \"nightclub\" version. His daylight \"Manhattan\" combines disco-funk with elements of 80s electro, while his nightclub one is more openly nu-disco\/nu-soul and incorporates hip-hop and jazz-funk sounds. In its turn, \"Philadelphia\" is reworked into a delicate, soulful downtempo track (nightclub), as well as into a dub\/leftfield & slow funk version with a sprinkling of Arab influences (daylight).pAd's brilliant reworks fully respect the spirit of the originals while giving them new life in the present, where the music of a genius like Alessandroni is finally getting the recognition it deserves.","breadcrumb":{"@id":"https:\/\/wpguerssen-test.odoo.rgbconsulting.com\/es\/producto\/sangue-di-sbirro-pad-reworks\/#breadcrumb"},"inLanguage":"es","potentialAction":[{"@type":"ReadAction","target":["https:\/\/wpguerssen-test.odoo.rgbconsulting.com\/es\/producto\/sangue-di-sbirro-pad-reworks\/"]}]},{"@type":"ImageObject","inLanguage":"es","@id":"https:\/\/wpguerssen-test.odoo.rgbconsulting.com\/es\/producto\/sangue-di-sbirro-pad-reworks\/#primaryimage","url":"https:\/\/wpguerssen-test.odoo.rgbconsulting.com\/wp-content\/uploads\/2022\/09\/41732.png","contentUrl":"https:\/\/wpguerssen-test.odoo.rgbconsulting.com\/wp-content\/uploads\/2022\/09\/41732.png","width":3000,"height":3000,"caption":"ALESSANDRONI"},{"@type":"BreadcrumbList","@id":"https:\/\/wpguerssen-test.odoo.rgbconsulting.com\/es\/producto\/sangue-di-sbirro-pad-reworks\/#breadcrumb","itemListElement":[{"@type":"ListItem","position":1,"name":"Inicio","item":"https:\/\/wpguerssen-test.odoo.rgbconsulting.com\/es\/"},{"@type":"ListItem","position":2,"name":"Shop","item":"https:\/\/wpguerssen-test.odoo.rgbconsulting.com\/shop\/"},{"@type":"ListItem","position":3,"name":"Sangue di Sbirro | pAd reworks"}]},{"@type":"WebSite","@id":"https:\/\/wpguerssen-test.odoo.rgbconsulting.com\/es\/#website","url":"https:\/\/wpguerssen-test.odoo.rgbconsulting.com\/es\/","name":"Guerssen records","description":"psychedelia - progressive - folk - garage ","publisher":{"@id":"https:\/\/wpguerssen-test.odoo.rgbconsulting.com\/es\/#organization"},"potentialAction":[{"@type":"SearchAction","target":{"@type":"EntryPoint","urlTemplate":"https:\/\/wpguerssen-test.odoo.rgbconsulting.com\/es\/?s={search_term_string}"},"query-input":{"@type":"PropertyValueSpecification","valueRequired":true,"valueName":"search_term_string"}}],"inLanguage":"es"},{"@type":"Organization","@id":"https:\/\/wpguerssen-test.odoo.rgbconsulting.com\/es\/#organization","name":"Guerssen records","url":"https:\/\/wpguerssen-test.odoo.rgbconsulting.com\/es\/","logo":{"@type":"ImageObject","inLanguage":"es","@id":"https:\/\/wpguerssen-test.odoo.rgbconsulting.com\/es\/#\/schema\/logo\/image\/","url":"https:\/\/wpguerssen-test.odoo.rgbconsulting.com\/wp-content\/uploads\/2022\/04\/Logo_Guerssen_trans_100.png","contentUrl":"https:\/\/wpguerssen-test.odoo.rgbconsulting.com\/wp-content\/uploads\/2022\/04\/Logo_Guerssen_trans_100.png","width":122,"height":100,"caption":"Guerssen records"},"image":{"@id":"https:\/\/wpguerssen-test.odoo.rgbconsulting.com\/es\/#\/schema\/logo\/image\/"}}]}},"_links":{"self":[{"href":"https:\/\/wpguerssen-test.odoo.rgbconsulting.com\/es\/wp-json\/wp\/v2\/product\/217433","targetHints":{"allow":["GET"]}}],"collection":[{"href":"https:\/\/wpguerssen-test.odoo.rgbconsulting.com\/es\/wp-json\/wp\/v2\/product"}],"about":[{"href":"https:\/\/wpguerssen-test.odoo.rgbconsulting.com\/es\/wp-json\/wp\/v2\/types\/product"}],"wp:featuredmedia":[{"embeddable":true,"href":"https:\/\/wpguerssen-test.odoo.rgbconsulting.com\/es\/wp-json\/wp\/v2\/media\/218380"}],"wp:attachment":[{"href":"https:\/\/wpguerssen-test.odoo.rgbconsulting.com\/es\/wp-json\/wp\/v2\/media?parent=217433"}],"wp:term":[{"taxonomy":"product_brand","embeddable":true,"href":"https:\/\/wpguerssen-test.odoo.rgbconsulting.com\/es\/wp-json\/wp\/v2\/product_brand?post=217433"},{"taxonomy":"product_cat","embeddable":true,"href":"https:\/\/wpguerssen-test.odoo.rgbconsulting.com\/es\/wp-json\/wp\/v2\/product_cat?post=217433"},{"taxonomy":"product_tag","embeddable":true,"href":"https:\/\/wpguerssen-test.odoo.rgbconsulting.com\/es\/wp-json\/wp\/v2\/product_tag?post=217433"}],"curies":[{"name":"wp","href":"https:\/\/api.w.org\/{rel}","templated":true}]}}