{"id":217443,"date":"2022-09-28T00:00:00","date_gmt":"2022-09-27T22:00:00","guid":{"rendered":"https:\/\/wpguerssen-test.odoo.rgbconsulting.com\/product\/14-magnificos-bailables\/"},"modified":"2025-07-30T15:20:30","modified_gmt":"2025-07-30T13:20:30","slug":"14-magnificos-bailables","status":"publish","type":"product","link":"https:\/\/wpguerssen-test.odoo.rgbconsulting.com\/es\/producto\/14-magnificos-bailables\/","title":{"rendered":"14 Magn\u00edficos Bailables"},"content":{"rendered":"<p>Esta muestra compila 14 pistas tropicales para la pista de baile, todas tomadas de los archivos de los discos MAG de Per\u00fa, que incluyen de cumbias a descargas, de boogaloo a salsa. Canciones cl\u00e1sicas como &#8216;Arroz Con Coco&#8217; o &#8216;Aprieta (Oye Como Va)&#8217; y tambi\u00e9n grabaciones oscuras como la impactante &#8216;Ritmo Veregua&#8217; de Tito Chicoma o la totalmente desapercibida -grabada en Lima- &#8216;Mi Son Combinado &#8216; por la legendaria Orquesta Rev\u00e9 de Cuba. MAG cumplir\u00e1 70 a\u00f1os en 2023 y es un sello fundamental en la m\u00fasica peruana, enfocado principalmente en ritmos tropicales aunque su amplio cat\u00e1logo tambi\u00e9n incluye grabaciones de rock, pop y jazz. Esta recopilaci\u00f3n celebra la reciente incorporaci\u00f3n de Discos MAG a la familia Vampisoul, donde los mejores y m\u00e1s escurridizos t\u00edtulos del archivo MAG volver\u00e1n a estar disponibles. <\/p>\n<p> TRACKLIST LADO A 1. Los Avile\u00f1os &#8211; Cumbia Con Guitarra 2. Tito Chicoma Y Su Orquesta &#8211; Ritmo Veregua 3. Freddy Roland Y Su Orquesta &#8211; Arroz Con Coco 4. Silvestre Montez &#8211; El Diablo 5. Mita Y Su Monte Adentro &#8211; El Yoyo 6. Los Kintos &#8211; Tin Marin 7. Orquesta Rev\u00e9 &#8211; Mi Son Combinado LADO B 1. Poppy Y Sus Pira\u00f1as &#8211; Guayaba 2. Al Valdez &#8211; Aprieta 3. Sonora Casino &#8211; El Negro Javier 4. Germ\u00e1n Neciosup Y Su Orquesta &#8211; Casamiento No 5. La Sonora MAG &#8211; El Negro Bemb\u00f3n 6. \u00d1ico Estrada y Su Sonora &#8211; La Malanga 7. Melcochita y Karamanduka &#8211; Machu Picchu.<\/p>\n","protected":false},"excerpt":{"rendered":"<p>Esta muestra compila 14 pistas tropicales para la pista de baile, todas tomadas de los archivos de los discos MAG de Per\u00fa, que incluyen de cumbias a descargas, de<a class=\"read\" href=\"https:\/\/wpguerssen-test.odoo.rgbconsulting.com\/es\/producto\/14-magnificos-bailables\/\"> (...)<\/a>","protected":false},"featured_media":218742,"template":"","meta":{"_acf_changed":false},"product_brand":[],"product_cat":[23231],"product_tag":[],"class_list":{"0":"post-217443","1":"product","2":"type-product","3":"status-publish","4":"has-post-thumbnail","6":"product_cat-latin-brazilian-es","7":"pa_artist-various-artists-es","8":"pa_format-lp-es","9":"pa_gender-latin-brazilian","10":"pa_label-vampi-soul-es","11":"pa_location-south-america-caribbean-es","12":"pa_other-filters-vinyl-only-es","14":"first","15":"outofstock","16":"taxable","17":"shipping-taxable","18":"purchasable","19":"product-type-simple"},"acf":[],"yoast_head":"<!-- This site is optimized with the Yoast SEO plugin v24.9 - https:\/\/yoast.com\/wordpress\/plugins\/seo\/ -->\n<title>VARIOUS ARTISTS - 14 Magn\u00edficos Bailables -  (LP) | Guerssen<\/title>\n<meta name=\"description\" content=\"This sampler compiles 14 killer tropical tracks for the dance floor, all taken from the vaults of Peru&#039;s MAG records, including cumbias to descargas, boogaloo to salsa. Classic songs such as &#039;Arroz Con Coco&#039; or &#039;Aprieta (Oye Como Va),&#039; and also obscure recordings like the stunning &#039;Ritmo Veregua&#039; by Tito Chicoma or the totally under-the-radar -recorded in Lima- &#039;Mi Son Combinado&#039; by Cuba&#039;s legendary Orquesta Rev\u00e9. MAG will turn 70 in 2023 and is a pivotal label in Peruvian music, mainly focused on tropical rhythms although its extensive catalogue also includes rock, pop and jazz recordings. This compilation celebrates the recent addition of Discos MAG to the Vampisoul family, where the best and most elusive titles from the MAG archive will become available again. #nl# TRACKLIST SIDE A 1. Los Avile\u00f1os - Cumbia Con Guitarra 2. Tito Chicoma Y Su Orquesta - Ritmo Veregua 3. Freddy Roland Y Su Orquesta - Arroz Con Coco 4. Silvestre Montez - El Diablo 5. Mita Y Su Monte Adentro - El Yoyo 6. Los Kintos - Tin Marin 7. Orquesta Rev\u00e9 - Mi Son Combinado SIDE B 1. Poppy Y Sus Pira\u00f1as - Guayaba 2. Al Valdez - Aprieta 3. Sonora Casino - El Negro Javier 4. Germ\u00e1n Neciosup Y Su Orquesta - Casamiento No 5. La Sonora MAG - El Negro Bemb\u00f3n 6. \u00d1ico Estrada y Su Sonora - La Malanga 7. Melcochita y Karamanduka - Macchu Picchu.\" \/>\n<meta name=\"robots\" content=\"index, follow, max-snippet:-1, max-image-preview:large, max-video-preview:-1\" \/>\n<link rel=\"canonical\" href=\"https:\/\/wpguerssen-test.odoo.rgbconsulting.com\/es\/producto\/14-magnificos-bailables\/\" \/>\n<meta property=\"og:locale\" content=\"es_ES\" \/>\n<meta property=\"og:type\" content=\"article\" \/>\n<meta property=\"og:title\" content=\"VARIOUS ARTISTS - 14 Magn\u00edficos Bailables -  (LP) | Guerssen\" \/>\n<meta property=\"og:description\" content=\"This sampler compiles 14 killer tropical tracks for the dance floor, all taken from the vaults of Peru&#039;s MAG records, including cumbias to descargas, boogaloo to salsa. Classic songs such as &#039;Arroz Con Coco&#039; or &#039;Aprieta (Oye Como Va),&#039; and also obscure recordings like the stunning &#039;Ritmo Veregua&#039; by Tito Chicoma or the totally under-the-radar -recorded in Lima- &#039;Mi Son Combinado&#039; by Cuba&#039;s legendary Orquesta Rev\u00e9. MAG will turn 70 in 2023 and is a pivotal label in Peruvian music, mainly focused on tropical rhythms although its extensive catalogue also includes rock, pop and jazz recordings. This compilation celebrates the recent addition of Discos MAG to the Vampisoul family, where the best and most elusive titles from the MAG archive will become available again. #nl# TRACKLIST SIDE A 1. Los Avile\u00f1os - Cumbia Con Guitarra 2. Tito Chicoma Y Su Orquesta - Ritmo Veregua 3. Freddy Roland Y Su Orquesta - Arroz Con Coco 4. Silvestre Montez - El Diablo 5. Mita Y Su Monte Adentro - El Yoyo 6. Los Kintos - Tin Marin 7. Orquesta Rev\u00e9 - Mi Son Combinado SIDE B 1. Poppy Y Sus Pira\u00f1as - Guayaba 2. Al Valdez - Aprieta 3. Sonora Casino - El Negro Javier 4. Germ\u00e1n Neciosup Y Su Orquesta - Casamiento No 5. La Sonora MAG - El Negro Bemb\u00f3n 6. \u00d1ico Estrada y Su Sonora - La Malanga 7. Melcochita y Karamanduka - Macchu Picchu.\" \/>\n<meta property=\"og:url\" content=\"https:\/\/wpguerssen-test.odoo.rgbconsulting.com\/es\/producto\/14-magnificos-bailables\/\" \/>\n<meta property=\"og:site_name\" content=\"Guerssen records\" \/>\n<meta property=\"article:modified_time\" content=\"2025-07-30T13:20:30+00:00\" \/>\n<meta property=\"og:image\" content=\"https:\/\/wpguerssen-test.odoo.rgbconsulting.com\/wp-content\/uploads\/2022\/09\/41742.jpg\" \/>\n\t<meta property=\"og:image:width\" content=\"1200\" \/>\n\t<meta property=\"og:image:height\" content=\"1200\" \/>\n\t<meta property=\"og:image:type\" content=\"image\/jpeg\" \/>\n<meta name=\"twitter:card\" content=\"summary_large_image\" \/>\n<meta name=\"twitter:title\" content=\"VARIOUS ARTISTS - 14 Magn\u00edficos Bailables -  (LP) | Guerssen\" \/>\n<meta name=\"twitter:label1\" content=\"Tiempo de lectura\" \/>\n\t<meta name=\"twitter:data1\" content=\"1 minuto\" \/>\n<script type=\"application\/ld+json\" class=\"yoast-schema-graph\">{\"@context\":\"https:\/\/schema.org\",\"@graph\":[{\"@type\":\"WebPage\",\"@id\":\"https:\/\/wpguerssen-test.odoo.rgbconsulting.com\/es\/producto\/14-magnificos-bailables\/\",\"url\":\"https:\/\/wpguerssen-test.odoo.rgbconsulting.com\/es\/producto\/14-magnificos-bailables\/\",\"name\":\"VARIOUS ARTISTS - 14 Magn\u00edficos Bailables - (LP) | Guerssen\",\"isPartOf\":{\"@id\":\"https:\/\/wpguerssen-test.odoo.rgbconsulting.com\/es\/#website\"},\"primaryImageOfPage\":{\"@id\":\"https:\/\/wpguerssen-test.odoo.rgbconsulting.com\/es\/producto\/14-magnificos-bailables\/#primaryimage\"},\"image\":{\"@id\":\"https:\/\/wpguerssen-test.odoo.rgbconsulting.com\/es\/producto\/14-magnificos-bailables\/#primaryimage\"},\"thumbnailUrl\":\"https:\/\/wpguerssen-test.odoo.rgbconsulting.com\/wp-content\/uploads\/2022\/09\/41742.jpg\",\"datePublished\":\"2022-09-27T22:00:00+00:00\",\"dateModified\":\"2025-07-30T13:20:30+00:00\",\"description\":\"This sampler compiles 14 killer tropical tracks for the dance floor, all taken from the vaults of Peru's MAG records, including cumbias to descargas, boogaloo to salsa. Classic songs such as 'Arroz Con Coco' or 'Aprieta (Oye Como Va),' and also obscure recordings like the stunning 'Ritmo Veregua' by Tito Chicoma or the totally under-the-radar -recorded in Lima- 'Mi Son Combinado' by Cuba's legendary Orquesta Rev\u00e9. MAG will turn 70 in 2023 and is a pivotal label in Peruvian music, mainly focused on tropical rhythms although its extensive catalogue also includes rock, pop and jazz recordings. This compilation celebrates the recent addition of Discos MAG to the Vampisoul family, where the best and most elusive titles from the MAG archive will become available again. #nl# TRACKLIST SIDE A 1. Los Avile\u00f1os - Cumbia Con Guitarra 2. Tito Chicoma Y Su Orquesta - Ritmo Veregua 3. Freddy Roland Y Su Orquesta - Arroz Con Coco 4. Silvestre Montez - El Diablo 5. Mita Y Su Monte Adentro - El Yoyo 6. Los Kintos - Tin Marin 7. Orquesta Rev\u00e9 - Mi Son Combinado SIDE B 1. Poppy Y Sus Pira\u00f1as - Guayaba 2. Al Valdez - Aprieta 3. Sonora Casino - El Negro Javier 4. Germ\u00e1n Neciosup Y Su Orquesta - Casamiento No 5. La Sonora MAG - El Negro Bemb\u00f3n 6. \u00d1ico Estrada y Su Sonora - La Malanga 7. Melcochita y Karamanduka - Macchu Picchu.\",\"breadcrumb\":{\"@id\":\"https:\/\/wpguerssen-test.odoo.rgbconsulting.com\/es\/producto\/14-magnificos-bailables\/#breadcrumb\"},\"inLanguage\":\"es\",\"potentialAction\":[{\"@type\":\"ReadAction\",\"target\":[\"https:\/\/wpguerssen-test.odoo.rgbconsulting.com\/es\/producto\/14-magnificos-bailables\/\"]}]},{\"@type\":\"ImageObject\",\"inLanguage\":\"es\",\"@id\":\"https:\/\/wpguerssen-test.odoo.rgbconsulting.com\/es\/producto\/14-magnificos-bailables\/#primaryimage\",\"url\":\"https:\/\/wpguerssen-test.odoo.rgbconsulting.com\/wp-content\/uploads\/2022\/09\/41742.jpg\",\"contentUrl\":\"https:\/\/wpguerssen-test.odoo.rgbconsulting.com\/wp-content\/uploads\/2022\/09\/41742.jpg\",\"width\":1200,\"height\":1200},{\"@type\":\"BreadcrumbList\",\"@id\":\"https:\/\/wpguerssen-test.odoo.rgbconsulting.com\/es\/producto\/14-magnificos-bailables\/#breadcrumb\",\"itemListElement\":[{\"@type\":\"ListItem\",\"position\":1,\"name\":\"Inicio\",\"item\":\"https:\/\/wpguerssen-test.odoo.rgbconsulting.com\/es\/\"},{\"@type\":\"ListItem\",\"position\":2,\"name\":\"Shop\",\"item\":\"https:\/\/wpguerssen-test.odoo.rgbconsulting.com\/shop\/\"},{\"@type\":\"ListItem\",\"position\":3,\"name\":\"14 Magn\u00edficos Bailables\"}]},{\"@type\":\"WebSite\",\"@id\":\"https:\/\/wpguerssen-test.odoo.rgbconsulting.com\/es\/#website\",\"url\":\"https:\/\/wpguerssen-test.odoo.rgbconsulting.com\/es\/\",\"name\":\"Guerssen records\",\"description\":\"psychedelia - progressive - folk - garage \",\"publisher\":{\"@id\":\"https:\/\/wpguerssen-test.odoo.rgbconsulting.com\/es\/#organization\"},\"potentialAction\":[{\"@type\":\"SearchAction\",\"target\":{\"@type\":\"EntryPoint\",\"urlTemplate\":\"https:\/\/wpguerssen-test.odoo.rgbconsulting.com\/es\/?s={search_term_string}\"},\"query-input\":{\"@type\":\"PropertyValueSpecification\",\"valueRequired\":true,\"valueName\":\"search_term_string\"}}],\"inLanguage\":\"es\"},{\"@type\":\"Organization\",\"@id\":\"https:\/\/wpguerssen-test.odoo.rgbconsulting.com\/es\/#organization\",\"name\":\"Guerssen records\",\"url\":\"https:\/\/wpguerssen-test.odoo.rgbconsulting.com\/es\/\",\"logo\":{\"@type\":\"ImageObject\",\"inLanguage\":\"es\",\"@id\":\"https:\/\/wpguerssen-test.odoo.rgbconsulting.com\/es\/#\/schema\/logo\/image\/\",\"url\":\"https:\/\/wpguerssen-test.odoo.rgbconsulting.com\/wp-content\/uploads\/2022\/04\/Logo_Guerssen_trans_100.png\",\"contentUrl\":\"https:\/\/wpguerssen-test.odoo.rgbconsulting.com\/wp-content\/uploads\/2022\/04\/Logo_Guerssen_trans_100.png\",\"width\":122,\"height\":100,\"caption\":\"Guerssen records\"},\"image\":{\"@id\":\"https:\/\/wpguerssen-test.odoo.rgbconsulting.com\/es\/#\/schema\/logo\/image\/\"}}]}<\/script>\n<!-- \/ Yoast SEO plugin. -->","yoast_head_json":{"title":"VARIOUS ARTISTS - 14 Magn\u00edficos Bailables -  (LP) | Guerssen","description":"This sampler compiles 14 killer tropical tracks for the dance floor, all taken from the vaults of Peru's MAG records, including cumbias to descargas, boogaloo to salsa. Classic songs such as 'Arroz Con Coco' or 'Aprieta (Oye Como Va),' and also obscure recordings like the stunning 'Ritmo Veregua' by Tito Chicoma or the totally under-the-radar -recorded in Lima- 'Mi Son Combinado' by Cuba's legendary Orquesta Rev\u00e9. MAG will turn 70 in 2023 and is a pivotal label in Peruvian music, mainly focused on tropical rhythms although its extensive catalogue also includes rock, pop and jazz recordings. This compilation celebrates the recent addition of Discos MAG to the Vampisoul family, where the best and most elusive titles from the MAG archive will become available again. #nl# TRACKLIST SIDE A 1. Los Avile\u00f1os - Cumbia Con Guitarra 2. Tito Chicoma Y Su Orquesta - Ritmo Veregua 3. Freddy Roland Y Su Orquesta - Arroz Con Coco 4. Silvestre Montez - El Diablo 5. Mita Y Su Monte Adentro - El Yoyo 6. Los Kintos - Tin Marin 7. Orquesta Rev\u00e9 - Mi Son Combinado SIDE B 1. Poppy Y Sus Pira\u00f1as - Guayaba 2. Al Valdez - Aprieta 3. Sonora Casino - El Negro Javier 4. Germ\u00e1n Neciosup Y Su Orquesta - Casamiento No 5. La Sonora MAG - El Negro Bemb\u00f3n 6. \u00d1ico Estrada y Su Sonora - La Malanga 7. Melcochita y Karamanduka - Macchu Picchu.","robots":{"index":"index","follow":"follow","max-snippet":"max-snippet:-1","max-image-preview":"max-image-preview:large","max-video-preview":"max-video-preview:-1"},"canonical":"https:\/\/wpguerssen-test.odoo.rgbconsulting.com\/es\/producto\/14-magnificos-bailables\/","og_locale":"es_ES","og_type":"article","og_title":"VARIOUS ARTISTS - 14 Magn\u00edficos Bailables -  (LP) | Guerssen","og_description":"This sampler compiles 14 killer tropical tracks for the dance floor, all taken from the vaults of Peru's MAG records, including cumbias to descargas, boogaloo to salsa. Classic songs such as 'Arroz Con Coco' or 'Aprieta (Oye Como Va),' and also obscure recordings like the stunning 'Ritmo Veregua' by Tito Chicoma or the totally under-the-radar -recorded in Lima- 'Mi Son Combinado' by Cuba's legendary Orquesta Rev\u00e9. MAG will turn 70 in 2023 and is a pivotal label in Peruvian music, mainly focused on tropical rhythms although its extensive catalogue also includes rock, pop and jazz recordings. This compilation celebrates the recent addition of Discos MAG to the Vampisoul family, where the best and most elusive titles from the MAG archive will become available again. #nl# TRACKLIST SIDE A 1. Los Avile\u00f1os - Cumbia Con Guitarra 2. Tito Chicoma Y Su Orquesta - Ritmo Veregua 3. Freddy Roland Y Su Orquesta - Arroz Con Coco 4. Silvestre Montez - El Diablo 5. Mita Y Su Monte Adentro - El Yoyo 6. Los Kintos - Tin Marin 7. Orquesta Rev\u00e9 - Mi Son Combinado SIDE B 1. Poppy Y Sus Pira\u00f1as - Guayaba 2. Al Valdez - Aprieta 3. Sonora Casino - El Negro Javier 4. Germ\u00e1n Neciosup Y Su Orquesta - Casamiento No 5. La Sonora MAG - El Negro Bemb\u00f3n 6. \u00d1ico Estrada y Su Sonora - La Malanga 7. Melcochita y Karamanduka - Macchu Picchu.","og_url":"https:\/\/wpguerssen-test.odoo.rgbconsulting.com\/es\/producto\/14-magnificos-bailables\/","og_site_name":"Guerssen records","article_modified_time":"2025-07-30T13:20:30+00:00","og_image":[{"width":1200,"height":1200,"url":"https:\/\/wpguerssen-test.odoo.rgbconsulting.com\/wp-content\/uploads\/2022\/09\/41742.jpg","type":"image\/jpeg"}],"twitter_card":"summary_large_image","twitter_title":"VARIOUS ARTISTS - 14 Magn\u00edficos Bailables -  (LP) | Guerssen","twitter_misc":{"Tiempo de lectura":"1 minuto"},"schema":{"@context":"https:\/\/schema.org","@graph":[{"@type":"WebPage","@id":"https:\/\/wpguerssen-test.odoo.rgbconsulting.com\/es\/producto\/14-magnificos-bailables\/","url":"https:\/\/wpguerssen-test.odoo.rgbconsulting.com\/es\/producto\/14-magnificos-bailables\/","name":"VARIOUS ARTISTS - 14 Magn\u00edficos Bailables - (LP) | Guerssen","isPartOf":{"@id":"https:\/\/wpguerssen-test.odoo.rgbconsulting.com\/es\/#website"},"primaryImageOfPage":{"@id":"https:\/\/wpguerssen-test.odoo.rgbconsulting.com\/es\/producto\/14-magnificos-bailables\/#primaryimage"},"image":{"@id":"https:\/\/wpguerssen-test.odoo.rgbconsulting.com\/es\/producto\/14-magnificos-bailables\/#primaryimage"},"thumbnailUrl":"https:\/\/wpguerssen-test.odoo.rgbconsulting.com\/wp-content\/uploads\/2022\/09\/41742.jpg","datePublished":"2022-09-27T22:00:00+00:00","dateModified":"2025-07-30T13:20:30+00:00","description":"This sampler compiles 14 killer tropical tracks for the dance floor, all taken from the vaults of Peru's MAG records, including cumbias to descargas, boogaloo to salsa. Classic songs such as 'Arroz Con Coco' or 'Aprieta (Oye Como Va),' and also obscure recordings like the stunning 'Ritmo Veregua' by Tito Chicoma or the totally under-the-radar -recorded in Lima- 'Mi Son Combinado' by Cuba's legendary Orquesta Rev\u00e9. MAG will turn 70 in 2023 and is a pivotal label in Peruvian music, mainly focused on tropical rhythms although its extensive catalogue also includes rock, pop and jazz recordings. This compilation celebrates the recent addition of Discos MAG to the Vampisoul family, where the best and most elusive titles from the MAG archive will become available again. #nl# TRACKLIST SIDE A 1. Los Avile\u00f1os - Cumbia Con Guitarra 2. Tito Chicoma Y Su Orquesta - Ritmo Veregua 3. Freddy Roland Y Su Orquesta - Arroz Con Coco 4. Silvestre Montez - El Diablo 5. Mita Y Su Monte Adentro - El Yoyo 6. Los Kintos - Tin Marin 7. Orquesta Rev\u00e9 - Mi Son Combinado SIDE B 1. Poppy Y Sus Pira\u00f1as - Guayaba 2. Al Valdez - Aprieta 3. Sonora Casino - El Negro Javier 4. Germ\u00e1n Neciosup Y Su Orquesta - Casamiento No 5. La Sonora MAG - El Negro Bemb\u00f3n 6. \u00d1ico Estrada y Su Sonora - La Malanga 7. Melcochita y Karamanduka - Macchu Picchu.","breadcrumb":{"@id":"https:\/\/wpguerssen-test.odoo.rgbconsulting.com\/es\/producto\/14-magnificos-bailables\/#breadcrumb"},"inLanguage":"es","potentialAction":[{"@type":"ReadAction","target":["https:\/\/wpguerssen-test.odoo.rgbconsulting.com\/es\/producto\/14-magnificos-bailables\/"]}]},{"@type":"ImageObject","inLanguage":"es","@id":"https:\/\/wpguerssen-test.odoo.rgbconsulting.com\/es\/producto\/14-magnificos-bailables\/#primaryimage","url":"https:\/\/wpguerssen-test.odoo.rgbconsulting.com\/wp-content\/uploads\/2022\/09\/41742.jpg","contentUrl":"https:\/\/wpguerssen-test.odoo.rgbconsulting.com\/wp-content\/uploads\/2022\/09\/41742.jpg","width":1200,"height":1200},{"@type":"BreadcrumbList","@id":"https:\/\/wpguerssen-test.odoo.rgbconsulting.com\/es\/producto\/14-magnificos-bailables\/#breadcrumb","itemListElement":[{"@type":"ListItem","position":1,"name":"Inicio","item":"https:\/\/wpguerssen-test.odoo.rgbconsulting.com\/es\/"},{"@type":"ListItem","position":2,"name":"Shop","item":"https:\/\/wpguerssen-test.odoo.rgbconsulting.com\/shop\/"},{"@type":"ListItem","position":3,"name":"14 Magn\u00edficos Bailables"}]},{"@type":"WebSite","@id":"https:\/\/wpguerssen-test.odoo.rgbconsulting.com\/es\/#website","url":"https:\/\/wpguerssen-test.odoo.rgbconsulting.com\/es\/","name":"Guerssen records","description":"psychedelia - progressive - folk - garage ","publisher":{"@id":"https:\/\/wpguerssen-test.odoo.rgbconsulting.com\/es\/#organization"},"potentialAction":[{"@type":"SearchAction","target":{"@type":"EntryPoint","urlTemplate":"https:\/\/wpguerssen-test.odoo.rgbconsulting.com\/es\/?s={search_term_string}"},"query-input":{"@type":"PropertyValueSpecification","valueRequired":true,"valueName":"search_term_string"}}],"inLanguage":"es"},{"@type":"Organization","@id":"https:\/\/wpguerssen-test.odoo.rgbconsulting.com\/es\/#organization","name":"Guerssen records","url":"https:\/\/wpguerssen-test.odoo.rgbconsulting.com\/es\/","logo":{"@type":"ImageObject","inLanguage":"es","@id":"https:\/\/wpguerssen-test.odoo.rgbconsulting.com\/es\/#\/schema\/logo\/image\/","url":"https:\/\/wpguerssen-test.odoo.rgbconsulting.com\/wp-content\/uploads\/2022\/04\/Logo_Guerssen_trans_100.png","contentUrl":"https:\/\/wpguerssen-test.odoo.rgbconsulting.com\/wp-content\/uploads\/2022\/04\/Logo_Guerssen_trans_100.png","width":122,"height":100,"caption":"Guerssen records"},"image":{"@id":"https:\/\/wpguerssen-test.odoo.rgbconsulting.com\/es\/#\/schema\/logo\/image\/"}}]}},"_links":{"self":[{"href":"https:\/\/wpguerssen-test.odoo.rgbconsulting.com\/es\/wp-json\/wp\/v2\/product\/217443","targetHints":{"allow":["GET"]}}],"collection":[{"href":"https:\/\/wpguerssen-test.odoo.rgbconsulting.com\/es\/wp-json\/wp\/v2\/product"}],"about":[{"href":"https:\/\/wpguerssen-test.odoo.rgbconsulting.com\/es\/wp-json\/wp\/v2\/types\/product"}],"wp:featuredmedia":[{"embeddable":true,"href":"https:\/\/wpguerssen-test.odoo.rgbconsulting.com\/es\/wp-json\/wp\/v2\/media\/218742"}],"wp:attachment":[{"href":"https:\/\/wpguerssen-test.odoo.rgbconsulting.com\/es\/wp-json\/wp\/v2\/media?parent=217443"}],"wp:term":[{"taxonomy":"product_brand","embeddable":true,"href":"https:\/\/wpguerssen-test.odoo.rgbconsulting.com\/es\/wp-json\/wp\/v2\/product_brand?post=217443"},{"taxonomy":"product_cat","embeddable":true,"href":"https:\/\/wpguerssen-test.odoo.rgbconsulting.com\/es\/wp-json\/wp\/v2\/product_cat?post=217443"},{"taxonomy":"product_tag","embeddable":true,"href":"https:\/\/wpguerssen-test.odoo.rgbconsulting.com\/es\/wp-json\/wp\/v2\/product_tag?post=217443"}],"curies":[{"name":"wp","href":"https:\/\/api.w.org\/{rel}","templated":true}]}}