{"id":217445,"date":"2022-10-05T00:00:00","date_gmt":"2022-10-04T22:00:00","guid":{"rendered":"https:\/\/wpguerssen-test.odoo.rgbconsulting.com\/product\/correio-da-estacao-do-bras\/"},"modified":"2024-04-02T18:10:12","modified_gmt":"2024-04-02T16:10:12","slug":"correio-da-estacao-do-bras","status":"publish","type":"product","link":"https:\/\/wpguerssen-test.odoo.rgbconsulting.com\/es\/producto\/correio-da-estacao-do-bras\/","title":{"rendered":"Correio Da Estacao Do Bras"},"content":{"rendered":"<p>Reeditado por primera vez fuera de Brasil. Tom Z\u00e9 es considerado el m\u00e1s \u00abpaulista\u00bb de todos los tropicalistas. \u00c9l vino de Bah\u00eda, pero su poes\u00eda urbana ir\u00f3nica, infundida con los sonidos inc\u00f3modos de la metr\u00f3polis m\u00e1s grande de Am\u00e9rica del Sur, es puro Sao Paulo. La variedad de g\u00e9neros musicales del LP -samba, sertanejo, bolero, xote, repent y forro- refleja la diversidad cultural del barrio de Bra, punto de encuentro de italianos, nordestinos, africanos y latinos. Esta reedici\u00f3n incluye fotos in\u00e9ditas, nuevos testimonios del propio Tom Ze y un extenso art\u00edculo firmado por Bento Araujo, autor de la serie de libros Lindo Sonho Delirante.<\/p>\n","protected":false},"excerpt":{"rendered":"<p>Reeditado por primera vez fuera de Brasil. Tom Z\u00e9 es considerado el m\u00e1s \u00abpaulista\u00bb de todos los tropicalistas. \u00c9l vino de Bah\u00eda, pero su poes\u00eda urbana ir\u00f3nica,<a class=\"read\" href=\"https:\/\/wpguerssen-test.odoo.rgbconsulting.com\/es\/producto\/correio-da-estacao-do-bras\/\"> (...)<\/a>","protected":false},"featured_media":219118,"template":"","meta":{"_acf_changed":false},"product_brand":[],"product_cat":[23231],"product_tag":[],"class_list":{"0":"post-217445","1":"product","2":"type-product","3":"status-publish","4":"has-post-thumbnail","6":"product_cat-latin-brazilian-es","7":"pa_artist-ze-tom","8":"pa_format-lp-es","9":"pa_gender-latin-brazilian","10":"pa_label-tres-selos-eaeo","11":"pa_location-south-america-caribbean-es","12":"pa_other-filters-vinyl-only-es","14":"first","15":"instock","16":"taxable","17":"shipping-taxable","18":"purchasable","19":"product-type-simple"},"acf":[],"yoast_head":"<!-- This site is optimized with the Yoast SEO plugin v24.9 - https:\/\/yoast.com\/wordpress\/plugins\/seo\/ -->\n<title>ZE, Tom - Correio Da Estacao Do Bras -  (LP) | Guerssen<\/title>\n<meta name=\"description\" content=\"Reissued for the first time outside of Brazil. Tom Z\u00e9 is considered the most &quot;paulista&quot; of all Tropicalistas. He came from Bahia, but his wry urban poetry, infused with the uncomfortable sounds of the largest metropolis of South America, is pure Sao Paulo. The variety of musical genres in the LP - samba, sertanejo, bolero, xote, repente and forro - reflects the cultural diversity of the Bra&#039;s neighbourhood, a meeting point of Italians, nordestinos, Africans, and latinos. This reissue includes unseen photos, new testimonials from Tom Ze himself and a lengthy article signed by Bento Araujo, author of the book series Lindo Sonho Delirante. Away from radio, TV and with live performances increasingly scarce at the end of the seventies, Tom Ze was a risky investment for record labels, agents, and gig promoters. Always eager to please his sense for innovation and his creativity Tom Ze wanted to release an album again after the cult Estudando o Samba (1976). So came this, a record where the tension was at the script, in the distressing real life chronicles that the artist interpreted and reported also in an autobiographic manner. At Correio da Estacao do Bras (1978 - 2022) Tom Ze had done what seemed impossible: contemporary working-class music not for the elite but for the people itself.\" \/>\n<meta name=\"robots\" content=\"index, follow, max-snippet:-1, max-image-preview:large, max-video-preview:-1\" \/>\n<link rel=\"canonical\" href=\"https:\/\/wpguerssen-test.odoo.rgbconsulting.com\/es\/producto\/correio-da-estacao-do-bras\/\" \/>\n<meta property=\"og:locale\" content=\"es_ES\" \/>\n<meta property=\"og:type\" content=\"article\" \/>\n<meta property=\"og:title\" content=\"ZE, Tom - Correio Da Estacao Do Bras -  (LP) | Guerssen\" \/>\n<meta property=\"og:description\" content=\"Reissued for the first time outside of Brazil. Tom Z\u00e9 is considered the most &quot;paulista&quot; of all Tropicalistas. He came from Bahia, but his wry urban poetry, infused with the uncomfortable sounds of the largest metropolis of South America, is pure Sao Paulo. The variety of musical genres in the LP - samba, sertanejo, bolero, xote, repente and forro - reflects the cultural diversity of the Bra&#039;s neighbourhood, a meeting point of Italians, nordestinos, Africans, and latinos. This reissue includes unseen photos, new testimonials from Tom Ze himself and a lengthy article signed by Bento Araujo, author of the book series Lindo Sonho Delirante. Away from radio, TV and with live performances increasingly scarce at the end of the seventies, Tom Ze was a risky investment for record labels, agents, and gig promoters. Always eager to please his sense for innovation and his creativity Tom Ze wanted to release an album again after the cult Estudando o Samba (1976). So came this, a record where the tension was at the script, in the distressing real life chronicles that the artist interpreted and reported also in an autobiographic manner. At Correio da Estacao do Bras (1978 - 2022) Tom Ze had done what seemed impossible: contemporary working-class music not for the elite but for the people itself.\" \/>\n<meta property=\"og:url\" content=\"https:\/\/wpguerssen-test.odoo.rgbconsulting.com\/es\/producto\/correio-da-estacao-do-bras\/\" \/>\n<meta property=\"og:site_name\" content=\"Guerssen records\" \/>\n<meta property=\"article:modified_time\" content=\"2024-04-02T16:10:12+00:00\" \/>\n<meta property=\"og:image\" content=\"https:\/\/wpguerssen-test.odoo.rgbconsulting.com\/wp-content\/uploads\/2022\/10\/41744.jpg\" \/>\n\t<meta property=\"og:image:width\" content=\"693\" \/>\n\t<meta property=\"og:image:height\" content=\"693\" \/>\n\t<meta property=\"og:image:type\" content=\"image\/jpeg\" \/>\n<meta name=\"twitter:card\" content=\"summary_large_image\" \/>\n<meta name=\"twitter:title\" content=\"ZE, Tom - Correio Da Estacao Do Bras -  (LP) | Guerssen\" \/>\n<meta name=\"twitter:label1\" content=\"Tiempo de lectura\" \/>\n\t<meta name=\"twitter:data1\" content=\"1 minuto\" \/>\n<script type=\"application\/ld+json\" class=\"yoast-schema-graph\">{\"@context\":\"https:\/\/schema.org\",\"@graph\":[{\"@type\":\"WebPage\",\"@id\":\"https:\/\/wpguerssen-test.odoo.rgbconsulting.com\/es\/producto\/correio-da-estacao-do-bras\/\",\"url\":\"https:\/\/wpguerssen-test.odoo.rgbconsulting.com\/es\/producto\/correio-da-estacao-do-bras\/\",\"name\":\"ZE, Tom - Correio Da Estacao Do Bras - (LP) | Guerssen\",\"isPartOf\":{\"@id\":\"https:\/\/wpguerssen-test.odoo.rgbconsulting.com\/es\/#website\"},\"primaryImageOfPage\":{\"@id\":\"https:\/\/wpguerssen-test.odoo.rgbconsulting.com\/es\/producto\/correio-da-estacao-do-bras\/#primaryimage\"},\"image\":{\"@id\":\"https:\/\/wpguerssen-test.odoo.rgbconsulting.com\/es\/producto\/correio-da-estacao-do-bras\/#primaryimage\"},\"thumbnailUrl\":\"https:\/\/wpguerssen-test.odoo.rgbconsulting.com\/wp-content\/uploads\/2022\/10\/41744.jpg\",\"datePublished\":\"2022-10-04T22:00:00+00:00\",\"dateModified\":\"2024-04-02T16:10:12+00:00\",\"description\":\"Reissued for the first time outside of Brazil. Tom Z\u00e9 is considered the most \\\"paulista\\\" of all Tropicalistas. He came from Bahia, but his wry urban poetry, infused with the uncomfortable sounds of the largest metropolis of South America, is pure Sao Paulo. The variety of musical genres in the LP - samba, sertanejo, bolero, xote, repente and forro - reflects the cultural diversity of the Bra's neighbourhood, a meeting point of Italians, nordestinos, Africans, and latinos. This reissue includes unseen photos, new testimonials from Tom Ze himself and a lengthy article signed by Bento Araujo, author of the book series Lindo Sonho Delirante. Away from radio, TV and with live performances increasingly scarce at the end of the seventies, Tom Ze was a risky investment for record labels, agents, and gig promoters. Always eager to please his sense for innovation and his creativity Tom Ze wanted to release an album again after the cult Estudando o Samba (1976). So came this, a record where the tension was at the script, in the distressing real life chronicles that the artist interpreted and reported also in an autobiographic manner. At Correio da Estacao do Bras (1978 - 2022) Tom Ze had done what seemed impossible: contemporary working-class music not for the elite but for the people itself.\",\"breadcrumb\":{\"@id\":\"https:\/\/wpguerssen-test.odoo.rgbconsulting.com\/es\/producto\/correio-da-estacao-do-bras\/#breadcrumb\"},\"inLanguage\":\"es\",\"potentialAction\":[{\"@type\":\"ReadAction\",\"target\":[\"https:\/\/wpguerssen-test.odoo.rgbconsulting.com\/es\/producto\/correio-da-estacao-do-bras\/\"]}]},{\"@type\":\"ImageObject\",\"inLanguage\":\"es\",\"@id\":\"https:\/\/wpguerssen-test.odoo.rgbconsulting.com\/es\/producto\/correio-da-estacao-do-bras\/#primaryimage\",\"url\":\"https:\/\/wpguerssen-test.odoo.rgbconsulting.com\/wp-content\/uploads\/2022\/10\/41744.jpg\",\"contentUrl\":\"https:\/\/wpguerssen-test.odoo.rgbconsulting.com\/wp-content\/uploads\/2022\/10\/41744.jpg\",\"width\":693,\"height\":693,\"caption\":\"Tom - Correio Da Estacao Do Bras - TRES SELOS\/EAEO (LP) | Guerssen\"},{\"@type\":\"BreadcrumbList\",\"@id\":\"https:\/\/wpguerssen-test.odoo.rgbconsulting.com\/es\/producto\/correio-da-estacao-do-bras\/#breadcrumb\",\"itemListElement\":[{\"@type\":\"ListItem\",\"position\":1,\"name\":\"Inicio\",\"item\":\"https:\/\/wpguerssen-test.odoo.rgbconsulting.com\/es\/\"},{\"@type\":\"ListItem\",\"position\":2,\"name\":\"Shop\",\"item\":\"https:\/\/wpguerssen-test.odoo.rgbconsulting.com\/shop\/\"},{\"@type\":\"ListItem\",\"position\":3,\"name\":\"Correio Da Estacao Do Bras\"}]},{\"@type\":\"WebSite\",\"@id\":\"https:\/\/wpguerssen-test.odoo.rgbconsulting.com\/es\/#website\",\"url\":\"https:\/\/wpguerssen-test.odoo.rgbconsulting.com\/es\/\",\"name\":\"Guerssen records\",\"description\":\"psychedelia - progressive - folk - garage \",\"publisher\":{\"@id\":\"https:\/\/wpguerssen-test.odoo.rgbconsulting.com\/es\/#organization\"},\"potentialAction\":[{\"@type\":\"SearchAction\",\"target\":{\"@type\":\"EntryPoint\",\"urlTemplate\":\"https:\/\/wpguerssen-test.odoo.rgbconsulting.com\/es\/?s={search_term_string}\"},\"query-input\":{\"@type\":\"PropertyValueSpecification\",\"valueRequired\":true,\"valueName\":\"search_term_string\"}}],\"inLanguage\":\"es\"},{\"@type\":\"Organization\",\"@id\":\"https:\/\/wpguerssen-test.odoo.rgbconsulting.com\/es\/#organization\",\"name\":\"Guerssen records\",\"url\":\"https:\/\/wpguerssen-test.odoo.rgbconsulting.com\/es\/\",\"logo\":{\"@type\":\"ImageObject\",\"inLanguage\":\"es\",\"@id\":\"https:\/\/wpguerssen-test.odoo.rgbconsulting.com\/es\/#\/schema\/logo\/image\/\",\"url\":\"https:\/\/wpguerssen-test.odoo.rgbconsulting.com\/wp-content\/uploads\/2022\/04\/Logo_Guerssen_trans_100.png\",\"contentUrl\":\"https:\/\/wpguerssen-test.odoo.rgbconsulting.com\/wp-content\/uploads\/2022\/04\/Logo_Guerssen_trans_100.png\",\"width\":122,\"height\":100,\"caption\":\"Guerssen records\"},\"image\":{\"@id\":\"https:\/\/wpguerssen-test.odoo.rgbconsulting.com\/es\/#\/schema\/logo\/image\/\"}}]}<\/script>\n<!-- \/ Yoast SEO plugin. -->","yoast_head_json":{"title":"ZE, Tom - Correio Da Estacao Do Bras -  (LP) | Guerssen","description":"Reissued for the first time outside of Brazil. Tom Z\u00e9 is considered the most \"paulista\" of all Tropicalistas. He came from Bahia, but his wry urban poetry, infused with the uncomfortable sounds of the largest metropolis of South America, is pure Sao Paulo. The variety of musical genres in the LP - samba, sertanejo, bolero, xote, repente and forro - reflects the cultural diversity of the Bra's neighbourhood, a meeting point of Italians, nordestinos, Africans, and latinos. This reissue includes unseen photos, new testimonials from Tom Ze himself and a lengthy article signed by Bento Araujo, author of the book series Lindo Sonho Delirante. Away from radio, TV and with live performances increasingly scarce at the end of the seventies, Tom Ze was a risky investment for record labels, agents, and gig promoters. Always eager to please his sense for innovation and his creativity Tom Ze wanted to release an album again after the cult Estudando o Samba (1976). So came this, a record where the tension was at the script, in the distressing real life chronicles that the artist interpreted and reported also in an autobiographic manner. At Correio da Estacao do Bras (1978 - 2022) Tom Ze had done what seemed impossible: contemporary working-class music not for the elite but for the people itself.","robots":{"index":"index","follow":"follow","max-snippet":"max-snippet:-1","max-image-preview":"max-image-preview:large","max-video-preview":"max-video-preview:-1"},"canonical":"https:\/\/wpguerssen-test.odoo.rgbconsulting.com\/es\/producto\/correio-da-estacao-do-bras\/","og_locale":"es_ES","og_type":"article","og_title":"ZE, Tom - Correio Da Estacao Do Bras -  (LP) | Guerssen","og_description":"Reissued for the first time outside of Brazil. Tom Z\u00e9 is considered the most \"paulista\" of all Tropicalistas. He came from Bahia, but his wry urban poetry, infused with the uncomfortable sounds of the largest metropolis of South America, is pure Sao Paulo. The variety of musical genres in the LP - samba, sertanejo, bolero, xote, repente and forro - reflects the cultural diversity of the Bra's neighbourhood, a meeting point of Italians, nordestinos, Africans, and latinos. This reissue includes unseen photos, new testimonials from Tom Ze himself and a lengthy article signed by Bento Araujo, author of the book series Lindo Sonho Delirante. Away from radio, TV and with live performances increasingly scarce at the end of the seventies, Tom Ze was a risky investment for record labels, agents, and gig promoters. Always eager to please his sense for innovation and his creativity Tom Ze wanted to release an album again after the cult Estudando o Samba (1976). So came this, a record where the tension was at the script, in the distressing real life chronicles that the artist interpreted and reported also in an autobiographic manner. At Correio da Estacao do Bras (1978 - 2022) Tom Ze had done what seemed impossible: contemporary working-class music not for the elite but for the people itself.","og_url":"https:\/\/wpguerssen-test.odoo.rgbconsulting.com\/es\/producto\/correio-da-estacao-do-bras\/","og_site_name":"Guerssen records","article_modified_time":"2024-04-02T16:10:12+00:00","og_image":[{"width":693,"height":693,"url":"https:\/\/wpguerssen-test.odoo.rgbconsulting.com\/wp-content\/uploads\/2022\/10\/41744.jpg","type":"image\/jpeg"}],"twitter_card":"summary_large_image","twitter_title":"ZE, Tom - Correio Da Estacao Do Bras -  (LP) | Guerssen","twitter_misc":{"Tiempo de lectura":"1 minuto"},"schema":{"@context":"https:\/\/schema.org","@graph":[{"@type":"WebPage","@id":"https:\/\/wpguerssen-test.odoo.rgbconsulting.com\/es\/producto\/correio-da-estacao-do-bras\/","url":"https:\/\/wpguerssen-test.odoo.rgbconsulting.com\/es\/producto\/correio-da-estacao-do-bras\/","name":"ZE, Tom - Correio Da Estacao Do Bras - (LP) | Guerssen","isPartOf":{"@id":"https:\/\/wpguerssen-test.odoo.rgbconsulting.com\/es\/#website"},"primaryImageOfPage":{"@id":"https:\/\/wpguerssen-test.odoo.rgbconsulting.com\/es\/producto\/correio-da-estacao-do-bras\/#primaryimage"},"image":{"@id":"https:\/\/wpguerssen-test.odoo.rgbconsulting.com\/es\/producto\/correio-da-estacao-do-bras\/#primaryimage"},"thumbnailUrl":"https:\/\/wpguerssen-test.odoo.rgbconsulting.com\/wp-content\/uploads\/2022\/10\/41744.jpg","datePublished":"2022-10-04T22:00:00+00:00","dateModified":"2024-04-02T16:10:12+00:00","description":"Reissued for the first time outside of Brazil. Tom Z\u00e9 is considered the most \"paulista\" of all Tropicalistas. He came from Bahia, but his wry urban poetry, infused with the uncomfortable sounds of the largest metropolis of South America, is pure Sao Paulo. The variety of musical genres in the LP - samba, sertanejo, bolero, xote, repente and forro - reflects the cultural diversity of the Bra's neighbourhood, a meeting point of Italians, nordestinos, Africans, and latinos. This reissue includes unseen photos, new testimonials from Tom Ze himself and a lengthy article signed by Bento Araujo, author of the book series Lindo Sonho Delirante. Away from radio, TV and with live performances increasingly scarce at the end of the seventies, Tom Ze was a risky investment for record labels, agents, and gig promoters. Always eager to please his sense for innovation and his creativity Tom Ze wanted to release an album again after the cult Estudando o Samba (1976). So came this, a record where the tension was at the script, in the distressing real life chronicles that the artist interpreted and reported also in an autobiographic manner. At Correio da Estacao do Bras (1978 - 2022) Tom Ze had done what seemed impossible: contemporary working-class music not for the elite but for the people itself.","breadcrumb":{"@id":"https:\/\/wpguerssen-test.odoo.rgbconsulting.com\/es\/producto\/correio-da-estacao-do-bras\/#breadcrumb"},"inLanguage":"es","potentialAction":[{"@type":"ReadAction","target":["https:\/\/wpguerssen-test.odoo.rgbconsulting.com\/es\/producto\/correio-da-estacao-do-bras\/"]}]},{"@type":"ImageObject","inLanguage":"es","@id":"https:\/\/wpguerssen-test.odoo.rgbconsulting.com\/es\/producto\/correio-da-estacao-do-bras\/#primaryimage","url":"https:\/\/wpguerssen-test.odoo.rgbconsulting.com\/wp-content\/uploads\/2022\/10\/41744.jpg","contentUrl":"https:\/\/wpguerssen-test.odoo.rgbconsulting.com\/wp-content\/uploads\/2022\/10\/41744.jpg","width":693,"height":693,"caption":"Tom - Correio Da Estacao Do Bras - TRES SELOS\/EAEO (LP) | Guerssen"},{"@type":"BreadcrumbList","@id":"https:\/\/wpguerssen-test.odoo.rgbconsulting.com\/es\/producto\/correio-da-estacao-do-bras\/#breadcrumb","itemListElement":[{"@type":"ListItem","position":1,"name":"Inicio","item":"https:\/\/wpguerssen-test.odoo.rgbconsulting.com\/es\/"},{"@type":"ListItem","position":2,"name":"Shop","item":"https:\/\/wpguerssen-test.odoo.rgbconsulting.com\/shop\/"},{"@type":"ListItem","position":3,"name":"Correio Da Estacao Do Bras"}]},{"@type":"WebSite","@id":"https:\/\/wpguerssen-test.odoo.rgbconsulting.com\/es\/#website","url":"https:\/\/wpguerssen-test.odoo.rgbconsulting.com\/es\/","name":"Guerssen records","description":"psychedelia - progressive - folk - garage ","publisher":{"@id":"https:\/\/wpguerssen-test.odoo.rgbconsulting.com\/es\/#organization"},"potentialAction":[{"@type":"SearchAction","target":{"@type":"EntryPoint","urlTemplate":"https:\/\/wpguerssen-test.odoo.rgbconsulting.com\/es\/?s={search_term_string}"},"query-input":{"@type":"PropertyValueSpecification","valueRequired":true,"valueName":"search_term_string"}}],"inLanguage":"es"},{"@type":"Organization","@id":"https:\/\/wpguerssen-test.odoo.rgbconsulting.com\/es\/#organization","name":"Guerssen records","url":"https:\/\/wpguerssen-test.odoo.rgbconsulting.com\/es\/","logo":{"@type":"ImageObject","inLanguage":"es","@id":"https:\/\/wpguerssen-test.odoo.rgbconsulting.com\/es\/#\/schema\/logo\/image\/","url":"https:\/\/wpguerssen-test.odoo.rgbconsulting.com\/wp-content\/uploads\/2022\/04\/Logo_Guerssen_trans_100.png","contentUrl":"https:\/\/wpguerssen-test.odoo.rgbconsulting.com\/wp-content\/uploads\/2022\/04\/Logo_Guerssen_trans_100.png","width":122,"height":100,"caption":"Guerssen records"},"image":{"@id":"https:\/\/wpguerssen-test.odoo.rgbconsulting.com\/es\/#\/schema\/logo\/image\/"}}]}},"_links":{"self":[{"href":"https:\/\/wpguerssen-test.odoo.rgbconsulting.com\/es\/wp-json\/wp\/v2\/product\/217445","targetHints":{"allow":["GET"]}}],"collection":[{"href":"https:\/\/wpguerssen-test.odoo.rgbconsulting.com\/es\/wp-json\/wp\/v2\/product"}],"about":[{"href":"https:\/\/wpguerssen-test.odoo.rgbconsulting.com\/es\/wp-json\/wp\/v2\/types\/product"}],"wp:featuredmedia":[{"embeddable":true,"href":"https:\/\/wpguerssen-test.odoo.rgbconsulting.com\/es\/wp-json\/wp\/v2\/media\/219118"}],"wp:attachment":[{"href":"https:\/\/wpguerssen-test.odoo.rgbconsulting.com\/es\/wp-json\/wp\/v2\/media?parent=217445"}],"wp:term":[{"taxonomy":"product_brand","embeddable":true,"href":"https:\/\/wpguerssen-test.odoo.rgbconsulting.com\/es\/wp-json\/wp\/v2\/product_brand?post=217445"},{"taxonomy":"product_cat","embeddable":true,"href":"https:\/\/wpguerssen-test.odoo.rgbconsulting.com\/es\/wp-json\/wp\/v2\/product_cat?post=217445"},{"taxonomy":"product_tag","embeddable":true,"href":"https:\/\/wpguerssen-test.odoo.rgbconsulting.com\/es\/wp-json\/wp\/v2\/product_tag?post=217445"}],"curies":[{"name":"wp","href":"https:\/\/api.w.org\/{rel}","templated":true}]}}