{"id":217446,"date":"2022-10-05T00:00:00","date_gmt":"2022-10-04T22:00:00","guid":{"rendered":"https:\/\/wpguerssen-test.odoo.rgbconsulting.com\/product\/todo-os-olhos\/"},"modified":"2025-03-11T13:28:24","modified_gmt":"2025-03-11T12:28:24","slug":"todo-os-olhos","status":"publish","type":"product","link":"https:\/\/wpguerssen-test.odoo.rgbconsulting.com\/es\/producto\/todo-os-olhos\/","title":{"rendered":"Todo Os Olhos"},"content":{"rendered":"<p>Reeditado por primera vez fuera de Brasil, Todos Os Olhos es uno de los discos brasile\u00f1os m\u00e1s importantes de todos los tiempos. Tom Z\u00e9 es considerado el m\u00e1s \u00abpaulista\u00bb de todos los tropicalistas. \u00c9l vino de Bah\u00eda, pero su poes\u00eda urbana ir\u00f3nica, infundida con los sonidos inc\u00f3modos de la metr\u00f3polis m\u00e1s grande de Am\u00e9rica del Sur, es puro Sao Paulo. Los temas \u00abComplexo de Epico\u00bb, \u00abCademar\u00bb, \u00abUm \u00abOH\u00bb e um \u00abAH\u00bb\u00bb, \u00abAugusta, Angelica e Consolacao\u00bb y \u00abO Riso e a Faca\u00bb fueron incluidos en \u00abBrazil Classics 4: The Best Of Tom Z\u00e9 \u00ab, compilado por David Byrne y publicado por Luaka Bop en 1990. Esta reedici\u00f3n incluye fotos in\u00e9ditas, nuevos testimonios del propio Tom Ze&#8217; y un extenso art\u00edculo firmado por Bento Araujo, autor de la serie de libros Lindo Sonho Delirante. Todos os Olhos es uno de los discos m\u00e1s emblem\u00e1ticos y esenciales de la m\u00fasica de confrontaci\u00f3n de Brasil. Al denunciar, criticar y burlarse de la corriente de \u00abh\u00e9roes\u00bb que hac\u00edan \u00abm\u00fasica de protesta\u00bb en la \u00e9poca, Tom Ze&#8217; firm\u00f3 su erem\u00edtica carta de exclusi\u00f3n pero no sin \u00bb impugnar la impugnaci\u00f3n\u00bb. Excomulgado de la MPB e incluso de Tropicalia, en Todos os Olhos Tom Ze&#8217; present\u00f3, con mucha valent\u00eda, una forma inusual de luchar contra la dictadura militar brasile\u00f1a. Todo lo que luego se desencadenar\u00eda en la carrera de Tom Ze est\u00e1 aqu\u00ed, siempre listo para un nuevo redescubrimiento.<\/p>\n","protected":false},"excerpt":{"rendered":"<p>Reeditado por primera vez fuera de Brasil, Todos Os Olhos es uno de los discos brasile\u00f1os m\u00e1s importantes de todos los tiempos. Tom Z\u00e9 es considerado el m\u00e1s \u00abpaulista\u00bb<a class=\"read\" href=\"https:\/\/wpguerssen-test.odoo.rgbconsulting.com\/es\/producto\/todo-os-olhos\/\"> (...)<\/a>","protected":false},"featured_media":219120,"template":"","meta":{"_acf_changed":false},"product_brand":[],"product_cat":[23231],"product_tag":[],"class_list":{"0":"post-217446","1":"product","2":"type-product","3":"status-publish","4":"has-post-thumbnail","6":"product_cat-latin-brazilian-es","7":"pa_artist-ze-tom","8":"pa_format-lp-es","9":"pa_gender-latin-brazilian","10":"pa_label-tres-selos-eaeo","11":"pa_location-south-america-caribbean-es","12":"pa_other-filters-vinyl-only-es","14":"first","15":"instock","16":"taxable","17":"shipping-taxable","18":"purchasable","19":"product-type-simple"},"acf":[],"yoast_head":"<!-- This site is optimized with the Yoast SEO plugin v24.9 - https:\/\/yoast.com\/wordpress\/plugins\/seo\/ -->\n<title>ZE, Tom - Todo Os Olhos -  (LP) | Guerssen<\/title>\n<meta name=\"description\" content=\"Reissued for the first time outside of Brazil, Todos Os Olhos is one of the most important Brazilian records of all time. Tom Z\u00e9 is considered the most &quot;paulista&quot; of all Tropicalistas. He came from Bahia, but his wry urban poetry, infused with the uncomfortable sounds of the largest metropolis of South America, is pure Sao Paulo. The tracks &quot;Complexo de Epico&quot;, &quot;Cademar&quot;, &quot;Um &quot;OH&quot; e um &quot;AH&quot;&quot;, &quot;Augusta, Angelica e Consolacao&quot; and &quot;O Riso e a Faca were included in &quot;Brazil Classics 4: The Best Of Tom Z\u00e9&quot;, compiled by David Byrne and released by Luaka Bop in 1990. This reissue includes unseen photos, new testimonials from Tom Ze&#039; himself and a lengthy article signed by Bento Araujo, author of the book series Lindo Sonho Delirante. Todos os Olhos is one of the most emblematic and essential records of the confrontational music of Brazil. By denouncing, criticizing, and mocking the trend of &quot;heroes&quot; who made &quot;protest music&quot; at the time, Tom Ze&#039; signed his eremitic letter of exclusion but not without &quot;contest the contestation&quot;. Excommunicated from the MPB and even from Tropicalia, in Todos os Olhos Tom Ze&#039; presented, with a lot of courage, an unusualway of fight Brazil&#039;s military dictatorship. All that would be later triggered in Tom Ze&#039;s career is here, always ready for a new rediscovery.\" \/>\n<meta name=\"robots\" content=\"index, follow, max-snippet:-1, max-image-preview:large, max-video-preview:-1\" \/>\n<link rel=\"canonical\" href=\"https:\/\/wpguerssen-test.odoo.rgbconsulting.com\/es\/producto\/todo-os-olhos\/\" \/>\n<meta property=\"og:locale\" content=\"es_ES\" \/>\n<meta property=\"og:type\" content=\"article\" \/>\n<meta property=\"og:title\" content=\"ZE, Tom - Todo Os Olhos -  (LP) | Guerssen\" \/>\n<meta property=\"og:description\" content=\"Reissued for the first time outside of Brazil, Todos Os Olhos is one of the most important Brazilian records of all time. Tom Z\u00e9 is considered the most &quot;paulista&quot; of all Tropicalistas. He came from Bahia, but his wry urban poetry, infused with the uncomfortable sounds of the largest metropolis of South America, is pure Sao Paulo. The tracks &quot;Complexo de Epico&quot;, &quot;Cademar&quot;, &quot;Um &quot;OH&quot; e um &quot;AH&quot;&quot;, &quot;Augusta, Angelica e Consolacao&quot; and &quot;O Riso e a Faca were included in &quot;Brazil Classics 4: The Best Of Tom Z\u00e9&quot;, compiled by David Byrne and released by Luaka Bop in 1990. This reissue includes unseen photos, new testimonials from Tom Ze&#039; himself and a lengthy article signed by Bento Araujo, author of the book series Lindo Sonho Delirante. Todos os Olhos is one of the most emblematic and essential records of the confrontational music of Brazil. By denouncing, criticizing, and mocking the trend of &quot;heroes&quot; who made &quot;protest music&quot; at the time, Tom Ze&#039; signed his eremitic letter of exclusion but not without &quot;contest the contestation&quot;. Excommunicated from the MPB and even from Tropicalia, in Todos os Olhos Tom Ze&#039; presented, with a lot of courage, an unusualway of fight Brazil&#039;s military dictatorship. All that would be later triggered in Tom Ze&#039;s career is here, always ready for a new rediscovery.\" \/>\n<meta property=\"og:url\" content=\"https:\/\/wpguerssen-test.odoo.rgbconsulting.com\/es\/producto\/todo-os-olhos\/\" \/>\n<meta property=\"og:site_name\" content=\"Guerssen records\" \/>\n<meta property=\"article:modified_time\" content=\"2025-03-11T12:28:24+00:00\" \/>\n<meta property=\"og:image\" content=\"https:\/\/wpguerssen-test.odoo.rgbconsulting.com\/wp-content\/uploads\/2022\/10\/41745.jpg\" \/>\n\t<meta property=\"og:image:width\" content=\"750\" \/>\n\t<meta property=\"og:image:height\" content=\"750\" \/>\n\t<meta property=\"og:image:type\" content=\"image\/jpeg\" \/>\n<meta name=\"twitter:card\" content=\"summary_large_image\" \/>\n<meta name=\"twitter:title\" content=\"ZE, Tom - Todo Os Olhos -  (LP) | Guerssen\" \/>\n<meta name=\"twitter:label1\" content=\"Tiempo de lectura\" \/>\n\t<meta name=\"twitter:data1\" content=\"1 minuto\" \/>\n<script type=\"application\/ld+json\" class=\"yoast-schema-graph\">{\"@context\":\"https:\/\/schema.org\",\"@graph\":[{\"@type\":\"WebPage\",\"@id\":\"https:\/\/wpguerssen-test.odoo.rgbconsulting.com\/es\/producto\/todo-os-olhos\/\",\"url\":\"https:\/\/wpguerssen-test.odoo.rgbconsulting.com\/es\/producto\/todo-os-olhos\/\",\"name\":\"ZE, Tom - Todo Os Olhos - (LP) | Guerssen\",\"isPartOf\":{\"@id\":\"https:\/\/wpguerssen-test.odoo.rgbconsulting.com\/es\/#website\"},\"primaryImageOfPage\":{\"@id\":\"https:\/\/wpguerssen-test.odoo.rgbconsulting.com\/es\/producto\/todo-os-olhos\/#primaryimage\"},\"image\":{\"@id\":\"https:\/\/wpguerssen-test.odoo.rgbconsulting.com\/es\/producto\/todo-os-olhos\/#primaryimage\"},\"thumbnailUrl\":\"https:\/\/wpguerssen-test.odoo.rgbconsulting.com\/wp-content\/uploads\/2022\/10\/41745.jpg\",\"datePublished\":\"2022-10-04T22:00:00+00:00\",\"dateModified\":\"2025-03-11T12:28:24+00:00\",\"description\":\"Reissued for the first time outside of Brazil, Todos Os Olhos is one of the most important Brazilian records of all time. Tom Z\u00e9 is considered the most \\\"paulista\\\" of all Tropicalistas. He came from Bahia, but his wry urban poetry, infused with the uncomfortable sounds of the largest metropolis of South America, is pure Sao Paulo. The tracks \\\"Complexo de Epico\\\", \\\"Cademar\\\", \\\"Um \\\"OH\\\" e um \\\"AH\\\"\\\", \\\"Augusta, Angelica e Consolacao\\\" and \\\"O Riso e a Faca were included in \\\"Brazil Classics 4: The Best Of Tom Z\u00e9\\\", compiled by David Byrne and released by Luaka Bop in 1990. This reissue includes unseen photos, new testimonials from Tom Ze' himself and a lengthy article signed by Bento Araujo, author of the book series Lindo Sonho Delirante. Todos os Olhos is one of the most emblematic and essential records of the confrontational music of Brazil. By denouncing, criticizing, and mocking the trend of \\\"heroes\\\" who made \\\"protest music\\\" at the time, Tom Ze' signed his eremitic letter of exclusion but not without \\\"contest the contestation\\\". Excommunicated from the MPB and even from Tropicalia, in Todos os Olhos Tom Ze' presented, with a lot of courage, an unusualway of fight Brazil's military dictatorship. All that would be later triggered in Tom Ze's career is here, always ready for a new rediscovery.\",\"breadcrumb\":{\"@id\":\"https:\/\/wpguerssen-test.odoo.rgbconsulting.com\/es\/producto\/todo-os-olhos\/#breadcrumb\"},\"inLanguage\":\"es\",\"potentialAction\":[{\"@type\":\"ReadAction\",\"target\":[\"https:\/\/wpguerssen-test.odoo.rgbconsulting.com\/es\/producto\/todo-os-olhos\/\"]}]},{\"@type\":\"ImageObject\",\"inLanguage\":\"es\",\"@id\":\"https:\/\/wpguerssen-test.odoo.rgbconsulting.com\/es\/producto\/todo-os-olhos\/#primaryimage\",\"url\":\"https:\/\/wpguerssen-test.odoo.rgbconsulting.com\/wp-content\/uploads\/2022\/10\/41745.jpg\",\"contentUrl\":\"https:\/\/wpguerssen-test.odoo.rgbconsulting.com\/wp-content\/uploads\/2022\/10\/41745.jpg\",\"width\":750,\"height\":750,\"caption\":\"Tom - Todo Os Olhos - TRES SELOS\/EAEO (LP) | Guerssen\"},{\"@type\":\"BreadcrumbList\",\"@id\":\"https:\/\/wpguerssen-test.odoo.rgbconsulting.com\/es\/producto\/todo-os-olhos\/#breadcrumb\",\"itemListElement\":[{\"@type\":\"ListItem\",\"position\":1,\"name\":\"Inicio\",\"item\":\"https:\/\/wpguerssen-test.odoo.rgbconsulting.com\/es\/\"},{\"@type\":\"ListItem\",\"position\":2,\"name\":\"Shop\",\"item\":\"https:\/\/wpguerssen-test.odoo.rgbconsulting.com\/shop\/\"},{\"@type\":\"ListItem\",\"position\":3,\"name\":\"Todo Os Olhos\"}]},{\"@type\":\"WebSite\",\"@id\":\"https:\/\/wpguerssen-test.odoo.rgbconsulting.com\/es\/#website\",\"url\":\"https:\/\/wpguerssen-test.odoo.rgbconsulting.com\/es\/\",\"name\":\"Guerssen records\",\"description\":\"psychedelia - progressive - folk - garage \",\"publisher\":{\"@id\":\"https:\/\/wpguerssen-test.odoo.rgbconsulting.com\/es\/#organization\"},\"potentialAction\":[{\"@type\":\"SearchAction\",\"target\":{\"@type\":\"EntryPoint\",\"urlTemplate\":\"https:\/\/wpguerssen-test.odoo.rgbconsulting.com\/es\/?s={search_term_string}\"},\"query-input\":{\"@type\":\"PropertyValueSpecification\",\"valueRequired\":true,\"valueName\":\"search_term_string\"}}],\"inLanguage\":\"es\"},{\"@type\":\"Organization\",\"@id\":\"https:\/\/wpguerssen-test.odoo.rgbconsulting.com\/es\/#organization\",\"name\":\"Guerssen records\",\"url\":\"https:\/\/wpguerssen-test.odoo.rgbconsulting.com\/es\/\",\"logo\":{\"@type\":\"ImageObject\",\"inLanguage\":\"es\",\"@id\":\"https:\/\/wpguerssen-test.odoo.rgbconsulting.com\/es\/#\/schema\/logo\/image\/\",\"url\":\"https:\/\/wpguerssen-test.odoo.rgbconsulting.com\/wp-content\/uploads\/2022\/04\/Logo_Guerssen_trans_100.png\",\"contentUrl\":\"https:\/\/wpguerssen-test.odoo.rgbconsulting.com\/wp-content\/uploads\/2022\/04\/Logo_Guerssen_trans_100.png\",\"width\":122,\"height\":100,\"caption\":\"Guerssen records\"},\"image\":{\"@id\":\"https:\/\/wpguerssen-test.odoo.rgbconsulting.com\/es\/#\/schema\/logo\/image\/\"}}]}<\/script>\n<!-- \/ Yoast SEO plugin. -->","yoast_head_json":{"title":"ZE, Tom - Todo Os Olhos -  (LP) | Guerssen","description":"Reissued for the first time outside of Brazil, Todos Os Olhos is one of the most important Brazilian records of all time. Tom Z\u00e9 is considered the most \"paulista\" of all Tropicalistas. He came from Bahia, but his wry urban poetry, infused with the uncomfortable sounds of the largest metropolis of South America, is pure Sao Paulo. The tracks \"Complexo de Epico\", \"Cademar\", \"Um \"OH\" e um \"AH\"\", \"Augusta, Angelica e Consolacao\" and \"O Riso e a Faca were included in \"Brazil Classics 4: The Best Of Tom Z\u00e9\", compiled by David Byrne and released by Luaka Bop in 1990. This reissue includes unseen photos, new testimonials from Tom Ze' himself and a lengthy article signed by Bento Araujo, author of the book series Lindo Sonho Delirante. Todos os Olhos is one of the most emblematic and essential records of the confrontational music of Brazil. By denouncing, criticizing, and mocking the trend of \"heroes\" who made \"protest music\" at the time, Tom Ze' signed his eremitic letter of exclusion but not without \"contest the contestation\". Excommunicated from the MPB and even from Tropicalia, in Todos os Olhos Tom Ze' presented, with a lot of courage, an unusualway of fight Brazil's military dictatorship. All that would be later triggered in Tom Ze's career is here, always ready for a new rediscovery.","robots":{"index":"index","follow":"follow","max-snippet":"max-snippet:-1","max-image-preview":"max-image-preview:large","max-video-preview":"max-video-preview:-1"},"canonical":"https:\/\/wpguerssen-test.odoo.rgbconsulting.com\/es\/producto\/todo-os-olhos\/","og_locale":"es_ES","og_type":"article","og_title":"ZE, Tom - Todo Os Olhos -  (LP) | Guerssen","og_description":"Reissued for the first time outside of Brazil, Todos Os Olhos is one of the most important Brazilian records of all time. Tom Z\u00e9 is considered the most \"paulista\" of all Tropicalistas. He came from Bahia, but his wry urban poetry, infused with the uncomfortable sounds of the largest metropolis of South America, is pure Sao Paulo. The tracks \"Complexo de Epico\", \"Cademar\", \"Um \"OH\" e um \"AH\"\", \"Augusta, Angelica e Consolacao\" and \"O Riso e a Faca were included in \"Brazil Classics 4: The Best Of Tom Z\u00e9\", compiled by David Byrne and released by Luaka Bop in 1990. This reissue includes unseen photos, new testimonials from Tom Ze' himself and a lengthy article signed by Bento Araujo, author of the book series Lindo Sonho Delirante. Todos os Olhos is one of the most emblematic and essential records of the confrontational music of Brazil. By denouncing, criticizing, and mocking the trend of \"heroes\" who made \"protest music\" at the time, Tom Ze' signed his eremitic letter of exclusion but not without \"contest the contestation\". Excommunicated from the MPB and even from Tropicalia, in Todos os Olhos Tom Ze' presented, with a lot of courage, an unusualway of fight Brazil's military dictatorship. All that would be later triggered in Tom Ze's career is here, always ready for a new rediscovery.","og_url":"https:\/\/wpguerssen-test.odoo.rgbconsulting.com\/es\/producto\/todo-os-olhos\/","og_site_name":"Guerssen records","article_modified_time":"2025-03-11T12:28:24+00:00","og_image":[{"width":750,"height":750,"url":"https:\/\/wpguerssen-test.odoo.rgbconsulting.com\/wp-content\/uploads\/2022\/10\/41745.jpg","type":"image\/jpeg"}],"twitter_card":"summary_large_image","twitter_title":"ZE, Tom - Todo Os Olhos -  (LP) | Guerssen","twitter_misc":{"Tiempo de lectura":"1 minuto"},"schema":{"@context":"https:\/\/schema.org","@graph":[{"@type":"WebPage","@id":"https:\/\/wpguerssen-test.odoo.rgbconsulting.com\/es\/producto\/todo-os-olhos\/","url":"https:\/\/wpguerssen-test.odoo.rgbconsulting.com\/es\/producto\/todo-os-olhos\/","name":"ZE, Tom - Todo Os Olhos - (LP) | Guerssen","isPartOf":{"@id":"https:\/\/wpguerssen-test.odoo.rgbconsulting.com\/es\/#website"},"primaryImageOfPage":{"@id":"https:\/\/wpguerssen-test.odoo.rgbconsulting.com\/es\/producto\/todo-os-olhos\/#primaryimage"},"image":{"@id":"https:\/\/wpguerssen-test.odoo.rgbconsulting.com\/es\/producto\/todo-os-olhos\/#primaryimage"},"thumbnailUrl":"https:\/\/wpguerssen-test.odoo.rgbconsulting.com\/wp-content\/uploads\/2022\/10\/41745.jpg","datePublished":"2022-10-04T22:00:00+00:00","dateModified":"2025-03-11T12:28:24+00:00","description":"Reissued for the first time outside of Brazil, Todos Os Olhos is one of the most important Brazilian records of all time. Tom Z\u00e9 is considered the most \"paulista\" of all Tropicalistas. He came from Bahia, but his wry urban poetry, infused with the uncomfortable sounds of the largest metropolis of South America, is pure Sao Paulo. The tracks \"Complexo de Epico\", \"Cademar\", \"Um \"OH\" e um \"AH\"\", \"Augusta, Angelica e Consolacao\" and \"O Riso e a Faca were included in \"Brazil Classics 4: The Best Of Tom Z\u00e9\", compiled by David Byrne and released by Luaka Bop in 1990. This reissue includes unseen photos, new testimonials from Tom Ze' himself and a lengthy article signed by Bento Araujo, author of the book series Lindo Sonho Delirante. Todos os Olhos is one of the most emblematic and essential records of the confrontational music of Brazil. By denouncing, criticizing, and mocking the trend of \"heroes\" who made \"protest music\" at the time, Tom Ze' signed his eremitic letter of exclusion but not without \"contest the contestation\". Excommunicated from the MPB and even from Tropicalia, in Todos os Olhos Tom Ze' presented, with a lot of courage, an unusualway of fight Brazil's military dictatorship. All that would be later triggered in Tom Ze's career is here, always ready for a new rediscovery.","breadcrumb":{"@id":"https:\/\/wpguerssen-test.odoo.rgbconsulting.com\/es\/producto\/todo-os-olhos\/#breadcrumb"},"inLanguage":"es","potentialAction":[{"@type":"ReadAction","target":["https:\/\/wpguerssen-test.odoo.rgbconsulting.com\/es\/producto\/todo-os-olhos\/"]}]},{"@type":"ImageObject","inLanguage":"es","@id":"https:\/\/wpguerssen-test.odoo.rgbconsulting.com\/es\/producto\/todo-os-olhos\/#primaryimage","url":"https:\/\/wpguerssen-test.odoo.rgbconsulting.com\/wp-content\/uploads\/2022\/10\/41745.jpg","contentUrl":"https:\/\/wpguerssen-test.odoo.rgbconsulting.com\/wp-content\/uploads\/2022\/10\/41745.jpg","width":750,"height":750,"caption":"Tom - Todo Os Olhos - TRES SELOS\/EAEO (LP) | Guerssen"},{"@type":"BreadcrumbList","@id":"https:\/\/wpguerssen-test.odoo.rgbconsulting.com\/es\/producto\/todo-os-olhos\/#breadcrumb","itemListElement":[{"@type":"ListItem","position":1,"name":"Inicio","item":"https:\/\/wpguerssen-test.odoo.rgbconsulting.com\/es\/"},{"@type":"ListItem","position":2,"name":"Shop","item":"https:\/\/wpguerssen-test.odoo.rgbconsulting.com\/shop\/"},{"@type":"ListItem","position":3,"name":"Todo Os Olhos"}]},{"@type":"WebSite","@id":"https:\/\/wpguerssen-test.odoo.rgbconsulting.com\/es\/#website","url":"https:\/\/wpguerssen-test.odoo.rgbconsulting.com\/es\/","name":"Guerssen records","description":"psychedelia - progressive - folk - garage ","publisher":{"@id":"https:\/\/wpguerssen-test.odoo.rgbconsulting.com\/es\/#organization"},"potentialAction":[{"@type":"SearchAction","target":{"@type":"EntryPoint","urlTemplate":"https:\/\/wpguerssen-test.odoo.rgbconsulting.com\/es\/?s={search_term_string}"},"query-input":{"@type":"PropertyValueSpecification","valueRequired":true,"valueName":"search_term_string"}}],"inLanguage":"es"},{"@type":"Organization","@id":"https:\/\/wpguerssen-test.odoo.rgbconsulting.com\/es\/#organization","name":"Guerssen records","url":"https:\/\/wpguerssen-test.odoo.rgbconsulting.com\/es\/","logo":{"@type":"ImageObject","inLanguage":"es","@id":"https:\/\/wpguerssen-test.odoo.rgbconsulting.com\/es\/#\/schema\/logo\/image\/","url":"https:\/\/wpguerssen-test.odoo.rgbconsulting.com\/wp-content\/uploads\/2022\/04\/Logo_Guerssen_trans_100.png","contentUrl":"https:\/\/wpguerssen-test.odoo.rgbconsulting.com\/wp-content\/uploads\/2022\/04\/Logo_Guerssen_trans_100.png","width":122,"height":100,"caption":"Guerssen records"},"image":{"@id":"https:\/\/wpguerssen-test.odoo.rgbconsulting.com\/es\/#\/schema\/logo\/image\/"}}]}},"_links":{"self":[{"href":"https:\/\/wpguerssen-test.odoo.rgbconsulting.com\/es\/wp-json\/wp\/v2\/product\/217446","targetHints":{"allow":["GET"]}}],"collection":[{"href":"https:\/\/wpguerssen-test.odoo.rgbconsulting.com\/es\/wp-json\/wp\/v2\/product"}],"about":[{"href":"https:\/\/wpguerssen-test.odoo.rgbconsulting.com\/es\/wp-json\/wp\/v2\/types\/product"}],"wp:featuredmedia":[{"embeddable":true,"href":"https:\/\/wpguerssen-test.odoo.rgbconsulting.com\/es\/wp-json\/wp\/v2\/media\/219120"}],"wp:attachment":[{"href":"https:\/\/wpguerssen-test.odoo.rgbconsulting.com\/es\/wp-json\/wp\/v2\/media?parent=217446"}],"wp:term":[{"taxonomy":"product_brand","embeddable":true,"href":"https:\/\/wpguerssen-test.odoo.rgbconsulting.com\/es\/wp-json\/wp\/v2\/product_brand?post=217446"},{"taxonomy":"product_cat","embeddable":true,"href":"https:\/\/wpguerssen-test.odoo.rgbconsulting.com\/es\/wp-json\/wp\/v2\/product_cat?post=217446"},{"taxonomy":"product_tag","embeddable":true,"href":"https:\/\/wpguerssen-test.odoo.rgbconsulting.com\/es\/wp-json\/wp\/v2\/product_tag?post=217446"}],"curies":[{"name":"wp","href":"https:\/\/api.w.org\/{rel}","templated":true}]}}