{"id":217447,"date":"2022-10-05T00:00:00","date_gmt":"2022-10-04T22:00:00","guid":{"rendered":"https:\/\/wpguerssen-test.odoo.rgbconsulting.com\/product\/tom-ze\/"},"modified":"2024-04-02T18:10:26","modified_gmt":"2024-04-02T16:10:26","slug":"tom-ze","status":"publish","type":"product","link":"https:\/\/wpguerssen-test.odoo.rgbconsulting.com\/es\/producto\/tom-ze\/","title":{"rendered":"Tom Ze"},"content":{"rendered":"<p>Reeditado por primera vez fuera de Brasil, este es el primer LP de Tom Z\u00e9 en Continental Label y el comunicado de prensa advierte: \u00ab1972 marca el comienzo de una nueva etapa en la carrera de Tom Ze. Decidi\u00f3 pasar a formas m\u00e1s simples de escribir y lanz\u00f3 un disco que es resultado de eso\u00bb. Tom Z\u00e9 es considerado el m\u00e1s \u00abpaulista\u00bb de todos los tropicalistas. \u00c9l vino de Bah\u00eda, pero su poes\u00eda urbana ir\u00f3nica, infundida con los sonidos inc\u00f3modos de la metr\u00f3polis m\u00e1s grande de Am\u00e9rica del Sur, es puro Sao Paulo. Esta reedici\u00f3n incluye fotos in\u00e9ditas, nuevos testimonios del propio Tom Ze&#8217; y un extenso art\u00edculo firmado por Bento Araujo, autor de la serie de libros Lindo Sonho Delirante. Despu\u00e9s de algunos \u00aberrores estrat\u00e9gicos\u00bb en su carrera, Tom Ze&#8217; encontr\u00f3 un nuevo hogar en el sello Continental. Fue all\u00ed donde hizo cuatro \u00e1lbumes para el resto de la d\u00e9cada de 1970, comenzando con este. Cuando se lanz\u00f3 este LP, en 1972, Tom Ze&#8217; ten\u00eda un inter\u00e9s implacable en lo inexplorado, en los experimentos y en lo inusual. Estas canciones revelaron un Tom Ze&#8217; m\u00e1s maduro, abordando temas sociales, conceptos obsoletos, tradiciones falsas y la hipocres\u00eda del gobierno militar de Brasil.<\/p>\n","protected":false},"excerpt":{"rendered":"<p>Reeditado por primera vez fuera de Brasil, este es el primer LP de Tom Z\u00e9 en Continental Label y el comunicado de prensa advierte: \u00ab1972 marca el comienzo de una<a class=\"read\" href=\"https:\/\/wpguerssen-test.odoo.rgbconsulting.com\/es\/producto\/tom-ze\/\"> (...)<\/a>","protected":false},"featured_media":219122,"template":"","meta":{"_acf_changed":false},"product_brand":[],"product_cat":[23231],"product_tag":[],"class_list":{"0":"post-217447","1":"product","2":"type-product","3":"status-publish","4":"has-post-thumbnail","6":"product_cat-latin-brazilian-es","7":"pa_artist-ze-tom","8":"pa_format-lp-es","9":"pa_gender-latin-brazilian","10":"pa_label-tres-selos-eaeo","11":"pa_location-south-america-caribbean-es","12":"pa_other-filters-vinyl-only-es","14":"first","15":"instock","16":"taxable","17":"shipping-taxable","18":"purchasable","19":"product-type-simple"},"acf":[],"yoast_head":"<!-- This site is optimized with the Yoast SEO plugin v24.9 - https:\/\/yoast.com\/wordpress\/plugins\/seo\/ -->\n<title>ZE, Tom - Tom Ze -  (LP) | Guerssen<\/title>\n<meta name=\"description\" content=\"Reissued for the first time outside of Brazil, this is Tom Z\u00e9&#039;s first LP on Continental Label and the press release warned: &quot;1972 marks the beginning of a new phase in Tom Ze&#039;s career. He decided to move into simpler forms of writing and released an album that is a result of that&quot;. Tom Z\u00e9 is considered the most &quot;paulista&quot; of all Tropicalistas. He came from Bahia, but his wry urban poetry, infused with the uncomfortable sounds of the largest metropolis of South America, is pure Sao Paulo. This reissue includes unseen photos, new testimonials from Tom Ze&#039; himself and a lengthy article signed by Bento Araujo, author of the book series Lindo Sonho Delirante. After a few &quot;strategic mistakes&quot; in his career, Tom Ze&#039; found a new home at Continental label. It was there that he made four albums for the remaining 1970s, beginning with this one. When this LP was released, in 1972, Tom Ze&#039; had a relentless interest in the unexplored, in the experiments, and in the unusual. These songs revealed a more mature Tom Ze&#039;, addressing social issues, outdated concepts, false traditions, and the hypocrisy from Brazil&#039;s military government.\" \/>\n<meta name=\"robots\" content=\"index, follow, max-snippet:-1, max-image-preview:large, max-video-preview:-1\" \/>\n<link rel=\"canonical\" href=\"https:\/\/wpguerssen-test.odoo.rgbconsulting.com\/es\/producto\/tom-ze\/\" \/>\n<meta property=\"og:locale\" content=\"es_ES\" \/>\n<meta property=\"og:type\" content=\"article\" \/>\n<meta property=\"og:title\" content=\"ZE, Tom - Tom Ze -  (LP) | Guerssen\" \/>\n<meta property=\"og:description\" content=\"Reissued for the first time outside of Brazil, this is Tom Z\u00e9&#039;s first LP on Continental Label and the press release warned: &quot;1972 marks the beginning of a new phase in Tom Ze&#039;s career. He decided to move into simpler forms of writing and released an album that is a result of that&quot;. Tom Z\u00e9 is considered the most &quot;paulista&quot; of all Tropicalistas. He came from Bahia, but his wry urban poetry, infused with the uncomfortable sounds of the largest metropolis of South America, is pure Sao Paulo. This reissue includes unseen photos, new testimonials from Tom Ze&#039; himself and a lengthy article signed by Bento Araujo, author of the book series Lindo Sonho Delirante. After a few &quot;strategic mistakes&quot; in his career, Tom Ze&#039; found a new home at Continental label. It was there that he made four albums for the remaining 1970s, beginning with this one. When this LP was released, in 1972, Tom Ze&#039; had a relentless interest in the unexplored, in the experiments, and in the unusual. These songs revealed a more mature Tom Ze&#039;, addressing social issues, outdated concepts, false traditions, and the hypocrisy from Brazil&#039;s military government.\" \/>\n<meta property=\"og:url\" content=\"https:\/\/wpguerssen-test.odoo.rgbconsulting.com\/es\/producto\/tom-ze\/\" \/>\n<meta property=\"og:site_name\" content=\"Guerssen records\" \/>\n<meta property=\"article:modified_time\" content=\"2024-04-02T16:10:26+00:00\" \/>\n<meta property=\"og:image\" content=\"https:\/\/wpguerssen-test.odoo.rgbconsulting.com\/wp-content\/uploads\/2022\/10\/41746.jpg\" \/>\n\t<meta property=\"og:image:width\" content=\"600\" \/>\n\t<meta property=\"og:image:height\" content=\"600\" \/>\n\t<meta property=\"og:image:type\" content=\"image\/jpeg\" \/>\n<meta name=\"twitter:card\" content=\"summary_large_image\" \/>\n<meta name=\"twitter:title\" content=\"ZE, Tom - Tom Ze -  (LP) | Guerssen\" \/>\n<meta name=\"twitter:label1\" content=\"Tiempo de lectura\" \/>\n\t<meta name=\"twitter:data1\" content=\"1 minuto\" \/>\n<script type=\"application\/ld+json\" class=\"yoast-schema-graph\">{\"@context\":\"https:\/\/schema.org\",\"@graph\":[{\"@type\":\"WebPage\",\"@id\":\"https:\/\/wpguerssen-test.odoo.rgbconsulting.com\/es\/producto\/tom-ze\/\",\"url\":\"https:\/\/wpguerssen-test.odoo.rgbconsulting.com\/es\/producto\/tom-ze\/\",\"name\":\"ZE, Tom - Tom Ze - (LP) | Guerssen\",\"isPartOf\":{\"@id\":\"https:\/\/wpguerssen-test.odoo.rgbconsulting.com\/es\/#website\"},\"primaryImageOfPage\":{\"@id\":\"https:\/\/wpguerssen-test.odoo.rgbconsulting.com\/es\/producto\/tom-ze\/#primaryimage\"},\"image\":{\"@id\":\"https:\/\/wpguerssen-test.odoo.rgbconsulting.com\/es\/producto\/tom-ze\/#primaryimage\"},\"thumbnailUrl\":\"https:\/\/wpguerssen-test.odoo.rgbconsulting.com\/wp-content\/uploads\/2022\/10\/41746.jpg\",\"datePublished\":\"2022-10-04T22:00:00+00:00\",\"dateModified\":\"2024-04-02T16:10:26+00:00\",\"description\":\"Reissued for the first time outside of Brazil, this is Tom Z\u00e9's first LP on Continental Label and the press release warned: \\\"1972 marks the beginning of a new phase in Tom Ze's career. He decided to move into simpler forms of writing and released an album that is a result of that\\\". Tom Z\u00e9 is considered the most \\\"paulista\\\" of all Tropicalistas. He came from Bahia, but his wry urban poetry, infused with the uncomfortable sounds of the largest metropolis of South America, is pure Sao Paulo. This reissue includes unseen photos, new testimonials from Tom Ze' himself and a lengthy article signed by Bento Araujo, author of the book series Lindo Sonho Delirante. After a few \\\"strategic mistakes\\\" in his career, Tom Ze' found a new home at Continental label. It was there that he made four albums for the remaining 1970s, beginning with this one. When this LP was released, in 1972, Tom Ze' had a relentless interest in the unexplored, in the experiments, and in the unusual. These songs revealed a more mature Tom Ze', addressing social issues, outdated concepts, false traditions, and the hypocrisy from Brazil's military government.\",\"breadcrumb\":{\"@id\":\"https:\/\/wpguerssen-test.odoo.rgbconsulting.com\/es\/producto\/tom-ze\/#breadcrumb\"},\"inLanguage\":\"es\",\"potentialAction\":[{\"@type\":\"ReadAction\",\"target\":[\"https:\/\/wpguerssen-test.odoo.rgbconsulting.com\/es\/producto\/tom-ze\/\"]}]},{\"@type\":\"ImageObject\",\"inLanguage\":\"es\",\"@id\":\"https:\/\/wpguerssen-test.odoo.rgbconsulting.com\/es\/producto\/tom-ze\/#primaryimage\",\"url\":\"https:\/\/wpguerssen-test.odoo.rgbconsulting.com\/wp-content\/uploads\/2022\/10\/41746.jpg\",\"contentUrl\":\"https:\/\/wpguerssen-test.odoo.rgbconsulting.com\/wp-content\/uploads\/2022\/10\/41746.jpg\",\"width\":600,\"height\":600,\"caption\":\"Tom - Tom Ze - TRES SELOS\/EAEO (LP) | Guerssen\"},{\"@type\":\"BreadcrumbList\",\"@id\":\"https:\/\/wpguerssen-test.odoo.rgbconsulting.com\/es\/producto\/tom-ze\/#breadcrumb\",\"itemListElement\":[{\"@type\":\"ListItem\",\"position\":1,\"name\":\"Inicio\",\"item\":\"https:\/\/wpguerssen-test.odoo.rgbconsulting.com\/es\/\"},{\"@type\":\"ListItem\",\"position\":2,\"name\":\"Shop\",\"item\":\"https:\/\/wpguerssen-test.odoo.rgbconsulting.com\/shop\/\"},{\"@type\":\"ListItem\",\"position\":3,\"name\":\"Tom Ze\"}]},{\"@type\":\"WebSite\",\"@id\":\"https:\/\/wpguerssen-test.odoo.rgbconsulting.com\/es\/#website\",\"url\":\"https:\/\/wpguerssen-test.odoo.rgbconsulting.com\/es\/\",\"name\":\"Guerssen records\",\"description\":\"psychedelia - progressive - folk - garage \",\"publisher\":{\"@id\":\"https:\/\/wpguerssen-test.odoo.rgbconsulting.com\/es\/#organization\"},\"potentialAction\":[{\"@type\":\"SearchAction\",\"target\":{\"@type\":\"EntryPoint\",\"urlTemplate\":\"https:\/\/wpguerssen-test.odoo.rgbconsulting.com\/es\/?s={search_term_string}\"},\"query-input\":{\"@type\":\"PropertyValueSpecification\",\"valueRequired\":true,\"valueName\":\"search_term_string\"}}],\"inLanguage\":\"es\"},{\"@type\":\"Organization\",\"@id\":\"https:\/\/wpguerssen-test.odoo.rgbconsulting.com\/es\/#organization\",\"name\":\"Guerssen records\",\"url\":\"https:\/\/wpguerssen-test.odoo.rgbconsulting.com\/es\/\",\"logo\":{\"@type\":\"ImageObject\",\"inLanguage\":\"es\",\"@id\":\"https:\/\/wpguerssen-test.odoo.rgbconsulting.com\/es\/#\/schema\/logo\/image\/\",\"url\":\"https:\/\/wpguerssen-test.odoo.rgbconsulting.com\/wp-content\/uploads\/2022\/04\/Logo_Guerssen_trans_100.png\",\"contentUrl\":\"https:\/\/wpguerssen-test.odoo.rgbconsulting.com\/wp-content\/uploads\/2022\/04\/Logo_Guerssen_trans_100.png\",\"width\":122,\"height\":100,\"caption\":\"Guerssen records\"},\"image\":{\"@id\":\"https:\/\/wpguerssen-test.odoo.rgbconsulting.com\/es\/#\/schema\/logo\/image\/\"}}]}<\/script>\n<!-- \/ Yoast SEO plugin. -->","yoast_head_json":{"title":"ZE, Tom - Tom Ze -  (LP) | Guerssen","description":"Reissued for the first time outside of Brazil, this is Tom Z\u00e9's first LP on Continental Label and the press release warned: \"1972 marks the beginning of a new phase in Tom Ze's career. He decided to move into simpler forms of writing and released an album that is a result of that\". Tom Z\u00e9 is considered the most \"paulista\" of all Tropicalistas. He came from Bahia, but his wry urban poetry, infused with the uncomfortable sounds of the largest metropolis of South America, is pure Sao Paulo. This reissue includes unseen photos, new testimonials from Tom Ze' himself and a lengthy article signed by Bento Araujo, author of the book series Lindo Sonho Delirante. After a few \"strategic mistakes\" in his career, Tom Ze' found a new home at Continental label. It was there that he made four albums for the remaining 1970s, beginning with this one. When this LP was released, in 1972, Tom Ze' had a relentless interest in the unexplored, in the experiments, and in the unusual. These songs revealed a more mature Tom Ze', addressing social issues, outdated concepts, false traditions, and the hypocrisy from Brazil's military government.","robots":{"index":"index","follow":"follow","max-snippet":"max-snippet:-1","max-image-preview":"max-image-preview:large","max-video-preview":"max-video-preview:-1"},"canonical":"https:\/\/wpguerssen-test.odoo.rgbconsulting.com\/es\/producto\/tom-ze\/","og_locale":"es_ES","og_type":"article","og_title":"ZE, Tom - Tom Ze -  (LP) | Guerssen","og_description":"Reissued for the first time outside of Brazil, this is Tom Z\u00e9's first LP on Continental Label and the press release warned: \"1972 marks the beginning of a new phase in Tom Ze's career. He decided to move into simpler forms of writing and released an album that is a result of that\". Tom Z\u00e9 is considered the most \"paulista\" of all Tropicalistas. He came from Bahia, but his wry urban poetry, infused with the uncomfortable sounds of the largest metropolis of South America, is pure Sao Paulo. This reissue includes unseen photos, new testimonials from Tom Ze' himself and a lengthy article signed by Bento Araujo, author of the book series Lindo Sonho Delirante. After a few \"strategic mistakes\" in his career, Tom Ze' found a new home at Continental label. It was there that he made four albums for the remaining 1970s, beginning with this one. When this LP was released, in 1972, Tom Ze' had a relentless interest in the unexplored, in the experiments, and in the unusual. These songs revealed a more mature Tom Ze', addressing social issues, outdated concepts, false traditions, and the hypocrisy from Brazil's military government.","og_url":"https:\/\/wpguerssen-test.odoo.rgbconsulting.com\/es\/producto\/tom-ze\/","og_site_name":"Guerssen records","article_modified_time":"2024-04-02T16:10:26+00:00","og_image":[{"width":600,"height":600,"url":"https:\/\/wpguerssen-test.odoo.rgbconsulting.com\/wp-content\/uploads\/2022\/10\/41746.jpg","type":"image\/jpeg"}],"twitter_card":"summary_large_image","twitter_title":"ZE, Tom - Tom Ze -  (LP) | Guerssen","twitter_misc":{"Tiempo de lectura":"1 minuto"},"schema":{"@context":"https:\/\/schema.org","@graph":[{"@type":"WebPage","@id":"https:\/\/wpguerssen-test.odoo.rgbconsulting.com\/es\/producto\/tom-ze\/","url":"https:\/\/wpguerssen-test.odoo.rgbconsulting.com\/es\/producto\/tom-ze\/","name":"ZE, Tom - Tom Ze - (LP) | Guerssen","isPartOf":{"@id":"https:\/\/wpguerssen-test.odoo.rgbconsulting.com\/es\/#website"},"primaryImageOfPage":{"@id":"https:\/\/wpguerssen-test.odoo.rgbconsulting.com\/es\/producto\/tom-ze\/#primaryimage"},"image":{"@id":"https:\/\/wpguerssen-test.odoo.rgbconsulting.com\/es\/producto\/tom-ze\/#primaryimage"},"thumbnailUrl":"https:\/\/wpguerssen-test.odoo.rgbconsulting.com\/wp-content\/uploads\/2022\/10\/41746.jpg","datePublished":"2022-10-04T22:00:00+00:00","dateModified":"2024-04-02T16:10:26+00:00","description":"Reissued for the first time outside of Brazil, this is Tom Z\u00e9's first LP on Continental Label and the press release warned: \"1972 marks the beginning of a new phase in Tom Ze's career. He decided to move into simpler forms of writing and released an album that is a result of that\". Tom Z\u00e9 is considered the most \"paulista\" of all Tropicalistas. He came from Bahia, but his wry urban poetry, infused with the uncomfortable sounds of the largest metropolis of South America, is pure Sao Paulo. This reissue includes unseen photos, new testimonials from Tom Ze' himself and a lengthy article signed by Bento Araujo, author of the book series Lindo Sonho Delirante. After a few \"strategic mistakes\" in his career, Tom Ze' found a new home at Continental label. It was there that he made four albums for the remaining 1970s, beginning with this one. When this LP was released, in 1972, Tom Ze' had a relentless interest in the unexplored, in the experiments, and in the unusual. These songs revealed a more mature Tom Ze', addressing social issues, outdated concepts, false traditions, and the hypocrisy from Brazil's military government.","breadcrumb":{"@id":"https:\/\/wpguerssen-test.odoo.rgbconsulting.com\/es\/producto\/tom-ze\/#breadcrumb"},"inLanguage":"es","potentialAction":[{"@type":"ReadAction","target":["https:\/\/wpguerssen-test.odoo.rgbconsulting.com\/es\/producto\/tom-ze\/"]}]},{"@type":"ImageObject","inLanguage":"es","@id":"https:\/\/wpguerssen-test.odoo.rgbconsulting.com\/es\/producto\/tom-ze\/#primaryimage","url":"https:\/\/wpguerssen-test.odoo.rgbconsulting.com\/wp-content\/uploads\/2022\/10\/41746.jpg","contentUrl":"https:\/\/wpguerssen-test.odoo.rgbconsulting.com\/wp-content\/uploads\/2022\/10\/41746.jpg","width":600,"height":600,"caption":"Tom - Tom Ze - TRES SELOS\/EAEO (LP) | Guerssen"},{"@type":"BreadcrumbList","@id":"https:\/\/wpguerssen-test.odoo.rgbconsulting.com\/es\/producto\/tom-ze\/#breadcrumb","itemListElement":[{"@type":"ListItem","position":1,"name":"Inicio","item":"https:\/\/wpguerssen-test.odoo.rgbconsulting.com\/es\/"},{"@type":"ListItem","position":2,"name":"Shop","item":"https:\/\/wpguerssen-test.odoo.rgbconsulting.com\/shop\/"},{"@type":"ListItem","position":3,"name":"Tom Ze"}]},{"@type":"WebSite","@id":"https:\/\/wpguerssen-test.odoo.rgbconsulting.com\/es\/#website","url":"https:\/\/wpguerssen-test.odoo.rgbconsulting.com\/es\/","name":"Guerssen records","description":"psychedelia - progressive - folk - garage ","publisher":{"@id":"https:\/\/wpguerssen-test.odoo.rgbconsulting.com\/es\/#organization"},"potentialAction":[{"@type":"SearchAction","target":{"@type":"EntryPoint","urlTemplate":"https:\/\/wpguerssen-test.odoo.rgbconsulting.com\/es\/?s={search_term_string}"},"query-input":{"@type":"PropertyValueSpecification","valueRequired":true,"valueName":"search_term_string"}}],"inLanguage":"es"},{"@type":"Organization","@id":"https:\/\/wpguerssen-test.odoo.rgbconsulting.com\/es\/#organization","name":"Guerssen records","url":"https:\/\/wpguerssen-test.odoo.rgbconsulting.com\/es\/","logo":{"@type":"ImageObject","inLanguage":"es","@id":"https:\/\/wpguerssen-test.odoo.rgbconsulting.com\/es\/#\/schema\/logo\/image\/","url":"https:\/\/wpguerssen-test.odoo.rgbconsulting.com\/wp-content\/uploads\/2022\/04\/Logo_Guerssen_trans_100.png","contentUrl":"https:\/\/wpguerssen-test.odoo.rgbconsulting.com\/wp-content\/uploads\/2022\/04\/Logo_Guerssen_trans_100.png","width":122,"height":100,"caption":"Guerssen records"},"image":{"@id":"https:\/\/wpguerssen-test.odoo.rgbconsulting.com\/es\/#\/schema\/logo\/image\/"}}]}},"_links":{"self":[{"href":"https:\/\/wpguerssen-test.odoo.rgbconsulting.com\/es\/wp-json\/wp\/v2\/product\/217447","targetHints":{"allow":["GET"]}}],"collection":[{"href":"https:\/\/wpguerssen-test.odoo.rgbconsulting.com\/es\/wp-json\/wp\/v2\/product"}],"about":[{"href":"https:\/\/wpguerssen-test.odoo.rgbconsulting.com\/es\/wp-json\/wp\/v2\/types\/product"}],"wp:featuredmedia":[{"embeddable":true,"href":"https:\/\/wpguerssen-test.odoo.rgbconsulting.com\/es\/wp-json\/wp\/v2\/media\/219122"}],"wp:attachment":[{"href":"https:\/\/wpguerssen-test.odoo.rgbconsulting.com\/es\/wp-json\/wp\/v2\/media?parent=217447"}],"wp:term":[{"taxonomy":"product_brand","embeddable":true,"href":"https:\/\/wpguerssen-test.odoo.rgbconsulting.com\/es\/wp-json\/wp\/v2\/product_brand?post=217447"},{"taxonomy":"product_cat","embeddable":true,"href":"https:\/\/wpguerssen-test.odoo.rgbconsulting.com\/es\/wp-json\/wp\/v2\/product_cat?post=217447"},{"taxonomy":"product_tag","embeddable":true,"href":"https:\/\/wpguerssen-test.odoo.rgbconsulting.com\/es\/wp-json\/wp\/v2\/product_tag?post=217447"}],"curies":[{"name":"wp","href":"https:\/\/api.w.org\/{rel}","templated":true}]}}