{"id":217492,"date":"2021-08-24T00:00:00","date_gmt":"2021-08-23T22:00:00","guid":{"rendered":"https:\/\/wpguerssen-test.odoo.rgbconsulting.com\/product\/storie-di-guerra\/"},"modified":"2024-11-15T13:24:42","modified_gmt":"2024-11-15T12:24:42","slug":"storie-di-guerra","status":"publish","type":"product","link":"https:\/\/wpguerssen-test.odoo.rgbconsulting.com\/es\/producto\/storie-di-guerra\/","title":{"rendered":"Storie Di Guerra"},"content":{"rendered":"<p>Bater\u00eda siniestra, violonchelos oscuros, guitarras borrosas y distorsionadas, secuencias de piano psicod\u00e9licas: el legendario compositor italiano Alessandro Alessandroni crea una atm\u00f3sfera de guerra sombr\u00eda y arenosa en este cl\u00e1sico \u00e1lbum de biblioteca \u00abStorie Di Guerra\u00bb. Lanzado originalmente en el sello Octopus Records de Flipper Music en 1972, esta m\u00fasica oscura y espeluznante ha estado agotada durante mucho tiempo: 50 a\u00f1os despu\u00e9s de su lanzamiento, nos complace volver a traerlo en vinilo en colaboraci\u00f3n con Flipper Music como una edici\u00f3n limitada de 500 copias!<\/p>\n","protected":false},"excerpt":{"rendered":"<p>Bater\u00eda siniestra, violonchelos oscuros, guitarras borrosas y distorsionadas, secuencias de piano psicod\u00e9licas: el legendario compositor italiano Alessandro Alessandroni<a class=\"read\" href=\"https:\/\/wpguerssen-test.odoo.rgbconsulting.com\/es\/producto\/storie-di-guerra\/\"> (...)<\/a>","protected":false},"featured_media":219533,"template":"","meta":{"_acf_changed":false},"product_brand":[],"product_cat":[21641],"product_tag":[],"class_list":{"0":"post-217492","1":"product","2":"type-product","3":"status-publish","4":"has-post-thumbnail","6":"product_cat-soundtracks-es","7":"pa_artist-alessandroni-alessandro","8":"pa_format-lp-es","9":"pa_gender-soundtracks","10":"pa_label-holy-basil","11":"pa_location-europe-es","12":"pa_other-filters-vinyl-only-es","14":"first","15":"instock","16":"taxable","17":"shipping-taxable","18":"purchasable","19":"product-type-simple"},"acf":[],"yoast_head":"<!-- This site is optimized with the Yoast SEO plugin v24.9 - https:\/\/yoast.com\/wordpress\/plugins\/seo\/ -->\n<title>ALESSANDRONI, Alessandro - Storie Di Guerra -  (LP) | Guerssen<\/title>\n<meta name=\"description\" content=\"Ominous drums, obscure cellos, fuzzy and distorted guitars, psychedelic piano sequences: legendary Italian composer Alessandro Alessandroni creates a somber and gritty war atmosphere on this classic library album &quot;Storie Di Guerra&quot;. Originally released on the Octopus Records imprint by Flipper Music in 1972, this obscure and spooky library has been long out of print -- 50 years past its release we are happy to bring this back on vinyl in collaboration with Flipper Music as a limited edition of 500 copies!\" \/>\n<meta name=\"robots\" content=\"index, follow, max-snippet:-1, max-image-preview:large, max-video-preview:-1\" \/>\n<link rel=\"canonical\" href=\"https:\/\/wpguerssen-test.odoo.rgbconsulting.com\/es\/producto\/storie-di-guerra\/\" \/>\n<meta property=\"og:locale\" content=\"es_ES\" \/>\n<meta property=\"og:type\" content=\"article\" \/>\n<meta property=\"og:title\" content=\"ALESSANDRONI, Alessandro - Storie Di Guerra -  (LP) | Guerssen\" \/>\n<meta property=\"og:description\" content=\"Ominous drums, obscure cellos, fuzzy and distorted guitars, psychedelic piano sequences: legendary Italian composer Alessandro Alessandroni creates a somber and gritty war atmosphere on this classic library album &quot;Storie Di Guerra&quot;. Originally released on the Octopus Records imprint by Flipper Music in 1972, this obscure and spooky library has been long out of print -- 50 years past its release we are happy to bring this back on vinyl in collaboration with Flipper Music as a limited edition of 500 copies!\" \/>\n<meta property=\"og:url\" content=\"https:\/\/wpguerssen-test.odoo.rgbconsulting.com\/es\/producto\/storie-di-guerra\/\" \/>\n<meta property=\"og:site_name\" content=\"Guerssen records\" \/>\n<meta property=\"article:modified_time\" content=\"2024-11-15T12:24:42+00:00\" \/>\n<meta property=\"og:image\" content=\"https:\/\/wpguerssen-test.odoo.rgbconsulting.com\/wp-content\/uploads\/2022\/10\/41748.jpg\" \/>\n\t<meta property=\"og:image:width\" content=\"1200\" \/>\n\t<meta property=\"og:image:height\" content=\"1200\" \/>\n\t<meta property=\"og:image:type\" content=\"image\/jpeg\" \/>\n<meta name=\"twitter:card\" content=\"summary_large_image\" \/>\n<meta name=\"twitter:title\" content=\"ALESSANDRONI, Alessandro - Storie Di Guerra -  (LP) | Guerssen\" \/>\n<script type=\"application\/ld+json\" class=\"yoast-schema-graph\">{\"@context\":\"https:\/\/schema.org\",\"@graph\":[{\"@type\":\"WebPage\",\"@id\":\"https:\/\/wpguerssen-test.odoo.rgbconsulting.com\/es\/producto\/storie-di-guerra\/\",\"url\":\"https:\/\/wpguerssen-test.odoo.rgbconsulting.com\/es\/producto\/storie-di-guerra\/\",\"name\":\"ALESSANDRONI, Alessandro - Storie Di Guerra - (LP) | Guerssen\",\"isPartOf\":{\"@id\":\"https:\/\/wpguerssen-test.odoo.rgbconsulting.com\/es\/#website\"},\"primaryImageOfPage\":{\"@id\":\"https:\/\/wpguerssen-test.odoo.rgbconsulting.com\/es\/producto\/storie-di-guerra\/#primaryimage\"},\"image\":{\"@id\":\"https:\/\/wpguerssen-test.odoo.rgbconsulting.com\/es\/producto\/storie-di-guerra\/#primaryimage\"},\"thumbnailUrl\":\"https:\/\/wpguerssen-test.odoo.rgbconsulting.com\/wp-content\/uploads\/2022\/10\/41748.jpg\",\"datePublished\":\"2021-08-23T22:00:00+00:00\",\"dateModified\":\"2024-11-15T12:24:42+00:00\",\"description\":\"Ominous drums, obscure cellos, fuzzy and distorted guitars, psychedelic piano sequences: legendary Italian composer Alessandro Alessandroni creates a somber and gritty war atmosphere on this classic library album \\\"Storie Di Guerra\\\". Originally released on the Octopus Records imprint by Flipper Music in 1972, this obscure and spooky library has been long out of print -- 50 years past its release we are happy to bring this back on vinyl in collaboration with Flipper Music as a limited edition of 500 copies!\",\"breadcrumb\":{\"@id\":\"https:\/\/wpguerssen-test.odoo.rgbconsulting.com\/es\/producto\/storie-di-guerra\/#breadcrumb\"},\"inLanguage\":\"es\",\"potentialAction\":[{\"@type\":\"ReadAction\",\"target\":[\"https:\/\/wpguerssen-test.odoo.rgbconsulting.com\/es\/producto\/storie-di-guerra\/\"]}]},{\"@type\":\"ImageObject\",\"inLanguage\":\"es\",\"@id\":\"https:\/\/wpguerssen-test.odoo.rgbconsulting.com\/es\/producto\/storie-di-guerra\/#primaryimage\",\"url\":\"https:\/\/wpguerssen-test.odoo.rgbconsulting.com\/wp-content\/uploads\/2022\/10\/41748.jpg\",\"contentUrl\":\"https:\/\/wpguerssen-test.odoo.rgbconsulting.com\/wp-content\/uploads\/2022\/10\/41748.jpg\",\"width\":1200,\"height\":1200,\"caption\":\"Alessandro - Storie Di Guerra - HOLY BASIL (LP) | Guerssen\"},{\"@type\":\"BreadcrumbList\",\"@id\":\"https:\/\/wpguerssen-test.odoo.rgbconsulting.com\/es\/producto\/storie-di-guerra\/#breadcrumb\",\"itemListElement\":[{\"@type\":\"ListItem\",\"position\":1,\"name\":\"Inicio\",\"item\":\"https:\/\/wpguerssen-test.odoo.rgbconsulting.com\/es\/\"},{\"@type\":\"ListItem\",\"position\":2,\"name\":\"Shop\",\"item\":\"https:\/\/wpguerssen-test.odoo.rgbconsulting.com\/shop\/\"},{\"@type\":\"ListItem\",\"position\":3,\"name\":\"Storie Di Guerra\"}]},{\"@type\":\"WebSite\",\"@id\":\"https:\/\/wpguerssen-test.odoo.rgbconsulting.com\/es\/#website\",\"url\":\"https:\/\/wpguerssen-test.odoo.rgbconsulting.com\/es\/\",\"name\":\"Guerssen records\",\"description\":\"psychedelia - progressive - folk - garage \",\"publisher\":{\"@id\":\"https:\/\/wpguerssen-test.odoo.rgbconsulting.com\/es\/#organization\"},\"potentialAction\":[{\"@type\":\"SearchAction\",\"target\":{\"@type\":\"EntryPoint\",\"urlTemplate\":\"https:\/\/wpguerssen-test.odoo.rgbconsulting.com\/es\/?s={search_term_string}\"},\"query-input\":{\"@type\":\"PropertyValueSpecification\",\"valueRequired\":true,\"valueName\":\"search_term_string\"}}],\"inLanguage\":\"es\"},{\"@type\":\"Organization\",\"@id\":\"https:\/\/wpguerssen-test.odoo.rgbconsulting.com\/es\/#organization\",\"name\":\"Guerssen records\",\"url\":\"https:\/\/wpguerssen-test.odoo.rgbconsulting.com\/es\/\",\"logo\":{\"@type\":\"ImageObject\",\"inLanguage\":\"es\",\"@id\":\"https:\/\/wpguerssen-test.odoo.rgbconsulting.com\/es\/#\/schema\/logo\/image\/\",\"url\":\"https:\/\/wpguerssen-test.odoo.rgbconsulting.com\/wp-content\/uploads\/2022\/04\/Logo_Guerssen_trans_100.png\",\"contentUrl\":\"https:\/\/wpguerssen-test.odoo.rgbconsulting.com\/wp-content\/uploads\/2022\/04\/Logo_Guerssen_trans_100.png\",\"width\":122,\"height\":100,\"caption\":\"Guerssen records\"},\"image\":{\"@id\":\"https:\/\/wpguerssen-test.odoo.rgbconsulting.com\/es\/#\/schema\/logo\/image\/\"}}]}<\/script>\n<!-- \/ Yoast SEO plugin. -->","yoast_head_json":{"title":"ALESSANDRONI, Alessandro - Storie Di Guerra -  (LP) | Guerssen","description":"Ominous drums, obscure cellos, fuzzy and distorted guitars, psychedelic piano sequences: legendary Italian composer Alessandro Alessandroni creates a somber and gritty war atmosphere on this classic library album \"Storie Di Guerra\". Originally released on the Octopus Records imprint by Flipper Music in 1972, this obscure and spooky library has been long out of print -- 50 years past its release we are happy to bring this back on vinyl in collaboration with Flipper Music as a limited edition of 500 copies!","robots":{"index":"index","follow":"follow","max-snippet":"max-snippet:-1","max-image-preview":"max-image-preview:large","max-video-preview":"max-video-preview:-1"},"canonical":"https:\/\/wpguerssen-test.odoo.rgbconsulting.com\/es\/producto\/storie-di-guerra\/","og_locale":"es_ES","og_type":"article","og_title":"ALESSANDRONI, Alessandro - Storie Di Guerra -  (LP) | Guerssen","og_description":"Ominous drums, obscure cellos, fuzzy and distorted guitars, psychedelic piano sequences: legendary Italian composer Alessandro Alessandroni creates a somber and gritty war atmosphere on this classic library album \"Storie Di Guerra\". Originally released on the Octopus Records imprint by Flipper Music in 1972, this obscure and spooky library has been long out of print -- 50 years past its release we are happy to bring this back on vinyl in collaboration with Flipper Music as a limited edition of 500 copies!","og_url":"https:\/\/wpguerssen-test.odoo.rgbconsulting.com\/es\/producto\/storie-di-guerra\/","og_site_name":"Guerssen records","article_modified_time":"2024-11-15T12:24:42+00:00","og_image":[{"width":1200,"height":1200,"url":"https:\/\/wpguerssen-test.odoo.rgbconsulting.com\/wp-content\/uploads\/2022\/10\/41748.jpg","type":"image\/jpeg"}],"twitter_card":"summary_large_image","twitter_title":"ALESSANDRONI, Alessandro - Storie Di Guerra -  (LP) | Guerssen","schema":{"@context":"https:\/\/schema.org","@graph":[{"@type":"WebPage","@id":"https:\/\/wpguerssen-test.odoo.rgbconsulting.com\/es\/producto\/storie-di-guerra\/","url":"https:\/\/wpguerssen-test.odoo.rgbconsulting.com\/es\/producto\/storie-di-guerra\/","name":"ALESSANDRONI, Alessandro - Storie Di Guerra - (LP) | Guerssen","isPartOf":{"@id":"https:\/\/wpguerssen-test.odoo.rgbconsulting.com\/es\/#website"},"primaryImageOfPage":{"@id":"https:\/\/wpguerssen-test.odoo.rgbconsulting.com\/es\/producto\/storie-di-guerra\/#primaryimage"},"image":{"@id":"https:\/\/wpguerssen-test.odoo.rgbconsulting.com\/es\/producto\/storie-di-guerra\/#primaryimage"},"thumbnailUrl":"https:\/\/wpguerssen-test.odoo.rgbconsulting.com\/wp-content\/uploads\/2022\/10\/41748.jpg","datePublished":"2021-08-23T22:00:00+00:00","dateModified":"2024-11-15T12:24:42+00:00","description":"Ominous drums, obscure cellos, fuzzy and distorted guitars, psychedelic piano sequences: legendary Italian composer Alessandro Alessandroni creates a somber and gritty war atmosphere on this classic library album \"Storie Di Guerra\". Originally released on the Octopus Records imprint by Flipper Music in 1972, this obscure and spooky library has been long out of print -- 50 years past its release we are happy to bring this back on vinyl in collaboration with Flipper Music as a limited edition of 500 copies!","breadcrumb":{"@id":"https:\/\/wpguerssen-test.odoo.rgbconsulting.com\/es\/producto\/storie-di-guerra\/#breadcrumb"},"inLanguage":"es","potentialAction":[{"@type":"ReadAction","target":["https:\/\/wpguerssen-test.odoo.rgbconsulting.com\/es\/producto\/storie-di-guerra\/"]}]},{"@type":"ImageObject","inLanguage":"es","@id":"https:\/\/wpguerssen-test.odoo.rgbconsulting.com\/es\/producto\/storie-di-guerra\/#primaryimage","url":"https:\/\/wpguerssen-test.odoo.rgbconsulting.com\/wp-content\/uploads\/2022\/10\/41748.jpg","contentUrl":"https:\/\/wpguerssen-test.odoo.rgbconsulting.com\/wp-content\/uploads\/2022\/10\/41748.jpg","width":1200,"height":1200,"caption":"Alessandro - Storie Di Guerra - HOLY BASIL (LP) | Guerssen"},{"@type":"BreadcrumbList","@id":"https:\/\/wpguerssen-test.odoo.rgbconsulting.com\/es\/producto\/storie-di-guerra\/#breadcrumb","itemListElement":[{"@type":"ListItem","position":1,"name":"Inicio","item":"https:\/\/wpguerssen-test.odoo.rgbconsulting.com\/es\/"},{"@type":"ListItem","position":2,"name":"Shop","item":"https:\/\/wpguerssen-test.odoo.rgbconsulting.com\/shop\/"},{"@type":"ListItem","position":3,"name":"Storie Di Guerra"}]},{"@type":"WebSite","@id":"https:\/\/wpguerssen-test.odoo.rgbconsulting.com\/es\/#website","url":"https:\/\/wpguerssen-test.odoo.rgbconsulting.com\/es\/","name":"Guerssen records","description":"psychedelia - progressive - folk - garage ","publisher":{"@id":"https:\/\/wpguerssen-test.odoo.rgbconsulting.com\/es\/#organization"},"potentialAction":[{"@type":"SearchAction","target":{"@type":"EntryPoint","urlTemplate":"https:\/\/wpguerssen-test.odoo.rgbconsulting.com\/es\/?s={search_term_string}"},"query-input":{"@type":"PropertyValueSpecification","valueRequired":true,"valueName":"search_term_string"}}],"inLanguage":"es"},{"@type":"Organization","@id":"https:\/\/wpguerssen-test.odoo.rgbconsulting.com\/es\/#organization","name":"Guerssen records","url":"https:\/\/wpguerssen-test.odoo.rgbconsulting.com\/es\/","logo":{"@type":"ImageObject","inLanguage":"es","@id":"https:\/\/wpguerssen-test.odoo.rgbconsulting.com\/es\/#\/schema\/logo\/image\/","url":"https:\/\/wpguerssen-test.odoo.rgbconsulting.com\/wp-content\/uploads\/2022\/04\/Logo_Guerssen_trans_100.png","contentUrl":"https:\/\/wpguerssen-test.odoo.rgbconsulting.com\/wp-content\/uploads\/2022\/04\/Logo_Guerssen_trans_100.png","width":122,"height":100,"caption":"Guerssen records"},"image":{"@id":"https:\/\/wpguerssen-test.odoo.rgbconsulting.com\/es\/#\/schema\/logo\/image\/"}}]}},"_links":{"self":[{"href":"https:\/\/wpguerssen-test.odoo.rgbconsulting.com\/es\/wp-json\/wp\/v2\/product\/217492","targetHints":{"allow":["GET"]}}],"collection":[{"href":"https:\/\/wpguerssen-test.odoo.rgbconsulting.com\/es\/wp-json\/wp\/v2\/product"}],"about":[{"href":"https:\/\/wpguerssen-test.odoo.rgbconsulting.com\/es\/wp-json\/wp\/v2\/types\/product"}],"wp:featuredmedia":[{"embeddable":true,"href":"https:\/\/wpguerssen-test.odoo.rgbconsulting.com\/es\/wp-json\/wp\/v2\/media\/219533"}],"wp:attachment":[{"href":"https:\/\/wpguerssen-test.odoo.rgbconsulting.com\/es\/wp-json\/wp\/v2\/media?parent=217492"}],"wp:term":[{"taxonomy":"product_brand","embeddable":true,"href":"https:\/\/wpguerssen-test.odoo.rgbconsulting.com\/es\/wp-json\/wp\/v2\/product_brand?post=217492"},{"taxonomy":"product_cat","embeddable":true,"href":"https:\/\/wpguerssen-test.odoo.rgbconsulting.com\/es\/wp-json\/wp\/v2\/product_cat?post=217492"},{"taxonomy":"product_tag","embeddable":true,"href":"https:\/\/wpguerssen-test.odoo.rgbconsulting.com\/es\/wp-json\/wp\/v2\/product_tag?post=217492"}],"curies":[{"name":"wp","href":"https:\/\/api.w.org\/{rel}","templated":true}]}}