{"id":217590,"date":"2023-04-21T00:00:00","date_gmt":"2023-04-20T22:00:00","guid":{"rendered":"https:\/\/wpguerssen-test.odoo.rgbconsulting.com\/product\/funky-biguine-looking-for-you\/"},"modified":"2024-02-21T12:29:32","modified_gmt":"2024-02-21T11:29:32","slug":"funky-biguine-looking-for-you","status":"publish","type":"product","link":"https:\/\/wpguerssen-test.odoo.rgbconsulting.com\/es\/producto\/funky-biguine-looking-for-you\/","title":{"rendered":"Funky Biguine \/ Looking For You"},"content":{"rendered":"<p>Favorite Recordings se enorgullece de presentar su nueva serie de reediciones de 7&#8243; con el siguiente concepto: cada lado dedicado a una pista de Funky French que viene con su arte original. \u00a1Solo tienes que voltearlo!<br \/>En el primer lado, obtendr\u00e1s el incre\u00edble tema \u00abFunky Biguine\u00bb de la banda de las Indias Occidentales Crystal. Compilado originalmente por Charles Maurice en French Disco Boogie Sounds Vol. 2, el \u00e1lbum hom\u00f3nimo original todav\u00eda tiene precios desorbitados. Y hay una raz\u00f3n para ello: \u00abFunky Biguine\u00bb traer\u00e1 la calor en la pista de baile con su encantadora l\u00ednea de bajo de sintetizador, sus influencias de las Indias Occidentales y el melodioso arreglo Funk. \u00a1No te pierdas el solo de sintetizador al final!<br \/>En el otro lado, encontrar\u00e1s una reedici\u00f3n de \u00abLooking For You\u00bb. de J.E.K.Y.S de la isla de Reuni\u00f3n. La canci\u00f3n acaba de comenzar y ya est\u00e1s abrumado por la fuerte l\u00ednea de bajo y las sirenas de este himno del boogie franc\u00e9s, a pesar de que tiene letra en ingl\u00e9s. Originalmente, lo encontrar\u00e1s recopilado por Charles Maurice en French Disco Boogie Sound vol. 3.<\/p>\n","protected":false},"excerpt":{"rendered":"<p>Favorite Recordings se enorgullece de presentar su nueva serie de reediciones de 7&#8243; con el siguiente concepto: cada lado dedicado a una pista de Funky French<a class=\"read\" href=\"https:\/\/wpguerssen-test.odoo.rgbconsulting.com\/es\/producto\/funky-biguine-looking-for-you\/\"> (...)<\/a>","protected":false},"featured_media":221419,"template":"","meta":{"_acf_changed":false},"product_brand":[],"product_cat":[21649,23219],"product_tag":[],"class_list":{"0":"post-217590","1":"product","2":"type-product","3":"status-publish","4":"has-post-thumbnail","6":"product_cat-soul-rnb-es","7":"product_cat-funk-es","8":"pa_artist-crystal-j-e-k-y-s","9":"pa_format-7-es","10":"pa_gender-funk-soul-rnb","11":"pa_label-favorite-recordings","12":"pa_location-europe-es","13":"pa_other-filters-vinyl-only-es","15":"first","16":"instock","17":"taxable","18":"shipping-taxable","19":"purchasable","20":"product-type-simple"},"acf":[],"yoast_head":"<!-- This site is optimized with the Yoast SEO plugin v24.9 - https:\/\/yoast.com\/wordpress\/plugins\/seo\/ -->\n<title>CRYSTAL \/ J.E.K.Y.S - Funky Biguine \/ Looking For You -  (7&quot;) | Guerssen<\/title>\n<meta name=\"description\" content=\"Favorite Recordings proudly present its new series of 7&quot; reissues with the following concept: each side dedicated to one Funky French track coming with its original artwork. You just have to flip it!On the first side, you&#039;ll get the amazing track &quot;Funky Biguine&quot; by West Indies band Crystal. Originally compiled by Charles Maurice on French Disco Boogie Sounds Vol. 2, the original eponymous album still goes for crazy prices. And there&#039;s a reason for that: &quot;Funky Biguine&quot; will bring the heat on the dancefloor with its enchanting synth bassline, its West Indies influences and melodious Funk arrangement. Don&#039;t miss the synth solo in the end!On the other side, you&#039;ll find a reissue of &quot;Looking For You&quot; by J.E.K.Y.S from the island of R\u00e9union. The song has just started and you&#039;re already overwhelmed by the strong bassline and the sirens of this French boogie anthem -despite this one has English lyrics. Originally, you&#039;ll find it compiled by Charles Maurice on French Disco Boogie Sounds Vol. 3. Expect lovely harmonic progressions and perhaps a more spacey groove, as in these beautiful bridges leading to chorus where the lyrics blend perfectly with the synthesisers line and Fender Rhodes.\" \/>\n<meta name=\"robots\" content=\"index, follow, max-snippet:-1, max-image-preview:large, max-video-preview:-1\" \/>\n<link rel=\"canonical\" href=\"https:\/\/wpguerssen-test.odoo.rgbconsulting.com\/es\/producto\/funky-biguine-looking-for-you\/\" \/>\n<meta property=\"og:locale\" content=\"es_ES\" \/>\n<meta property=\"og:type\" content=\"article\" \/>\n<meta property=\"og:title\" content=\"CRYSTAL \/ J.E.K.Y.S - Funky Biguine \/ Looking For You -  (7&quot;) | Guerssen\" \/>\n<meta property=\"og:description\" content=\"Favorite Recordings proudly present its new series of 7&quot; reissues with the following concept: each side dedicated to one Funky French track coming with its original artwork. You just have to flip it!On the first side, you&#039;ll get the amazing track &quot;Funky Biguine&quot; by West Indies band Crystal. Originally compiled by Charles Maurice on French Disco Boogie Sounds Vol. 2, the original eponymous album still goes for crazy prices. And there&#039;s a reason for that: &quot;Funky Biguine&quot; will bring the heat on the dancefloor with its enchanting synth bassline, its West Indies influences and melodious Funk arrangement. Don&#039;t miss the synth solo in the end!On the other side, you&#039;ll find a reissue of &quot;Looking For You&quot; by J.E.K.Y.S from the island of R\u00e9union. The song has just started and you&#039;re already overwhelmed by the strong bassline and the sirens of this French boogie anthem -despite this one has English lyrics. Originally, you&#039;ll find it compiled by Charles Maurice on French Disco Boogie Sounds Vol. 3. Expect lovely harmonic progressions and perhaps a more spacey groove, as in these beautiful bridges leading to chorus where the lyrics blend perfectly with the synthesisers line and Fender Rhodes.\" \/>\n<meta property=\"og:url\" content=\"https:\/\/wpguerssen-test.odoo.rgbconsulting.com\/es\/producto\/funky-biguine-looking-for-you\/\" \/>\n<meta property=\"og:site_name\" content=\"Guerssen records\" \/>\n<meta property=\"article:modified_time\" content=\"2024-02-21T11:29:32+00:00\" \/>\n<meta property=\"og:image\" content=\"https:\/\/wpguerssen-test.odoo.rgbconsulting.com\/wp-content\/uploads\/2022\/11\/41788.jpg\" \/>\n\t<meta property=\"og:image:width\" content=\"1200\" \/>\n\t<meta property=\"og:image:height\" content=\"1200\" \/>\n\t<meta property=\"og:image:type\" content=\"image\/jpeg\" \/>\n<meta name=\"twitter:card\" content=\"summary_large_image\" \/>\n<meta name=\"twitter:title\" content=\"CRYSTAL \/ J.E.K.Y.S - Funky Biguine \/ Looking For You -  (7&quot;) | Guerssen\" \/>\n<meta name=\"twitter:label1\" content=\"Tiempo de lectura\" \/>\n\t<meta name=\"twitter:data1\" content=\"1 minuto\" \/>\n<script type=\"application\/ld+json\" class=\"yoast-schema-graph\">{\"@context\":\"https:\/\/schema.org\",\"@graph\":[{\"@type\":\"WebPage\",\"@id\":\"https:\/\/wpguerssen-test.odoo.rgbconsulting.com\/es\/producto\/funky-biguine-looking-for-you\/\",\"url\":\"https:\/\/wpguerssen-test.odoo.rgbconsulting.com\/es\/producto\/funky-biguine-looking-for-you\/\",\"name\":\"CRYSTAL \/ J.E.K.Y.S - Funky Biguine \/ Looking For You - (7\\\") | Guerssen\",\"isPartOf\":{\"@id\":\"https:\/\/wpguerssen-test.odoo.rgbconsulting.com\/es\/#website\"},\"primaryImageOfPage\":{\"@id\":\"https:\/\/wpguerssen-test.odoo.rgbconsulting.com\/es\/producto\/funky-biguine-looking-for-you\/#primaryimage\"},\"image\":{\"@id\":\"https:\/\/wpguerssen-test.odoo.rgbconsulting.com\/es\/producto\/funky-biguine-looking-for-you\/#primaryimage\"},\"thumbnailUrl\":\"https:\/\/wpguerssen-test.odoo.rgbconsulting.com\/wp-content\/uploads\/2022\/11\/41788.jpg\",\"datePublished\":\"2023-04-20T22:00:00+00:00\",\"dateModified\":\"2024-02-21T11:29:32+00:00\",\"description\":\"Favorite Recordings proudly present its new series of 7\\\" reissues with the following concept: each side dedicated to one Funky French track coming with its original artwork. You just have to flip it!On the first side, you'll get the amazing track \\\"Funky Biguine\\\" by West Indies band Crystal. Originally compiled by Charles Maurice on French Disco Boogie Sounds Vol. 2, the original eponymous album still goes for crazy prices. And there's a reason for that: \\\"Funky Biguine\\\" will bring the heat on the dancefloor with its enchanting synth bassline, its West Indies influences and melodious Funk arrangement. Don't miss the synth solo in the end!On the other side, you'll find a reissue of \\\"Looking For You\\\" by J.E.K.Y.S from the island of R\u00e9union. The song has just started and you're already overwhelmed by the strong bassline and the sirens of this French boogie anthem -despite this one has English lyrics. Originally, you'll find it compiled by Charles Maurice on French Disco Boogie Sounds Vol. 3. Expect lovely harmonic progressions and perhaps a more spacey groove, as in these beautiful bridges leading to chorus where the lyrics blend perfectly with the synthesisers line and Fender Rhodes.\",\"breadcrumb\":{\"@id\":\"https:\/\/wpguerssen-test.odoo.rgbconsulting.com\/es\/producto\/funky-biguine-looking-for-you\/#breadcrumb\"},\"inLanguage\":\"es\",\"potentialAction\":[{\"@type\":\"ReadAction\",\"target\":[\"https:\/\/wpguerssen-test.odoo.rgbconsulting.com\/es\/producto\/funky-biguine-looking-for-you\/\"]}]},{\"@type\":\"ImageObject\",\"inLanguage\":\"es\",\"@id\":\"https:\/\/wpguerssen-test.odoo.rgbconsulting.com\/es\/producto\/funky-biguine-looking-for-you\/#primaryimage\",\"url\":\"https:\/\/wpguerssen-test.odoo.rgbconsulting.com\/wp-content\/uploads\/2022\/11\/41788.jpg\",\"contentUrl\":\"https:\/\/wpguerssen-test.odoo.rgbconsulting.com\/wp-content\/uploads\/2022\/11\/41788.jpg\",\"width\":1200,\"height\":1200},{\"@type\":\"BreadcrumbList\",\"@id\":\"https:\/\/wpguerssen-test.odoo.rgbconsulting.com\/es\/producto\/funky-biguine-looking-for-you\/#breadcrumb\",\"itemListElement\":[{\"@type\":\"ListItem\",\"position\":1,\"name\":\"Inicio\",\"item\":\"https:\/\/wpguerssen-test.odoo.rgbconsulting.com\/es\/\"},{\"@type\":\"ListItem\",\"position\":2,\"name\":\"Shop\",\"item\":\"https:\/\/wpguerssen-test.odoo.rgbconsulting.com\/shop\/\"},{\"@type\":\"ListItem\",\"position\":3,\"name\":\"Funky Biguine \/ Looking For You\"}]},{\"@type\":\"WebSite\",\"@id\":\"https:\/\/wpguerssen-test.odoo.rgbconsulting.com\/es\/#website\",\"url\":\"https:\/\/wpguerssen-test.odoo.rgbconsulting.com\/es\/\",\"name\":\"Guerssen records\",\"description\":\"psychedelia - progressive - folk - garage \",\"publisher\":{\"@id\":\"https:\/\/wpguerssen-test.odoo.rgbconsulting.com\/es\/#organization\"},\"potentialAction\":[{\"@type\":\"SearchAction\",\"target\":{\"@type\":\"EntryPoint\",\"urlTemplate\":\"https:\/\/wpguerssen-test.odoo.rgbconsulting.com\/es\/?s={search_term_string}\"},\"query-input\":{\"@type\":\"PropertyValueSpecification\",\"valueRequired\":true,\"valueName\":\"search_term_string\"}}],\"inLanguage\":\"es\"},{\"@type\":\"Organization\",\"@id\":\"https:\/\/wpguerssen-test.odoo.rgbconsulting.com\/es\/#organization\",\"name\":\"Guerssen records\",\"url\":\"https:\/\/wpguerssen-test.odoo.rgbconsulting.com\/es\/\",\"logo\":{\"@type\":\"ImageObject\",\"inLanguage\":\"es\",\"@id\":\"https:\/\/wpguerssen-test.odoo.rgbconsulting.com\/es\/#\/schema\/logo\/image\/\",\"url\":\"https:\/\/wpguerssen-test.odoo.rgbconsulting.com\/wp-content\/uploads\/2022\/04\/Logo_Guerssen_trans_100.png\",\"contentUrl\":\"https:\/\/wpguerssen-test.odoo.rgbconsulting.com\/wp-content\/uploads\/2022\/04\/Logo_Guerssen_trans_100.png\",\"width\":122,\"height\":100,\"caption\":\"Guerssen records\"},\"image\":{\"@id\":\"https:\/\/wpguerssen-test.odoo.rgbconsulting.com\/es\/#\/schema\/logo\/image\/\"}}]}<\/script>\n<!-- \/ Yoast SEO plugin. -->","yoast_head_json":{"title":"CRYSTAL \/ J.E.K.Y.S - Funky Biguine \/ Looking For You -  (7\") | Guerssen","description":"Favorite Recordings proudly present its new series of 7\" reissues with the following concept: each side dedicated to one Funky French track coming with its original artwork. You just have to flip it!On the first side, you'll get the amazing track \"Funky Biguine\" by West Indies band Crystal. Originally compiled by Charles Maurice on French Disco Boogie Sounds Vol. 2, the original eponymous album still goes for crazy prices. And there's a reason for that: \"Funky Biguine\" will bring the heat on the dancefloor with its enchanting synth bassline, its West Indies influences and melodious Funk arrangement. Don't miss the synth solo in the end!On the other side, you'll find a reissue of \"Looking For You\" by J.E.K.Y.S from the island of R\u00e9union. The song has just started and you're already overwhelmed by the strong bassline and the sirens of this French boogie anthem -despite this one has English lyrics. Originally, you'll find it compiled by Charles Maurice on French Disco Boogie Sounds Vol. 3. Expect lovely harmonic progressions and perhaps a more spacey groove, as in these beautiful bridges leading to chorus where the lyrics blend perfectly with the synthesisers line and Fender Rhodes.","robots":{"index":"index","follow":"follow","max-snippet":"max-snippet:-1","max-image-preview":"max-image-preview:large","max-video-preview":"max-video-preview:-1"},"canonical":"https:\/\/wpguerssen-test.odoo.rgbconsulting.com\/es\/producto\/funky-biguine-looking-for-you\/","og_locale":"es_ES","og_type":"article","og_title":"CRYSTAL \/ J.E.K.Y.S - Funky Biguine \/ Looking For You -  (7\") | Guerssen","og_description":"Favorite Recordings proudly present its new series of 7\" reissues with the following concept: each side dedicated to one Funky French track coming with its original artwork. You just have to flip it!On the first side, you'll get the amazing track \"Funky Biguine\" by West Indies band Crystal. Originally compiled by Charles Maurice on French Disco Boogie Sounds Vol. 2, the original eponymous album still goes for crazy prices. And there's a reason for that: \"Funky Biguine\" will bring the heat on the dancefloor with its enchanting synth bassline, its West Indies influences and melodious Funk arrangement. Don't miss the synth solo in the end!On the other side, you'll find a reissue of \"Looking For You\" by J.E.K.Y.S from the island of R\u00e9union. The song has just started and you're already overwhelmed by the strong bassline and the sirens of this French boogie anthem -despite this one has English lyrics. Originally, you'll find it compiled by Charles Maurice on French Disco Boogie Sounds Vol. 3. Expect lovely harmonic progressions and perhaps a more spacey groove, as in these beautiful bridges leading to chorus where the lyrics blend perfectly with the synthesisers line and Fender Rhodes.","og_url":"https:\/\/wpguerssen-test.odoo.rgbconsulting.com\/es\/producto\/funky-biguine-looking-for-you\/","og_site_name":"Guerssen records","article_modified_time":"2024-02-21T11:29:32+00:00","og_image":[{"width":1200,"height":1200,"url":"https:\/\/wpguerssen-test.odoo.rgbconsulting.com\/wp-content\/uploads\/2022\/11\/41788.jpg","type":"image\/jpeg"}],"twitter_card":"summary_large_image","twitter_title":"CRYSTAL \/ J.E.K.Y.S - Funky Biguine \/ Looking For You -  (7\") | Guerssen","twitter_misc":{"Tiempo de lectura":"1 minuto"},"schema":{"@context":"https:\/\/schema.org","@graph":[{"@type":"WebPage","@id":"https:\/\/wpguerssen-test.odoo.rgbconsulting.com\/es\/producto\/funky-biguine-looking-for-you\/","url":"https:\/\/wpguerssen-test.odoo.rgbconsulting.com\/es\/producto\/funky-biguine-looking-for-you\/","name":"CRYSTAL \/ J.E.K.Y.S - Funky Biguine \/ Looking For You - (7\") | Guerssen","isPartOf":{"@id":"https:\/\/wpguerssen-test.odoo.rgbconsulting.com\/es\/#website"},"primaryImageOfPage":{"@id":"https:\/\/wpguerssen-test.odoo.rgbconsulting.com\/es\/producto\/funky-biguine-looking-for-you\/#primaryimage"},"image":{"@id":"https:\/\/wpguerssen-test.odoo.rgbconsulting.com\/es\/producto\/funky-biguine-looking-for-you\/#primaryimage"},"thumbnailUrl":"https:\/\/wpguerssen-test.odoo.rgbconsulting.com\/wp-content\/uploads\/2022\/11\/41788.jpg","datePublished":"2023-04-20T22:00:00+00:00","dateModified":"2024-02-21T11:29:32+00:00","description":"Favorite Recordings proudly present its new series of 7\" reissues with the following concept: each side dedicated to one Funky French track coming with its original artwork. You just have to flip it!On the first side, you'll get the amazing track \"Funky Biguine\" by West Indies band Crystal. Originally compiled by Charles Maurice on French Disco Boogie Sounds Vol. 2, the original eponymous album still goes for crazy prices. And there's a reason for that: \"Funky Biguine\" will bring the heat on the dancefloor with its enchanting synth bassline, its West Indies influences and melodious Funk arrangement. Don't miss the synth solo in the end!On the other side, you'll find a reissue of \"Looking For You\" by J.E.K.Y.S from the island of R\u00e9union. The song has just started and you're already overwhelmed by the strong bassline and the sirens of this French boogie anthem -despite this one has English lyrics. Originally, you'll find it compiled by Charles Maurice on French Disco Boogie Sounds Vol. 3. Expect lovely harmonic progressions and perhaps a more spacey groove, as in these beautiful bridges leading to chorus where the lyrics blend perfectly with the synthesisers line and Fender Rhodes.","breadcrumb":{"@id":"https:\/\/wpguerssen-test.odoo.rgbconsulting.com\/es\/producto\/funky-biguine-looking-for-you\/#breadcrumb"},"inLanguage":"es","potentialAction":[{"@type":"ReadAction","target":["https:\/\/wpguerssen-test.odoo.rgbconsulting.com\/es\/producto\/funky-biguine-looking-for-you\/"]}]},{"@type":"ImageObject","inLanguage":"es","@id":"https:\/\/wpguerssen-test.odoo.rgbconsulting.com\/es\/producto\/funky-biguine-looking-for-you\/#primaryimage","url":"https:\/\/wpguerssen-test.odoo.rgbconsulting.com\/wp-content\/uploads\/2022\/11\/41788.jpg","contentUrl":"https:\/\/wpguerssen-test.odoo.rgbconsulting.com\/wp-content\/uploads\/2022\/11\/41788.jpg","width":1200,"height":1200},{"@type":"BreadcrumbList","@id":"https:\/\/wpguerssen-test.odoo.rgbconsulting.com\/es\/producto\/funky-biguine-looking-for-you\/#breadcrumb","itemListElement":[{"@type":"ListItem","position":1,"name":"Inicio","item":"https:\/\/wpguerssen-test.odoo.rgbconsulting.com\/es\/"},{"@type":"ListItem","position":2,"name":"Shop","item":"https:\/\/wpguerssen-test.odoo.rgbconsulting.com\/shop\/"},{"@type":"ListItem","position":3,"name":"Funky Biguine \/ Looking For You"}]},{"@type":"WebSite","@id":"https:\/\/wpguerssen-test.odoo.rgbconsulting.com\/es\/#website","url":"https:\/\/wpguerssen-test.odoo.rgbconsulting.com\/es\/","name":"Guerssen records","description":"psychedelia - progressive - folk - garage ","publisher":{"@id":"https:\/\/wpguerssen-test.odoo.rgbconsulting.com\/es\/#organization"},"potentialAction":[{"@type":"SearchAction","target":{"@type":"EntryPoint","urlTemplate":"https:\/\/wpguerssen-test.odoo.rgbconsulting.com\/es\/?s={search_term_string}"},"query-input":{"@type":"PropertyValueSpecification","valueRequired":true,"valueName":"search_term_string"}}],"inLanguage":"es"},{"@type":"Organization","@id":"https:\/\/wpguerssen-test.odoo.rgbconsulting.com\/es\/#organization","name":"Guerssen records","url":"https:\/\/wpguerssen-test.odoo.rgbconsulting.com\/es\/","logo":{"@type":"ImageObject","inLanguage":"es","@id":"https:\/\/wpguerssen-test.odoo.rgbconsulting.com\/es\/#\/schema\/logo\/image\/","url":"https:\/\/wpguerssen-test.odoo.rgbconsulting.com\/wp-content\/uploads\/2022\/04\/Logo_Guerssen_trans_100.png","contentUrl":"https:\/\/wpguerssen-test.odoo.rgbconsulting.com\/wp-content\/uploads\/2022\/04\/Logo_Guerssen_trans_100.png","width":122,"height":100,"caption":"Guerssen records"},"image":{"@id":"https:\/\/wpguerssen-test.odoo.rgbconsulting.com\/es\/#\/schema\/logo\/image\/"}}]}},"_links":{"self":[{"href":"https:\/\/wpguerssen-test.odoo.rgbconsulting.com\/es\/wp-json\/wp\/v2\/product\/217590","targetHints":{"allow":["GET"]}}],"collection":[{"href":"https:\/\/wpguerssen-test.odoo.rgbconsulting.com\/es\/wp-json\/wp\/v2\/product"}],"about":[{"href":"https:\/\/wpguerssen-test.odoo.rgbconsulting.com\/es\/wp-json\/wp\/v2\/types\/product"}],"wp:featuredmedia":[{"embeddable":true,"href":"https:\/\/wpguerssen-test.odoo.rgbconsulting.com\/es\/wp-json\/wp\/v2\/media\/221419"}],"wp:attachment":[{"href":"https:\/\/wpguerssen-test.odoo.rgbconsulting.com\/es\/wp-json\/wp\/v2\/media?parent=217590"}],"wp:term":[{"taxonomy":"product_brand","embeddable":true,"href":"https:\/\/wpguerssen-test.odoo.rgbconsulting.com\/es\/wp-json\/wp\/v2\/product_brand?post=217590"},{"taxonomy":"product_cat","embeddable":true,"href":"https:\/\/wpguerssen-test.odoo.rgbconsulting.com\/es\/wp-json\/wp\/v2\/product_cat?post=217590"},{"taxonomy":"product_tag","embeddable":true,"href":"https:\/\/wpguerssen-test.odoo.rgbconsulting.com\/es\/wp-json\/wp\/v2\/product_tag?post=217590"}],"curies":[{"name":"wp","href":"https:\/\/api.w.org\/{rel}","templated":true}]}}