{"id":217797,"date":"2025-01-24T00:00:00","date_gmt":"2025-01-23T23:00:00","guid":{"rendered":"https:\/\/wpguerssen-test.odoo.rgbconsulting.com\/product\/afrosound-of-colombia-vol-3-2lp\/"},"modified":"2025-01-24T13:26:18","modified_gmt":"2025-01-24T12:26:18","slug":"afrosound-of-colombia-vol-3-2lp","status":"publish","type":"product","link":"https:\/\/wpguerssen-test.odoo.rgbconsulting.com\/es\/producto\/afrosound-of-colombia-vol-3-2lp\/","title":{"rendered":"Afrosound Of Colombia Vol. 3 (2LP)"},"content":{"rendered":"<p>Tercer volumen de la serie de sonidos afrolatinos de la \u00e9poca dorada del sello seminal Discos Fuentes en Colombia. Una excelente selecci\u00f3n de 26 pistas dif\u00edciles de encontrar, muchas reeditadas por primera vez, que abarcan una amplia gama de g\u00e9neros de ra\u00edz afro, con un enfoque m\u00e1s fuerte en los or\u00edgenes folcl\u00f3ricos de la m\u00fasica que en vol\u00famenes anteriores, que incluye grabaciones de artistas como Michi. Sarmiento, Wganda Kenia, The Latin Brothers, Los Corraleros De Majagual, Peregoyo. Incluye un libreto extendido con notas del compilador Pablo Yglesias aka DJ Bongohead.<\/p>\n","protected":false},"excerpt":{"rendered":"<p>Tercer volumen de la serie de sonidos afrolatinos de la \u00e9poca dorada del sello seminal Discos Fuentes en Colombia. Una excelente selecci\u00f3n de 26 pistas dif\u00edciles<a class=\"read\" href=\"https:\/\/wpguerssen-test.odoo.rgbconsulting.com\/es\/producto\/afrosound-of-colombia-vol-3-2lp\/\"> (...)<\/a>","protected":false},"featured_media":217760,"template":"","meta":{"_acf_changed":false},"product_brand":[],"product_cat":[23258,23231],"product_tag":[24185],"class_list":{"0":"post-217797","1":"product","2":"type-product","3":"status-publish","4":"has-post-thumbnail","6":"product_cat-afro-funk-afrobeat-es","7":"product_cat-latin-brazilian-es","8":"product_tag-de-nuevo-en-existencia","9":"pa_artist-various-artists-es","10":"pa_format-2lp-es","11":"pa_gender-afro-funk-afrobeat-latin-brazilian","12":"pa_label-vampi-soul-es","13":"pa_location-south-america-caribbean-es","14":"pa_other-filters-vinyl-only-es","16":"first","17":"instock","18":"taxable","19":"shipping-taxable","20":"purchasable","21":"product-type-simple"},"acf":[],"yoast_head":"<!-- This site is optimized with the Yoast SEO plugin v24.9 - https:\/\/yoast.com\/wordpress\/plugins\/seo\/ -->\n<title>VARIOUS ARTISTS - Afrosound Of Colombia Vol. 3 (2LP) -  (2LP) | Guerssen<\/title>\n<meta name=\"description\" content=\"Third volume in the series of Afro-Latin sounds from the golden period of the seminal Discos Fuentes label in Colombia. An outstanding selection of 26 hard-to find-tracks, many reissued for the first time, covering a wide array of Afro-rooted genres, with an stronger focus on the music&#039;s folkloric origins than in previous volumes, comprising recordings by the likes of Michi Sarmiento, Wganda Kenya, The Latin Brothers, Los Corraleros De Majagual, Peregoyo. It includes an extended booklet with notes by compiler Pablo Yglesias aka DJ Bongohead. #nl# TRACKLIST SIDE A 1. Santo Domingo \/ Pepe Vel\u00e1squez y Su Arpa Paraguaya 2. La Pollera Color\u00e1 \/ Pedro Salcedo Y Su Orquesta 3. La Compatible \/ Pedro Laza Y Sus Pelayeros 4. La Magdalena \/ Los Alegres Diablos 5. Zapatico Viejo \/ Juan Pi\u00f1a Y Sus Muchachos 6. El Lun\u00e1tico \/ Pello Torres Y Sus Diablos Del Ritmo 7. Pa&#039; La Playa \/ Los Sat\u00e9lites SIDE B 1. El Indio Chimila \/ Julio Erazo Y Su Conjunto 2. Ariza en Descarga \/ Ariza y Su Combo 3. Fajardo&#039;s Charanga \/ Pedro Jairo Garc\u00e9s Y Su Guitarra Estereofonica 4. El Dulcerito \/ Los Claves 5. El Toro Pusnaix \/ Los Super Star De Colombia 6. Salsa Pa&#039; Ti \/ Peregoyo Y Su Combo Vacan\u00e1 7. Descarga Colombiana \/ La Carnaval Swing SIDE C 1. Cumbia De Serenata \/ El Sexteto Miramar 2. Con el Tambor \/ To\u00f1o Y Su Combo 3. Amanec\u00ed Tomando \/ Los Corraleros De Majagual 4. La Murga Paname\u00f1a Juancho Vargas Al Organo 5. Salsa Sabrosa El Super Combo Los Diamantes 6. Marcela \/ C\u00e9sar Pompeyo Y Su Sonora SIDE D 1. Wah Wah \/ La Integraci\u00f3n 2. Atruku Truku Ta \/ Dimensi\u00f3n Caribe De Pedro Conde 3. Coraz\u00f3n de Ara\u00f1a Negra \/ Michi Y Sus Bravos 4. La Noche \/ The Latin Brothers 5. El 77 \/ Wganda Kenya 6. Zaire Pop \/ Afrosound\" \/>\n<meta name=\"robots\" content=\"index, follow, max-snippet:-1, max-image-preview:large, max-video-preview:-1\" \/>\n<link rel=\"canonical\" href=\"https:\/\/wpguerssen-test.odoo.rgbconsulting.com\/es\/producto\/afrosound-of-colombia-vol-3-2lp\/\" \/>\n<meta property=\"og:locale\" content=\"es_ES\" \/>\n<meta property=\"og:type\" content=\"article\" \/>\n<meta property=\"og:title\" content=\"VARIOUS ARTISTS - Afrosound Of Colombia Vol. 3 (2LP) -  (2LP) | Guerssen\" \/>\n<meta property=\"og:description\" content=\"Third volume in the series of Afro-Latin sounds from the golden period of the seminal Discos Fuentes label in Colombia. An outstanding selection of 26 hard-to find-tracks, many reissued for the first time, covering a wide array of Afro-rooted genres, with an stronger focus on the music&#039;s folkloric origins than in previous volumes, comprising recordings by the likes of Michi Sarmiento, Wganda Kenya, The Latin Brothers, Los Corraleros De Majagual, Peregoyo. It includes an extended booklet with notes by compiler Pablo Yglesias aka DJ Bongohead. #nl# TRACKLIST SIDE A 1. Santo Domingo \/ Pepe Vel\u00e1squez y Su Arpa Paraguaya 2. La Pollera Color\u00e1 \/ Pedro Salcedo Y Su Orquesta 3. La Compatible \/ Pedro Laza Y Sus Pelayeros 4. La Magdalena \/ Los Alegres Diablos 5. Zapatico Viejo \/ Juan Pi\u00f1a Y Sus Muchachos 6. El Lun\u00e1tico \/ Pello Torres Y Sus Diablos Del Ritmo 7. Pa&#039; La Playa \/ Los Sat\u00e9lites SIDE B 1. El Indio Chimila \/ Julio Erazo Y Su Conjunto 2. Ariza en Descarga \/ Ariza y Su Combo 3. Fajardo&#039;s Charanga \/ Pedro Jairo Garc\u00e9s Y Su Guitarra Estereofonica 4. El Dulcerito \/ Los Claves 5. El Toro Pusnaix \/ Los Super Star De Colombia 6. Salsa Pa&#039; Ti \/ Peregoyo Y Su Combo Vacan\u00e1 7. Descarga Colombiana \/ La Carnaval Swing SIDE C 1. Cumbia De Serenata \/ El Sexteto Miramar 2. Con el Tambor \/ To\u00f1o Y Su Combo 3. Amanec\u00ed Tomando \/ Los Corraleros De Majagual 4. La Murga Paname\u00f1a Juancho Vargas Al Organo 5. Salsa Sabrosa El Super Combo Los Diamantes 6. Marcela \/ C\u00e9sar Pompeyo Y Su Sonora SIDE D 1. Wah Wah \/ La Integraci\u00f3n 2. Atruku Truku Ta \/ Dimensi\u00f3n Caribe De Pedro Conde 3. Coraz\u00f3n de Ara\u00f1a Negra \/ Michi Y Sus Bravos 4. La Noche \/ The Latin Brothers 5. El 77 \/ Wganda Kenya 6. Zaire Pop \/ Afrosound\" \/>\n<meta property=\"og:url\" content=\"https:\/\/wpguerssen-test.odoo.rgbconsulting.com\/es\/producto\/afrosound-of-colombia-vol-3-2lp\/\" \/>\n<meta property=\"og:site_name\" content=\"Guerssen records\" \/>\n<meta property=\"article:modified_time\" content=\"2025-01-24T12:26:18+00:00\" \/>\n<meta property=\"og:image\" content=\"https:\/\/wpguerssen-test.odoo.rgbconsulting.com\/wp-content\/uploads\/2022\/09\/41806.jpg\" \/>\n\t<meta property=\"og:image:width\" content=\"560\" \/>\n\t<meta property=\"og:image:height\" content=\"560\" \/>\n\t<meta property=\"og:image:type\" content=\"image\/jpeg\" \/>\n<meta name=\"twitter:card\" content=\"summary_large_image\" \/>\n<meta name=\"twitter:title\" content=\"VARIOUS ARTISTS - Afrosound Of Colombia Vol. 3 (2LP) -  (2LP) | Guerssen\" \/>\n<script type=\"application\/ld+json\" class=\"yoast-schema-graph\">{\"@context\":\"https:\/\/schema.org\",\"@graph\":[{\"@type\":\"WebPage\",\"@id\":\"https:\/\/wpguerssen-test.odoo.rgbconsulting.com\/es\/producto\/afrosound-of-colombia-vol-3-2lp\/\",\"url\":\"https:\/\/wpguerssen-test.odoo.rgbconsulting.com\/es\/producto\/afrosound-of-colombia-vol-3-2lp\/\",\"name\":\"VARIOUS ARTISTS - Afrosound Of Colombia Vol. 3 (2LP) - (2LP) | Guerssen\",\"isPartOf\":{\"@id\":\"https:\/\/wpguerssen-test.odoo.rgbconsulting.com\/es\/#website\"},\"primaryImageOfPage\":{\"@id\":\"https:\/\/wpguerssen-test.odoo.rgbconsulting.com\/es\/producto\/afrosound-of-colombia-vol-3-2lp\/#primaryimage\"},\"image\":{\"@id\":\"https:\/\/wpguerssen-test.odoo.rgbconsulting.com\/es\/producto\/afrosound-of-colombia-vol-3-2lp\/#primaryimage\"},\"thumbnailUrl\":\"https:\/\/wpguerssen-test.odoo.rgbconsulting.com\/wp-content\/uploads\/2022\/09\/41806.jpg\",\"datePublished\":\"2025-01-23T23:00:00+00:00\",\"dateModified\":\"2025-01-24T12:26:18+00:00\",\"description\":\"Third volume in the series of Afro-Latin sounds from the golden period of the seminal Discos Fuentes label in Colombia. An outstanding selection of 26 hard-to find-tracks, many reissued for the first time, covering a wide array of Afro-rooted genres, with an stronger focus on the music's folkloric origins than in previous volumes, comprising recordings by the likes of Michi Sarmiento, Wganda Kenya, The Latin Brothers, Los Corraleros De Majagual, Peregoyo. It includes an extended booklet with notes by compiler Pablo Yglesias aka DJ Bongohead. #nl# TRACKLIST SIDE A 1. Santo Domingo \/ Pepe Vel\u00e1squez y Su Arpa Paraguaya 2. La Pollera Color\u00e1 \/ Pedro Salcedo Y Su Orquesta 3. La Compatible \/ Pedro Laza Y Sus Pelayeros 4. La Magdalena \/ Los Alegres Diablos 5. Zapatico Viejo \/ Juan Pi\u00f1a Y Sus Muchachos 6. El Lun\u00e1tico \/ Pello Torres Y Sus Diablos Del Ritmo 7. Pa' La Playa \/ Los Sat\u00e9lites SIDE B 1. El Indio Chimila \/ Julio Erazo Y Su Conjunto 2. Ariza en Descarga \/ Ariza y Su Combo 3. Fajardo's Charanga \/ Pedro Jairo Garc\u00e9s Y Su Guitarra Estereofonica 4. El Dulcerito \/ Los Claves 5. El Toro Pusnaix \/ Los Super Star De Colombia 6. Salsa Pa' Ti \/ Peregoyo Y Su Combo Vacan\u00e1 7. Descarga Colombiana \/ La Carnaval Swing SIDE C 1. Cumbia De Serenata \/ El Sexteto Miramar 2. Con el Tambor \/ To\u00f1o Y Su Combo 3. Amanec\u00ed Tomando \/ Los Corraleros De Majagual 4. La Murga Paname\u00f1a Juancho Vargas Al Organo 5. Salsa Sabrosa El Super Combo Los Diamantes 6. Marcela \/ C\u00e9sar Pompeyo Y Su Sonora SIDE D 1. Wah Wah \/ La Integraci\u00f3n 2. Atruku Truku Ta \/ Dimensi\u00f3n Caribe De Pedro Conde 3. Coraz\u00f3n de Ara\u00f1a Negra \/ Michi Y Sus Bravos 4. La Noche \/ The Latin Brothers 5. El 77 \/ Wganda Kenya 6. Zaire Pop \/ Afrosound\",\"breadcrumb\":{\"@id\":\"https:\/\/wpguerssen-test.odoo.rgbconsulting.com\/es\/producto\/afrosound-of-colombia-vol-3-2lp\/#breadcrumb\"},\"inLanguage\":\"es\",\"potentialAction\":[{\"@type\":\"ReadAction\",\"target\":[\"https:\/\/wpguerssen-test.odoo.rgbconsulting.com\/es\/producto\/afrosound-of-colombia-vol-3-2lp\/\"]}]},{\"@type\":\"ImageObject\",\"inLanguage\":\"es\",\"@id\":\"https:\/\/wpguerssen-test.odoo.rgbconsulting.com\/es\/producto\/afrosound-of-colombia-vol-3-2lp\/#primaryimage\",\"url\":\"https:\/\/wpguerssen-test.odoo.rgbconsulting.com\/wp-content\/uploads\/2022\/09\/41806.jpg\",\"contentUrl\":\"https:\/\/wpguerssen-test.odoo.rgbconsulting.com\/wp-content\/uploads\/2022\/09\/41806.jpg\",\"width\":560,\"height\":560},{\"@type\":\"BreadcrumbList\",\"@id\":\"https:\/\/wpguerssen-test.odoo.rgbconsulting.com\/es\/producto\/afrosound-of-colombia-vol-3-2lp\/#breadcrumb\",\"itemListElement\":[{\"@type\":\"ListItem\",\"position\":1,\"name\":\"Inicio\",\"item\":\"https:\/\/wpguerssen-test.odoo.rgbconsulting.com\/es\/\"},{\"@type\":\"ListItem\",\"position\":2,\"name\":\"Shop\",\"item\":\"https:\/\/wpguerssen-test.odoo.rgbconsulting.com\/shop\/\"},{\"@type\":\"ListItem\",\"position\":3,\"name\":\"Afrosound Of Colombia Vol. 3 (2LP)\"}]},{\"@type\":\"WebSite\",\"@id\":\"https:\/\/wpguerssen-test.odoo.rgbconsulting.com\/es\/#website\",\"url\":\"https:\/\/wpguerssen-test.odoo.rgbconsulting.com\/es\/\",\"name\":\"Guerssen records\",\"description\":\"psychedelia - progressive - folk - garage \",\"publisher\":{\"@id\":\"https:\/\/wpguerssen-test.odoo.rgbconsulting.com\/es\/#organization\"},\"potentialAction\":[{\"@type\":\"SearchAction\",\"target\":{\"@type\":\"EntryPoint\",\"urlTemplate\":\"https:\/\/wpguerssen-test.odoo.rgbconsulting.com\/es\/?s={search_term_string}\"},\"query-input\":{\"@type\":\"PropertyValueSpecification\",\"valueRequired\":true,\"valueName\":\"search_term_string\"}}],\"inLanguage\":\"es\"},{\"@type\":\"Organization\",\"@id\":\"https:\/\/wpguerssen-test.odoo.rgbconsulting.com\/es\/#organization\",\"name\":\"Guerssen records\",\"url\":\"https:\/\/wpguerssen-test.odoo.rgbconsulting.com\/es\/\",\"logo\":{\"@type\":\"ImageObject\",\"inLanguage\":\"es\",\"@id\":\"https:\/\/wpguerssen-test.odoo.rgbconsulting.com\/es\/#\/schema\/logo\/image\/\",\"url\":\"https:\/\/wpguerssen-test.odoo.rgbconsulting.com\/wp-content\/uploads\/2022\/04\/Logo_Guerssen_trans_100.png\",\"contentUrl\":\"https:\/\/wpguerssen-test.odoo.rgbconsulting.com\/wp-content\/uploads\/2022\/04\/Logo_Guerssen_trans_100.png\",\"width\":122,\"height\":100,\"caption\":\"Guerssen records\"},\"image\":{\"@id\":\"https:\/\/wpguerssen-test.odoo.rgbconsulting.com\/es\/#\/schema\/logo\/image\/\"}}]}<\/script>\n<!-- \/ Yoast SEO plugin. -->","yoast_head_json":{"title":"VARIOUS ARTISTS - Afrosound Of Colombia Vol. 3 (2LP) -  (2LP) | Guerssen","description":"Third volume in the series of Afro-Latin sounds from the golden period of the seminal Discos Fuentes label in Colombia. An outstanding selection of 26 hard-to find-tracks, many reissued for the first time, covering a wide array of Afro-rooted genres, with an stronger focus on the music's folkloric origins than in previous volumes, comprising recordings by the likes of Michi Sarmiento, Wganda Kenya, The Latin Brothers, Los Corraleros De Majagual, Peregoyo. It includes an extended booklet with notes by compiler Pablo Yglesias aka DJ Bongohead. #nl# TRACKLIST SIDE A 1. Santo Domingo \/ Pepe Vel\u00e1squez y Su Arpa Paraguaya 2. La Pollera Color\u00e1 \/ Pedro Salcedo Y Su Orquesta 3. La Compatible \/ Pedro Laza Y Sus Pelayeros 4. La Magdalena \/ Los Alegres Diablos 5. Zapatico Viejo \/ Juan Pi\u00f1a Y Sus Muchachos 6. El Lun\u00e1tico \/ Pello Torres Y Sus Diablos Del Ritmo 7. Pa' La Playa \/ Los Sat\u00e9lites SIDE B 1. El Indio Chimila \/ Julio Erazo Y Su Conjunto 2. Ariza en Descarga \/ Ariza y Su Combo 3. Fajardo's Charanga \/ Pedro Jairo Garc\u00e9s Y Su Guitarra Estereofonica 4. El Dulcerito \/ Los Claves 5. El Toro Pusnaix \/ Los Super Star De Colombia 6. Salsa Pa' Ti \/ Peregoyo Y Su Combo Vacan\u00e1 7. Descarga Colombiana \/ La Carnaval Swing SIDE C 1. Cumbia De Serenata \/ El Sexteto Miramar 2. Con el Tambor \/ To\u00f1o Y Su Combo 3. Amanec\u00ed Tomando \/ Los Corraleros De Majagual 4. La Murga Paname\u00f1a Juancho Vargas Al Organo 5. Salsa Sabrosa El Super Combo Los Diamantes 6. Marcela \/ C\u00e9sar Pompeyo Y Su Sonora SIDE D 1. Wah Wah \/ La Integraci\u00f3n 2. Atruku Truku Ta \/ Dimensi\u00f3n Caribe De Pedro Conde 3. Coraz\u00f3n de Ara\u00f1a Negra \/ Michi Y Sus Bravos 4. La Noche \/ The Latin Brothers 5. El 77 \/ Wganda Kenya 6. Zaire Pop \/ Afrosound","robots":{"index":"index","follow":"follow","max-snippet":"max-snippet:-1","max-image-preview":"max-image-preview:large","max-video-preview":"max-video-preview:-1"},"canonical":"https:\/\/wpguerssen-test.odoo.rgbconsulting.com\/es\/producto\/afrosound-of-colombia-vol-3-2lp\/","og_locale":"es_ES","og_type":"article","og_title":"VARIOUS ARTISTS - Afrosound Of Colombia Vol. 3 (2LP) -  (2LP) | Guerssen","og_description":"Third volume in the series of Afro-Latin sounds from the golden period of the seminal Discos Fuentes label in Colombia. An outstanding selection of 26 hard-to find-tracks, many reissued for the first time, covering a wide array of Afro-rooted genres, with an stronger focus on the music's folkloric origins than in previous volumes, comprising recordings by the likes of Michi Sarmiento, Wganda Kenya, The Latin Brothers, Los Corraleros De Majagual, Peregoyo. It includes an extended booklet with notes by compiler Pablo Yglesias aka DJ Bongohead. #nl# TRACKLIST SIDE A 1. Santo Domingo \/ Pepe Vel\u00e1squez y Su Arpa Paraguaya 2. La Pollera Color\u00e1 \/ Pedro Salcedo Y Su Orquesta 3. La Compatible \/ Pedro Laza Y Sus Pelayeros 4. La Magdalena \/ Los Alegres Diablos 5. Zapatico Viejo \/ Juan Pi\u00f1a Y Sus Muchachos 6. El Lun\u00e1tico \/ Pello Torres Y Sus Diablos Del Ritmo 7. Pa' La Playa \/ Los Sat\u00e9lites SIDE B 1. El Indio Chimila \/ Julio Erazo Y Su Conjunto 2. Ariza en Descarga \/ Ariza y Su Combo 3. Fajardo's Charanga \/ Pedro Jairo Garc\u00e9s Y Su Guitarra Estereofonica 4. El Dulcerito \/ Los Claves 5. El Toro Pusnaix \/ Los Super Star De Colombia 6. Salsa Pa' Ti \/ Peregoyo Y Su Combo Vacan\u00e1 7. Descarga Colombiana \/ La Carnaval Swing SIDE C 1. Cumbia De Serenata \/ El Sexteto Miramar 2. Con el Tambor \/ To\u00f1o Y Su Combo 3. Amanec\u00ed Tomando \/ Los Corraleros De Majagual 4. La Murga Paname\u00f1a Juancho Vargas Al Organo 5. Salsa Sabrosa El Super Combo Los Diamantes 6. Marcela \/ C\u00e9sar Pompeyo Y Su Sonora SIDE D 1. Wah Wah \/ La Integraci\u00f3n 2. Atruku Truku Ta \/ Dimensi\u00f3n Caribe De Pedro Conde 3. Coraz\u00f3n de Ara\u00f1a Negra \/ Michi Y Sus Bravos 4. La Noche \/ The Latin Brothers 5. El 77 \/ Wganda Kenya 6. Zaire Pop \/ Afrosound","og_url":"https:\/\/wpguerssen-test.odoo.rgbconsulting.com\/es\/producto\/afrosound-of-colombia-vol-3-2lp\/","og_site_name":"Guerssen records","article_modified_time":"2025-01-24T12:26:18+00:00","og_image":[{"width":560,"height":560,"url":"https:\/\/wpguerssen-test.odoo.rgbconsulting.com\/wp-content\/uploads\/2022\/09\/41806.jpg","type":"image\/jpeg"}],"twitter_card":"summary_large_image","twitter_title":"VARIOUS ARTISTS - Afrosound Of Colombia Vol. 3 (2LP) -  (2LP) | Guerssen","schema":{"@context":"https:\/\/schema.org","@graph":[{"@type":"WebPage","@id":"https:\/\/wpguerssen-test.odoo.rgbconsulting.com\/es\/producto\/afrosound-of-colombia-vol-3-2lp\/","url":"https:\/\/wpguerssen-test.odoo.rgbconsulting.com\/es\/producto\/afrosound-of-colombia-vol-3-2lp\/","name":"VARIOUS ARTISTS - Afrosound Of Colombia Vol. 3 (2LP) - (2LP) | Guerssen","isPartOf":{"@id":"https:\/\/wpguerssen-test.odoo.rgbconsulting.com\/es\/#website"},"primaryImageOfPage":{"@id":"https:\/\/wpguerssen-test.odoo.rgbconsulting.com\/es\/producto\/afrosound-of-colombia-vol-3-2lp\/#primaryimage"},"image":{"@id":"https:\/\/wpguerssen-test.odoo.rgbconsulting.com\/es\/producto\/afrosound-of-colombia-vol-3-2lp\/#primaryimage"},"thumbnailUrl":"https:\/\/wpguerssen-test.odoo.rgbconsulting.com\/wp-content\/uploads\/2022\/09\/41806.jpg","datePublished":"2025-01-23T23:00:00+00:00","dateModified":"2025-01-24T12:26:18+00:00","description":"Third volume in the series of Afro-Latin sounds from the golden period of the seminal Discos Fuentes label in Colombia. An outstanding selection of 26 hard-to find-tracks, many reissued for the first time, covering a wide array of Afro-rooted genres, with an stronger focus on the music's folkloric origins than in previous volumes, comprising recordings by the likes of Michi Sarmiento, Wganda Kenya, The Latin Brothers, Los Corraleros De Majagual, Peregoyo. It includes an extended booklet with notes by compiler Pablo Yglesias aka DJ Bongohead. #nl# TRACKLIST SIDE A 1. Santo Domingo \/ Pepe Vel\u00e1squez y Su Arpa Paraguaya 2. La Pollera Color\u00e1 \/ Pedro Salcedo Y Su Orquesta 3. La Compatible \/ Pedro Laza Y Sus Pelayeros 4. La Magdalena \/ Los Alegres Diablos 5. Zapatico Viejo \/ Juan Pi\u00f1a Y Sus Muchachos 6. El Lun\u00e1tico \/ Pello Torres Y Sus Diablos Del Ritmo 7. Pa' La Playa \/ Los Sat\u00e9lites SIDE B 1. El Indio Chimila \/ Julio Erazo Y Su Conjunto 2. Ariza en Descarga \/ Ariza y Su Combo 3. Fajardo's Charanga \/ Pedro Jairo Garc\u00e9s Y Su Guitarra Estereofonica 4. El Dulcerito \/ Los Claves 5. El Toro Pusnaix \/ Los Super Star De Colombia 6. Salsa Pa' Ti \/ Peregoyo Y Su Combo Vacan\u00e1 7. Descarga Colombiana \/ La Carnaval Swing SIDE C 1. Cumbia De Serenata \/ El Sexteto Miramar 2. Con el Tambor \/ To\u00f1o Y Su Combo 3. Amanec\u00ed Tomando \/ Los Corraleros De Majagual 4. La Murga Paname\u00f1a Juancho Vargas Al Organo 5. Salsa Sabrosa El Super Combo Los Diamantes 6. Marcela \/ C\u00e9sar Pompeyo Y Su Sonora SIDE D 1. Wah Wah \/ La Integraci\u00f3n 2. Atruku Truku Ta \/ Dimensi\u00f3n Caribe De Pedro Conde 3. Coraz\u00f3n de Ara\u00f1a Negra \/ Michi Y Sus Bravos 4. La Noche \/ The Latin Brothers 5. El 77 \/ Wganda Kenya 6. Zaire Pop \/ Afrosound","breadcrumb":{"@id":"https:\/\/wpguerssen-test.odoo.rgbconsulting.com\/es\/producto\/afrosound-of-colombia-vol-3-2lp\/#breadcrumb"},"inLanguage":"es","potentialAction":[{"@type":"ReadAction","target":["https:\/\/wpguerssen-test.odoo.rgbconsulting.com\/es\/producto\/afrosound-of-colombia-vol-3-2lp\/"]}]},{"@type":"ImageObject","inLanguage":"es","@id":"https:\/\/wpguerssen-test.odoo.rgbconsulting.com\/es\/producto\/afrosound-of-colombia-vol-3-2lp\/#primaryimage","url":"https:\/\/wpguerssen-test.odoo.rgbconsulting.com\/wp-content\/uploads\/2022\/09\/41806.jpg","contentUrl":"https:\/\/wpguerssen-test.odoo.rgbconsulting.com\/wp-content\/uploads\/2022\/09\/41806.jpg","width":560,"height":560},{"@type":"BreadcrumbList","@id":"https:\/\/wpguerssen-test.odoo.rgbconsulting.com\/es\/producto\/afrosound-of-colombia-vol-3-2lp\/#breadcrumb","itemListElement":[{"@type":"ListItem","position":1,"name":"Inicio","item":"https:\/\/wpguerssen-test.odoo.rgbconsulting.com\/es\/"},{"@type":"ListItem","position":2,"name":"Shop","item":"https:\/\/wpguerssen-test.odoo.rgbconsulting.com\/shop\/"},{"@type":"ListItem","position":3,"name":"Afrosound Of Colombia Vol. 3 (2LP)"}]},{"@type":"WebSite","@id":"https:\/\/wpguerssen-test.odoo.rgbconsulting.com\/es\/#website","url":"https:\/\/wpguerssen-test.odoo.rgbconsulting.com\/es\/","name":"Guerssen records","description":"psychedelia - progressive - folk - garage ","publisher":{"@id":"https:\/\/wpguerssen-test.odoo.rgbconsulting.com\/es\/#organization"},"potentialAction":[{"@type":"SearchAction","target":{"@type":"EntryPoint","urlTemplate":"https:\/\/wpguerssen-test.odoo.rgbconsulting.com\/es\/?s={search_term_string}"},"query-input":{"@type":"PropertyValueSpecification","valueRequired":true,"valueName":"search_term_string"}}],"inLanguage":"es"},{"@type":"Organization","@id":"https:\/\/wpguerssen-test.odoo.rgbconsulting.com\/es\/#organization","name":"Guerssen records","url":"https:\/\/wpguerssen-test.odoo.rgbconsulting.com\/es\/","logo":{"@type":"ImageObject","inLanguage":"es","@id":"https:\/\/wpguerssen-test.odoo.rgbconsulting.com\/es\/#\/schema\/logo\/image\/","url":"https:\/\/wpguerssen-test.odoo.rgbconsulting.com\/wp-content\/uploads\/2022\/04\/Logo_Guerssen_trans_100.png","contentUrl":"https:\/\/wpguerssen-test.odoo.rgbconsulting.com\/wp-content\/uploads\/2022\/04\/Logo_Guerssen_trans_100.png","width":122,"height":100,"caption":"Guerssen records"},"image":{"@id":"https:\/\/wpguerssen-test.odoo.rgbconsulting.com\/es\/#\/schema\/logo\/image\/"}}]}},"_links":{"self":[{"href":"https:\/\/wpguerssen-test.odoo.rgbconsulting.com\/es\/wp-json\/wp\/v2\/product\/217797","targetHints":{"allow":["GET"]}}],"collection":[{"href":"https:\/\/wpguerssen-test.odoo.rgbconsulting.com\/es\/wp-json\/wp\/v2\/product"}],"about":[{"href":"https:\/\/wpguerssen-test.odoo.rgbconsulting.com\/es\/wp-json\/wp\/v2\/types\/product"}],"wp:featuredmedia":[{"embeddable":true,"href":"https:\/\/wpguerssen-test.odoo.rgbconsulting.com\/es\/wp-json\/wp\/v2\/media\/217760"}],"wp:attachment":[{"href":"https:\/\/wpguerssen-test.odoo.rgbconsulting.com\/es\/wp-json\/wp\/v2\/media?parent=217797"}],"wp:term":[{"taxonomy":"product_brand","embeddable":true,"href":"https:\/\/wpguerssen-test.odoo.rgbconsulting.com\/es\/wp-json\/wp\/v2\/product_brand?post=217797"},{"taxonomy":"product_cat","embeddable":true,"href":"https:\/\/wpguerssen-test.odoo.rgbconsulting.com\/es\/wp-json\/wp\/v2\/product_cat?post=217797"},{"taxonomy":"product_tag","embeddable":true,"href":"https:\/\/wpguerssen-test.odoo.rgbconsulting.com\/es\/wp-json\/wp\/v2\/product_tag?post=217797"}],"curies":[{"name":"wp","href":"https:\/\/api.w.org\/{rel}","templated":true}]}}