{"id":217798,"date":"2022-09-28T00:00:00","date_gmt":"2022-09-27T22:00:00","guid":{"rendered":"https:\/\/wpguerssen-test.odoo.rgbconsulting.com\/product\/long-burn-the-fire\/"},"modified":"2024-02-21T12:31:32","modified_gmt":"2024-02-21T11:31:32","slug":"long-burn-the-fire","status":"publish","type":"product","link":"https:\/\/wpguerssen-test.odoo.rgbconsulting.com\/es\/producto\/long-burn-the-fire\/","title":{"rendered":"Long Burn The Fire"},"content":{"rendered":"<p>Una vez hubo Black Merda, para ser verdad, eso significaba Black Murder, pero algo sali\u00f3 mal en el camino. Para su segundo \u00e1lbum, la proto banda de rock negro cambi\u00f3 su nombre, convirti\u00e9ndose simplemente en Mer-da. Long Burn The Fire fue su \u00faltimo esfuerzo, pronto lleg\u00f3 la oscuridad y, de repente, el grupo se disolvi\u00f3, antes de ser elogiado a principios de 2000 como precursor de una joven generaci\u00f3n negra. Oficialmente un combo funk que la banda comparti\u00f3 m\u00e1s de un momento con The Jimi Hendrix Experience y Geroge Clinton Funkadelic. Sus n\u00fameros de fuzz \u00e1cido tra\u00edan similitudes con los n\u00f3madas psicod\u00e9licos de principios de los 70, mientras que algunas armon\u00edas vocales ten\u00edan una vibra soul m\u00e1s contempor\u00e1nea de finales de los 60. Viniendo de la ciudad de rock de Detroit, se convirtieron en una especie de leyenda local, \u00a1ahora sabes por qu\u00e9!<\/p>\n","protected":false},"excerpt":{"rendered":"<p>Una vez hubo Black Merda, para ser verdad, eso significaba Black Murder, pero algo sali\u00f3 mal en el camino. Para su segundo \u00e1lbum, la proto banda de rock negro cambi\u00f3<a class=\"read\" href=\"https:\/\/wpguerssen-test.odoo.rgbconsulting.com\/es\/producto\/long-burn-the-fire\/\"> (...)<\/a>","protected":false},"featured_media":217763,"template":"","meta":{"_acf_changed":false},"product_brand":[],"product_cat":[21639,21649],"product_tag":[],"class_list":{"0":"post-217798","1":"product","2":"type-product","3":"status-publish","4":"has-post-thumbnail","6":"product_cat-psychedelic60s-70s-es","7":"product_cat-soul-rnb-es","8":"pa_artist-mer-da","9":"pa_format-lp-es","10":"pa_gender-psychedelic60s-70s-soul-rnb","11":"pa_label-cosmic-rock-es","12":"pa_location-north-america-es","13":"pa_other-filters-vinyl-only-es","15":"first","16":"instock","17":"taxable","18":"shipping-taxable","19":"purchasable","20":"product-type-simple"},"acf":[],"yoast_head":"<!-- This site is optimized with the Yoast SEO plugin v24.9 - https:\/\/yoast.com\/wordpress\/plugins\/seo\/ -->\n<title>MER-DA - Long Burn The Fire -  (LP) | Guerssen<\/title>\n<meta name=\"description\" content=\"Once there was Black Merda, such a funny a name if you happen to have any Italian heritage. To be true, that was meant as Black Murder, but something went wrong along the way. For their second album the proto black rock band changed his name, turning simply into Mer-da. Long Burn The Fire was their last effort ever, soon came darkness and all of a sudden the group disbanded, before being praised in the early 2000 as forerunner of a young black generation. Officially a funk combo the band shared more than a moment with The Jimi Hendrix Experience and Geroge Clinton Funkadelic. Their acid-fuzz numbers brought similarities with early 70&#039;s psychedelic nomads, while some vocal harmonies had a more contemporary late-&#039;60s soul vibe. Coming from Detroit rock city, they became sort of a local legend, now you know why!\" \/>\n<meta name=\"robots\" content=\"index, follow, max-snippet:-1, max-image-preview:large, max-video-preview:-1\" \/>\n<link rel=\"canonical\" href=\"https:\/\/wpguerssen-test.odoo.rgbconsulting.com\/es\/producto\/long-burn-the-fire\/\" \/>\n<meta property=\"og:locale\" content=\"es_ES\" \/>\n<meta property=\"og:type\" content=\"article\" \/>\n<meta property=\"og:title\" content=\"MER-DA - Long Burn The Fire -  (LP) | Guerssen\" \/>\n<meta property=\"og:description\" content=\"Once there was Black Merda, such a funny a name if you happen to have any Italian heritage. To be true, that was meant as Black Murder, but something went wrong along the way. For their second album the proto black rock band changed his name, turning simply into Mer-da. Long Burn The Fire was their last effort ever, soon came darkness and all of a sudden the group disbanded, before being praised in the early 2000 as forerunner of a young black generation. Officially a funk combo the band shared more than a moment with The Jimi Hendrix Experience and Geroge Clinton Funkadelic. Their acid-fuzz numbers brought similarities with early 70&#039;s psychedelic nomads, while some vocal harmonies had a more contemporary late-&#039;60s soul vibe. Coming from Detroit rock city, they became sort of a local legend, now you know why!\" \/>\n<meta property=\"og:url\" content=\"https:\/\/wpguerssen-test.odoo.rgbconsulting.com\/es\/producto\/long-burn-the-fire\/\" \/>\n<meta property=\"og:site_name\" content=\"Guerssen records\" \/>\n<meta property=\"article:modified_time\" content=\"2024-02-21T11:31:32+00:00\" \/>\n<meta property=\"og:image\" content=\"https:\/\/wpguerssen-test.odoo.rgbconsulting.com\/wp-content\/uploads\/2022\/09\/41807.jpg\" \/>\n\t<meta property=\"og:image:width\" content=\"1080\" \/>\n\t<meta property=\"og:image:height\" content=\"1080\" \/>\n\t<meta property=\"og:image:type\" content=\"image\/jpeg\" \/>\n<meta name=\"twitter:card\" content=\"summary_large_image\" \/>\n<meta name=\"twitter:title\" content=\"MER-DA - Long Burn The Fire -  (LP) | Guerssen\" \/>\n<meta name=\"twitter:label1\" content=\"Tiempo de lectura\" \/>\n\t<meta name=\"twitter:data1\" content=\"1 minuto\" \/>\n<script type=\"application\/ld+json\" class=\"yoast-schema-graph\">{\"@context\":\"https:\/\/schema.org\",\"@graph\":[{\"@type\":\"WebPage\",\"@id\":\"https:\/\/wpguerssen-test.odoo.rgbconsulting.com\/es\/producto\/long-burn-the-fire\/\",\"url\":\"https:\/\/wpguerssen-test.odoo.rgbconsulting.com\/es\/producto\/long-burn-the-fire\/\",\"name\":\"MER-DA - Long Burn The Fire - (LP) | Guerssen\",\"isPartOf\":{\"@id\":\"https:\/\/wpguerssen-test.odoo.rgbconsulting.com\/es\/#website\"},\"primaryImageOfPage\":{\"@id\":\"https:\/\/wpguerssen-test.odoo.rgbconsulting.com\/es\/producto\/long-burn-the-fire\/#primaryimage\"},\"image\":{\"@id\":\"https:\/\/wpguerssen-test.odoo.rgbconsulting.com\/es\/producto\/long-burn-the-fire\/#primaryimage\"},\"thumbnailUrl\":\"https:\/\/wpguerssen-test.odoo.rgbconsulting.com\/wp-content\/uploads\/2022\/09\/41807.jpg\",\"datePublished\":\"2022-09-27T22:00:00+00:00\",\"dateModified\":\"2024-02-21T11:31:32+00:00\",\"description\":\"Once there was Black Merda, such a funny a name if you happen to have any Italian heritage. To be true, that was meant as Black Murder, but something went wrong along the way. For their second album the proto black rock band changed his name, turning simply into Mer-da. Long Burn The Fire was their last effort ever, soon came darkness and all of a sudden the group disbanded, before being praised in the early 2000 as forerunner of a young black generation. Officially a funk combo the band shared more than a moment with The Jimi Hendrix Experience and Geroge Clinton Funkadelic. Their acid-fuzz numbers brought similarities with early 70's psychedelic nomads, while some vocal harmonies had a more contemporary late-'60s soul vibe. Coming from Detroit rock city, they became sort of a local legend, now you know why!\",\"breadcrumb\":{\"@id\":\"https:\/\/wpguerssen-test.odoo.rgbconsulting.com\/es\/producto\/long-burn-the-fire\/#breadcrumb\"},\"inLanguage\":\"es\",\"potentialAction\":[{\"@type\":\"ReadAction\",\"target\":[\"https:\/\/wpguerssen-test.odoo.rgbconsulting.com\/es\/producto\/long-burn-the-fire\/\"]}]},{\"@type\":\"ImageObject\",\"inLanguage\":\"es\",\"@id\":\"https:\/\/wpguerssen-test.odoo.rgbconsulting.com\/es\/producto\/long-burn-the-fire\/#primaryimage\",\"url\":\"https:\/\/wpguerssen-test.odoo.rgbconsulting.com\/wp-content\/uploads\/2022\/09\/41807.jpg\",\"contentUrl\":\"https:\/\/wpguerssen-test.odoo.rgbconsulting.com\/wp-content\/uploads\/2022\/09\/41807.jpg\",\"width\":1080,\"height\":1080},{\"@type\":\"BreadcrumbList\",\"@id\":\"https:\/\/wpguerssen-test.odoo.rgbconsulting.com\/es\/producto\/long-burn-the-fire\/#breadcrumb\",\"itemListElement\":[{\"@type\":\"ListItem\",\"position\":1,\"name\":\"Inicio\",\"item\":\"https:\/\/wpguerssen-test.odoo.rgbconsulting.com\/es\/\"},{\"@type\":\"ListItem\",\"position\":2,\"name\":\"Shop\",\"item\":\"https:\/\/wpguerssen-test.odoo.rgbconsulting.com\/shop\/\"},{\"@type\":\"ListItem\",\"position\":3,\"name\":\"Long Burn The Fire\"}]},{\"@type\":\"WebSite\",\"@id\":\"https:\/\/wpguerssen-test.odoo.rgbconsulting.com\/es\/#website\",\"url\":\"https:\/\/wpguerssen-test.odoo.rgbconsulting.com\/es\/\",\"name\":\"Guerssen records\",\"description\":\"psychedelia - progressive - folk - garage \",\"publisher\":{\"@id\":\"https:\/\/wpguerssen-test.odoo.rgbconsulting.com\/es\/#organization\"},\"potentialAction\":[{\"@type\":\"SearchAction\",\"target\":{\"@type\":\"EntryPoint\",\"urlTemplate\":\"https:\/\/wpguerssen-test.odoo.rgbconsulting.com\/es\/?s={search_term_string}\"},\"query-input\":{\"@type\":\"PropertyValueSpecification\",\"valueRequired\":true,\"valueName\":\"search_term_string\"}}],\"inLanguage\":\"es\"},{\"@type\":\"Organization\",\"@id\":\"https:\/\/wpguerssen-test.odoo.rgbconsulting.com\/es\/#organization\",\"name\":\"Guerssen records\",\"url\":\"https:\/\/wpguerssen-test.odoo.rgbconsulting.com\/es\/\",\"logo\":{\"@type\":\"ImageObject\",\"inLanguage\":\"es\",\"@id\":\"https:\/\/wpguerssen-test.odoo.rgbconsulting.com\/es\/#\/schema\/logo\/image\/\",\"url\":\"https:\/\/wpguerssen-test.odoo.rgbconsulting.com\/wp-content\/uploads\/2022\/04\/Logo_Guerssen_trans_100.png\",\"contentUrl\":\"https:\/\/wpguerssen-test.odoo.rgbconsulting.com\/wp-content\/uploads\/2022\/04\/Logo_Guerssen_trans_100.png\",\"width\":122,\"height\":100,\"caption\":\"Guerssen records\"},\"image\":{\"@id\":\"https:\/\/wpguerssen-test.odoo.rgbconsulting.com\/es\/#\/schema\/logo\/image\/\"}}]}<\/script>\n<!-- \/ Yoast SEO plugin. -->","yoast_head_json":{"title":"MER-DA - Long Burn The Fire -  (LP) | Guerssen","description":"Once there was Black Merda, such a funny a name if you happen to have any Italian heritage. To be true, that was meant as Black Murder, but something went wrong along the way. For their second album the proto black rock band changed his name, turning simply into Mer-da. Long Burn The Fire was their last effort ever, soon came darkness and all of a sudden the group disbanded, before being praised in the early 2000 as forerunner of a young black generation. Officially a funk combo the band shared more than a moment with The Jimi Hendrix Experience and Geroge Clinton Funkadelic. Their acid-fuzz numbers brought similarities with early 70's psychedelic nomads, while some vocal harmonies had a more contemporary late-'60s soul vibe. Coming from Detroit rock city, they became sort of a local legend, now you know why!","robots":{"index":"index","follow":"follow","max-snippet":"max-snippet:-1","max-image-preview":"max-image-preview:large","max-video-preview":"max-video-preview:-1"},"canonical":"https:\/\/wpguerssen-test.odoo.rgbconsulting.com\/es\/producto\/long-burn-the-fire\/","og_locale":"es_ES","og_type":"article","og_title":"MER-DA - Long Burn The Fire -  (LP) | Guerssen","og_description":"Once there was Black Merda, such a funny a name if you happen to have any Italian heritage. To be true, that was meant as Black Murder, but something went wrong along the way. For their second album the proto black rock band changed his name, turning simply into Mer-da. Long Burn The Fire was their last effort ever, soon came darkness and all of a sudden the group disbanded, before being praised in the early 2000 as forerunner of a young black generation. Officially a funk combo the band shared more than a moment with The Jimi Hendrix Experience and Geroge Clinton Funkadelic. Their acid-fuzz numbers brought similarities with early 70's psychedelic nomads, while some vocal harmonies had a more contemporary late-'60s soul vibe. Coming from Detroit rock city, they became sort of a local legend, now you know why!","og_url":"https:\/\/wpguerssen-test.odoo.rgbconsulting.com\/es\/producto\/long-burn-the-fire\/","og_site_name":"Guerssen records","article_modified_time":"2024-02-21T11:31:32+00:00","og_image":[{"width":1080,"height":1080,"url":"https:\/\/wpguerssen-test.odoo.rgbconsulting.com\/wp-content\/uploads\/2022\/09\/41807.jpg","type":"image\/jpeg"}],"twitter_card":"summary_large_image","twitter_title":"MER-DA - Long Burn The Fire -  (LP) | Guerssen","twitter_misc":{"Tiempo de lectura":"1 minuto"},"schema":{"@context":"https:\/\/schema.org","@graph":[{"@type":"WebPage","@id":"https:\/\/wpguerssen-test.odoo.rgbconsulting.com\/es\/producto\/long-burn-the-fire\/","url":"https:\/\/wpguerssen-test.odoo.rgbconsulting.com\/es\/producto\/long-burn-the-fire\/","name":"MER-DA - Long Burn The Fire - (LP) | Guerssen","isPartOf":{"@id":"https:\/\/wpguerssen-test.odoo.rgbconsulting.com\/es\/#website"},"primaryImageOfPage":{"@id":"https:\/\/wpguerssen-test.odoo.rgbconsulting.com\/es\/producto\/long-burn-the-fire\/#primaryimage"},"image":{"@id":"https:\/\/wpguerssen-test.odoo.rgbconsulting.com\/es\/producto\/long-burn-the-fire\/#primaryimage"},"thumbnailUrl":"https:\/\/wpguerssen-test.odoo.rgbconsulting.com\/wp-content\/uploads\/2022\/09\/41807.jpg","datePublished":"2022-09-27T22:00:00+00:00","dateModified":"2024-02-21T11:31:32+00:00","description":"Once there was Black Merda, such a funny a name if you happen to have any Italian heritage. To be true, that was meant as Black Murder, but something went wrong along the way. For their second album the proto black rock band changed his name, turning simply into Mer-da. Long Burn The Fire was their last effort ever, soon came darkness and all of a sudden the group disbanded, before being praised in the early 2000 as forerunner of a young black generation. Officially a funk combo the band shared more than a moment with The Jimi Hendrix Experience and Geroge Clinton Funkadelic. Their acid-fuzz numbers brought similarities with early 70's psychedelic nomads, while some vocal harmonies had a more contemporary late-'60s soul vibe. Coming from Detroit rock city, they became sort of a local legend, now you know why!","breadcrumb":{"@id":"https:\/\/wpguerssen-test.odoo.rgbconsulting.com\/es\/producto\/long-burn-the-fire\/#breadcrumb"},"inLanguage":"es","potentialAction":[{"@type":"ReadAction","target":["https:\/\/wpguerssen-test.odoo.rgbconsulting.com\/es\/producto\/long-burn-the-fire\/"]}]},{"@type":"ImageObject","inLanguage":"es","@id":"https:\/\/wpguerssen-test.odoo.rgbconsulting.com\/es\/producto\/long-burn-the-fire\/#primaryimage","url":"https:\/\/wpguerssen-test.odoo.rgbconsulting.com\/wp-content\/uploads\/2022\/09\/41807.jpg","contentUrl":"https:\/\/wpguerssen-test.odoo.rgbconsulting.com\/wp-content\/uploads\/2022\/09\/41807.jpg","width":1080,"height":1080},{"@type":"BreadcrumbList","@id":"https:\/\/wpguerssen-test.odoo.rgbconsulting.com\/es\/producto\/long-burn-the-fire\/#breadcrumb","itemListElement":[{"@type":"ListItem","position":1,"name":"Inicio","item":"https:\/\/wpguerssen-test.odoo.rgbconsulting.com\/es\/"},{"@type":"ListItem","position":2,"name":"Shop","item":"https:\/\/wpguerssen-test.odoo.rgbconsulting.com\/shop\/"},{"@type":"ListItem","position":3,"name":"Long Burn The Fire"}]},{"@type":"WebSite","@id":"https:\/\/wpguerssen-test.odoo.rgbconsulting.com\/es\/#website","url":"https:\/\/wpguerssen-test.odoo.rgbconsulting.com\/es\/","name":"Guerssen records","description":"psychedelia - progressive - folk - garage ","publisher":{"@id":"https:\/\/wpguerssen-test.odoo.rgbconsulting.com\/es\/#organization"},"potentialAction":[{"@type":"SearchAction","target":{"@type":"EntryPoint","urlTemplate":"https:\/\/wpguerssen-test.odoo.rgbconsulting.com\/es\/?s={search_term_string}"},"query-input":{"@type":"PropertyValueSpecification","valueRequired":true,"valueName":"search_term_string"}}],"inLanguage":"es"},{"@type":"Organization","@id":"https:\/\/wpguerssen-test.odoo.rgbconsulting.com\/es\/#organization","name":"Guerssen records","url":"https:\/\/wpguerssen-test.odoo.rgbconsulting.com\/es\/","logo":{"@type":"ImageObject","inLanguage":"es","@id":"https:\/\/wpguerssen-test.odoo.rgbconsulting.com\/es\/#\/schema\/logo\/image\/","url":"https:\/\/wpguerssen-test.odoo.rgbconsulting.com\/wp-content\/uploads\/2022\/04\/Logo_Guerssen_trans_100.png","contentUrl":"https:\/\/wpguerssen-test.odoo.rgbconsulting.com\/wp-content\/uploads\/2022\/04\/Logo_Guerssen_trans_100.png","width":122,"height":100,"caption":"Guerssen records"},"image":{"@id":"https:\/\/wpguerssen-test.odoo.rgbconsulting.com\/es\/#\/schema\/logo\/image\/"}}]}},"_links":{"self":[{"href":"https:\/\/wpguerssen-test.odoo.rgbconsulting.com\/es\/wp-json\/wp\/v2\/product\/217798","targetHints":{"allow":["GET"]}}],"collection":[{"href":"https:\/\/wpguerssen-test.odoo.rgbconsulting.com\/es\/wp-json\/wp\/v2\/product"}],"about":[{"href":"https:\/\/wpguerssen-test.odoo.rgbconsulting.com\/es\/wp-json\/wp\/v2\/types\/product"}],"wp:featuredmedia":[{"embeddable":true,"href":"https:\/\/wpguerssen-test.odoo.rgbconsulting.com\/es\/wp-json\/wp\/v2\/media\/217763"}],"wp:attachment":[{"href":"https:\/\/wpguerssen-test.odoo.rgbconsulting.com\/es\/wp-json\/wp\/v2\/media?parent=217798"}],"wp:term":[{"taxonomy":"product_brand","embeddable":true,"href":"https:\/\/wpguerssen-test.odoo.rgbconsulting.com\/es\/wp-json\/wp\/v2\/product_brand?post=217798"},{"taxonomy":"product_cat","embeddable":true,"href":"https:\/\/wpguerssen-test.odoo.rgbconsulting.com\/es\/wp-json\/wp\/v2\/product_cat?post=217798"},{"taxonomy":"product_tag","embeddable":true,"href":"https:\/\/wpguerssen-test.odoo.rgbconsulting.com\/es\/wp-json\/wp\/v2\/product_tag?post=217798"}],"curies":[{"name":"wp","href":"https:\/\/api.w.org\/{rel}","templated":true}]}}