{"id":217832,"date":"2022-09-21T00:00:00","date_gmt":"2022-09-20T22:00:00","guid":{"rendered":"https:\/\/wpguerssen-test.odoo.rgbconsulting.com\/product\/riflessioni-idea-dinfinito-green\/"},"modified":"2025-01-09T15:13:52","modified_gmt":"2025-01-09T14:13:52","slug":"riflessioni-idea-dinfinito-green","status":"publish","type":"product","link":"https:\/\/wpguerssen-test.odoo.rgbconsulting.com\/es\/producto\/riflessioni-idea-dinfinito-green\/","title":{"rendered":"Riflessioni: idea d&#8217;infinito (Green)"},"content":{"rendered":"<p>Fiel reedici\u00f3n de uno de los grandes lanzamientos del Progresivo italiano, en formato de 180gr. vinilo verde transparente empaquetado en una reproducci\u00f3n fiel de la car\u00e1tula desplegable original.<br \/>La formaci\u00f3n original de Dalton inclu\u00eda a tres m\u00fasicos, Aronne Cereda, Giancarlo Brambilla (al bajo y luego a los teclados) y Rino Limonta, provenientes de un grupo llamado I Puritani, que tambi\u00e9n inclu\u00eda a dos futuros miembros de Pholas Dactylus, Valentino Galbusera y Giampiero Nava.<br \/>Lanzaron un muy buen \u00e1lbum debut titulado \u00abRiflessioni: idea d&#8217;infinito\u00bb que muestra un gran uso de la flauta y buenos riffs de guitarra, con un inspirado composici\u00f3n de canciones La canci\u00f3n \u00abIdea d&#8217;infinito\u00bb muestra algunas influencias de Jethro Tull, y es una de las mejores pistas junto con \u00abRiflessioni\u00bb y el cierre \u00abDimensione lavoro\u00bb, mientras que \u00abCara Emily\u00bb es una balada ac\u00fastica lenta.<br \/>La banda tuvo un \u00e9xito moderado e incluso gan\u00f3 el primer premio en un festival pop suizo en Zurich, lanz\u00f3 un segundo LP en 1975 (\u00abArgitari\u00bb) y luego se disolvi\u00f3 durante mucho tiempo, antes de volver en los \u00faltimos a\u00f1os gracias a la iniciativa del cantante\/ guitarrista Aronne Cereda.<\/p>\n","protected":false},"excerpt":{"rendered":"<p>Fiel reedici\u00f3n de uno de los grandes lanzamientos del Progresivo italiano, en formato de 180gr. vinilo verde transparente empaquetado en una reproducci\u00f3n fiel de<a class=\"read\" href=\"https:\/\/wpguerssen-test.odoo.rgbconsulting.com\/es\/producto\/riflessioni-idea-dinfinito-green\/\"> (...)<\/a>","protected":false},"featured_media":218478,"template":"","meta":{"_acf_changed":false},"product_brand":[],"product_cat":[21639,23215],"product_tag":[29140],"class_list":{"0":"post-217832","1":"product","2":"type-product","3":"status-publish","4":"has-post-thumbnail","6":"product_cat-psychedelic60s-70s-es","7":"product_cat-progressive60s-70s-es","8":"product_tag-color-vinyl-es","9":"pa_artist-dalton-es","10":"pa_format-lp-es","11":"pa_gender-psychedelic60s-70s-progressive60s-70s","12":"pa_label-vinyl-magic","13":"pa_location-europe-es","14":"pa_other-filters-vinyl-only-es","16":"first","17":"instock","18":"taxable","19":"shipping-taxable","20":"purchasable","21":"product-type-simple"},"acf":[],"yoast_head":"<!-- This site is optimized with the Yoast SEO plugin v24.9 - https:\/\/yoast.com\/wordpress\/plugins\/seo\/ -->\n<title>DALTON - Riflessioni: idea d&#039;infinito (Green) -  (LP) | Guerssen<\/title>\n<meta name=\"description\" content=\"Faithful reissue of one of Italian Prog greatest releases, on 180gr. clear green vinyl packaged in a faithful reproduction of the original gatefold sleeve.Dalton&#039;s original line-up included three musicians, Aronne Cereda, Giancarlo Brambilla (on bass and then keyboards) and Rino Limonta, coming from a group called I Puritani, that also included two future members of Pholas Dactylus, Valentino Galbusera and Giampiero Nava.They released a very good debut album entitled &quot;Riflessioni: idea d&#039;infinito&quot; that displays a great use of flute and good guitar riffs, with an inspired songwriting. The song &quot;Idea d&#039;infinito&quot; shows some Jethro Tull influences, and is one of the best tracks together with &quot;Riflessioni&quot; and the closing &quot;Dimensione lavoro&quot;, while &quot;Cara Emily&quot; is a slow acoustic ballad.The band had a moderate success and even won the first prize in a swiss Pop Festival in Zurich, released a second LP in 1975 (&quot;Argitari&quot;) and then disbanded for a long time, before coming back in recent years thanks to the initiative of singer\/guitarist Aronne Cereda.\" \/>\n<meta name=\"robots\" content=\"index, follow, max-snippet:-1, max-image-preview:large, max-video-preview:-1\" \/>\n<link rel=\"canonical\" href=\"https:\/\/wpguerssen-test.odoo.rgbconsulting.com\/es\/producto\/riflessioni-idea-dinfinito-green\/\" \/>\n<meta property=\"og:locale\" content=\"es_ES\" \/>\n<meta property=\"og:type\" content=\"article\" \/>\n<meta property=\"og:title\" content=\"DALTON - Riflessioni: idea d&#039;infinito (Green) -  (LP) | Guerssen\" \/>\n<meta property=\"og:description\" content=\"Faithful reissue of one of Italian Prog greatest releases, on 180gr. clear green vinyl packaged in a faithful reproduction of the original gatefold sleeve.Dalton&#039;s original line-up included three musicians, Aronne Cereda, Giancarlo Brambilla (on bass and then keyboards) and Rino Limonta, coming from a group called I Puritani, that also included two future members of Pholas Dactylus, Valentino Galbusera and Giampiero Nava.They released a very good debut album entitled &quot;Riflessioni: idea d&#039;infinito&quot; that displays a great use of flute and good guitar riffs, with an inspired songwriting. The song &quot;Idea d&#039;infinito&quot; shows some Jethro Tull influences, and is one of the best tracks together with &quot;Riflessioni&quot; and the closing &quot;Dimensione lavoro&quot;, while &quot;Cara Emily&quot; is a slow acoustic ballad.The band had a moderate success and even won the first prize in a swiss Pop Festival in Zurich, released a second LP in 1975 (&quot;Argitari&quot;) and then disbanded for a long time, before coming back in recent years thanks to the initiative of singer\/guitarist Aronne Cereda.\" \/>\n<meta property=\"og:url\" content=\"https:\/\/wpguerssen-test.odoo.rgbconsulting.com\/es\/producto\/riflessioni-idea-dinfinito-green\/\" \/>\n<meta property=\"og:site_name\" content=\"Guerssen records\" \/>\n<meta property=\"article:modified_time\" content=\"2025-01-09T14:13:52+00:00\" \/>\n<meta property=\"og:image\" content=\"https:\/\/wpguerssen-test.odoo.rgbconsulting.com\/wp-content\/uploads\/2022\/09\/41826.jpg\" \/>\n\t<meta property=\"og:image:width\" content=\"1500\" \/>\n\t<meta property=\"og:image:height\" content=\"1500\" \/>\n\t<meta property=\"og:image:type\" content=\"image\/jpeg\" \/>\n<meta name=\"twitter:card\" content=\"summary_large_image\" \/>\n<meta name=\"twitter:title\" content=\"DALTON - Riflessioni: idea d&#039;infinito (Green) -  (LP) | Guerssen\" \/>\n<meta name=\"twitter:label1\" content=\"Tiempo de lectura\" \/>\n\t<meta name=\"twitter:data1\" content=\"1 minuto\" \/>\n<script type=\"application\/ld+json\" class=\"yoast-schema-graph\">{\"@context\":\"https:\/\/schema.org\",\"@graph\":[{\"@type\":\"WebPage\",\"@id\":\"https:\/\/wpguerssen-test.odoo.rgbconsulting.com\/es\/producto\/riflessioni-idea-dinfinito-green\/\",\"url\":\"https:\/\/wpguerssen-test.odoo.rgbconsulting.com\/es\/producto\/riflessioni-idea-dinfinito-green\/\",\"name\":\"DALTON - Riflessioni: idea d'infinito (Green) - (LP) | Guerssen\",\"isPartOf\":{\"@id\":\"https:\/\/wpguerssen-test.odoo.rgbconsulting.com\/es\/#website\"},\"primaryImageOfPage\":{\"@id\":\"https:\/\/wpguerssen-test.odoo.rgbconsulting.com\/es\/producto\/riflessioni-idea-dinfinito-green\/#primaryimage\"},\"image\":{\"@id\":\"https:\/\/wpguerssen-test.odoo.rgbconsulting.com\/es\/producto\/riflessioni-idea-dinfinito-green\/#primaryimage\"},\"thumbnailUrl\":\"https:\/\/wpguerssen-test.odoo.rgbconsulting.com\/wp-content\/uploads\/2022\/09\/41826.jpg\",\"datePublished\":\"2022-09-20T22:00:00+00:00\",\"dateModified\":\"2025-01-09T14:13:52+00:00\",\"description\":\"Faithful reissue of one of Italian Prog greatest releases, on 180gr. clear green vinyl packaged in a faithful reproduction of the original gatefold sleeve.Dalton's original line-up included three musicians, Aronne Cereda, Giancarlo Brambilla (on bass and then keyboards) and Rino Limonta, coming from a group called I Puritani, that also included two future members of Pholas Dactylus, Valentino Galbusera and Giampiero Nava.They released a very good debut album entitled \\\"Riflessioni: idea d'infinito\\\" that displays a great use of flute and good guitar riffs, with an inspired songwriting. The song \\\"Idea d'infinito\\\" shows some Jethro Tull influences, and is one of the best tracks together with \\\"Riflessioni\\\" and the closing \\\"Dimensione lavoro\\\", while \\\"Cara Emily\\\" is a slow acoustic ballad.The band had a moderate success and even won the first prize in a swiss Pop Festival in Zurich, released a second LP in 1975 (\\\"Argitari\\\") and then disbanded for a long time, before coming back in recent years thanks to the initiative of singer\/guitarist Aronne Cereda.\",\"breadcrumb\":{\"@id\":\"https:\/\/wpguerssen-test.odoo.rgbconsulting.com\/es\/producto\/riflessioni-idea-dinfinito-green\/#breadcrumb\"},\"inLanguage\":\"es\",\"potentialAction\":[{\"@type\":\"ReadAction\",\"target\":[\"https:\/\/wpguerssen-test.odoo.rgbconsulting.com\/es\/producto\/riflessioni-idea-dinfinito-green\/\"]}]},{\"@type\":\"ImageObject\",\"inLanguage\":\"es\",\"@id\":\"https:\/\/wpguerssen-test.odoo.rgbconsulting.com\/es\/producto\/riflessioni-idea-dinfinito-green\/#primaryimage\",\"url\":\"https:\/\/wpguerssen-test.odoo.rgbconsulting.com\/wp-content\/uploads\/2022\/09\/41826.jpg\",\"contentUrl\":\"https:\/\/wpguerssen-test.odoo.rgbconsulting.com\/wp-content\/uploads\/2022\/09\/41826.jpg\",\"width\":1500,\"height\":1500},{\"@type\":\"BreadcrumbList\",\"@id\":\"https:\/\/wpguerssen-test.odoo.rgbconsulting.com\/es\/producto\/riflessioni-idea-dinfinito-green\/#breadcrumb\",\"itemListElement\":[{\"@type\":\"ListItem\",\"position\":1,\"name\":\"Inicio\",\"item\":\"https:\/\/wpguerssen-test.odoo.rgbconsulting.com\/es\/\"},{\"@type\":\"ListItem\",\"position\":2,\"name\":\"Shop\",\"item\":\"https:\/\/wpguerssen-test.odoo.rgbconsulting.com\/shop\/\"},{\"@type\":\"ListItem\",\"position\":3,\"name\":\"Riflessioni: idea d&#8217;infinito (Green)\"}]},{\"@type\":\"WebSite\",\"@id\":\"https:\/\/wpguerssen-test.odoo.rgbconsulting.com\/es\/#website\",\"url\":\"https:\/\/wpguerssen-test.odoo.rgbconsulting.com\/es\/\",\"name\":\"Guerssen records\",\"description\":\"psychedelia - progressive - folk - garage \",\"publisher\":{\"@id\":\"https:\/\/wpguerssen-test.odoo.rgbconsulting.com\/es\/#organization\"},\"potentialAction\":[{\"@type\":\"SearchAction\",\"target\":{\"@type\":\"EntryPoint\",\"urlTemplate\":\"https:\/\/wpguerssen-test.odoo.rgbconsulting.com\/es\/?s={search_term_string}\"},\"query-input\":{\"@type\":\"PropertyValueSpecification\",\"valueRequired\":true,\"valueName\":\"search_term_string\"}}],\"inLanguage\":\"es\"},{\"@type\":\"Organization\",\"@id\":\"https:\/\/wpguerssen-test.odoo.rgbconsulting.com\/es\/#organization\",\"name\":\"Guerssen records\",\"url\":\"https:\/\/wpguerssen-test.odoo.rgbconsulting.com\/es\/\",\"logo\":{\"@type\":\"ImageObject\",\"inLanguage\":\"es\",\"@id\":\"https:\/\/wpguerssen-test.odoo.rgbconsulting.com\/es\/#\/schema\/logo\/image\/\",\"url\":\"https:\/\/wpguerssen-test.odoo.rgbconsulting.com\/wp-content\/uploads\/2022\/04\/Logo_Guerssen_trans_100.png\",\"contentUrl\":\"https:\/\/wpguerssen-test.odoo.rgbconsulting.com\/wp-content\/uploads\/2022\/04\/Logo_Guerssen_trans_100.png\",\"width\":122,\"height\":100,\"caption\":\"Guerssen records\"},\"image\":{\"@id\":\"https:\/\/wpguerssen-test.odoo.rgbconsulting.com\/es\/#\/schema\/logo\/image\/\"}}]}<\/script>\n<!-- \/ Yoast SEO plugin. -->","yoast_head_json":{"title":"DALTON - Riflessioni: idea d'infinito (Green) -  (LP) | Guerssen","description":"Faithful reissue of one of Italian Prog greatest releases, on 180gr. clear green vinyl packaged in a faithful reproduction of the original gatefold sleeve.Dalton's original line-up included three musicians, Aronne Cereda, Giancarlo Brambilla (on bass and then keyboards) and Rino Limonta, coming from a group called I Puritani, that also included two future members of Pholas Dactylus, Valentino Galbusera and Giampiero Nava.They released a very good debut album entitled \"Riflessioni: idea d'infinito\" that displays a great use of flute and good guitar riffs, with an inspired songwriting. The song \"Idea d'infinito\" shows some Jethro Tull influences, and is one of the best tracks together with \"Riflessioni\" and the closing \"Dimensione lavoro\", while \"Cara Emily\" is a slow acoustic ballad.The band had a moderate success and even won the first prize in a swiss Pop Festival in Zurich, released a second LP in 1975 (\"Argitari\") and then disbanded for a long time, before coming back in recent years thanks to the initiative of singer\/guitarist Aronne Cereda.","robots":{"index":"index","follow":"follow","max-snippet":"max-snippet:-1","max-image-preview":"max-image-preview:large","max-video-preview":"max-video-preview:-1"},"canonical":"https:\/\/wpguerssen-test.odoo.rgbconsulting.com\/es\/producto\/riflessioni-idea-dinfinito-green\/","og_locale":"es_ES","og_type":"article","og_title":"DALTON - Riflessioni: idea d'infinito (Green) -  (LP) | Guerssen","og_description":"Faithful reissue of one of Italian Prog greatest releases, on 180gr. clear green vinyl packaged in a faithful reproduction of the original gatefold sleeve.Dalton's original line-up included three musicians, Aronne Cereda, Giancarlo Brambilla (on bass and then keyboards) and Rino Limonta, coming from a group called I Puritani, that also included two future members of Pholas Dactylus, Valentino Galbusera and Giampiero Nava.They released a very good debut album entitled \"Riflessioni: idea d'infinito\" that displays a great use of flute and good guitar riffs, with an inspired songwriting. The song \"Idea d'infinito\" shows some Jethro Tull influences, and is one of the best tracks together with \"Riflessioni\" and the closing \"Dimensione lavoro\", while \"Cara Emily\" is a slow acoustic ballad.The band had a moderate success and even won the first prize in a swiss Pop Festival in Zurich, released a second LP in 1975 (\"Argitari\") and then disbanded for a long time, before coming back in recent years thanks to the initiative of singer\/guitarist Aronne Cereda.","og_url":"https:\/\/wpguerssen-test.odoo.rgbconsulting.com\/es\/producto\/riflessioni-idea-dinfinito-green\/","og_site_name":"Guerssen records","article_modified_time":"2025-01-09T14:13:52+00:00","og_image":[{"width":1500,"height":1500,"url":"https:\/\/wpguerssen-test.odoo.rgbconsulting.com\/wp-content\/uploads\/2022\/09\/41826.jpg","type":"image\/jpeg"}],"twitter_card":"summary_large_image","twitter_title":"DALTON - Riflessioni: idea d'infinito (Green) -  (LP) | Guerssen","twitter_misc":{"Tiempo de lectura":"1 minuto"},"schema":{"@context":"https:\/\/schema.org","@graph":[{"@type":"WebPage","@id":"https:\/\/wpguerssen-test.odoo.rgbconsulting.com\/es\/producto\/riflessioni-idea-dinfinito-green\/","url":"https:\/\/wpguerssen-test.odoo.rgbconsulting.com\/es\/producto\/riflessioni-idea-dinfinito-green\/","name":"DALTON - Riflessioni: idea d'infinito (Green) - (LP) | Guerssen","isPartOf":{"@id":"https:\/\/wpguerssen-test.odoo.rgbconsulting.com\/es\/#website"},"primaryImageOfPage":{"@id":"https:\/\/wpguerssen-test.odoo.rgbconsulting.com\/es\/producto\/riflessioni-idea-dinfinito-green\/#primaryimage"},"image":{"@id":"https:\/\/wpguerssen-test.odoo.rgbconsulting.com\/es\/producto\/riflessioni-idea-dinfinito-green\/#primaryimage"},"thumbnailUrl":"https:\/\/wpguerssen-test.odoo.rgbconsulting.com\/wp-content\/uploads\/2022\/09\/41826.jpg","datePublished":"2022-09-20T22:00:00+00:00","dateModified":"2025-01-09T14:13:52+00:00","description":"Faithful reissue of one of Italian Prog greatest releases, on 180gr. clear green vinyl packaged in a faithful reproduction of the original gatefold sleeve.Dalton's original line-up included three musicians, Aronne Cereda, Giancarlo Brambilla (on bass and then keyboards) and Rino Limonta, coming from a group called I Puritani, that also included two future members of Pholas Dactylus, Valentino Galbusera and Giampiero Nava.They released a very good debut album entitled \"Riflessioni: idea d'infinito\" that displays a great use of flute and good guitar riffs, with an inspired songwriting. The song \"Idea d'infinito\" shows some Jethro Tull influences, and is one of the best tracks together with \"Riflessioni\" and the closing \"Dimensione lavoro\", while \"Cara Emily\" is a slow acoustic ballad.The band had a moderate success and even won the first prize in a swiss Pop Festival in Zurich, released a second LP in 1975 (\"Argitari\") and then disbanded for a long time, before coming back in recent years thanks to the initiative of singer\/guitarist Aronne Cereda.","breadcrumb":{"@id":"https:\/\/wpguerssen-test.odoo.rgbconsulting.com\/es\/producto\/riflessioni-idea-dinfinito-green\/#breadcrumb"},"inLanguage":"es","potentialAction":[{"@type":"ReadAction","target":["https:\/\/wpguerssen-test.odoo.rgbconsulting.com\/es\/producto\/riflessioni-idea-dinfinito-green\/"]}]},{"@type":"ImageObject","inLanguage":"es","@id":"https:\/\/wpguerssen-test.odoo.rgbconsulting.com\/es\/producto\/riflessioni-idea-dinfinito-green\/#primaryimage","url":"https:\/\/wpguerssen-test.odoo.rgbconsulting.com\/wp-content\/uploads\/2022\/09\/41826.jpg","contentUrl":"https:\/\/wpguerssen-test.odoo.rgbconsulting.com\/wp-content\/uploads\/2022\/09\/41826.jpg","width":1500,"height":1500},{"@type":"BreadcrumbList","@id":"https:\/\/wpguerssen-test.odoo.rgbconsulting.com\/es\/producto\/riflessioni-idea-dinfinito-green\/#breadcrumb","itemListElement":[{"@type":"ListItem","position":1,"name":"Inicio","item":"https:\/\/wpguerssen-test.odoo.rgbconsulting.com\/es\/"},{"@type":"ListItem","position":2,"name":"Shop","item":"https:\/\/wpguerssen-test.odoo.rgbconsulting.com\/shop\/"},{"@type":"ListItem","position":3,"name":"Riflessioni: idea d&#8217;infinito (Green)"}]},{"@type":"WebSite","@id":"https:\/\/wpguerssen-test.odoo.rgbconsulting.com\/es\/#website","url":"https:\/\/wpguerssen-test.odoo.rgbconsulting.com\/es\/","name":"Guerssen records","description":"psychedelia - progressive - folk - garage ","publisher":{"@id":"https:\/\/wpguerssen-test.odoo.rgbconsulting.com\/es\/#organization"},"potentialAction":[{"@type":"SearchAction","target":{"@type":"EntryPoint","urlTemplate":"https:\/\/wpguerssen-test.odoo.rgbconsulting.com\/es\/?s={search_term_string}"},"query-input":{"@type":"PropertyValueSpecification","valueRequired":true,"valueName":"search_term_string"}}],"inLanguage":"es"},{"@type":"Organization","@id":"https:\/\/wpguerssen-test.odoo.rgbconsulting.com\/es\/#organization","name":"Guerssen records","url":"https:\/\/wpguerssen-test.odoo.rgbconsulting.com\/es\/","logo":{"@type":"ImageObject","inLanguage":"es","@id":"https:\/\/wpguerssen-test.odoo.rgbconsulting.com\/es\/#\/schema\/logo\/image\/","url":"https:\/\/wpguerssen-test.odoo.rgbconsulting.com\/wp-content\/uploads\/2022\/04\/Logo_Guerssen_trans_100.png","contentUrl":"https:\/\/wpguerssen-test.odoo.rgbconsulting.com\/wp-content\/uploads\/2022\/04\/Logo_Guerssen_trans_100.png","width":122,"height":100,"caption":"Guerssen records"},"image":{"@id":"https:\/\/wpguerssen-test.odoo.rgbconsulting.com\/es\/#\/schema\/logo\/image\/"}}]}},"_links":{"self":[{"href":"https:\/\/wpguerssen-test.odoo.rgbconsulting.com\/es\/wp-json\/wp\/v2\/product\/217832","targetHints":{"allow":["GET"]}}],"collection":[{"href":"https:\/\/wpguerssen-test.odoo.rgbconsulting.com\/es\/wp-json\/wp\/v2\/product"}],"about":[{"href":"https:\/\/wpguerssen-test.odoo.rgbconsulting.com\/es\/wp-json\/wp\/v2\/types\/product"}],"wp:featuredmedia":[{"embeddable":true,"href":"https:\/\/wpguerssen-test.odoo.rgbconsulting.com\/es\/wp-json\/wp\/v2\/media\/218478"}],"wp:attachment":[{"href":"https:\/\/wpguerssen-test.odoo.rgbconsulting.com\/es\/wp-json\/wp\/v2\/media?parent=217832"}],"wp:term":[{"taxonomy":"product_brand","embeddable":true,"href":"https:\/\/wpguerssen-test.odoo.rgbconsulting.com\/es\/wp-json\/wp\/v2\/product_brand?post=217832"},{"taxonomy":"product_cat","embeddable":true,"href":"https:\/\/wpguerssen-test.odoo.rgbconsulting.com\/es\/wp-json\/wp\/v2\/product_cat?post=217832"},{"taxonomy":"product_tag","embeddable":true,"href":"https:\/\/wpguerssen-test.odoo.rgbconsulting.com\/es\/wp-json\/wp\/v2\/product_tag?post=217832"}],"curies":[{"name":"wp","href":"https:\/\/api.w.org\/{rel}","templated":true}]}}