{"id":217833,"date":"2025-02-19T00:00:00","date_gmt":"2025-02-18T23:00:00","guid":{"rendered":"https:\/\/wpguerssen-test.odoo.rgbconsulting.com\/product\/duello-madre-transparent\/"},"modified":"2025-04-02T16:49:30","modified_gmt":"2025-04-02T14:49:30","slug":"duello-madre-transparent","status":"publish","type":"product","link":"https:\/\/wpguerssen-test.odoo.rgbconsulting.com\/es\/producto\/duello-madre-transparent\/","title":{"rendered":"Duello Madre (Transparent)"},"content":{"rendered":"<p>Duello Madre, de Genua, solo lanz\u00f3 un \u00e1lbum orientado al jazz con una sola pista vocal (probablemente la m\u00e1s convincente del LP), en 1973 en el sello Produttori Associati (Maxophone). Despu\u00e9s de la separaci\u00f3n de la banda, el bajista Callero se fue a Il Volo y el baterista Lo Previte toc\u00f3 en Nova. Duello Madre fue una especie de superbanda, ya que cont\u00f3 con Marco Zoccheddu de Nuova Idea y Osage Tribe, Bob Callero, tambi\u00e9n de Osage Tribe, y el baterista Dede Lo Previte de Circus 2000, junto con el saxofonista y flautista Pippo Trentin. La gran maestr\u00eda musical del cuarteto es evidente a lo largo del \u00e1lbum. \u00abAquile blu\u00bb, con voces no acreditadas (probablemente del guitarrista Zoccheddu) y buenos solos de saxo es la mejor pista, y \u00abMomento\u00bb tiene un buen patr\u00f3n de bajo hipn\u00f3tico.<\/p>\n","protected":false},"excerpt":{"rendered":"<p>Duello Madre, de Genua, solo lanz\u00f3 un \u00e1lbum orientado al jazz con una sola pista vocal (probablemente la m\u00e1s convincente del LP), en 1973 en el sello Produttori<a class=\"read\" href=\"https:\/\/wpguerssen-test.odoo.rgbconsulting.com\/es\/producto\/duello-madre-transparent\/\"> (...)<\/a>","protected":false},"featured_media":218480,"template":"","meta":{"_acf_changed":false},"product_brand":[],"product_cat":[23215,23229],"product_tag":[29140],"class_list":{"0":"post-217833","1":"product","2":"type-product","3":"status-publish","4":"has-post-thumbnail","6":"product_cat-progressive60s-70s-es","7":"product_cat-jazz-rock-es","8":"product_tag-color-vinyl-es","9":"pa_artist-duello-madre-es","10":"pa_format-lp-es","11":"pa_gender-jazz-rock-progressive60s-70s","12":"pa_label-vinyl-magic","13":"pa_location-europe-es","14":"pa_other-filters-vinyl-only-es","16":"first","17":"instock","18":"taxable","19":"shipping-taxable","20":"purchasable","21":"product-type-simple"},"acf":[],"yoast_head":"<!-- This site is optimized with the Yoast SEO plugin v24.9 - https:\/\/yoast.com\/wordpress\/plugins\/seo\/ -->\n<title>DUELLO MADRE - Duello Madre (Transparent) -  (LP) | Guerssen<\/title>\n<meta name=\"description\" content=\"Duello Madre, from Genua, only released a jazz-oriented album with just a single vocal track (probably the most convincing one on the LP), in 1973 on the Produttori Associati label (Maxophone). After the band split, the bass player Callero went to Il Volo, and drummer Lo Previte played in Nova. Duello Madre was a sort of superband, as it featured Marco Zoccheddu from Nuova Idea and Osage Tribe, Bob Callero - also from Osage Tribe - and drummer Dede Lo Previte from Circus 2000, along with sax and flute player Pippo Trentin. The great musicianship of the four-piece is evident throughout the album. Aquile blu, with uncredited vocals (probably by guitarist Zoccheddu) and nice sax solos is the best track, and Momento has a nice hypnotic bass pattern.\" \/>\n<meta name=\"robots\" content=\"index, follow, max-snippet:-1, max-image-preview:large, max-video-preview:-1\" \/>\n<link rel=\"canonical\" href=\"https:\/\/wpguerssen-test.odoo.rgbconsulting.com\/es\/producto\/duello-madre-transparent\/\" \/>\n<meta property=\"og:locale\" content=\"es_ES\" \/>\n<meta property=\"og:type\" content=\"article\" \/>\n<meta property=\"og:title\" content=\"DUELLO MADRE - Duello Madre (Transparent) -  (LP) | Guerssen\" \/>\n<meta property=\"og:description\" content=\"Duello Madre, from Genua, only released a jazz-oriented album with just a single vocal track (probably the most convincing one on the LP), in 1973 on the Produttori Associati label (Maxophone). After the band split, the bass player Callero went to Il Volo, and drummer Lo Previte played in Nova. Duello Madre was a sort of superband, as it featured Marco Zoccheddu from Nuova Idea and Osage Tribe, Bob Callero - also from Osage Tribe - and drummer Dede Lo Previte from Circus 2000, along with sax and flute player Pippo Trentin. The great musicianship of the four-piece is evident throughout the album. Aquile blu, with uncredited vocals (probably by guitarist Zoccheddu) and nice sax solos is the best track, and Momento has a nice hypnotic bass pattern.\" \/>\n<meta property=\"og:url\" content=\"https:\/\/wpguerssen-test.odoo.rgbconsulting.com\/es\/producto\/duello-madre-transparent\/\" \/>\n<meta property=\"og:site_name\" content=\"Guerssen records\" \/>\n<meta property=\"article:modified_time\" content=\"2025-04-02T14:49:30+00:00\" \/>\n<meta property=\"og:image\" content=\"https:\/\/wpguerssen-test.odoo.rgbconsulting.com\/wp-content\/uploads\/2022\/09\/41827.png\" \/>\n\t<meta property=\"og:image:width\" content=\"600\" \/>\n\t<meta property=\"og:image:height\" content=\"600\" \/>\n\t<meta property=\"og:image:type\" content=\"image\/png\" \/>\n<meta name=\"twitter:card\" content=\"summary_large_image\" \/>\n<meta name=\"twitter:title\" content=\"DUELLO MADRE - Duello Madre (Transparent) -  (LP) | Guerssen\" \/>\n<meta name=\"twitter:label1\" content=\"Tiempo de lectura\" \/>\n\t<meta name=\"twitter:data1\" content=\"1 minuto\" \/>\n<script type=\"application\/ld+json\" class=\"yoast-schema-graph\">{\"@context\":\"https:\/\/schema.org\",\"@graph\":[{\"@type\":\"WebPage\",\"@id\":\"https:\/\/wpguerssen-test.odoo.rgbconsulting.com\/es\/producto\/duello-madre-transparent\/\",\"url\":\"https:\/\/wpguerssen-test.odoo.rgbconsulting.com\/es\/producto\/duello-madre-transparent\/\",\"name\":\"DUELLO MADRE - Duello Madre (Transparent) - (LP) | Guerssen\",\"isPartOf\":{\"@id\":\"https:\/\/wpguerssen-test.odoo.rgbconsulting.com\/es\/#website\"},\"primaryImageOfPage\":{\"@id\":\"https:\/\/wpguerssen-test.odoo.rgbconsulting.com\/es\/producto\/duello-madre-transparent\/#primaryimage\"},\"image\":{\"@id\":\"https:\/\/wpguerssen-test.odoo.rgbconsulting.com\/es\/producto\/duello-madre-transparent\/#primaryimage\"},\"thumbnailUrl\":\"https:\/\/wpguerssen-test.odoo.rgbconsulting.com\/wp-content\/uploads\/2022\/09\/41827.png\",\"datePublished\":\"2025-02-18T23:00:00+00:00\",\"dateModified\":\"2025-04-02T14:49:30+00:00\",\"description\":\"Duello Madre, from Genua, only released a jazz-oriented album with just a single vocal track (probably the most convincing one on the LP), in 1973 on the Produttori Associati label (Maxophone). After the band split, the bass player Callero went to Il Volo, and drummer Lo Previte played in Nova. Duello Madre was a sort of superband, as it featured Marco Zoccheddu from Nuova Idea and Osage Tribe, Bob Callero - also from Osage Tribe - and drummer Dede Lo Previte from Circus 2000, along with sax and flute player Pippo Trentin. The great musicianship of the four-piece is evident throughout the album. Aquile blu, with uncredited vocals (probably by guitarist Zoccheddu) and nice sax solos is the best track, and Momento has a nice hypnotic bass pattern.\",\"breadcrumb\":{\"@id\":\"https:\/\/wpguerssen-test.odoo.rgbconsulting.com\/es\/producto\/duello-madre-transparent\/#breadcrumb\"},\"inLanguage\":\"es\",\"potentialAction\":[{\"@type\":\"ReadAction\",\"target\":[\"https:\/\/wpguerssen-test.odoo.rgbconsulting.com\/es\/producto\/duello-madre-transparent\/\"]}]},{\"@type\":\"ImageObject\",\"inLanguage\":\"es\",\"@id\":\"https:\/\/wpguerssen-test.odoo.rgbconsulting.com\/es\/producto\/duello-madre-transparent\/#primaryimage\",\"url\":\"https:\/\/wpguerssen-test.odoo.rgbconsulting.com\/wp-content\/uploads\/2022\/09\/41827.png\",\"contentUrl\":\"https:\/\/wpguerssen-test.odoo.rgbconsulting.com\/wp-content\/uploads\/2022\/09\/41827.png\",\"width\":600,\"height\":600,\"caption\":\"DUELLO MADRE - Duello Madre (Transparent) - VINYL MAGIC (LP) | Guerssen\"},{\"@type\":\"BreadcrumbList\",\"@id\":\"https:\/\/wpguerssen-test.odoo.rgbconsulting.com\/es\/producto\/duello-madre-transparent\/#breadcrumb\",\"itemListElement\":[{\"@type\":\"ListItem\",\"position\":1,\"name\":\"Inicio\",\"item\":\"https:\/\/wpguerssen-test.odoo.rgbconsulting.com\/es\/\"},{\"@type\":\"ListItem\",\"position\":2,\"name\":\"Shop\",\"item\":\"https:\/\/wpguerssen-test.odoo.rgbconsulting.com\/shop\/\"},{\"@type\":\"ListItem\",\"position\":3,\"name\":\"Duello Madre (Transparent)\"}]},{\"@type\":\"WebSite\",\"@id\":\"https:\/\/wpguerssen-test.odoo.rgbconsulting.com\/es\/#website\",\"url\":\"https:\/\/wpguerssen-test.odoo.rgbconsulting.com\/es\/\",\"name\":\"Guerssen records\",\"description\":\"psychedelia - progressive - folk - garage \",\"publisher\":{\"@id\":\"https:\/\/wpguerssen-test.odoo.rgbconsulting.com\/es\/#organization\"},\"potentialAction\":[{\"@type\":\"SearchAction\",\"target\":{\"@type\":\"EntryPoint\",\"urlTemplate\":\"https:\/\/wpguerssen-test.odoo.rgbconsulting.com\/es\/?s={search_term_string}\"},\"query-input\":{\"@type\":\"PropertyValueSpecification\",\"valueRequired\":true,\"valueName\":\"search_term_string\"}}],\"inLanguage\":\"es\"},{\"@type\":\"Organization\",\"@id\":\"https:\/\/wpguerssen-test.odoo.rgbconsulting.com\/es\/#organization\",\"name\":\"Guerssen records\",\"url\":\"https:\/\/wpguerssen-test.odoo.rgbconsulting.com\/es\/\",\"logo\":{\"@type\":\"ImageObject\",\"inLanguage\":\"es\",\"@id\":\"https:\/\/wpguerssen-test.odoo.rgbconsulting.com\/es\/#\/schema\/logo\/image\/\",\"url\":\"https:\/\/wpguerssen-test.odoo.rgbconsulting.com\/wp-content\/uploads\/2022\/04\/Logo_Guerssen_trans_100.png\",\"contentUrl\":\"https:\/\/wpguerssen-test.odoo.rgbconsulting.com\/wp-content\/uploads\/2022\/04\/Logo_Guerssen_trans_100.png\",\"width\":122,\"height\":100,\"caption\":\"Guerssen records\"},\"image\":{\"@id\":\"https:\/\/wpguerssen-test.odoo.rgbconsulting.com\/es\/#\/schema\/logo\/image\/\"}}]}<\/script>\n<!-- \/ Yoast SEO plugin. -->","yoast_head_json":{"title":"DUELLO MADRE - Duello Madre (Transparent) -  (LP) | Guerssen","description":"Duello Madre, from Genua, only released a jazz-oriented album with just a single vocal track (probably the most convincing one on the LP), in 1973 on the Produttori Associati label (Maxophone). After the band split, the bass player Callero went to Il Volo, and drummer Lo Previte played in Nova. Duello Madre was a sort of superband, as it featured Marco Zoccheddu from Nuova Idea and Osage Tribe, Bob Callero - also from Osage Tribe - and drummer Dede Lo Previte from Circus 2000, along with sax and flute player Pippo Trentin. The great musicianship of the four-piece is evident throughout the album. Aquile blu, with uncredited vocals (probably by guitarist Zoccheddu) and nice sax solos is the best track, and Momento has a nice hypnotic bass pattern.","robots":{"index":"index","follow":"follow","max-snippet":"max-snippet:-1","max-image-preview":"max-image-preview:large","max-video-preview":"max-video-preview:-1"},"canonical":"https:\/\/wpguerssen-test.odoo.rgbconsulting.com\/es\/producto\/duello-madre-transparent\/","og_locale":"es_ES","og_type":"article","og_title":"DUELLO MADRE - Duello Madre (Transparent) -  (LP) | Guerssen","og_description":"Duello Madre, from Genua, only released a jazz-oriented album with just a single vocal track (probably the most convincing one on the LP), in 1973 on the Produttori Associati label (Maxophone). After the band split, the bass player Callero went to Il Volo, and drummer Lo Previte played in Nova. Duello Madre was a sort of superband, as it featured Marco Zoccheddu from Nuova Idea and Osage Tribe, Bob Callero - also from Osage Tribe - and drummer Dede Lo Previte from Circus 2000, along with sax and flute player Pippo Trentin. The great musicianship of the four-piece is evident throughout the album. Aquile blu, with uncredited vocals (probably by guitarist Zoccheddu) and nice sax solos is the best track, and Momento has a nice hypnotic bass pattern.","og_url":"https:\/\/wpguerssen-test.odoo.rgbconsulting.com\/es\/producto\/duello-madre-transparent\/","og_site_name":"Guerssen records","article_modified_time":"2025-04-02T14:49:30+00:00","og_image":[{"width":600,"height":600,"url":"https:\/\/wpguerssen-test.odoo.rgbconsulting.com\/wp-content\/uploads\/2022\/09\/41827.png","type":"image\/png"}],"twitter_card":"summary_large_image","twitter_title":"DUELLO MADRE - Duello Madre (Transparent) -  (LP) | Guerssen","twitter_misc":{"Tiempo de lectura":"1 minuto"},"schema":{"@context":"https:\/\/schema.org","@graph":[{"@type":"WebPage","@id":"https:\/\/wpguerssen-test.odoo.rgbconsulting.com\/es\/producto\/duello-madre-transparent\/","url":"https:\/\/wpguerssen-test.odoo.rgbconsulting.com\/es\/producto\/duello-madre-transparent\/","name":"DUELLO MADRE - Duello Madre (Transparent) - (LP) | Guerssen","isPartOf":{"@id":"https:\/\/wpguerssen-test.odoo.rgbconsulting.com\/es\/#website"},"primaryImageOfPage":{"@id":"https:\/\/wpguerssen-test.odoo.rgbconsulting.com\/es\/producto\/duello-madre-transparent\/#primaryimage"},"image":{"@id":"https:\/\/wpguerssen-test.odoo.rgbconsulting.com\/es\/producto\/duello-madre-transparent\/#primaryimage"},"thumbnailUrl":"https:\/\/wpguerssen-test.odoo.rgbconsulting.com\/wp-content\/uploads\/2022\/09\/41827.png","datePublished":"2025-02-18T23:00:00+00:00","dateModified":"2025-04-02T14:49:30+00:00","description":"Duello Madre, from Genua, only released a jazz-oriented album with just a single vocal track (probably the most convincing one on the LP), in 1973 on the Produttori Associati label (Maxophone). After the band split, the bass player Callero went to Il Volo, and drummer Lo Previte played in Nova. Duello Madre was a sort of superband, as it featured Marco Zoccheddu from Nuova Idea and Osage Tribe, Bob Callero - also from Osage Tribe - and drummer Dede Lo Previte from Circus 2000, along with sax and flute player Pippo Trentin. The great musicianship of the four-piece is evident throughout the album. Aquile blu, with uncredited vocals (probably by guitarist Zoccheddu) and nice sax solos is the best track, and Momento has a nice hypnotic bass pattern.","breadcrumb":{"@id":"https:\/\/wpguerssen-test.odoo.rgbconsulting.com\/es\/producto\/duello-madre-transparent\/#breadcrumb"},"inLanguage":"es","potentialAction":[{"@type":"ReadAction","target":["https:\/\/wpguerssen-test.odoo.rgbconsulting.com\/es\/producto\/duello-madre-transparent\/"]}]},{"@type":"ImageObject","inLanguage":"es","@id":"https:\/\/wpguerssen-test.odoo.rgbconsulting.com\/es\/producto\/duello-madre-transparent\/#primaryimage","url":"https:\/\/wpguerssen-test.odoo.rgbconsulting.com\/wp-content\/uploads\/2022\/09\/41827.png","contentUrl":"https:\/\/wpguerssen-test.odoo.rgbconsulting.com\/wp-content\/uploads\/2022\/09\/41827.png","width":600,"height":600,"caption":"DUELLO MADRE - Duello Madre (Transparent) - VINYL MAGIC (LP) | Guerssen"},{"@type":"BreadcrumbList","@id":"https:\/\/wpguerssen-test.odoo.rgbconsulting.com\/es\/producto\/duello-madre-transparent\/#breadcrumb","itemListElement":[{"@type":"ListItem","position":1,"name":"Inicio","item":"https:\/\/wpguerssen-test.odoo.rgbconsulting.com\/es\/"},{"@type":"ListItem","position":2,"name":"Shop","item":"https:\/\/wpguerssen-test.odoo.rgbconsulting.com\/shop\/"},{"@type":"ListItem","position":3,"name":"Duello Madre (Transparent)"}]},{"@type":"WebSite","@id":"https:\/\/wpguerssen-test.odoo.rgbconsulting.com\/es\/#website","url":"https:\/\/wpguerssen-test.odoo.rgbconsulting.com\/es\/","name":"Guerssen records","description":"psychedelia - progressive - folk - garage ","publisher":{"@id":"https:\/\/wpguerssen-test.odoo.rgbconsulting.com\/es\/#organization"},"potentialAction":[{"@type":"SearchAction","target":{"@type":"EntryPoint","urlTemplate":"https:\/\/wpguerssen-test.odoo.rgbconsulting.com\/es\/?s={search_term_string}"},"query-input":{"@type":"PropertyValueSpecification","valueRequired":true,"valueName":"search_term_string"}}],"inLanguage":"es"},{"@type":"Organization","@id":"https:\/\/wpguerssen-test.odoo.rgbconsulting.com\/es\/#organization","name":"Guerssen records","url":"https:\/\/wpguerssen-test.odoo.rgbconsulting.com\/es\/","logo":{"@type":"ImageObject","inLanguage":"es","@id":"https:\/\/wpguerssen-test.odoo.rgbconsulting.com\/es\/#\/schema\/logo\/image\/","url":"https:\/\/wpguerssen-test.odoo.rgbconsulting.com\/wp-content\/uploads\/2022\/04\/Logo_Guerssen_trans_100.png","contentUrl":"https:\/\/wpguerssen-test.odoo.rgbconsulting.com\/wp-content\/uploads\/2022\/04\/Logo_Guerssen_trans_100.png","width":122,"height":100,"caption":"Guerssen records"},"image":{"@id":"https:\/\/wpguerssen-test.odoo.rgbconsulting.com\/es\/#\/schema\/logo\/image\/"}}]}},"_links":{"self":[{"href":"https:\/\/wpguerssen-test.odoo.rgbconsulting.com\/es\/wp-json\/wp\/v2\/product\/217833","targetHints":{"allow":["GET"]}}],"collection":[{"href":"https:\/\/wpguerssen-test.odoo.rgbconsulting.com\/es\/wp-json\/wp\/v2\/product"}],"about":[{"href":"https:\/\/wpguerssen-test.odoo.rgbconsulting.com\/es\/wp-json\/wp\/v2\/types\/product"}],"wp:featuredmedia":[{"embeddable":true,"href":"https:\/\/wpguerssen-test.odoo.rgbconsulting.com\/es\/wp-json\/wp\/v2\/media\/218480"}],"wp:attachment":[{"href":"https:\/\/wpguerssen-test.odoo.rgbconsulting.com\/es\/wp-json\/wp\/v2\/media?parent=217833"}],"wp:term":[{"taxonomy":"product_brand","embeddable":true,"href":"https:\/\/wpguerssen-test.odoo.rgbconsulting.com\/es\/wp-json\/wp\/v2\/product_brand?post=217833"},{"taxonomy":"product_cat","embeddable":true,"href":"https:\/\/wpguerssen-test.odoo.rgbconsulting.com\/es\/wp-json\/wp\/v2\/product_cat?post=217833"},{"taxonomy":"product_tag","embeddable":true,"href":"https:\/\/wpguerssen-test.odoo.rgbconsulting.com\/es\/wp-json\/wp\/v2\/product_tag?post=217833"}],"curies":[{"name":"wp","href":"https:\/\/api.w.org\/{rel}","templated":true}]}}