{"id":217925,"date":"2025-03-27T00:00:00","date_gmt":"2025-03-26T23:00:00","guid":{"rendered":"https:\/\/wpguerssen-test.odoo.rgbconsulting.com\/product\/fede-speranza-carita-purple\/"},"modified":"2025-03-28T12:33:59","modified_gmt":"2025-03-28T11:33:59","slug":"fede-speranza-carita-purple","status":"publish","type":"product","link":"https:\/\/wpguerssen-test.odoo.rgbconsulting.com\/es\/producto\/fede-speranza-carita-purple\/","title":{"rendered":"Fede speranza carit\u00e1 (Purple)"},"content":{"rendered":"<p>J.E.T. es muy popular entre los coleccionistas de m\u00fasica italiana porque de sus cenizas surgi\u00f3 el grupo de pop comercial Matia Bazar, y tambi\u00e9n entre los coleccionistas progresivos por la rareza de sus LP. Jet (o J.E.T. como sol\u00eda escribirse su nombre) se formaron en G\u00e9nova a principios de los a\u00f1os 70 a partir de una banda anterior del mismo nombre que tambi\u00e9n inclu\u00eda miembros posteriores de otra banda pop, Ricchi e Poveri.<br \/>Su primer \u00e1lbum, \u00abFede speranza carit\u00e0\u00bb, lanzado en 1972, deriva de un giro radical en su estilo musical, hacia el entonces popular rock progresivo, y es un muy buen \u00e1lbum, con fuertes influencias de hard rock y voces de falsete pero con buen uso del \u00f3rgano y un s\u00f3lida secci\u00f3n r\u00edtmica, como en la larga \u00abSinfonia per un re\u00bb que a veces recuerda las partes multivocales de New Trolls y \u00abIl prete e il peccatore\u00bb.<br \/>En 1974 la banda a\u00f1adi\u00f3 una voz femenina (Antonella Ruggiero) y una nueva baterista (Giancarlo Golzi del Museo Rosenbach) cambiando de nombre a Matia Bazar e iniciando una largu\u00edsima y exitosa carrera que perdura hasta el d\u00eda de hoy.<\/p>\n","protected":false},"excerpt":{"rendered":"<p>J.E.T. es muy popular entre los coleccionistas de m\u00fasica italiana porque de sus cenizas surgi\u00f3 el grupo de pop comercial Matia Bazar, y tambi\u00e9n entre los coleccionistas<a class=\"read\" href=\"https:\/\/wpguerssen-test.odoo.rgbconsulting.com\/es\/producto\/fede-speranza-carita-purple\/\"> (...)<\/a>","protected":false},"featured_media":218484,"template":"","meta":{"_acf_changed":false},"product_brand":[],"product_cat":[23215],"product_tag":[29140,24185],"class_list":{"0":"post-217925","1":"product","2":"type-product","3":"status-publish","4":"has-post-thumbnail","6":"product_cat-progressive60s-70s-es","7":"product_tag-color-vinyl-es","8":"product_tag-de-nuevo-en-existencia","9":"pa_artist-j-e-t-es","10":"pa_format-lp-es","11":"pa_gender-progressive60s-70s","12":"pa_label-ams","13":"pa_location-europe-es","14":"pa_other-filters-vinyl-only-es","16":"first","17":"instock","18":"taxable","19":"shipping-taxable","20":"purchasable","21":"product-type-simple"},"acf":[],"yoast_head":"<!-- This site is optimized with the Yoast SEO plugin v24.9 - https:\/\/yoast.com\/wordpress\/plugins\/seo\/ -->\n<title>J.E.T. - Fede speranza carit\u00e1 (Purple) -  (LP) | Guerssen<\/title>\n<meta name=\"description\" content=\"J.E.T. is very popular among Italian music collectors because from their ashes came the commercial pop group Matia Bazar, and also among prog collectors because of their LP rarity. Jet (or J.E.T. as their name was usually written) were formed in Genova at the beginning of the 70&#039;s from a previous band of the same name that also included later members of another pop band, Ricchi e Poveri.Their first album, &quot;Fede speranza carit\u00e0&quot;, released in 1972, derives from a radical turn in their musical style, to the then popular progressive rock, and is a very good album, with strong hard rock influences and falsetto vocals but with nice use of organ and a solid rhythm section, as in the long &quot;Sinfonia per un re&quot; that sometimes reminds of New Trolls&#039; multivocal parts and &quot;Il prete e il peccatore&quot;.In 1974 the band added a female voice (Antonella Ruggiero) and a new drummer (Giancarlo Golzi from Museo Rosenbach) changing name to Matia Bazar and starting a very long and successful career that still lasts today.\" \/>\n<meta name=\"robots\" content=\"index, follow, max-snippet:-1, max-image-preview:large, max-video-preview:-1\" \/>\n<link rel=\"canonical\" href=\"https:\/\/wpguerssen-test.odoo.rgbconsulting.com\/es\/producto\/fede-speranza-carita-purple\/\" \/>\n<meta property=\"og:locale\" content=\"es_ES\" \/>\n<meta property=\"og:type\" content=\"article\" \/>\n<meta property=\"og:title\" content=\"J.E.T. - Fede speranza carit\u00e1 (Purple) -  (LP) | Guerssen\" \/>\n<meta property=\"og:description\" content=\"J.E.T. is very popular among Italian music collectors because from their ashes came the commercial pop group Matia Bazar, and also among prog collectors because of their LP rarity. Jet (or J.E.T. as their name was usually written) were formed in Genova at the beginning of the 70&#039;s from a previous band of the same name that also included later members of another pop band, Ricchi e Poveri.Their first album, &quot;Fede speranza carit\u00e0&quot;, released in 1972, derives from a radical turn in their musical style, to the then popular progressive rock, and is a very good album, with strong hard rock influences and falsetto vocals but with nice use of organ and a solid rhythm section, as in the long &quot;Sinfonia per un re&quot; that sometimes reminds of New Trolls&#039; multivocal parts and &quot;Il prete e il peccatore&quot;.In 1974 the band added a female voice (Antonella Ruggiero) and a new drummer (Giancarlo Golzi from Museo Rosenbach) changing name to Matia Bazar and starting a very long and successful career that still lasts today.\" \/>\n<meta property=\"og:url\" content=\"https:\/\/wpguerssen-test.odoo.rgbconsulting.com\/es\/producto\/fede-speranza-carita-purple\/\" \/>\n<meta property=\"og:site_name\" content=\"Guerssen records\" \/>\n<meta property=\"article:modified_time\" content=\"2025-03-28T11:33:59+00:00\" \/>\n<meta property=\"og:image\" content=\"https:\/\/wpguerssen-test.odoo.rgbconsulting.com\/wp-content\/uploads\/2022\/09\/41836.png\" \/>\n\t<meta property=\"og:image:width\" content=\"600\" \/>\n\t<meta property=\"og:image:height\" content=\"600\" \/>\n\t<meta property=\"og:image:type\" content=\"image\/png\" \/>\n<meta name=\"twitter:card\" content=\"summary_large_image\" \/>\n<meta name=\"twitter:title\" content=\"J.E.T. - Fede speranza carit\u00e1 (Purple) -  (LP) | Guerssen\" \/>\n<meta name=\"twitter:label1\" content=\"Tiempo de lectura\" \/>\n\t<meta name=\"twitter:data1\" content=\"1 minuto\" \/>\n<script type=\"application\/ld+json\" class=\"yoast-schema-graph\">{\"@context\":\"https:\/\/schema.org\",\"@graph\":[{\"@type\":\"WebPage\",\"@id\":\"https:\/\/wpguerssen-test.odoo.rgbconsulting.com\/es\/producto\/fede-speranza-carita-purple\/\",\"url\":\"https:\/\/wpguerssen-test.odoo.rgbconsulting.com\/es\/producto\/fede-speranza-carita-purple\/\",\"name\":\"J.E.T. - Fede speranza carit\u00e1 (Purple) - (LP) | Guerssen\",\"isPartOf\":{\"@id\":\"https:\/\/wpguerssen-test.odoo.rgbconsulting.com\/es\/#website\"},\"primaryImageOfPage\":{\"@id\":\"https:\/\/wpguerssen-test.odoo.rgbconsulting.com\/es\/producto\/fede-speranza-carita-purple\/#primaryimage\"},\"image\":{\"@id\":\"https:\/\/wpguerssen-test.odoo.rgbconsulting.com\/es\/producto\/fede-speranza-carita-purple\/#primaryimage\"},\"thumbnailUrl\":\"https:\/\/wpguerssen-test.odoo.rgbconsulting.com\/wp-content\/uploads\/2022\/09\/41836.png\",\"datePublished\":\"2025-03-26T23:00:00+00:00\",\"dateModified\":\"2025-03-28T11:33:59+00:00\",\"description\":\"J.E.T. is very popular among Italian music collectors because from their ashes came the commercial pop group Matia Bazar, and also among prog collectors because of their LP rarity. Jet (or J.E.T. as their name was usually written) were formed in Genova at the beginning of the 70's from a previous band of the same name that also included later members of another pop band, Ricchi e Poveri.Their first album, \\\"Fede speranza carit\u00e0\\\", released in 1972, derives from a radical turn in their musical style, to the then popular progressive rock, and is a very good album, with strong hard rock influences and falsetto vocals but with nice use of organ and a solid rhythm section, as in the long \\\"Sinfonia per un re\\\" that sometimes reminds of New Trolls' multivocal parts and \\\"Il prete e il peccatore\\\".In 1974 the band added a female voice (Antonella Ruggiero) and a new drummer (Giancarlo Golzi from Museo Rosenbach) changing name to Matia Bazar and starting a very long and successful career that still lasts today.\",\"breadcrumb\":{\"@id\":\"https:\/\/wpguerssen-test.odoo.rgbconsulting.com\/es\/producto\/fede-speranza-carita-purple\/#breadcrumb\"},\"inLanguage\":\"es\",\"potentialAction\":[{\"@type\":\"ReadAction\",\"target\":[\"https:\/\/wpguerssen-test.odoo.rgbconsulting.com\/es\/producto\/fede-speranza-carita-purple\/\"]}]},{\"@type\":\"ImageObject\",\"inLanguage\":\"es\",\"@id\":\"https:\/\/wpguerssen-test.odoo.rgbconsulting.com\/es\/producto\/fede-speranza-carita-purple\/#primaryimage\",\"url\":\"https:\/\/wpguerssen-test.odoo.rgbconsulting.com\/wp-content\/uploads\/2022\/09\/41836.png\",\"contentUrl\":\"https:\/\/wpguerssen-test.odoo.rgbconsulting.com\/wp-content\/uploads\/2022\/09\/41836.png\",\"width\":600,\"height\":600,\"caption\":\"J.E.T. - Fede speranza carit\u00e1 (Purple) - AMS (LP) | Guerssen\"},{\"@type\":\"BreadcrumbList\",\"@id\":\"https:\/\/wpguerssen-test.odoo.rgbconsulting.com\/es\/producto\/fede-speranza-carita-purple\/#breadcrumb\",\"itemListElement\":[{\"@type\":\"ListItem\",\"position\":1,\"name\":\"Inicio\",\"item\":\"https:\/\/wpguerssen-test.odoo.rgbconsulting.com\/es\/\"},{\"@type\":\"ListItem\",\"position\":2,\"name\":\"Shop\",\"item\":\"https:\/\/wpguerssen-test.odoo.rgbconsulting.com\/shop\/\"},{\"@type\":\"ListItem\",\"position\":3,\"name\":\"Fede speranza carit\u00e1 (Purple)\"}]},{\"@type\":\"WebSite\",\"@id\":\"https:\/\/wpguerssen-test.odoo.rgbconsulting.com\/es\/#website\",\"url\":\"https:\/\/wpguerssen-test.odoo.rgbconsulting.com\/es\/\",\"name\":\"Guerssen records\",\"description\":\"psychedelia - progressive - folk - garage \",\"publisher\":{\"@id\":\"https:\/\/wpguerssen-test.odoo.rgbconsulting.com\/es\/#organization\"},\"potentialAction\":[{\"@type\":\"SearchAction\",\"target\":{\"@type\":\"EntryPoint\",\"urlTemplate\":\"https:\/\/wpguerssen-test.odoo.rgbconsulting.com\/es\/?s={search_term_string}\"},\"query-input\":{\"@type\":\"PropertyValueSpecification\",\"valueRequired\":true,\"valueName\":\"search_term_string\"}}],\"inLanguage\":\"es\"},{\"@type\":\"Organization\",\"@id\":\"https:\/\/wpguerssen-test.odoo.rgbconsulting.com\/es\/#organization\",\"name\":\"Guerssen records\",\"url\":\"https:\/\/wpguerssen-test.odoo.rgbconsulting.com\/es\/\",\"logo\":{\"@type\":\"ImageObject\",\"inLanguage\":\"es\",\"@id\":\"https:\/\/wpguerssen-test.odoo.rgbconsulting.com\/es\/#\/schema\/logo\/image\/\",\"url\":\"https:\/\/wpguerssen-test.odoo.rgbconsulting.com\/wp-content\/uploads\/2022\/04\/Logo_Guerssen_trans_100.png\",\"contentUrl\":\"https:\/\/wpguerssen-test.odoo.rgbconsulting.com\/wp-content\/uploads\/2022\/04\/Logo_Guerssen_trans_100.png\",\"width\":122,\"height\":100,\"caption\":\"Guerssen records\"},\"image\":{\"@id\":\"https:\/\/wpguerssen-test.odoo.rgbconsulting.com\/es\/#\/schema\/logo\/image\/\"}}]}<\/script>\n<!-- \/ Yoast SEO plugin. -->","yoast_head_json":{"title":"J.E.T. - Fede speranza carit\u00e1 (Purple) -  (LP) | Guerssen","description":"J.E.T. is very popular among Italian music collectors because from their ashes came the commercial pop group Matia Bazar, and also among prog collectors because of their LP rarity. Jet (or J.E.T. as their name was usually written) were formed in Genova at the beginning of the 70's from a previous band of the same name that also included later members of another pop band, Ricchi e Poveri.Their first album, \"Fede speranza carit\u00e0\", released in 1972, derives from a radical turn in their musical style, to the then popular progressive rock, and is a very good album, with strong hard rock influences and falsetto vocals but with nice use of organ and a solid rhythm section, as in the long \"Sinfonia per un re\" that sometimes reminds of New Trolls' multivocal parts and \"Il prete e il peccatore\".In 1974 the band added a female voice (Antonella Ruggiero) and a new drummer (Giancarlo Golzi from Museo Rosenbach) changing name to Matia Bazar and starting a very long and successful career that still lasts today.","robots":{"index":"index","follow":"follow","max-snippet":"max-snippet:-1","max-image-preview":"max-image-preview:large","max-video-preview":"max-video-preview:-1"},"canonical":"https:\/\/wpguerssen-test.odoo.rgbconsulting.com\/es\/producto\/fede-speranza-carita-purple\/","og_locale":"es_ES","og_type":"article","og_title":"J.E.T. - Fede speranza carit\u00e1 (Purple) -  (LP) | Guerssen","og_description":"J.E.T. is very popular among Italian music collectors because from their ashes came the commercial pop group Matia Bazar, and also among prog collectors because of their LP rarity. Jet (or J.E.T. as their name was usually written) were formed in Genova at the beginning of the 70's from a previous band of the same name that also included later members of another pop band, Ricchi e Poveri.Their first album, \"Fede speranza carit\u00e0\", released in 1972, derives from a radical turn in their musical style, to the then popular progressive rock, and is a very good album, with strong hard rock influences and falsetto vocals but with nice use of organ and a solid rhythm section, as in the long \"Sinfonia per un re\" that sometimes reminds of New Trolls' multivocal parts and \"Il prete e il peccatore\".In 1974 the band added a female voice (Antonella Ruggiero) and a new drummer (Giancarlo Golzi from Museo Rosenbach) changing name to Matia Bazar and starting a very long and successful career that still lasts today.","og_url":"https:\/\/wpguerssen-test.odoo.rgbconsulting.com\/es\/producto\/fede-speranza-carita-purple\/","og_site_name":"Guerssen records","article_modified_time":"2025-03-28T11:33:59+00:00","og_image":[{"width":600,"height":600,"url":"https:\/\/wpguerssen-test.odoo.rgbconsulting.com\/wp-content\/uploads\/2022\/09\/41836.png","type":"image\/png"}],"twitter_card":"summary_large_image","twitter_title":"J.E.T. - Fede speranza carit\u00e1 (Purple) -  (LP) | Guerssen","twitter_misc":{"Tiempo de lectura":"1 minuto"},"schema":{"@context":"https:\/\/schema.org","@graph":[{"@type":"WebPage","@id":"https:\/\/wpguerssen-test.odoo.rgbconsulting.com\/es\/producto\/fede-speranza-carita-purple\/","url":"https:\/\/wpguerssen-test.odoo.rgbconsulting.com\/es\/producto\/fede-speranza-carita-purple\/","name":"J.E.T. - Fede speranza carit\u00e1 (Purple) - (LP) | Guerssen","isPartOf":{"@id":"https:\/\/wpguerssen-test.odoo.rgbconsulting.com\/es\/#website"},"primaryImageOfPage":{"@id":"https:\/\/wpguerssen-test.odoo.rgbconsulting.com\/es\/producto\/fede-speranza-carita-purple\/#primaryimage"},"image":{"@id":"https:\/\/wpguerssen-test.odoo.rgbconsulting.com\/es\/producto\/fede-speranza-carita-purple\/#primaryimage"},"thumbnailUrl":"https:\/\/wpguerssen-test.odoo.rgbconsulting.com\/wp-content\/uploads\/2022\/09\/41836.png","datePublished":"2025-03-26T23:00:00+00:00","dateModified":"2025-03-28T11:33:59+00:00","description":"J.E.T. is very popular among Italian music collectors because from their ashes came the commercial pop group Matia Bazar, and also among prog collectors because of their LP rarity. Jet (or J.E.T. as their name was usually written) were formed in Genova at the beginning of the 70's from a previous band of the same name that also included later members of another pop band, Ricchi e Poveri.Their first album, \"Fede speranza carit\u00e0\", released in 1972, derives from a radical turn in their musical style, to the then popular progressive rock, and is a very good album, with strong hard rock influences and falsetto vocals but with nice use of organ and a solid rhythm section, as in the long \"Sinfonia per un re\" that sometimes reminds of New Trolls' multivocal parts and \"Il prete e il peccatore\".In 1974 the band added a female voice (Antonella Ruggiero) and a new drummer (Giancarlo Golzi from Museo Rosenbach) changing name to Matia Bazar and starting a very long and successful career that still lasts today.","breadcrumb":{"@id":"https:\/\/wpguerssen-test.odoo.rgbconsulting.com\/es\/producto\/fede-speranza-carita-purple\/#breadcrumb"},"inLanguage":"es","potentialAction":[{"@type":"ReadAction","target":["https:\/\/wpguerssen-test.odoo.rgbconsulting.com\/es\/producto\/fede-speranza-carita-purple\/"]}]},{"@type":"ImageObject","inLanguage":"es","@id":"https:\/\/wpguerssen-test.odoo.rgbconsulting.com\/es\/producto\/fede-speranza-carita-purple\/#primaryimage","url":"https:\/\/wpguerssen-test.odoo.rgbconsulting.com\/wp-content\/uploads\/2022\/09\/41836.png","contentUrl":"https:\/\/wpguerssen-test.odoo.rgbconsulting.com\/wp-content\/uploads\/2022\/09\/41836.png","width":600,"height":600,"caption":"J.E.T. - Fede speranza carit\u00e1 (Purple) - AMS (LP) | Guerssen"},{"@type":"BreadcrumbList","@id":"https:\/\/wpguerssen-test.odoo.rgbconsulting.com\/es\/producto\/fede-speranza-carita-purple\/#breadcrumb","itemListElement":[{"@type":"ListItem","position":1,"name":"Inicio","item":"https:\/\/wpguerssen-test.odoo.rgbconsulting.com\/es\/"},{"@type":"ListItem","position":2,"name":"Shop","item":"https:\/\/wpguerssen-test.odoo.rgbconsulting.com\/shop\/"},{"@type":"ListItem","position":3,"name":"Fede speranza carit\u00e1 (Purple)"}]},{"@type":"WebSite","@id":"https:\/\/wpguerssen-test.odoo.rgbconsulting.com\/es\/#website","url":"https:\/\/wpguerssen-test.odoo.rgbconsulting.com\/es\/","name":"Guerssen records","description":"psychedelia - progressive - folk - garage ","publisher":{"@id":"https:\/\/wpguerssen-test.odoo.rgbconsulting.com\/es\/#organization"},"potentialAction":[{"@type":"SearchAction","target":{"@type":"EntryPoint","urlTemplate":"https:\/\/wpguerssen-test.odoo.rgbconsulting.com\/es\/?s={search_term_string}"},"query-input":{"@type":"PropertyValueSpecification","valueRequired":true,"valueName":"search_term_string"}}],"inLanguage":"es"},{"@type":"Organization","@id":"https:\/\/wpguerssen-test.odoo.rgbconsulting.com\/es\/#organization","name":"Guerssen records","url":"https:\/\/wpguerssen-test.odoo.rgbconsulting.com\/es\/","logo":{"@type":"ImageObject","inLanguage":"es","@id":"https:\/\/wpguerssen-test.odoo.rgbconsulting.com\/es\/#\/schema\/logo\/image\/","url":"https:\/\/wpguerssen-test.odoo.rgbconsulting.com\/wp-content\/uploads\/2022\/04\/Logo_Guerssen_trans_100.png","contentUrl":"https:\/\/wpguerssen-test.odoo.rgbconsulting.com\/wp-content\/uploads\/2022\/04\/Logo_Guerssen_trans_100.png","width":122,"height":100,"caption":"Guerssen records"},"image":{"@id":"https:\/\/wpguerssen-test.odoo.rgbconsulting.com\/es\/#\/schema\/logo\/image\/"}}]}},"_links":{"self":[{"href":"https:\/\/wpguerssen-test.odoo.rgbconsulting.com\/es\/wp-json\/wp\/v2\/product\/217925","targetHints":{"allow":["GET"]}}],"collection":[{"href":"https:\/\/wpguerssen-test.odoo.rgbconsulting.com\/es\/wp-json\/wp\/v2\/product"}],"about":[{"href":"https:\/\/wpguerssen-test.odoo.rgbconsulting.com\/es\/wp-json\/wp\/v2\/types\/product"}],"wp:featuredmedia":[{"embeddable":true,"href":"https:\/\/wpguerssen-test.odoo.rgbconsulting.com\/es\/wp-json\/wp\/v2\/media\/218484"}],"wp:attachment":[{"href":"https:\/\/wpguerssen-test.odoo.rgbconsulting.com\/es\/wp-json\/wp\/v2\/media?parent=217925"}],"wp:term":[{"taxonomy":"product_brand","embeddable":true,"href":"https:\/\/wpguerssen-test.odoo.rgbconsulting.com\/es\/wp-json\/wp\/v2\/product_brand?post=217925"},{"taxonomy":"product_cat","embeddable":true,"href":"https:\/\/wpguerssen-test.odoo.rgbconsulting.com\/es\/wp-json\/wp\/v2\/product_cat?post=217925"},{"taxonomy":"product_tag","embeddable":true,"href":"https:\/\/wpguerssen-test.odoo.rgbconsulting.com\/es\/wp-json\/wp\/v2\/product_tag?post=217925"}],"curies":[{"name":"wp","href":"https:\/\/api.w.org\/{rel}","templated":true}]}}