{"id":217927,"date":"2025-03-27T00:00:00","date_gmt":"2025-03-26T23:00:00","guid":{"rendered":"https:\/\/wpguerssen-test.odoo.rgbconsulting.com\/product\/landscape-of-life-green\/"},"modified":"2025-04-02T16:49:41","modified_gmt":"2025-04-02T14:49:41","slug":"landscape-of-life-green","status":"publish","type":"product","link":"https:\/\/wpguerssen-test.odoo.rgbconsulting.com\/es\/producto\/landscape-of-life-green\/","title":{"rendered":"Landscape of life (Green)"},"content":{"rendered":"<p>Alojado en una gran portada dise\u00f1ada por el baterista Massimo Guarino, con una pintura interior del cantante Lino Vairetti (algunos de los miembros de la banda proven\u00edan de la Academia de Artes de N\u00e1poles y tambi\u00e9n ten\u00edan una carrera art\u00edstica), el \u00e1lbum contiene buenas pistas.<br \/> La banda estaba tratando de tocar en el extranjero y el \u00e1lbum tambi\u00e9n estaba destinado a los mercados extranjeros, por lo que cinco de los siete temas est\u00e1n en ingl\u00e9s, pero debido a la separaci\u00f3n tuvo que terminarse con la ayuda de Corrado Rustici (el hermano menor de Danilo de Cervell\u00f3) y el baterista Enzo Vallicelli (entonces con Uno). Fielmente restaurado en la cubierta original de la portada desplegable.<\/p>\n","protected":false},"excerpt":{"rendered":"<p>Alojado en una gran portada dise\u00f1ada por el baterista Massimo Guarino, con una pintura interior del cantante Lino Vairetti (algunos de los miembros de la banda proven\u00edan<a class=\"read\" href=\"https:\/\/wpguerssen-test.odoo.rgbconsulting.com\/es\/producto\/landscape-of-life-green\/\"> (...)<\/a>","protected":false},"featured_media":218486,"template":"","meta":{"_acf_changed":false},"product_brand":[],"product_cat":[21639],"product_tag":[29140,24185],"class_list":{"0":"post-217927","1":"product","2":"type-product","3":"status-publish","4":"has-post-thumbnail","6":"product_cat-psychedelic60s-70s-es","7":"product_tag-color-vinyl-es","8":"product_tag-de-nuevo-en-existencia","9":"pa_artist-osanna-es","10":"pa_format-lp-es","11":"pa_gender-psychedelic60s-70s","12":"pa_label-vinyl-magic","13":"pa_location-europe-es","14":"pa_other-filters-vinyl-only-es","16":"first","17":"instock","18":"taxable","19":"shipping-taxable","20":"purchasable","21":"product-type-simple"},"acf":[],"yoast_head":"<!-- This site is optimized with the Yoast SEO plugin v24.9 - https:\/\/yoast.com\/wordpress\/plugins\/seo\/ -->\n<title>OSANNA - Landscape of life (Green) -  (LP) | Guerssen<\/title>\n<meta name=\"description\" content=\"Housed in a great cover designed by drummer Massimo Guarino, with an inner gatefold painting by singer Lino Vairetti (some of the band members came from the Naples Academy of Arts and also had an artistic career), the album contains nice tracks.The band was trying to play abroad and the album was also intended for the foreign markets, so five of the seven tracks are in English, but due to the split it had to be finished with the help of Corrado Rustici (Danilo&#039;s younger brother from Cervello) and drummer Enzo Vallicelli (then with Uno). Faithfully restored in the original gatefold sleeve cover.\" \/>\n<meta name=\"robots\" content=\"index, follow, max-snippet:-1, max-image-preview:large, max-video-preview:-1\" \/>\n<link rel=\"canonical\" href=\"https:\/\/wpguerssen-test.odoo.rgbconsulting.com\/es\/producto\/landscape-of-life-green\/\" \/>\n<meta property=\"og:locale\" content=\"es_ES\" \/>\n<meta property=\"og:type\" content=\"article\" \/>\n<meta property=\"og:title\" content=\"OSANNA - Landscape of life (Green) -  (LP) | Guerssen\" \/>\n<meta property=\"og:description\" content=\"Housed in a great cover designed by drummer Massimo Guarino, with an inner gatefold painting by singer Lino Vairetti (some of the band members came from the Naples Academy of Arts and also had an artistic career), the album contains nice tracks.The band was trying to play abroad and the album was also intended for the foreign markets, so five of the seven tracks are in English, but due to the split it had to be finished with the help of Corrado Rustici (Danilo&#039;s younger brother from Cervello) and drummer Enzo Vallicelli (then with Uno). Faithfully restored in the original gatefold sleeve cover.\" \/>\n<meta property=\"og:url\" content=\"https:\/\/wpguerssen-test.odoo.rgbconsulting.com\/es\/producto\/landscape-of-life-green\/\" \/>\n<meta property=\"og:site_name\" content=\"Guerssen records\" \/>\n<meta property=\"article:modified_time\" content=\"2025-04-02T14:49:41+00:00\" \/>\n<meta property=\"og:image\" content=\"https:\/\/wpguerssen-test.odoo.rgbconsulting.com\/wp-content\/uploads\/2022\/09\/41838.jpg\" \/>\n\t<meta property=\"og:image:width\" content=\"1500\" \/>\n\t<meta property=\"og:image:height\" content=\"1500\" \/>\n\t<meta property=\"og:image:type\" content=\"image\/jpeg\" \/>\n<meta name=\"twitter:card\" content=\"summary_large_image\" \/>\n<meta name=\"twitter:title\" content=\"OSANNA - Landscape of life (Green) -  (LP) | Guerssen\" \/>\n<meta name=\"twitter:label1\" content=\"Tiempo de lectura\" \/>\n\t<meta name=\"twitter:data1\" content=\"1 minuto\" \/>\n<script type=\"application\/ld+json\" class=\"yoast-schema-graph\">{\"@context\":\"https:\/\/schema.org\",\"@graph\":[{\"@type\":\"WebPage\",\"@id\":\"https:\/\/wpguerssen-test.odoo.rgbconsulting.com\/es\/producto\/landscape-of-life-green\/\",\"url\":\"https:\/\/wpguerssen-test.odoo.rgbconsulting.com\/es\/producto\/landscape-of-life-green\/\",\"name\":\"OSANNA - Landscape of life (Green) - (LP) | Guerssen\",\"isPartOf\":{\"@id\":\"https:\/\/wpguerssen-test.odoo.rgbconsulting.com\/es\/#website\"},\"primaryImageOfPage\":{\"@id\":\"https:\/\/wpguerssen-test.odoo.rgbconsulting.com\/es\/producto\/landscape-of-life-green\/#primaryimage\"},\"image\":{\"@id\":\"https:\/\/wpguerssen-test.odoo.rgbconsulting.com\/es\/producto\/landscape-of-life-green\/#primaryimage\"},\"thumbnailUrl\":\"https:\/\/wpguerssen-test.odoo.rgbconsulting.com\/wp-content\/uploads\/2022\/09\/41838.jpg\",\"datePublished\":\"2025-03-26T23:00:00+00:00\",\"dateModified\":\"2025-04-02T14:49:41+00:00\",\"description\":\"Housed in a great cover designed by drummer Massimo Guarino, with an inner gatefold painting by singer Lino Vairetti (some of the band members came from the Naples Academy of Arts and also had an artistic career), the album contains nice tracks.The band was trying to play abroad and the album was also intended for the foreign markets, so five of the seven tracks are in English, but due to the split it had to be finished with the help of Corrado Rustici (Danilo's younger brother from Cervello) and drummer Enzo Vallicelli (then with Uno). Faithfully restored in the original gatefold sleeve cover.\",\"breadcrumb\":{\"@id\":\"https:\/\/wpguerssen-test.odoo.rgbconsulting.com\/es\/producto\/landscape-of-life-green\/#breadcrumb\"},\"inLanguage\":\"es\",\"potentialAction\":[{\"@type\":\"ReadAction\",\"target\":[\"https:\/\/wpguerssen-test.odoo.rgbconsulting.com\/es\/producto\/landscape-of-life-green\/\"]}]},{\"@type\":\"ImageObject\",\"inLanguage\":\"es\",\"@id\":\"https:\/\/wpguerssen-test.odoo.rgbconsulting.com\/es\/producto\/landscape-of-life-green\/#primaryimage\",\"url\":\"https:\/\/wpguerssen-test.odoo.rgbconsulting.com\/wp-content\/uploads\/2022\/09\/41838.jpg\",\"contentUrl\":\"https:\/\/wpguerssen-test.odoo.rgbconsulting.com\/wp-content\/uploads\/2022\/09\/41838.jpg\",\"width\":1500,\"height\":1500},{\"@type\":\"BreadcrumbList\",\"@id\":\"https:\/\/wpguerssen-test.odoo.rgbconsulting.com\/es\/producto\/landscape-of-life-green\/#breadcrumb\",\"itemListElement\":[{\"@type\":\"ListItem\",\"position\":1,\"name\":\"Inicio\",\"item\":\"https:\/\/wpguerssen-test.odoo.rgbconsulting.com\/es\/\"},{\"@type\":\"ListItem\",\"position\":2,\"name\":\"Shop\",\"item\":\"https:\/\/wpguerssen-test.odoo.rgbconsulting.com\/shop\/\"},{\"@type\":\"ListItem\",\"position\":3,\"name\":\"Landscape of life (Green)\"}]},{\"@type\":\"WebSite\",\"@id\":\"https:\/\/wpguerssen-test.odoo.rgbconsulting.com\/es\/#website\",\"url\":\"https:\/\/wpguerssen-test.odoo.rgbconsulting.com\/es\/\",\"name\":\"Guerssen records\",\"description\":\"psychedelia - progressive - folk - garage \",\"publisher\":{\"@id\":\"https:\/\/wpguerssen-test.odoo.rgbconsulting.com\/es\/#organization\"},\"potentialAction\":[{\"@type\":\"SearchAction\",\"target\":{\"@type\":\"EntryPoint\",\"urlTemplate\":\"https:\/\/wpguerssen-test.odoo.rgbconsulting.com\/es\/?s={search_term_string}\"},\"query-input\":{\"@type\":\"PropertyValueSpecification\",\"valueRequired\":true,\"valueName\":\"search_term_string\"}}],\"inLanguage\":\"es\"},{\"@type\":\"Organization\",\"@id\":\"https:\/\/wpguerssen-test.odoo.rgbconsulting.com\/es\/#organization\",\"name\":\"Guerssen records\",\"url\":\"https:\/\/wpguerssen-test.odoo.rgbconsulting.com\/es\/\",\"logo\":{\"@type\":\"ImageObject\",\"inLanguage\":\"es\",\"@id\":\"https:\/\/wpguerssen-test.odoo.rgbconsulting.com\/es\/#\/schema\/logo\/image\/\",\"url\":\"https:\/\/wpguerssen-test.odoo.rgbconsulting.com\/wp-content\/uploads\/2022\/04\/Logo_Guerssen_trans_100.png\",\"contentUrl\":\"https:\/\/wpguerssen-test.odoo.rgbconsulting.com\/wp-content\/uploads\/2022\/04\/Logo_Guerssen_trans_100.png\",\"width\":122,\"height\":100,\"caption\":\"Guerssen records\"},\"image\":{\"@id\":\"https:\/\/wpguerssen-test.odoo.rgbconsulting.com\/es\/#\/schema\/logo\/image\/\"}}]}<\/script>\n<!-- \/ Yoast SEO plugin. -->","yoast_head_json":{"title":"OSANNA - Landscape of life (Green) -  (LP) | Guerssen","description":"Housed in a great cover designed by drummer Massimo Guarino, with an inner gatefold painting by singer Lino Vairetti (some of the band members came from the Naples Academy of Arts and also had an artistic career), the album contains nice tracks.The band was trying to play abroad and the album was also intended for the foreign markets, so five of the seven tracks are in English, but due to the split it had to be finished with the help of Corrado Rustici (Danilo's younger brother from Cervello) and drummer Enzo Vallicelli (then with Uno). Faithfully restored in the original gatefold sleeve cover.","robots":{"index":"index","follow":"follow","max-snippet":"max-snippet:-1","max-image-preview":"max-image-preview:large","max-video-preview":"max-video-preview:-1"},"canonical":"https:\/\/wpguerssen-test.odoo.rgbconsulting.com\/es\/producto\/landscape-of-life-green\/","og_locale":"es_ES","og_type":"article","og_title":"OSANNA - Landscape of life (Green) -  (LP) | Guerssen","og_description":"Housed in a great cover designed by drummer Massimo Guarino, with an inner gatefold painting by singer Lino Vairetti (some of the band members came from the Naples Academy of Arts and also had an artistic career), the album contains nice tracks.The band was trying to play abroad and the album was also intended for the foreign markets, so five of the seven tracks are in English, but due to the split it had to be finished with the help of Corrado Rustici (Danilo's younger brother from Cervello) and drummer Enzo Vallicelli (then with Uno). Faithfully restored in the original gatefold sleeve cover.","og_url":"https:\/\/wpguerssen-test.odoo.rgbconsulting.com\/es\/producto\/landscape-of-life-green\/","og_site_name":"Guerssen records","article_modified_time":"2025-04-02T14:49:41+00:00","og_image":[{"width":1500,"height":1500,"url":"https:\/\/wpguerssen-test.odoo.rgbconsulting.com\/wp-content\/uploads\/2022\/09\/41838.jpg","type":"image\/jpeg"}],"twitter_card":"summary_large_image","twitter_title":"OSANNA - Landscape of life (Green) -  (LP) | Guerssen","twitter_misc":{"Tiempo de lectura":"1 minuto"},"schema":{"@context":"https:\/\/schema.org","@graph":[{"@type":"WebPage","@id":"https:\/\/wpguerssen-test.odoo.rgbconsulting.com\/es\/producto\/landscape-of-life-green\/","url":"https:\/\/wpguerssen-test.odoo.rgbconsulting.com\/es\/producto\/landscape-of-life-green\/","name":"OSANNA - Landscape of life (Green) - (LP) | Guerssen","isPartOf":{"@id":"https:\/\/wpguerssen-test.odoo.rgbconsulting.com\/es\/#website"},"primaryImageOfPage":{"@id":"https:\/\/wpguerssen-test.odoo.rgbconsulting.com\/es\/producto\/landscape-of-life-green\/#primaryimage"},"image":{"@id":"https:\/\/wpguerssen-test.odoo.rgbconsulting.com\/es\/producto\/landscape-of-life-green\/#primaryimage"},"thumbnailUrl":"https:\/\/wpguerssen-test.odoo.rgbconsulting.com\/wp-content\/uploads\/2022\/09\/41838.jpg","datePublished":"2025-03-26T23:00:00+00:00","dateModified":"2025-04-02T14:49:41+00:00","description":"Housed in a great cover designed by drummer Massimo Guarino, with an inner gatefold painting by singer Lino Vairetti (some of the band members came from the Naples Academy of Arts and also had an artistic career), the album contains nice tracks.The band was trying to play abroad and the album was also intended for the foreign markets, so five of the seven tracks are in English, but due to the split it had to be finished with the help of Corrado Rustici (Danilo's younger brother from Cervello) and drummer Enzo Vallicelli (then with Uno). Faithfully restored in the original gatefold sleeve cover.","breadcrumb":{"@id":"https:\/\/wpguerssen-test.odoo.rgbconsulting.com\/es\/producto\/landscape-of-life-green\/#breadcrumb"},"inLanguage":"es","potentialAction":[{"@type":"ReadAction","target":["https:\/\/wpguerssen-test.odoo.rgbconsulting.com\/es\/producto\/landscape-of-life-green\/"]}]},{"@type":"ImageObject","inLanguage":"es","@id":"https:\/\/wpguerssen-test.odoo.rgbconsulting.com\/es\/producto\/landscape-of-life-green\/#primaryimage","url":"https:\/\/wpguerssen-test.odoo.rgbconsulting.com\/wp-content\/uploads\/2022\/09\/41838.jpg","contentUrl":"https:\/\/wpguerssen-test.odoo.rgbconsulting.com\/wp-content\/uploads\/2022\/09\/41838.jpg","width":1500,"height":1500},{"@type":"BreadcrumbList","@id":"https:\/\/wpguerssen-test.odoo.rgbconsulting.com\/es\/producto\/landscape-of-life-green\/#breadcrumb","itemListElement":[{"@type":"ListItem","position":1,"name":"Inicio","item":"https:\/\/wpguerssen-test.odoo.rgbconsulting.com\/es\/"},{"@type":"ListItem","position":2,"name":"Shop","item":"https:\/\/wpguerssen-test.odoo.rgbconsulting.com\/shop\/"},{"@type":"ListItem","position":3,"name":"Landscape of life (Green)"}]},{"@type":"WebSite","@id":"https:\/\/wpguerssen-test.odoo.rgbconsulting.com\/es\/#website","url":"https:\/\/wpguerssen-test.odoo.rgbconsulting.com\/es\/","name":"Guerssen records","description":"psychedelia - progressive - folk - garage ","publisher":{"@id":"https:\/\/wpguerssen-test.odoo.rgbconsulting.com\/es\/#organization"},"potentialAction":[{"@type":"SearchAction","target":{"@type":"EntryPoint","urlTemplate":"https:\/\/wpguerssen-test.odoo.rgbconsulting.com\/es\/?s={search_term_string}"},"query-input":{"@type":"PropertyValueSpecification","valueRequired":true,"valueName":"search_term_string"}}],"inLanguage":"es"},{"@type":"Organization","@id":"https:\/\/wpguerssen-test.odoo.rgbconsulting.com\/es\/#organization","name":"Guerssen records","url":"https:\/\/wpguerssen-test.odoo.rgbconsulting.com\/es\/","logo":{"@type":"ImageObject","inLanguage":"es","@id":"https:\/\/wpguerssen-test.odoo.rgbconsulting.com\/es\/#\/schema\/logo\/image\/","url":"https:\/\/wpguerssen-test.odoo.rgbconsulting.com\/wp-content\/uploads\/2022\/04\/Logo_Guerssen_trans_100.png","contentUrl":"https:\/\/wpguerssen-test.odoo.rgbconsulting.com\/wp-content\/uploads\/2022\/04\/Logo_Guerssen_trans_100.png","width":122,"height":100,"caption":"Guerssen records"},"image":{"@id":"https:\/\/wpguerssen-test.odoo.rgbconsulting.com\/es\/#\/schema\/logo\/image\/"}}]}},"_links":{"self":[{"href":"https:\/\/wpguerssen-test.odoo.rgbconsulting.com\/es\/wp-json\/wp\/v2\/product\/217927","targetHints":{"allow":["GET"]}}],"collection":[{"href":"https:\/\/wpguerssen-test.odoo.rgbconsulting.com\/es\/wp-json\/wp\/v2\/product"}],"about":[{"href":"https:\/\/wpguerssen-test.odoo.rgbconsulting.com\/es\/wp-json\/wp\/v2\/types\/product"}],"wp:featuredmedia":[{"embeddable":true,"href":"https:\/\/wpguerssen-test.odoo.rgbconsulting.com\/es\/wp-json\/wp\/v2\/media\/218486"}],"wp:attachment":[{"href":"https:\/\/wpguerssen-test.odoo.rgbconsulting.com\/es\/wp-json\/wp\/v2\/media?parent=217927"}],"wp:term":[{"taxonomy":"product_brand","embeddable":true,"href":"https:\/\/wpguerssen-test.odoo.rgbconsulting.com\/es\/wp-json\/wp\/v2\/product_brand?post=217927"},{"taxonomy":"product_cat","embeddable":true,"href":"https:\/\/wpguerssen-test.odoo.rgbconsulting.com\/es\/wp-json\/wp\/v2\/product_cat?post=217927"},{"taxonomy":"product_tag","embeddable":true,"href":"https:\/\/wpguerssen-test.odoo.rgbconsulting.com\/es\/wp-json\/wp\/v2\/product_tag?post=217927"}],"curies":[{"name":"wp","href":"https:\/\/api.w.org\/{rel}","templated":true}]}}