{"id":217929,"date":"2025-02-19T00:00:00","date_gmt":"2025-02-18T23:00:00","guid":{"rendered":"https:\/\/wpguerssen-test.odoo.rgbconsulting.com\/product\/per-un-mondo-di-cristallo-transparent\/"},"modified":"2025-04-23T17:22:36","modified_gmt":"2025-04-23T15:22:36","slug":"per-un-mondo-di-cristallo-transparent","status":"publish","type":"product","link":"https:\/\/wpguerssen-test.odoo.rgbconsulting.com\/es\/producto\/per-un-mondo-di-cristallo-transparent\/","title":{"rendered":"Per un mondo di cristallo (Transparent)"},"content":{"rendered":"<p>Raccomandata Ricevuta Ritorno es uno de los muchos meteoritos de la edad de oro del rock progresivo italiano, esa d\u00e9cada de los 70 que dio origen a muchos discos que a\u00fan hoy son reconocidos como obras maestras del g\u00e9nero. Una vez que se lanz\u00f3 el \u00e1lbum debut en 1972, RRR se separ\u00f3 poco despu\u00e9s, dej\u00e1ndonos un lanzamiento hermoso y solitario grabado por la formaci\u00f3n original de 6 piezas (RRR est\u00e1 activo nuevamente desde 2010, gracias a la iniciativa principal del cantante Luciano Regoli).<br \/>\u00bb Per&#8230; un mondo di cristallo\u00bb es un \u00e1lbum conceptual, que habla de un astronauta que regresa a la Tierra despu\u00e9s de varios a\u00f1os de exploraci\u00f3n espacial, encontrando el planeta devastado por una guerra nuclear. Adem\u00e1s de todos los ingredientes progresistas italianos cl\u00e1sicos, las pistas del disco muestran matices de jazz y la voz expresiva y \u00fanica de Regoli  y nos hacen lamentar la separaci\u00f3n prematura de una banda excepcional.<\/p>\n","protected":false},"excerpt":{"rendered":"<p>Raccomandata Ricevuta Ritorno es uno de los muchos meteoritos de la edad de oro del rock progresivo italiano, esa d\u00e9cada de los 70 que dio origen a muchos discos<a class=\"read\" href=\"https:\/\/wpguerssen-test.odoo.rgbconsulting.com\/es\/producto\/per-un-mondo-di-cristallo-transparent\/\"> (...)<\/a>","protected":false},"featured_media":218488,"template":"","meta":{"_acf_changed":false},"product_brand":[],"product_cat":[23215],"product_tag":[29140],"class_list":{"0":"post-217929","1":"product","2":"type-product","3":"status-publish","4":"has-post-thumbnail","6":"product_cat-progressive60s-70s-es","7":"product_tag-color-vinyl-es","8":"pa_artist-raccomandata-con-ricevuta-di-ritorno-es","9":"pa_format-lp-es","10":"pa_gender-progressive60s-70s","11":"pa_label-vinyl-magic","12":"pa_location-europe-es","13":"pa_other-filters-vinyl-only-es","15":"first","16":"instock","17":"taxable","18":"shipping-taxable","19":"purchasable","20":"product-type-simple"},"acf":[],"yoast_head":"<!-- This site is optimized with the Yoast SEO plugin v24.9 - https:\/\/yoast.com\/wordpress\/plugins\/seo\/ -->\n<title>RACCOMANDATA CON RICEVUTA DI RITORNO - Per un mondo di cristallo (Transparent) -  (LP) | Guerssen<\/title>\n<meta name=\"description\" content=\"Raccomandata Ricevuta Ritorno is one of the many meteors of the golden age of Italian progressive rock, that early &#039;70s that gave birth to many records still recognized today as masterpieces of the genre. Once the debut album was released in 1972, RRR broke up shortly thereafter, leaving us a lonely beautiful release recorded by the original 6-piece lineup (RRR is active again since 2010, thanks to singer Luciano Regoli&#039;s main initiative).&quot;Per... un mondo di cristallo&quot; is a concept album, which tells of an astronaut returned to Earth after several years of space exploration, finding the planet devastated by a nuclear war. In addition to all the classic Italian prog ingredients, the tracks on the disc showcase jazz shades and the expressive and unique Regoli&#039;s voice, and make us regret the premature split of an exceptional band.\" \/>\n<meta name=\"robots\" content=\"index, follow, max-snippet:-1, max-image-preview:large, max-video-preview:-1\" \/>\n<link rel=\"canonical\" href=\"https:\/\/wpguerssen-test.odoo.rgbconsulting.com\/es\/producto\/per-un-mondo-di-cristallo-transparent\/\" \/>\n<meta property=\"og:locale\" content=\"es_ES\" \/>\n<meta property=\"og:type\" content=\"article\" \/>\n<meta property=\"og:title\" content=\"RACCOMANDATA CON RICEVUTA DI RITORNO - Per un mondo di cristallo (Transparent) -  (LP) | Guerssen\" \/>\n<meta property=\"og:description\" content=\"Raccomandata Ricevuta Ritorno is one of the many meteors of the golden age of Italian progressive rock, that early &#039;70s that gave birth to many records still recognized today as masterpieces of the genre. Once the debut album was released in 1972, RRR broke up shortly thereafter, leaving us a lonely beautiful release recorded by the original 6-piece lineup (RRR is active again since 2010, thanks to singer Luciano Regoli&#039;s main initiative).&quot;Per... un mondo di cristallo&quot; is a concept album, which tells of an astronaut returned to Earth after several years of space exploration, finding the planet devastated by a nuclear war. In addition to all the classic Italian prog ingredients, the tracks on the disc showcase jazz shades and the expressive and unique Regoli&#039;s voice, and make us regret the premature split of an exceptional band.\" \/>\n<meta property=\"og:url\" content=\"https:\/\/wpguerssen-test.odoo.rgbconsulting.com\/es\/producto\/per-un-mondo-di-cristallo-transparent\/\" \/>\n<meta property=\"og:site_name\" content=\"Guerssen records\" \/>\n<meta property=\"article:modified_time\" content=\"2025-04-23T15:22:36+00:00\" \/>\n<meta property=\"og:image\" content=\"https:\/\/wpguerssen-test.odoo.rgbconsulting.com\/wp-content\/uploads\/2022\/09\/41840.png\" \/>\n\t<meta property=\"og:image:width\" content=\"600\" \/>\n\t<meta property=\"og:image:height\" content=\"600\" \/>\n\t<meta property=\"og:image:type\" content=\"image\/png\" \/>\n<meta name=\"twitter:card\" content=\"summary_large_image\" \/>\n<meta name=\"twitter:title\" content=\"RACCOMANDATA CON RICEVUTA DI RITORNO - Per un mondo di cristallo (Transparent) -  (LP) | Guerssen\" \/>\n<meta name=\"twitter:label1\" content=\"Tiempo de lectura\" \/>\n\t<meta name=\"twitter:data1\" content=\"1 minuto\" \/>\n<script type=\"application\/ld+json\" class=\"yoast-schema-graph\">{\"@context\":\"https:\/\/schema.org\",\"@graph\":[{\"@type\":\"WebPage\",\"@id\":\"https:\/\/wpguerssen-test.odoo.rgbconsulting.com\/es\/producto\/per-un-mondo-di-cristallo-transparent\/\",\"url\":\"https:\/\/wpguerssen-test.odoo.rgbconsulting.com\/es\/producto\/per-un-mondo-di-cristallo-transparent\/\",\"name\":\"RACCOMANDATA CON RICEVUTA DI RITORNO - Per un mondo di cristallo (Transparent) - (LP) | Guerssen\",\"isPartOf\":{\"@id\":\"https:\/\/wpguerssen-test.odoo.rgbconsulting.com\/es\/#website\"},\"primaryImageOfPage\":{\"@id\":\"https:\/\/wpguerssen-test.odoo.rgbconsulting.com\/es\/producto\/per-un-mondo-di-cristallo-transparent\/#primaryimage\"},\"image\":{\"@id\":\"https:\/\/wpguerssen-test.odoo.rgbconsulting.com\/es\/producto\/per-un-mondo-di-cristallo-transparent\/#primaryimage\"},\"thumbnailUrl\":\"https:\/\/wpguerssen-test.odoo.rgbconsulting.com\/wp-content\/uploads\/2022\/09\/41840.png\",\"datePublished\":\"2025-02-18T23:00:00+00:00\",\"dateModified\":\"2025-04-23T15:22:36+00:00\",\"description\":\"Raccomandata Ricevuta Ritorno is one of the many meteors of the golden age of Italian progressive rock, that early '70s that gave birth to many records still recognized today as masterpieces of the genre. Once the debut album was released in 1972, RRR broke up shortly thereafter, leaving us a lonely beautiful release recorded by the original 6-piece lineup (RRR is active again since 2010, thanks to singer Luciano Regoli's main initiative).\\\"Per... un mondo di cristallo\\\" is a concept album, which tells of an astronaut returned to Earth after several years of space exploration, finding the planet devastated by a nuclear war. In addition to all the classic Italian prog ingredients, the tracks on the disc showcase jazz shades and the expressive and unique Regoli's voice, and make us regret the premature split of an exceptional band.\",\"breadcrumb\":{\"@id\":\"https:\/\/wpguerssen-test.odoo.rgbconsulting.com\/es\/producto\/per-un-mondo-di-cristallo-transparent\/#breadcrumb\"},\"inLanguage\":\"es\",\"potentialAction\":[{\"@type\":\"ReadAction\",\"target\":[\"https:\/\/wpguerssen-test.odoo.rgbconsulting.com\/es\/producto\/per-un-mondo-di-cristallo-transparent\/\"]}]},{\"@type\":\"ImageObject\",\"inLanguage\":\"es\",\"@id\":\"https:\/\/wpguerssen-test.odoo.rgbconsulting.com\/es\/producto\/per-un-mondo-di-cristallo-transparent\/#primaryimage\",\"url\":\"https:\/\/wpguerssen-test.odoo.rgbconsulting.com\/wp-content\/uploads\/2022\/09\/41840.png\",\"contentUrl\":\"https:\/\/wpguerssen-test.odoo.rgbconsulting.com\/wp-content\/uploads\/2022\/09\/41840.png\",\"width\":600,\"height\":600,\"caption\":\"RACCOMANDATA CON RICEVUTA DI RITORNO - Per un mondo di cristallo (Transparent) - VINYL MAGIC (LP) | Guerssen\"},{\"@type\":\"BreadcrumbList\",\"@id\":\"https:\/\/wpguerssen-test.odoo.rgbconsulting.com\/es\/producto\/per-un-mondo-di-cristallo-transparent\/#breadcrumb\",\"itemListElement\":[{\"@type\":\"ListItem\",\"position\":1,\"name\":\"Inicio\",\"item\":\"https:\/\/wpguerssen-test.odoo.rgbconsulting.com\/es\/\"},{\"@type\":\"ListItem\",\"position\":2,\"name\":\"Shop\",\"item\":\"https:\/\/wpguerssen-test.odoo.rgbconsulting.com\/shop\/\"},{\"@type\":\"ListItem\",\"position\":3,\"name\":\"Per un mondo di cristallo (Transparent)\"}]},{\"@type\":\"WebSite\",\"@id\":\"https:\/\/wpguerssen-test.odoo.rgbconsulting.com\/es\/#website\",\"url\":\"https:\/\/wpguerssen-test.odoo.rgbconsulting.com\/es\/\",\"name\":\"Guerssen records\",\"description\":\"psychedelia - progressive - folk - garage \",\"publisher\":{\"@id\":\"https:\/\/wpguerssen-test.odoo.rgbconsulting.com\/es\/#organization\"},\"potentialAction\":[{\"@type\":\"SearchAction\",\"target\":{\"@type\":\"EntryPoint\",\"urlTemplate\":\"https:\/\/wpguerssen-test.odoo.rgbconsulting.com\/es\/?s={search_term_string}\"},\"query-input\":{\"@type\":\"PropertyValueSpecification\",\"valueRequired\":true,\"valueName\":\"search_term_string\"}}],\"inLanguage\":\"es\"},{\"@type\":\"Organization\",\"@id\":\"https:\/\/wpguerssen-test.odoo.rgbconsulting.com\/es\/#organization\",\"name\":\"Guerssen records\",\"url\":\"https:\/\/wpguerssen-test.odoo.rgbconsulting.com\/es\/\",\"logo\":{\"@type\":\"ImageObject\",\"inLanguage\":\"es\",\"@id\":\"https:\/\/wpguerssen-test.odoo.rgbconsulting.com\/es\/#\/schema\/logo\/image\/\",\"url\":\"https:\/\/wpguerssen-test.odoo.rgbconsulting.com\/wp-content\/uploads\/2022\/04\/Logo_Guerssen_trans_100.png\",\"contentUrl\":\"https:\/\/wpguerssen-test.odoo.rgbconsulting.com\/wp-content\/uploads\/2022\/04\/Logo_Guerssen_trans_100.png\",\"width\":122,\"height\":100,\"caption\":\"Guerssen records\"},\"image\":{\"@id\":\"https:\/\/wpguerssen-test.odoo.rgbconsulting.com\/es\/#\/schema\/logo\/image\/\"}}]}<\/script>\n<!-- \/ Yoast SEO plugin. -->","yoast_head_json":{"title":"RACCOMANDATA CON RICEVUTA DI RITORNO - Per un mondo di cristallo (Transparent) -  (LP) | Guerssen","description":"Raccomandata Ricevuta Ritorno is one of the many meteors of the golden age of Italian progressive rock, that early '70s that gave birth to many records still recognized today as masterpieces of the genre. Once the debut album was released in 1972, RRR broke up shortly thereafter, leaving us a lonely beautiful release recorded by the original 6-piece lineup (RRR is active again since 2010, thanks to singer Luciano Regoli's main initiative).\"Per... un mondo di cristallo\" is a concept album, which tells of an astronaut returned to Earth after several years of space exploration, finding the planet devastated by a nuclear war. In addition to all the classic Italian prog ingredients, the tracks on the disc showcase jazz shades and the expressive and unique Regoli's voice, and make us regret the premature split of an exceptional band.","robots":{"index":"index","follow":"follow","max-snippet":"max-snippet:-1","max-image-preview":"max-image-preview:large","max-video-preview":"max-video-preview:-1"},"canonical":"https:\/\/wpguerssen-test.odoo.rgbconsulting.com\/es\/producto\/per-un-mondo-di-cristallo-transparent\/","og_locale":"es_ES","og_type":"article","og_title":"RACCOMANDATA CON RICEVUTA DI RITORNO - Per un mondo di cristallo (Transparent) -  (LP) | Guerssen","og_description":"Raccomandata Ricevuta Ritorno is one of the many meteors of the golden age of Italian progressive rock, that early '70s that gave birth to many records still recognized today as masterpieces of the genre. Once the debut album was released in 1972, RRR broke up shortly thereafter, leaving us a lonely beautiful release recorded by the original 6-piece lineup (RRR is active again since 2010, thanks to singer Luciano Regoli's main initiative).\"Per... un mondo di cristallo\" is a concept album, which tells of an astronaut returned to Earth after several years of space exploration, finding the planet devastated by a nuclear war. In addition to all the classic Italian prog ingredients, the tracks on the disc showcase jazz shades and the expressive and unique Regoli's voice, and make us regret the premature split of an exceptional band.","og_url":"https:\/\/wpguerssen-test.odoo.rgbconsulting.com\/es\/producto\/per-un-mondo-di-cristallo-transparent\/","og_site_name":"Guerssen records","article_modified_time":"2025-04-23T15:22:36+00:00","og_image":[{"width":600,"height":600,"url":"https:\/\/wpguerssen-test.odoo.rgbconsulting.com\/wp-content\/uploads\/2022\/09\/41840.png","type":"image\/png"}],"twitter_card":"summary_large_image","twitter_title":"RACCOMANDATA CON RICEVUTA DI RITORNO - Per un mondo di cristallo (Transparent) -  (LP) | Guerssen","twitter_misc":{"Tiempo de lectura":"1 minuto"},"schema":{"@context":"https:\/\/schema.org","@graph":[{"@type":"WebPage","@id":"https:\/\/wpguerssen-test.odoo.rgbconsulting.com\/es\/producto\/per-un-mondo-di-cristallo-transparent\/","url":"https:\/\/wpguerssen-test.odoo.rgbconsulting.com\/es\/producto\/per-un-mondo-di-cristallo-transparent\/","name":"RACCOMANDATA CON RICEVUTA DI RITORNO - Per un mondo di cristallo (Transparent) - (LP) | Guerssen","isPartOf":{"@id":"https:\/\/wpguerssen-test.odoo.rgbconsulting.com\/es\/#website"},"primaryImageOfPage":{"@id":"https:\/\/wpguerssen-test.odoo.rgbconsulting.com\/es\/producto\/per-un-mondo-di-cristallo-transparent\/#primaryimage"},"image":{"@id":"https:\/\/wpguerssen-test.odoo.rgbconsulting.com\/es\/producto\/per-un-mondo-di-cristallo-transparent\/#primaryimage"},"thumbnailUrl":"https:\/\/wpguerssen-test.odoo.rgbconsulting.com\/wp-content\/uploads\/2022\/09\/41840.png","datePublished":"2025-02-18T23:00:00+00:00","dateModified":"2025-04-23T15:22:36+00:00","description":"Raccomandata Ricevuta Ritorno is one of the many meteors of the golden age of Italian progressive rock, that early '70s that gave birth to many records still recognized today as masterpieces of the genre. Once the debut album was released in 1972, RRR broke up shortly thereafter, leaving us a lonely beautiful release recorded by the original 6-piece lineup (RRR is active again since 2010, thanks to singer Luciano Regoli's main initiative).\"Per... un mondo di cristallo\" is a concept album, which tells of an astronaut returned to Earth after several years of space exploration, finding the planet devastated by a nuclear war. In addition to all the classic Italian prog ingredients, the tracks on the disc showcase jazz shades and the expressive and unique Regoli's voice, and make us regret the premature split of an exceptional band.","breadcrumb":{"@id":"https:\/\/wpguerssen-test.odoo.rgbconsulting.com\/es\/producto\/per-un-mondo-di-cristallo-transparent\/#breadcrumb"},"inLanguage":"es","potentialAction":[{"@type":"ReadAction","target":["https:\/\/wpguerssen-test.odoo.rgbconsulting.com\/es\/producto\/per-un-mondo-di-cristallo-transparent\/"]}]},{"@type":"ImageObject","inLanguage":"es","@id":"https:\/\/wpguerssen-test.odoo.rgbconsulting.com\/es\/producto\/per-un-mondo-di-cristallo-transparent\/#primaryimage","url":"https:\/\/wpguerssen-test.odoo.rgbconsulting.com\/wp-content\/uploads\/2022\/09\/41840.png","contentUrl":"https:\/\/wpguerssen-test.odoo.rgbconsulting.com\/wp-content\/uploads\/2022\/09\/41840.png","width":600,"height":600,"caption":"RACCOMANDATA CON RICEVUTA DI RITORNO - Per un mondo di cristallo (Transparent) - VINYL MAGIC (LP) | Guerssen"},{"@type":"BreadcrumbList","@id":"https:\/\/wpguerssen-test.odoo.rgbconsulting.com\/es\/producto\/per-un-mondo-di-cristallo-transparent\/#breadcrumb","itemListElement":[{"@type":"ListItem","position":1,"name":"Inicio","item":"https:\/\/wpguerssen-test.odoo.rgbconsulting.com\/es\/"},{"@type":"ListItem","position":2,"name":"Shop","item":"https:\/\/wpguerssen-test.odoo.rgbconsulting.com\/shop\/"},{"@type":"ListItem","position":3,"name":"Per un mondo di cristallo (Transparent)"}]},{"@type":"WebSite","@id":"https:\/\/wpguerssen-test.odoo.rgbconsulting.com\/es\/#website","url":"https:\/\/wpguerssen-test.odoo.rgbconsulting.com\/es\/","name":"Guerssen records","description":"psychedelia - progressive - folk - garage ","publisher":{"@id":"https:\/\/wpguerssen-test.odoo.rgbconsulting.com\/es\/#organization"},"potentialAction":[{"@type":"SearchAction","target":{"@type":"EntryPoint","urlTemplate":"https:\/\/wpguerssen-test.odoo.rgbconsulting.com\/es\/?s={search_term_string}"},"query-input":{"@type":"PropertyValueSpecification","valueRequired":true,"valueName":"search_term_string"}}],"inLanguage":"es"},{"@type":"Organization","@id":"https:\/\/wpguerssen-test.odoo.rgbconsulting.com\/es\/#organization","name":"Guerssen records","url":"https:\/\/wpguerssen-test.odoo.rgbconsulting.com\/es\/","logo":{"@type":"ImageObject","inLanguage":"es","@id":"https:\/\/wpguerssen-test.odoo.rgbconsulting.com\/es\/#\/schema\/logo\/image\/","url":"https:\/\/wpguerssen-test.odoo.rgbconsulting.com\/wp-content\/uploads\/2022\/04\/Logo_Guerssen_trans_100.png","contentUrl":"https:\/\/wpguerssen-test.odoo.rgbconsulting.com\/wp-content\/uploads\/2022\/04\/Logo_Guerssen_trans_100.png","width":122,"height":100,"caption":"Guerssen records"},"image":{"@id":"https:\/\/wpguerssen-test.odoo.rgbconsulting.com\/es\/#\/schema\/logo\/image\/"}}]}},"_links":{"self":[{"href":"https:\/\/wpguerssen-test.odoo.rgbconsulting.com\/es\/wp-json\/wp\/v2\/product\/217929","targetHints":{"allow":["GET"]}}],"collection":[{"href":"https:\/\/wpguerssen-test.odoo.rgbconsulting.com\/es\/wp-json\/wp\/v2\/product"}],"about":[{"href":"https:\/\/wpguerssen-test.odoo.rgbconsulting.com\/es\/wp-json\/wp\/v2\/types\/product"}],"wp:featuredmedia":[{"embeddable":true,"href":"https:\/\/wpguerssen-test.odoo.rgbconsulting.com\/es\/wp-json\/wp\/v2\/media\/218488"}],"wp:attachment":[{"href":"https:\/\/wpguerssen-test.odoo.rgbconsulting.com\/es\/wp-json\/wp\/v2\/media?parent=217929"}],"wp:term":[{"taxonomy":"product_brand","embeddable":true,"href":"https:\/\/wpguerssen-test.odoo.rgbconsulting.com\/es\/wp-json\/wp\/v2\/product_brand?post=217929"},{"taxonomy":"product_cat","embeddable":true,"href":"https:\/\/wpguerssen-test.odoo.rgbconsulting.com\/es\/wp-json\/wp\/v2\/product_cat?post=217929"},{"taxonomy":"product_tag","embeddable":true,"href":"https:\/\/wpguerssen-test.odoo.rgbconsulting.com\/es\/wp-json\/wp\/v2\/product_tag?post=217929"}],"curies":[{"name":"wp","href":"https:\/\/api.w.org\/{rel}","templated":true}]}}