{"id":217936,"date":"2022-10-05T00:00:00","date_gmt":"2022-10-04T22:00:00","guid":{"rendered":"https:\/\/wpguerssen-test.odoo.rgbconsulting.com\/product\/music-on-canvas-selected-library-music-works-19\/"},"modified":"2024-10-01T18:49:10","modified_gmt":"2024-10-01T16:49:10","slug":"music-on-canvas-selected-library-music-works-19","status":"publish","type":"product","link":"https:\/\/wpguerssen-test.odoo.rgbconsulting.com\/es\/producto\/music-on-canvas-selected-library-music-works-19\/","title":{"rendered":"Music On Canvas &#8211; Selected Library Music Works (19"},"content":{"rendered":"<p>Aunque todav\u00eda desconocido para muchos hoy en d\u00eda, Enzo Minuti (1927-2000), tambi\u00e9n conocido como Ezy Minus, dej\u00f3 su huella \u00fanica en el caleidosc\u00f3pico mundo de la m\u00fasica de biblioteca italiana. Minuti, una de las figuras m\u00e1s vers\u00e1tiles, habilidosas y aut\u00e9nticas de la escena musical bolo\u00f1esa de mediados a finales del siglo XX, fue multiinstrumentista, compositor, productor musical y director de estudios de grabaci\u00f3n, adem\u00e1s de pintor, grabador y artista gr\u00e1fico. Dedic\u00f3 su vida a la m\u00fasica (especialmente al jazz, un g\u00e9nero que ha gozado de una larga tradici\u00f3n en la ciudad de Bolonia), tanto que incluso su arte visual se inspir\u00f3 en la m\u00fasica.<\/p>\n","protected":false},"excerpt":{"rendered":"<p>Aunque todav\u00eda desconocido para muchos hoy en d\u00eda, Enzo Minuti (1927-2000), tambi\u00e9n conocido como Ezy Minus, dej\u00f3 su huella \u00fanica en el caleidosc\u00f3pico mundo<a class=\"read\" href=\"https:\/\/wpguerssen-test.odoo.rgbconsulting.com\/es\/producto\/music-on-canvas-selected-library-music-works-19\/\"> (...)<\/a>","protected":false},"featured_media":219048,"template":"","meta":{"_acf_changed":false},"product_brand":[],"product_cat":[23228,23232],"product_tag":[],"class_list":{"0":"post-217936","1":"product","2":"type-product","3":"status-publish","4":"has-post-thumbnail","6":"product_cat-jazz-funk-es","7":"product_cat-library-music-lounge-es","8":"pa_artist-ezy-minus","9":"pa_format-lp-es","10":"pa_gender-library-music-lounge-jazz-funk","11":"pa_label-four-flies","12":"pa_location-europe-es","13":"pa_other-filters-vinyl-only-es","15":"first","16":"instock","17":"taxable","18":"shipping-taxable","19":"purchasable","20":"product-type-simple"},"acf":[],"yoast_head":"<!-- This site is optimized with the Yoast SEO plugin v24.9 - https:\/\/yoast.com\/wordpress\/plugins\/seo\/ -->\n<title>EZY MINUS - Music On Canvas - Selected Library Music Works (19 -  (LP) | Guerssen<\/title>\n<meta name=\"description\" content=\"While still unknown to many today, Enzo Minuti (1927-2000), aka Ezy Minus, left his unique mark on the kaleidoscopic world of Italian library music. One of the most versatile, skilled and authentic figures in the Bolognese music scene of the mid- to late 20th century, Minuti was a multi-instrumentalist, composer, music producer and recording studio manager, as well as a painter, etcher and graphic artist. He devoted his life to music (especially jazz, a genre that has enjoyed a long tradition in the city of Bologna), so much so that even his visual art was inspired by music.\" \/>\n<meta name=\"robots\" content=\"index, follow, max-snippet:-1, max-image-preview:large, max-video-preview:-1\" \/>\n<link rel=\"canonical\" href=\"https:\/\/wpguerssen-test.odoo.rgbconsulting.com\/es\/producto\/music-on-canvas-selected-library-music-works-19\/\" \/>\n<meta property=\"og:locale\" content=\"es_ES\" \/>\n<meta property=\"og:type\" content=\"article\" \/>\n<meta property=\"og:title\" content=\"EZY MINUS - Music On Canvas - Selected Library Music Works (19 -  (LP) | Guerssen\" \/>\n<meta property=\"og:description\" content=\"While still unknown to many today, Enzo Minuti (1927-2000), aka Ezy Minus, left his unique mark on the kaleidoscopic world of Italian library music. One of the most versatile, skilled and authentic figures in the Bolognese music scene of the mid- to late 20th century, Minuti was a multi-instrumentalist, composer, music producer and recording studio manager, as well as a painter, etcher and graphic artist. He devoted his life to music (especially jazz, a genre that has enjoyed a long tradition in the city of Bologna), so much so that even his visual art was inspired by music.\" \/>\n<meta property=\"og:url\" content=\"https:\/\/wpguerssen-test.odoo.rgbconsulting.com\/es\/producto\/music-on-canvas-selected-library-music-works-19\/\" \/>\n<meta property=\"og:site_name\" content=\"Guerssen records\" \/>\n<meta property=\"article:modified_time\" content=\"2024-10-01T16:49:10+00:00\" \/>\n<meta property=\"og:image\" content=\"https:\/\/wpguerssen-test.odoo.rgbconsulting.com\/wp-content\/uploads\/2022\/10\/41848-scaled.jpg\" \/>\n\t<meta property=\"og:image:width\" content=\"2560\" \/>\n\t<meta property=\"og:image:height\" content=\"2560\" \/>\n\t<meta property=\"og:image:type\" content=\"image\/jpeg\" \/>\n<meta name=\"twitter:card\" content=\"summary_large_image\" \/>\n<meta name=\"twitter:title\" content=\"EZY MINUS - Music On Canvas - Selected Library Music Works (19 -  (LP) | Guerssen\" \/>\n<meta name=\"twitter:label1\" content=\"Tiempo de lectura\" \/>\n\t<meta name=\"twitter:data1\" content=\"1 minuto\" \/>\n<script type=\"application\/ld+json\" class=\"yoast-schema-graph\">{\"@context\":\"https:\/\/schema.org\",\"@graph\":[{\"@type\":\"WebPage\",\"@id\":\"https:\/\/wpguerssen-test.odoo.rgbconsulting.com\/es\/producto\/music-on-canvas-selected-library-music-works-19\/\",\"url\":\"https:\/\/wpguerssen-test.odoo.rgbconsulting.com\/es\/producto\/music-on-canvas-selected-library-music-works-19\/\",\"name\":\"EZY MINUS - Music On Canvas - Selected Library Music Works (19 - (LP) | Guerssen\",\"isPartOf\":{\"@id\":\"https:\/\/wpguerssen-test.odoo.rgbconsulting.com\/es\/#website\"},\"primaryImageOfPage\":{\"@id\":\"https:\/\/wpguerssen-test.odoo.rgbconsulting.com\/es\/producto\/music-on-canvas-selected-library-music-works-19\/#primaryimage\"},\"image\":{\"@id\":\"https:\/\/wpguerssen-test.odoo.rgbconsulting.com\/es\/producto\/music-on-canvas-selected-library-music-works-19\/#primaryimage\"},\"thumbnailUrl\":\"https:\/\/wpguerssen-test.odoo.rgbconsulting.com\/wp-content\/uploads\/2022\/10\/41848-scaled.jpg\",\"datePublished\":\"2022-10-04T22:00:00+00:00\",\"dateModified\":\"2024-10-01T16:49:10+00:00\",\"description\":\"While still unknown to many today, Enzo Minuti (1927-2000), aka Ezy Minus, left his unique mark on the kaleidoscopic world of Italian library music. One of the most versatile, skilled and authentic figures in the Bolognese music scene of the mid- to late 20th century, Minuti was a multi-instrumentalist, composer, music producer and recording studio manager, as well as a painter, etcher and graphic artist. He devoted his life to music (especially jazz, a genre that has enjoyed a long tradition in the city of Bologna), so much so that even his visual art was inspired by music.\",\"breadcrumb\":{\"@id\":\"https:\/\/wpguerssen-test.odoo.rgbconsulting.com\/es\/producto\/music-on-canvas-selected-library-music-works-19\/#breadcrumb\"},\"inLanguage\":\"es\",\"potentialAction\":[{\"@type\":\"ReadAction\",\"target\":[\"https:\/\/wpguerssen-test.odoo.rgbconsulting.com\/es\/producto\/music-on-canvas-selected-library-music-works-19\/\"]}]},{\"@type\":\"ImageObject\",\"inLanguage\":\"es\",\"@id\":\"https:\/\/wpguerssen-test.odoo.rgbconsulting.com\/es\/producto\/music-on-canvas-selected-library-music-works-19\/#primaryimage\",\"url\":\"https:\/\/wpguerssen-test.odoo.rgbconsulting.com\/wp-content\/uploads\/2022\/10\/41848-scaled.jpg\",\"contentUrl\":\"https:\/\/wpguerssen-test.odoo.rgbconsulting.com\/wp-content\/uploads\/2022\/10\/41848-scaled.jpg\",\"width\":2560,\"height\":2560},{\"@type\":\"BreadcrumbList\",\"@id\":\"https:\/\/wpguerssen-test.odoo.rgbconsulting.com\/es\/producto\/music-on-canvas-selected-library-music-works-19\/#breadcrumb\",\"itemListElement\":[{\"@type\":\"ListItem\",\"position\":1,\"name\":\"Inicio\",\"item\":\"https:\/\/wpguerssen-test.odoo.rgbconsulting.com\/es\/\"},{\"@type\":\"ListItem\",\"position\":2,\"name\":\"Shop\",\"item\":\"https:\/\/wpguerssen-test.odoo.rgbconsulting.com\/shop\/\"},{\"@type\":\"ListItem\",\"position\":3,\"name\":\"Music On Canvas &#8211; Selected Library Music Works (19\"}]},{\"@type\":\"WebSite\",\"@id\":\"https:\/\/wpguerssen-test.odoo.rgbconsulting.com\/es\/#website\",\"url\":\"https:\/\/wpguerssen-test.odoo.rgbconsulting.com\/es\/\",\"name\":\"Guerssen records\",\"description\":\"psychedelia - progressive - folk - garage \",\"publisher\":{\"@id\":\"https:\/\/wpguerssen-test.odoo.rgbconsulting.com\/es\/#organization\"},\"potentialAction\":[{\"@type\":\"SearchAction\",\"target\":{\"@type\":\"EntryPoint\",\"urlTemplate\":\"https:\/\/wpguerssen-test.odoo.rgbconsulting.com\/es\/?s={search_term_string}\"},\"query-input\":{\"@type\":\"PropertyValueSpecification\",\"valueRequired\":true,\"valueName\":\"search_term_string\"}}],\"inLanguage\":\"es\"},{\"@type\":\"Organization\",\"@id\":\"https:\/\/wpguerssen-test.odoo.rgbconsulting.com\/es\/#organization\",\"name\":\"Guerssen records\",\"url\":\"https:\/\/wpguerssen-test.odoo.rgbconsulting.com\/es\/\",\"logo\":{\"@type\":\"ImageObject\",\"inLanguage\":\"es\",\"@id\":\"https:\/\/wpguerssen-test.odoo.rgbconsulting.com\/es\/#\/schema\/logo\/image\/\",\"url\":\"https:\/\/wpguerssen-test.odoo.rgbconsulting.com\/wp-content\/uploads\/2022\/04\/Logo_Guerssen_trans_100.png\",\"contentUrl\":\"https:\/\/wpguerssen-test.odoo.rgbconsulting.com\/wp-content\/uploads\/2022\/04\/Logo_Guerssen_trans_100.png\",\"width\":122,\"height\":100,\"caption\":\"Guerssen records\"},\"image\":{\"@id\":\"https:\/\/wpguerssen-test.odoo.rgbconsulting.com\/es\/#\/schema\/logo\/image\/\"}}]}<\/script>\n<!-- \/ Yoast SEO plugin. -->","yoast_head_json":{"title":"EZY MINUS - Music On Canvas - Selected Library Music Works (19 -  (LP) | Guerssen","description":"While still unknown to many today, Enzo Minuti (1927-2000), aka Ezy Minus, left his unique mark on the kaleidoscopic world of Italian library music. One of the most versatile, skilled and authentic figures in the Bolognese music scene of the mid- to late 20th century, Minuti was a multi-instrumentalist, composer, music producer and recording studio manager, as well as a painter, etcher and graphic artist. He devoted his life to music (especially jazz, a genre that has enjoyed a long tradition in the city of Bologna), so much so that even his visual art was inspired by music.","robots":{"index":"index","follow":"follow","max-snippet":"max-snippet:-1","max-image-preview":"max-image-preview:large","max-video-preview":"max-video-preview:-1"},"canonical":"https:\/\/wpguerssen-test.odoo.rgbconsulting.com\/es\/producto\/music-on-canvas-selected-library-music-works-19\/","og_locale":"es_ES","og_type":"article","og_title":"EZY MINUS - Music On Canvas - Selected Library Music Works (19 -  (LP) | Guerssen","og_description":"While still unknown to many today, Enzo Minuti (1927-2000), aka Ezy Minus, left his unique mark on the kaleidoscopic world of Italian library music. One of the most versatile, skilled and authentic figures in the Bolognese music scene of the mid- to late 20th century, Minuti was a multi-instrumentalist, composer, music producer and recording studio manager, as well as a painter, etcher and graphic artist. He devoted his life to music (especially jazz, a genre that has enjoyed a long tradition in the city of Bologna), so much so that even his visual art was inspired by music.","og_url":"https:\/\/wpguerssen-test.odoo.rgbconsulting.com\/es\/producto\/music-on-canvas-selected-library-music-works-19\/","og_site_name":"Guerssen records","article_modified_time":"2024-10-01T16:49:10+00:00","og_image":[{"width":2560,"height":2560,"url":"https:\/\/wpguerssen-test.odoo.rgbconsulting.com\/wp-content\/uploads\/2022\/10\/41848-scaled.jpg","type":"image\/jpeg"}],"twitter_card":"summary_large_image","twitter_title":"EZY MINUS - Music On Canvas - Selected Library Music Works (19 -  (LP) | Guerssen","twitter_misc":{"Tiempo de lectura":"1 minuto"},"schema":{"@context":"https:\/\/schema.org","@graph":[{"@type":"WebPage","@id":"https:\/\/wpguerssen-test.odoo.rgbconsulting.com\/es\/producto\/music-on-canvas-selected-library-music-works-19\/","url":"https:\/\/wpguerssen-test.odoo.rgbconsulting.com\/es\/producto\/music-on-canvas-selected-library-music-works-19\/","name":"EZY MINUS - Music On Canvas - Selected Library Music Works (19 - (LP) | Guerssen","isPartOf":{"@id":"https:\/\/wpguerssen-test.odoo.rgbconsulting.com\/es\/#website"},"primaryImageOfPage":{"@id":"https:\/\/wpguerssen-test.odoo.rgbconsulting.com\/es\/producto\/music-on-canvas-selected-library-music-works-19\/#primaryimage"},"image":{"@id":"https:\/\/wpguerssen-test.odoo.rgbconsulting.com\/es\/producto\/music-on-canvas-selected-library-music-works-19\/#primaryimage"},"thumbnailUrl":"https:\/\/wpguerssen-test.odoo.rgbconsulting.com\/wp-content\/uploads\/2022\/10\/41848-scaled.jpg","datePublished":"2022-10-04T22:00:00+00:00","dateModified":"2024-10-01T16:49:10+00:00","description":"While still unknown to many today, Enzo Minuti (1927-2000), aka Ezy Minus, left his unique mark on the kaleidoscopic world of Italian library music. One of the most versatile, skilled and authentic figures in the Bolognese music scene of the mid- to late 20th century, Minuti was a multi-instrumentalist, composer, music producer and recording studio manager, as well as a painter, etcher and graphic artist. He devoted his life to music (especially jazz, a genre that has enjoyed a long tradition in the city of Bologna), so much so that even his visual art was inspired by music.","breadcrumb":{"@id":"https:\/\/wpguerssen-test.odoo.rgbconsulting.com\/es\/producto\/music-on-canvas-selected-library-music-works-19\/#breadcrumb"},"inLanguage":"es","potentialAction":[{"@type":"ReadAction","target":["https:\/\/wpguerssen-test.odoo.rgbconsulting.com\/es\/producto\/music-on-canvas-selected-library-music-works-19\/"]}]},{"@type":"ImageObject","inLanguage":"es","@id":"https:\/\/wpguerssen-test.odoo.rgbconsulting.com\/es\/producto\/music-on-canvas-selected-library-music-works-19\/#primaryimage","url":"https:\/\/wpguerssen-test.odoo.rgbconsulting.com\/wp-content\/uploads\/2022\/10\/41848-scaled.jpg","contentUrl":"https:\/\/wpguerssen-test.odoo.rgbconsulting.com\/wp-content\/uploads\/2022\/10\/41848-scaled.jpg","width":2560,"height":2560},{"@type":"BreadcrumbList","@id":"https:\/\/wpguerssen-test.odoo.rgbconsulting.com\/es\/producto\/music-on-canvas-selected-library-music-works-19\/#breadcrumb","itemListElement":[{"@type":"ListItem","position":1,"name":"Inicio","item":"https:\/\/wpguerssen-test.odoo.rgbconsulting.com\/es\/"},{"@type":"ListItem","position":2,"name":"Shop","item":"https:\/\/wpguerssen-test.odoo.rgbconsulting.com\/shop\/"},{"@type":"ListItem","position":3,"name":"Music On Canvas &#8211; Selected Library Music Works (19"}]},{"@type":"WebSite","@id":"https:\/\/wpguerssen-test.odoo.rgbconsulting.com\/es\/#website","url":"https:\/\/wpguerssen-test.odoo.rgbconsulting.com\/es\/","name":"Guerssen records","description":"psychedelia - progressive - folk - garage ","publisher":{"@id":"https:\/\/wpguerssen-test.odoo.rgbconsulting.com\/es\/#organization"},"potentialAction":[{"@type":"SearchAction","target":{"@type":"EntryPoint","urlTemplate":"https:\/\/wpguerssen-test.odoo.rgbconsulting.com\/es\/?s={search_term_string}"},"query-input":{"@type":"PropertyValueSpecification","valueRequired":true,"valueName":"search_term_string"}}],"inLanguage":"es"},{"@type":"Organization","@id":"https:\/\/wpguerssen-test.odoo.rgbconsulting.com\/es\/#organization","name":"Guerssen records","url":"https:\/\/wpguerssen-test.odoo.rgbconsulting.com\/es\/","logo":{"@type":"ImageObject","inLanguage":"es","@id":"https:\/\/wpguerssen-test.odoo.rgbconsulting.com\/es\/#\/schema\/logo\/image\/","url":"https:\/\/wpguerssen-test.odoo.rgbconsulting.com\/wp-content\/uploads\/2022\/04\/Logo_Guerssen_trans_100.png","contentUrl":"https:\/\/wpguerssen-test.odoo.rgbconsulting.com\/wp-content\/uploads\/2022\/04\/Logo_Guerssen_trans_100.png","width":122,"height":100,"caption":"Guerssen records"},"image":{"@id":"https:\/\/wpguerssen-test.odoo.rgbconsulting.com\/es\/#\/schema\/logo\/image\/"}}]}},"_links":{"self":[{"href":"https:\/\/wpguerssen-test.odoo.rgbconsulting.com\/es\/wp-json\/wp\/v2\/product\/217936","targetHints":{"allow":["GET"]}}],"collection":[{"href":"https:\/\/wpguerssen-test.odoo.rgbconsulting.com\/es\/wp-json\/wp\/v2\/product"}],"about":[{"href":"https:\/\/wpguerssen-test.odoo.rgbconsulting.com\/es\/wp-json\/wp\/v2\/types\/product"}],"wp:featuredmedia":[{"embeddable":true,"href":"https:\/\/wpguerssen-test.odoo.rgbconsulting.com\/es\/wp-json\/wp\/v2\/media\/219048"}],"wp:attachment":[{"href":"https:\/\/wpguerssen-test.odoo.rgbconsulting.com\/es\/wp-json\/wp\/v2\/media?parent=217936"}],"wp:term":[{"taxonomy":"product_brand","embeddable":true,"href":"https:\/\/wpguerssen-test.odoo.rgbconsulting.com\/es\/wp-json\/wp\/v2\/product_brand?post=217936"},{"taxonomy":"product_cat","embeddable":true,"href":"https:\/\/wpguerssen-test.odoo.rgbconsulting.com\/es\/wp-json\/wp\/v2\/product_cat?post=217936"},{"taxonomy":"product_tag","embeddable":true,"href":"https:\/\/wpguerssen-test.odoo.rgbconsulting.com\/es\/wp-json\/wp\/v2\/product_tag?post=217936"}],"curies":[{"name":"wp","href":"https:\/\/api.w.org\/{rel}","templated":true}]}}